{"id":146,"date":"2022-06-23T11:47:57","date_gmt":"2022-06-23T10:47:57","guid":{"rendered":"http:\/\/nosesso.net\/siti-di-incontri-di-sesso-occasionale-gratuiti\/"},"modified":"2022-06-23T11:47:57","modified_gmt":"2022-06-23T10:47:57","slug":"siti-di-incontri-di-sesso-occasionale-gratuiti","status":"publish","type":"page","link":"http:\/\/nosesso.net\/it\/siti-di-incontri-di-sesso-occasionale-gratuiti\/","title":{"rendered":"Siti di incontri di sesso occasionale gratuiti"},"content":{"rendered":"<p>OkCupid ti consente di <a href=\"http:\/\/nosesso.net\/it\/siti-di-collegamento-gratuiti\/\">sfogliare i profili dei membri<\/a> e inviare messaggi alle parti interessate. Offre anche funzionalit\u00e0 come chat dal vivo, chat video e chat di gruppo. Infine, PlentyOfFish ti d\u00e0 la possibilit\u00e0 di sfogliare migliaia di profili contemporaneamente. Puoi quindi ordinarli per et\u00e0, sesso, interessi e altro ancora.<\/p>\n<p>Tinder \u00e8 un altro ottimo posto per trovare appuntamenti casuali. \u00c8 <a href=\"http:\/\/nosesso.net\/it\/tipi-di-siti-di-collegamento\/\">un&#8217;app mobile<\/a> che collega i single in base ai loro interessi reciproci. Una volta scaricata l&#8217;app, puoi scorrere verso sinistra o destra per visualizzare i profili. Successivamente, puoi inviare messaggi alle parti interessate e organizzare un incontro nella vita reale.<\/p>\n<p>Mentre alcuni di questi siti sono in circolazione da anni, altri sono relativamente nuovi. Se non hai familiarit\u00e0 con nessuno di questi siti, potresti voler consultare la nostra guida ai 10 migliori siti di incontri online. Abbiamo incluso informazioni sulle funzionalit\u00e0, i costi e i problemi di sicurezza di ogni sito.<\/p>\n<p><img loading=\"lazy\" class=\"aligncenter wp-image-52\" src=\"http:\/\/nosesso.net\/wp-content\/uploads\/2022\/06\/online-sex-chat-1024x682.jpeg\" alt=\"\" width=\"675\" height=\"449\" srcset=\"http:\/\/nosesso.net\/wp-content\/uploads\/2022\/06\/online-sex-chat-1024x682.jpeg 1024w, http:\/\/nosesso.net\/wp-content\/uploads\/2022\/06\/online-sex-chat-300x200.jpeg 300w, http:\/\/nosesso.net\/wp-content\/uploads\/2022\/06\/online-sex-chat-768x511.jpeg 768w, http:\/\/nosesso.net\/wp-content\/uploads\/2022\/06\/online-sex-chat-1536x1022.jpeg 1536w, http:\/\/nosesso.net\/wp-content\/uploads\/2022\/06\/online-sex-chat.jpeg 1600w\" sizes=\"(max-width: 675px) 100vw, 675px\" \/><\/p>\n<h2>Come chattare online<\/h2>\n<p>Una volta trovate alcune buone opzioni, iscriviti a una di esse. Quindi, inizia a sfogliare i profili e inviare messaggi alle parti interessate. Quando trovi qualcuno che ti piace, chiediglielo via SMS o e-mail. Se accettano, puoi pianificare un appuntamento e andare al tuo primo appuntamento insieme!<\/p>\n<p>I collegamenti locali stanno diventando sempre pi\u00f9 popolari tra i single che vogliono incontrare qualcuno nelle vicinanze. \u00c8 facile impostare un profilo su siti come Craigslist, PlentyOfFish e OkCupid, dove puoi sfogliare migliaia di membri locali in pochi minuti.<\/p>\n<p>\u00c8 importante ricordare che questi tipi di siti di incontri online non sono solo per incontri casuali. Sono progettati per connettere persone che condividono interessi e valori simili. Quindi, se stai cercando una relazione seria, potresti voler provare un diverso tipo di sito.<\/p>\n<p>Ad esempio, Match.com ha una sezione chiamata Singles Near Me che ti consente di filtrare le tue corrispondenze in base alla posizione. Lo stesso vale per eHarmony, Zoosk e altri siti.<\/p>\n<h2>I nostri consigli su come provare le chat room<\/h2>\n<p>Le chat room per adulti sono un ottimo posto per incontrare altri single che condividono interessi simili. Esistono molti tipi diversi di chat room per adulti, tra cui chat room video, chat room con webcam e chat room di testo. Le chat room sono un modo divertente per connettersi con gli altri e saperne di pi\u00f9 su di te.<\/p>\n<p>Ci sono diversi vantaggi nel chattare online. Ad esempio, puoi parlare con qualcuno da qualsiasi parte del mondo e puoi farlo senza dover pagare nulla. Inoltre, puoi scegliere se comunicare tramite audio o video e puoi impostare le tue preferenze.<\/p>\n<p>Una delle parti migliori delle chat room per adulti \u00e8 che puoi incontrare persone provenienti da tutto il mondo. Non importa se sei interessato a incontrare persone di un altro paese o semplicemente vuoi incontrare persone nelle vicinanze. Le chat room per adulti ti consentono di interagire con persone di tutti i ceti sociali.<\/p>\n","protected":false},"excerpt":{"rendered":"<p>OkCupid ti consente di sfogliare i profili dei membri e inviare messaggi alle parti interessate. Offre anche funzionalit\u00e0 come chat dal vivo, chat video e chat di gruppo. Infine, PlentyOfFish ti d\u00e0 la possibilit\u00e0 di sfogliare migliaia di profili contemporaneamente. Puoi quindi ordinarli per et\u00e0, sesso, interessi e altro ancora. Tinder \u00e8 un altro ottimo &#8230; <a title=\"Siti di incontri di sesso occasionale gratuiti\" class=\"read-more\" href=\"http:\/\/nosesso.net\/it\/siti-di-incontri-di-sesso-occasionale-gratuiti\/\" aria-label=\"Leggi di pi\u00f9 su Siti di incontri di sesso occasionale gratuiti\">Leggi tutto<\/a><\/p>\n","protected":false},"author":1,"featured_media":0,"parent":0,"menu_order":0,"comment_status":"closed","ping_status":"closed","template":"","meta":[],"yoast_head":"<!-- This site is optimized with the Yoast SEO plugin v17.7.1 - https:\/\/yoast.com\/wordpress\/plugins\/seo\/ -->\n<title>Siti di incontri di sesso occasionale gratuiti - No Sesso<\/title>\n<meta name=\"robots\" content=\"index, follow, max-snippet:-1, max-image-preview:large, max-video-preview:-1\" \/>\n<link rel=\"canonical\" href=\"http:\/\/nosesso.net\/it\/siti-di-incontri-di-sesso-occasionale-gratuiti\/\" \/>\n<meta property=\"og:locale\" content=\"it_IT\" \/>\n<meta property=\"og:type\" content=\"article\" \/>\n<meta property=\"og:title\" content=\"Siti di incontri di sesso occasionale gratuiti - No Sesso\" \/>\n<meta property=\"og:description\" content=\"OkCupid ti consente di sfogliare i profili dei membri e inviare messaggi alle parti interessate. Offre anche funzionalit\u00e0 come chat dal vivo, chat video e chat di gruppo. Infine, PlentyOfFish ti d\u00e0 la possibilit\u00e0 di sfogliare migliaia di profili contemporaneamente. Puoi quindi ordinarli per et\u00e0, sesso, interessi e altro ancora. Tinder \u00e8 un altro ottimo ... Leggi tutto\" \/>\n<meta property=\"og:url\" content=\"http:\/\/nosesso.net\/it\/siti-di-incontri-di-sesso-occasionale-gratuiti\/\" \/>\n<meta property=\"og:site_name\" content=\"No Sesso\" \/>\n<meta property=\"og:image\" content=\"http:\/\/nosesso.net\/wp-content\/uploads\/2022\/06\/online-sex-chat-1024x682.jpeg\" \/>\n<meta name=\"twitter:card\" content=\"summary_large_image\" \/>\n<meta name=\"twitter:label1\" content=\"Tempo di lettura stimato\" \/>\n\t<meta name=\"twitter:data1\" content=\"2 minuti\" \/>\n<script type=\"application\/ld+json\" class=\"yoast-schema-graph\">{\"@context\":\"https:\/\/schema.org\",\"@graph\":[{\"@type\":\"WebSite\",\"@id\":\"https:\/\/nosesso.net\/#website\",\"url\":\"https:\/\/nosesso.net\/\",\"name\":\"No Sesso\",\"description\":\"Real Dating Reviews\",\"potentialAction\":[{\"@type\":\"SearchAction\",\"target\":{\"@type\":\"EntryPoint\",\"urlTemplate\":\"https:\/\/nosesso.net\/?s={search_term_string}\"},\"query-input\":\"required name=search_term_string\"}],\"inLanguage\":\"it-IT\"},{\"@type\":\"ImageObject\",\"@id\":\"http:\/\/nosesso.net\/it\/siti-di-incontri-di-sesso-occasionale-gratuiti\/#primaryimage\",\"inLanguage\":\"it-IT\",\"url\":\"http:\/\/nosesso.net\/wp-content\/uploads\/2022\/06\/online-sex-chat.jpeg\",\"contentUrl\":\"http:\/\/nosesso.net\/wp-content\/uploads\/2022\/06\/online-sex-chat.jpeg\",\"width\":1600,\"height\":1065},{\"@type\":\"WebPage\",\"@id\":\"http:\/\/nosesso.net\/it\/siti-di-incontri-di-sesso-occasionale-gratuiti\/#webpage\",\"url\":\"http:\/\/nosesso.net\/it\/siti-di-incontri-di-sesso-occasionale-gratuiti\/\",\"name\":\"Siti di incontri di sesso occasionale gratuiti - No Sesso\",\"isPartOf\":{\"@id\":\"https:\/\/nosesso.net\/#website\"},\"primaryImageOfPage\":{\"@id\":\"http:\/\/nosesso.net\/it\/siti-di-incontri-di-sesso-occasionale-gratuiti\/#primaryimage\"},\"datePublished\":\"2022-06-23T10:47:57+00:00\",\"dateModified\":\"2022-06-23T10:47:57+00:00\",\"breadcrumb\":{\"@id\":\"http:\/\/nosesso.net\/it\/siti-di-incontri-di-sesso-occasionale-gratuiti\/#breadcrumb\"},\"inLanguage\":\"it-IT\",\"potentialAction\":[{\"@type\":\"ReadAction\",\"target\":[\"http:\/\/nosesso.net\/it\/siti-di-incontri-di-sesso-occasionale-gratuiti\/\"]}]},{\"@type\":\"BreadcrumbList\",\"@id\":\"http:\/\/nosesso.net\/it\/siti-di-incontri-di-sesso-occasionale-gratuiti\/#breadcrumb\",\"itemListElement\":[{\"@type\":\"ListItem\",\"position\":1,\"name\":\"Home\",\"item\":\"http:\/\/nosesso.net\/it\/\"},{\"@type\":\"ListItem\",\"position\":2,\"name\":\"Siti di incontri di sesso occasionale gratuiti\"}]}]}<\/script>\n<!-- \/ Yoast SEO plugin. -->","yoast_head_json":{"title":"Siti di incontri di sesso occasionale gratuiti - No Sesso","robots":{"index":"index","follow":"follow","max-snippet":"max-snippet:-1","max-image-preview":"max-image-preview:large","max-video-preview":"max-video-preview:-1"},"canonical":"http:\/\/nosesso.net\/it\/siti-di-incontri-di-sesso-occasionale-gratuiti\/","og_locale":"it_IT","og_type":"article","og_title":"Siti di incontri di sesso occasionale gratuiti - No Sesso","og_description":"OkCupid ti consente di sfogliare i profili dei membri e inviare messaggi alle parti interessate. Offre anche funzionalit\u00e0 come chat dal vivo, chat video e chat di gruppo. Infine, PlentyOfFish ti d\u00e0 la possibilit\u00e0 di sfogliare migliaia di profili contemporaneamente. Puoi quindi ordinarli per et\u00e0, sesso, interessi e altro ancora. Tinder \u00e8 un altro ottimo ... Leggi tutto","og_url":"http:\/\/nosesso.net\/it\/siti-di-incontri-di-sesso-occasionale-gratuiti\/","og_site_name":"No Sesso","og_image":[{"url":"http:\/\/nosesso.net\/wp-content\/uploads\/2022\/06\/online-sex-chat-1024x682.jpeg"}],"twitter_card":"summary_large_image","twitter_misc":{"Tempo di lettura stimato":"2 minuti"},"schema":{"@context":"https:\/\/schema.org","@graph":[{"@type":"WebSite","@id":"https:\/\/nosesso.net\/#website","url":"https:\/\/nosesso.net\/","name":"No Sesso","description":"Real Dating Reviews","potentialAction":[{"@type":"SearchAction","target":{"@type":"EntryPoint","urlTemplate":"https:\/\/nosesso.net\/?s={search_term_string}"},"query-input":"required name=search_term_string"}],"inLanguage":"it-IT"},{"@type":"ImageObject","@id":"http:\/\/nosesso.net\/it\/siti-di-incontri-di-sesso-occasionale-gratuiti\/#primaryimage","inLanguage":"it-IT","url":"http:\/\/nosesso.net\/wp-content\/uploads\/2022\/06\/online-sex-chat.jpeg","contentUrl":"http:\/\/nosesso.net\/wp-content\/uploads\/2022\/06\/online-sex-chat.jpeg","width":1600,"height":1065},{"@type":"WebPage","@id":"http:\/\/nosesso.net\/it\/siti-di-incontri-di-sesso-occasionale-gratuiti\/#webpage","url":"http:\/\/nosesso.net\/it\/siti-di-incontri-di-sesso-occasionale-gratuiti\/","name":"Siti di incontri di sesso occasionale gratuiti - No Sesso","isPartOf":{"@id":"https:\/\/nosesso.net\/#website"},"primaryImageOfPage":{"@id":"http:\/\/nosesso.net\/it\/siti-di-incontri-di-sesso-occasionale-gratuiti\/#primaryimage"},"datePublished":"2022-06-23T10:47:57+00:00","dateModified":"2022-06-23T10:47:57+00:00","breadcrumb":{"@id":"http:\/\/nosesso.net\/it\/siti-di-incontri-di-sesso-occasionale-gratuiti\/#breadcrumb"},"inLanguage":"it-IT","potentialAction":[{"@type":"ReadAction","target":["http:\/\/nosesso.net\/it\/siti-di-incontri-di-sesso-occasionale-gratuiti\/"]}]},{"@type":"BreadcrumbList","@id":"http:\/\/nosesso.net\/it\/siti-di-incontri-di-sesso-occasionale-gratuiti\/#breadcrumb","itemListElement":[{"@type":"ListItem","position":1,"name":"Home","item":"http:\/\/nosesso.net\/it\/"},{"@type":"ListItem","position":2,"name":"Siti di incontri di sesso occasionale gratuiti"}]}]}},"_links":{"self":[{"href":"http:\/\/nosesso.net\/it\/wp-json\/wp\/v2\/pages\/146"}],"collection":[{"href":"http:\/\/nosesso.net\/it\/wp-json\/wp\/v2\/pages"}],"about":[{"href":"http:\/\/nosesso.net\/it\/wp-json\/wp\/v2\/types\/page"}],"author":[{"embeddable":true,"href":"http:\/\/nosesso.net\/it\/wp-json\/wp\/v2\/users\/1"}],"replies":[{"embeddable":true,"href":"http:\/\/nosesso.net\/it\/wp-json\/wp\/v2\/comments?post=146"}],"version-history":[{"count":0,"href":"http:\/\/nosesso.net\/it\/wp-json\/wp\/v2\/pages\/146\/revisions"}],"wp:attachment":[{"href":"http:\/\/nosesso.net\/it\/wp-json\/wp\/v2\/media?parent=146"}],"curies":[{"name":"wp","href":"https:\/\/api.w.org\/{rel}","templated":true}]}}