{"id":179,"date":"2022-06-23T11:43:28","date_gmt":"2022-06-23T10:43:28","guid":{"rendered":"http:\/\/nosesso.net\/perche-le-app-di-collegamento-locali-potrebbero-essere-giuste-per-te\/"},"modified":"2022-07-20T16:48:42","modified_gmt":"2022-07-20T15:48:42","slug":"perche-le-app-di-collegamento-locali-potrebbero-essere-giuste-per-te","status":"publish","type":"page","link":"http:\/\/nosesso.net\/it\/perche-le-app-di-collegamento-locali-potrebbero-essere-giuste-per-te\/","title":{"rendered":"Perch\u00e9 le app di collegamento locali potrebbero essere giuste per te"},"content":{"rendered":"<p>Il sesso locale \u00e8 diventato sempre pi\u00f9 popolare negli ultimi anni. Non sorprende che le persone si rivolgano a siti di incontri online per incontrare single locali che condividono interessi e desideri simili. Tuttavia, molte persone preferiscono ancora incontrare qualcuno faccia a faccia invece che online.<\/p>\n<p>\u00c8 qui che <a href=\"http:\/\/nosesso.net\/it\/quale-app-e-la-migliore-per-gli-affiars\/\">entrano in gioco le app di collegamento locali<\/a> . Queste app consentono alle persone di connettersi con altri locali nelle vicinanze, sia che siano interessati a incontri casuali o relazioni a lungo termine. Ci sono molte app di appuntamenti gratuite disponibili, quindi trovare la migliore per te non dovrebbe essere troppo difficile.<\/p>\n<p><img loading=\"lazy\" class=\"aligncenter wp-image-49\" src=\"http:\/\/nosesso.net\/wp-content\/uploads\/2022\/06\/love-hand-1024x626.webp\" alt=\"\" width=\"648\" height=\"396\" srcset=\"http:\/\/nosesso.net\/wp-content\/uploads\/2022\/06\/love-hand-1024x626.webp 1024w, http:\/\/nosesso.net\/wp-content\/uploads\/2022\/06\/love-hand-300x184.webp 300w, http:\/\/nosesso.net\/wp-content\/uploads\/2022\/06\/love-hand-768x470.webp 768w, http:\/\/nosesso.net\/wp-content\/uploads\/2022\/06\/love-hand.webp 1226w\" sizes=\"(max-width: 648px) 100vw, 648px\" \/><\/p>\n<h2>Siti di collegamento mobile<\/h2>\n<p>Per iniziare, dovrai scaricare <a href=\"https:\/\/www.fucksites.net\/it\/figa-libera-nella-mia-zona\/\">figa \u013cibera<\/a> l&#8217;app dall&#8217;App Store o da Google Play. Una volta fatto, puoi iniziare a cercare potenziali corrispondenze. L&#8217;app visualizzer\u00e0 quindi un elenco di utenti nelle vicinanze in base alla tua posizione. Da qui, puoi scorrere verso sinistra o destra per visualizzare i profili e inviare messaggi a chiunque attiri la tua attenzione.<\/p>\n<p>Puoi anche impostare avvisi per ricevere notifiche ogni volta che qualcuno ti invia un <a href=\"https:\/\/www.free-adult-cams.com\/it\/le-migliori-sex-cam-gratuite\/\">cam sesso gratis<\/a> messaggio. Ci\u00f2 ti consente di rispondere immediatamente senza dover aprire l&#8217;app ogni volta che ricevi una notifica.<\/p>\n<p>Sono disponibili diversi tipi di app di sesso locale, tra cui quelle incentrate su incontri casuali, coppie in cerca di trio e scambisti. Ogni <a href=\"http:\/\/nosesso.net\/it\/punti-di-collegamento-locali\/\">tipo di app<\/a> offre le sue caratteristiche uniche, quindi scegli quella che funziona meglio per te.<\/p>\n<p>Una volta trovata la corrispondenza perfetta, puoi organizzare un appuntamento e incontrarti di persona. Questo ti d\u00e0 l&#8217;opportunit\u00e0 di conoscerti meglio e determinare se ti piacerebbe continuare a vederti dopo l&#8217;incontro iniziale.<\/p>\n<h2>Organizzare un appuntamento?<\/h2>\n<p>I siti di incontri sessuali stanno diventando sempre pi\u00f9 popolari tra i single che sono alla ricerca di incontri sessuali occasionali. Questi tipi di siti di incontri online consentono alle persone di incontrare altri nella loro zona che condividono interessi simili.<\/p>\n<p>Ci sono molti diversi tipi di siti di incontri sessuali disponibili oggi, compresi quelli che si concentrano <a href=\"https:\/\/www.nsadating.net\/it\/giochi-di-sesso-gratis-su-ios\/\">giochi di sesso online<\/a> su specifici gruppi di et\u00e0, etnie o preferenze sessuali. Alcuni siti offrono opzioni di abbonamento gratuite, mentre altri richiedono abbonamenti a pagamento.<\/p>\n<p>Indipendentemente dal fatto che tu scelga di pagare per un abbonamento o meno, i siti di incontri sessuali offrono un ambiente sicuro in cui le persone possono connettersi tra loro senza doversi preoccupare di essere giudicati o rifiutati. \u00c8 facile creare un profilo su questi siti e quindi sfogliare i profili fino a trovare qualcuno che vorresti incontrare.<\/p>\n<p>Dopo aver trovato qualcuno con cui desideri chattare, puoi inviargli messaggi e organizzare un incontro di persona. I siti di incontri sessuali sono un&#8217;ottima opzione se stai cercando una fuga veloce, ma se vuoi qualcosa di pi\u00f9 serio, potresti prendere in considerazione l&#8217;idea di unirti a un sito di incontri tradizionale.<\/p>\n","protected":false},"excerpt":{"rendered":"<p>Il sesso locale \u00e8 diventato sempre pi\u00f9 popolare negli ultimi anni. Non sorprende che le persone si rivolgano a siti di incontri online per incontrare single locali che condividono interessi e desideri simili. Tuttavia, molte persone preferiscono ancora incontrare qualcuno faccia a faccia invece che online. \u00c8 qui che entrano in gioco le app di &#8230; <a title=\"Perch\u00e9 le app di collegamento locali potrebbero essere giuste per te\" class=\"read-more\" href=\"http:\/\/nosesso.net\/it\/perche-le-app-di-collegamento-locali-potrebbero-essere-giuste-per-te\/\" aria-label=\"Leggi di pi\u00f9 su Perch\u00e9 le app di collegamento locali potrebbero essere giuste per te\">Leggi tutto<\/a><\/p>\n","protected":false},"author":1,"featured_media":0,"parent":0,"menu_order":0,"comment_status":"closed","ping_status":"closed","template":"","meta":[],"yoast_head":"<!-- This site is optimized with the Yoast SEO plugin v17.7.1 - https:\/\/yoast.com\/wordpress\/plugins\/seo\/ -->\n<title>Perch\u00e9 le app di collegamento locali potrebbero essere giuste per te - No Sesso<\/title>\n<meta name=\"robots\" content=\"index, follow, max-snippet:-1, max-image-preview:large, max-video-preview:-1\" \/>\n<link rel=\"canonical\" href=\"http:\/\/nosesso.net\/it\/perche-le-app-di-collegamento-locali-potrebbero-essere-giuste-per-te\/\" \/>\n<meta property=\"og:locale\" content=\"it_IT\" \/>\n<meta property=\"og:type\" content=\"article\" \/>\n<meta property=\"og:title\" content=\"Perch\u00e9 le app di collegamento locali potrebbero essere giuste per te - No Sesso\" \/>\n<meta property=\"og:description\" content=\"Il sesso locale \u00e8 diventato sempre pi\u00f9 popolare negli ultimi anni. Non sorprende che le persone si rivolgano a siti di incontri online per incontrare single locali che condividono interessi e desideri simili. Tuttavia, molte persone preferiscono ancora incontrare qualcuno faccia a faccia invece che online. \u00c8 qui che entrano in gioco le app di ... Leggi tutto\" \/>\n<meta property=\"og:url\" content=\"http:\/\/nosesso.net\/it\/perche-le-app-di-collegamento-locali-potrebbero-essere-giuste-per-te\/\" \/>\n<meta property=\"og:site_name\" content=\"No Sesso\" \/>\n<meta property=\"article:modified_time\" content=\"2022-07-20T15:48:42+00:00\" \/>\n<meta property=\"og:image\" content=\"http:\/\/nosesso.net\/wp-content\/uploads\/2022\/06\/love-hand-1024x626.webp\" \/>\n<meta name=\"twitter:card\" content=\"summary_large_image\" \/>\n<meta name=\"twitter:label1\" content=\"Tempo di lettura stimato\" \/>\n\t<meta name=\"twitter:data1\" content=\"2 minuti\" \/>\n<script type=\"application\/ld+json\" class=\"yoast-schema-graph\">{\"@context\":\"https:\/\/schema.org\",\"@graph\":[{\"@type\":\"WebSite\",\"@id\":\"https:\/\/nosesso.net\/#website\",\"url\":\"https:\/\/nosesso.net\/\",\"name\":\"No Sesso\",\"description\":\"Real Dating Reviews\",\"potentialAction\":[{\"@type\":\"SearchAction\",\"target\":{\"@type\":\"EntryPoint\",\"urlTemplate\":\"https:\/\/nosesso.net\/?s={search_term_string}\"},\"query-input\":\"required name=search_term_string\"}],\"inLanguage\":\"it-IT\"},{\"@type\":\"ImageObject\",\"@id\":\"http:\/\/nosesso.net\/it\/perche-le-app-di-collegamento-locali-potrebbero-essere-giuste-per-te\/#primaryimage\",\"inLanguage\":\"it-IT\",\"url\":\"http:\/\/nosesso.net\/wp-content\/uploads\/2022\/06\/love-hand-1024x626.webp\",\"contentUrl\":\"http:\/\/nosesso.net\/wp-content\/uploads\/2022\/06\/love-hand-1024x626.webp\"},{\"@type\":\"WebPage\",\"@id\":\"http:\/\/nosesso.net\/it\/perche-le-app-di-collegamento-locali-potrebbero-essere-giuste-per-te\/#webpage\",\"url\":\"http:\/\/nosesso.net\/it\/perche-le-app-di-collegamento-locali-potrebbero-essere-giuste-per-te\/\",\"name\":\"Perch\\u00e9 le app di collegamento locali potrebbero essere giuste per te - No Sesso\",\"isPartOf\":{\"@id\":\"https:\/\/nosesso.net\/#website\"},\"primaryImageOfPage\":{\"@id\":\"http:\/\/nosesso.net\/it\/perche-le-app-di-collegamento-locali-potrebbero-essere-giuste-per-te\/#primaryimage\"},\"datePublished\":\"2022-06-23T10:43:28+00:00\",\"dateModified\":\"2022-07-20T15:48:42+00:00\",\"breadcrumb\":{\"@id\":\"http:\/\/nosesso.net\/it\/perche-le-app-di-collegamento-locali-potrebbero-essere-giuste-per-te\/#breadcrumb\"},\"inLanguage\":\"it-IT\",\"potentialAction\":[{\"@type\":\"ReadAction\",\"target\":[\"http:\/\/nosesso.net\/it\/perche-le-app-di-collegamento-locali-potrebbero-essere-giuste-per-te\/\"]}]},{\"@type\":\"BreadcrumbList\",\"@id\":\"http:\/\/nosesso.net\/it\/perche-le-app-di-collegamento-locali-potrebbero-essere-giuste-per-te\/#breadcrumb\",\"itemListElement\":[{\"@type\":\"ListItem\",\"position\":1,\"name\":\"Home\",\"item\":\"http:\/\/nosesso.net\/it\/\"},{\"@type\":\"ListItem\",\"position\":2,\"name\":\"Perch\\u00e9 le app di collegamento locali potrebbero essere giuste per te\"}]}]}<\/script>\n<!-- \/ Yoast SEO plugin. -->","yoast_head_json":{"title":"Perch\u00e9 le app di collegamento locali potrebbero essere giuste per te - No Sesso","robots":{"index":"index","follow":"follow","max-snippet":"max-snippet:-1","max-image-preview":"max-image-preview:large","max-video-preview":"max-video-preview:-1"},"canonical":"http:\/\/nosesso.net\/it\/perche-le-app-di-collegamento-locali-potrebbero-essere-giuste-per-te\/","og_locale":"it_IT","og_type":"article","og_title":"Perch\u00e9 le app di collegamento locali potrebbero essere giuste per te - No Sesso","og_description":"Il sesso locale \u00e8 diventato sempre pi\u00f9 popolare negli ultimi anni. Non sorprende che le persone si rivolgano a siti di incontri online per incontrare single locali che condividono interessi e desideri simili. Tuttavia, molte persone preferiscono ancora incontrare qualcuno faccia a faccia invece che online. \u00c8 qui che entrano in gioco le app di ... Leggi tutto","og_url":"http:\/\/nosesso.net\/it\/perche-le-app-di-collegamento-locali-potrebbero-essere-giuste-per-te\/","og_site_name":"No Sesso","article_modified_time":"2022-07-20T15:48:42+00:00","og_image":[{"url":"http:\/\/nosesso.net\/wp-content\/uploads\/2022\/06\/love-hand-1024x626.webp"}],"twitter_card":"summary_large_image","twitter_misc":{"Tempo di lettura stimato":"2 minuti"},"schema":{"@context":"https:\/\/schema.org","@graph":[{"@type":"WebSite","@id":"https:\/\/nosesso.net\/#website","url":"https:\/\/nosesso.net\/","name":"No Sesso","description":"Real Dating Reviews","potentialAction":[{"@type":"SearchAction","target":{"@type":"EntryPoint","urlTemplate":"https:\/\/nosesso.net\/?s={search_term_string}"},"query-input":"required name=search_term_string"}],"inLanguage":"it-IT"},{"@type":"ImageObject","@id":"http:\/\/nosesso.net\/it\/perche-le-app-di-collegamento-locali-potrebbero-essere-giuste-per-te\/#primaryimage","inLanguage":"it-IT","url":"http:\/\/nosesso.net\/wp-content\/uploads\/2022\/06\/love-hand-1024x626.webp","contentUrl":"http:\/\/nosesso.net\/wp-content\/uploads\/2022\/06\/love-hand-1024x626.webp"},{"@type":"WebPage","@id":"http:\/\/nosesso.net\/it\/perche-le-app-di-collegamento-locali-potrebbero-essere-giuste-per-te\/#webpage","url":"http:\/\/nosesso.net\/it\/perche-le-app-di-collegamento-locali-potrebbero-essere-giuste-per-te\/","name":"Perch\u00e9 le app di collegamento locali potrebbero essere giuste per te - No Sesso","isPartOf":{"@id":"https:\/\/nosesso.net\/#website"},"primaryImageOfPage":{"@id":"http:\/\/nosesso.net\/it\/perche-le-app-di-collegamento-locali-potrebbero-essere-giuste-per-te\/#primaryimage"},"datePublished":"2022-06-23T10:43:28+00:00","dateModified":"2022-07-20T15:48:42+00:00","breadcrumb":{"@id":"http:\/\/nosesso.net\/it\/perche-le-app-di-collegamento-locali-potrebbero-essere-giuste-per-te\/#breadcrumb"},"inLanguage":"it-IT","potentialAction":[{"@type":"ReadAction","target":["http:\/\/nosesso.net\/it\/perche-le-app-di-collegamento-locali-potrebbero-essere-giuste-per-te\/"]}]},{"@type":"BreadcrumbList","@id":"http:\/\/nosesso.net\/it\/perche-le-app-di-collegamento-locali-potrebbero-essere-giuste-per-te\/#breadcrumb","itemListElement":[{"@type":"ListItem","position":1,"name":"Home","item":"http:\/\/nosesso.net\/it\/"},{"@type":"ListItem","position":2,"name":"Perch\u00e9 le app di collegamento locali potrebbero essere giuste per te"}]}]}},"_links":{"self":[{"href":"http:\/\/nosesso.net\/it\/wp-json\/wp\/v2\/pages\/179"}],"collection":[{"href":"http:\/\/nosesso.net\/it\/wp-json\/wp\/v2\/pages"}],"about":[{"href":"http:\/\/nosesso.net\/it\/wp-json\/wp\/v2\/types\/page"}],"author":[{"embeddable":true,"href":"http:\/\/nosesso.net\/it\/wp-json\/wp\/v2\/users\/1"}],"replies":[{"embeddable":true,"href":"http:\/\/nosesso.net\/it\/wp-json\/wp\/v2\/comments?post=179"}],"version-history":[{"count":1,"href":"http:\/\/nosesso.net\/it\/wp-json\/wp\/v2\/pages\/179\/revisions"}],"predecessor-version":[{"id":304,"href":"http:\/\/nosesso.net\/it\/wp-json\/wp\/v2\/pages\/179\/revisions\/304"}],"wp:attachment":[{"href":"http:\/\/nosesso.net\/it\/wp-json\/wp\/v2\/media?parent=179"}],"curies":[{"name":"wp","href":"https:\/\/api.w.org\/{rel}","templated":true}]}}