{"id":233,"date":"2022-06-23T11:43:28","date_gmt":"2022-06-23T10:43:28","guid":{"rendered":"http:\/\/nosesso.net\/dlaczego-lokalne-aplikacje-do-podlaczania-moga-byc-wlasnie-dla-ciebie\/"},"modified":"2022-06-23T11:43:28","modified_gmt":"2022-06-23T10:43:28","slug":"dlaczego-lokalne-aplikacje-do-podlaczania-moga-byc-wlasnie-dla-ciebie","status":"publish","type":"page","link":"http:\/\/nosesso.net\/pl\/dlaczego-lokalne-aplikacje-do-podlaczania-moga-byc-wlasnie-dla-ciebie\/","title":{"rendered":"Dlaczego lokalne aplikacje do pod\u0142\u0105czania mog\u0105 by\u0107 w\u0142a\u015bnie dla Ciebie"},"content":{"rendered":"<p>Lokalny seks sta\u0142 si\u0119 coraz bardziej popularny w ci\u0105gu ostatnich kilku lat. Nic dziwnego, \u017ce ludzie zwracaj\u0105 si\u0119 do internetowych serwis\u00f3w randkowych, aby spotka\u0107 lokalnych singli, kt\u00f3rzy maj\u0105 podobne zainteresowania i pragnienia. Jednak wiele os\u00f3b nadal woli spotyka\u0107 si\u0119 z kim\u015b twarz\u0105 w twarz zamiast online.<\/p>\n<p>W tym miejscu do gry wchodz\u0105 <a href=\"http:\/\/nosesso.net\/which-app-is-best-for-affiars\/\">lokalne aplikacje do pod\u0142\u0105czania<\/a> . Te aplikacje pozwalaj\u0105 ludziom \u0142\u0105czy\u0107 si\u0119 z innymi mieszka\u0144cami w pobli\u017cu, niezale\u017cnie od tego, czy s\u0105 zainteresowani przypadkowymi spotkaniami, czy d\u0142ugoterminowymi relacjami. Dost\u0119pnych jest wiele bezp\u0142atnych aplikacji randkowych, wi\u0119c znalezienie najlepszej dla Siebie nie powinno by\u0107 zbyt trudne.<\/p>\n<p><img loading=\"lazy\" class=\"aligncenter wp-image-49\" src=\"http:\/\/nosesso.net\/wp-content\/uploads\/2022\/06\/love-hand-1024x626.webp\" alt=\"\" width=\"648\" height=\"396\" srcset=\"http:\/\/nosesso.net\/wp-content\/uploads\/2022\/06\/love-hand-1024x626.webp 1024w, http:\/\/nosesso.net\/wp-content\/uploads\/2022\/06\/love-hand-300x184.webp 300w, http:\/\/nosesso.net\/wp-content\/uploads\/2022\/06\/love-hand-768x470.webp 768w, http:\/\/nosesso.net\/wp-content\/uploads\/2022\/06\/love-hand.webp 1226w\" sizes=\"(max-width: 648px) 100vw, 648px\" \/><\/p>\n<h2>Mobilne strony z pod\u0142\u0105czeniami<\/h2>\n<p>Aby rozpocz\u0105\u0107, musisz pobra\u0107 aplikacj\u0119 ze sklepu App Store lub Google Play. Gdy to zrobisz, mo\u017cesz rozpocz\u0105\u0107 wyszukiwanie potencjalnych dopasowa\u0144. Aplikacja wy\u015bwietli list\u0119 pobliskich u\u017cytkownik\u00f3w na podstawie Twojej lokalizacji. W tym miejscu mo\u017cesz przesun\u0105\u0107 palcem w lewo lub w prawo, aby wy\u015bwietli\u0107 profile i wys\u0142a\u0107 wiadomo\u015bci do ka\u017cdego, kto wpadnie Ci w oko.<\/p>\n<p>Mo\u017cesz tak\u017ce skonfigurowa\u0107 alerty, aby otrzymywa\u0107 powiadomienia za ka\u017cdym razem, gdy kto\u015b wy\u015ble Ci wiadomo\u015b\u0107. Dzi\u0119ki temu mo\u017cesz natychmiast reagowa\u0107 bez konieczno\u015bci otwierania aplikacji za ka\u017cdym razem, gdy otrzymasz powiadomienie.<\/p>\n<p>Dost\u0119pnych jest kilka r\u00f3\u017cnych rodzaj\u00f3w lokalnych aplikacji erotycznych, w tym te koncentruj\u0105ce si\u0119 na przypadkowych spotkaniach, parach poszukuj\u0105cych tr\u00f3jk\u0105t\u00f3w i swingersach. Ka\u017cdy <a href=\"http:\/\/nosesso.net\/local-hookup-spots\/\">typ aplikacji<\/a> oferuje w\u0142asne unikalne funkcje, wi\u0119c wybierz t\u0119, kt\u00f3ra dzia\u0142a najlepiej dla Ciebie.<\/p>\n<p>Po znalezieniu idealnego dopasowania mo\u017cesz um\u00f3wi\u0107 si\u0119 na randk\u0119 i spotka\u0107 si\u0119 osobi\u015bcie. Daje to mo\u017cliwo\u015b\u0107 lepszego poznania si\u0119 i ustalenia, czy chcecie nadal si\u0119 widywa\u0107 po pierwszym spotkaniu.<\/p>\n<h2>Um\u00f3wi\u0107 si\u0119 na randk\u0119?<\/h2>\n<p>Serwisy randkowe staj\u0105 si\u0119 coraz bardziej popularne w\u015br\u00f3d singli, kt\u00f3rzy szukaj\u0105 przypadkowych spotka\u0144 seksualnych. Tego typu internetowe serwisy randkowe pozwalaj\u0105 ludziom pozna\u0107 innych w swojej okolicy, kt\u00f3rzy maj\u0105 podobne zainteresowania.<\/p>\n<p>Obecnie dost\u0119pnych jest wiele r\u00f3\u017cnych rodzaj\u00f3w serwis\u00f3w randkowych, w tym te, kt\u00f3re koncentruj\u0105 si\u0119 na okre\u015blonych grupach wiekowych, pochodzeniu etnicznym lub preferencjach seksualnych. Niekt\u00f3re witryny oferuj\u0105 bezp\u0142atne opcje cz\u0142onkostwa, podczas gdy inne wymagaj\u0105 p\u0142atnego cz\u0142onkostwa.<\/p>\n<p>Niezale\u017cnie od tego, czy zdecydujesz si\u0119 zap\u0142aci\u0107 za cz\u0142onkostwo, czy nie, serwisy randkowe zapewniaj\u0105 bezpieczne \u015brodowisko, w kt\u00f3rym ludzie mog\u0105 \u0142\u0105czy\u0107 si\u0119 ze sob\u0105 bez obawy, \u017ce zostan\u0105 os\u0105dzeni lub odrzuceni. \u0141atwo jest utworzy\u0107 profil w tych witrynach, a nast\u0119pnie przegl\u0105da\u0107 profile, a\u017c znajdziesz kogo\u015b, kogo chcesz pozna\u0107.<\/p>\n<p>Po znalezieniu osoby, z kt\u00f3r\u0105 chcesz porozmawia\u0107, mo\u017cesz wysy\u0142a\u0107 do niej wiadomo\u015bci i umawia\u0107 si\u0119 na osobiste spotkanie. Serwisy randkowe s\u0105 \u015bwietn\u0105 opcj\u0105, je\u015bli szukasz szybkiego flingu, ale je\u015bli chcesz czego\u015b powa\u017cniejszego, mo\u017cesz rozwa\u017cy\u0107 do\u0142\u0105czenie do tradycyjnego serwisu randkowego.<\/p>\n","protected":false},"excerpt":{"rendered":"<p>Lokalny seks sta\u0142 si\u0119 coraz bardziej popularny w ci\u0105gu ostatnich kilku lat. Nic dziwnego, \u017ce ludzie zwracaj\u0105 si\u0119 do internetowych serwis\u00f3w randkowych, aby spotka\u0107 lokalnych singli, kt\u00f3rzy maj\u0105 podobne zainteresowania i pragnienia. Jednak wiele os\u00f3b nadal woli spotyka\u0107 si\u0119 z kim\u015b twarz\u0105 w twarz zamiast online. W tym miejscu do gry wchodz\u0105 lokalne aplikacje do &#8230; <a title=\"Dlaczego lokalne aplikacje do pod\u0142\u0105czania mog\u0105 by\u0107 w\u0142a\u015bnie dla Ciebie\" class=\"read-more\" href=\"http:\/\/nosesso.net\/pl\/dlaczego-lokalne-aplikacje-do-podlaczania-moga-byc-wlasnie-dla-ciebie\/\" aria-label=\"More on Dlaczego lokalne aplikacje do pod\u0142\u0105czania mog\u0105 by\u0107 w\u0142a\u015bnie dla Ciebie\">Czytaj dalej<\/a><\/p>\n","protected":false},"author":1,"featured_media":0,"parent":0,"menu_order":0,"comment_status":"closed","ping_status":"closed","template":"","meta":[],"yoast_head":"<!-- This site is optimized with the Yoast SEO plugin v17.7.1 - https:\/\/yoast.com\/wordpress\/plugins\/seo\/ -->\n<title>Dlaczego lokalne aplikacje do pod\u0142\u0105czania mog\u0105 by\u0107 w\u0142a\u015bnie dla Ciebie - No Sesso<\/title>\n<meta name=\"robots\" content=\"index, follow, max-snippet:-1, max-image-preview:large, max-video-preview:-1\" \/>\n<link rel=\"canonical\" href=\"http:\/\/nosesso.net\/pl\/dlaczego-lokalne-aplikacje-do-podlaczania-moga-byc-wlasnie-dla-ciebie\/\" \/>\n<meta property=\"og:locale\" content=\"pl_PL\" \/>\n<meta property=\"og:type\" content=\"article\" \/>\n<meta property=\"og:title\" content=\"Dlaczego lokalne aplikacje do pod\u0142\u0105czania mog\u0105 by\u0107 w\u0142a\u015bnie dla Ciebie - No Sesso\" \/>\n<meta property=\"og:description\" content=\"Lokalny seks sta\u0142 si\u0119 coraz bardziej popularny w ci\u0105gu ostatnich kilku lat. Nic dziwnego, \u017ce ludzie zwracaj\u0105 si\u0119 do internetowych serwis\u00f3w randkowych, aby spotka\u0107 lokalnych singli, kt\u00f3rzy maj\u0105 podobne zainteresowania i pragnienia. Jednak wiele os\u00f3b nadal woli spotyka\u0107 si\u0119 z kim\u015b twarz\u0105 w twarz zamiast online. W tym miejscu do gry wchodz\u0105 lokalne aplikacje do ... Czytaj dalej\" \/>\n<meta property=\"og:url\" content=\"http:\/\/nosesso.net\/pl\/dlaczego-lokalne-aplikacje-do-podlaczania-moga-byc-wlasnie-dla-ciebie\/\" \/>\n<meta property=\"og:site_name\" content=\"No Sesso\" \/>\n<meta property=\"og:image\" content=\"http:\/\/nosesso.net\/wp-content\/uploads\/2022\/06\/love-hand-1024x626.webp\" \/>\n<meta name=\"twitter:card\" content=\"summary_large_image\" \/>\n<meta name=\"twitter:label1\" content=\"Szacowany czas czytania\" \/>\n\t<meta name=\"twitter:data1\" content=\"2 minuty\" \/>\n<script type=\"application\/ld+json\" class=\"yoast-schema-graph\">{\"@context\":\"https:\/\/schema.org\",\"@graph\":[{\"@type\":\"WebSite\",\"@id\":\"https:\/\/nosesso.net\/#website\",\"url\":\"https:\/\/nosesso.net\/\",\"name\":\"No Sesso\",\"description\":\"Real Dating Reviews\",\"potentialAction\":[{\"@type\":\"SearchAction\",\"target\":{\"@type\":\"EntryPoint\",\"urlTemplate\":\"https:\/\/nosesso.net\/?s={search_term_string}\"},\"query-input\":\"required name=search_term_string\"}],\"inLanguage\":\"pl-PL\"},{\"@type\":\"ImageObject\",\"@id\":\"http:\/\/nosesso.net\/pl\/dlaczego-lokalne-aplikacje-do-podlaczania-moga-byc-wlasnie-dla-ciebie\/#primaryimage\",\"inLanguage\":\"pl-PL\",\"url\":\"http:\/\/nosesso.net\/wp-content\/uploads\/2022\/06\/love-hand-1024x626.webp\",\"contentUrl\":\"http:\/\/nosesso.net\/wp-content\/uploads\/2022\/06\/love-hand-1024x626.webp\"},{\"@type\":\"WebPage\",\"@id\":\"http:\/\/nosesso.net\/pl\/dlaczego-lokalne-aplikacje-do-podlaczania-moga-byc-wlasnie-dla-ciebie\/#webpage\",\"url\":\"http:\/\/nosesso.net\/pl\/dlaczego-lokalne-aplikacje-do-podlaczania-moga-byc-wlasnie-dla-ciebie\/\",\"name\":\"Dlaczego lokalne aplikacje do pod\\u0142\\u0105czania mog\\u0105 by\\u0107 w\\u0142a\\u015bnie dla Ciebie - No Sesso\",\"isPartOf\":{\"@id\":\"https:\/\/nosesso.net\/#website\"},\"primaryImageOfPage\":{\"@id\":\"http:\/\/nosesso.net\/pl\/dlaczego-lokalne-aplikacje-do-podlaczania-moga-byc-wlasnie-dla-ciebie\/#primaryimage\"},\"datePublished\":\"2022-06-23T10:43:28+00:00\",\"dateModified\":\"2022-06-23T10:43:28+00:00\",\"breadcrumb\":{\"@id\":\"http:\/\/nosesso.net\/pl\/dlaczego-lokalne-aplikacje-do-podlaczania-moga-byc-wlasnie-dla-ciebie\/#breadcrumb\"},\"inLanguage\":\"pl-PL\",\"potentialAction\":[{\"@type\":\"ReadAction\",\"target\":[\"http:\/\/nosesso.net\/pl\/dlaczego-lokalne-aplikacje-do-podlaczania-moga-byc-wlasnie-dla-ciebie\/\"]}]},{\"@type\":\"BreadcrumbList\",\"@id\":\"http:\/\/nosesso.net\/pl\/dlaczego-lokalne-aplikacje-do-podlaczania-moga-byc-wlasnie-dla-ciebie\/#breadcrumb\",\"itemListElement\":[{\"@type\":\"ListItem\",\"position\":1,\"name\":\"Home\",\"item\":\"http:\/\/nosesso.net\/pl\/\"},{\"@type\":\"ListItem\",\"position\":2,\"name\":\"Dlaczego lokalne aplikacje do pod\\u0142\\u0105czania mog\\u0105 by\\u0107 w\\u0142a\\u015bnie dla Ciebie\"}]}]}<\/script>\n<!-- \/ Yoast SEO plugin. -->","yoast_head_json":{"title":"Dlaczego lokalne aplikacje do pod\u0142\u0105czania mog\u0105 by\u0107 w\u0142a\u015bnie dla Ciebie - No Sesso","robots":{"index":"index","follow":"follow","max-snippet":"max-snippet:-1","max-image-preview":"max-image-preview:large","max-video-preview":"max-video-preview:-1"},"canonical":"http:\/\/nosesso.net\/pl\/dlaczego-lokalne-aplikacje-do-podlaczania-moga-byc-wlasnie-dla-ciebie\/","og_locale":"pl_PL","og_type":"article","og_title":"Dlaczego lokalne aplikacje do pod\u0142\u0105czania mog\u0105 by\u0107 w\u0142a\u015bnie dla Ciebie - No Sesso","og_description":"Lokalny seks sta\u0142 si\u0119 coraz bardziej popularny w ci\u0105gu ostatnich kilku lat. Nic dziwnego, \u017ce ludzie zwracaj\u0105 si\u0119 do internetowych serwis\u00f3w randkowych, aby spotka\u0107 lokalnych singli, kt\u00f3rzy maj\u0105 podobne zainteresowania i pragnienia. Jednak wiele os\u00f3b nadal woli spotyka\u0107 si\u0119 z kim\u015b twarz\u0105 w twarz zamiast online. W tym miejscu do gry wchodz\u0105 lokalne aplikacje do ... Czytaj dalej","og_url":"http:\/\/nosesso.net\/pl\/dlaczego-lokalne-aplikacje-do-podlaczania-moga-byc-wlasnie-dla-ciebie\/","og_site_name":"No Sesso","og_image":[{"url":"http:\/\/nosesso.net\/wp-content\/uploads\/2022\/06\/love-hand-1024x626.webp"}],"twitter_card":"summary_large_image","twitter_misc":{"Szacowany czas czytania":"2 minuty"},"schema":{"@context":"https:\/\/schema.org","@graph":[{"@type":"WebSite","@id":"https:\/\/nosesso.net\/#website","url":"https:\/\/nosesso.net\/","name":"No Sesso","description":"Real Dating Reviews","potentialAction":[{"@type":"SearchAction","target":{"@type":"EntryPoint","urlTemplate":"https:\/\/nosesso.net\/?s={search_term_string}"},"query-input":"required name=search_term_string"}],"inLanguage":"pl-PL"},{"@type":"ImageObject","@id":"http:\/\/nosesso.net\/pl\/dlaczego-lokalne-aplikacje-do-podlaczania-moga-byc-wlasnie-dla-ciebie\/#primaryimage","inLanguage":"pl-PL","url":"http:\/\/nosesso.net\/wp-content\/uploads\/2022\/06\/love-hand-1024x626.webp","contentUrl":"http:\/\/nosesso.net\/wp-content\/uploads\/2022\/06\/love-hand-1024x626.webp"},{"@type":"WebPage","@id":"http:\/\/nosesso.net\/pl\/dlaczego-lokalne-aplikacje-do-podlaczania-moga-byc-wlasnie-dla-ciebie\/#webpage","url":"http:\/\/nosesso.net\/pl\/dlaczego-lokalne-aplikacje-do-podlaczania-moga-byc-wlasnie-dla-ciebie\/","name":"Dlaczego lokalne aplikacje do pod\u0142\u0105czania mog\u0105 by\u0107 w\u0142a\u015bnie dla Ciebie - No Sesso","isPartOf":{"@id":"https:\/\/nosesso.net\/#website"},"primaryImageOfPage":{"@id":"http:\/\/nosesso.net\/pl\/dlaczego-lokalne-aplikacje-do-podlaczania-moga-byc-wlasnie-dla-ciebie\/#primaryimage"},"datePublished":"2022-06-23T10:43:28+00:00","dateModified":"2022-06-23T10:43:28+00:00","breadcrumb":{"@id":"http:\/\/nosesso.net\/pl\/dlaczego-lokalne-aplikacje-do-podlaczania-moga-byc-wlasnie-dla-ciebie\/#breadcrumb"},"inLanguage":"pl-PL","potentialAction":[{"@type":"ReadAction","target":["http:\/\/nosesso.net\/pl\/dlaczego-lokalne-aplikacje-do-podlaczania-moga-byc-wlasnie-dla-ciebie\/"]}]},{"@type":"BreadcrumbList","@id":"http:\/\/nosesso.net\/pl\/dlaczego-lokalne-aplikacje-do-podlaczania-moga-byc-wlasnie-dla-ciebie\/#breadcrumb","itemListElement":[{"@type":"ListItem","position":1,"name":"Home","item":"http:\/\/nosesso.net\/pl\/"},{"@type":"ListItem","position":2,"name":"Dlaczego lokalne aplikacje do pod\u0142\u0105czania mog\u0105 by\u0107 w\u0142a\u015bnie dla Ciebie"}]}]}},"_links":{"self":[{"href":"http:\/\/nosesso.net\/pl\/wp-json\/wp\/v2\/pages\/233"}],"collection":[{"href":"http:\/\/nosesso.net\/pl\/wp-json\/wp\/v2\/pages"}],"about":[{"href":"http:\/\/nosesso.net\/pl\/wp-json\/wp\/v2\/types\/page"}],"author":[{"embeddable":true,"href":"http:\/\/nosesso.net\/pl\/wp-json\/wp\/v2\/users\/1"}],"replies":[{"embeddable":true,"href":"http:\/\/nosesso.net\/pl\/wp-json\/wp\/v2\/comments?post=233"}],"version-history":[{"count":0,"href":"http:\/\/nosesso.net\/pl\/wp-json\/wp\/v2\/pages\/233\/revisions"}],"wp:attachment":[{"href":"http:\/\/nosesso.net\/pl\/wp-json\/wp\/v2\/media?parent=233"}],"curies":[{"name":"wp","href":"https:\/\/api.w.org\/{rel}","templated":true}]}}