{"id":163,"date":"2022-06-23T11:45:34","date_gmt":"2022-06-23T10:45:34","guid":{"rendered":"http:\/\/nosesso.net\/typer-av-anslutningswebbplatser\/"},"modified":"2022-06-23T11:45:34","modified_gmt":"2022-06-23T10:45:34","slug":"typer-av-anslutningswebbplatser","status":"publish","type":"page","link":"http:\/\/nosesso.net\/sv\/typer-av-anslutningswebbplatser\/","title":{"rendered":"Typer av anslutningswebbplatser"},"content":{"rendered":"<p>Det finns m\u00e5nga olika typer av gratis anslutningswebbplatser tillg\u00e4ngliga online idag. Vissa \u00e4r inriktade p\u00e5 tillf\u00e4lliga m\u00f6ten medan andra tillgodoser l\u00e5ngsiktiga relationer. Gratis <a href=\"http:\/\/nosesso.net\/sv\/varfor-lokala-anslutningsappar-kan-vara-ratt-for-dig\/\">anslutningswebbplatser<\/a> erbjuder ett brett utbud av funktioner, inklusive chattrum, videochattar, snabbmeddelandetj\u00e4nster och mycket mer.<\/p>\n<p>M\u00e5nga av dessa webbplatser <a href=\"http:\/\/nosesso.net\/sv\/vilken-app-ar-bast-for-affiars\/\">till\u00e5ter medlemmar att skapa profiler<\/a> d\u00e4r de kan ladda upp foton, skriva korta bios och dela intressen. Medlemmar kan sedan bl\u00e4ddra igenom andra medlemsprofiler och skicka meddelanden till potentiella matchningar. N\u00e4r en matchning har gjorts kan medlemmarna ordna ett personligt m\u00f6te.<\/p>\n<p><img loading=\"lazy\" class=\"aligncenter wp-image-50\" src=\"http:\/\/nosesso.net\/wp-content\/uploads\/2022\/06\/heart-dating-1024x658.jpeg\" alt=\"\" width=\"553\" height=\"355\" srcset=\"http:\/\/nosesso.net\/wp-content\/uploads\/2022\/06\/heart-dating-1024x658.jpeg 1024w, http:\/\/nosesso.net\/wp-content\/uploads\/2022\/06\/heart-dating-300x193.jpeg 300w, http:\/\/nosesso.net\/wp-content\/uploads\/2022\/06\/heart-dating-768x494.jpeg 768w, http:\/\/nosesso.net\/wp-content\/uploads\/2022\/06\/heart-dating.jpeg 1167w\" sizes=\"(max-width: 553px) 100vw, 553px\" \/><\/p>\n<h2>Hur man g\u00e5r med i gratis anslutningswebbplatser<\/h2>\n<p>Vissa gratis anslutningswebbplatser kr\u00e4ver att medlemmar betalar en m\u00e5nadsavgift f\u00f6r att f\u00e5 tillg\u00e5ng till ytterligare funktioner. Dessa inkluderar premiumkonton, privata meddelandetj\u00e4nster och mobilappar.<\/p>\n<p>\u00c4ven om gratis anslutningswebbplatser \u00e4r praktiska \u00e4r de inte alltid s\u00e4kra. Det \u00e4r b\u00e4st att undvika att tr\u00e4ffa fr\u00e4mlingar i verkliga livet om m\u00f6jligt. V\u00e4lj ist\u00e4llet en betrodd dejtingapp eller tj\u00e4nst ist\u00e4llet.<\/p>\n<h3>Vilka \u00e4r de b\u00e4sta apparna att prova?<\/h3>\n<p>Till exempel till\u00e5ter <strong>Tinder<\/strong> medlemmar att ansluta till varandra baserat p\u00e5 \u00f6msesidigt intresse. Appen anv\u00e4nder platsdata f\u00f6r att avg\u00f6ra om tv\u00e5 medlemmar finns i n\u00e4rheten. Om de \u00e4r det kan de omedelbart b\u00f6rja chatta via text eller video.<\/p>\n<p>Tinder \u00e4r gratis att ladda ner och anv\u00e4nda, men medlemmar m\u00e5ste betala en liten avgift f\u00f6r att l\u00e5sa upp ytterligare funktioner. De kan till exempel uppgradera sin profil f\u00f6r att visa mer personlig information, l\u00e4gga till filter i sina s\u00f6kalternativ och f\u00e5 meddelanden n\u00e4r n\u00e5gon skickar ett meddelande till dem.<\/p>\n<p>Andra popul\u00e4ra dejtingsappar inkluderar <strong>Bumble<\/strong>, <strong>Happn<\/strong> och <strong>OkCupid<\/strong>. Var och en erbjuder liknande funktioner, \u00e4ven om vissa har specifika fokus. Bumble \u00e4r till exempel utformad speciellt f\u00f6r kvinnor som vill initiera kontakt.<\/p>\n<p>Den viktigaste takeaway h\u00e4r \u00e4r att gratis anslutningssajter \u00e4r ett utm\u00e4rkt alternativ f\u00f6r dem som f\u00f6redrar att vara anonyma. De b\u00f6r dock inte anv\u00e4ndas som ers\u00e4ttning f\u00f6r traditionella dateringsmetoder.<\/p>\n<p>Online dating har blivit allt popul\u00e4rare under de senaste \u00e5ren. Det \u00e4r ingen \u00f6verraskning att fler och fler m\u00e4nniskor v\u00e4nder sig till onlineplattformar f\u00f6r att tr\u00e4ffa potentiella partners. Men m\u00e5nga m\u00e4nniskor \u00e4r fortfarande inte medvetna om f\u00f6rdelarna med lokala anslutningar.<\/p>\n<p>Lokala anslutningar \u00e4r mycket billigare \u00e4n traditionella dejtingsajter, och de erbjuder ett bekv\u00e4mt alternativ f\u00f6r upptagna singlar som inte har tillr\u00e4ckligt med tid att \u00e4gna sig \u00e5t att hitta k\u00e4rlek. Du kan enkelt st\u00e4lla in datum med andra medlemmar inom ditt omr\u00e5de, och du beh\u00f6ver inte oroa dig f\u00f6r att bli avvisad om du inte klickar med n\u00e5gon.<\/p>\n<p>Dessutom \u00e4r lokala anslutningar ett bra alternativ f\u00f6r par som f\u00f6rs\u00f6ker spara pengar samtidigt som de uppr\u00e4tth\u00e5ller ett l\u00e5ngsiktigt f\u00f6rh\u00e5llande. M\u00e5nga v\u00e4ljer att betala f\u00f6r ett medlemskap p\u00e5 en dejtingsajt, men de tr\u00e4ffar s\u00e4llan n\u00e5gon som \u00e4r v\u00e4rd besv\u00e4ret. D\u00e4remot till\u00e5ter lokala anslutningar dig att ansluta till andra utan att spendera en krona.<\/p>\n<p>Det finns m\u00e5nga anledningar att prova lokala anslutningar, och du kan l\u00e4ra dig mer om dem h\u00e4r.<\/p>\n","protected":false},"excerpt":{"rendered":"<p>Det finns m\u00e5nga olika typer av gratis anslutningswebbplatser tillg\u00e4ngliga online idag. Vissa \u00e4r inriktade p\u00e5 tillf\u00e4lliga m\u00f6ten medan andra tillgodoser l\u00e5ngsiktiga relationer. Gratis anslutningswebbplatser erbjuder ett brett utbud av funktioner, inklusive chattrum, videochattar, snabbmeddelandetj\u00e4nster och mycket mer. M\u00e5nga av dessa webbplatser till\u00e5ter medlemmar att skapa profiler d\u00e4r de kan ladda upp foton, skriva korta bios &#8230; <a title=\"Typer av anslutningswebbplatser\" class=\"read-more\" href=\"http:\/\/nosesso.net\/sv\/typer-av-anslutningswebbplatser\/\" aria-label=\"Mer p\u00e5 Typer av anslutningswebbplatser\">L\u00e4s mer<\/a><\/p>\n","protected":false},"author":1,"featured_media":0,"parent":0,"menu_order":0,"comment_status":"closed","ping_status":"closed","template":"","meta":[],"yoast_head":"<!-- This site is optimized with the Yoast SEO plugin v17.7.1 - https:\/\/yoast.com\/wordpress\/plugins\/seo\/ -->\n<title>Typer av anslutningswebbplatser - No Sesso<\/title>\n<meta name=\"robots\" content=\"index, follow, max-snippet:-1, max-image-preview:large, max-video-preview:-1\" \/>\n<link rel=\"canonical\" href=\"http:\/\/nosesso.net\/sv\/typer-av-anslutningswebbplatser\/\" \/>\n<meta property=\"og:locale\" content=\"sv_SE\" \/>\n<meta property=\"og:type\" content=\"article\" \/>\n<meta property=\"og:title\" content=\"Typer av anslutningswebbplatser - No Sesso\" \/>\n<meta property=\"og:description\" content=\"Det finns m\u00e5nga olika typer av gratis anslutningswebbplatser tillg\u00e4ngliga online idag. Vissa \u00e4r inriktade p\u00e5 tillf\u00e4lliga m\u00f6ten medan andra tillgodoser l\u00e5ngsiktiga relationer. Gratis anslutningswebbplatser erbjuder ett brett utbud av funktioner, inklusive chattrum, videochattar, snabbmeddelandetj\u00e4nster och mycket mer. M\u00e5nga av dessa webbplatser till\u00e5ter medlemmar att skapa profiler d\u00e4r de kan ladda upp foton, skriva korta bios ... L\u00e4s mer\" \/>\n<meta property=\"og:url\" content=\"http:\/\/nosesso.net\/sv\/typer-av-anslutningswebbplatser\/\" \/>\n<meta property=\"og:site_name\" content=\"No Sesso\" \/>\n<meta property=\"og:image\" content=\"http:\/\/nosesso.net\/wp-content\/uploads\/2022\/06\/heart-dating-1024x658.jpeg\" \/>\n<meta name=\"twitter:card\" content=\"summary_large_image\" \/>\n<meta name=\"twitter:label1\" content=\"Ber\u00e4knad l\u00e4stid\" \/>\n\t<meta name=\"twitter:data1\" content=\"3 minuter\" \/>\n<script type=\"application\/ld+json\" class=\"yoast-schema-graph\">{\"@context\":\"https:\/\/schema.org\",\"@graph\":[{\"@type\":\"WebSite\",\"@id\":\"https:\/\/nosesso.net\/#website\",\"url\":\"https:\/\/nosesso.net\/\",\"name\":\"No Sesso\",\"description\":\"Real Dating Reviews\",\"potentialAction\":[{\"@type\":\"SearchAction\",\"target\":{\"@type\":\"EntryPoint\",\"urlTemplate\":\"https:\/\/nosesso.net\/?s={search_term_string}\"},\"query-input\":\"required name=search_term_string\"}],\"inLanguage\":\"sv-SE\"},{\"@type\":\"ImageObject\",\"@id\":\"http:\/\/nosesso.net\/sv\/typer-av-anslutningswebbplatser\/#primaryimage\",\"inLanguage\":\"sv-SE\",\"url\":\"http:\/\/nosesso.net\/wp-content\/uploads\/2022\/06\/heart-dating.jpeg\",\"contentUrl\":\"http:\/\/nosesso.net\/wp-content\/uploads\/2022\/06\/heart-dating.jpeg\",\"width\":1167,\"height\":750},{\"@type\":\"WebPage\",\"@id\":\"http:\/\/nosesso.net\/sv\/typer-av-anslutningswebbplatser\/#webpage\",\"url\":\"http:\/\/nosesso.net\/sv\/typer-av-anslutningswebbplatser\/\",\"name\":\"Typer av anslutningswebbplatser - No Sesso\",\"isPartOf\":{\"@id\":\"https:\/\/nosesso.net\/#website\"},\"primaryImageOfPage\":{\"@id\":\"http:\/\/nosesso.net\/sv\/typer-av-anslutningswebbplatser\/#primaryimage\"},\"datePublished\":\"2022-06-23T10:45:34+00:00\",\"dateModified\":\"2022-06-23T10:45:34+00:00\",\"breadcrumb\":{\"@id\":\"http:\/\/nosesso.net\/sv\/typer-av-anslutningswebbplatser\/#breadcrumb\"},\"inLanguage\":\"sv-SE\",\"potentialAction\":[{\"@type\":\"ReadAction\",\"target\":[\"http:\/\/nosesso.net\/sv\/typer-av-anslutningswebbplatser\/\"]}]},{\"@type\":\"BreadcrumbList\",\"@id\":\"http:\/\/nosesso.net\/sv\/typer-av-anslutningswebbplatser\/#breadcrumb\",\"itemListElement\":[{\"@type\":\"ListItem\",\"position\":1,\"name\":\"Home\",\"item\":\"http:\/\/nosesso.net\/sv\/\"},{\"@type\":\"ListItem\",\"position\":2,\"name\":\"Typer av anslutningswebbplatser\"}]}]}<\/script>\n<!-- \/ Yoast SEO plugin. -->","yoast_head_json":{"title":"Typer av anslutningswebbplatser - No Sesso","robots":{"index":"index","follow":"follow","max-snippet":"max-snippet:-1","max-image-preview":"max-image-preview:large","max-video-preview":"max-video-preview:-1"},"canonical":"http:\/\/nosesso.net\/sv\/typer-av-anslutningswebbplatser\/","og_locale":"sv_SE","og_type":"article","og_title":"Typer av anslutningswebbplatser - No Sesso","og_description":"Det finns m\u00e5nga olika typer av gratis anslutningswebbplatser tillg\u00e4ngliga online idag. Vissa \u00e4r inriktade p\u00e5 tillf\u00e4lliga m\u00f6ten medan andra tillgodoser l\u00e5ngsiktiga relationer. Gratis anslutningswebbplatser erbjuder ett brett utbud av funktioner, inklusive chattrum, videochattar, snabbmeddelandetj\u00e4nster och mycket mer. M\u00e5nga av dessa webbplatser till\u00e5ter medlemmar att skapa profiler d\u00e4r de kan ladda upp foton, skriva korta bios ... L\u00e4s mer","og_url":"http:\/\/nosesso.net\/sv\/typer-av-anslutningswebbplatser\/","og_site_name":"No Sesso","og_image":[{"url":"http:\/\/nosesso.net\/wp-content\/uploads\/2022\/06\/heart-dating-1024x658.jpeg"}],"twitter_card":"summary_large_image","twitter_misc":{"Ber\u00e4knad l\u00e4stid":"3 minuter"},"schema":{"@context":"https:\/\/schema.org","@graph":[{"@type":"WebSite","@id":"https:\/\/nosesso.net\/#website","url":"https:\/\/nosesso.net\/","name":"No Sesso","description":"Real Dating Reviews","potentialAction":[{"@type":"SearchAction","target":{"@type":"EntryPoint","urlTemplate":"https:\/\/nosesso.net\/?s={search_term_string}"},"query-input":"required name=search_term_string"}],"inLanguage":"sv-SE"},{"@type":"ImageObject","@id":"http:\/\/nosesso.net\/sv\/typer-av-anslutningswebbplatser\/#primaryimage","inLanguage":"sv-SE","url":"http:\/\/nosesso.net\/wp-content\/uploads\/2022\/06\/heart-dating.jpeg","contentUrl":"http:\/\/nosesso.net\/wp-content\/uploads\/2022\/06\/heart-dating.jpeg","width":1167,"height":750},{"@type":"WebPage","@id":"http:\/\/nosesso.net\/sv\/typer-av-anslutningswebbplatser\/#webpage","url":"http:\/\/nosesso.net\/sv\/typer-av-anslutningswebbplatser\/","name":"Typer av anslutningswebbplatser - No Sesso","isPartOf":{"@id":"https:\/\/nosesso.net\/#website"},"primaryImageOfPage":{"@id":"http:\/\/nosesso.net\/sv\/typer-av-anslutningswebbplatser\/#primaryimage"},"datePublished":"2022-06-23T10:45:34+00:00","dateModified":"2022-06-23T10:45:34+00:00","breadcrumb":{"@id":"http:\/\/nosesso.net\/sv\/typer-av-anslutningswebbplatser\/#breadcrumb"},"inLanguage":"sv-SE","potentialAction":[{"@type":"ReadAction","target":["http:\/\/nosesso.net\/sv\/typer-av-anslutningswebbplatser\/"]}]},{"@type":"BreadcrumbList","@id":"http:\/\/nosesso.net\/sv\/typer-av-anslutningswebbplatser\/#breadcrumb","itemListElement":[{"@type":"ListItem","position":1,"name":"Home","item":"http:\/\/nosesso.net\/sv\/"},{"@type":"ListItem","position":2,"name":"Typer av anslutningswebbplatser"}]}]}},"_links":{"self":[{"href":"http:\/\/nosesso.net\/sv\/wp-json\/wp\/v2\/pages\/163"}],"collection":[{"href":"http:\/\/nosesso.net\/sv\/wp-json\/wp\/v2\/pages"}],"about":[{"href":"http:\/\/nosesso.net\/sv\/wp-json\/wp\/v2\/types\/page"}],"author":[{"embeddable":true,"href":"http:\/\/nosesso.net\/sv\/wp-json\/wp\/v2\/users\/1"}],"replies":[{"embeddable":true,"href":"http:\/\/nosesso.net\/sv\/wp-json\/wp\/v2\/comments?post=163"}],"version-history":[{"count":0,"href":"http:\/\/nosesso.net\/sv\/wp-json\/wp\/v2\/pages\/163\/revisions"}],"wp:attachment":[{"href":"http:\/\/nosesso.net\/sv\/wp-json\/wp\/v2\/media?parent=163"}],"curies":[{"name":"wp","href":"https:\/\/api.w.org\/{rel}","templated":true}]}}