{"id":235,"date":"2022-06-23T11:47:57","date_gmt":"2022-06-23T10:47:57","guid":{"rendered":"http:\/\/nosesso.net\/gratis-casual-sex-dating-sites\/"},"modified":"2022-06-23T11:47:57","modified_gmt":"2022-06-23T10:47:57","slug":"gratis-casual-sex-dating-sites","status":"publish","type":"page","link":"https:\/\/nosesso.net\/da\/gratis-casual-sex-dating-sites\/","title":{"rendered":"Gratis Casual Sex Dating Sites"},"content":{"rendered":"<p>OkCupid giver dig mulighed for <a href=\"http:\/\/nosesso.net\/free-hookup-sites\/\">at gennemse medlemsprofiler<\/a> og sende beskeder til interesserede parter. Det tilbyder ogs\u00e5 funktioner som live chat, videochat og gruppechats. Endelig giver PlentyOfFish dig mulighed for at gennemse tusindvis af profiler p\u00e5 \u00e9n gang. Du kan derefter sortere dem efter alder, k\u00f8n, interesser og meget mere.<\/p>\n<p>Tinder er et andet godt sted at finde afslappede datoer. Det er en <a href=\"http:\/\/nosesso.net\/types-of-hookup-sites\/\">mobilapp<\/a> , der forbinder singler baseret p\u00e5 deres f\u00e6lles interesser. N\u00e5r du har downloadet appen, kan du stryge til venstre eller h\u00f8jre for at se profiler. Derefter kan du sende beskeder til interesserede parter og arrangere at m\u00f8des i det virkelige liv.<\/p>\n<p>Mens nogle af disse websteder har eksisteret i \u00e5revis, er andre relativt nye. Hvis du ikke er bekendt med nogen af disse sider, kan du tjekke vores guide til de 10 bedste online dating hjemmesider. Vi har inkluderet oplysninger om hvert websteds funktioner, omkostninger og sikkerhedsproblemer.<\/p>\n<p><img loading=\"lazy\" class=\"aligncenter wp-image-52\" src=\"http:\/\/nosesso.net\/wp-content\/uploads\/2022\/06\/online-sex-chat-1024x682.jpeg\" alt=\"\" width=\"675\" height=\"449\" srcset=\"https:\/\/nosesso.net\/wp-content\/uploads\/2022\/06\/online-sex-chat-1024x682.jpeg 1024w, https:\/\/nosesso.net\/wp-content\/uploads\/2022\/06\/online-sex-chat-300x200.jpeg 300w, https:\/\/nosesso.net\/wp-content\/uploads\/2022\/06\/online-sex-chat-768x511.jpeg 768w, https:\/\/nosesso.net\/wp-content\/uploads\/2022\/06\/online-sex-chat-1536x1022.jpeg 1536w, https:\/\/nosesso.net\/wp-content\/uploads\/2022\/06\/online-sex-chat.jpeg 1600w\" sizes=\"(max-width: 675px) 100vw, 675px\" \/><\/p>\n<h2>S\u00e5dan chatter du online<\/h2>\n<p>N\u00e5r du har fundet et par gode muligheder, skal du tilmelde dig en af dem. Begynd derefter at gennemse profiler og sende beskeder til interesserede parter. N\u00e5r du finder nogen, du kan lide, s\u00e5 sp\u00f8rg dem ud via sms eller e-mail. Hvis de accepterer, kan du planl\u00e6gge en date og tage p\u00e5 din f\u00f8rste date sammen!<\/p>\n<p>Lokale tilslutninger bliver stadig mere popul\u00e6re blandt singler, der \u00f8nsker at m\u00f8de nogen i n\u00e6rheden. Det er nemt at oprette en profil p\u00e5 websteder som Craigslist, PlentyOfFish og OkCupid, hvor du kan gennemse tusindvis af lokale medlemmer inden for f\u00e5 minutter.<\/p>\n<p>Det er vigtigt at huske, at disse typer af online datingsider ikke kun er til afslappede m\u00f8der. De er designet til at forbinde mennesker, der deler lignende interesser og v\u00e6rdier. S\u00e5 hvis du leder efter et seri\u00f8st forhold, kan du pr\u00f8ve en anden type websted.<\/p>\n<p>For eksempel har Match.com et afsnit kaldet Singles Near Me, der giver dig mulighed for at filtrere dine kampe baseret p\u00e5 placering. Det samme g\u00e6lder for eHarmony, Zoosk og andre steder.<\/p>\n<h2>Vores r\u00e5d om at pr\u00f8ve chatrum<\/h2>\n<p>Voksne chatrum er et godt sted at m\u00f8de andre singler, der deler lignende interesser. Der er mange forskellige typer voksne chatrum, herunder videochatrum, webcam chatrum og tekstchatrum. Chatrum er en sjov m\u00e5de at komme i kontakt med andre p\u00e5 og l\u00e6re mere om dig selv.<\/p>\n<p>Der er flere fordele ved at chatte online. For eksempel kan du tale med nogen fra hvor som helst i verden, og du kan g\u00f8re det uden at skulle betale noget. Derudover kan du v\u00e6lge, om du vil kommunikere via lyd eller video, og du kan indstille dine egne pr\u00e6ferencer.<\/p>\n<p>En af de bedste dele af voksne chatrum er, at du kan m\u00f8de mennesker fra hele verden. Det betyder ikke noget, om du er interesseret i at m\u00f8de folk fra et andet land eller bare vil m\u00f8de mennesker i n\u00e6rheden. Voksne chatrum giver dig mulighed for at interagere med mennesker fra alle samfundslag.<\/p>\n","protected":false},"excerpt":{"rendered":"<p>OkCupid giver dig mulighed for at gennemse medlemsprofiler og sende beskeder til interesserede parter. Det tilbyder ogs\u00e5 funktioner som live chat, videochat og gruppechats. Endelig giver PlentyOfFish dig mulighed for at gennemse tusindvis af profiler p\u00e5 \u00e9n gang. Du kan derefter sortere dem efter alder, k\u00f8n, interesser og meget mere. Tinder er et andet godt &#8230; <a title=\"Gratis Casual Sex Dating Sites\" class=\"read-more\" href=\"https:\/\/nosesso.net\/da\/gratis-casual-sex-dating-sites\/\" aria-label=\"More on Gratis Casual Sex Dating Sites\">L\u00e6s mere <\/a><\/p>\n","protected":false},"author":1,"featured_media":0,"parent":0,"menu_order":0,"comment_status":"closed","ping_status":"closed","template":"","meta":[],"yoast_head":"<!-- This site is optimized with the Yoast SEO plugin v17.7.1 - https:\/\/yoast.com\/wordpress\/plugins\/seo\/ -->\n<title>Gratis Casual Sex Dating Sites - No Sesso<\/title>\n<meta name=\"robots\" content=\"index, follow, max-snippet:-1, max-image-preview:large, max-video-preview:-1\" \/>\n<link rel=\"canonical\" href=\"https:\/\/nosesso.net\/da\/gratis-casual-sex-dating-sites\/\" \/>\n<meta property=\"og:locale\" content=\"da_DK\" \/>\n<meta property=\"og:type\" content=\"article\" \/>\n<meta property=\"og:title\" content=\"Gratis Casual Sex Dating Sites - No Sesso\" \/>\n<meta property=\"og:description\" content=\"OkCupid giver dig mulighed for at gennemse medlemsprofiler og sende beskeder til interesserede parter. Det tilbyder ogs\u00e5 funktioner som live chat, videochat og gruppechats. Endelig giver PlentyOfFish dig mulighed for at gennemse tusindvis af profiler p\u00e5 \u00e9n gang. Du kan derefter sortere dem efter alder, k\u00f8n, interesser og meget mere. Tinder er et andet godt ... L\u00e6s mere\" \/>\n<meta property=\"og:url\" content=\"https:\/\/nosesso.net\/da\/gratis-casual-sex-dating-sites\/\" \/>\n<meta property=\"og:site_name\" content=\"No Sesso\" \/>\n<meta property=\"og:image\" content=\"http:\/\/nosesso.net\/wp-content\/uploads\/2022\/06\/online-sex-chat-1024x682.jpeg\" \/>\n<meta name=\"twitter:card\" content=\"summary_large_image\" \/>\n<meta name=\"twitter:label1\" content=\"Estimeret l\u00e6setid\" \/>\n\t<meta name=\"twitter:data1\" content=\"3 minutter\" \/>\n<script type=\"application\/ld+json\" class=\"yoast-schema-graph\">{\"@context\":\"https:\/\/schema.org\",\"@graph\":[{\"@type\":\"WebSite\",\"@id\":\"https:\/\/nosesso.net\/#website\",\"url\":\"https:\/\/nosesso.net\/\",\"name\":\"No Sesso\",\"description\":\"Real Dating Reviews\",\"potentialAction\":[{\"@type\":\"SearchAction\",\"target\":{\"@type\":\"EntryPoint\",\"urlTemplate\":\"https:\/\/nosesso.net\/?s={search_term_string}\"},\"query-input\":\"required name=search_term_string\"}],\"inLanguage\":\"da-DK\"},{\"@type\":\"ImageObject\",\"@id\":\"https:\/\/nosesso.net\/da\/gratis-casual-sex-dating-sites\/#primaryimage\",\"inLanguage\":\"da-DK\",\"url\":\"http:\/\/nosesso.net\/wp-content\/uploads\/2022\/06\/online-sex-chat-1024x682.jpeg\",\"contentUrl\":\"http:\/\/nosesso.net\/wp-content\/uploads\/2022\/06\/online-sex-chat-1024x682.jpeg\"},{\"@type\":\"WebPage\",\"@id\":\"https:\/\/nosesso.net\/da\/gratis-casual-sex-dating-sites\/#webpage\",\"url\":\"https:\/\/nosesso.net\/da\/gratis-casual-sex-dating-sites\/\",\"name\":\"Gratis Casual Sex Dating Sites - No Sesso\",\"isPartOf\":{\"@id\":\"https:\/\/nosesso.net\/#website\"},\"primaryImageOfPage\":{\"@id\":\"https:\/\/nosesso.net\/da\/gratis-casual-sex-dating-sites\/#primaryimage\"},\"datePublished\":\"2022-06-23T10:47:57+00:00\",\"dateModified\":\"2022-06-23T10:47:57+00:00\",\"breadcrumb\":{\"@id\":\"https:\/\/nosesso.net\/da\/gratis-casual-sex-dating-sites\/#breadcrumb\"},\"inLanguage\":\"da-DK\",\"potentialAction\":[{\"@type\":\"ReadAction\",\"target\":[\"https:\/\/nosesso.net\/da\/gratis-casual-sex-dating-sites\/\"]}]},{\"@type\":\"BreadcrumbList\",\"@id\":\"https:\/\/nosesso.net\/da\/gratis-casual-sex-dating-sites\/#breadcrumb\",\"itemListElement\":[{\"@type\":\"ListItem\",\"position\":1,\"name\":\"Home\",\"item\":\"https:\/\/nosesso.net\/da\/\"},{\"@type\":\"ListItem\",\"position\":2,\"name\":\"Gratis Casual Sex Dating Sites\"}]}]}<\/script>\n<!-- \/ Yoast SEO plugin. -->","yoast_head_json":{"title":"Gratis Casual Sex Dating Sites - No Sesso","robots":{"index":"index","follow":"follow","max-snippet":"max-snippet:-1","max-image-preview":"max-image-preview:large","max-video-preview":"max-video-preview:-1"},"canonical":"https:\/\/nosesso.net\/da\/gratis-casual-sex-dating-sites\/","og_locale":"da_DK","og_type":"article","og_title":"Gratis Casual Sex Dating Sites - No Sesso","og_description":"OkCupid giver dig mulighed for at gennemse medlemsprofiler og sende beskeder til interesserede parter. Det tilbyder ogs\u00e5 funktioner som live chat, videochat og gruppechats. Endelig giver PlentyOfFish dig mulighed for at gennemse tusindvis af profiler p\u00e5 \u00e9n gang. Du kan derefter sortere dem efter alder, k\u00f8n, interesser og meget mere. Tinder er et andet godt ... L\u00e6s mere","og_url":"https:\/\/nosesso.net\/da\/gratis-casual-sex-dating-sites\/","og_site_name":"No Sesso","og_image":[{"url":"http:\/\/nosesso.net\/wp-content\/uploads\/2022\/06\/online-sex-chat-1024x682.jpeg"}],"twitter_card":"summary_large_image","twitter_misc":{"Estimeret l\u00e6setid":"3 minutter"},"schema":{"@context":"https:\/\/schema.org","@graph":[{"@type":"WebSite","@id":"https:\/\/nosesso.net\/#website","url":"https:\/\/nosesso.net\/","name":"No Sesso","description":"Real Dating Reviews","potentialAction":[{"@type":"SearchAction","target":{"@type":"EntryPoint","urlTemplate":"https:\/\/nosesso.net\/?s={search_term_string}"},"query-input":"required name=search_term_string"}],"inLanguage":"da-DK"},{"@type":"ImageObject","@id":"https:\/\/nosesso.net\/da\/gratis-casual-sex-dating-sites\/#primaryimage","inLanguage":"da-DK","url":"http:\/\/nosesso.net\/wp-content\/uploads\/2022\/06\/online-sex-chat-1024x682.jpeg","contentUrl":"http:\/\/nosesso.net\/wp-content\/uploads\/2022\/06\/online-sex-chat-1024x682.jpeg"},{"@type":"WebPage","@id":"https:\/\/nosesso.net\/da\/gratis-casual-sex-dating-sites\/#webpage","url":"https:\/\/nosesso.net\/da\/gratis-casual-sex-dating-sites\/","name":"Gratis Casual Sex Dating Sites - No Sesso","isPartOf":{"@id":"https:\/\/nosesso.net\/#website"},"primaryImageOfPage":{"@id":"https:\/\/nosesso.net\/da\/gratis-casual-sex-dating-sites\/#primaryimage"},"datePublished":"2022-06-23T10:47:57+00:00","dateModified":"2022-06-23T10:47:57+00:00","breadcrumb":{"@id":"https:\/\/nosesso.net\/da\/gratis-casual-sex-dating-sites\/#breadcrumb"},"inLanguage":"da-DK","potentialAction":[{"@type":"ReadAction","target":["https:\/\/nosesso.net\/da\/gratis-casual-sex-dating-sites\/"]}]},{"@type":"BreadcrumbList","@id":"https:\/\/nosesso.net\/da\/gratis-casual-sex-dating-sites\/#breadcrumb","itemListElement":[{"@type":"ListItem","position":1,"name":"Home","item":"https:\/\/nosesso.net\/da\/"},{"@type":"ListItem","position":2,"name":"Gratis Casual Sex Dating Sites"}]}]}},"_links":{"self":[{"href":"https:\/\/nosesso.net\/da\/wp-json\/wp\/v2\/pages\/235"}],"collection":[{"href":"https:\/\/nosesso.net\/da\/wp-json\/wp\/v2\/pages"}],"about":[{"href":"https:\/\/nosesso.net\/da\/wp-json\/wp\/v2\/types\/page"}],"author":[{"embeddable":true,"href":"https:\/\/nosesso.net\/da\/wp-json\/wp\/v2\/users\/1"}],"replies":[{"embeddable":true,"href":"https:\/\/nosesso.net\/da\/wp-json\/wp\/v2\/comments?post=235"}],"version-history":[{"count":0,"href":"https:\/\/nosesso.net\/da\/wp-json\/wp\/v2\/pages\/235\/revisions"}],"wp:attachment":[{"href":"https:\/\/nosesso.net\/da\/wp-json\/wp\/v2\/media?parent=235"}],"curies":[{"name":"wp","href":"https:\/\/api.w.org\/{rel}","templated":true}]}}