{"id":238,"date":"2022-06-23T11:51:14","date_gmt":"2022-06-23T10:51:14","guid":{"rendered":"http:\/\/nosesso.net\/lokale-tilslutningssteder\/"},"modified":"2022-06-23T11:51:14","modified_gmt":"2022-06-23T10:51:14","slug":"lokale-tilslutningssteder","status":"publish","type":"page","link":"https:\/\/nosesso.net\/da\/lokale-tilslutningssteder\/","title":{"rendered":"Lokale tilslutningssteder"},"content":{"rendered":"<p>Tilslutning er sjovt, sp\u00e6ndende og nogle gange endda romantisk. Men hvis du leder efter et lokalt tilslutningssted, kan du blive skuffet. Det skyldes, <a href=\"http:\/\/nosesso.net\/free-casual-sex-dating-sites\/\">at de fleste tilslutningsapps<\/a> er designet til at forbinde mennesker, der er langt fra hinanden.<\/p>\n<p>Men der er masser af steder, hvor du kan m\u00f8de nogen i n\u00e6rheden. Uanset om du leder efter afslappet sex eller et forhold, tilbyder disse steder et sikkert milj\u00f8, hvor du kan hygge dig uden at skulle bekymre dig om at blive d\u00f8mt eller afvist.<\/p>\n<p><img loading=\"lazy\" class=\"aligncenter size-full wp-image-54\" src=\"http:\/\/nosesso.net\/wp-content\/uploads\/2022\/06\/find-dates.jpeg\" alt=\"\" width=\"500\" height=\"750\" srcset=\"https:\/\/nosesso.net\/wp-content\/uploads\/2022\/06\/find-dates.jpeg 500w, https:\/\/nosesso.net\/wp-content\/uploads\/2022\/06\/find-dates-200x300.jpeg 200w\" sizes=\"(max-width: 500px) 100vw, 500px\" \/><\/p>\n<p>Her er fem popul\u00e6re tilslutningssteder i n\u00e6rheden af dig:<\/p>\n<h3>1. Offentlige parker<\/h3>\n<p>Offentlige parker er perfekte til at m\u00f8de singler. Der er ingen regler eller forventninger, s\u00e5 du kan bare slappe af og hygge dig. Plus, du vil sandsynligvis l\u00f8be ind i mange andre mennesker, der g\u00f8r det samme.<\/p>\n<h3>2. Barer<\/h3>\n<p>Barer er et andet godt sted at m\u00f8de mennesker. Folk har en tendens til at h\u00e6nge ud i barer efter arbejde, s\u00e5 det er let at indlede samtaler med fremmede.<\/p>\n<h3>3. Kaffebarer<\/h3>\n<p>Kaffebarer er et godt sted at m\u00f8de mennesker, is\u00e6r hvis du leder efter noget seri\u00f8st. Det er en lavtryksindstilling, s\u00e5 du kan tale frit og \u00e5bent om alt.<\/p>\n<h3>4. Biblioteker<\/h3>\n<p>Biblioteker er et godt sted at <a href=\"http:\/\/nosesso.net\/where-to-find-people-of-similar-interests\/\">finde k\u00e6rligheden<\/a>. Ikke alene er de gratis, men de er ogs\u00e5 rolige og afslappende. Og da du er omgivet af b\u00f8ger, vil du f\u00f8le dig mere komfortabel med at tale om personlige emner.<\/p>\n<h3>5. Hoteller<\/h3>\n<p>Hoteller er et godt sted at g\u00e5, hvis du leder efter lidt alenetid. Du kan have privatliv og stadig v\u00e6re t\u00e6t nok p\u00e5 andre mennesker til nemt at m\u00f8de nye venner.<\/p>\n<p>S\u00e5 uanset om du leder efter et one night stand eller et langvarigt forhold, er disse steder en god mulighed.<\/p>\n<h3>6. Sex dating apps<\/h3>\n<p>Der er mange forskellige former for sex dating sites tilg\u00e6ngelige i dag, herunder dem, der fokuserer p\u00e5 bestemte aldersgrupper, etniciteter og steder. Nogle websteder fokuserer udelukkende p\u00e5 voksne forhold, mens andre henvender sig til alle fra teenagere til seniorer.<\/p>\n<p>Uanset hvor du beslutter dig for at tilmelde dig, skal du s\u00f8rge for at v\u00e6lge en velrenommeret tjeneste. Tjek anmeldelser og vurderinger for at afg\u00f8re, om et bestemt websted har ry for at v\u00e6re trov\u00e6rdigt eller ej. Overvej ogs\u00e5 omkostningerne ved medlemskab; hvis du skal betale for et abonnement, kan du lige s\u00e5 godt f\u00e5 v\u00e6rdi for pengene.<\/p>\n<p>N\u00e5r du har tilmeldt dig, modtager du e-mails fra webstedet, der beder dig om at udfylde profilsp\u00f8rgsm\u00e5l og uploade fotos. N\u00e5r du har udf\u00f8rt disse opgaver, kan du gennemse profiler fra andre medlemmer. Du kan derefter sende en besked til alle, du gerne vil m\u00f8de.<\/p>\n<p>N\u00e5r du har fundet nogen, du gerne vil tale med, kan du arrangere at m\u00f8des personligt. Sex dating sites tilbyder typisk en r\u00e6kke forskellige m\u00e5der for medlemmer at kommunikere med hinanden, herunder tekstbeskeder, telefonopkald, videochats og online beskeder.<\/p>\n<p>Den mest almindelige kommunikationsmetode er via tekstbeskeder. Nogle websteder tillader dog ogs\u00e5 medlemmer at sende telefonsvarer eller bruge apps til at optage lydbeskeder. Jo flere muligheder du har, jo lettere bliver det at oprette datoer med andre medlemmer.<\/p>\n","protected":false},"excerpt":{"rendered":"<p>Tilslutning er sjovt, sp\u00e6ndende og nogle gange endda romantisk. Men hvis du leder efter et lokalt tilslutningssted, kan du blive skuffet. Det skyldes, at de fleste tilslutningsapps er designet til at forbinde mennesker, der er langt fra hinanden. Men der er masser af steder, hvor du kan m\u00f8de nogen i n\u00e6rheden. Uanset om du leder &#8230; <a title=\"Lokale tilslutningssteder\" class=\"read-more\" href=\"https:\/\/nosesso.net\/da\/lokale-tilslutningssteder\/\" aria-label=\"More on Lokale tilslutningssteder\">L\u00e6s mere <\/a><\/p>\n","protected":false},"author":1,"featured_media":0,"parent":0,"menu_order":0,"comment_status":"closed","ping_status":"closed","template":"","meta":[],"yoast_head":"<!-- This site is optimized with the Yoast SEO plugin v17.7.1 - https:\/\/yoast.com\/wordpress\/plugins\/seo\/ -->\n<title>Lokale tilslutningssteder - No Sesso<\/title>\n<meta name=\"robots\" content=\"index, follow, max-snippet:-1, max-image-preview:large, max-video-preview:-1\" \/>\n<link rel=\"canonical\" href=\"https:\/\/nosesso.net\/da\/lokale-tilslutningssteder\/\" \/>\n<meta property=\"og:locale\" content=\"da_DK\" \/>\n<meta property=\"og:type\" content=\"article\" \/>\n<meta property=\"og:title\" content=\"Lokale tilslutningssteder - No Sesso\" \/>\n<meta property=\"og:description\" content=\"Tilslutning er sjovt, sp\u00e6ndende og nogle gange endda romantisk. Men hvis du leder efter et lokalt tilslutningssted, kan du blive skuffet. Det skyldes, at de fleste tilslutningsapps er designet til at forbinde mennesker, der er langt fra hinanden. Men der er masser af steder, hvor du kan m\u00f8de nogen i n\u00e6rheden. Uanset om du leder ... L\u00e6s mere\" \/>\n<meta property=\"og:url\" content=\"https:\/\/nosesso.net\/da\/lokale-tilslutningssteder\/\" \/>\n<meta property=\"og:site_name\" content=\"No Sesso\" \/>\n<meta property=\"og:image\" content=\"http:\/\/nosesso.net\/wp-content\/uploads\/2022\/06\/find-dates.jpeg\" \/>\n<meta name=\"twitter:card\" content=\"summary_large_image\" \/>\n<meta name=\"twitter:label1\" content=\"Estimeret l\u00e6setid\" \/>\n\t<meta name=\"twitter:data1\" content=\"3 minutter\" \/>\n<script type=\"application\/ld+json\" class=\"yoast-schema-graph\">{\"@context\":\"https:\/\/schema.org\",\"@graph\":[{\"@type\":\"WebSite\",\"@id\":\"https:\/\/nosesso.net\/#website\",\"url\":\"https:\/\/nosesso.net\/\",\"name\":\"No Sesso\",\"description\":\"Real Dating Reviews\",\"potentialAction\":[{\"@type\":\"SearchAction\",\"target\":{\"@type\":\"EntryPoint\",\"urlTemplate\":\"https:\/\/nosesso.net\/?s={search_term_string}\"},\"query-input\":\"required name=search_term_string\"}],\"inLanguage\":\"da-DK\"},{\"@type\":\"ImageObject\",\"@id\":\"https:\/\/nosesso.net\/da\/lokale-tilslutningssteder\/#primaryimage\",\"inLanguage\":\"da-DK\",\"url\":\"http:\/\/nosesso.net\/wp-content\/uploads\/2022\/06\/find-dates.jpeg\",\"contentUrl\":\"http:\/\/nosesso.net\/wp-content\/uploads\/2022\/06\/find-dates.jpeg\"},{\"@type\":\"WebPage\",\"@id\":\"https:\/\/nosesso.net\/da\/lokale-tilslutningssteder\/#webpage\",\"url\":\"https:\/\/nosesso.net\/da\/lokale-tilslutningssteder\/\",\"name\":\"Lokale tilslutningssteder - No Sesso\",\"isPartOf\":{\"@id\":\"https:\/\/nosesso.net\/#website\"},\"primaryImageOfPage\":{\"@id\":\"https:\/\/nosesso.net\/da\/lokale-tilslutningssteder\/#primaryimage\"},\"datePublished\":\"2022-06-23T10:51:14+00:00\",\"dateModified\":\"2022-06-23T10:51:14+00:00\",\"breadcrumb\":{\"@id\":\"https:\/\/nosesso.net\/da\/lokale-tilslutningssteder\/#breadcrumb\"},\"inLanguage\":\"da-DK\",\"potentialAction\":[{\"@type\":\"ReadAction\",\"target\":[\"https:\/\/nosesso.net\/da\/lokale-tilslutningssteder\/\"]}]},{\"@type\":\"BreadcrumbList\",\"@id\":\"https:\/\/nosesso.net\/da\/lokale-tilslutningssteder\/#breadcrumb\",\"itemListElement\":[{\"@type\":\"ListItem\",\"position\":1,\"name\":\"Home\",\"item\":\"http:\/\/nosesso.net\/da\/\"},{\"@type\":\"ListItem\",\"position\":2,\"name\":\"Lokale tilslutningssteder\"}]}]}<\/script>\n<!-- \/ Yoast SEO plugin. -->","yoast_head_json":{"title":"Lokale tilslutningssteder - No Sesso","robots":{"index":"index","follow":"follow","max-snippet":"max-snippet:-1","max-image-preview":"max-image-preview:large","max-video-preview":"max-video-preview:-1"},"canonical":"https:\/\/nosesso.net\/da\/lokale-tilslutningssteder\/","og_locale":"da_DK","og_type":"article","og_title":"Lokale tilslutningssteder - No Sesso","og_description":"Tilslutning er sjovt, sp\u00e6ndende og nogle gange endda romantisk. Men hvis du leder efter et lokalt tilslutningssted, kan du blive skuffet. Det skyldes, at de fleste tilslutningsapps er designet til at forbinde mennesker, der er langt fra hinanden. Men der er masser af steder, hvor du kan m\u00f8de nogen i n\u00e6rheden. Uanset om du leder ... L\u00e6s mere","og_url":"https:\/\/nosesso.net\/da\/lokale-tilslutningssteder\/","og_site_name":"No Sesso","og_image":[{"url":"http:\/\/nosesso.net\/wp-content\/uploads\/2022\/06\/find-dates.jpeg"}],"twitter_card":"summary_large_image","twitter_misc":{"Estimeret l\u00e6setid":"3 minutter"},"schema":{"@context":"https:\/\/schema.org","@graph":[{"@type":"WebSite","@id":"https:\/\/nosesso.net\/#website","url":"https:\/\/nosesso.net\/","name":"No Sesso","description":"Real Dating Reviews","potentialAction":[{"@type":"SearchAction","target":{"@type":"EntryPoint","urlTemplate":"https:\/\/nosesso.net\/?s={search_term_string}"},"query-input":"required name=search_term_string"}],"inLanguage":"da-DK"},{"@type":"ImageObject","@id":"https:\/\/nosesso.net\/da\/lokale-tilslutningssteder\/#primaryimage","inLanguage":"da-DK","url":"http:\/\/nosesso.net\/wp-content\/uploads\/2022\/06\/find-dates.jpeg","contentUrl":"http:\/\/nosesso.net\/wp-content\/uploads\/2022\/06\/find-dates.jpeg"},{"@type":"WebPage","@id":"https:\/\/nosesso.net\/da\/lokale-tilslutningssteder\/#webpage","url":"https:\/\/nosesso.net\/da\/lokale-tilslutningssteder\/","name":"Lokale tilslutningssteder - No Sesso","isPartOf":{"@id":"https:\/\/nosesso.net\/#website"},"primaryImageOfPage":{"@id":"https:\/\/nosesso.net\/da\/lokale-tilslutningssteder\/#primaryimage"},"datePublished":"2022-06-23T10:51:14+00:00","dateModified":"2022-06-23T10:51:14+00:00","breadcrumb":{"@id":"https:\/\/nosesso.net\/da\/lokale-tilslutningssteder\/#breadcrumb"},"inLanguage":"da-DK","potentialAction":[{"@type":"ReadAction","target":["https:\/\/nosesso.net\/da\/lokale-tilslutningssteder\/"]}]},{"@type":"BreadcrumbList","@id":"https:\/\/nosesso.net\/da\/lokale-tilslutningssteder\/#breadcrumb","itemListElement":[{"@type":"ListItem","position":1,"name":"Home","item":"http:\/\/nosesso.net\/da\/"},{"@type":"ListItem","position":2,"name":"Lokale tilslutningssteder"}]}]}},"_links":{"self":[{"href":"https:\/\/nosesso.net\/da\/wp-json\/wp\/v2\/pages\/238"}],"collection":[{"href":"https:\/\/nosesso.net\/da\/wp-json\/wp\/v2\/pages"}],"about":[{"href":"https:\/\/nosesso.net\/da\/wp-json\/wp\/v2\/types\/page"}],"author":[{"embeddable":true,"href":"https:\/\/nosesso.net\/da\/wp-json\/wp\/v2\/users\/1"}],"replies":[{"embeddable":true,"href":"https:\/\/nosesso.net\/da\/wp-json\/wp\/v2\/comments?post=238"}],"version-history":[{"count":0,"href":"https:\/\/nosesso.net\/da\/wp-json\/wp\/v2\/pages\/238\/revisions"}],"wp:attachment":[{"href":"https:\/\/nosesso.net\/da\/wp-json\/wp\/v2\/media?parent=238"}],"curies":[{"name":"wp","href":"https:\/\/api.w.org\/{rel}","templated":true}]}}