{"id":239,"date":"2022-06-23T11:49:10","date_gmt":"2022-06-23T10:49:10","guid":{"rendered":"http:\/\/nosesso.net\/hvor-finder-man-folk-med-lignende-interesser\/"},"modified":"2022-06-23T11:49:10","modified_gmt":"2022-06-23T10:49:10","slug":"hvor-finder-man-folk-med-lignende-interesser","status":"publish","type":"page","link":"https:\/\/nosesso.net\/da\/hvor-finder-man-folk-med-lignende-interesser\/","title":{"rendered":"Hvor finder man folk med lignende interesser"},"content":{"rendered":"<p>Du kan ogs\u00e5 m\u00f8de mennesker, der deler lignende interesser. For eksempel kan du deltage i et gruppechatrum, hvor alle deler de samme hobbyer eller lidenskaber. Disse grupper er en fantastisk m\u00e5de at m\u00f8de folk, der deler dine interesser, og du kan nemt gennemse emnerne for at finde pr\u00e6cis, hvad du leder efter.<\/p>\n<p>Ud over at finde folk med f\u00e6lles interesser kan du ogs\u00e5 finde folk, der leder efter venner. Mange websteder tilbyder gratis chatrum, og disse er en fantastisk m\u00e5de at finde nye venner p\u00e5. Du kan ogs\u00e5 oprette dit eget private chatrum og kun invitere de personer, som du gerne vil bruge tid sammen med.<\/p>\n<p><img loading=\"lazy\" class=\"aligncenter wp-image-53\" src=\"http:\/\/nosesso.net\/wp-content\/uploads\/2022\/06\/love-image-online-1024x683.webp\" alt=\"\" width=\"653\" height=\"435\" srcset=\"https:\/\/nosesso.net\/wp-content\/uploads\/2022\/06\/love-image-online-1024x683.webp 1024w, https:\/\/nosesso.net\/wp-content\/uploads\/2022\/06\/love-image-online-300x200.webp 300w, https:\/\/nosesso.net\/wp-content\/uploads\/2022\/06\/love-image-online-768x512.webp 768w, https:\/\/nosesso.net\/wp-content\/uploads\/2022\/06\/love-image-online.webp 1125w\" sizes=\"(max-width: 653px) 100vw, 653px\" \/><\/p>\n<h2>Chatrooms eller datingapps?<\/h2>\n<p>Den st\u00f8rste fordel ved at deltage i et voksenchatrum er, at du kan have det sjovt, mens du g\u00f8r det. N\u00e5r du g\u00e5r ind i et chatrum, kan du v\u00e6lge enten at lytte til musik eller se videoer. Du kan ogs\u00e5 spille spil eller l\u00e6se b\u00f8ger, og du kan endda deltage i afstemninger eller unders\u00f8gelser.<\/p>\n<p>Mens du chatter, kan du ogs\u00e5 sende beskeder til andre medlemmer. Du kan stille dem sp\u00f8rgsm\u00e5l, fort\u00e6lle dem om dig selv eller blot sige hej. Du kan ogs\u00e5 f\u00f8je venner til din liste over kontakter, hvilket betyder, at du kan holde kontakten med dem, selv efter at du har forladt chatrummet.<\/p>\n<p>For at opsummere det er voksne chatrum en fantastisk m\u00e5de at f\u00e5 nye venner p\u00e5, udforske nye interesser og hygge dig p\u00e5 samme tid. De er ogs\u00e5 en fantastisk m\u00e5de at m\u00f8de nye mennesker p\u00e5, og du kan altid finde noget at lave, n\u00e5r du bes\u00f8ger et chatrum.<\/p>\n<h2>Online Dating Apps kan v\u00e6re bedst<\/h2>\n<p>Sex meet er et udtryk, der bruges til at beskrive online dating sites, hvor medlemmer kan oprette forbindelse til andre, der deler lignende interesser. Der er mange sexm\u00f8desider tilg\u00e6ngelige i dag, herunder AdultFriendFinder, Ashley Madison og Match.com. Disse websteder giver medlemmer mulighed for at gennemse andre medlemmers profiler, sende beskeder og arrangere datoer.<\/p>\n<p>Mens disse typer websteder er gratis, kr\u00e6ver de et betalt abonnement for at f\u00e5 adgang til visse funktioner. For eksempel tilbyder de fleste websteder premium-medlemskabsmuligheder, der inkluderer yderligere meddelelsesfunktioner, avancerede s\u00f8gefiltre og forbedrede profilvisninger.<\/p>\n<p>Der er flere fordele ved at tilmelde dig et sexm\u00f8dewebsted. For det f\u00f8rste kan du nemt finde nogen, der deler dine seksuelle pr\u00e6ferencer. For det andet kan du <a href=\"http:\/\/nosesso.net\/free-hookup-sites\/\">kommunikere med potentielle partnere<\/a> uden at skulle betale for dyre telefonopkald eller tekstbeskeder. For det tredje kan du spare penge ved at m\u00f8de folk gennem et f\u00e6llesskab i stedet for at betale for individuelle tjenester.<\/p>\n<p>Det er ogs\u00e5 let at deltage i et sexm\u00f8dewebsted. Du skal blot oprette en profil og uploade fotos. Kig derefter efter folk, der deler dine interesser, og send dem en besked direkte. Det er s\u00e5 simpelt!<\/p>\n<h2>Hvad med lokale tilslutninger?<\/h2>\n<p>Lokale tilslutninger bliver stadig mere popul\u00e6re blandt singler, der er tr\u00e6tte af de samme gamle online datingsider. Disse websteder er ikke altid effektive, og de kan v\u00e6re dyre, hvis du betaler for medlemsgebyrer hver m\u00e5ned.<\/p>\n<p>I stedet for at betale m\u00e5nedlige gebyrer, kan du pr\u00f8ve <a href=\"http:\/\/nosesso.net\/free-casual-sex-dating-sites\/\">lokale tilslutningsapps<\/a> i stedet. Disse apps giver dig mulighed for at m\u00f8de andre singler i n\u00e6rheden, og du kan normalt oprette forbindelse til dem inden for f\u00e5 minutter. Det er meget lettere at m\u00f8de nogen lokalt end gennem en app, der kr\u00e6ver, at du rejser lange afstande.<\/p>\n<p>Der er mange forskellige typer lokale tilslutningsapps tilg\u00e6ngelige, herunder Tinder, Bumble, Hinge og Plenty of Fish. Hver har sine egne unikke funktioner, s\u00e5 v\u00e6lg den, der bedst passer til dine behov. For eksempel giver Tinder dig mulighed for at stryge til venstre eller h\u00f8jre for at beslutte, om du vil tale med en anden bruger eller ej.<\/p>\n<p>N\u00e5r du har fundet en lokal tilslutningsapp, der fungerer for dig, skal du tilmelde dig og begynde at m\u00f8de nye mennesker i dag!<\/p>\n","protected":false},"excerpt":{"rendered":"<p>Du kan ogs\u00e5 m\u00f8de mennesker, der deler lignende interesser. For eksempel kan du deltage i et gruppechatrum, hvor alle deler de samme hobbyer eller lidenskaber. Disse grupper er en fantastisk m\u00e5de at m\u00f8de folk, der deler dine interesser, og du kan nemt gennemse emnerne for at finde pr\u00e6cis, hvad du leder efter. Ud over at &#8230; <a title=\"Hvor finder man folk med lignende interesser\" class=\"read-more\" href=\"https:\/\/nosesso.net\/da\/hvor-finder-man-folk-med-lignende-interesser\/\" aria-label=\"More on Hvor finder man folk med lignende interesser\">L\u00e6s mere <\/a><\/p>\n","protected":false},"author":1,"featured_media":0,"parent":0,"menu_order":0,"comment_status":"closed","ping_status":"closed","template":"","meta":[],"yoast_head":"<!-- This site is optimized with the Yoast SEO plugin v17.7.1 - https:\/\/yoast.com\/wordpress\/plugins\/seo\/ -->\n<title>Hvor finder man folk med lignende interesser - No Sesso<\/title>\n<meta name=\"robots\" content=\"index, follow, max-snippet:-1, max-image-preview:large, max-video-preview:-1\" \/>\n<link rel=\"canonical\" href=\"https:\/\/nosesso.net\/da\/hvor-finder-man-folk-med-lignende-interesser\/\" \/>\n<meta property=\"og:locale\" content=\"da_DK\" \/>\n<meta property=\"og:type\" content=\"article\" \/>\n<meta property=\"og:title\" content=\"Hvor finder man folk med lignende interesser - No Sesso\" \/>\n<meta property=\"og:description\" content=\"Du kan ogs\u00e5 m\u00f8de mennesker, der deler lignende interesser. For eksempel kan du deltage i et gruppechatrum, hvor alle deler de samme hobbyer eller lidenskaber. Disse grupper er en fantastisk m\u00e5de at m\u00f8de folk, der deler dine interesser, og du kan nemt gennemse emnerne for at finde pr\u00e6cis, hvad du leder efter. Ud over at ... L\u00e6s mere\" \/>\n<meta property=\"og:url\" content=\"https:\/\/nosesso.net\/da\/hvor-finder-man-folk-med-lignende-interesser\/\" \/>\n<meta property=\"og:site_name\" content=\"No Sesso\" \/>\n<meta property=\"og:image\" content=\"http:\/\/nosesso.net\/wp-content\/uploads\/2022\/06\/love-image-online-1024x683.webp\" \/>\n<meta name=\"twitter:card\" content=\"summary_large_image\" \/>\n<meta name=\"twitter:label1\" content=\"Estimeret l\u00e6setid\" \/>\n\t<meta name=\"twitter:data1\" content=\"3 minutter\" \/>\n<script type=\"application\/ld+json\" class=\"yoast-schema-graph\">{\"@context\":\"https:\/\/schema.org\",\"@graph\":[{\"@type\":\"WebSite\",\"@id\":\"https:\/\/nosesso.net\/#website\",\"url\":\"https:\/\/nosesso.net\/\",\"name\":\"No Sesso\",\"description\":\"Real Dating Reviews\",\"potentialAction\":[{\"@type\":\"SearchAction\",\"target\":{\"@type\":\"EntryPoint\",\"urlTemplate\":\"https:\/\/nosesso.net\/?s={search_term_string}\"},\"query-input\":\"required name=search_term_string\"}],\"inLanguage\":\"da-DK\"},{\"@type\":\"ImageObject\",\"@id\":\"https:\/\/nosesso.net\/da\/hvor-finder-man-folk-med-lignende-interesser\/#primaryimage\",\"inLanguage\":\"da-DK\",\"url\":\"http:\/\/nosesso.net\/wp-content\/uploads\/2022\/06\/love-image-online-1024x683.webp\",\"contentUrl\":\"http:\/\/nosesso.net\/wp-content\/uploads\/2022\/06\/love-image-online-1024x683.webp\"},{\"@type\":\"WebPage\",\"@id\":\"https:\/\/nosesso.net\/da\/hvor-finder-man-folk-med-lignende-interesser\/#webpage\",\"url\":\"https:\/\/nosesso.net\/da\/hvor-finder-man-folk-med-lignende-interesser\/\",\"name\":\"Hvor finder man folk med lignende interesser - No Sesso\",\"isPartOf\":{\"@id\":\"https:\/\/nosesso.net\/#website\"},\"primaryImageOfPage\":{\"@id\":\"https:\/\/nosesso.net\/da\/hvor-finder-man-folk-med-lignende-interesser\/#primaryimage\"},\"datePublished\":\"2022-06-23T10:49:10+00:00\",\"dateModified\":\"2022-06-23T10:49:10+00:00\",\"breadcrumb\":{\"@id\":\"https:\/\/nosesso.net\/da\/hvor-finder-man-folk-med-lignende-interesser\/#breadcrumb\"},\"inLanguage\":\"da-DK\",\"potentialAction\":[{\"@type\":\"ReadAction\",\"target\":[\"https:\/\/nosesso.net\/da\/hvor-finder-man-folk-med-lignende-interesser\/\"]}]},{\"@type\":\"BreadcrumbList\",\"@id\":\"https:\/\/nosesso.net\/da\/hvor-finder-man-folk-med-lignende-interesser\/#breadcrumb\",\"itemListElement\":[{\"@type\":\"ListItem\",\"position\":1,\"name\":\"Home\",\"item\":\"http:\/\/nosesso.net\/da\/\"},{\"@type\":\"ListItem\",\"position\":2,\"name\":\"Hvor finder man folk med lignende interesser\"}]}]}<\/script>\n<!-- \/ Yoast SEO plugin. -->","yoast_head_json":{"title":"Hvor finder man folk med lignende interesser - No Sesso","robots":{"index":"index","follow":"follow","max-snippet":"max-snippet:-1","max-image-preview":"max-image-preview:large","max-video-preview":"max-video-preview:-1"},"canonical":"https:\/\/nosesso.net\/da\/hvor-finder-man-folk-med-lignende-interesser\/","og_locale":"da_DK","og_type":"article","og_title":"Hvor finder man folk med lignende interesser - No Sesso","og_description":"Du kan ogs\u00e5 m\u00f8de mennesker, der deler lignende interesser. For eksempel kan du deltage i et gruppechatrum, hvor alle deler de samme hobbyer eller lidenskaber. Disse grupper er en fantastisk m\u00e5de at m\u00f8de folk, der deler dine interesser, og du kan nemt gennemse emnerne for at finde pr\u00e6cis, hvad du leder efter. Ud over at ... L\u00e6s mere","og_url":"https:\/\/nosesso.net\/da\/hvor-finder-man-folk-med-lignende-interesser\/","og_site_name":"No Sesso","og_image":[{"url":"http:\/\/nosesso.net\/wp-content\/uploads\/2022\/06\/love-image-online-1024x683.webp"}],"twitter_card":"summary_large_image","twitter_misc":{"Estimeret l\u00e6setid":"3 minutter"},"schema":{"@context":"https:\/\/schema.org","@graph":[{"@type":"WebSite","@id":"https:\/\/nosesso.net\/#website","url":"https:\/\/nosesso.net\/","name":"No Sesso","description":"Real Dating Reviews","potentialAction":[{"@type":"SearchAction","target":{"@type":"EntryPoint","urlTemplate":"https:\/\/nosesso.net\/?s={search_term_string}"},"query-input":"required name=search_term_string"}],"inLanguage":"da-DK"},{"@type":"ImageObject","@id":"https:\/\/nosesso.net\/da\/hvor-finder-man-folk-med-lignende-interesser\/#primaryimage","inLanguage":"da-DK","url":"http:\/\/nosesso.net\/wp-content\/uploads\/2022\/06\/love-image-online-1024x683.webp","contentUrl":"http:\/\/nosesso.net\/wp-content\/uploads\/2022\/06\/love-image-online-1024x683.webp"},{"@type":"WebPage","@id":"https:\/\/nosesso.net\/da\/hvor-finder-man-folk-med-lignende-interesser\/#webpage","url":"https:\/\/nosesso.net\/da\/hvor-finder-man-folk-med-lignende-interesser\/","name":"Hvor finder man folk med lignende interesser - No Sesso","isPartOf":{"@id":"https:\/\/nosesso.net\/#website"},"primaryImageOfPage":{"@id":"https:\/\/nosesso.net\/da\/hvor-finder-man-folk-med-lignende-interesser\/#primaryimage"},"datePublished":"2022-06-23T10:49:10+00:00","dateModified":"2022-06-23T10:49:10+00:00","breadcrumb":{"@id":"https:\/\/nosesso.net\/da\/hvor-finder-man-folk-med-lignende-interesser\/#breadcrumb"},"inLanguage":"da-DK","potentialAction":[{"@type":"ReadAction","target":["https:\/\/nosesso.net\/da\/hvor-finder-man-folk-med-lignende-interesser\/"]}]},{"@type":"BreadcrumbList","@id":"https:\/\/nosesso.net\/da\/hvor-finder-man-folk-med-lignende-interesser\/#breadcrumb","itemListElement":[{"@type":"ListItem","position":1,"name":"Home","item":"http:\/\/nosesso.net\/da\/"},{"@type":"ListItem","position":2,"name":"Hvor finder man folk med lignende interesser"}]}]}},"_links":{"self":[{"href":"https:\/\/nosesso.net\/da\/wp-json\/wp\/v2\/pages\/239"}],"collection":[{"href":"https:\/\/nosesso.net\/da\/wp-json\/wp\/v2\/pages"}],"about":[{"href":"https:\/\/nosesso.net\/da\/wp-json\/wp\/v2\/types\/page"}],"author":[{"embeddable":true,"href":"https:\/\/nosesso.net\/da\/wp-json\/wp\/v2\/users\/1"}],"replies":[{"embeddable":true,"href":"https:\/\/nosesso.net\/da\/wp-json\/wp\/v2\/comments?post=239"}],"version-history":[{"count":0,"href":"https:\/\/nosesso.net\/da\/wp-json\/wp\/v2\/pages\/239\/revisions"}],"wp:attachment":[{"href":"https:\/\/nosesso.net\/da\/wp-json\/wp\/v2\/media?parent=239"}],"curies":[{"name":"wp","href":"https:\/\/api.w.org\/{rel}","templated":true}]}}