{"id":247,"date":"2022-06-23T11:45:34","date_gmt":"2022-06-23T10:45:34","guid":{"rendered":"http:\/\/nosesso.net\/typer-af-tilslutningssteder\/"},"modified":"2022-06-23T11:45:34","modified_gmt":"2022-06-23T10:45:34","slug":"typer-af-tilslutningssteder","status":"publish","type":"page","link":"https:\/\/nosesso.net\/da\/typer-af-tilslutningssteder\/","title":{"rendered":"Typer af tilslutningssteder"},"content":{"rendered":"<p>Der er mange forskellige typer gratis tilslutningssider tilg\u00e6ngelige online i dag. Nogle er fokuseret p\u00e5 afslappede m\u00f8der, mens andre im\u00f8dekommer langsigtede forhold. Gratis <a href=\"http:\/\/nosesso.net\/why-local-hookup-apps-could-be-right-for-you\/\">tilslutningssider<\/a> tilbyder en bred vifte af funktioner, herunder chatrum, videochats, instant messaging-tjenester og meget mere.<\/p>\n<p>Mange af disse websteder giver medlemmer mulighed for at <a href=\"http:\/\/nosesso.net\/which-app-is-best-for-affiars\/\">oprette profiler<\/a> , hvor de kan uploade fotos, skrive korte biografier og dele interesser. Medlemmer kan derefter gennemse andre medlemsprofiler og sende beskeder til potentielle matches. N\u00e5r der er lavet et match, kan medlemmerne arrangere at m\u00f8des personligt.<\/p>\n<p><img loading=\"lazy\" class=\"aligncenter wp-image-50\" src=\"http:\/\/nosesso.net\/wp-content\/uploads\/2022\/06\/heart-dating-1024x658.jpeg\" alt=\"\" width=\"553\" height=\"355\" srcset=\"https:\/\/nosesso.net\/wp-content\/uploads\/2022\/06\/heart-dating-1024x658.jpeg 1024w, https:\/\/nosesso.net\/wp-content\/uploads\/2022\/06\/heart-dating-300x193.jpeg 300w, https:\/\/nosesso.net\/wp-content\/uploads\/2022\/06\/heart-dating-768x494.jpeg 768w, https:\/\/nosesso.net\/wp-content\/uploads\/2022\/06\/heart-dating.jpeg 1167w\" sizes=\"(max-width: 553px) 100vw, 553px\" \/><\/p>\n<h2>S\u00e5dan tilmelder du dig gratis tilslutningswebsteder<\/h2>\n<p>Nogle gratis tilslutningssider kr\u00e6ver, at medlemmer betaler et m\u00e5nedligt gebyr for at f\u00e5 adgang til yderligere funktioner. Disse inkluderer premium-konti, private beskedtjenester og mobilapps.<\/p>\n<p>Mens gratis tilslutningssider er praktiske, er de ikke altid sikre. Det er bedst at undg\u00e5 at m\u00f8de fremmede i det virkelige liv, hvis det er muligt. I stedet skal du v\u00e6lge en betroet datingapp eller -tjeneste i stedet.<\/p>\n<h3>Hvilke er de bedste apps at pr\u00f8ve?<\/h3>\n<p>For eksempel giver <strong>Tinder<\/strong> medlemmer mulighed for at oprette forbindelse til hinanden baseret p\u00e5 gensidig interesse. Appen bruger placeringsdata til at afg\u00f8re, om to medlemmer er i n\u00e6rheden. Hvis de er, kan de straks begynde at chatte via tekst eller video.<\/p>\n<p>Tinder er gratis at downloade og bruge, men medlemmer skal betale et mindre gebyr for at l\u00e5se op for yderligere funktioner. For eksempel kan de opgradere deres profil for at vise flere personlige oplysninger, tilf\u00f8je filtre til deres s\u00f8gemuligheder og modtage underretninger, n\u00e5r nogen sender dem en besked.<\/p>\n<p>Andre popul\u00e6re datingapps inkluderer <strong>Bumble<\/strong>, <strong>Happn<\/strong> og <strong>OkCupid<\/strong>. Hver tilbyder lignende funktioner, selvom nogle har specifikke fokus. For eksempel er Bumble designet specielt til kvinder, der \u00f8nsker at indlede kontakt.<\/p>\n<p>Den vigtigste takeaway her er, at gratis tilslutningssider er en god mulighed for dem, der foretr\u00e6kker at forblive anonyme. De b\u00f8r dog ikke bruges som erstatning for traditionelle dateringsmetoder.<\/p>\n<p>Online dating er blevet mere og mere popul\u00e6rt i l\u00f8bet af de sidste par \u00e5r. Det er ingen overraskelse, at flere og flere mennesker henvender sig til online platforme for at m\u00f8de potentielle partnere. Imidlertid er mange mennesker stadig ikke klar over fordelene ved lokale tilslutninger.<\/p>\n<p>Lokale tilslutninger er meget billigere end traditionelle datingsider, og de tilbyder et praktisk alternativ til travle singler, der ikke har tid nok til at afs\u00e6tte til at finde k\u00e6rligheden. Du kan nemt oprette datoer med andre medlemmer inden for dit omr\u00e5de, og du beh\u00f8ver ikke bekymre dig om at blive afvist, hvis du ikke klikker med nogen.<\/p>\n<p>Derudover er lokale tilslutninger en god mulighed for par, der fors\u00f8ger at spare penge, samtidig med at de opretholder et langsigtet forhold. Mange v\u00e6lger at betale for et medlemskab p\u00e5 en datingside, men de ender sj\u00e6ldent med at m\u00f8de nogen, der er umagen v\u00e6rd. I mods\u00e6tning hertil giver lokale tilslutninger dig mulighed for at oprette forbindelse til andre uden at bruge en krone.<\/p>\n<p>Der er masser af grunde til at pr\u00f8ve lokale tilslutninger, og du kan l\u00e6re mere om dem her.<\/p>\n","protected":false},"excerpt":{"rendered":"<p>Der er mange forskellige typer gratis tilslutningssider tilg\u00e6ngelige online i dag. Nogle er fokuseret p\u00e5 afslappede m\u00f8der, mens andre im\u00f8dekommer langsigtede forhold. Gratis tilslutningssider tilbyder en bred vifte af funktioner, herunder chatrum, videochats, instant messaging-tjenester og meget mere. Mange af disse websteder giver medlemmer mulighed for at oprette profiler , hvor de kan uploade fotos, &#8230; <a title=\"Typer af tilslutningssteder\" class=\"read-more\" href=\"https:\/\/nosesso.net\/da\/typer-af-tilslutningssteder\/\" aria-label=\"More on Typer af tilslutningssteder\">L\u00e6s mere <\/a><\/p>\n","protected":false},"author":1,"featured_media":0,"parent":0,"menu_order":0,"comment_status":"closed","ping_status":"closed","template":"","meta":[],"yoast_head":"<!-- This site is optimized with the Yoast SEO plugin v17.7.1 - https:\/\/yoast.com\/wordpress\/plugins\/seo\/ -->\n<title>Typer af tilslutningssteder - No Sesso<\/title>\n<meta name=\"robots\" content=\"index, follow, max-snippet:-1, max-image-preview:large, max-video-preview:-1\" \/>\n<link rel=\"canonical\" href=\"https:\/\/nosesso.net\/da\/typer-af-tilslutningssteder\/\" \/>\n<meta property=\"og:locale\" content=\"da_DK\" \/>\n<meta property=\"og:type\" content=\"article\" \/>\n<meta property=\"og:title\" content=\"Typer af tilslutningssteder - No Sesso\" \/>\n<meta property=\"og:description\" content=\"Der er mange forskellige typer gratis tilslutningssider tilg\u00e6ngelige online i dag. Nogle er fokuseret p\u00e5 afslappede m\u00f8der, mens andre im\u00f8dekommer langsigtede forhold. Gratis tilslutningssider tilbyder en bred vifte af funktioner, herunder chatrum, videochats, instant messaging-tjenester og meget mere. Mange af disse websteder giver medlemmer mulighed for at oprette profiler , hvor de kan uploade fotos, ... L\u00e6s mere\" \/>\n<meta property=\"og:url\" content=\"https:\/\/nosesso.net\/da\/typer-af-tilslutningssteder\/\" \/>\n<meta property=\"og:site_name\" content=\"No Sesso\" \/>\n<meta property=\"og:image\" content=\"http:\/\/nosesso.net\/wp-content\/uploads\/2022\/06\/heart-dating-1024x658.jpeg\" \/>\n<meta name=\"twitter:card\" content=\"summary_large_image\" \/>\n<meta name=\"twitter:label1\" content=\"Estimeret l\u00e6setid\" \/>\n\t<meta name=\"twitter:data1\" content=\"3 minutter\" \/>\n<script type=\"application\/ld+json\" class=\"yoast-schema-graph\">{\"@context\":\"https:\/\/schema.org\",\"@graph\":[{\"@type\":\"WebSite\",\"@id\":\"https:\/\/nosesso.net\/#website\",\"url\":\"https:\/\/nosesso.net\/\",\"name\":\"No Sesso\",\"description\":\"Real Dating Reviews\",\"potentialAction\":[{\"@type\":\"SearchAction\",\"target\":{\"@type\":\"EntryPoint\",\"urlTemplate\":\"https:\/\/nosesso.net\/?s={search_term_string}\"},\"query-input\":\"required name=search_term_string\"}],\"inLanguage\":\"da-DK\"},{\"@type\":\"ImageObject\",\"@id\":\"https:\/\/nosesso.net\/da\/typer-af-tilslutningssteder\/#primaryimage\",\"inLanguage\":\"da-DK\",\"url\":\"http:\/\/nosesso.net\/wp-content\/uploads\/2022\/06\/heart-dating-1024x658.jpeg\",\"contentUrl\":\"http:\/\/nosesso.net\/wp-content\/uploads\/2022\/06\/heart-dating-1024x658.jpeg\"},{\"@type\":\"WebPage\",\"@id\":\"https:\/\/nosesso.net\/da\/typer-af-tilslutningssteder\/#webpage\",\"url\":\"https:\/\/nosesso.net\/da\/typer-af-tilslutningssteder\/\",\"name\":\"Typer af tilslutningssteder - No Sesso\",\"isPartOf\":{\"@id\":\"https:\/\/nosesso.net\/#website\"},\"primaryImageOfPage\":{\"@id\":\"https:\/\/nosesso.net\/da\/typer-af-tilslutningssteder\/#primaryimage\"},\"datePublished\":\"2022-06-23T10:45:34+00:00\",\"dateModified\":\"2022-06-23T10:45:34+00:00\",\"breadcrumb\":{\"@id\":\"https:\/\/nosesso.net\/da\/typer-af-tilslutningssteder\/#breadcrumb\"},\"inLanguage\":\"da-DK\",\"potentialAction\":[{\"@type\":\"ReadAction\",\"target\":[\"https:\/\/nosesso.net\/da\/typer-af-tilslutningssteder\/\"]}]},{\"@type\":\"BreadcrumbList\",\"@id\":\"https:\/\/nosesso.net\/da\/typer-af-tilslutningssteder\/#breadcrumb\",\"itemListElement\":[{\"@type\":\"ListItem\",\"position\":1,\"name\":\"Home\",\"item\":\"https:\/\/nosesso.net\/da\/\"},{\"@type\":\"ListItem\",\"position\":2,\"name\":\"Typer af tilslutningssteder\"}]}]}<\/script>\n<!-- \/ Yoast SEO plugin. -->","yoast_head_json":{"title":"Typer af tilslutningssteder - No Sesso","robots":{"index":"index","follow":"follow","max-snippet":"max-snippet:-1","max-image-preview":"max-image-preview:large","max-video-preview":"max-video-preview:-1"},"canonical":"https:\/\/nosesso.net\/da\/typer-af-tilslutningssteder\/","og_locale":"da_DK","og_type":"article","og_title":"Typer af tilslutningssteder - No Sesso","og_description":"Der er mange forskellige typer gratis tilslutningssider tilg\u00e6ngelige online i dag. Nogle er fokuseret p\u00e5 afslappede m\u00f8der, mens andre im\u00f8dekommer langsigtede forhold. Gratis tilslutningssider tilbyder en bred vifte af funktioner, herunder chatrum, videochats, instant messaging-tjenester og meget mere. Mange af disse websteder giver medlemmer mulighed for at oprette profiler , hvor de kan uploade fotos, ... L\u00e6s mere","og_url":"https:\/\/nosesso.net\/da\/typer-af-tilslutningssteder\/","og_site_name":"No Sesso","og_image":[{"url":"http:\/\/nosesso.net\/wp-content\/uploads\/2022\/06\/heart-dating-1024x658.jpeg"}],"twitter_card":"summary_large_image","twitter_misc":{"Estimeret l\u00e6setid":"3 minutter"},"schema":{"@context":"https:\/\/schema.org","@graph":[{"@type":"WebSite","@id":"https:\/\/nosesso.net\/#website","url":"https:\/\/nosesso.net\/","name":"No Sesso","description":"Real Dating Reviews","potentialAction":[{"@type":"SearchAction","target":{"@type":"EntryPoint","urlTemplate":"https:\/\/nosesso.net\/?s={search_term_string}"},"query-input":"required name=search_term_string"}],"inLanguage":"da-DK"},{"@type":"ImageObject","@id":"https:\/\/nosesso.net\/da\/typer-af-tilslutningssteder\/#primaryimage","inLanguage":"da-DK","url":"http:\/\/nosesso.net\/wp-content\/uploads\/2022\/06\/heart-dating-1024x658.jpeg","contentUrl":"http:\/\/nosesso.net\/wp-content\/uploads\/2022\/06\/heart-dating-1024x658.jpeg"},{"@type":"WebPage","@id":"https:\/\/nosesso.net\/da\/typer-af-tilslutningssteder\/#webpage","url":"https:\/\/nosesso.net\/da\/typer-af-tilslutningssteder\/","name":"Typer af tilslutningssteder - No Sesso","isPartOf":{"@id":"https:\/\/nosesso.net\/#website"},"primaryImageOfPage":{"@id":"https:\/\/nosesso.net\/da\/typer-af-tilslutningssteder\/#primaryimage"},"datePublished":"2022-06-23T10:45:34+00:00","dateModified":"2022-06-23T10:45:34+00:00","breadcrumb":{"@id":"https:\/\/nosesso.net\/da\/typer-af-tilslutningssteder\/#breadcrumb"},"inLanguage":"da-DK","potentialAction":[{"@type":"ReadAction","target":["https:\/\/nosesso.net\/da\/typer-af-tilslutningssteder\/"]}]},{"@type":"BreadcrumbList","@id":"https:\/\/nosesso.net\/da\/typer-af-tilslutningssteder\/#breadcrumb","itemListElement":[{"@type":"ListItem","position":1,"name":"Home","item":"https:\/\/nosesso.net\/da\/"},{"@type":"ListItem","position":2,"name":"Typer af tilslutningssteder"}]}]}},"_links":{"self":[{"href":"https:\/\/nosesso.net\/da\/wp-json\/wp\/v2\/pages\/247"}],"collection":[{"href":"https:\/\/nosesso.net\/da\/wp-json\/wp\/v2\/pages"}],"about":[{"href":"https:\/\/nosesso.net\/da\/wp-json\/wp\/v2\/types\/page"}],"author":[{"embeddable":true,"href":"https:\/\/nosesso.net\/da\/wp-json\/wp\/v2\/users\/1"}],"replies":[{"embeddable":true,"href":"https:\/\/nosesso.net\/da\/wp-json\/wp\/v2\/comments?post=247"}],"version-history":[{"count":0,"href":"https:\/\/nosesso.net\/da\/wp-json\/wp\/v2\/pages\/247\/revisions"}],"wp:attachment":[{"href":"https:\/\/nosesso.net\/da\/wp-json\/wp\/v2\/media?parent=247"}],"curies":[{"name":"wp","href":"https:\/\/api.w.org\/{rel}","templated":true}]}}