{"id":255,"date":"2022-06-23T11:46:19","date_gmt":"2022-06-23T10:46:19","guid":{"rendered":"http:\/\/nosesso.net\/gratis-tilslutning-websteder\/"},"modified":"2022-06-23T11:46:19","modified_gmt":"2022-06-23T10:46:19","slug":"gratis-tilslutning-websteder","status":"publish","type":"page","link":"https:\/\/nosesso.net\/da\/gratis-tilslutning-websteder\/","title":{"rendered":"Gratis tilslutning websteder"},"content":{"rendered":"<p>Lokale chat-apps er blevet mere og mere popul\u00e6re i l\u00f8bet af de sidste par \u00e5r, og det er ingen overraskelse hvorfor. Med stigningen i online dating sites er lokale tilslutninger blevet lettere end nogensinde.<\/p>\n<p>Men hvis du vil m\u00f8de nogen, der bor i n\u00e6rheden, er det bedst at pr\u00f8ve at m\u00f8de folk ansigt til ansigt. P\u00e5 den m\u00e5de kan I faktisk tale med dem og l\u00e6re hinanden at kende. Det er ogs\u00e5 meget sikrere end at fors\u00f8ge at <a href=\"http:\/\/nosesso.net\/types-of-hookup-sites\/\">m\u00f8de nogen online<\/a>.<\/p>\n<p>Der er mange forskellige m\u00e5der at m\u00f8de folk lokalt p\u00e5, herunder gennem venner, klubber, barer, kaffebarer og meget mere. N\u00f8glen er at finde den type person, du gerne vil m\u00f8de. For eksempel, hvis du er interesseret i afslappet sex, s\u00e5 vil du m\u00e5ske deltage i en swingers klub. Men hvis du leder efter et forhold, kan du pr\u00f8ve at deltage i en singlegruppe.<\/p>\n<p><img loading=\"lazy\" class=\"aligncenter size-full wp-image-51\" src=\"http:\/\/nosesso.net\/wp-content\/uploads\/2022\/06\/love-again.webp\" alt=\"\" width=\"500\" height=\"750\" srcset=\"https:\/\/nosesso.net\/wp-content\/uploads\/2022\/06\/love-again.webp 500w, https:\/\/nosesso.net\/wp-content\/uploads\/2022\/06\/love-again-200x300.webp 200w\" sizes=\"(max-width: 500px) 100vw, 500px\" \/><\/p>\n<h2>V\u00e6r forsigtig<\/h2>\n<p>Uanset hvor du beslutter dig for at m\u00f8de mennesker, skal du huske at v\u00e6re sikker. S\u00f8rg for, at du altid bruger beskyttelse, n\u00e5r du har sex. Giv heller aldrig personlige oplysninger til nogen, du m\u00f8der online eller offline.<\/p>\n<p>Sex dating sites bliver stadig mere popul\u00e6re blandt singler, der leder efter k\u00e6rlighed online. Disse websteder giver medlemmer mulighed for at m\u00f8de andre mennesker baseret p\u00e5 f\u00e6lles interesser, placering, alder, k\u00f8n osv., Og derefter arrangere datoer. De bedste sexdatingsider tilbyder funktioner som chatrum, fotogallerier, videochats og opslagstavler, hvor medlemmer kan interagere med hinanden.<\/p>\n<p>Mange af disse websteder leverer ogs\u00e5 yderligere tjenester, herunder mobilapps, gratis medlemskab og betalte abonnementer. Sex dating sites er en god mulighed for alle, der \u00f8nsker at pr\u00f8ve <a href=\"http:\/\/nosesso.net\/why-local-hookup-apps-could-be-right-for-you\/\">casual dating<\/a> uden at skulle bekymre sig om engagement.<\/p>\n<h2>Typer af datingapps<\/h2>\n<p>Der findes mange forskellige typer af sexdatingsider, s\u00e5 v\u00e6lg en, der matcher dine behov. For eksempel, hvis du leder efter et langvarigt forhold, kan et kristent websted v\u00e6re ideelt. Men hvis du bare vil eksperimentere, kan et afslappet sexwebsted fungere bedre.<\/p>\n<p>Det er vigtigt at huske, at sexdatingsider ikke altid er sikre steder at m\u00f8de mennesker. S\u00f8rg for at l\u00e6se anmeldelser fra tidligere brugere, f\u00f8r du tilmelder dig. Giv heller aldrig personlige oplysninger som kreditkortnumre eller bankkontooplysninger.<\/p>\n<p>Der er mange forskellige typer af casual dating sites tilg\u00e6ngelige online i dag. Nogle er gratis, mens andre kr\u00e6ver betaling. Der er ogs\u00e5 mange forskellige m\u00e5der at m\u00f8de nogen p\u00e5 gennem disse websteder. Uanset om du leder efter en hurtig fling eller et langvarigt forhold, kan det v\u00e6re sv\u00e6rt at finde den rigtige person.<\/p>\n<h3>Afslappet dating online<\/h3>\n<p>Et af de bedste steder at lede efter potentielle partnere er gennem en afslappet datingside. Disse websteder giver dig mulighed for at gennemse profiler og sende beskeder til medlemmer, der interesserer dig. Mange af disse websteder tilbyder funktioner som chatrum, instant messaging, videochat og fotodeling.<\/p>\n<p>Disse sider er perfekte, hvis du \u00f8nsker at m\u00f8de nogen tilf\u00e6ldigt uden at skulle betale for et medlemsgebyr. Du skal dog stadig v\u00e6re forsigtig, n\u00e5r du tilmelder dig disse tjenester. S\u00f8rg for at l\u00e6se anmeldelser fra andre brugere for at f\u00e5 mere at vide om de sikkerhedsproblemer, der er forbundet med hver tjeneste. S\u00f8rg ogs\u00e5 for, at du v\u00e6lger et velrenommeret firma for at undg\u00e5 at blive snydt.<\/p>\n<p>Nogle af de mest popul\u00e6re casual dating sites inkluderer Match.com, OkCupid, PlentyOfFish og Tinder. Hvert af disse websteder har sit eget unikke s\u00e6t funktioner, der g\u00f8r det nemt at oprette forbindelse til mennesker i n\u00e6rheden. For eksempel giver Match.com dig mulighed for at oprette en profil og uploade fotos. Derefter kan du s\u00f8ge efter matches baseret p\u00e5 placering, alder, k\u00f8n, seksuel orientering og mere.<\/p>\n","protected":false},"excerpt":{"rendered":"<p>Lokale chat-apps er blevet mere og mere popul\u00e6re i l\u00f8bet af de sidste par \u00e5r, og det er ingen overraskelse hvorfor. Med stigningen i online dating sites er lokale tilslutninger blevet lettere end nogensinde. Men hvis du vil m\u00f8de nogen, der bor i n\u00e6rheden, er det bedst at pr\u00f8ve at m\u00f8de folk ansigt til ansigt. &#8230; <a title=\"Gratis tilslutning websteder\" class=\"read-more\" href=\"https:\/\/nosesso.net\/da\/gratis-tilslutning-websteder\/\" aria-label=\"More on Gratis tilslutning websteder\">L\u00e6s mere <\/a><\/p>\n","protected":false},"author":1,"featured_media":0,"parent":0,"menu_order":0,"comment_status":"closed","ping_status":"closed","template":"","meta":[],"yoast_head":"<!-- This site is optimized with the Yoast SEO plugin v17.7.1 - https:\/\/yoast.com\/wordpress\/plugins\/seo\/ -->\n<title>Gratis tilslutning websteder - No Sesso<\/title>\n<meta name=\"robots\" content=\"index, follow, max-snippet:-1, max-image-preview:large, max-video-preview:-1\" \/>\n<link rel=\"canonical\" href=\"https:\/\/nosesso.net\/da\/gratis-tilslutning-websteder\/\" \/>\n<meta property=\"og:locale\" content=\"da_DK\" \/>\n<meta property=\"og:type\" content=\"article\" \/>\n<meta property=\"og:title\" content=\"Gratis tilslutning websteder - No Sesso\" \/>\n<meta property=\"og:description\" content=\"Lokale chat-apps er blevet mere og mere popul\u00e6re i l\u00f8bet af de sidste par \u00e5r, og det er ingen overraskelse hvorfor. Med stigningen i online dating sites er lokale tilslutninger blevet lettere end nogensinde. Men hvis du vil m\u00f8de nogen, der bor i n\u00e6rheden, er det bedst at pr\u00f8ve at m\u00f8de folk ansigt til ansigt. ... L\u00e6s mere\" \/>\n<meta property=\"og:url\" content=\"https:\/\/nosesso.net\/da\/gratis-tilslutning-websteder\/\" \/>\n<meta property=\"og:site_name\" content=\"No Sesso\" \/>\n<meta property=\"og:image\" content=\"http:\/\/nosesso.net\/wp-content\/uploads\/2022\/06\/love-again.webp\" \/>\n<meta name=\"twitter:card\" content=\"summary_large_image\" \/>\n<meta name=\"twitter:label1\" content=\"Estimeret l\u00e6setid\" \/>\n\t<meta name=\"twitter:data1\" content=\"3 minutter\" \/>\n<script type=\"application\/ld+json\" class=\"yoast-schema-graph\">{\"@context\":\"https:\/\/schema.org\",\"@graph\":[{\"@type\":\"WebSite\",\"@id\":\"https:\/\/nosesso.net\/#website\",\"url\":\"https:\/\/nosesso.net\/\",\"name\":\"No Sesso\",\"description\":\"Real Dating Reviews\",\"potentialAction\":[{\"@type\":\"SearchAction\",\"target\":{\"@type\":\"EntryPoint\",\"urlTemplate\":\"https:\/\/nosesso.net\/?s={search_term_string}\"},\"query-input\":\"required name=search_term_string\"}],\"inLanguage\":\"da-DK\"},{\"@type\":\"ImageObject\",\"@id\":\"https:\/\/nosesso.net\/da\/gratis-tilslutning-websteder\/#primaryimage\",\"inLanguage\":\"da-DK\",\"url\":\"http:\/\/nosesso.net\/wp-content\/uploads\/2022\/06\/love-again.webp\",\"contentUrl\":\"http:\/\/nosesso.net\/wp-content\/uploads\/2022\/06\/love-again.webp\"},{\"@type\":\"WebPage\",\"@id\":\"https:\/\/nosesso.net\/da\/gratis-tilslutning-websteder\/#webpage\",\"url\":\"https:\/\/nosesso.net\/da\/gratis-tilslutning-websteder\/\",\"name\":\"Gratis tilslutning websteder - No Sesso\",\"isPartOf\":{\"@id\":\"https:\/\/nosesso.net\/#website\"},\"primaryImageOfPage\":{\"@id\":\"https:\/\/nosesso.net\/da\/gratis-tilslutning-websteder\/#primaryimage\"},\"datePublished\":\"2022-06-23T10:46:19+00:00\",\"dateModified\":\"2022-06-23T10:46:19+00:00\",\"breadcrumb\":{\"@id\":\"https:\/\/nosesso.net\/da\/gratis-tilslutning-websteder\/#breadcrumb\"},\"inLanguage\":\"da-DK\",\"potentialAction\":[{\"@type\":\"ReadAction\",\"target\":[\"https:\/\/nosesso.net\/da\/gratis-tilslutning-websteder\/\"]}]},{\"@type\":\"BreadcrumbList\",\"@id\":\"https:\/\/nosesso.net\/da\/gratis-tilslutning-websteder\/#breadcrumb\",\"itemListElement\":[{\"@type\":\"ListItem\",\"position\":1,\"name\":\"Home\",\"item\":\"http:\/\/nosesso.net\/da\/\"},{\"@type\":\"ListItem\",\"position\":2,\"name\":\"Gratis tilslutning websteder\"}]}]}<\/script>\n<!-- \/ Yoast SEO plugin. -->","yoast_head_json":{"title":"Gratis tilslutning websteder - No Sesso","robots":{"index":"index","follow":"follow","max-snippet":"max-snippet:-1","max-image-preview":"max-image-preview:large","max-video-preview":"max-video-preview:-1"},"canonical":"https:\/\/nosesso.net\/da\/gratis-tilslutning-websteder\/","og_locale":"da_DK","og_type":"article","og_title":"Gratis tilslutning websteder - No Sesso","og_description":"Lokale chat-apps er blevet mere og mere popul\u00e6re i l\u00f8bet af de sidste par \u00e5r, og det er ingen overraskelse hvorfor. Med stigningen i online dating sites er lokale tilslutninger blevet lettere end nogensinde. Men hvis du vil m\u00f8de nogen, der bor i n\u00e6rheden, er det bedst at pr\u00f8ve at m\u00f8de folk ansigt til ansigt. ... L\u00e6s mere","og_url":"https:\/\/nosesso.net\/da\/gratis-tilslutning-websteder\/","og_site_name":"No Sesso","og_image":[{"url":"http:\/\/nosesso.net\/wp-content\/uploads\/2022\/06\/love-again.webp"}],"twitter_card":"summary_large_image","twitter_misc":{"Estimeret l\u00e6setid":"3 minutter"},"schema":{"@context":"https:\/\/schema.org","@graph":[{"@type":"WebSite","@id":"https:\/\/nosesso.net\/#website","url":"https:\/\/nosesso.net\/","name":"No Sesso","description":"Real Dating Reviews","potentialAction":[{"@type":"SearchAction","target":{"@type":"EntryPoint","urlTemplate":"https:\/\/nosesso.net\/?s={search_term_string}"},"query-input":"required name=search_term_string"}],"inLanguage":"da-DK"},{"@type":"ImageObject","@id":"https:\/\/nosesso.net\/da\/gratis-tilslutning-websteder\/#primaryimage","inLanguage":"da-DK","url":"http:\/\/nosesso.net\/wp-content\/uploads\/2022\/06\/love-again.webp","contentUrl":"http:\/\/nosesso.net\/wp-content\/uploads\/2022\/06\/love-again.webp"},{"@type":"WebPage","@id":"https:\/\/nosesso.net\/da\/gratis-tilslutning-websteder\/#webpage","url":"https:\/\/nosesso.net\/da\/gratis-tilslutning-websteder\/","name":"Gratis tilslutning websteder - No Sesso","isPartOf":{"@id":"https:\/\/nosesso.net\/#website"},"primaryImageOfPage":{"@id":"https:\/\/nosesso.net\/da\/gratis-tilslutning-websteder\/#primaryimage"},"datePublished":"2022-06-23T10:46:19+00:00","dateModified":"2022-06-23T10:46:19+00:00","breadcrumb":{"@id":"https:\/\/nosesso.net\/da\/gratis-tilslutning-websteder\/#breadcrumb"},"inLanguage":"da-DK","potentialAction":[{"@type":"ReadAction","target":["https:\/\/nosesso.net\/da\/gratis-tilslutning-websteder\/"]}]},{"@type":"BreadcrumbList","@id":"https:\/\/nosesso.net\/da\/gratis-tilslutning-websteder\/#breadcrumb","itemListElement":[{"@type":"ListItem","position":1,"name":"Home","item":"http:\/\/nosesso.net\/da\/"},{"@type":"ListItem","position":2,"name":"Gratis tilslutning websteder"}]}]}},"_links":{"self":[{"href":"https:\/\/nosesso.net\/da\/wp-json\/wp\/v2\/pages\/255"}],"collection":[{"href":"https:\/\/nosesso.net\/da\/wp-json\/wp\/v2\/pages"}],"about":[{"href":"https:\/\/nosesso.net\/da\/wp-json\/wp\/v2\/types\/page"}],"author":[{"embeddable":true,"href":"https:\/\/nosesso.net\/da\/wp-json\/wp\/v2\/users\/1"}],"replies":[{"embeddable":true,"href":"https:\/\/nosesso.net\/da\/wp-json\/wp\/v2\/comments?post=255"}],"version-history":[{"count":0,"href":"https:\/\/nosesso.net\/da\/wp-json\/wp\/v2\/pages\/255\/revisions"}],"wp:attachment":[{"href":"https:\/\/nosesso.net\/da\/wp-json\/wp\/v2\/media?parent=255"}],"curies":[{"name":"wp","href":"https:\/\/api.w.org\/{rel}","templated":true}]}}