{"id":257,"date":"2022-06-23T11:41:21","date_gmt":"2022-06-23T10:41:21","guid":{"rendered":"http:\/\/nosesso.net\/sex-tilslutning-guide\/"},"modified":"2022-06-30T20:20:36","modified_gmt":"2022-06-30T19:20:36","slug":"sex-tilslutning-guide","status":"publish","type":"page","link":"https:\/\/nosesso.net\/da\/","title":{"rendered":"Sex Tilslutning Guide"},"content":{"rendered":"<p>Voksen dating er en fantastisk m\u00e5de at m\u00f8de nye venner, skabe nye forbindelser og endda finde k\u00e6rlighed. Men det er ikke altid nemt at komme i gang.<\/p>\n<p>Denne vejledning hj\u00e6lper dig med at l\u00e6re alt hvad du beh\u00f8ver at vide om dating for voksne, herunder:<\/p>\n<p>Hvilke datingsider for voksne er tilg\u00e6ngelige<\/p>\n<ul>\n<li>S\u00e5dan v\u00e6lger du det rigtige websted til dig<\/li>\n<li>S\u00e5dan oprettes en profil, der bliver bem\u00e6rket<\/li>\n<li>S\u00e5dan tiltr\u00e6kker du opm\u00e6rksomhed fra potentielle datoer<\/li>\n<li>S\u00e5dan svarer du p\u00e5 beskeder<\/li>\n<li>S\u00e5dan opretter du en gratis pr\u00f8vekonto<\/li>\n<li>Og meget mere<\/li>\n<\/ul>\n<p><img loading=\"lazy\" class=\"aligncenter size-full wp-image-57\" src=\"http:\/\/nosesso.net\/wp-content\/uploads\/2022\/06\/online-hookup-sites.jpeg\" alt=\"\" width=\"500\" height=\"750\" srcset=\"https:\/\/nosesso.net\/wp-content\/uploads\/2022\/06\/online-hookup-sites.jpeg 500w, https:\/\/nosesso.net\/wp-content\/uploads\/2022\/06\/online-hookup-sites-200x300.jpeg 200w\" sizes=\"(max-width: 500px) 100vw, 500px\" \/><\/p>\n<h2>Hvad betyder ingen Sesso for dig?<\/h2>\n<p>En af de bedste dele af sex dating er, at det er helt anonymt med. Der kr\u00e6ves ingen personlige oplysninger for at registrere sig, og ingen beh\u00f8ver at vide noget andet om dig udover dine pr\u00e6ferencer. Det betyder, at du kan v\u00e6re dig selv uden at bekymre dig om at afsl\u00f8re pinlige hemmeligheder.<\/p>\n<p>N\u00e5r du har fundet nogen, du gerne vil date, kan du oprette et m\u00f8dested og et tidspunkt. Sexdatingsider tilbyder typisk flere muligheder for at arrangere datoer, herunder tekstbeskeder, telefonopkald, videochats og ansigt til ansigt-m\u00f8der.<\/p>\n<p>Det sidste trin er faktisk at have sex. Mens nogle mennesker nyder at have <a href=\"http:\/\/nosesso.net\/which-app-is-best-for-affiars\/\">sex med fremmede<\/a>, f\u00f8ler andre sig utilpas ved at g\u00f8re det. For at beskytte dig selv skal du altid v\u00e6lge et sted, der er sikkert og privat.<\/p>\n<p>Casual sex er et meget popul\u00e6rt emne online. Det ser ud til, at alle vil tale om det, og det er let at forst\u00e5 hvorfor. Der er mange forskellige grunde til, at folk nyder afslappet sex, herunder det faktum, at det er sjovt, sp\u00e6ndende og gratis.<\/p>\n<p>Der er masser af <a href=\"http:\/\/nosesso.net\/free-hookup-sites\/\">gratis tilslutningssider,<\/a> hvor du kan m\u00f8de andre mennesker, der er interesseret i afslappet sex. Disse websteder giver dig mulighed for at gennemse profiler af mennesker, der leder efter afslappet sex, og du kan sende dem en besked direkte, hvis du vil.<\/p>\n<h3>Hvordan kan vi hj\u00e6lpe dig med at finde datoer med tilslutningssider<\/h3>\n<p>Lokal sex er blevet mere og mere popul\u00e6rt i l\u00f8bet af de sidste par \u00e5r, tjek sammenligningsside for en liste over sexchat-apps, du kan deltage i. Det er ingen overraskelse, at flere og flere mennesker henvender sig til online ressourcer for at m\u00f8de andre singler, der deler lignende interesser.<\/p>\n<p>Uanset om du er interesseret i afslappede tilslutninger eller langsigtede forhold, tilbyder lokale sexsider en bekvem m\u00e5de at oprette forbindelse til andre, der deler dine \u00f8nsker. Disse websteder giver dig mulighed for at gennemse profiler af medlemmer baseret p\u00e5 placering, alder og seksuelle pr\u00e6ferencer.<\/p>\n<p>Der er mange forskellige typer lokale sexsider tilg\u00e6ngelige i dag. Nogle fokuserer udelukkende p\u00e5 afslappede m\u00f8der, mens andre henvender sig specifikt til par, der \u00f8nsker at udforske deres seksualitet sammen. Det bedste er, at disse websteder er gratis at deltage i, hvilket g\u00f8r dem nemme at f\u00e5 adgang til og bruge.<\/p>\n<p>Med s\u00e5 mange tilg\u00e6ngelige muligheder er det sv\u00e6rt at beslutte, hvor man skal begynde. Start med at gennemse vores samling af de 10 bedste lokale sexsider for at l\u00e6re mere om hver mulighed. L\u00e6s derefter anmeldelser fra rigtige brugere for at afg\u00f8re, om nogen af dem er v\u00e6rd at deltage i.<\/p>\n<h3>Virker online dating faktisk?<\/h3>\n<p>Sexdating er en form for online dating, hvor folk m\u00f8des gennem gensidig interesse for sex. Det adskiller sig fra andre typer af online dating som, fordi det ikke kr\u00e6ver et forhold mellem to mennesker. I stedet giver det folk, der er interesseret i afslappede seksuelle m\u00f8der, mulighed for at oprette forbindelse til hinanden.<\/p>\n<p>I de fleste tilf\u00e6lde er de fleste sexdatingsider gratis at deltage, hvis du kigger p\u00e5, kan du se lister over dine bedste muligheder. Men hvis du foretr\u00e6kker at betale for premiummedlemskab, kan du normalt tilmelde dig et m\u00e5nedligt abonnementsgebyr. N\u00e5r du har oprettet en profil, kan du gennemse andre medlemmers profiler og sende beskeder til potentielle partnere.<\/p>\n<p>Mens mange sexdatingsider giver dig mulighed for at oprette en profil, kr\u00e6ver andre, at du udfylder et sp\u00f8rgeskema, f\u00f8r du f\u00e5r lov til at registrere dig. Nogle websteder stiller sp\u00f8rgsm\u00e5l om din alder, k\u00f8n, etnicitet, religion, civilstand, erhverv, hobbyer og interesser.<\/p>\n<p>N\u00e5r du har udfyldt disse formularer, modtager du en bekr\u00e6ftelses-e-mail, der fort\u00e6ller dig, om din registrering var vellykket. Hvis du blev accepteret i samfundet, f\u00e5r du derefter adgang til webstedets funktioner.<\/p>\n<h3>Hvad skal du v\u00e6re forsigtig med?<\/h3>\n<p>Det er vigtigt at huske, at disse typer websteder ikke altid er sikre. S\u00f8rg for at l\u00e6se anmeldelser og stille sp\u00f8rgsm\u00e5l, f\u00f8r du tilmelder dig enhver form for datingtjeneste. Giv ikke personlige oplysninger ud, f\u00f8r du er helt sikker p\u00e5, at du stoler p\u00e5 den person, du taler med.<\/p>\n<p>V\u00e6r ogs\u00e5 forsigtig med at dele for mange personlige oplysninger. Nogle mennesker kan fors\u00f8ge at snyde dig for penge eller stj\u00e6le din identitet. Hold paraderne oppe og beskyt dig mod svindlere.<\/p>\n<p>Glem ikke at dele dine egne oplevelser med afslappet sex. Fort\u00e6l os om de bedste steder at m\u00f8de folk til afslappet sex, og lad andre vide, hvad du har l\u00e6rt.<\/p>\n<p><a href=\"http:\/\/nosesso.net\/why-local-hookup-apps-could-be-right-for-you\/\">Lokale tilslutninger<\/a> bliver stadig mere popul\u00e6re blandt singler, der er tr\u00e6tte af langdistanceforholdsspillet. Det er nemt at m\u00f8de nogen lokal, hvis du er villig til at g\u00f8re en indsats.<\/p>\n<p>Til at begynde med skal du oprette en profil p\u00e5 en datingapp som Tinder eller Bumble. N\u00e5r du har gjort det, kan du gennemse profiler, indtil du finder nogen, der fanger dit \u00f8je. Derefter kan du sende dem en besked og sp\u00f8rge dem ud p\u00e5 en date.<\/p>\n<p>Det er vigtigt at huske, at online dating apps ikke kun er til at m\u00f8de fremmede; de er ogs\u00e5 et godt sted at komme i kontakt med venner og familiemedlemmer. S\u00e5 hvis du leder efter en afslappet tilslutning, kan du pr\u00f8ve at s\u00f8ge efter kampe fra din telefon i stedet for at g\u00e5 direkte til en bar eller klub.<\/p>\n<p>N\u00e5r du har fundet nogen, der virker interesseret i dig, kan du beslutte, om du vil forts\u00e6tte med at tale med dem. Hvis du ender med at have en samtale, skal du s\u00f8rge for at f\u00f8lge disse tip for at undg\u00e5 at blive snydt.<\/p>\n","protected":false},"excerpt":{"rendered":"<p>Voksen dating er en fantastisk m\u00e5de at m\u00f8de nye venner, skabe nye forbindelser og endda finde k\u00e6rlighed. Men det er ikke altid nemt at komme i gang. Denne vejledning hj\u00e6lper dig med at l\u00e6re alt hvad du beh\u00f8ver at vide om dating for voksne, herunder: Hvilke datingsider for voksne er tilg\u00e6ngelige S\u00e5dan v\u00e6lger du det &#8230; <a title=\"Sex Tilslutning Guide\" class=\"read-more\" href=\"https:\/\/nosesso.net\/da\/\" aria-label=\"More on Sex Tilslutning Guide\">L\u00e6s mere <\/a><\/p>\n","protected":false},"author":1,"featured_media":0,"parent":0,"menu_order":0,"comment_status":"closed","ping_status":"closed","template":"","meta":[],"yoast_head":"<!-- This site is optimized with the Yoast SEO plugin v17.7.1 - https:\/\/yoast.com\/wordpress\/plugins\/seo\/ -->\n<title>Sex Tilslutning Guide - No Sesso<\/title>\n<meta name=\"robots\" content=\"index, follow, max-snippet:-1, max-image-preview:large, max-video-preview:-1\" \/>\n<link rel=\"canonical\" href=\"https:\/\/nosesso.net\/da\/\" \/>\n<meta property=\"og:locale\" content=\"da_DK\" \/>\n<meta property=\"og:type\" content=\"article\" \/>\n<meta property=\"og:title\" content=\"Sex Tilslutning Guide - No Sesso\" \/>\n<meta property=\"og:description\" content=\"Voksen dating er en fantastisk m\u00e5de at m\u00f8de nye venner, skabe nye forbindelser og endda finde k\u00e6rlighed. Men det er ikke altid nemt at komme i gang. Denne vejledning hj\u00e6lper dig med at l\u00e6re alt hvad du beh\u00f8ver at vide om dating for voksne, herunder: Hvilke datingsider for voksne er tilg\u00e6ngelige S\u00e5dan v\u00e6lger du det ... L\u00e6s mere\" \/>\n<meta property=\"og:url\" content=\"https:\/\/nosesso.net\/da\/\" \/>\n<meta property=\"og:site_name\" content=\"No Sesso\" \/>\n<meta property=\"article:modified_time\" content=\"2022-06-30T19:20:36+00:00\" \/>\n<meta property=\"og:image\" content=\"http:\/\/nosesso.net\/wp-content\/uploads\/2022\/06\/online-hookup-sites.jpeg\" \/>\n<meta name=\"twitter:card\" content=\"summary_large_image\" \/>\n<meta name=\"twitter:label1\" content=\"Estimeret l\u00e6setid\" \/>\n\t<meta name=\"twitter:data1\" content=\"5 minutter\" \/>\n<script type=\"application\/ld+json\" class=\"yoast-schema-graph\">{\"@context\":\"https:\/\/schema.org\",\"@graph\":[{\"@type\":\"WebSite\",\"@id\":\"https:\/\/nosesso.net\/#website\",\"url\":\"https:\/\/nosesso.net\/\",\"name\":\"No Sesso\",\"description\":\"Real Dating Reviews\",\"potentialAction\":[{\"@type\":\"SearchAction\",\"target\":{\"@type\":\"EntryPoint\",\"urlTemplate\":\"https:\/\/nosesso.net\/?s={search_term_string}\"},\"query-input\":\"required name=search_term_string\"}],\"inLanguage\":\"da-DK\"},{\"@type\":\"ImageObject\",\"@id\":\"https:\/\/nosesso.net\/da\/#primaryimage\",\"inLanguage\":\"da-DK\",\"url\":\"http:\/\/nosesso.net\/wp-content\/uploads\/2022\/06\/online-hookup-sites.jpeg\",\"contentUrl\":\"http:\/\/nosesso.net\/wp-content\/uploads\/2022\/06\/online-hookup-sites.jpeg\"},{\"@type\":\"WebPage\",\"@id\":\"https:\/\/nosesso.net\/da\/#webpage\",\"url\":\"https:\/\/nosesso.net\/da\/\",\"name\":\"Sex Tilslutning Guide - No Sesso\",\"isPartOf\":{\"@id\":\"https:\/\/nosesso.net\/#website\"},\"primaryImageOfPage\":{\"@id\":\"https:\/\/nosesso.net\/da\/#primaryimage\"},\"datePublished\":\"2022-06-23T10:41:21+00:00\",\"dateModified\":\"2022-06-30T19:20:36+00:00\",\"breadcrumb\":{\"@id\":\"https:\/\/nosesso.net\/da\/#breadcrumb\"},\"inLanguage\":\"da-DK\",\"potentialAction\":[{\"@type\":\"ReadAction\",\"target\":[\"https:\/\/nosesso.net\/da\/\"]}]},{\"@type\":\"BreadcrumbList\",\"@id\":\"https:\/\/nosesso.net\/da\/#breadcrumb\",\"itemListElement\":[{\"@type\":\"ListItem\",\"position\":1,\"name\":\"Home\",\"item\":\"https:\/\/nosesso.net\/da\/\"},{\"@type\":\"ListItem\",\"position\":2,\"name\":\"Sex Tilslutning Guide\"}]}]}<\/script>\n<!-- \/ Yoast SEO plugin. -->","yoast_head_json":{"title":"Sex Tilslutning Guide - No Sesso","robots":{"index":"index","follow":"follow","max-snippet":"max-snippet:-1","max-image-preview":"max-image-preview:large","max-video-preview":"max-video-preview:-1"},"canonical":"https:\/\/nosesso.net\/da\/","og_locale":"da_DK","og_type":"article","og_title":"Sex Tilslutning Guide - No Sesso","og_description":"Voksen dating er en fantastisk m\u00e5de at m\u00f8de nye venner, skabe nye forbindelser og endda finde k\u00e6rlighed. Men det er ikke altid nemt at komme i gang. Denne vejledning hj\u00e6lper dig med at l\u00e6re alt hvad du beh\u00f8ver at vide om dating for voksne, herunder: Hvilke datingsider for voksne er tilg\u00e6ngelige S\u00e5dan v\u00e6lger du det ... L\u00e6s mere","og_url":"https:\/\/nosesso.net\/da\/","og_site_name":"No Sesso","article_modified_time":"2022-06-30T19:20:36+00:00","og_image":[{"url":"http:\/\/nosesso.net\/wp-content\/uploads\/2022\/06\/online-hookup-sites.jpeg"}],"twitter_card":"summary_large_image","twitter_misc":{"Estimeret l\u00e6setid":"5 minutter"},"schema":{"@context":"https:\/\/schema.org","@graph":[{"@type":"WebSite","@id":"https:\/\/nosesso.net\/#website","url":"https:\/\/nosesso.net\/","name":"No Sesso","description":"Real Dating Reviews","potentialAction":[{"@type":"SearchAction","target":{"@type":"EntryPoint","urlTemplate":"https:\/\/nosesso.net\/?s={search_term_string}"},"query-input":"required name=search_term_string"}],"inLanguage":"da-DK"},{"@type":"ImageObject","@id":"https:\/\/nosesso.net\/da\/#primaryimage","inLanguage":"da-DK","url":"http:\/\/nosesso.net\/wp-content\/uploads\/2022\/06\/online-hookup-sites.jpeg","contentUrl":"http:\/\/nosesso.net\/wp-content\/uploads\/2022\/06\/online-hookup-sites.jpeg"},{"@type":"WebPage","@id":"https:\/\/nosesso.net\/da\/#webpage","url":"https:\/\/nosesso.net\/da\/","name":"Sex Tilslutning Guide - No Sesso","isPartOf":{"@id":"https:\/\/nosesso.net\/#website"},"primaryImageOfPage":{"@id":"https:\/\/nosesso.net\/da\/#primaryimage"},"datePublished":"2022-06-23T10:41:21+00:00","dateModified":"2022-06-30T19:20:36+00:00","breadcrumb":{"@id":"https:\/\/nosesso.net\/da\/#breadcrumb"},"inLanguage":"da-DK","potentialAction":[{"@type":"ReadAction","target":["https:\/\/nosesso.net\/da\/"]}]},{"@type":"BreadcrumbList","@id":"https:\/\/nosesso.net\/da\/#breadcrumb","itemListElement":[{"@type":"ListItem","position":1,"name":"Home","item":"https:\/\/nosesso.net\/da\/"},{"@type":"ListItem","position":2,"name":"Sex Tilslutning Guide"}]}]}},"_links":{"self":[{"href":"https:\/\/nosesso.net\/da\/wp-json\/wp\/v2\/pages\/257"}],"collection":[{"href":"https:\/\/nosesso.net\/da\/wp-json\/wp\/v2\/pages"}],"about":[{"href":"https:\/\/nosesso.net\/da\/wp-json\/wp\/v2\/types\/page"}],"author":[{"embeddable":true,"href":"https:\/\/nosesso.net\/da\/wp-json\/wp\/v2\/users\/1"}],"replies":[{"embeddable":true,"href":"https:\/\/nosesso.net\/da\/wp-json\/wp\/v2\/comments?post=257"}],"version-history":[{"count":2,"href":"https:\/\/nosesso.net\/da\/wp-json\/wp\/v2\/pages\/257\/revisions"}],"predecessor-version":[{"id":262,"href":"https:\/\/nosesso.net\/da\/wp-json\/wp\/v2\/pages\/257\/revisions\/262"}],"wp:attachment":[{"href":"https:\/\/nosesso.net\/da\/wp-json\/wp\/v2\/media?parent=257"}],"curies":[{"name":"wp","href":"https:\/\/api.w.org\/{rel}","templated":true}]}}