{"id":140,"date":"2022-06-23T11:49:10","date_gmt":"2022-06-23T10:49:10","guid":{"rendered":"http:\/\/nosesso.net\/wo-finde-ich-menschen-mit-aehnlichen-interessen\/"},"modified":"2022-07-05T12:52:48","modified_gmt":"2022-07-05T11:52:48","slug":"wo-finde-ich-menschen-mit-aehnlichen-interessen","status":"publish","type":"page","link":"https:\/\/nosesso.net\/de\/wo-finde-ich-menschen-mit-aehnlichen-interessen\/","title":{"rendered":"Wo finde ich Menschen mit \u00e4hnlichen Interessen?"},"content":{"rendered":"<p>Sie k\u00f6nnen auch Menschen treffen, die \u00e4hnliche Interessen teilen. Zum Beispiel k\u00f6nnen Sie einem Gruppenchatroom beitreten, in dem alle die gleichen Hobbys oder Leidenschaften teilen. Diese Gruppen sind eine gro\u00dfartige M\u00f6glichkeit, Menschen zu treffen, die Ihre Interessen teilen, und Sie k\u00f6nnen leicht durch die Themen bl\u00e4ttern, um genau das zu finden, wonach Sie suchen.<\/p>\n<p>Neben der Suche nach Menschen mit gemeinsamen Interessen k\u00f6nnen Sie auch Personen finden und <a href=\"http:\/\/www.sexdating-at.com\">sexdating seite<\/a>, die nach Freunden suchen. Viele Websites bieten kostenlose Chatrooms an, und diese sind eine gro\u00dfartige M\u00f6glichkeit, neue Freunde zu finden. Sie k\u00f6nnen auch Ihren eigenen privaten Chatroom erstellen und nur die Personen einladen, mit denen Sie Zeit verbringen m\u00f6chten.<\/p>\n<p><img loading=\"lazy\" class=\"aligncenter wp-image-53\" src=\"http:\/\/nosesso.net\/wp-content\/uploads\/2022\/06\/love-image-online-1024x683.webp\" alt=\"\" width=\"653\" height=\"435\" srcset=\"https:\/\/nosesso.net\/wp-content\/uploads\/2022\/06\/love-image-online-1024x683.webp 1024w, https:\/\/nosesso.net\/wp-content\/uploads\/2022\/06\/love-image-online-300x200.webp 300w, https:\/\/nosesso.net\/wp-content\/uploads\/2022\/06\/love-image-online-768x512.webp 768w, https:\/\/nosesso.net\/wp-content\/uploads\/2022\/06\/love-image-online.webp 1125w\" sizes=\"(max-width: 653px) 100vw, 653px\" \/><\/p>\n<h2>Chatrooms oder Dating-Apps?<\/h2>\n<p>Der gr\u00f6\u00dfte Vorteil des Beitritts zu einem Chatroom f\u00fcr Erwachsene ist, dass Sie dabei Spa\u00df haben k\u00f6nnen. Wenn Sie in einen Chatroom gehen, k\u00f6nnen Sie entweder Musik h\u00f6ren oder Videos ansehen. Sie k\u00f6nnen auch Spiele spielen oder B\u00fccher lesen, und Sie k\u00f6nnen sogar an Umfragen oder Umfragen teilnehmen.<\/p>\n<p>W\u00e4hrend Sie chatten, k\u00f6nnen Sie auch Nachrichten an andere Mitglieder senden. Sie k\u00f6nnen ihnen Fragen stellen, ihnen von sich erz\u00e4hlen oder einfach Hallo sagen. Sie k\u00f6nnen auch Freunde zu Ihrer Kontaktliste hinzuf\u00fcgen, was bedeutet, dass Sie auch nach dem Verlassen des Chatrooms mit ihnen in Verbindung bleiben k\u00f6nnen.<\/p>\n<p>Zusammenfassend l\u00e4sst sich sagen, dass Chatrooms f\u00fcr Erwachsene eine gro\u00dfartige M\u00f6glichkeit sind, neue Freunde zu finden, neue Interessen zu erkunden und sich gleichzeitig zu am\u00fcsieren. Sie sind auch eine gro\u00dfartige M\u00f6glichkeit, neue Leute kennenzulernen, und Sie k\u00f6nnen immer etwas zu tun finden, wenn Sie einen Chatroom besuchen.<\/p>\n<h2>Online-Dating-Apps k\u00f6nnten am besten sein<\/h2>\n<p>Sex Meet ist ein Begriff, der verwendet wird, um <a href=\"http:\/\/www.sexzoznamka.net\">Sexzoznamka.net<\/a> Dating-Sites zu beschreiben, auf denen sich Mitglieder mit anderen verbinden k\u00f6nnen, die \u00e4hnliche Interessen haben. Es gibt viele Sex-Meet-Sites, die heute verf\u00fcgbar sind, darunter AdultFriendFinder, Ashley Madison und Match.com. Diese Websites erm\u00f6glichen es Mitgliedern, Profile anderer Mitglieder zu durchsuchen, Nachrichten zu senden und Termine zu vereinbaren.<\/p>\n<p>W\u00e4hrend diese Arten von Websites kostenlos sind, erfordern sie ein kostenpflichtiges Abonnement, um auf bestimmte Funktionen zugreifen zu k\u00f6nnen. Beispielsweise bieten die meisten Websites Premium-Mitgliedschaftsoptionen an, die zus\u00e4tzliche Messagingfunktionen, erweiterte Suchfilter und erweiterte Profilansichten umfassen.<\/p>\n<p>Es gibt mehrere Vorteile, sich f\u00fcr eine Sex-Meet-Site anzumelden. Erstens k\u00f6nnen Sie leicht jemanden finden, der Ihre sexuellen Vorlieben teilt. Zweitens k\u00f6nnen Sie <a href=\"http:\/\/nosesso.net\/de\/kostenlose-hookup-sites\/\">mit potenziellen Partnern kommunizieren<\/a> , ohne f\u00fcr teure Telefonanrufe oder Textnachrichten bezahlen zu m\u00fcssen. Drittens k\u00f6nnen Sie Geld sparen, indem Sie Menschen \u00fcber eine Community treffen, anstatt f\u00fcr einzelne Dienste zu bezahlen.<\/p>\n<p>Es ist auch einfach, einer Sex-Meet-Site beizutreten. Erstellen Sie einfach ein Profil und laden Sie Fotos hoch. Suchen Sie dann nach Personen, die Ihre Interessen teilen, und senden Sie ihnen direkt eine Nachricht. So einfach ist das!<\/p>\n<h2>Was ist mit lokalen Anschl\u00fcssen?<\/h2>\n<p>Lokale Hookups werden bei Singles, die die gleichen alten Online-Dating-Sites satt haben, immer beliebter. Diese Websites sind nicht immer effektiv und k\u00f6nnen teuer sein, wenn Sie jeden Monat f\u00fcr Mitgliedsbeitr\u00e4ge bezahlen.<\/p>\n<p>Anstatt monatliche Geb\u00fchren zu zahlen, versuchen Sie es stattdessen <a href=\"http:\/\/nosesso.net\/de\/kostenlose-casual-sex-dating-sites\/\">mit lokalen Anschluss-Apps<\/a> . Diese Apps erm\u00f6glichen es Ihnen, andere Singles in der N\u00e4he zu treffen, und Sie k\u00f6nnen sich normalerweise innerhalb weniger Minuten mit ihnen verbinden. Es ist viel einfacher, jemanden vor Ort zu treffen als \u00fcber eine App, bei der Sie lange Strecken zur\u00fccklegen m\u00fcssen.<\/p>\n<p>Es gibt viele verschiedene Arten von lokalen Anschluss-Apps, darunter Tinder, Bumble, Hinge und Plenty of Fish. Jeder hat seine eigenen einzigartigen Funktionen, also w\u00e4hlen Sie diejenige, die Ihren Bed\u00fcrfnissen am besten entspricht. Mit Tinder k\u00f6nnen Sie beispielsweise nach links oder rechts wischen, um zu entscheiden, ob Sie mit einem anderen Benutzer sprechen m\u00f6chten oder nicht.<\/p>\n<p>Sobald Sie eine lokale Anschluss-App gefunden haben, die f\u00fcr Sie funktioniert, melden Sie sich an und lernen Sie noch heute neue Leute kennen!<\/p>\n","protected":false},"excerpt":{"rendered":"<p>Sie k\u00f6nnen auch Menschen treffen, die \u00e4hnliche Interessen teilen. Zum Beispiel k\u00f6nnen Sie einem Gruppenchatroom beitreten, in dem alle die gleichen Hobbys oder Leidenschaften teilen. Diese Gruppen sind eine gro\u00dfartige M\u00f6glichkeit, Menschen zu treffen, die Ihre Interessen teilen, und Sie k\u00f6nnen leicht durch die Themen bl\u00e4ttern, um genau das zu finden, wonach Sie suchen. Neben &#8230; <a title=\"Wo finde ich Menschen mit \u00e4hnlichen Interessen?\" class=\"read-more\" href=\"https:\/\/nosesso.net\/de\/wo-finde-ich-menschen-mit-aehnlichen-interessen\/\" aria-label=\"Mehr dazu unter Wo finde ich Menschen mit \u00e4hnlichen Interessen?\">Weiterlesen<\/a><\/p>\n","protected":false},"author":1,"featured_media":0,"parent":0,"menu_order":0,"comment_status":"closed","ping_status":"closed","template":"","meta":[],"yoast_head":"<!-- This site is optimized with the Yoast SEO plugin v17.7.1 - https:\/\/yoast.com\/wordpress\/plugins\/seo\/ -->\n<title>Wo finde ich Menschen mit \u00e4hnlichen Interessen? - No Sesso<\/title>\n<meta name=\"robots\" content=\"index, follow, max-snippet:-1, max-image-preview:large, max-video-preview:-1\" \/>\n<link rel=\"canonical\" href=\"https:\/\/nosesso.net\/de\/wo-finde-ich-menschen-mit-aehnlichen-interessen\/\" \/>\n<meta property=\"og:locale\" content=\"de_DE\" \/>\n<meta property=\"og:type\" content=\"article\" \/>\n<meta property=\"og:title\" content=\"Wo finde ich Menschen mit \u00e4hnlichen Interessen? - No Sesso\" \/>\n<meta property=\"og:description\" content=\"Sie k\u00f6nnen auch Menschen treffen, die \u00e4hnliche Interessen teilen. Zum Beispiel k\u00f6nnen Sie einem Gruppenchatroom beitreten, in dem alle die gleichen Hobbys oder Leidenschaften teilen. Diese Gruppen sind eine gro\u00dfartige M\u00f6glichkeit, Menschen zu treffen, die Ihre Interessen teilen, und Sie k\u00f6nnen leicht durch die Themen bl\u00e4ttern, um genau das zu finden, wonach Sie suchen. Neben ... Weiterlesen\" \/>\n<meta property=\"og:url\" content=\"https:\/\/nosesso.net\/de\/wo-finde-ich-menschen-mit-aehnlichen-interessen\/\" \/>\n<meta property=\"og:site_name\" content=\"No Sesso\" \/>\n<meta property=\"article:modified_time\" content=\"2022-07-05T11:52:48+00:00\" \/>\n<meta property=\"og:image\" content=\"http:\/\/nosesso.net\/wp-content\/uploads\/2022\/06\/love-image-online-1024x683.webp\" \/>\n<meta name=\"twitter:card\" content=\"summary_large_image\" \/>\n<meta name=\"twitter:label1\" content=\"Gesch\u00e4tzte Lesezeit\" \/>\n\t<meta name=\"twitter:data1\" content=\"3\u00a0Minuten\" \/>\n<script type=\"application\/ld+json\" class=\"yoast-schema-graph\">{\"@context\":\"https:\/\/schema.org\",\"@graph\":[{\"@type\":\"WebSite\",\"@id\":\"https:\/\/nosesso.net\/#website\",\"url\":\"https:\/\/nosesso.net\/\",\"name\":\"No Sesso\",\"description\":\"Real Dating Reviews\",\"potentialAction\":[{\"@type\":\"SearchAction\",\"target\":{\"@type\":\"EntryPoint\",\"urlTemplate\":\"https:\/\/nosesso.net\/?s={search_term_string}\"},\"query-input\":\"required name=search_term_string\"}],\"inLanguage\":\"de\"},{\"@type\":\"ImageObject\",\"@id\":\"https:\/\/nosesso.net\/de\/wo-finde-ich-menschen-mit-aehnlichen-interessen\/#primaryimage\",\"inLanguage\":\"de\",\"url\":\"http:\/\/nosesso.net\/wp-content\/uploads\/2022\/06\/love-image-online-1024x683.webp\",\"contentUrl\":\"http:\/\/nosesso.net\/wp-content\/uploads\/2022\/06\/love-image-online-1024x683.webp\"},{\"@type\":\"WebPage\",\"@id\":\"https:\/\/nosesso.net\/de\/wo-finde-ich-menschen-mit-aehnlichen-interessen\/#webpage\",\"url\":\"https:\/\/nosesso.net\/de\/wo-finde-ich-menschen-mit-aehnlichen-interessen\/\",\"name\":\"Wo finde ich Menschen mit \\u00e4hnlichen Interessen? - No Sesso\",\"isPartOf\":{\"@id\":\"https:\/\/nosesso.net\/#website\"},\"primaryImageOfPage\":{\"@id\":\"https:\/\/nosesso.net\/de\/wo-finde-ich-menschen-mit-aehnlichen-interessen\/#primaryimage\"},\"datePublished\":\"2022-06-23T10:49:10+00:00\",\"dateModified\":\"2022-07-05T11:52:48+00:00\",\"breadcrumb\":{\"@id\":\"https:\/\/nosesso.net\/de\/wo-finde-ich-menschen-mit-aehnlichen-interessen\/#breadcrumb\"},\"inLanguage\":\"de\",\"potentialAction\":[{\"@type\":\"ReadAction\",\"target\":[\"https:\/\/nosesso.net\/de\/wo-finde-ich-menschen-mit-aehnlichen-interessen\/\"]}]},{\"@type\":\"BreadcrumbList\",\"@id\":\"https:\/\/nosesso.net\/de\/wo-finde-ich-menschen-mit-aehnlichen-interessen\/#breadcrumb\",\"itemListElement\":[{\"@type\":\"ListItem\",\"position\":1,\"name\":\"Home\",\"item\":\"http:\/\/nosesso.net\/de\/\"},{\"@type\":\"ListItem\",\"position\":2,\"name\":\"Wo finde ich Menschen mit \\u00e4hnlichen Interessen?\"}]}]}<\/script>\n<!-- \/ Yoast SEO plugin. -->","yoast_head_json":{"title":"Wo finde ich Menschen mit \u00e4hnlichen Interessen? - No Sesso","robots":{"index":"index","follow":"follow","max-snippet":"max-snippet:-1","max-image-preview":"max-image-preview:large","max-video-preview":"max-video-preview:-1"},"canonical":"https:\/\/nosesso.net\/de\/wo-finde-ich-menschen-mit-aehnlichen-interessen\/","og_locale":"de_DE","og_type":"article","og_title":"Wo finde ich Menschen mit \u00e4hnlichen Interessen? - No Sesso","og_description":"Sie k\u00f6nnen auch Menschen treffen, die \u00e4hnliche Interessen teilen. Zum Beispiel k\u00f6nnen Sie einem Gruppenchatroom beitreten, in dem alle die gleichen Hobbys oder Leidenschaften teilen. Diese Gruppen sind eine gro\u00dfartige M\u00f6glichkeit, Menschen zu treffen, die Ihre Interessen teilen, und Sie k\u00f6nnen leicht durch die Themen bl\u00e4ttern, um genau das zu finden, wonach Sie suchen. Neben ... Weiterlesen","og_url":"https:\/\/nosesso.net\/de\/wo-finde-ich-menschen-mit-aehnlichen-interessen\/","og_site_name":"No Sesso","article_modified_time":"2022-07-05T11:52:48+00:00","og_image":[{"url":"http:\/\/nosesso.net\/wp-content\/uploads\/2022\/06\/love-image-online-1024x683.webp"}],"twitter_card":"summary_large_image","twitter_misc":{"Gesch\u00e4tzte Lesezeit":"3\u00a0Minuten"},"schema":{"@context":"https:\/\/schema.org","@graph":[{"@type":"WebSite","@id":"https:\/\/nosesso.net\/#website","url":"https:\/\/nosesso.net\/","name":"No Sesso","description":"Real Dating Reviews","potentialAction":[{"@type":"SearchAction","target":{"@type":"EntryPoint","urlTemplate":"https:\/\/nosesso.net\/?s={search_term_string}"},"query-input":"required name=search_term_string"}],"inLanguage":"de"},{"@type":"ImageObject","@id":"https:\/\/nosesso.net\/de\/wo-finde-ich-menschen-mit-aehnlichen-interessen\/#primaryimage","inLanguage":"de","url":"http:\/\/nosesso.net\/wp-content\/uploads\/2022\/06\/love-image-online-1024x683.webp","contentUrl":"http:\/\/nosesso.net\/wp-content\/uploads\/2022\/06\/love-image-online-1024x683.webp"},{"@type":"WebPage","@id":"https:\/\/nosesso.net\/de\/wo-finde-ich-menschen-mit-aehnlichen-interessen\/#webpage","url":"https:\/\/nosesso.net\/de\/wo-finde-ich-menschen-mit-aehnlichen-interessen\/","name":"Wo finde ich Menschen mit \u00e4hnlichen Interessen? - No Sesso","isPartOf":{"@id":"https:\/\/nosesso.net\/#website"},"primaryImageOfPage":{"@id":"https:\/\/nosesso.net\/de\/wo-finde-ich-menschen-mit-aehnlichen-interessen\/#primaryimage"},"datePublished":"2022-06-23T10:49:10+00:00","dateModified":"2022-07-05T11:52:48+00:00","breadcrumb":{"@id":"https:\/\/nosesso.net\/de\/wo-finde-ich-menschen-mit-aehnlichen-interessen\/#breadcrumb"},"inLanguage":"de","potentialAction":[{"@type":"ReadAction","target":["https:\/\/nosesso.net\/de\/wo-finde-ich-menschen-mit-aehnlichen-interessen\/"]}]},{"@type":"BreadcrumbList","@id":"https:\/\/nosesso.net\/de\/wo-finde-ich-menschen-mit-aehnlichen-interessen\/#breadcrumb","itemListElement":[{"@type":"ListItem","position":1,"name":"Home","item":"http:\/\/nosesso.net\/de\/"},{"@type":"ListItem","position":2,"name":"Wo finde ich Menschen mit \u00e4hnlichen Interessen?"}]}]}},"_links":{"self":[{"href":"https:\/\/nosesso.net\/de\/wp-json\/wp\/v2\/pages\/140"}],"collection":[{"href":"https:\/\/nosesso.net\/de\/wp-json\/wp\/v2\/pages"}],"about":[{"href":"https:\/\/nosesso.net\/de\/wp-json\/wp\/v2\/types\/page"}],"author":[{"embeddable":true,"href":"https:\/\/nosesso.net\/de\/wp-json\/wp\/v2\/users\/1"}],"replies":[{"embeddable":true,"href":"https:\/\/nosesso.net\/de\/wp-json\/wp\/v2\/comments?post=140"}],"version-history":[{"count":1,"href":"https:\/\/nosesso.net\/de\/wp-json\/wp\/v2\/pages\/140\/revisions"}],"predecessor-version":[{"id":283,"href":"https:\/\/nosesso.net\/de\/wp-json\/wp\/v2\/pages\/140\/revisions\/283"}],"wp:attachment":[{"href":"https:\/\/nosesso.net\/de\/wp-json\/wp\/v2\/media?parent=140"}],"curies":[{"name":"wp","href":"https:\/\/api.w.org\/{rel}","templated":true}]}}