{"id":153,"date":"2022-06-23T11:47:57","date_gmt":"2022-06-23T10:47:57","guid":{"rendered":"http:\/\/nosesso.net\/kostenlose-casual-sex-dating-sites\/"},"modified":"2022-07-20T17:51:56","modified_gmt":"2022-07-20T16:51:56","slug":"kostenlose-casual-sex-dating-sites","status":"publish","type":"page","link":"https:\/\/nosesso.net\/de\/kostenlose-casual-sex-dating-sites\/","title":{"rendered":"Kostenlose Casual Sex Dating Sites"},"content":{"rendered":"<p>Mit OkCupid k\u00f6nnen Sie <a href=\"http:\/\/nosesso.net\/de\/kostenlose-hookup-sites\/\">Mitgliederprofile durchsuchen<\/a> und Nachrichten an interessierte Parteien senden. Es bietet auch Funktionen wie Live-Chat, Video-Chat und Gruppen-Chats. Schlie\u00dflich bietet Ihnen PlentyOfFish die M\u00f6glichkeit, Tausende von Profilen gleichzeitig zu durchsuchen. Sie k\u00f6nnen sie dann nach Alter, Geschlecht, Interessen und mehr sortieren.<\/p>\n<p>Tinder ist ein weiterer gro\u00dfartiger Ort, um zwanglose Dates zu finden. Es ist eine <a href=\"http:\/\/nosesso.net\/de\/arten-von-hookup-sites\/\">mobile App<\/a> , die Singles basierend auf ihren gemeinsamen Interessen verbindet. Sobald Sie die App heruntergeladen haben, k\u00f6nnen Sie nach links oder rechts wischen, um Profile anzuzeigen. Danach k\u00f6nnen Sie Nachrichten an interessierte Parteien senden und sich im wirklichen Leben treffen.<\/p>\n<p>W\u00e4hrend einige dieser Websites schon seit Jahren existieren <a href=\"https:\/\/www.fucklocals.org\/de\/kostenlose-sexting-websites-fuer-erwachsene\/\">kostenlos sexting<\/a>, sind andere relativ neu. Wenn Sie mit keiner dieser Websites vertraut sind, sollten Sie sich unseren Leitfaden zu den Top 10 der Online-Dating-Websites ansehen. Wir haben Informationen zu den Funktionen, Kosten und Sicherheitsbedenken jeder Website aufgenommen.<\/p>\n<p><img loading=\"lazy\" class=\"aligncenter wp-image-52\" src=\"http:\/\/nosesso.net\/wp-content\/uploads\/2022\/06\/online-sex-chat-1024x682.jpeg\" alt=\"\" width=\"675\" height=\"449\" srcset=\"https:\/\/nosesso.net\/wp-content\/uploads\/2022\/06\/online-sex-chat-1024x682.jpeg 1024w, https:\/\/nosesso.net\/wp-content\/uploads\/2022\/06\/online-sex-chat-300x200.jpeg 300w, https:\/\/nosesso.net\/wp-content\/uploads\/2022\/06\/online-sex-chat-768x511.jpeg 768w, https:\/\/nosesso.net\/wp-content\/uploads\/2022\/06\/online-sex-chat-1536x1022.jpeg 1536w, https:\/\/nosesso.net\/wp-content\/uploads\/2022\/06\/online-sex-chat.jpeg 1600w\" sizes=\"(max-width: 675px) 100vw, 675px\" \/><\/p>\n<h2>Wie man online chattet<\/h2>\n<p>Sobald Sie ein paar gute Optionen gefunden haben, melden Sie sich f\u00fcr eine von ihnen an. Beginnen Sie dann mit dem Durchsuchen von Profilen und dem Senden von Nachrichten an interessierte Parteien. Wenn Sie jemanden finden, den Sie m\u00f6gen, fragen Sie ihn per SMS oder E-Mail. Wenn sie akzeptieren, k\u00f6nnen Sie ein Date planen und zu Ihrem ersten gemeinsamen Date gehen!<\/p>\n<p>Lokale Hookups werden immer beliebter bei Singles, die jemanden in der N\u00e4he <a href=\"https:\/\/www.jerkoffforme.com\/de\/gay-cam-seiten\/\">gay cam kostenlos<\/a> treffen wollen. Es ist einfach, ein Profil auf Websites wie Craigslist, PlentyOfFish und OkCupid einzurichten, wo Sie innerhalb weniger Minuten Tausende von lokalen Mitgliedern durchsuchen k\u00f6nnen.<\/p>\n<p>Es ist wichtig, sich daran zu erinnern, dass diese Art von Online-Dating-Sites nicht nur f\u00fcr zuf\u00e4llige Begegnungen gedacht sind. Sie wurden entwickelt, um Menschen zu verbinden, die \u00e4hnliche Interessen und Werte teilen. Wenn Sie also nach einer ernsthaften Beziehung suchen, m\u00f6chten Sie vielleicht eine andere Art von Website ausprobieren.<\/p>\n<p>Zum Beispiel hat Match.com einen Abschnitt namens Singles Near Me, in dem Sie Ihre \u00dcbereinstimmungen basierend auf dem Standort filtern k\u00f6nnen. Das Gleiche gilt f\u00fcr eHarmony, Zoosk und andere Websites.<\/p>\n<h2>Unsere Ratschl\u00e4ge zum Ausprobieren von Chatrooms<\/h2>\n<p>Chatrooms f\u00fcr Erwachsene sind ein gro\u00dfartiger Ort, um andere Singles zu treffen, die \u00e4hnliche Interessen teilen. Es gibt viele verschiedene Arten von Chatrooms f\u00fcr Erwachsene, darunter Video-Chatrooms, Webcam-Chatrooms und Text-Chatrooms. Chatrooms sind eine unterhaltsame M\u00f6glichkeit, sich mit anderen zu verbinden und mehr \u00fcber sich selbst zu erfahren.<\/p>\n<p>Es gibt mehrere Vorteile, online zu chatten. Zum Beispiel k\u00f6nnen Sie mit jemandem von \u00fcberall auf der Welt sprechen, und Sie k\u00f6nnen es tun, ohne etwas bezahlen zu m\u00fcssen. Dar\u00fcber hinaus k\u00f6nnen Sie w\u00e4hlen, ob Sie \u00fcber Audio oder Video kommunizieren m\u00f6chten, und Sie k\u00f6nnen Ihre eigenen Einstellungen festlegen.<\/p>\n<p>Einer der besten Teile von Chatrooms f\u00fcr Erwachsene ist, dass Sie Menschen aus der <a href=\"http:\/\/www.gay-hookups.com\/de\/\">kostenlose gay sex chat<\/a> ganzen Welt treffen k\u00f6nnen. Es spielt keine Rolle, ob Sie daran interessiert sind, Leute aus einem anderen Land zu treffen oder einfach nur Leute in der N\u00e4he treffen m\u00f6chten. Chatrooms f\u00fcr Erwachsene erm\u00f6glichen es Ihnen, mit Menschen aus allen Lebensbereichen zu interagieren.<\/p>\n","protected":false},"excerpt":{"rendered":"<p>Mit OkCupid k\u00f6nnen Sie Mitgliederprofile durchsuchen und Nachrichten an interessierte Parteien senden. Es bietet auch Funktionen wie Live-Chat, Video-Chat und Gruppen-Chats. Schlie\u00dflich bietet Ihnen PlentyOfFish die M\u00f6glichkeit, Tausende von Profilen gleichzeitig zu durchsuchen. Sie k\u00f6nnen sie dann nach Alter, Geschlecht, Interessen und mehr sortieren. Tinder ist ein weiterer gro\u00dfartiger Ort, um zwanglose Dates zu finden. &#8230; <a title=\"Kostenlose Casual Sex Dating Sites\" class=\"read-more\" href=\"https:\/\/nosesso.net\/de\/kostenlose-casual-sex-dating-sites\/\" aria-label=\"Mehr dazu unter Kostenlose Casual Sex Dating Sites\">Weiterlesen<\/a><\/p>\n","protected":false},"author":1,"featured_media":0,"parent":0,"menu_order":0,"comment_status":"closed","ping_status":"closed","template":"","meta":[],"yoast_head":"<!-- This site is optimized with the Yoast SEO plugin v17.7.1 - https:\/\/yoast.com\/wordpress\/plugins\/seo\/ -->\n<title>Kostenlose Casual Sex Dating Sites - No Sesso<\/title>\n<meta name=\"robots\" content=\"index, follow, max-snippet:-1, max-image-preview:large, max-video-preview:-1\" \/>\n<link rel=\"canonical\" href=\"https:\/\/nosesso.net\/de\/kostenlose-casual-sex-dating-sites\/\" \/>\n<meta property=\"og:locale\" content=\"de_DE\" \/>\n<meta property=\"og:type\" content=\"article\" \/>\n<meta property=\"og:title\" content=\"Kostenlose Casual Sex Dating Sites - No Sesso\" \/>\n<meta property=\"og:description\" content=\"Mit OkCupid k\u00f6nnen Sie Mitgliederprofile durchsuchen und Nachrichten an interessierte Parteien senden. Es bietet auch Funktionen wie Live-Chat, Video-Chat und Gruppen-Chats. Schlie\u00dflich bietet Ihnen PlentyOfFish die M\u00f6glichkeit, Tausende von Profilen gleichzeitig zu durchsuchen. Sie k\u00f6nnen sie dann nach Alter, Geschlecht, Interessen und mehr sortieren. Tinder ist ein weiterer gro\u00dfartiger Ort, um zwanglose Dates zu finden. ... Weiterlesen\" \/>\n<meta property=\"og:url\" content=\"https:\/\/nosesso.net\/de\/kostenlose-casual-sex-dating-sites\/\" \/>\n<meta property=\"og:site_name\" content=\"No Sesso\" \/>\n<meta property=\"article:modified_time\" content=\"2022-07-20T16:51:56+00:00\" \/>\n<meta property=\"og:image\" content=\"http:\/\/nosesso.net\/wp-content\/uploads\/2022\/06\/online-sex-chat-1024x682.jpeg\" \/>\n<meta name=\"twitter:card\" content=\"summary_large_image\" \/>\n<meta name=\"twitter:label1\" content=\"Gesch\u00e4tzte Lesezeit\" \/>\n\t<meta name=\"twitter:data1\" content=\"3\u00a0Minuten\" \/>\n<script type=\"application\/ld+json\" class=\"yoast-schema-graph\">{\"@context\":\"https:\/\/schema.org\",\"@graph\":[{\"@type\":\"WebSite\",\"@id\":\"https:\/\/nosesso.net\/#website\",\"url\":\"https:\/\/nosesso.net\/\",\"name\":\"No Sesso\",\"description\":\"Real Dating Reviews\",\"potentialAction\":[{\"@type\":\"SearchAction\",\"target\":{\"@type\":\"EntryPoint\",\"urlTemplate\":\"https:\/\/nosesso.net\/?s={search_term_string}\"},\"query-input\":\"required name=search_term_string\"}],\"inLanguage\":\"de\"},{\"@type\":\"ImageObject\",\"@id\":\"https:\/\/nosesso.net\/de\/kostenlose-casual-sex-dating-sites\/#primaryimage\",\"inLanguage\":\"de\",\"url\":\"http:\/\/nosesso.net\/wp-content\/uploads\/2022\/06\/online-sex-chat-1024x682.jpeg\",\"contentUrl\":\"http:\/\/nosesso.net\/wp-content\/uploads\/2022\/06\/online-sex-chat-1024x682.jpeg\"},{\"@type\":\"WebPage\",\"@id\":\"https:\/\/nosesso.net\/de\/kostenlose-casual-sex-dating-sites\/#webpage\",\"url\":\"https:\/\/nosesso.net\/de\/kostenlose-casual-sex-dating-sites\/\",\"name\":\"Kostenlose Casual Sex Dating Sites - No Sesso\",\"isPartOf\":{\"@id\":\"https:\/\/nosesso.net\/#website\"},\"primaryImageOfPage\":{\"@id\":\"https:\/\/nosesso.net\/de\/kostenlose-casual-sex-dating-sites\/#primaryimage\"},\"datePublished\":\"2022-06-23T10:47:57+00:00\",\"dateModified\":\"2022-07-20T16:51:56+00:00\",\"breadcrumb\":{\"@id\":\"https:\/\/nosesso.net\/de\/kostenlose-casual-sex-dating-sites\/#breadcrumb\"},\"inLanguage\":\"de\",\"potentialAction\":[{\"@type\":\"ReadAction\",\"target\":[\"https:\/\/nosesso.net\/de\/kostenlose-casual-sex-dating-sites\/\"]}]},{\"@type\":\"BreadcrumbList\",\"@id\":\"https:\/\/nosesso.net\/de\/kostenlose-casual-sex-dating-sites\/#breadcrumb\",\"itemListElement\":[{\"@type\":\"ListItem\",\"position\":1,\"name\":\"Home\",\"item\":\"http:\/\/nosesso.net\/de\/\"},{\"@type\":\"ListItem\",\"position\":2,\"name\":\"Kostenlose Casual Sex Dating Sites\"}]}]}<\/script>\n<!-- \/ Yoast SEO plugin. -->","yoast_head_json":{"title":"Kostenlose Casual Sex Dating Sites - No Sesso","robots":{"index":"index","follow":"follow","max-snippet":"max-snippet:-1","max-image-preview":"max-image-preview:large","max-video-preview":"max-video-preview:-1"},"canonical":"https:\/\/nosesso.net\/de\/kostenlose-casual-sex-dating-sites\/","og_locale":"de_DE","og_type":"article","og_title":"Kostenlose Casual Sex Dating Sites - No Sesso","og_description":"Mit OkCupid k\u00f6nnen Sie Mitgliederprofile durchsuchen und Nachrichten an interessierte Parteien senden. Es bietet auch Funktionen wie Live-Chat, Video-Chat und Gruppen-Chats. Schlie\u00dflich bietet Ihnen PlentyOfFish die M\u00f6glichkeit, Tausende von Profilen gleichzeitig zu durchsuchen. Sie k\u00f6nnen sie dann nach Alter, Geschlecht, Interessen und mehr sortieren. Tinder ist ein weiterer gro\u00dfartiger Ort, um zwanglose Dates zu finden. ... Weiterlesen","og_url":"https:\/\/nosesso.net\/de\/kostenlose-casual-sex-dating-sites\/","og_site_name":"No Sesso","article_modified_time":"2022-07-20T16:51:56+00:00","og_image":[{"url":"http:\/\/nosesso.net\/wp-content\/uploads\/2022\/06\/online-sex-chat-1024x682.jpeg"}],"twitter_card":"summary_large_image","twitter_misc":{"Gesch\u00e4tzte Lesezeit":"3\u00a0Minuten"},"schema":{"@context":"https:\/\/schema.org","@graph":[{"@type":"WebSite","@id":"https:\/\/nosesso.net\/#website","url":"https:\/\/nosesso.net\/","name":"No Sesso","description":"Real Dating Reviews","potentialAction":[{"@type":"SearchAction","target":{"@type":"EntryPoint","urlTemplate":"https:\/\/nosesso.net\/?s={search_term_string}"},"query-input":"required name=search_term_string"}],"inLanguage":"de"},{"@type":"ImageObject","@id":"https:\/\/nosesso.net\/de\/kostenlose-casual-sex-dating-sites\/#primaryimage","inLanguage":"de","url":"http:\/\/nosesso.net\/wp-content\/uploads\/2022\/06\/online-sex-chat-1024x682.jpeg","contentUrl":"http:\/\/nosesso.net\/wp-content\/uploads\/2022\/06\/online-sex-chat-1024x682.jpeg"},{"@type":"WebPage","@id":"https:\/\/nosesso.net\/de\/kostenlose-casual-sex-dating-sites\/#webpage","url":"https:\/\/nosesso.net\/de\/kostenlose-casual-sex-dating-sites\/","name":"Kostenlose Casual Sex Dating Sites - No Sesso","isPartOf":{"@id":"https:\/\/nosesso.net\/#website"},"primaryImageOfPage":{"@id":"https:\/\/nosesso.net\/de\/kostenlose-casual-sex-dating-sites\/#primaryimage"},"datePublished":"2022-06-23T10:47:57+00:00","dateModified":"2022-07-20T16:51:56+00:00","breadcrumb":{"@id":"https:\/\/nosesso.net\/de\/kostenlose-casual-sex-dating-sites\/#breadcrumb"},"inLanguage":"de","potentialAction":[{"@type":"ReadAction","target":["https:\/\/nosesso.net\/de\/kostenlose-casual-sex-dating-sites\/"]}]},{"@type":"BreadcrumbList","@id":"https:\/\/nosesso.net\/de\/kostenlose-casual-sex-dating-sites\/#breadcrumb","itemListElement":[{"@type":"ListItem","position":1,"name":"Home","item":"http:\/\/nosesso.net\/de\/"},{"@type":"ListItem","position":2,"name":"Kostenlose Casual Sex Dating Sites"}]}]}},"_links":{"self":[{"href":"https:\/\/nosesso.net\/de\/wp-json\/wp\/v2\/pages\/153"}],"collection":[{"href":"https:\/\/nosesso.net\/de\/wp-json\/wp\/v2\/pages"}],"about":[{"href":"https:\/\/nosesso.net\/de\/wp-json\/wp\/v2\/types\/page"}],"author":[{"embeddable":true,"href":"https:\/\/nosesso.net\/de\/wp-json\/wp\/v2\/users\/1"}],"replies":[{"embeddable":true,"href":"https:\/\/nosesso.net\/de\/wp-json\/wp\/v2\/comments?post=153"}],"version-history":[{"count":1,"href":"https:\/\/nosesso.net\/de\/wp-json\/wp\/v2\/pages\/153\/revisions"}],"predecessor-version":[{"id":305,"href":"https:\/\/nosesso.net\/de\/wp-json\/wp\/v2\/pages\/153\/revisions\/305"}],"wp:attachment":[{"href":"https:\/\/nosesso.net\/de\/wp-json\/wp\/v2\/media?parent=153"}],"curies":[{"name":"wp","href":"https:\/\/api.w.org\/{rel}","templated":true}]}}