{"id":156,"date":"2022-06-23T11:51:14","date_gmt":"2022-06-23T10:51:14","guid":{"rendered":"http:\/\/nosesso.net\/lokale-anschlussstellen\/"},"modified":"2022-07-01T15:10:07","modified_gmt":"2022-07-01T14:10:07","slug":"lokale-anschlussstellen","status":"publish","type":"page","link":"https:\/\/nosesso.net\/de\/lokale-anschlussstellen\/","title":{"rendered":"Lokale Anschlussstellen"},"content":{"rendered":"<p>Das Anschlie\u00dfen macht Spa\u00df, ist aufregend und manchmal sogar romantisch. Aber wenn Sie nach einem lokalen Treffpunkt suchen und <a href=\"https:\/\/www.fuck-buddies.net\/de\/kostenlose-sexspiele-im-ios-app-store\/\">sex spiele auf app store<\/a>, k\u00f6nnten Sie entt\u00e4uscht sein. Das liegt daran, dass die <a href=\"http:\/\/nosesso.net\/de\/kostenlose-casual-sex-dating-sites\/\">meisten Hookup-Apps<\/a> so konzipiert sind, dass sie Menschen verbinden, die weit voneinander entfernt sind.<\/p>\n<p>Aber es gibt viele Orte, an denen Sie jemanden in der N\u00e4he treffen k\u00f6nnen. Egal, ob Sie nach Gelegenheitssex oder einer Beziehung suchen, diese Orte bieten eine sichere Umgebung, in der Sie sich am\u00fcsieren k\u00f6nnen, ohne sich Sorgen machen zu m\u00fcssen, verurteilt oder abgelehnt zu werden.<\/p>\n<p><img loading=\"lazy\" class=\"aligncenter size-full wp-image-54\" src=\"http:\/\/nosesso.net\/wp-content\/uploads\/2022\/06\/find-dates.jpeg\" alt=\"\" width=\"500\" height=\"750\" srcset=\"https:\/\/nosesso.net\/wp-content\/uploads\/2022\/06\/find-dates.jpeg 500w, https:\/\/nosesso.net\/wp-content\/uploads\/2022\/06\/find-dates-200x300.jpeg 200w\" sizes=\"(max-width: 500px) 100vw, 500px\" \/><\/p>\n<p>Hier sind f\u00fcnf beliebte Treffpunkte in Ihrer N\u00e4he:<\/p>\n<h3>1. \u00d6ffentliche Parks<\/h3>\n<p>\u00d6ffentliche Parks sind perfekt, um Singles zu treffen. Es gibt keine Regeln oder Erwartungen, so dass Sie sich einfach entspannen und genie\u00dfen k\u00f6nnen. Au\u00dferdem werden Sie wahrscheinlich auf viele andere Leute sto\u00dfen, die dasselbe tun.<\/p>\n<h3>2. Balken<\/h3>\n<p>Bars sind ein weiterer gro\u00dfartiger Ort, um Leute zu treffen. Die Leute neigen dazu <a href=\"https:\/\/www.free-adult-cams.com\/de\/kostenlose-bbw-cams\/\">BBW live cams<\/a>, nach der Arbeit in Bars abzuh\u00e4ngen, so dass es leicht ist, Gespr\u00e4che mit Fremden zu beginnen.<\/p>\n<h3>3. Caf\u00e9s<\/h3>\n<p>Caf\u00e9s sind ein gro\u00dfartiger Ort, um Leute zu treffen, besonders wenn Sie nach etwas Ernstem suchen. Es ist eine Niederdruckeinstellung, so dass Sie frei und offen \u00fcber alles sprechen k\u00f6nnen.<\/p>\n<h3>4. Bibliotheken<\/h3>\n<p>Bibliotheken sind ein gro\u00dfartiger Ort, um <a href=\"http:\/\/nosesso.net\/de\/wo-finde-ich-menschen-mit-aehnlichen-interessen\/\">Liebe zu finden<\/a>. Sie sind nicht nur frei, sondern auch ruhig und entspannend. Und da Sie von B\u00fcchern umgeben sind, werden Sie sich wohler f\u00fchlen, wenn Sie \u00fcber pers\u00f6nliche Themen sprechen.<\/p>\n<h3>5. Hotels<\/h3>\n<p>Hotels sind ein gro\u00dfartiger Ort, wenn Sie nach etwas Zeit f\u00fcr sich alleine suchen. Sie k\u00f6nnen Privatsph\u00e4re haben und trotzdem nah genug an anderen Menschen sein, um leicht neue Freunde zu treffen.<\/p>\n<p>Egal, ob Sie nach einem One-Night-Stand oder einer langfristigen Beziehung suchen, diese Orte sind eine gro\u00dfartige Option.<\/p>\n<h3>6. Sex-Dating-Apps<\/h3>\n<p>Es gibt viele verschiedene Arten von <a href=\"https:\/\/www.adultsexsites.org\/de\/\">sexdating seite<\/a>, die heute verf\u00fcgbar sind, einschlie\u00dflich solcher, die sich auf bestimmte Altersgruppen, Ethnien und Standorte konzentrieren. Einige Websites konzentrieren sich ausschlie\u00dflich auf Beziehungen zu Erwachsenen, w\u00e4hrend andere von Teenagern bis zu Senioren f\u00fcr alle geeignet sind.<\/p>\n<p>Unabh\u00e4ngig davon, wo Sie sich anmelden m\u00f6chten, stellen Sie sicher, dass Sie einen seri\u00f6sen Service w\u00e4hlen. \u00dcberpr\u00fcfen Sie Bewertungen und Bewertungen, um festzustellen, ob eine bestimmte Website den Ruf hat, vertrauensw\u00fcrdig zu sein. Ber\u00fccksichtigen Sie auch die Kosten der Mitgliedschaft; Wenn Sie f\u00fcr ein Abonnement bezahlen, k\u00f6nnen Sie genauso gut ein gutes Preis-Leistungs-Verh\u00e4ltnis erhalten.<\/p>\n<p>Nachdem Sie sich angemeldet haben, erhalten Sie E-Mails von der Website, in denen Sie aufgefordert werden, Profilfragen auszuf\u00fcllen und Fotos hochzuladen. Sobald Sie diese Aufgaben erledigt haben, k\u00f6nnen Sie die Profile anderer Mitglieder durchsuchen. Sie k\u00f6nnen dann jedem eine Nachricht senden, den Sie treffen m\u00f6chten.<\/p>\n<p>Sobald Sie jemanden gefunden haben, mit dem Sie sprechen m\u00f6chten, k\u00f6nnen Sie sich pers\u00f6nlich treffen. Sex-Dating-Sites bieten in der Regel eine Vielzahl von M\u00f6glichkeiten f\u00fcr Mitglieder, miteinander zu kommunizieren, einschlie\u00dflich Textnachrichten, Telefonanrufe, Video-Chats und Sofortnachrichten.<\/p>\n<p>Die gebr\u00e4uchlichste Kommunikationsmethode ist die per SMS. Einige Websites erm\u00f6glichen es Mitgliedern jedoch auch, Voicemails zu senden oder Apps zum Aufzeichnen von Audionachrichten zu verwenden. Je mehr M\u00f6glichkeiten Sie haben, desto einfacher wird es sein, Termine mit anderen Mitgliedern zu vereinbaren.<\/p>\n","protected":false},"excerpt":{"rendered":"<p>Das Anschlie\u00dfen macht Spa\u00df, ist aufregend und manchmal sogar romantisch. Aber wenn Sie nach einem lokalen Treffpunkt suchen und sex spiele auf app store, k\u00f6nnten Sie entt\u00e4uscht sein. Das liegt daran, dass die meisten Hookup-Apps so konzipiert sind, dass sie Menschen verbinden, die weit voneinander entfernt sind. Aber es gibt viele Orte, an denen Sie &#8230; <a title=\"Lokale Anschlussstellen\" class=\"read-more\" href=\"https:\/\/nosesso.net\/de\/lokale-anschlussstellen\/\" aria-label=\"Mehr dazu unter Lokale Anschlussstellen\">Weiterlesen<\/a><\/p>\n","protected":false},"author":1,"featured_media":0,"parent":0,"menu_order":0,"comment_status":"closed","ping_status":"closed","template":"","meta":[],"yoast_head":"<!-- This site is optimized with the Yoast SEO plugin v17.7.1 - https:\/\/yoast.com\/wordpress\/plugins\/seo\/ -->\n<title>Lokale Anschlussstellen - No Sesso<\/title>\n<meta name=\"robots\" content=\"index, follow, max-snippet:-1, max-image-preview:large, max-video-preview:-1\" \/>\n<link rel=\"canonical\" href=\"https:\/\/nosesso.net\/de\/lokale-anschlussstellen\/\" \/>\n<meta property=\"og:locale\" content=\"de_DE\" \/>\n<meta property=\"og:type\" content=\"article\" \/>\n<meta property=\"og:title\" content=\"Lokale Anschlussstellen - No Sesso\" \/>\n<meta property=\"og:description\" content=\"Das Anschlie\u00dfen macht Spa\u00df, ist aufregend und manchmal sogar romantisch. Aber wenn Sie nach einem lokalen Treffpunkt suchen und sex spiele auf app store, k\u00f6nnten Sie entt\u00e4uscht sein. Das liegt daran, dass die meisten Hookup-Apps so konzipiert sind, dass sie Menschen verbinden, die weit voneinander entfernt sind. Aber es gibt viele Orte, an denen Sie ... Weiterlesen\" \/>\n<meta property=\"og:url\" content=\"https:\/\/nosesso.net\/de\/lokale-anschlussstellen\/\" \/>\n<meta property=\"og:site_name\" content=\"No Sesso\" \/>\n<meta property=\"article:modified_time\" content=\"2022-07-01T14:10:07+00:00\" \/>\n<meta property=\"og:image\" content=\"http:\/\/nosesso.net\/wp-content\/uploads\/2022\/06\/find-dates.jpeg\" \/>\n<meta name=\"twitter:card\" content=\"summary_large_image\" \/>\n<meta name=\"twitter:label1\" content=\"Gesch\u00e4tzte Lesezeit\" \/>\n\t<meta name=\"twitter:data1\" content=\"3\u00a0Minuten\" \/>\n<script type=\"application\/ld+json\" class=\"yoast-schema-graph\">{\"@context\":\"https:\/\/schema.org\",\"@graph\":[{\"@type\":\"WebSite\",\"@id\":\"https:\/\/nosesso.net\/#website\",\"url\":\"https:\/\/nosesso.net\/\",\"name\":\"No Sesso\",\"description\":\"Real Dating Reviews\",\"potentialAction\":[{\"@type\":\"SearchAction\",\"target\":{\"@type\":\"EntryPoint\",\"urlTemplate\":\"https:\/\/nosesso.net\/?s={search_term_string}\"},\"query-input\":\"required name=search_term_string\"}],\"inLanguage\":\"de\"},{\"@type\":\"ImageObject\",\"@id\":\"https:\/\/nosesso.net\/de\/lokale-anschlussstellen\/#primaryimage\",\"inLanguage\":\"de\",\"url\":\"http:\/\/nosesso.net\/wp-content\/uploads\/2022\/06\/find-dates.jpeg\",\"contentUrl\":\"http:\/\/nosesso.net\/wp-content\/uploads\/2022\/06\/find-dates.jpeg\"},{\"@type\":\"WebPage\",\"@id\":\"https:\/\/nosesso.net\/de\/lokale-anschlussstellen\/#webpage\",\"url\":\"https:\/\/nosesso.net\/de\/lokale-anschlussstellen\/\",\"name\":\"Lokale Anschlussstellen - No Sesso\",\"isPartOf\":{\"@id\":\"https:\/\/nosesso.net\/#website\"},\"primaryImageOfPage\":{\"@id\":\"https:\/\/nosesso.net\/de\/lokale-anschlussstellen\/#primaryimage\"},\"datePublished\":\"2022-06-23T10:51:14+00:00\",\"dateModified\":\"2022-07-01T14:10:07+00:00\",\"breadcrumb\":{\"@id\":\"https:\/\/nosesso.net\/de\/lokale-anschlussstellen\/#breadcrumb\"},\"inLanguage\":\"de\",\"potentialAction\":[{\"@type\":\"ReadAction\",\"target\":[\"https:\/\/nosesso.net\/de\/lokale-anschlussstellen\/\"]}]},{\"@type\":\"BreadcrumbList\",\"@id\":\"https:\/\/nosesso.net\/de\/lokale-anschlussstellen\/#breadcrumb\",\"itemListElement\":[{\"@type\":\"ListItem\",\"position\":1,\"name\":\"Home\",\"item\":\"https:\/\/nosesso.net\/de\/\"},{\"@type\":\"ListItem\",\"position\":2,\"name\":\"Lokale Anschlussstellen\"}]}]}<\/script>\n<!-- \/ Yoast SEO plugin. -->","yoast_head_json":{"title":"Lokale Anschlussstellen - No Sesso","robots":{"index":"index","follow":"follow","max-snippet":"max-snippet:-1","max-image-preview":"max-image-preview:large","max-video-preview":"max-video-preview:-1"},"canonical":"https:\/\/nosesso.net\/de\/lokale-anschlussstellen\/","og_locale":"de_DE","og_type":"article","og_title":"Lokale Anschlussstellen - No Sesso","og_description":"Das Anschlie\u00dfen macht Spa\u00df, ist aufregend und manchmal sogar romantisch. Aber wenn Sie nach einem lokalen Treffpunkt suchen und sex spiele auf app store, k\u00f6nnten Sie entt\u00e4uscht sein. Das liegt daran, dass die meisten Hookup-Apps so konzipiert sind, dass sie Menschen verbinden, die weit voneinander entfernt sind. Aber es gibt viele Orte, an denen Sie ... Weiterlesen","og_url":"https:\/\/nosesso.net\/de\/lokale-anschlussstellen\/","og_site_name":"No Sesso","article_modified_time":"2022-07-01T14:10:07+00:00","og_image":[{"url":"http:\/\/nosesso.net\/wp-content\/uploads\/2022\/06\/find-dates.jpeg"}],"twitter_card":"summary_large_image","twitter_misc":{"Gesch\u00e4tzte Lesezeit":"3\u00a0Minuten"},"schema":{"@context":"https:\/\/schema.org","@graph":[{"@type":"WebSite","@id":"https:\/\/nosesso.net\/#website","url":"https:\/\/nosesso.net\/","name":"No Sesso","description":"Real Dating Reviews","potentialAction":[{"@type":"SearchAction","target":{"@type":"EntryPoint","urlTemplate":"https:\/\/nosesso.net\/?s={search_term_string}"},"query-input":"required name=search_term_string"}],"inLanguage":"de"},{"@type":"ImageObject","@id":"https:\/\/nosesso.net\/de\/lokale-anschlussstellen\/#primaryimage","inLanguage":"de","url":"http:\/\/nosesso.net\/wp-content\/uploads\/2022\/06\/find-dates.jpeg","contentUrl":"http:\/\/nosesso.net\/wp-content\/uploads\/2022\/06\/find-dates.jpeg"},{"@type":"WebPage","@id":"https:\/\/nosesso.net\/de\/lokale-anschlussstellen\/#webpage","url":"https:\/\/nosesso.net\/de\/lokale-anschlussstellen\/","name":"Lokale Anschlussstellen - No Sesso","isPartOf":{"@id":"https:\/\/nosesso.net\/#website"},"primaryImageOfPage":{"@id":"https:\/\/nosesso.net\/de\/lokale-anschlussstellen\/#primaryimage"},"datePublished":"2022-06-23T10:51:14+00:00","dateModified":"2022-07-01T14:10:07+00:00","breadcrumb":{"@id":"https:\/\/nosesso.net\/de\/lokale-anschlussstellen\/#breadcrumb"},"inLanguage":"de","potentialAction":[{"@type":"ReadAction","target":["https:\/\/nosesso.net\/de\/lokale-anschlussstellen\/"]}]},{"@type":"BreadcrumbList","@id":"https:\/\/nosesso.net\/de\/lokale-anschlussstellen\/#breadcrumb","itemListElement":[{"@type":"ListItem","position":1,"name":"Home","item":"https:\/\/nosesso.net\/de\/"},{"@type":"ListItem","position":2,"name":"Lokale Anschlussstellen"}]}]}},"_links":{"self":[{"href":"https:\/\/nosesso.net\/de\/wp-json\/wp\/v2\/pages\/156"}],"collection":[{"href":"https:\/\/nosesso.net\/de\/wp-json\/wp\/v2\/pages"}],"about":[{"href":"https:\/\/nosesso.net\/de\/wp-json\/wp\/v2\/types\/page"}],"author":[{"embeddable":true,"href":"https:\/\/nosesso.net\/de\/wp-json\/wp\/v2\/users\/1"}],"replies":[{"embeddable":true,"href":"https:\/\/nosesso.net\/de\/wp-json\/wp\/v2\/comments?post=156"}],"version-history":[{"count":1,"href":"https:\/\/nosesso.net\/de\/wp-json\/wp\/v2\/pages\/156\/revisions"}],"predecessor-version":[{"id":269,"href":"https:\/\/nosesso.net\/de\/wp-json\/wp\/v2\/pages\/156\/revisions\/269"}],"wp:attachment":[{"href":"https:\/\/nosesso.net\/de\/wp-json\/wp\/v2\/media?parent=156"}],"curies":[{"name":"wp","href":"https:\/\/api.w.org\/{rel}","templated":true}]}}