{"id":161,"date":"2022-06-23T11:46:19","date_gmt":"2022-06-23T10:46:19","guid":{"rendered":"http:\/\/nosesso.net\/kostenlose-hookup-sites\/"},"modified":"2022-07-20T17:53:11","modified_gmt":"2022-07-20T16:53:11","slug":"kostenlose-hookup-sites","status":"publish","type":"page","link":"https:\/\/nosesso.net\/de\/kostenlose-hookup-sites\/","title":{"rendered":"Kostenlose Hookup-Sites"},"content":{"rendered":"<p>Lokale Chat-Apps sind in den letzten Jahren immer beliebter geworden, und es ist keine \u00dcberraschung, warum. Mit dem Aufkommen von Online-Dating-Sites sind lokale Verbindungen einfacher denn je geworden.<\/p>\n<p>Wenn Sie jedoch jemanden treffen m\u00f6chten, der in der N\u00e4he wohnt, ist es am besten, Leute von Angesicht zu <a href=\"https:\/\/www.fucksites.net\/de\/kostenlose-milf-in-meiner-naehe\/\">milfs area<\/a>. Auf diese Weise k\u00f6nnen Sie tats\u00e4chlich mit ihnen sprechen und sich kennenlernen. Es ist auch viel sicherer, als zu versuchen, <a href=\"http:\/\/nosesso.net\/de\/arten-von-hookup-sites\/\">jemanden online zu treffen<\/a>.<\/p>\n<p>Es gibt viele verschiedene M\u00f6glichkeiten, Menschen vor Ort zu treffen, einschlie\u00dflich durch Freunde, Clubs, Bars, Caf\u00e9s und mehr. Der Schl\u00fcssel liegt darin, die Art von Person zu finden, die Sie treffen m\u00f6chten. Zum Beispiel, wenn Sie an Gelegenheitssex interessiert sind, dann m\u00f6chten Sie vielleicht einem Swingerclub beitreten. Wenn Sie jedoch nach einer Beziehung suchen, k\u00f6nnen Sie versuchen, einer Singles-Gruppe beizutreten.<\/p>\n<p><img loading=\"lazy\" class=\"aligncenter size-full wp-image-51\" src=\"http:\/\/nosesso.net\/wp-content\/uploads\/2022\/06\/love-again.webp\" alt=\"\" width=\"500\" height=\"750\" srcset=\"https:\/\/nosesso.net\/wp-content\/uploads\/2022\/06\/love-again.webp 500w, https:\/\/nosesso.net\/wp-content\/uploads\/2022\/06\/love-again-200x300.webp 200w\" sizes=\"(max-width: 500px) 100vw, 500px\" \/><\/p>\n<h2>Sei vorsichtig<\/h2>\n<p>Unabh\u00e4ngig davon, wo Sie sich entscheiden, Menschen zu treffen, denken Sie daran, sicher zu sein. Stellen Sie sicher, dass Sie beim Sex immer Schutz verwenden. Geben Sie auch niemals pers\u00f6nliche Informationen an Personen weiter, die Sie online oder offline treffen.<\/p>\n<p>Sex-Dating-Sites werden immer beliebter bei Singles, die online nach Liebe suchen. Diese <a href=\"https:\/\/www.free-adult-cams.com\/de\/beste-kostenlose-sex-cams\/\">kostenlose sex webcam<\/a> erm\u00f6glichen es den Mitgliedern, andere Personen basierend auf gemeinsamen Interessen, Standort, Alter, Geschlecht usw. zu treffen und dann Termine zu vereinbaren. Die besten Sex-Dating-Sites bieten Funktionen wie Chatrooms, Fotogalerien, Video-Chats und Message Boards, in denen Mitglieder miteinander interagieren k\u00f6nnen.<\/p>\n<p>Viele dieser Websites bieten auch zus\u00e4tzliche Dienste an, darunter mobile Apps, kostenlose Mitgliedschaft und kostenpflichtige Abonnements. Sex-Dating-Sites sind eine gro\u00dfartige Option f\u00fcr alle, die <a href=\"http:\/\/nosesso.net\/de\/warum-lokale-anschluss-apps-das-richtige-fuer-sie-sein-koennten\/\">Casual Dating<\/a> ausprobieren m\u00f6chten, ohne sich um das Engagement k\u00fcmmern zu m\u00fcssen.<\/p>\n<h2>Arten von Dating-Apps<\/h2>\n<p>Es gibt viele verschiedene Arten von Sex-Dating-Sites, also w\u00e4hlen Sie eine, die Ihren Bed\u00fcrfnissen entspricht. Wenn Sie beispielsweise nach einer langfristigen Beziehung suchen, k\u00f6nnte eine christliche Website ideal sein. Wenn Sie jedoch nur experimentieren m\u00f6chten, k\u00f6nnte eine Casual-Sex-Site besser funktionieren.<\/p>\n<p>Es ist wichtig, sich daran zu erinnern, dass <a href=\"https:\/\/www.local-fuck.net\/de\/kostenloser-fick-heute-abend\/\">fick heute<\/a> nicht immer sichere Orte sind, um Menschen zu treffen. Stellen Sie sicher, dass Sie Bewertungen von fr\u00fcheren Benutzern lesen, bevor Sie sich anmelden. Geben Sie auch niemals pers\u00f6nliche Informationen wie Kreditkartennummern oder Bankkontodaten heraus.<\/p>\n<p>Es gibt viele verschiedene Arten von Casual-Dating-Sites, die heute online verf\u00fcgbar sind. Einige sind kostenlos, w\u00e4hrend andere eine Zahlung erfordern. Es gibt auch viele verschiedene M\u00f6glichkeiten, jemanden \u00fcber diese Websites zu treffen. Egal, ob Sie nach einem schnellen Seitensprung oder einer langfristigen Beziehung suchen, es kann schwierig sein, die richtige Person zu finden.<\/p>\n<h3>Casually Dating Online<\/h3>\n<p>Einer der besten Orte, um nach potenziellen Partnern zu suchen, ist eine Casual-Dating-Site. Diese Websites erm\u00f6glichen es Ihnen, Profile zu durchsuchen und Mitglieder zu benachrichtigen, die Sie interessieren. Viele dieser Websites bieten Funktionen wie Chatrooms, Instant Messaging, Video-Chat und Foto-Sharing.<\/p>\n<p>Diese Seiten sind perfekt, wenn Sie jemanden zuf\u00e4llig treffen m\u00f6chten, ohne f\u00fcr einen Mitgliedsbeitrag bezahlen zu m\u00fcssen. Sie m\u00fcssen jedoch immer noch vorsichtig sein, wenn Sie sich f\u00fcr diese Dienste anmelden. Stellen Sie sicher, dass Sie Bewertungen von anderen Benutzern lesen, um mehr \u00fcber die Sicherheitsprobleme zu erfahren, die mit den einzelnen Diensten verbunden sind. Stellen Sie au\u00dferdem sicher, dass Sie ein seri\u00f6ses Unternehmen ausw\u00e4hlen, um zu vermeiden, dass Sie betrogen werden.<\/p>\n<p>Einige der beliebtesten Casual-Dating-Sites sind Match.com, OkCupid, PlentyOfFish und Tinder. Jede dieser Websites verf\u00fcgt \u00fcber ihre eigenen einzigartigen Funktionen, die es einfach machen, sich mit Personen in der N\u00e4he zu verbinden. Mit Match.com k\u00f6nnen Sie beispielsweise ein Profil erstellen und Fotos hochladen. Anschlie\u00dfend k\u00f6nnen Sie nach \u00dcbereinstimmungen basierend auf Standort, Alter, Geschlecht, sexueller Orientierung und mehr suchen.<\/p>\n","protected":false},"excerpt":{"rendered":"<p>Lokale Chat-Apps sind in den letzten Jahren immer beliebter geworden, und es ist keine \u00dcberraschung, warum. Mit dem Aufkommen von Online-Dating-Sites sind lokale Verbindungen einfacher denn je geworden. Wenn Sie jedoch jemanden treffen m\u00f6chten, der in der N\u00e4he wohnt, ist es am besten, Leute von Angesicht zu milfs area. Auf diese Weise k\u00f6nnen Sie tats\u00e4chlich &#8230; <a title=\"Kostenlose Hookup-Sites\" class=\"read-more\" href=\"https:\/\/nosesso.net\/de\/kostenlose-hookup-sites\/\" aria-label=\"Mehr dazu unter Kostenlose Hookup-Sites\">Weiterlesen<\/a><\/p>\n","protected":false},"author":1,"featured_media":0,"parent":0,"menu_order":0,"comment_status":"closed","ping_status":"closed","template":"","meta":[],"yoast_head":"<!-- This site is optimized with the Yoast SEO plugin v17.7.1 - https:\/\/yoast.com\/wordpress\/plugins\/seo\/ -->\n<title>Kostenlose Hookup-Sites - No Sesso<\/title>\n<meta name=\"robots\" content=\"index, follow, max-snippet:-1, max-image-preview:large, max-video-preview:-1\" \/>\n<link rel=\"canonical\" href=\"https:\/\/nosesso.net\/de\/kostenlose-hookup-sites\/\" \/>\n<meta property=\"og:locale\" content=\"de_DE\" \/>\n<meta property=\"og:type\" content=\"article\" \/>\n<meta property=\"og:title\" content=\"Kostenlose Hookup-Sites - No Sesso\" \/>\n<meta property=\"og:description\" content=\"Lokale Chat-Apps sind in den letzten Jahren immer beliebter geworden, und es ist keine \u00dcberraschung, warum. Mit dem Aufkommen von Online-Dating-Sites sind lokale Verbindungen einfacher denn je geworden. Wenn Sie jedoch jemanden treffen m\u00f6chten, der in der N\u00e4he wohnt, ist es am besten, Leute von Angesicht zu milfs area. Auf diese Weise k\u00f6nnen Sie tats\u00e4chlich ... Weiterlesen\" \/>\n<meta property=\"og:url\" content=\"https:\/\/nosesso.net\/de\/kostenlose-hookup-sites\/\" \/>\n<meta property=\"og:site_name\" content=\"No Sesso\" \/>\n<meta property=\"article:modified_time\" content=\"2022-07-20T16:53:11+00:00\" \/>\n<meta property=\"og:image\" content=\"http:\/\/nosesso.net\/wp-content\/uploads\/2022\/06\/love-again.webp\" \/>\n<meta name=\"twitter:card\" content=\"summary_large_image\" \/>\n<meta name=\"twitter:label1\" content=\"Gesch\u00e4tzte Lesezeit\" \/>\n\t<meta name=\"twitter:data1\" content=\"3\u00a0Minuten\" \/>\n<script type=\"application\/ld+json\" class=\"yoast-schema-graph\">{\"@context\":\"https:\/\/schema.org\",\"@graph\":[{\"@type\":\"WebSite\",\"@id\":\"https:\/\/nosesso.net\/#website\",\"url\":\"https:\/\/nosesso.net\/\",\"name\":\"No Sesso\",\"description\":\"Real Dating Reviews\",\"potentialAction\":[{\"@type\":\"SearchAction\",\"target\":{\"@type\":\"EntryPoint\",\"urlTemplate\":\"https:\/\/nosesso.net\/?s={search_term_string}\"},\"query-input\":\"required name=search_term_string\"}],\"inLanguage\":\"de\"},{\"@type\":\"ImageObject\",\"@id\":\"https:\/\/nosesso.net\/de\/kostenlose-hookup-sites\/#primaryimage\",\"inLanguage\":\"de\",\"url\":\"http:\/\/nosesso.net\/wp-content\/uploads\/2022\/06\/love-again.webp\",\"contentUrl\":\"http:\/\/nosesso.net\/wp-content\/uploads\/2022\/06\/love-again.webp\"},{\"@type\":\"WebPage\",\"@id\":\"https:\/\/nosesso.net\/de\/kostenlose-hookup-sites\/#webpage\",\"url\":\"https:\/\/nosesso.net\/de\/kostenlose-hookup-sites\/\",\"name\":\"Kostenlose Hookup-Sites - No Sesso\",\"isPartOf\":{\"@id\":\"https:\/\/nosesso.net\/#website\"},\"primaryImageOfPage\":{\"@id\":\"https:\/\/nosesso.net\/de\/kostenlose-hookup-sites\/#primaryimage\"},\"datePublished\":\"2022-06-23T10:46:19+00:00\",\"dateModified\":\"2022-07-20T16:53:11+00:00\",\"breadcrumb\":{\"@id\":\"https:\/\/nosesso.net\/de\/kostenlose-hookup-sites\/#breadcrumb\"},\"inLanguage\":\"de\",\"potentialAction\":[{\"@type\":\"ReadAction\",\"target\":[\"https:\/\/nosesso.net\/de\/kostenlose-hookup-sites\/\"]}]},{\"@type\":\"BreadcrumbList\",\"@id\":\"https:\/\/nosesso.net\/de\/kostenlose-hookup-sites\/#breadcrumb\",\"itemListElement\":[{\"@type\":\"ListItem\",\"position\":1,\"name\":\"Home\",\"item\":\"http:\/\/nosesso.net\/de\/\"},{\"@type\":\"ListItem\",\"position\":2,\"name\":\"Kostenlose Hookup-Sites\"}]}]}<\/script>\n<!-- \/ Yoast SEO plugin. -->","yoast_head_json":{"title":"Kostenlose Hookup-Sites - No Sesso","robots":{"index":"index","follow":"follow","max-snippet":"max-snippet:-1","max-image-preview":"max-image-preview:large","max-video-preview":"max-video-preview:-1"},"canonical":"https:\/\/nosesso.net\/de\/kostenlose-hookup-sites\/","og_locale":"de_DE","og_type":"article","og_title":"Kostenlose Hookup-Sites - No Sesso","og_description":"Lokale Chat-Apps sind in den letzten Jahren immer beliebter geworden, und es ist keine \u00dcberraschung, warum. Mit dem Aufkommen von Online-Dating-Sites sind lokale Verbindungen einfacher denn je geworden. Wenn Sie jedoch jemanden treffen m\u00f6chten, der in der N\u00e4he wohnt, ist es am besten, Leute von Angesicht zu milfs area. Auf diese Weise k\u00f6nnen Sie tats\u00e4chlich ... Weiterlesen","og_url":"https:\/\/nosesso.net\/de\/kostenlose-hookup-sites\/","og_site_name":"No Sesso","article_modified_time":"2022-07-20T16:53:11+00:00","og_image":[{"url":"http:\/\/nosesso.net\/wp-content\/uploads\/2022\/06\/love-again.webp"}],"twitter_card":"summary_large_image","twitter_misc":{"Gesch\u00e4tzte Lesezeit":"3\u00a0Minuten"},"schema":{"@context":"https:\/\/schema.org","@graph":[{"@type":"WebSite","@id":"https:\/\/nosesso.net\/#website","url":"https:\/\/nosesso.net\/","name":"No Sesso","description":"Real Dating Reviews","potentialAction":[{"@type":"SearchAction","target":{"@type":"EntryPoint","urlTemplate":"https:\/\/nosesso.net\/?s={search_term_string}"},"query-input":"required name=search_term_string"}],"inLanguage":"de"},{"@type":"ImageObject","@id":"https:\/\/nosesso.net\/de\/kostenlose-hookup-sites\/#primaryimage","inLanguage":"de","url":"http:\/\/nosesso.net\/wp-content\/uploads\/2022\/06\/love-again.webp","contentUrl":"http:\/\/nosesso.net\/wp-content\/uploads\/2022\/06\/love-again.webp"},{"@type":"WebPage","@id":"https:\/\/nosesso.net\/de\/kostenlose-hookup-sites\/#webpage","url":"https:\/\/nosesso.net\/de\/kostenlose-hookup-sites\/","name":"Kostenlose Hookup-Sites - No Sesso","isPartOf":{"@id":"https:\/\/nosesso.net\/#website"},"primaryImageOfPage":{"@id":"https:\/\/nosesso.net\/de\/kostenlose-hookup-sites\/#primaryimage"},"datePublished":"2022-06-23T10:46:19+00:00","dateModified":"2022-07-20T16:53:11+00:00","breadcrumb":{"@id":"https:\/\/nosesso.net\/de\/kostenlose-hookup-sites\/#breadcrumb"},"inLanguage":"de","potentialAction":[{"@type":"ReadAction","target":["https:\/\/nosesso.net\/de\/kostenlose-hookup-sites\/"]}]},{"@type":"BreadcrumbList","@id":"https:\/\/nosesso.net\/de\/kostenlose-hookup-sites\/#breadcrumb","itemListElement":[{"@type":"ListItem","position":1,"name":"Home","item":"http:\/\/nosesso.net\/de\/"},{"@type":"ListItem","position":2,"name":"Kostenlose Hookup-Sites"}]}]}},"_links":{"self":[{"href":"https:\/\/nosesso.net\/de\/wp-json\/wp\/v2\/pages\/161"}],"collection":[{"href":"https:\/\/nosesso.net\/de\/wp-json\/wp\/v2\/pages"}],"about":[{"href":"https:\/\/nosesso.net\/de\/wp-json\/wp\/v2\/types\/page"}],"author":[{"embeddable":true,"href":"https:\/\/nosesso.net\/de\/wp-json\/wp\/v2\/users\/1"}],"replies":[{"embeddable":true,"href":"https:\/\/nosesso.net\/de\/wp-json\/wp\/v2\/comments?post=161"}],"version-history":[{"count":1,"href":"https:\/\/nosesso.net\/de\/wp-json\/wp\/v2\/pages\/161\/revisions"}],"predecessor-version":[{"id":307,"href":"https:\/\/nosesso.net\/de\/wp-json\/wp\/v2\/pages\/161\/revisions\/307"}],"wp:attachment":[{"href":"https:\/\/nosesso.net\/de\/wp-json\/wp\/v2\/media?parent=161"}],"curies":[{"name":"wp","href":"https:\/\/api.w.org\/{rel}","templated":true}]}}