{"id":166,"date":"2022-06-23T11:45:34","date_gmt":"2022-06-23T10:45:34","guid":{"rendered":"http:\/\/nosesso.net\/arten-von-hookup-sites\/"},"modified":"2022-07-01T15:14:29","modified_gmt":"2022-07-01T14:14:29","slug":"arten-von-hookup-sites","status":"publish","type":"page","link":"https:\/\/nosesso.net\/de\/arten-von-hookup-sites\/","title":{"rendered":"Arten von Hookup-Sites"},"content":{"rendered":"<p>Es gibt viele verschiedene Arten von kostenlosen Hookup-Sites, die heute online verf\u00fcgbar sind. Einige konzentrieren sich auf zuf\u00e4llige Begegnungen, w\u00e4hrend andere auf langfristige Beziehungen ausgerichtet sind. Kostenlose <a href=\"http:\/\/nosesso.net\/de\/warum-lokale-anschluss-apps-das-richtige-fuer-sie-sein-koennten\/\">Hookup-Sites<\/a> bieten eine Vielzahl von Funktionen, darunter Chatrooms, Video-Chats, Instant Messaging-Dienste und vieles mehr.<\/p>\n<p>Viele dieser Websites erm\u00f6glichen es Mitgliedern, <a href=\"http:\/\/nosesso.net\/de\/welche-app-eignet-sich-am-besten-fuer-affiars\/\">Profile zu erstellen<\/a> , in denen sie Fotos hochladen, kurze Bios schreiben und Interessen teilen k\u00f6nnen. Mitglieder k\u00f6nnen dann andere Mitgliederprofile durchsuchen und Nachrichten an potenzielle \u00dcbereinstimmungen senden. Sobald ein Match gefunden wurde, k\u00f6nnen sich die Mitglieder pers\u00f6nlich treffen.<\/p>\n<p><img loading=\"lazy\" class=\"aligncenter wp-image-50\" src=\"http:\/\/nosesso.net\/wp-content\/uploads\/2022\/06\/heart-dating-1024x658.jpeg\" alt=\"\" width=\"553\" height=\"355\" srcset=\"https:\/\/nosesso.net\/wp-content\/uploads\/2022\/06\/heart-dating-1024x658.jpeg 1024w, https:\/\/nosesso.net\/wp-content\/uploads\/2022\/06\/heart-dating-300x193.jpeg 300w, https:\/\/nosesso.net\/wp-content\/uploads\/2022\/06\/heart-dating-768x494.jpeg 768w, https:\/\/nosesso.net\/wp-content\/uploads\/2022\/06\/heart-dating.jpeg 1167w\" sizes=\"(max-width: 553px) 100vw, 553px\" \/><\/p>\n<h2>So treten Sie kostenlosen Hookup-Sites bei<\/h2>\n<p>Einige kostenlose Hookup-Sites verlangen, dass Mitglieder eine monatliche Geb\u00fchr zahlen <a href=\"https:\/\/www.free-adult-cams.com\/de\/kostenloser-bdsm-video-chat\/\">BDSM cams<\/a>, um auf zus\u00e4tzliche Funktionen zugreifen zu k\u00f6nnen. Dazu geh\u00f6ren Premium-Konten, private Nachrichtendienste und mobile Apps.<\/p>\n<p>W\u00e4hrend kostenlose Hookup-Sites bequem sind, sind sie nicht immer sicher. Es ist am besten, wenn m\u00f6glich zu vermeiden, Fremde im wirklichen Leben zu treffen. Entscheiden Sie sich stattdessen f\u00fcr eine vertrauensw\u00fcrdige Dating-App oder einen vertrauensw\u00fcrdigen Dating-Service.<\/p>\n<h3>Welches sind die besten Apps zum Ausprobieren?<\/h3>\n<p>Zum Beispiel erm\u00f6glicht <strong>Tinder<\/strong> den Mitgliedern, sich auf der Grundlage gegenseitiger Interessen miteinander zu verbinden. Die App verwendet Standortdaten, um festzustellen, ob sich zwei Mitglieder in der N\u00e4he befinden. Wenn dies der Fall ist, k\u00f6nnen sie sofort mit dem Chatten per Text oder Video beginnen.<\/p>\n<p>Tinder kann kostenlos heruntergeladen und verwendet werden, aber <a href=\"https:\/\/www.sextchat.net\/de\/live-voyeur-cams-seiten\/\">voyeur live<\/a> Mitglieder m\u00fcssen eine geringe Geb\u00fchr zahlen, um zus\u00e4tzliche Funktionen freizuschalten. Zum Beispiel k\u00f6nnen sie ihr Profil aktualisieren, um mehr pers\u00f6nliche Details anzuzeigen, Filter zu ihren Suchoptionen hinzuzuf\u00fcgen und Benachrichtigungen zu erhalten, wenn jemand ihnen eine Nachricht sendet.<\/p>\n<p>Andere beliebte Dating-Apps sind <strong>Bumble<\/strong>, <strong>Happn<\/strong> und <strong>OkCupid<\/strong>. Jeder bietet \u00e4hnliche Funktionen, obwohl einige spezifische Schwerpunkte haben. Bumble ist zum Beispiel speziell f\u00fcr Frauen konzipiert, die Kontakt aufnehmen m\u00f6chten.<\/p>\n<p>Die wichtigste Erkenntnis hier ist, dass kostenlose Hookup-Sites eine gro\u00dfartige Option f\u00fcr diejenigen sind, die es vorziehen, anonym zu bleiben. Sie sollten jedoch nicht als Ersatz f\u00fcr traditionelle Datierungsmethoden verwendet werden.<\/p>\n<p>Online-Dating ist in den letzten Jahren immer beliebter geworden. Es ist keine <a href=\"https:\/\/www.find-sex.net\/de\/sex-games-fuer-pc\/\">erotik games PC<\/a>, dass sich immer mehr Menschen an Online-Plattformen wenden, um potenzielle Partner zu treffen. Viele Menschen sind sich jedoch immer noch nicht der Vorteile lokaler Verbindungen bewusst.<\/p>\n<p>Lokale Verbindungen sind viel billiger als traditionelle Dating-Sites, und sie bieten eine bequeme Alternative f\u00fcr vielbesch\u00e4ftigte Singles, die nicht genug Zeit haben, um sich der Suche nach Liebe zu widmen. Sie k\u00f6nnen ganz einfach Termine mit anderen Mitgliedern in Ihrer Region vereinbaren, und Sie m\u00fcssen sich keine Sorgen machen, abgelehnt zu werden, wenn Sie nicht mit jemandem klicken.<\/p>\n<p>Dar\u00fcber hinaus sind lokale Verbindungen eine gro\u00dfartige Option f\u00fcr Paare, die versuchen, Geld zu sparen und gleichzeitig eine langfristige Beziehung aufrechtzuerhalten. Viele Leute entscheiden sich daf\u00fcr, f\u00fcr eine Mitgliedschaft auf einer Dating-Site zu bezahlen, aber sie treffen selten jemanden, der sich lohnt. Im Gegensatz dazu k\u00f6nnen Sie sich mit lokalen Verbindungen mit anderen verbinden, ohne einen Cent auszugeben.<\/p>\n<p>Es gibt viele Gr\u00fcnde, lokale Verbindungen auszuprobieren, und Sie k\u00f6nnen hier mehr \u00fcber sie erfahren.<\/p>\n","protected":false},"excerpt":{"rendered":"<p>Es gibt viele verschiedene Arten von kostenlosen Hookup-Sites, die heute online verf\u00fcgbar sind. Einige konzentrieren sich auf zuf\u00e4llige Begegnungen, w\u00e4hrend andere auf langfristige Beziehungen ausgerichtet sind. Kostenlose Hookup-Sites bieten eine Vielzahl von Funktionen, darunter Chatrooms, Video-Chats, Instant Messaging-Dienste und vieles mehr. Viele dieser Websites erm\u00f6glichen es Mitgliedern, Profile zu erstellen , in denen sie Fotos &#8230; <a title=\"Arten von Hookup-Sites\" class=\"read-more\" href=\"https:\/\/nosesso.net\/de\/arten-von-hookup-sites\/\" aria-label=\"Mehr dazu unter Arten von Hookup-Sites\">Weiterlesen<\/a><\/p>\n","protected":false},"author":1,"featured_media":0,"parent":0,"menu_order":0,"comment_status":"closed","ping_status":"closed","template":"","meta":[],"yoast_head":"<!-- This site is optimized with the Yoast SEO plugin v17.7.1 - https:\/\/yoast.com\/wordpress\/plugins\/seo\/ -->\n<title>Arten von Hookup-Sites - No Sesso<\/title>\n<meta name=\"robots\" content=\"index, follow, max-snippet:-1, max-image-preview:large, max-video-preview:-1\" \/>\n<link rel=\"canonical\" href=\"https:\/\/nosesso.net\/de\/arten-von-hookup-sites\/\" \/>\n<meta property=\"og:locale\" content=\"de_DE\" \/>\n<meta property=\"og:type\" content=\"article\" \/>\n<meta property=\"og:title\" content=\"Arten von Hookup-Sites - No Sesso\" \/>\n<meta property=\"og:description\" content=\"Es gibt viele verschiedene Arten von kostenlosen Hookup-Sites, die heute online verf\u00fcgbar sind. Einige konzentrieren sich auf zuf\u00e4llige Begegnungen, w\u00e4hrend andere auf langfristige Beziehungen ausgerichtet sind. Kostenlose Hookup-Sites bieten eine Vielzahl von Funktionen, darunter Chatrooms, Video-Chats, Instant Messaging-Dienste und vieles mehr. Viele dieser Websites erm\u00f6glichen es Mitgliedern, Profile zu erstellen , in denen sie Fotos ... Weiterlesen\" \/>\n<meta property=\"og:url\" content=\"https:\/\/nosesso.net\/de\/arten-von-hookup-sites\/\" \/>\n<meta property=\"og:site_name\" content=\"No Sesso\" \/>\n<meta property=\"article:modified_time\" content=\"2022-07-01T14:14:29+00:00\" \/>\n<meta property=\"og:image\" content=\"http:\/\/nosesso.net\/wp-content\/uploads\/2022\/06\/heart-dating-1024x658.jpeg\" \/>\n<meta name=\"twitter:card\" content=\"summary_large_image\" \/>\n<meta name=\"twitter:label1\" content=\"Gesch\u00e4tzte Lesezeit\" \/>\n\t<meta name=\"twitter:data1\" content=\"3\u00a0Minuten\" \/>\n<script type=\"application\/ld+json\" class=\"yoast-schema-graph\">{\"@context\":\"https:\/\/schema.org\",\"@graph\":[{\"@type\":\"WebSite\",\"@id\":\"https:\/\/nosesso.net\/#website\",\"url\":\"https:\/\/nosesso.net\/\",\"name\":\"No Sesso\",\"description\":\"Real Dating Reviews\",\"potentialAction\":[{\"@type\":\"SearchAction\",\"target\":{\"@type\":\"EntryPoint\",\"urlTemplate\":\"https:\/\/nosesso.net\/?s={search_term_string}\"},\"query-input\":\"required name=search_term_string\"}],\"inLanguage\":\"de\"},{\"@type\":\"ImageObject\",\"@id\":\"https:\/\/nosesso.net\/de\/arten-von-hookup-sites\/#primaryimage\",\"inLanguage\":\"de\",\"url\":\"http:\/\/nosesso.net\/wp-content\/uploads\/2022\/06\/heart-dating-1024x658.jpeg\",\"contentUrl\":\"http:\/\/nosesso.net\/wp-content\/uploads\/2022\/06\/heart-dating-1024x658.jpeg\"},{\"@type\":\"WebPage\",\"@id\":\"https:\/\/nosesso.net\/de\/arten-von-hookup-sites\/#webpage\",\"url\":\"https:\/\/nosesso.net\/de\/arten-von-hookup-sites\/\",\"name\":\"Arten von Hookup-Sites - No Sesso\",\"isPartOf\":{\"@id\":\"https:\/\/nosesso.net\/#website\"},\"primaryImageOfPage\":{\"@id\":\"https:\/\/nosesso.net\/de\/arten-von-hookup-sites\/#primaryimage\"},\"datePublished\":\"2022-06-23T10:45:34+00:00\",\"dateModified\":\"2022-07-01T14:14:29+00:00\",\"breadcrumb\":{\"@id\":\"https:\/\/nosesso.net\/de\/arten-von-hookup-sites\/#breadcrumb\"},\"inLanguage\":\"de\",\"potentialAction\":[{\"@type\":\"ReadAction\",\"target\":[\"https:\/\/nosesso.net\/de\/arten-von-hookup-sites\/\"]}]},{\"@type\":\"BreadcrumbList\",\"@id\":\"https:\/\/nosesso.net\/de\/arten-von-hookup-sites\/#breadcrumb\",\"itemListElement\":[{\"@type\":\"ListItem\",\"position\":1,\"name\":\"Home\",\"item\":\"http:\/\/nosesso.net\/de\/\"},{\"@type\":\"ListItem\",\"position\":2,\"name\":\"Arten von Hookup-Sites\"}]}]}<\/script>\n<!-- \/ Yoast SEO plugin. -->","yoast_head_json":{"title":"Arten von Hookup-Sites - No Sesso","robots":{"index":"index","follow":"follow","max-snippet":"max-snippet:-1","max-image-preview":"max-image-preview:large","max-video-preview":"max-video-preview:-1"},"canonical":"https:\/\/nosesso.net\/de\/arten-von-hookup-sites\/","og_locale":"de_DE","og_type":"article","og_title":"Arten von Hookup-Sites - No Sesso","og_description":"Es gibt viele verschiedene Arten von kostenlosen Hookup-Sites, die heute online verf\u00fcgbar sind. Einige konzentrieren sich auf zuf\u00e4llige Begegnungen, w\u00e4hrend andere auf langfristige Beziehungen ausgerichtet sind. Kostenlose Hookup-Sites bieten eine Vielzahl von Funktionen, darunter Chatrooms, Video-Chats, Instant Messaging-Dienste und vieles mehr. Viele dieser Websites erm\u00f6glichen es Mitgliedern, Profile zu erstellen , in denen sie Fotos ... Weiterlesen","og_url":"https:\/\/nosesso.net\/de\/arten-von-hookup-sites\/","og_site_name":"No Sesso","article_modified_time":"2022-07-01T14:14:29+00:00","og_image":[{"url":"http:\/\/nosesso.net\/wp-content\/uploads\/2022\/06\/heart-dating-1024x658.jpeg"}],"twitter_card":"summary_large_image","twitter_misc":{"Gesch\u00e4tzte Lesezeit":"3\u00a0Minuten"},"schema":{"@context":"https:\/\/schema.org","@graph":[{"@type":"WebSite","@id":"https:\/\/nosesso.net\/#website","url":"https:\/\/nosesso.net\/","name":"No Sesso","description":"Real Dating Reviews","potentialAction":[{"@type":"SearchAction","target":{"@type":"EntryPoint","urlTemplate":"https:\/\/nosesso.net\/?s={search_term_string}"},"query-input":"required name=search_term_string"}],"inLanguage":"de"},{"@type":"ImageObject","@id":"https:\/\/nosesso.net\/de\/arten-von-hookup-sites\/#primaryimage","inLanguage":"de","url":"http:\/\/nosesso.net\/wp-content\/uploads\/2022\/06\/heart-dating-1024x658.jpeg","contentUrl":"http:\/\/nosesso.net\/wp-content\/uploads\/2022\/06\/heart-dating-1024x658.jpeg"},{"@type":"WebPage","@id":"https:\/\/nosesso.net\/de\/arten-von-hookup-sites\/#webpage","url":"https:\/\/nosesso.net\/de\/arten-von-hookup-sites\/","name":"Arten von Hookup-Sites - No Sesso","isPartOf":{"@id":"https:\/\/nosesso.net\/#website"},"primaryImageOfPage":{"@id":"https:\/\/nosesso.net\/de\/arten-von-hookup-sites\/#primaryimage"},"datePublished":"2022-06-23T10:45:34+00:00","dateModified":"2022-07-01T14:14:29+00:00","breadcrumb":{"@id":"https:\/\/nosesso.net\/de\/arten-von-hookup-sites\/#breadcrumb"},"inLanguage":"de","potentialAction":[{"@type":"ReadAction","target":["https:\/\/nosesso.net\/de\/arten-von-hookup-sites\/"]}]},{"@type":"BreadcrumbList","@id":"https:\/\/nosesso.net\/de\/arten-von-hookup-sites\/#breadcrumb","itemListElement":[{"@type":"ListItem","position":1,"name":"Home","item":"http:\/\/nosesso.net\/de\/"},{"@type":"ListItem","position":2,"name":"Arten von Hookup-Sites"}]}]}},"_links":{"self":[{"href":"https:\/\/nosesso.net\/de\/wp-json\/wp\/v2\/pages\/166"}],"collection":[{"href":"https:\/\/nosesso.net\/de\/wp-json\/wp\/v2\/pages"}],"about":[{"href":"https:\/\/nosesso.net\/de\/wp-json\/wp\/v2\/types\/page"}],"author":[{"embeddable":true,"href":"https:\/\/nosesso.net\/de\/wp-json\/wp\/v2\/users\/1"}],"replies":[{"embeddable":true,"href":"https:\/\/nosesso.net\/de\/wp-json\/wp\/v2\/comments?post=166"}],"version-history":[{"count":2,"href":"https:\/\/nosesso.net\/de\/wp-json\/wp\/v2\/pages\/166\/revisions"}],"predecessor-version":[{"id":271,"href":"https:\/\/nosesso.net\/de\/wp-json\/wp\/v2\/pages\/166\/revisions\/271"}],"wp:attachment":[{"href":"https:\/\/nosesso.net\/de\/wp-json\/wp\/v2\/media?parent=166"}],"curies":[{"name":"wp","href":"https:\/\/api.w.org\/{rel}","templated":true}]}}