{"id":171,"date":"2022-06-23T11:43:28","date_gmt":"2022-06-23T10:43:28","guid":{"rendered":"http:\/\/nosesso.net\/warum-lokale-anschluss-apps-das-richtige-fuer-sie-sein-koennten\/"},"modified":"2022-07-20T17:52:33","modified_gmt":"2022-07-20T16:52:33","slug":"warum-lokale-anschluss-apps-das-richtige-fuer-sie-sein-koennten","status":"publish","type":"page","link":"https:\/\/nosesso.net\/de\/warum-lokale-anschluss-apps-das-richtige-fuer-sie-sein-koennten\/","title":{"rendered":"Warum lokale Anschluss-Apps das Richtige f\u00fcr Sie sein k\u00f6nnten"},"content":{"rendered":"<p>Lokaler Sex ist in den letzten Jahren immer beliebter geworden. Es ist keine \u00dcberraschung, dass sich die Menschen an Online-Dating-Sites wenden, um lokale Singles zu treffen, die \u00e4hnliche Interessen und W\u00fcnsche teilen. Viele Menschen ziehen es jedoch immer noch vor, jemanden von Angesicht zu Angesicht zu treffen, anstatt online.<\/p>\n<p>Hier kommen <a href=\"http:\/\/nosesso.net\/de\/welche-app-eignet-sich-am-besten-fuer-affiars\/\">lokale Anschluss-Apps<\/a> ins Spiel. Diese Apps erm\u00f6glichen es den Menschen, sich mit anderen Einheimischen in der N\u00e4he zu verbinden, unabh\u00e4ngig davon, ob sie an zuf\u00e4lligen Begegnungen oder langfristigen Beziehungen interessiert sind. Es gibt viele <a href=\"https:\/\/www.hotsexychat.net\/de\/kostenlose-pornospiele-im-app-store\/\">pornospiele Deutsch<\/a>, so dass es nicht allzu schwierig sein sollte, die beste f\u00fcr Sie zu finden.<\/p>\n<p><img loading=\"lazy\" class=\"aligncenter wp-image-49\" src=\"http:\/\/nosesso.net\/wp-content\/uploads\/2022\/06\/love-hand-1024x626.webp\" alt=\"\" width=\"648\" height=\"396\" srcset=\"https:\/\/nosesso.net\/wp-content\/uploads\/2022\/06\/love-hand-1024x626.webp 1024w, https:\/\/nosesso.net\/wp-content\/uploads\/2022\/06\/love-hand-300x184.webp 300w, https:\/\/nosesso.net\/wp-content\/uploads\/2022\/06\/love-hand-768x470.webp 768w, https:\/\/nosesso.net\/wp-content\/uploads\/2022\/06\/love-hand.webp 1226w\" sizes=\"(max-width: 648px) 100vw, 648px\" \/><\/p>\n<h2>Mobile Hookup-Sites<\/h2>\n<p>Zu Beginn m\u00fcssen Sie die App aus dem App Store oder Google Play herunterladen. Sobald Sie das getan haben, k\u00f6nnen Sie nach potenziellen \u00dcbereinstimmungen suchen. Die App zeigt dann eine Liste der Benutzer in der N\u00e4he basierend auf Ihrem Standort an. Von hier aus k\u00f6nnen Sie nach links oder rechts wischen, um Profile anzuzeigen und Nachrichten an jeden zu senden, der Ihnen ins Auge f\u00e4llt.<\/p>\n<p>Sie k\u00f6nnen auch Benachrichtigungen einrichten, um Benachrichtigungen zu erhalten, wenn Ihnen jemand <a href=\"https:\/\/www.fuck-buddies.net\/de\/die-besten-spiele-fuer-erwachsene-auf-patreon\/\">patreon porngames<\/a> eine Nachricht sendet. Auf diese Weise k\u00f6nnen Sie sofort reagieren, ohne die App jedes Mal \u00f6ffnen zu m\u00fcssen, wenn Sie eine Benachrichtigung erhalten.<\/p>\n<p>Es gibt verschiedene Arten von lokalen Sex-Apps, einschlie\u00dflich solcher, die sich auf zuf\u00e4llige Begegnungen, Paare, die Dreier suchen, und Swinger konzentrieren. Jede <a href=\"http:\/\/nosesso.net\/de\/lokale-anschlussstellen\/\">Art von App<\/a> bietet ihre eigenen einzigartigen Funktionen, also w\u00e4hlen Sie diejenige aus, die f\u00fcr Sie am besten funktioniert.<\/p>\n<p>Sobald Sie die perfekte \u00dcbereinstimmung gefunden haben, k\u00f6nnen Sie ein Date <a href=\"http:\/\/www.fucklocals.org\/de\/porno-chat-seiten\/\">sex chat seiten<\/a> vereinbaren und sich pers\u00f6nlich treffen. Dies gibt Ihnen die M\u00f6glichkeit, sich besser kennenzulernen und festzustellen, ob Sie sich nach der ersten Begegnung weiter sehen m\u00f6chten.<\/p>\n<h2>Vereinbaren Sie einen Termin?<\/h2>\n<p>Sex-Dating-Sites werden immer beliebter bei Singles, die nach gelegentlichen Sex-Begegnungen suchen. Diese Arten von Online-Dating-Sites erm\u00f6glichen es Menschen, andere in ihrer N\u00e4he zu treffen, die \u00e4hnliche Interessen teilen.<\/p>\n<p>Es gibt viele verschiedene Arten von Sex-Dating-Sites, die heute verf\u00fcgbar sind, einschlie\u00dflich solcher, die sich auf bestimmte Altersgruppen, Ethnien oder sexuelle Vorlieben konzentrieren. Einige Websites bieten kostenlose Mitgliedschaftsoptionen an, w\u00e4hrend andere kostenpflichtige Mitgliedschaften erfordern.<\/p>\n<p>Unabh\u00e4ngig davon, ob Sie sich f\u00fcr eine Mitgliedschaft entscheiden oder nicht, bieten Sex-Dating-Sites eine sichere Umgebung, in der sich Menschen miteinander verbinden k\u00f6nnen, ohne sich Sorgen machen zu m\u00fcssen, verurteilt oder abgelehnt zu werden. Es ist einfach, ein Profil auf diesen Websites zu erstellen und dann durch die Profile zu bl\u00e4ttern, bis Sie jemanden finden, den Sie treffen m\u00f6chten.<\/p>\n<p>Nachdem Sie jemanden gefunden haben, mit dem Sie chatten m\u00f6chten, k\u00f6nnen Sie ihm Nachrichten senden und ein pers\u00f6nliches Treffen vereinbaren. Sex-Dating-Sites sind eine gro\u00dfartige Option, wenn Sie nach einem schnellen Seitensprung suchen, aber wenn Sie etwas Ernsteres wollen, k\u00f6nnen Sie stattdessen einer traditionellen Dating-Site beitreten.<\/p>\n","protected":false},"excerpt":{"rendered":"<p>Lokaler Sex ist in den letzten Jahren immer beliebter geworden. Es ist keine \u00dcberraschung, dass sich die Menschen an Online-Dating-Sites wenden, um lokale Singles zu treffen, die \u00e4hnliche Interessen und W\u00fcnsche teilen. Viele Menschen ziehen es jedoch immer noch vor, jemanden von Angesicht zu Angesicht zu treffen, anstatt online. Hier kommen lokale Anschluss-Apps ins Spiel. &#8230; <a title=\"Warum lokale Anschluss-Apps das Richtige f\u00fcr Sie sein k\u00f6nnten\" class=\"read-more\" href=\"https:\/\/nosesso.net\/de\/warum-lokale-anschluss-apps-das-richtige-fuer-sie-sein-koennten\/\" aria-label=\"Mehr dazu unter Warum lokale Anschluss-Apps das Richtige f\u00fcr Sie sein k\u00f6nnten\">Weiterlesen<\/a><\/p>\n","protected":false},"author":1,"featured_media":0,"parent":0,"menu_order":0,"comment_status":"closed","ping_status":"closed","template":"","meta":[],"yoast_head":"<!-- This site is optimized with the Yoast SEO plugin v17.7.1 - https:\/\/yoast.com\/wordpress\/plugins\/seo\/ -->\n<title>Warum lokale Anschluss-Apps das Richtige f\u00fcr Sie sein k\u00f6nnten - No Sesso<\/title>\n<meta name=\"robots\" content=\"index, follow, max-snippet:-1, max-image-preview:large, max-video-preview:-1\" \/>\n<link rel=\"canonical\" href=\"https:\/\/nosesso.net\/de\/warum-lokale-anschluss-apps-das-richtige-fuer-sie-sein-koennten\/\" \/>\n<meta property=\"og:locale\" content=\"de_DE\" \/>\n<meta property=\"og:type\" content=\"article\" \/>\n<meta property=\"og:title\" content=\"Warum lokale Anschluss-Apps das Richtige f\u00fcr Sie sein k\u00f6nnten - No Sesso\" \/>\n<meta property=\"og:description\" content=\"Lokaler Sex ist in den letzten Jahren immer beliebter geworden. Es ist keine \u00dcberraschung, dass sich die Menschen an Online-Dating-Sites wenden, um lokale Singles zu treffen, die \u00e4hnliche Interessen und W\u00fcnsche teilen. Viele Menschen ziehen es jedoch immer noch vor, jemanden von Angesicht zu Angesicht zu treffen, anstatt online. Hier kommen lokale Anschluss-Apps ins Spiel. ... Weiterlesen\" \/>\n<meta property=\"og:url\" content=\"https:\/\/nosesso.net\/de\/warum-lokale-anschluss-apps-das-richtige-fuer-sie-sein-koennten\/\" \/>\n<meta property=\"og:site_name\" content=\"No Sesso\" \/>\n<meta property=\"article:modified_time\" content=\"2022-07-20T16:52:33+00:00\" \/>\n<meta property=\"og:image\" content=\"http:\/\/nosesso.net\/wp-content\/uploads\/2022\/06\/love-hand-1024x626.webp\" \/>\n<meta name=\"twitter:card\" content=\"summary_large_image\" \/>\n<meta name=\"twitter:label1\" content=\"Gesch\u00e4tzte Lesezeit\" \/>\n\t<meta name=\"twitter:data1\" content=\"2\u00a0Minuten\" \/>\n<script type=\"application\/ld+json\" class=\"yoast-schema-graph\">{\"@context\":\"https:\/\/schema.org\",\"@graph\":[{\"@type\":\"WebSite\",\"@id\":\"https:\/\/nosesso.net\/#website\",\"url\":\"https:\/\/nosesso.net\/\",\"name\":\"No Sesso\",\"description\":\"Real Dating Reviews\",\"potentialAction\":[{\"@type\":\"SearchAction\",\"target\":{\"@type\":\"EntryPoint\",\"urlTemplate\":\"https:\/\/nosesso.net\/?s={search_term_string}\"},\"query-input\":\"required name=search_term_string\"}],\"inLanguage\":\"de\"},{\"@type\":\"ImageObject\",\"@id\":\"https:\/\/nosesso.net\/de\/warum-lokale-anschluss-apps-das-richtige-fuer-sie-sein-koennten\/#primaryimage\",\"inLanguage\":\"de\",\"url\":\"http:\/\/nosesso.net\/wp-content\/uploads\/2022\/06\/love-hand-1024x626.webp\",\"contentUrl\":\"http:\/\/nosesso.net\/wp-content\/uploads\/2022\/06\/love-hand-1024x626.webp\"},{\"@type\":\"WebPage\",\"@id\":\"https:\/\/nosesso.net\/de\/warum-lokale-anschluss-apps-das-richtige-fuer-sie-sein-koennten\/#webpage\",\"url\":\"https:\/\/nosesso.net\/de\/warum-lokale-anschluss-apps-das-richtige-fuer-sie-sein-koennten\/\",\"name\":\"Warum lokale Anschluss-Apps das Richtige f\\u00fcr Sie sein k\\u00f6nnten - No Sesso\",\"isPartOf\":{\"@id\":\"https:\/\/nosesso.net\/#website\"},\"primaryImageOfPage\":{\"@id\":\"https:\/\/nosesso.net\/de\/warum-lokale-anschluss-apps-das-richtige-fuer-sie-sein-koennten\/#primaryimage\"},\"datePublished\":\"2022-06-23T10:43:28+00:00\",\"dateModified\":\"2022-07-20T16:52:33+00:00\",\"breadcrumb\":{\"@id\":\"https:\/\/nosesso.net\/de\/warum-lokale-anschluss-apps-das-richtige-fuer-sie-sein-koennten\/#breadcrumb\"},\"inLanguage\":\"de\",\"potentialAction\":[{\"@type\":\"ReadAction\",\"target\":[\"https:\/\/nosesso.net\/de\/warum-lokale-anschluss-apps-das-richtige-fuer-sie-sein-koennten\/\"]}]},{\"@type\":\"BreadcrumbList\",\"@id\":\"https:\/\/nosesso.net\/de\/warum-lokale-anschluss-apps-das-richtige-fuer-sie-sein-koennten\/#breadcrumb\",\"itemListElement\":[{\"@type\":\"ListItem\",\"position\":1,\"name\":\"Home\",\"item\":\"http:\/\/nosesso.net\/de\/\"},{\"@type\":\"ListItem\",\"position\":2,\"name\":\"Warum lokale Anschluss-Apps das Richtige f\\u00fcr Sie sein k\\u00f6nnten\"}]}]}<\/script>\n<!-- \/ Yoast SEO plugin. -->","yoast_head_json":{"title":"Warum lokale Anschluss-Apps das Richtige f\u00fcr Sie sein k\u00f6nnten - No Sesso","robots":{"index":"index","follow":"follow","max-snippet":"max-snippet:-1","max-image-preview":"max-image-preview:large","max-video-preview":"max-video-preview:-1"},"canonical":"https:\/\/nosesso.net\/de\/warum-lokale-anschluss-apps-das-richtige-fuer-sie-sein-koennten\/","og_locale":"de_DE","og_type":"article","og_title":"Warum lokale Anschluss-Apps das Richtige f\u00fcr Sie sein k\u00f6nnten - No Sesso","og_description":"Lokaler Sex ist in den letzten Jahren immer beliebter geworden. Es ist keine \u00dcberraschung, dass sich die Menschen an Online-Dating-Sites wenden, um lokale Singles zu treffen, die \u00e4hnliche Interessen und W\u00fcnsche teilen. Viele Menschen ziehen es jedoch immer noch vor, jemanden von Angesicht zu Angesicht zu treffen, anstatt online. Hier kommen lokale Anschluss-Apps ins Spiel. ... Weiterlesen","og_url":"https:\/\/nosesso.net\/de\/warum-lokale-anschluss-apps-das-richtige-fuer-sie-sein-koennten\/","og_site_name":"No Sesso","article_modified_time":"2022-07-20T16:52:33+00:00","og_image":[{"url":"http:\/\/nosesso.net\/wp-content\/uploads\/2022\/06\/love-hand-1024x626.webp"}],"twitter_card":"summary_large_image","twitter_misc":{"Gesch\u00e4tzte Lesezeit":"2\u00a0Minuten"},"schema":{"@context":"https:\/\/schema.org","@graph":[{"@type":"WebSite","@id":"https:\/\/nosesso.net\/#website","url":"https:\/\/nosesso.net\/","name":"No Sesso","description":"Real Dating Reviews","potentialAction":[{"@type":"SearchAction","target":{"@type":"EntryPoint","urlTemplate":"https:\/\/nosesso.net\/?s={search_term_string}"},"query-input":"required name=search_term_string"}],"inLanguage":"de"},{"@type":"ImageObject","@id":"https:\/\/nosesso.net\/de\/warum-lokale-anschluss-apps-das-richtige-fuer-sie-sein-koennten\/#primaryimage","inLanguage":"de","url":"http:\/\/nosesso.net\/wp-content\/uploads\/2022\/06\/love-hand-1024x626.webp","contentUrl":"http:\/\/nosesso.net\/wp-content\/uploads\/2022\/06\/love-hand-1024x626.webp"},{"@type":"WebPage","@id":"https:\/\/nosesso.net\/de\/warum-lokale-anschluss-apps-das-richtige-fuer-sie-sein-koennten\/#webpage","url":"https:\/\/nosesso.net\/de\/warum-lokale-anschluss-apps-das-richtige-fuer-sie-sein-koennten\/","name":"Warum lokale Anschluss-Apps das Richtige f\u00fcr Sie sein k\u00f6nnten - No Sesso","isPartOf":{"@id":"https:\/\/nosesso.net\/#website"},"primaryImageOfPage":{"@id":"https:\/\/nosesso.net\/de\/warum-lokale-anschluss-apps-das-richtige-fuer-sie-sein-koennten\/#primaryimage"},"datePublished":"2022-06-23T10:43:28+00:00","dateModified":"2022-07-20T16:52:33+00:00","breadcrumb":{"@id":"https:\/\/nosesso.net\/de\/warum-lokale-anschluss-apps-das-richtige-fuer-sie-sein-koennten\/#breadcrumb"},"inLanguage":"de","potentialAction":[{"@type":"ReadAction","target":["https:\/\/nosesso.net\/de\/warum-lokale-anschluss-apps-das-richtige-fuer-sie-sein-koennten\/"]}]},{"@type":"BreadcrumbList","@id":"https:\/\/nosesso.net\/de\/warum-lokale-anschluss-apps-das-richtige-fuer-sie-sein-koennten\/#breadcrumb","itemListElement":[{"@type":"ListItem","position":1,"name":"Home","item":"http:\/\/nosesso.net\/de\/"},{"@type":"ListItem","position":2,"name":"Warum lokale Anschluss-Apps das Richtige f\u00fcr Sie sein k\u00f6nnten"}]}]}},"_links":{"self":[{"href":"https:\/\/nosesso.net\/de\/wp-json\/wp\/v2\/pages\/171"}],"collection":[{"href":"https:\/\/nosesso.net\/de\/wp-json\/wp\/v2\/pages"}],"about":[{"href":"https:\/\/nosesso.net\/de\/wp-json\/wp\/v2\/types\/page"}],"author":[{"embeddable":true,"href":"https:\/\/nosesso.net\/de\/wp-json\/wp\/v2\/users\/1"}],"replies":[{"embeddable":true,"href":"https:\/\/nosesso.net\/de\/wp-json\/wp\/v2\/comments?post=171"}],"version-history":[{"count":1,"href":"https:\/\/nosesso.net\/de\/wp-json\/wp\/v2\/pages\/171\/revisions"}],"predecessor-version":[{"id":306,"href":"https:\/\/nosesso.net\/de\/wp-json\/wp\/v2\/pages\/171\/revisions\/306"}],"wp:attachment":[{"href":"https:\/\/nosesso.net\/de\/wp-json\/wp\/v2\/media?parent=171"}],"curies":[{"name":"wp","href":"https:\/\/api.w.org\/{rel}","templated":true}]}}