{"id":148,"date":"2022-06-23T11:49:10","date_gmt":"2022-06-23T10:49:10","guid":{"rendered":"http:\/\/nosesso.net\/donde-encontrar-personas-de-intereses-similares\/"},"modified":"2022-08-15T17:56:35","modified_gmt":"2022-08-15T16:56:35","slug":"donde-encontrar-personas-de-intereses-similares","status":"publish","type":"page","link":"https:\/\/nosesso.net\/es\/donde-encontrar-personas-de-intereses-similares\/","title":{"rendered":"D\u00f3nde encontrar personas de intereses similares"},"content":{"rendered":"<p>Tambi\u00e9n puede conocer a personas que comparten intereses similares. Por ejemplo, puede unirse a una sala de chat grupal donde todos compartan los mismos pasatiempos o pasiones. Estos grupos son una excelente manera de conocer personas que comparten sus intereses, y puede navegar f\u00e1cilmente a trav\u00e9s de los temas para encontrar exactamente lo que est\u00e1 buscando.<\/p>\n<p>Adem\u00e1s de encontrar personas con intereses compartidos, tambi\u00e9n puedes encontrar personas que buscan amigos. Muchos sitios ofrecen salas <a href=\"https:\/\/www.fuck-buddies.net\/es\/sitios-de-sexting-gratis-para-obtener-desnudos\/\">sexting gratis<\/a> de chat gratuitas, y estas son una excelente manera de encontrar nuevos amigos. Tambi\u00e9n puede crear su propia sala de chat privada e invitar solo a aquellas personas con las que le gustar\u00eda pasar tiempo.<\/p>\n<p><img loading=\"lazy\" class=\"aligncenter wp-image-53\" src=\"http:\/\/nosesso.net\/wp-content\/uploads\/2022\/06\/love-image-online-1024x683.webp\" alt=\"\" width=\"653\" height=\"435\" srcset=\"https:\/\/nosesso.net\/wp-content\/uploads\/2022\/06\/love-image-online-1024x683.webp 1024w, https:\/\/nosesso.net\/wp-content\/uploads\/2022\/06\/love-image-online-300x200.webp 300w, https:\/\/nosesso.net\/wp-content\/uploads\/2022\/06\/love-image-online-768x512.webp 768w, https:\/\/nosesso.net\/wp-content\/uploads\/2022\/06\/love-image-online.webp 1125w\" sizes=\"(max-width: 653px) 100vw, 653px\" \/><\/p>\n<h2>\u00bfSalas de chat o aplicaciones de citas?<\/h2>\n<p>El mayor beneficio de unirse a una sala de chat para adultos es que puedes divertirte mientras lo haces. Cuando entras en una sala de chat, puedes elegir entre escuchar m\u00fasica o ver videos. Tambi\u00e9n puede jugar juegos o leer libros, e incluso puede participar en encuestas o sondeos.<\/p>\n<p>Mientras chateas, tambi\u00e9n puedes enviar mensajes a otros miembros. Puedes hacerles preguntas y <a href=\"https:\/\/www.jerkoffforme.com\/pt-pt\/gay-cam-sites\/\">gay cam show<\/a>, contarles sobre ti o simplemente saludarlos. Tambi\u00e9n puede agregar amigos a su lista de contactos, lo que significa que puede mantenerse conectado con ellos incluso despu\u00e9s de haber abandonado la sala de chat.<\/p>\n<p>En resumen, las salas de chat para adultos son una excelente manera de hacer nuevos amigos, explorar nuevos intereses y disfrutar al mismo tiempo. Tambi\u00e9n son una excelente manera de conocer gente nueva, y siempre puedes encontrar algo que hacer cuando visitas una sala de chat.<\/p>\n<h2>Las aplicaciones de citas en l\u00ednea podr\u00edan ser las mejores<\/h2>\n<p>Sex meet es un t\u00e9rmino utilizado para describir los sitios de citas en l\u00ednea donde los miembros pueden conectarse con otros que comparten intereses similares. Hay muchos sitios de reuniones sexuales disponibles en la actualidad, incluidos AdultFriendFinder, Ashley Madison y Match.com. Estos sitios permiten a los miembros navegar por los perfiles de otros miembros, enviar mensajes y organizar fechas.<\/p>\n<p>Si bien este tipo de sitios son gratuitos, requieren una suscripci\u00f3n paga para acceder a ciertas funciones. Por ejemplo, la mayor\u00eda de los sitios ofrecen opciones de membres\u00eda premium que incluyen capacidades de mensajer\u00eda adicionales, filtros de b\u00fasqueda avanzada y vistas de perfil mejoradas.<\/p>\n<p>Hay varios beneficios al registrarse en un sitio de <a href=\"https:\/\/www.free-adult-cams.com\/pt-pt\/\">webcam adultos<\/a>. Primero, puede encontrar f\u00e1cilmente a alguien que comparta sus preferencias sexuales. En segundo lugar, puede <a href=\"http:\/\/nosesso.net\/es\/sitios-de-conexion-gratuitos\/\">comunicarse con socios potenciales<\/a> sin tener que pagar costosas llamadas telef\u00f3nicas o mensajes de texto. En tercer lugar, puede ahorrar dinero conociendo gente a trav\u00e9s de una comunidad en lugar de pagar por servicios individuales.<\/p>\n<p>Tambi\u00e9n es f\u00e1cil unirse a un sitio de encuentro sexual. Simplemente crea un perfil y sube fotos. Luego, busque personas que compartan sus intereses y env\u00edeles un mensaje directamente. \u00a1As\u00ed de simple!<\/p>\n<h2>\u00bfQu\u00e9 pasa con las conexiones locales?<\/h2>\n<p>Las conexiones locales se est\u00e1n volviendo cada vez m\u00e1s populares entre los solteros que est\u00e1n cansados de los mismos sitios de citas en l\u00ednea de siempre. Estos sitios no siempre son efectivos, y pueden ser costosos si paga las tarifas de membres\u00eda todos los meses.<\/p>\n<p>En lugar de pagar tarifas mensuales, pruebe las <a href=\"http:\/\/nosesso.net\/es\/sitios-de-citas-sexuales-casuales-gratis\/\">aplicaciones de conexi\u00f3n locales<\/a> . Estas aplicaciones le permiten conocer a otros solteros cercanos, y generalmente puede conectarse con ellos en cuesti\u00f3n de minutos. Es mucho m\u00e1s f\u00e1cil conocer a alguien localmente que a trav\u00e9s de una aplicaci\u00f3n que requiere que viajes largas distancias.<\/p>\n<p>Hay muchos tipos diferentes de aplicaciones de conexi\u00f3n locales disponibles, incluyendo Tinder, Bumble, Hinge y Plenty of Fish. Cada uno tiene sus propias caracter\u00edsticas \u00fanicas, as\u00ed que elige la que mejor se adapte a tus necesidades. Por ejemplo, Tinder te permite deslizar el dedo hacia la izquierda o hacia la derecha para decidir si quieres o no hablar con otro usuario.<\/p>\n<p>Una vez que haya encontrado una aplicaci\u00f3n de conexi\u00f3n local que funcione para usted, \u00a1reg\u00edstrese y comience a conocer gente nueva hoy!<\/p>\n","protected":false},"excerpt":{"rendered":"<p>Tambi\u00e9n puede conocer a personas que comparten intereses similares. Por ejemplo, puede unirse a una sala de chat grupal donde todos compartan los mismos pasatiempos o pasiones. Estos grupos son una excelente manera de conocer personas que comparten sus intereses, y puede navegar f\u00e1cilmente a trav\u00e9s de los temas para encontrar exactamente lo que est\u00e1 &#8230; <a title=\"D\u00f3nde encontrar personas de intereses similares\" class=\"read-more\" href=\"https:\/\/nosesso.net\/es\/donde-encontrar-personas-de-intereses-similares\/\" aria-label=\"M\u00e1s en D\u00f3nde encontrar personas de intereses similares\">Leer m\u00e1s<\/a><\/p>\n","protected":false},"author":1,"featured_media":0,"parent":0,"menu_order":0,"comment_status":"closed","ping_status":"closed","template":"","meta":[],"yoast_head":"<!-- This site is optimized with the Yoast SEO plugin v17.7.1 - https:\/\/yoast.com\/wordpress\/plugins\/seo\/ -->\n<title>D\u00f3nde encontrar personas de intereses similares - No Sesso<\/title>\n<meta name=\"robots\" content=\"index, follow, max-snippet:-1, max-image-preview:large, max-video-preview:-1\" \/>\n<link rel=\"canonical\" href=\"https:\/\/nosesso.net\/es\/donde-encontrar-personas-de-intereses-similares\/\" \/>\n<meta property=\"og:locale\" content=\"es_ES\" \/>\n<meta property=\"og:type\" content=\"article\" \/>\n<meta property=\"og:title\" content=\"D\u00f3nde encontrar personas de intereses similares - No Sesso\" \/>\n<meta property=\"og:description\" content=\"Tambi\u00e9n puede conocer a personas que comparten intereses similares. Por ejemplo, puede unirse a una sala de chat grupal donde todos compartan los mismos pasatiempos o pasiones. Estos grupos son una excelente manera de conocer personas que comparten sus intereses, y puede navegar f\u00e1cilmente a trav\u00e9s de los temas para encontrar exactamente lo que est\u00e1 ... Leer m\u00e1s\" \/>\n<meta property=\"og:url\" content=\"https:\/\/nosesso.net\/es\/donde-encontrar-personas-de-intereses-similares\/\" \/>\n<meta property=\"og:site_name\" content=\"No Sesso\" \/>\n<meta property=\"article:modified_time\" content=\"2022-08-15T16:56:35+00:00\" \/>\n<meta property=\"og:image\" content=\"http:\/\/nosesso.net\/wp-content\/uploads\/2022\/06\/love-image-online-1024x683.webp\" \/>\n<meta name=\"twitter:card\" content=\"summary_large_image\" \/>\n<meta name=\"twitter:label1\" content=\"Tiempo de lectura\" \/>\n\t<meta name=\"twitter:data1\" content=\"3 minutos\" \/>\n<script type=\"application\/ld+json\" class=\"yoast-schema-graph\">{\"@context\":\"https:\/\/schema.org\",\"@graph\":[{\"@type\":\"WebSite\",\"@id\":\"https:\/\/nosesso.net\/#website\",\"url\":\"https:\/\/nosesso.net\/\",\"name\":\"No Sesso\",\"description\":\"Real Dating Reviews\",\"potentialAction\":[{\"@type\":\"SearchAction\",\"target\":{\"@type\":\"EntryPoint\",\"urlTemplate\":\"https:\/\/nosesso.net\/?s={search_term_string}\"},\"query-input\":\"required name=search_term_string\"}],\"inLanguage\":\"es\"},{\"@type\":\"ImageObject\",\"@id\":\"https:\/\/nosesso.net\/es\/donde-encontrar-personas-de-intereses-similares\/#primaryimage\",\"inLanguage\":\"es\",\"url\":\"http:\/\/nosesso.net\/wp-content\/uploads\/2022\/06\/love-image-online-1024x683.webp\",\"contentUrl\":\"http:\/\/nosesso.net\/wp-content\/uploads\/2022\/06\/love-image-online-1024x683.webp\"},{\"@type\":\"WebPage\",\"@id\":\"https:\/\/nosesso.net\/es\/donde-encontrar-personas-de-intereses-similares\/#webpage\",\"url\":\"https:\/\/nosesso.net\/es\/donde-encontrar-personas-de-intereses-similares\/\",\"name\":\"D\\u00f3nde encontrar personas de intereses similares - No Sesso\",\"isPartOf\":{\"@id\":\"https:\/\/nosesso.net\/#website\"},\"primaryImageOfPage\":{\"@id\":\"https:\/\/nosesso.net\/es\/donde-encontrar-personas-de-intereses-similares\/#primaryimage\"},\"datePublished\":\"2022-06-23T10:49:10+00:00\",\"dateModified\":\"2022-08-15T16:56:35+00:00\",\"breadcrumb\":{\"@id\":\"https:\/\/nosesso.net\/es\/donde-encontrar-personas-de-intereses-similares\/#breadcrumb\"},\"inLanguage\":\"es\",\"potentialAction\":[{\"@type\":\"ReadAction\",\"target\":[\"https:\/\/nosesso.net\/es\/donde-encontrar-personas-de-intereses-similares\/\"]}]},{\"@type\":\"BreadcrumbList\",\"@id\":\"https:\/\/nosesso.net\/es\/donde-encontrar-personas-de-intereses-similares\/#breadcrumb\",\"itemListElement\":[{\"@type\":\"ListItem\",\"position\":1,\"name\":\"Home\",\"item\":\"https:\/\/nosesso.net\/es\/\"},{\"@type\":\"ListItem\",\"position\":2,\"name\":\"D\\u00f3nde encontrar personas de intereses similares\"}]}]}<\/script>\n<!-- \/ Yoast SEO plugin. -->","yoast_head_json":{"title":"D\u00f3nde encontrar personas de intereses similares - No Sesso","robots":{"index":"index","follow":"follow","max-snippet":"max-snippet:-1","max-image-preview":"max-image-preview:large","max-video-preview":"max-video-preview:-1"},"canonical":"https:\/\/nosesso.net\/es\/donde-encontrar-personas-de-intereses-similares\/","og_locale":"es_ES","og_type":"article","og_title":"D\u00f3nde encontrar personas de intereses similares - No Sesso","og_description":"Tambi\u00e9n puede conocer a personas que comparten intereses similares. Por ejemplo, puede unirse a una sala de chat grupal donde todos compartan los mismos pasatiempos o pasiones. Estos grupos son una excelente manera de conocer personas que comparten sus intereses, y puede navegar f\u00e1cilmente a trav\u00e9s de los temas para encontrar exactamente lo que est\u00e1 ... Leer m\u00e1s","og_url":"https:\/\/nosesso.net\/es\/donde-encontrar-personas-de-intereses-similares\/","og_site_name":"No Sesso","article_modified_time":"2022-08-15T16:56:35+00:00","og_image":[{"url":"http:\/\/nosesso.net\/wp-content\/uploads\/2022\/06\/love-image-online-1024x683.webp"}],"twitter_card":"summary_large_image","twitter_misc":{"Tiempo de lectura":"3 minutos"},"schema":{"@context":"https:\/\/schema.org","@graph":[{"@type":"WebSite","@id":"https:\/\/nosesso.net\/#website","url":"https:\/\/nosesso.net\/","name":"No Sesso","description":"Real Dating Reviews","potentialAction":[{"@type":"SearchAction","target":{"@type":"EntryPoint","urlTemplate":"https:\/\/nosesso.net\/?s={search_term_string}"},"query-input":"required name=search_term_string"}],"inLanguage":"es"},{"@type":"ImageObject","@id":"https:\/\/nosesso.net\/es\/donde-encontrar-personas-de-intereses-similares\/#primaryimage","inLanguage":"es","url":"http:\/\/nosesso.net\/wp-content\/uploads\/2022\/06\/love-image-online-1024x683.webp","contentUrl":"http:\/\/nosesso.net\/wp-content\/uploads\/2022\/06\/love-image-online-1024x683.webp"},{"@type":"WebPage","@id":"https:\/\/nosesso.net\/es\/donde-encontrar-personas-de-intereses-similares\/#webpage","url":"https:\/\/nosesso.net\/es\/donde-encontrar-personas-de-intereses-similares\/","name":"D\u00f3nde encontrar personas de intereses similares - No Sesso","isPartOf":{"@id":"https:\/\/nosesso.net\/#website"},"primaryImageOfPage":{"@id":"https:\/\/nosesso.net\/es\/donde-encontrar-personas-de-intereses-similares\/#primaryimage"},"datePublished":"2022-06-23T10:49:10+00:00","dateModified":"2022-08-15T16:56:35+00:00","breadcrumb":{"@id":"https:\/\/nosesso.net\/es\/donde-encontrar-personas-de-intereses-similares\/#breadcrumb"},"inLanguage":"es","potentialAction":[{"@type":"ReadAction","target":["https:\/\/nosesso.net\/es\/donde-encontrar-personas-de-intereses-similares\/"]}]},{"@type":"BreadcrumbList","@id":"https:\/\/nosesso.net\/es\/donde-encontrar-personas-de-intereses-similares\/#breadcrumb","itemListElement":[{"@type":"ListItem","position":1,"name":"Home","item":"https:\/\/nosesso.net\/es\/"},{"@type":"ListItem","position":2,"name":"D\u00f3nde encontrar personas de intereses similares"}]}]}},"_links":{"self":[{"href":"https:\/\/nosesso.net\/es\/wp-json\/wp\/v2\/pages\/148"}],"collection":[{"href":"https:\/\/nosesso.net\/es\/wp-json\/wp\/v2\/pages"}],"about":[{"href":"https:\/\/nosesso.net\/es\/wp-json\/wp\/v2\/types\/page"}],"author":[{"embeddable":true,"href":"https:\/\/nosesso.net\/es\/wp-json\/wp\/v2\/users\/1"}],"replies":[{"embeddable":true,"href":"https:\/\/nosesso.net\/es\/wp-json\/wp\/v2\/comments?post=148"}],"version-history":[{"count":2,"href":"https:\/\/nosesso.net\/es\/wp-json\/wp\/v2\/pages\/148\/revisions"}],"predecessor-version":[{"id":315,"href":"https:\/\/nosesso.net\/es\/wp-json\/wp\/v2\/pages\/148\/revisions\/315"}],"wp:attachment":[{"href":"https:\/\/nosesso.net\/es\/wp-json\/wp\/v2\/media?parent=148"}],"curies":[{"name":"wp","href":"https:\/\/api.w.org\/{rel}","templated":true}]}}