{"id":150,"date":"2022-06-23T11:51:14","date_gmt":"2022-06-23T10:51:14","guid":{"rendered":"http:\/\/nosesso.net\/lugares-de-conexion-locales\/"},"modified":"2022-08-15T17:54:11","modified_gmt":"2022-08-15T16:54:11","slug":"lugares-de-conexion-locales","status":"publish","type":"page","link":"https:\/\/nosesso.net\/es\/lugares-de-conexion-locales\/","title":{"rendered":"Lugares de conexi\u00f3n locales"},"content":{"rendered":"<p>Conectarse es divertido, emocionante y, a veces, incluso rom\u00e1ntico. Pero si est\u00e1 buscando <a href=\"https:\/\/www.nsadating.net\/es\/juegos-de-sexo-gratis-en-ios\/\">sexo gratis iPad<\/a> un lugar de conexi\u00f3n local, es posible que se sienta decepcionado. Esto se debe a que <a href=\"http:\/\/nosesso.net\/es\/sitios-de-citas-sexuales-casuales-gratis\/\">la mayor\u00eda de las aplicaciones<\/a> de conexi\u00f3n est\u00e1n dise\u00f1adas para conectar a personas que est\u00e1n muy separadas entre s\u00ed.<\/p>\n<p>Pero hay muchos lugares donde puedes conocer a alguien cerca. Ya sea que est\u00e9 buscando sexo casual o una relaci\u00f3n, estos lugares ofrecen un entorno seguro donde puede disfrutar sin tener que preocuparse por ser juzgado o rechazado.<\/p>\n<p><img loading=\"lazy\" class=\"aligncenter size-full wp-image-54\" src=\"http:\/\/nosesso.net\/wp-content\/uploads\/2022\/06\/find-dates.jpeg\" alt=\"\" width=\"500\" height=\"750\" srcset=\"https:\/\/nosesso.net\/wp-content\/uploads\/2022\/06\/find-dates.jpeg 500w, https:\/\/nosesso.net\/wp-content\/uploads\/2022\/06\/find-dates-200x300.jpeg 200w\" sizes=\"(max-width: 500px) 100vw, 500px\" \/><\/p>\n<p>Aqu\u00ed hay cinco lugares de conexi\u00f3n populares cerca de usted:<\/p>\n<h3>1. Parques p\u00fablicos<\/h3>\n<p>Los parques p\u00fablicos son perfectos para conocer solteros. No hay reglas ni expectativas <a href=\"https:\/\/www.sextchat.net\/pt-pt\/analise-nutaku-hentai\/\">nutaku hentai<\/a>, por lo que puede relajarse y disfrutar. Adem\u00e1s, probablemente te encontrar\u00e1s con muchas otras personas haciendo lo mismo.<\/p>\n<h3>2. Bares<\/h3>\n<p>Los bares son otro gran lugar para conocer gente. La gente tiende a pasar el rato en bares despu\u00e9s del trabajo, por lo que es f\u00e1cil entablar conversaciones con extra\u00f1os.<\/p>\n<h3>3. Cafeter\u00edas<\/h3>\n<p>Las cafeter\u00edas son un gran lugar para conocer gente, especialmente si est\u00e1s buscando algo serio. Es un ajuste de baja presi\u00f3n, por lo que puede hablar libre y abiertamente sobre cualquier cosa.<\/p>\n<h3>4. Bibliotecas<\/h3>\n<p>Las bibliotecas son un gran lugar para <a href=\"http:\/\/nosesso.net\/es\/donde-encontrar-personas-de-intereses-similares\/\">encontrar el amor<\/a>. No solo son gratuitos, sino que tambi\u00e9n son tranquilos y relajantes. Y como est\u00e1s rodeado de libros, te sentir\u00e1s m\u00e1s c\u00f3modo hablando de temas personales.<\/p>\n<h3>5. Hoteles<\/h3>\n<p>Los hoteles son un gran lugar para ir si est\u00e1s buscando un tiempo a solas <a href=\"https:\/\/www.fuck-buddies.net\/es\/juegos-porno-gratis-sin-registro-y-sin-registro\/\">juegos hentai sin registro<\/a>. Puede tener privacidad y a\u00fan as\u00ed estar lo suficientemente cerca de otras personas para conocer f\u00e1cilmente nuevos amigos.<\/p>\n<p>Entonces, ya sea que est\u00e9 buscando una aventura de una noche o una relaci\u00f3n a largo plazo, estos lugares son una gran opci\u00f3n.<\/p>\n<h3>6. Aplicaciones de citas sexuales<\/h3>\n<p>Hay muchos tipos diferentes de sitios de citas sexuales disponibles en la actualidad, incluidos los centrados en grupos de edad, etnias y ubicaciones espec\u00edficas. Algunos sitios se centran exclusivamente en las relaciones adultas, mientras que otros atienden a todos, desde adolescentes hasta personas mayores.<\/p>\n<p>Independientemente de d\u00f3nde decida registrarse, aseg\u00farese de elegir un servicio de buena reputaci\u00f3n. Verifique las revisiones y calificaciones para determinar si un sitio en particular tiene o no la reputaci\u00f3n de ser confiable. Considere tambi\u00e9n el costo de la membres\u00eda; si va a pagar una suscripci\u00f3n, tambi\u00e9n podr\u00eda obtener un valor por su dinero.<\/p>\n<p>Despu\u00e9s de registrarse, recibir\u00e1 correos electr\u00f3nicos del sitio pidi\u00e9ndole que complete las preguntas del perfil y cargue fotos. Una vez que haya realizado estas tareas, podr\u00e1 navegar a trav\u00e9s de los perfiles de otros miembros. A continuaci\u00f3n, puede enviar un mensaje a cualquier persona que le gustar\u00eda conocer.<\/p>\n<p>Una vez que haya encontrado a alguien con quien le gustar\u00eda hablar, puede hacer arreglos para reunirse en persona. Los sitios de citas sexuales generalmente ofrecen una variedad de formas para que los miembros se comuniquen entre s\u00ed, incluidos mensajes de texto, llamadas telef\u00f3nicas, chats de video y mensajes instant\u00e1neos.<\/p>\n<p>El m\u00e9todo m\u00e1s com\u00fan de comunicaci\u00f3n es a trav\u00e9s de mensajes de texto. Sin embargo, algunos sitios tambi\u00e9n permiten a los miembros enviar correos de voz o usar aplicaciones para grabar mensajes de audio. Cuantas m\u00e1s opciones tenga, m\u00e1s f\u00e1cil ser\u00e1 establecer fechas con otros miembros.<\/p>\n","protected":false},"excerpt":{"rendered":"<p>Conectarse es divertido, emocionante y, a veces, incluso rom\u00e1ntico. Pero si est\u00e1 buscando sexo gratis iPad un lugar de conexi\u00f3n local, es posible que se sienta decepcionado. Esto se debe a que la mayor\u00eda de las aplicaciones de conexi\u00f3n est\u00e1n dise\u00f1adas para conectar a personas que est\u00e1n muy separadas entre s\u00ed. Pero hay muchos lugares &#8230; <a title=\"Lugares de conexi\u00f3n locales\" class=\"read-more\" href=\"https:\/\/nosesso.net\/es\/lugares-de-conexion-locales\/\" aria-label=\"M\u00e1s en Lugares de conexi\u00f3n locales\">Leer m\u00e1s<\/a><\/p>\n","protected":false},"author":1,"featured_media":0,"parent":0,"menu_order":0,"comment_status":"closed","ping_status":"closed","template":"","meta":[],"yoast_head":"<!-- This site is optimized with the Yoast SEO plugin v17.7.1 - https:\/\/yoast.com\/wordpress\/plugins\/seo\/ -->\n<title>Lugares de conexi\u00f3n locales - No Sesso<\/title>\n<meta name=\"robots\" content=\"index, follow, max-snippet:-1, max-image-preview:large, max-video-preview:-1\" \/>\n<link rel=\"canonical\" href=\"https:\/\/nosesso.net\/es\/lugares-de-conexion-locales\/\" \/>\n<meta property=\"og:locale\" content=\"es_ES\" \/>\n<meta property=\"og:type\" content=\"article\" \/>\n<meta property=\"og:title\" content=\"Lugares de conexi\u00f3n locales - No Sesso\" \/>\n<meta property=\"og:description\" content=\"Conectarse es divertido, emocionante y, a veces, incluso rom\u00e1ntico. Pero si est\u00e1 buscando sexo gratis iPad un lugar de conexi\u00f3n local, es posible que se sienta decepcionado. Esto se debe a que la mayor\u00eda de las aplicaciones de conexi\u00f3n est\u00e1n dise\u00f1adas para conectar a personas que est\u00e1n muy separadas entre s\u00ed. Pero hay muchos lugares ... Leer m\u00e1s\" \/>\n<meta property=\"og:url\" content=\"https:\/\/nosesso.net\/es\/lugares-de-conexion-locales\/\" \/>\n<meta property=\"og:site_name\" content=\"No Sesso\" \/>\n<meta property=\"article:modified_time\" content=\"2022-08-15T16:54:11+00:00\" \/>\n<meta property=\"og:image\" content=\"http:\/\/nosesso.net\/wp-content\/uploads\/2022\/06\/find-dates.jpeg\" \/>\n<meta name=\"twitter:card\" content=\"summary_large_image\" \/>\n<meta name=\"twitter:label1\" content=\"Tiempo de lectura\" \/>\n\t<meta name=\"twitter:data1\" content=\"3 minutos\" \/>\n<script type=\"application\/ld+json\" class=\"yoast-schema-graph\">{\"@context\":\"https:\/\/schema.org\",\"@graph\":[{\"@type\":\"WebSite\",\"@id\":\"https:\/\/nosesso.net\/#website\",\"url\":\"https:\/\/nosesso.net\/\",\"name\":\"No Sesso\",\"description\":\"Real Dating Reviews\",\"potentialAction\":[{\"@type\":\"SearchAction\",\"target\":{\"@type\":\"EntryPoint\",\"urlTemplate\":\"https:\/\/nosesso.net\/?s={search_term_string}\"},\"query-input\":\"required name=search_term_string\"}],\"inLanguage\":\"es\"},{\"@type\":\"ImageObject\",\"@id\":\"https:\/\/nosesso.net\/es\/lugares-de-conexion-locales\/#primaryimage\",\"inLanguage\":\"es\",\"url\":\"http:\/\/nosesso.net\/wp-content\/uploads\/2022\/06\/find-dates.jpeg\",\"contentUrl\":\"http:\/\/nosesso.net\/wp-content\/uploads\/2022\/06\/find-dates.jpeg\"},{\"@type\":\"WebPage\",\"@id\":\"https:\/\/nosesso.net\/es\/lugares-de-conexion-locales\/#webpage\",\"url\":\"https:\/\/nosesso.net\/es\/lugares-de-conexion-locales\/\",\"name\":\"Lugares de conexi\\u00f3n locales - No Sesso\",\"isPartOf\":{\"@id\":\"https:\/\/nosesso.net\/#website\"},\"primaryImageOfPage\":{\"@id\":\"https:\/\/nosesso.net\/es\/lugares-de-conexion-locales\/#primaryimage\"},\"datePublished\":\"2022-06-23T10:51:14+00:00\",\"dateModified\":\"2022-08-15T16:54:11+00:00\",\"breadcrumb\":{\"@id\":\"https:\/\/nosesso.net\/es\/lugares-de-conexion-locales\/#breadcrumb\"},\"inLanguage\":\"es\",\"potentialAction\":[{\"@type\":\"ReadAction\",\"target\":[\"https:\/\/nosesso.net\/es\/lugares-de-conexion-locales\/\"]}]},{\"@type\":\"BreadcrumbList\",\"@id\":\"https:\/\/nosesso.net\/es\/lugares-de-conexion-locales\/#breadcrumb\",\"itemListElement\":[{\"@type\":\"ListItem\",\"position\":1,\"name\":\"Home\",\"item\":\"https:\/\/nosesso.net\/es\/\"},{\"@type\":\"ListItem\",\"position\":2,\"name\":\"Lugares de conexi\\u00f3n locales\"}]}]}<\/script>\n<!-- \/ Yoast SEO plugin. -->","yoast_head_json":{"title":"Lugares de conexi\u00f3n locales - No Sesso","robots":{"index":"index","follow":"follow","max-snippet":"max-snippet:-1","max-image-preview":"max-image-preview:large","max-video-preview":"max-video-preview:-1"},"canonical":"https:\/\/nosesso.net\/es\/lugares-de-conexion-locales\/","og_locale":"es_ES","og_type":"article","og_title":"Lugares de conexi\u00f3n locales - No Sesso","og_description":"Conectarse es divertido, emocionante y, a veces, incluso rom\u00e1ntico. Pero si est\u00e1 buscando sexo gratis iPad un lugar de conexi\u00f3n local, es posible que se sienta decepcionado. Esto se debe a que la mayor\u00eda de las aplicaciones de conexi\u00f3n est\u00e1n dise\u00f1adas para conectar a personas que est\u00e1n muy separadas entre s\u00ed. Pero hay muchos lugares ... Leer m\u00e1s","og_url":"https:\/\/nosesso.net\/es\/lugares-de-conexion-locales\/","og_site_name":"No Sesso","article_modified_time":"2022-08-15T16:54:11+00:00","og_image":[{"url":"http:\/\/nosesso.net\/wp-content\/uploads\/2022\/06\/find-dates.jpeg"}],"twitter_card":"summary_large_image","twitter_misc":{"Tiempo de lectura":"3 minutos"},"schema":{"@context":"https:\/\/schema.org","@graph":[{"@type":"WebSite","@id":"https:\/\/nosesso.net\/#website","url":"https:\/\/nosesso.net\/","name":"No Sesso","description":"Real Dating Reviews","potentialAction":[{"@type":"SearchAction","target":{"@type":"EntryPoint","urlTemplate":"https:\/\/nosesso.net\/?s={search_term_string}"},"query-input":"required name=search_term_string"}],"inLanguage":"es"},{"@type":"ImageObject","@id":"https:\/\/nosesso.net\/es\/lugares-de-conexion-locales\/#primaryimage","inLanguage":"es","url":"http:\/\/nosesso.net\/wp-content\/uploads\/2022\/06\/find-dates.jpeg","contentUrl":"http:\/\/nosesso.net\/wp-content\/uploads\/2022\/06\/find-dates.jpeg"},{"@type":"WebPage","@id":"https:\/\/nosesso.net\/es\/lugares-de-conexion-locales\/#webpage","url":"https:\/\/nosesso.net\/es\/lugares-de-conexion-locales\/","name":"Lugares de conexi\u00f3n locales - No Sesso","isPartOf":{"@id":"https:\/\/nosesso.net\/#website"},"primaryImageOfPage":{"@id":"https:\/\/nosesso.net\/es\/lugares-de-conexion-locales\/#primaryimage"},"datePublished":"2022-06-23T10:51:14+00:00","dateModified":"2022-08-15T16:54:11+00:00","breadcrumb":{"@id":"https:\/\/nosesso.net\/es\/lugares-de-conexion-locales\/#breadcrumb"},"inLanguage":"es","potentialAction":[{"@type":"ReadAction","target":["https:\/\/nosesso.net\/es\/lugares-de-conexion-locales\/"]}]},{"@type":"BreadcrumbList","@id":"https:\/\/nosesso.net\/es\/lugares-de-conexion-locales\/#breadcrumb","itemListElement":[{"@type":"ListItem","position":1,"name":"Home","item":"https:\/\/nosesso.net\/es\/"},{"@type":"ListItem","position":2,"name":"Lugares de conexi\u00f3n locales"}]}]}},"_links":{"self":[{"href":"https:\/\/nosesso.net\/es\/wp-json\/wp\/v2\/pages\/150"}],"collection":[{"href":"https:\/\/nosesso.net\/es\/wp-json\/wp\/v2\/pages"}],"about":[{"href":"https:\/\/nosesso.net\/es\/wp-json\/wp\/v2\/types\/page"}],"author":[{"embeddable":true,"href":"https:\/\/nosesso.net\/es\/wp-json\/wp\/v2\/users\/1"}],"replies":[{"embeddable":true,"href":"https:\/\/nosesso.net\/es\/wp-json\/wp\/v2\/comments?post=150"}],"version-history":[{"count":1,"href":"https:\/\/nosesso.net\/es\/wp-json\/wp\/v2\/pages\/150\/revisions"}],"predecessor-version":[{"id":312,"href":"https:\/\/nosesso.net\/es\/wp-json\/wp\/v2\/pages\/150\/revisions\/312"}],"wp:attachment":[{"href":"https:\/\/nosesso.net\/es\/wp-json\/wp\/v2\/media?parent=150"}],"curies":[{"name":"wp","href":"https:\/\/api.w.org\/{rel}","templated":true}]}}