{"id":162,"date":"2022-06-23T11:47:57","date_gmt":"2022-06-23T10:47:57","guid":{"rendered":"http:\/\/nosesso.net\/sitios-de-citas-sexuales-casuales-gratis\/"},"modified":"2022-06-23T11:47:57","modified_gmt":"2022-06-23T10:47:57","slug":"sitios-de-citas-sexuales-casuales-gratis","status":"publish","type":"page","link":"https:\/\/nosesso.net\/es\/sitios-de-citas-sexuales-casuales-gratis\/","title":{"rendered":"Sitios de citas sexuales casuales gratis"},"content":{"rendered":"<p>OkCupid le permite <a href=\"http:\/\/nosesso.net\/es\/sitios-de-conexion-gratuitos\/\">navegar por los perfiles de los miembros<\/a> y enviar mensajes a las partes interesadas. Tambi\u00e9n ofrece funciones como chat en vivo, chat de video y chats grupales. Finalmente, PlentyOfFish le da la opci\u00f3n de navegar por miles de perfiles a la vez. A continuaci\u00f3n, puede ordenarlos por edad, g\u00e9nero, intereses y m\u00e1s.<\/p>\n<p>Tinder es otro gran lugar para encontrar citas casuales. Es una <a href=\"http:\/\/nosesso.net\/es\/tipos-de-sitios-de-conexion\/\">aplicaci\u00f3n m\u00f3vil<\/a> que conecta a los solteros en funci\u00f3n de sus intereses mutuos. Una vez que descargue la aplicaci\u00f3n, puede deslizar el dedo hacia la izquierda o hacia la derecha para ver los perfiles. Despu\u00e9s de eso, puede enviar mensajes a las partes interesadas y organizar una reuni\u00f3n en la vida real.<\/p>\n<p>Si bien algunos de estos sitios han existido durante a\u00f1os, otros son relativamente nuevos. Si no est\u00e1 familiarizado con ninguno de estos sitios, es posible que desee consultar nuestra gu\u00eda de los 10 mejores sitios web de citas en l\u00ednea. Hemos incluido informaci\u00f3n sobre las caracter\u00edsticas, los costos y las preocupaciones de seguridad de cada sitio.<\/p>\n<p><img loading=\"lazy\" class=\"aligncenter wp-image-52\" src=\"http:\/\/nosesso.net\/wp-content\/uploads\/2022\/06\/online-sex-chat-1024x682.jpeg\" alt=\"\" width=\"675\" height=\"449\" srcset=\"https:\/\/nosesso.net\/wp-content\/uploads\/2022\/06\/online-sex-chat-1024x682.jpeg 1024w, https:\/\/nosesso.net\/wp-content\/uploads\/2022\/06\/online-sex-chat-300x200.jpeg 300w, https:\/\/nosesso.net\/wp-content\/uploads\/2022\/06\/online-sex-chat-768x511.jpeg 768w, https:\/\/nosesso.net\/wp-content\/uploads\/2022\/06\/online-sex-chat-1536x1022.jpeg 1536w, https:\/\/nosesso.net\/wp-content\/uploads\/2022\/06\/online-sex-chat.jpeg 1600w\" sizes=\"(max-width: 675px) 100vw, 675px\" \/><\/p>\n<h2>C\u00f3mo chatear en l\u00ednea<\/h2>\n<p>Una vez que haya encontrado algunas buenas opciones, reg\u00edstrese en una de ellas. Luego, comience a navegar por los perfiles y enviar mensajes a las partes interesadas. Cuando encuentre a alguien que le guste, p\u00eddale que salga por mensaje de texto o correo electr\u00f3nico. Si aceptan, \u00a1pueden planear una cita e ir a su primera cita juntos!<\/p>\n<p>Las conexiones locales se est\u00e1n volviendo cada vez m\u00e1s populares entre los solteros que quieren conocer a alguien cercano. Es f\u00e1cil configurar un perfil en sitios como Craigslist, PlentyOfFish y OkCupid, donde puede navegar a trav\u00e9s de miles de miembros locales en pocos minutos.<\/p>\n<p>Es importante recordar que este tipo de sitios de citas en l\u00ednea no son solo para encuentros casuales. Est\u00e1n dise\u00f1ados para conectar a personas que comparten intereses y valores similares. Entonces, si est\u00e1 buscando una relaci\u00f3n seria, es posible que desee probar un tipo diferente de sitio.<\/p>\n<p>Por ejemplo, Match.com tiene una secci\u00f3n llamada Singles Near Me que le permite filtrar sus coincidencias seg\u00fan la ubicaci\u00f3n. Lo mismo ocurre con eHarmony, Zoosk y otros sitios.<\/p>\n<h2>Nuestros consejos para probar salas de chat<\/h2>\n<p>Las salas de chat para adultos son un gran lugar para conocer a otros solteros que comparten intereses similares. Hay muchos tipos diferentes de salas de chat para adultos, incluidas las salas de chat de video, las salas de chat con c\u00e1mara web y las salas de chat de texto. Las salas de chat son una forma divertida de conectarse con otros y aprender m\u00e1s sobre ti mismo.<\/p>\n<p>Hay varios beneficios de chatear en l\u00ednea. Por ejemplo, puedes hablar con alguien de cualquier parte del mundo, y puedes hacerlo sin tener que pagar nada. Adem\u00e1s, puede elegir si desea comunicarse a trav\u00e9s de audio o video, y puede establecer sus propias preferencias.<\/p>\n<p>Una de las mejores partes de las salas de chat para adultos es que puedes conocer gente de todo el mundo. No importa si est\u00e1s interesado en conocer gente de otro pa\u00eds o simplemente quieres conocer gente cercana. Las salas de chat para adultos le permiten interactuar con personas de todos los \u00e1mbitos de la vida.<\/p>\n","protected":false},"excerpt":{"rendered":"<p>OkCupid le permite navegar por los perfiles de los miembros y enviar mensajes a las partes interesadas. Tambi\u00e9n ofrece funciones como chat en vivo, chat de video y chats grupales. Finalmente, PlentyOfFish le da la opci\u00f3n de navegar por miles de perfiles a la vez. A continuaci\u00f3n, puede ordenarlos por edad, g\u00e9nero, intereses y m\u00e1s. &#8230; <a title=\"Sitios de citas sexuales casuales gratis\" class=\"read-more\" href=\"https:\/\/nosesso.net\/es\/sitios-de-citas-sexuales-casuales-gratis\/\" aria-label=\"M\u00e1s en Sitios de citas sexuales casuales gratis\">Leer m\u00e1s<\/a><\/p>\n","protected":false},"author":1,"featured_media":0,"parent":0,"menu_order":0,"comment_status":"closed","ping_status":"closed","template":"","meta":[],"yoast_head":"<!-- This site is optimized with the Yoast SEO plugin v17.7.1 - https:\/\/yoast.com\/wordpress\/plugins\/seo\/ -->\n<title>Sitios de citas sexuales casuales gratis - No Sesso<\/title>\n<meta name=\"robots\" content=\"index, follow, max-snippet:-1, max-image-preview:large, max-video-preview:-1\" \/>\n<link rel=\"canonical\" href=\"https:\/\/nosesso.net\/es\/sitios-de-citas-sexuales-casuales-gratis\/\" \/>\n<meta property=\"og:locale\" content=\"es_ES\" \/>\n<meta property=\"og:type\" content=\"article\" \/>\n<meta property=\"og:title\" content=\"Sitios de citas sexuales casuales gratis - No Sesso\" \/>\n<meta property=\"og:description\" content=\"OkCupid le permite navegar por los perfiles de los miembros y enviar mensajes a las partes interesadas. Tambi\u00e9n ofrece funciones como chat en vivo, chat de video y chats grupales. Finalmente, PlentyOfFish le da la opci\u00f3n de navegar por miles de perfiles a la vez. A continuaci\u00f3n, puede ordenarlos por edad, g\u00e9nero, intereses y m\u00e1s. ... Leer m\u00e1s\" \/>\n<meta property=\"og:url\" content=\"https:\/\/nosesso.net\/es\/sitios-de-citas-sexuales-casuales-gratis\/\" \/>\n<meta property=\"og:site_name\" content=\"No Sesso\" \/>\n<meta property=\"og:image\" content=\"http:\/\/nosesso.net\/wp-content\/uploads\/2022\/06\/online-sex-chat-1024x682.jpeg\" \/>\n<meta name=\"twitter:card\" content=\"summary_large_image\" \/>\n<meta name=\"twitter:label1\" content=\"Tiempo de lectura\" \/>\n\t<meta name=\"twitter:data1\" content=\"3 minutos\" \/>\n<script type=\"application\/ld+json\" class=\"yoast-schema-graph\">{\"@context\":\"https:\/\/schema.org\",\"@graph\":[{\"@type\":\"WebSite\",\"@id\":\"https:\/\/nosesso.net\/#website\",\"url\":\"https:\/\/nosesso.net\/\",\"name\":\"No Sesso\",\"description\":\"Real Dating Reviews\",\"potentialAction\":[{\"@type\":\"SearchAction\",\"target\":{\"@type\":\"EntryPoint\",\"urlTemplate\":\"https:\/\/nosesso.net\/?s={search_term_string}\"},\"query-input\":\"required name=search_term_string\"}],\"inLanguage\":\"es\"},{\"@type\":\"ImageObject\",\"@id\":\"https:\/\/nosesso.net\/es\/sitios-de-citas-sexuales-casuales-gratis\/#primaryimage\",\"inLanguage\":\"es\",\"url\":\"http:\/\/nosesso.net\/wp-content\/uploads\/2022\/06\/online-sex-chat-1024x682.jpeg\",\"contentUrl\":\"http:\/\/nosesso.net\/wp-content\/uploads\/2022\/06\/online-sex-chat-1024x682.jpeg\"},{\"@type\":\"WebPage\",\"@id\":\"https:\/\/nosesso.net\/es\/sitios-de-citas-sexuales-casuales-gratis\/#webpage\",\"url\":\"https:\/\/nosesso.net\/es\/sitios-de-citas-sexuales-casuales-gratis\/\",\"name\":\"Sitios de citas sexuales casuales gratis - No Sesso\",\"isPartOf\":{\"@id\":\"https:\/\/nosesso.net\/#website\"},\"primaryImageOfPage\":{\"@id\":\"https:\/\/nosesso.net\/es\/sitios-de-citas-sexuales-casuales-gratis\/#primaryimage\"},\"datePublished\":\"2022-06-23T10:47:57+00:00\",\"dateModified\":\"2022-06-23T10:47:57+00:00\",\"breadcrumb\":{\"@id\":\"https:\/\/nosesso.net\/es\/sitios-de-citas-sexuales-casuales-gratis\/#breadcrumb\"},\"inLanguage\":\"es\",\"potentialAction\":[{\"@type\":\"ReadAction\",\"target\":[\"https:\/\/nosesso.net\/es\/sitios-de-citas-sexuales-casuales-gratis\/\"]}]},{\"@type\":\"BreadcrumbList\",\"@id\":\"https:\/\/nosesso.net\/es\/sitios-de-citas-sexuales-casuales-gratis\/#breadcrumb\",\"itemListElement\":[{\"@type\":\"ListItem\",\"position\":1,\"name\":\"Home\",\"item\":\"http:\/\/nosesso.net\/es\/\"},{\"@type\":\"ListItem\",\"position\":2,\"name\":\"Sitios de citas sexuales casuales gratis\"}]}]}<\/script>\n<!-- \/ Yoast SEO plugin. -->","yoast_head_json":{"title":"Sitios de citas sexuales casuales gratis - No Sesso","robots":{"index":"index","follow":"follow","max-snippet":"max-snippet:-1","max-image-preview":"max-image-preview:large","max-video-preview":"max-video-preview:-1"},"canonical":"https:\/\/nosesso.net\/es\/sitios-de-citas-sexuales-casuales-gratis\/","og_locale":"es_ES","og_type":"article","og_title":"Sitios de citas sexuales casuales gratis - No Sesso","og_description":"OkCupid le permite navegar por los perfiles de los miembros y enviar mensajes a las partes interesadas. Tambi\u00e9n ofrece funciones como chat en vivo, chat de video y chats grupales. Finalmente, PlentyOfFish le da la opci\u00f3n de navegar por miles de perfiles a la vez. A continuaci\u00f3n, puede ordenarlos por edad, g\u00e9nero, intereses y m\u00e1s. ... Leer m\u00e1s","og_url":"https:\/\/nosesso.net\/es\/sitios-de-citas-sexuales-casuales-gratis\/","og_site_name":"No Sesso","og_image":[{"url":"http:\/\/nosesso.net\/wp-content\/uploads\/2022\/06\/online-sex-chat-1024x682.jpeg"}],"twitter_card":"summary_large_image","twitter_misc":{"Tiempo de lectura":"3 minutos"},"schema":{"@context":"https:\/\/schema.org","@graph":[{"@type":"WebSite","@id":"https:\/\/nosesso.net\/#website","url":"https:\/\/nosesso.net\/","name":"No Sesso","description":"Real Dating Reviews","potentialAction":[{"@type":"SearchAction","target":{"@type":"EntryPoint","urlTemplate":"https:\/\/nosesso.net\/?s={search_term_string}"},"query-input":"required name=search_term_string"}],"inLanguage":"es"},{"@type":"ImageObject","@id":"https:\/\/nosesso.net\/es\/sitios-de-citas-sexuales-casuales-gratis\/#primaryimage","inLanguage":"es","url":"http:\/\/nosesso.net\/wp-content\/uploads\/2022\/06\/online-sex-chat-1024x682.jpeg","contentUrl":"http:\/\/nosesso.net\/wp-content\/uploads\/2022\/06\/online-sex-chat-1024x682.jpeg"},{"@type":"WebPage","@id":"https:\/\/nosesso.net\/es\/sitios-de-citas-sexuales-casuales-gratis\/#webpage","url":"https:\/\/nosesso.net\/es\/sitios-de-citas-sexuales-casuales-gratis\/","name":"Sitios de citas sexuales casuales gratis - No Sesso","isPartOf":{"@id":"https:\/\/nosesso.net\/#website"},"primaryImageOfPage":{"@id":"https:\/\/nosesso.net\/es\/sitios-de-citas-sexuales-casuales-gratis\/#primaryimage"},"datePublished":"2022-06-23T10:47:57+00:00","dateModified":"2022-06-23T10:47:57+00:00","breadcrumb":{"@id":"https:\/\/nosesso.net\/es\/sitios-de-citas-sexuales-casuales-gratis\/#breadcrumb"},"inLanguage":"es","potentialAction":[{"@type":"ReadAction","target":["https:\/\/nosesso.net\/es\/sitios-de-citas-sexuales-casuales-gratis\/"]}]},{"@type":"BreadcrumbList","@id":"https:\/\/nosesso.net\/es\/sitios-de-citas-sexuales-casuales-gratis\/#breadcrumb","itemListElement":[{"@type":"ListItem","position":1,"name":"Home","item":"http:\/\/nosesso.net\/es\/"},{"@type":"ListItem","position":2,"name":"Sitios de citas sexuales casuales gratis"}]}]}},"_links":{"self":[{"href":"https:\/\/nosesso.net\/es\/wp-json\/wp\/v2\/pages\/162"}],"collection":[{"href":"https:\/\/nosesso.net\/es\/wp-json\/wp\/v2\/pages"}],"about":[{"href":"https:\/\/nosesso.net\/es\/wp-json\/wp\/v2\/types\/page"}],"author":[{"embeddable":true,"href":"https:\/\/nosesso.net\/es\/wp-json\/wp\/v2\/users\/1"}],"replies":[{"embeddable":true,"href":"https:\/\/nosesso.net\/es\/wp-json\/wp\/v2\/comments?post=162"}],"version-history":[{"count":0,"href":"https:\/\/nosesso.net\/es\/wp-json\/wp\/v2\/pages\/162\/revisions"}],"wp:attachment":[{"href":"https:\/\/nosesso.net\/es\/wp-json\/wp\/v2\/media?parent=162"}],"curies":[{"name":"wp","href":"https:\/\/api.w.org\/{rel}","templated":true}]}}