{"id":181,"date":"2022-06-23T11:41:21","date_gmt":"2022-06-23T10:41:21","guid":{"rendered":"http:\/\/nosesso.net\/guia-de-conexion-sexual\/"},"modified":"2022-07-18T16:33:58","modified_gmt":"2022-07-18T15:33:58","slug":"guia-de-conexion-sexual","status":"publish","type":"page","link":"https:\/\/nosesso.net\/es\/","title":{"rendered":"Gu\u00eda de conexi\u00f3n sexual"},"content":{"rendered":"<p>Las citas para adultos son una excelente manera de conocer nuevos amigos, hacer nuevas conexiones e incluso encontrar el amor. Pero no siempre es f\u00e1cil comenzar.<\/p>\n<p>Esta gu\u00eda lo ayudar\u00e1 a aprender todo lo que necesita saber sobre las citas de adultos, que incluye:<\/p>\n<p>Qu\u00e9 sitios de citas para adultos est\u00e1n disponibles<\/p>\n<ul>\n<li>C\u00f3mo elegir el sitio adecuado para usted<\/li>\n<li>C\u00f3mo crear un perfil que se note<\/li>\n<li>C\u00f3mo atraer la atenci\u00f3n de posibles fechas<\/li>\n<li>C\u00f3mo responder a los mensajes<\/li>\n<li>C\u00f3mo configurar una cuenta de prueba gratuita<\/li>\n<li>Y mucho m\u00e1s<\/li>\n<\/ul>\n<p><img loading=\"lazy\" class=\"aligncenter size-full wp-image-57\" src=\"http:\/\/nosesso.net\/wp-content\/uploads\/2022\/06\/online-hookup-sites.jpeg\" alt=\"\" width=\"500\" height=\"750\" srcset=\"https:\/\/nosesso.net\/wp-content\/uploads\/2022\/06\/online-hookup-sites.jpeg 500w, https:\/\/nosesso.net\/wp-content\/uploads\/2022\/06\/online-hookup-sites-200x300.jpeg 200w\" sizes=\"(max-width: 500px) 100vw, 500px\" \/><\/p>\n<h2>\u00bfQu\u00e9 significa No Sesso para ti?<\/h2>\n<p>Una de las mejores partes de las citas sexuales es que son completamente an\u00f3nimas. No se requieren datos personales para registrarse, y nadie necesita saber nada m\u00e1s sobre usted adem\u00e1s de sus preferencias. Esto significa que puedes ser t\u00fa mismo sin preocuparte por revelar ning\u00fan secreto embarazoso.<\/p>\n<p>Una vez que haya encontrado a alguien con quien le gustar\u00eda salir <a href=\"https:\/\/www.citas-gratis.com\">Citas-Gratis.com<\/a>, puede configurar un lugar y una hora de reuni\u00f3n. Los sitios de citas sexuales generalmente ofrecen varias opciones para organizar citas, incluidos mensajes de texto, llamadas telef\u00f3nicas, chats de video y reuniones cara a cara.<\/p>\n<p>El \u00faltimo paso es tener relaciones sexuales. Mientras que algunas personas disfrutan tener <a href=\"http:\/\/nosesso.net\/es\/que-aplicacion-es-la-mejor-para-affiars\/\">relaciones sexuales con extra\u00f1os, otras<\/a> se sienten inc\u00f3modas al hacerlo. Para protegerse, siempre elija un lugar que sea seguro y privado.<\/p>\n<p>El sexo casual es un tema muy popular en l\u00ednea. Parece que todo el mundo quiere hablar de ello, y es f\u00e1cil entender por qu\u00e9. Hay muchas razones diferentes por las que las personas disfrutan del sexo casual, incluido el hecho de que es divertido, emocionante y gratuito.<\/p>\n<p>Hay muchos<a href=\"http:\/\/nosesso.net\/es\/sitios-de-conexion-gratuitos\/\">sitios de conexi\u00f3n de f ree donde puedes<\/a> conocer a otras personas que est\u00e1n interesadas en el sexo casual. Estos sitios le permiten navegar a trav\u00e9s de perfiles de personas que buscan sexo casual, y puede enviarles un mensaje directamente si lo desea.<\/p>\n<h3>\u00bfC\u00f3mo podemos ayudarlo a encontrar citas con sitios de conexi\u00f3n?<\/h3>\n<p>El sexo local se ha vuelto cada vez m\u00e1s popular en los \u00faltimos a\u00f1os. No es de extra\u00f1ar <a href=\"https:\/\/www.sites-de-encontros.com\">Sites-de-Encontros.com<\/a> que cada vez m\u00e1s personas recurran a los recursos en l\u00ednea para conocer a otros solteros que comparten intereses similares.<\/p>\n<p>Ya sea que est\u00e9 interesado en encuentros casuales o relaciones a largo plazo, los sitios de sexo locales ofrecen una forma conveniente de conectarse con otras personas que comparten sus deseos. Estos sitios le permiten navegar a trav\u00e9s de los perfiles de los miembros en funci\u00f3n de la ubicaci\u00f3n, la edad y las preferencias sexuales.<\/p>\n<p>Hay muchos tipos diferentes de sitios de sexo locales <a href=\"http:\/\/www.citas-con-mujeres.com\">www.citas-con-mujeres.com<\/a> disponibles hoy en d\u00eda. Algunos se centran \u00fanicamente en encuentros casuales, mientras que otros atienden espec\u00edficamente a parejas que desean explorar su sexualidad juntos. La mejor parte es que estos sitios son gratuitos para unirse, lo que los hace f\u00e1ciles de acceder y usar.<\/p>\n<p>Con tantas opciones disponibles, es dif\u00edcil decidir por d\u00f3nde empezar. Comience navegando por nuestra colecci\u00f3n de los 10 mejores sitios de sexo locales para obtener m\u00e1s informaci\u00f3n sobre cada opci\u00f3n. Luego, lea las rese\u00f1as de usuarios reales para determinar si vale la pena unirse a alguno de ellos.<\/p>\n<h3>\u00bfLas citas en l\u00ednea realmente funcionan?<\/h3>\n<p>Las citas sexuales son un tipo de citas en l\u00ednea donde las personas se conocen a trav\u00e9s del inter\u00e9s mutuo en el sexo. Es diferente de otros tipos de citas en l\u00ednea porque no requiere una relaci\u00f3n entre dos personas. En cambio, permite que las personas que est\u00e1n interesadas en encuentros sexuales casuales se conecten entre s\u00ed.<\/p>\n<p>En la mayor\u00eda de los casos, los sitios de citas sexuales son gratuitos para unirse. Sin embargo, si prefiere pagar la membres\u00eda premium, generalmente puede registrarse para obtener una tarifa de suscripci\u00f3n mensual. Una vez que haya creado un perfil, podr\u00e1 navegar por los perfiles de otros miembros y enviar mensajes a socios potenciales.<\/p>\n<p>Si bien muchos sitios de citas sexuales le permiten crear un perfil <a href=\"http:\/\/www.solteros-locales.com\">www.solteros-locales.com<\/a>, otros requieren que complete un cuestionario antes de que se le permita registrarse. Algunos sitios hacen preguntas sobre su edad, g\u00e9nero, etnia, religi\u00f3n, estado civil, ocupaci\u00f3n, pasatiempos e intereses.<\/p>\n<p>Una vez que haya completado estos formularios, recibir\u00e1 un correo electr\u00f3nico de confirmaci\u00f3n que le informar\u00e1 si su registro fue exitoso. Si fue aceptado en la comunidad, se le dar\u00e1 acceso a las funciones del sitio.<\/p>\n<h3>\u00bfDe qu\u00e9 debes tener cuidado?<\/h3>\n<p>Es importante recordar que este tipo de sitios no siempre son seguros. Aseg\u00farese de leer las rese\u00f1as y hacer preguntas antes de registrarse en cualquier tipo de servicio de citas. No proporcione informaci\u00f3n personal hasta que est\u00e9 absolutamente seguro de que conf\u00eda en la persona con la que est\u00e1 hablando.<\/p>\n<p>Adem\u00e1s, tenga cuidado de no compartir demasiada informaci\u00f3n personal a <a href=\"https:\/\/www.sites-de-namoro.com\">Sites-de-Namoro.com<\/a>. Algunas personas pueden intentar estafarte con dinero o robar tu identidad. Mant\u00e9n la guardia alta y prot\u00e9gete de los estafadores.<\/p>\n<p>No olvides compartir tus propias experiencias con el sexo casual. Cu\u00e9ntanos sobre los mejores lugares para conocer gente para el sexo casual y deja que otros sepan lo que aprendiste.<\/p>\n<p><a href=\"http:\/\/nosesso.net\/es\/por-que-las-aplicaciones-de-conexion-local-podrian-ser-adecuadas-para-usted\/\">Las conexiones locales<\/a> se est\u00e1n volviendo cada vez m\u00e1s populares entre los solteros que est\u00e1n cansados del juego de relaciones a larga distancia. Es f\u00e1cil conocer a alguien local si est\u00e1s dispuesto a esforzarte.<\/p>\n<p>Para comenzar, deber\u00e1 crear un perfil en una aplicaci\u00f3n de citas como Tinder o Bumble. Una vez que haya hecho eso, puede navegar a trav\u00e9s de los perfiles hasta que encuentre a alguien que le llame la atenci\u00f3n. Luego, puede enviarles un mensaje y pedirles que salgan en una cita.<\/p>\n<p>Es importante recordar que las aplicaciones de citas en l\u00ednea no son solo para conocer extra\u00f1os; tambi\u00e9n son un gran lugar para conectarse con amigos y familiares. Por lo tanto, si est\u00e1 buscando una conexi\u00f3n casual, intente buscar coincidencias desde su tel\u00e9fono en lugar de ir directamente a un bar o club.<\/p>\n<p>Una vez que haya encontrado a alguien que parezca interesado en usted, puede decidir si desea continuar hablando con ellos. Si terminas teniendo una conversaci\u00f3n, aseg\u00farate de seguir estos consejos para evitar ser estafado.<\/p>\n","protected":false},"excerpt":{"rendered":"<p>Las citas para adultos son una excelente manera de conocer nuevos amigos, hacer nuevas conexiones e incluso encontrar el amor. Pero no siempre es f\u00e1cil comenzar. Esta gu\u00eda lo ayudar\u00e1 a aprender todo lo que necesita saber sobre las citas de adultos, que incluye: Qu\u00e9 sitios de citas para adultos est\u00e1n disponibles C\u00f3mo elegir el &#8230; <a title=\"Gu\u00eda de conexi\u00f3n sexual\" class=\"read-more\" href=\"https:\/\/nosesso.net\/es\/\" aria-label=\"M\u00e1s en Gu\u00eda de conexi\u00f3n sexual\">Leer m\u00e1s<\/a><\/p>\n","protected":false},"author":1,"featured_media":0,"parent":0,"menu_order":0,"comment_status":"closed","ping_status":"closed","template":"","meta":[],"yoast_head":"<!-- This site is optimized with the Yoast SEO plugin v17.7.1 - https:\/\/yoast.com\/wordpress\/plugins\/seo\/ -->\n<title>Gu\u00eda de conexi\u00f3n sexual - No Sesso<\/title>\n<meta name=\"robots\" content=\"index, follow, max-snippet:-1, max-image-preview:large, max-video-preview:-1\" \/>\n<link rel=\"canonical\" href=\"https:\/\/nosesso.net\/es\/\" \/>\n<meta property=\"og:locale\" content=\"es_ES\" \/>\n<meta property=\"og:type\" content=\"article\" \/>\n<meta property=\"og:title\" content=\"Gu\u00eda de conexi\u00f3n sexual - No Sesso\" \/>\n<meta property=\"og:description\" content=\"Las citas para adultos son una excelente manera de conocer nuevos amigos, hacer nuevas conexiones e incluso encontrar el amor. Pero no siempre es f\u00e1cil comenzar. Esta gu\u00eda lo ayudar\u00e1 a aprender todo lo que necesita saber sobre las citas de adultos, que incluye: Qu\u00e9 sitios de citas para adultos est\u00e1n disponibles C\u00f3mo elegir el ... Leer m\u00e1s\" \/>\n<meta property=\"og:url\" content=\"https:\/\/nosesso.net\/es\/\" \/>\n<meta property=\"og:site_name\" content=\"No Sesso\" \/>\n<meta property=\"article:modified_time\" content=\"2022-07-18T15:33:58+00:00\" \/>\n<meta property=\"og:image\" content=\"http:\/\/nosesso.net\/wp-content\/uploads\/2022\/06\/online-hookup-sites.jpeg\" \/>\n<meta name=\"twitter:card\" content=\"summary_large_image\" \/>\n<meta name=\"twitter:label1\" content=\"Tiempo de lectura\" \/>\n\t<meta name=\"twitter:data1\" content=\"5 minutos\" \/>\n<script type=\"application\/ld+json\" class=\"yoast-schema-graph\">{\"@context\":\"https:\/\/schema.org\",\"@graph\":[{\"@type\":\"WebSite\",\"@id\":\"https:\/\/nosesso.net\/#website\",\"url\":\"https:\/\/nosesso.net\/\",\"name\":\"No Sesso\",\"description\":\"Real Dating Reviews\",\"potentialAction\":[{\"@type\":\"SearchAction\",\"target\":{\"@type\":\"EntryPoint\",\"urlTemplate\":\"https:\/\/nosesso.net\/?s={search_term_string}\"},\"query-input\":\"required name=search_term_string\"}],\"inLanguage\":\"es\"},{\"@type\":\"ImageObject\",\"@id\":\"https:\/\/nosesso.net\/es\/#primaryimage\",\"inLanguage\":\"es\",\"url\":\"http:\/\/nosesso.net\/wp-content\/uploads\/2022\/06\/online-hookup-sites.jpeg\",\"contentUrl\":\"http:\/\/nosesso.net\/wp-content\/uploads\/2022\/06\/online-hookup-sites.jpeg\"},{\"@type\":\"WebPage\",\"@id\":\"https:\/\/nosesso.net\/es\/#webpage\",\"url\":\"https:\/\/nosesso.net\/es\/\",\"name\":\"Gu\\u00eda de conexi\\u00f3n sexual - No Sesso\",\"isPartOf\":{\"@id\":\"https:\/\/nosesso.net\/#website\"},\"primaryImageOfPage\":{\"@id\":\"https:\/\/nosesso.net\/es\/#primaryimage\"},\"datePublished\":\"2022-06-23T10:41:21+00:00\",\"dateModified\":\"2022-07-18T15:33:58+00:00\",\"breadcrumb\":{\"@id\":\"https:\/\/nosesso.net\/es\/#breadcrumb\"},\"inLanguage\":\"es\",\"potentialAction\":[{\"@type\":\"ReadAction\",\"target\":[\"https:\/\/nosesso.net\/es\/\"]}]},{\"@type\":\"BreadcrumbList\",\"@id\":\"https:\/\/nosesso.net\/es\/#breadcrumb\",\"itemListElement\":[{\"@type\":\"ListItem\",\"position\":1,\"name\":\"Home\",\"item\":\"https:\/\/nosesso.net\/es\/\"},{\"@type\":\"ListItem\",\"position\":2,\"name\":\"Gu\\u00eda de conexi\\u00f3n sexual\"}]}]}<\/script>\n<!-- \/ Yoast SEO plugin. -->","yoast_head_json":{"title":"Gu\u00eda de conexi\u00f3n sexual - No Sesso","robots":{"index":"index","follow":"follow","max-snippet":"max-snippet:-1","max-image-preview":"max-image-preview:large","max-video-preview":"max-video-preview:-1"},"canonical":"https:\/\/nosesso.net\/es\/","og_locale":"es_ES","og_type":"article","og_title":"Gu\u00eda de conexi\u00f3n sexual - No Sesso","og_description":"Las citas para adultos son una excelente manera de conocer nuevos amigos, hacer nuevas conexiones e incluso encontrar el amor. Pero no siempre es f\u00e1cil comenzar. Esta gu\u00eda lo ayudar\u00e1 a aprender todo lo que necesita saber sobre las citas de adultos, que incluye: Qu\u00e9 sitios de citas para adultos est\u00e1n disponibles C\u00f3mo elegir el ... Leer m\u00e1s","og_url":"https:\/\/nosesso.net\/es\/","og_site_name":"No Sesso","article_modified_time":"2022-07-18T15:33:58+00:00","og_image":[{"url":"http:\/\/nosesso.net\/wp-content\/uploads\/2022\/06\/online-hookup-sites.jpeg"}],"twitter_card":"summary_large_image","twitter_misc":{"Tiempo de lectura":"5 minutos"},"schema":{"@context":"https:\/\/schema.org","@graph":[{"@type":"WebSite","@id":"https:\/\/nosesso.net\/#website","url":"https:\/\/nosesso.net\/","name":"No Sesso","description":"Real Dating Reviews","potentialAction":[{"@type":"SearchAction","target":{"@type":"EntryPoint","urlTemplate":"https:\/\/nosesso.net\/?s={search_term_string}"},"query-input":"required name=search_term_string"}],"inLanguage":"es"},{"@type":"ImageObject","@id":"https:\/\/nosesso.net\/es\/#primaryimage","inLanguage":"es","url":"http:\/\/nosesso.net\/wp-content\/uploads\/2022\/06\/online-hookup-sites.jpeg","contentUrl":"http:\/\/nosesso.net\/wp-content\/uploads\/2022\/06\/online-hookup-sites.jpeg"},{"@type":"WebPage","@id":"https:\/\/nosesso.net\/es\/#webpage","url":"https:\/\/nosesso.net\/es\/","name":"Gu\u00eda de conexi\u00f3n sexual - No Sesso","isPartOf":{"@id":"https:\/\/nosesso.net\/#website"},"primaryImageOfPage":{"@id":"https:\/\/nosesso.net\/es\/#primaryimage"},"datePublished":"2022-06-23T10:41:21+00:00","dateModified":"2022-07-18T15:33:58+00:00","breadcrumb":{"@id":"https:\/\/nosesso.net\/es\/#breadcrumb"},"inLanguage":"es","potentialAction":[{"@type":"ReadAction","target":["https:\/\/nosesso.net\/es\/"]}]},{"@type":"BreadcrumbList","@id":"https:\/\/nosesso.net\/es\/#breadcrumb","itemListElement":[{"@type":"ListItem","position":1,"name":"Home","item":"https:\/\/nosesso.net\/es\/"},{"@type":"ListItem","position":2,"name":"Gu\u00eda de conexi\u00f3n sexual"}]}]}},"_links":{"self":[{"href":"https:\/\/nosesso.net\/es\/wp-json\/wp\/v2\/pages\/181"}],"collection":[{"href":"https:\/\/nosesso.net\/es\/wp-json\/wp\/v2\/pages"}],"about":[{"href":"https:\/\/nosesso.net\/es\/wp-json\/wp\/v2\/types\/page"}],"author":[{"embeddable":true,"href":"https:\/\/nosesso.net\/es\/wp-json\/wp\/v2\/users\/1"}],"replies":[{"embeddable":true,"href":"https:\/\/nosesso.net\/es\/wp-json\/wp\/v2\/comments?post=181"}],"version-history":[{"count":2,"href":"https:\/\/nosesso.net\/es\/wp-json\/wp\/v2\/pages\/181\/revisions"}],"predecessor-version":[{"id":293,"href":"https:\/\/nosesso.net\/es\/wp-json\/wp\/v2\/pages\/181\/revisions\/293"}],"wp:attachment":[{"href":"https:\/\/nosesso.net\/es\/wp-json\/wp\/v2\/media?parent=181"}],"curies":[{"name":"wp","href":"https:\/\/api.w.org\/{rel}","templated":true}]}}