{"id":232,"date":"2022-06-23T11:51:14","date_gmt":"2022-06-23T10:51:14","guid":{"rendered":"http:\/\/nosesso.net\/paikalliset-kytkentapaikat\/"},"modified":"2022-06-23T11:51:14","modified_gmt":"2022-06-23T10:51:14","slug":"paikalliset-kytkentapaikat","status":"publish","type":"page","link":"https:\/\/nosesso.net\/fi\/paikalliset-kytkentapaikat\/","title":{"rendered":"Paikalliset kytkent\u00e4paikat"},"content":{"rendered":"<p>Koukuttaminen on hauskaa, j\u00e4nnitt\u00e4v\u00e4\u00e4 ja joskus jopa romanttista. Mutta jos etsit paikallista kytkent\u00e4paikkaa, saatat olla pettynyt. T\u00e4m\u00e4 johtuu siit\u00e4, ett\u00e4 <a href=\"http:\/\/nosesso.net\/free-casual-sex-dating-sites\/\">useimmat kytkent\u00e4sovellukset<\/a> on suunniteltu yhdist\u00e4m\u00e4\u00e4n ihmisi\u00e4, jotka ovat kaukana toisistaan.<\/p>\n<p>Mutta on paljon paikkoja, joissa voit tavata jonkun l\u00e4hell\u00e4. Etsitp\u00e4 sitten rentoa seksi\u00e4 tai suhdetta, n\u00e4m\u00e4 paikat tarjoavat turvallisen ymp\u00e4rist\u00f6n, jossa voit nauttia olostasi ilman, ett\u00e4 sinun tarvitsee huolehtia siit\u00e4, ett\u00e4 sinut tuomitaan tai hyl\u00e4t\u00e4\u00e4n.<\/p>\n<p><img loading=\"lazy\" class=\"aligncenter size-full wp-image-54\" src=\"http:\/\/nosesso.net\/wp-content\/uploads\/2022\/06\/find-dates.jpeg\" alt=\"\" width=\"500\" height=\"750\" srcset=\"https:\/\/nosesso.net\/wp-content\/uploads\/2022\/06\/find-dates.jpeg 500w, https:\/\/nosesso.net\/wp-content\/uploads\/2022\/06\/find-dates-200x300.jpeg 200w\" sizes=\"(max-width: 500px) 100vw, 500px\" \/><\/p>\n<p>T\u00e4ss\u00e4 on viisi suosittua kytkent\u00e4paikkaa l\u00e4hell\u00e4si:<\/p>\n<h3>1. Julkiset puistot<\/h3>\n<p>Julkiset puistot sopivat erinomaisesti sinkkujen tapaamiseen. S\u00e4\u00e4nt\u00f6j\u00e4 tai odotuksia ei ole, joten voit vain rentoutua ja nauttia olostasi. Lis\u00e4ksi t\u00f6rm\u00e4\u00e4t todenn\u00e4k\u00f6isesti moniin muihin ihmisiin, jotka tekev\u00e4t saman asian.<\/p>\n<h3>2. Baarit<\/h3>\n<p>Baarit ovat toinen loistava paikka tavata ihmisi\u00e4. Ihmisill\u00e4 on tapana hengailla baareissa t\u00f6iden j\u00e4lkeen, joten on helppo aloittaa keskusteluja tuntemattomien kanssa.<\/p>\n<h3>3. Kahvilat<\/h3>\n<p>Kahvilat ovat loistava paikka tavata ihmisi\u00e4, varsinkin jos etsit jotain vakavaa. Se on matalapaineasetus, joten voit puhua vapaasti ja avoimesti mist\u00e4 tahansa.<\/p>\n<h3>4. Kirjastot<\/h3>\n<p>Kirjastot ovat loistava paikka <a href=\"http:\/\/nosesso.net\/where-to-find-people-of-similar-interests\/\">l\u00f6yt\u00e4\u00e4 rakkautta<\/a>. Ne eiv\u00e4t ole vain ilmaisia, vaan ne ovat my\u00f6s hiljaisia ja rentouttavia. Ja koska sinua ymp\u00e4r\u00f6iv\u00e4t kirjat, tunnet olosi mukavammaksi puhua henkil\u00f6kohtaisista aiheista.<\/p>\n<h3>5. Hotellit<\/h3>\n<p>Hotellit ovat loistava paikka menn\u00e4, jos etsit aikaa yksin. Sinulla voi olla yksityisyytt\u00e4 ja silti olla tarpeeksi l\u00e4hell\u00e4 muita ihmisi\u00e4, jotta voit helposti tavata uusia yst\u00e4vi\u00e4.<\/p>\n<p>Joten etsitp\u00e4 sitten yhden y\u00f6n juttua tai pitk\u00e4aikaista suhdetta, n\u00e4m\u00e4 paikat ovat loistava vaihtoehto.<\/p>\n<h3>6. Seksitreffisovellukset<\/h3>\n<p>Nyky\u00e4\u00e4n on saatavilla monia erilaisia seksitreffisivustoja, mukaan lukien ne, jotka keskittyv\u00e4t tiettyihin ik\u00e4ryhmiin, etnisiin ryhmiin ja paikkoihin. Jotkut sivustot keskittyv\u00e4t yksinomaan aikuisten suhteisiin, kun taas toiset palvelevat kaikkia teini-ik\u00e4isist\u00e4 el\u00e4kel\u00e4isiin.<\/p>\n<p>Riippumatta siit\u00e4, miss\u00e4 p\u00e4\u00e4t\u00e4t rekister\u00f6ity\u00e4, varmista, ett\u00e4 valitset hyv\u00e4maineisen palvelun. Tarkista arvostelut ja arviot ja selvit\u00e4, onko tietyll\u00e4 sivustolla maine luotettavana vai ei. Harkitse my\u00f6s j\u00e4senyyden kustannuksia; jos aiot maksaa tilauksesta, voit yht\u00e4 hyvin saada vastinetta rahoillesi.<\/p>\n<p>Kun olet rekister\u00f6itynyt, saat sivustolta s\u00e4hk\u00f6postiviestej\u00e4, joissa sinua pyydet\u00e4\u00e4n t\u00e4ytt\u00e4m\u00e4\u00e4n profiilikysymykset ja lataamaan valokuvia. Kun olet tehnyt n\u00e4m\u00e4 teht\u00e4v\u00e4t, voit selata muiden j\u00e4senten profiileja. T\u00e4m\u00e4n j\u00e4lkeen voit l\u00e4hett\u00e4\u00e4 viestin kenelle tahansa, jonka haluat tavata.<\/p>\n<p>Kun olet l\u00f6yt\u00e4nyt jonkun, jonka kanssa haluat puhua, voit j\u00e4rjest\u00e4\u00e4 tapaamisen henkil\u00f6kohtaisesti. Seksitreffisivustot tarjoavat yleens\u00e4 j\u00e4senille erilaisia tapoja kommunikoida kesken\u00e4\u00e4n, mukaan lukien tekstiviestit, puhelut, videopuhelut ja pikaviestit.<\/p>\n<p>Yleisin viestint\u00e4tapa on tekstiviestit. Jotkin sivustot sallivat kuitenkin my\u00f6s j\u00e4senten l\u00e4hett\u00e4\u00e4 vastaajaviestej\u00e4 tai k\u00e4ytt\u00e4\u00e4 sovelluksia \u00e4\u00e4niviestien tallentamiseen. Mit\u00e4 enemm\u00e4n vaihtoehtoja sinulla on, sit\u00e4 helpompaa on m\u00e4\u00e4ritt\u00e4\u00e4 p\u00e4iv\u00e4m\u00e4\u00e4r\u00e4t muiden j\u00e4senten kanssa.<\/p>\n","protected":false},"excerpt":{"rendered":"<p>Koukuttaminen on hauskaa, j\u00e4nnitt\u00e4v\u00e4\u00e4 ja joskus jopa romanttista. Mutta jos etsit paikallista kytkent\u00e4paikkaa, saatat olla pettynyt. T\u00e4m\u00e4 johtuu siit\u00e4, ett\u00e4 useimmat kytkent\u00e4sovellukset on suunniteltu yhdist\u00e4m\u00e4\u00e4n ihmisi\u00e4, jotka ovat kaukana toisistaan. Mutta on paljon paikkoja, joissa voit tavata jonkun l\u00e4hell\u00e4. Etsitp\u00e4 sitten rentoa seksi\u00e4 tai suhdetta, n\u00e4m\u00e4 paikat tarjoavat turvallisen ymp\u00e4rist\u00f6n, jossa voit nauttia olostasi ilman, &#8230; <a title=\"Paikalliset kytkent\u00e4paikat\" class=\"read-more\" href=\"https:\/\/nosesso.net\/fi\/paikalliset-kytkentapaikat\/\" aria-label=\"Lis\u00e4\u00e4 Paikalliset kytkent\u00e4paikat\">Lue lis\u00e4\u00e4<\/a><\/p>\n","protected":false},"author":1,"featured_media":0,"parent":0,"menu_order":0,"comment_status":"closed","ping_status":"closed","template":"","meta":[],"yoast_head":"<!-- This site is optimized with the Yoast SEO plugin v17.7.1 - https:\/\/yoast.com\/wordpress\/plugins\/seo\/ -->\n<title>Paikalliset kytkent\u00e4paikat - No Sesso<\/title>\n<meta name=\"robots\" content=\"index, follow, max-snippet:-1, max-image-preview:large, max-video-preview:-1\" \/>\n<link rel=\"canonical\" href=\"https:\/\/nosesso.net\/fi\/paikalliset-kytkentapaikat\/\" \/>\n<meta property=\"og:locale\" content=\"fi_FI\" \/>\n<meta property=\"og:type\" content=\"article\" \/>\n<meta property=\"og:title\" content=\"Paikalliset kytkent\u00e4paikat - No Sesso\" \/>\n<meta property=\"og:description\" content=\"Koukuttaminen on hauskaa, j\u00e4nnitt\u00e4v\u00e4\u00e4 ja joskus jopa romanttista. Mutta jos etsit paikallista kytkent\u00e4paikkaa, saatat olla pettynyt. T\u00e4m\u00e4 johtuu siit\u00e4, ett\u00e4 useimmat kytkent\u00e4sovellukset on suunniteltu yhdist\u00e4m\u00e4\u00e4n ihmisi\u00e4, jotka ovat kaukana toisistaan. Mutta on paljon paikkoja, joissa voit tavata jonkun l\u00e4hell\u00e4. Etsitp\u00e4 sitten rentoa seksi\u00e4 tai suhdetta, n\u00e4m\u00e4 paikat tarjoavat turvallisen ymp\u00e4rist\u00f6n, jossa voit nauttia olostasi ilman, ... Lue lis\u00e4\u00e4\" \/>\n<meta property=\"og:url\" content=\"https:\/\/nosesso.net\/fi\/paikalliset-kytkentapaikat\/\" \/>\n<meta property=\"og:site_name\" content=\"No Sesso\" \/>\n<meta property=\"og:image\" content=\"http:\/\/nosesso.net\/wp-content\/uploads\/2022\/06\/find-dates.jpeg\" \/>\n<meta name=\"twitter:card\" content=\"summary_large_image\" \/>\n<meta name=\"twitter:label1\" content=\"Arvioitu lukuaika\" \/>\n\t<meta name=\"twitter:data1\" content=\"2 minuuttia\" \/>\n<script type=\"application\/ld+json\" class=\"yoast-schema-graph\">{\"@context\":\"https:\/\/schema.org\",\"@graph\":[{\"@type\":\"WebSite\",\"@id\":\"https:\/\/nosesso.net\/#website\",\"url\":\"https:\/\/nosesso.net\/\",\"name\":\"No Sesso\",\"description\":\"Real Dating Reviews\",\"potentialAction\":[{\"@type\":\"SearchAction\",\"target\":{\"@type\":\"EntryPoint\",\"urlTemplate\":\"https:\/\/nosesso.net\/?s={search_term_string}\"},\"query-input\":\"required name=search_term_string\"}],\"inLanguage\":\"fi\"},{\"@type\":\"ImageObject\",\"@id\":\"https:\/\/nosesso.net\/fi\/paikalliset-kytkentapaikat\/#primaryimage\",\"inLanguage\":\"fi\",\"url\":\"http:\/\/nosesso.net\/wp-content\/uploads\/2022\/06\/find-dates.jpeg\",\"contentUrl\":\"http:\/\/nosesso.net\/wp-content\/uploads\/2022\/06\/find-dates.jpeg\"},{\"@type\":\"WebPage\",\"@id\":\"https:\/\/nosesso.net\/fi\/paikalliset-kytkentapaikat\/#webpage\",\"url\":\"https:\/\/nosesso.net\/fi\/paikalliset-kytkentapaikat\/\",\"name\":\"Paikalliset kytkent\\u00e4paikat - No Sesso\",\"isPartOf\":{\"@id\":\"https:\/\/nosesso.net\/#website\"},\"primaryImageOfPage\":{\"@id\":\"https:\/\/nosesso.net\/fi\/paikalliset-kytkentapaikat\/#primaryimage\"},\"datePublished\":\"2022-06-23T10:51:14+00:00\",\"dateModified\":\"2022-06-23T10:51:14+00:00\",\"breadcrumb\":{\"@id\":\"https:\/\/nosesso.net\/fi\/paikalliset-kytkentapaikat\/#breadcrumb\"},\"inLanguage\":\"fi\",\"potentialAction\":[{\"@type\":\"ReadAction\",\"target\":[\"https:\/\/nosesso.net\/fi\/paikalliset-kytkentapaikat\/\"]}]},{\"@type\":\"BreadcrumbList\",\"@id\":\"https:\/\/nosesso.net\/fi\/paikalliset-kytkentapaikat\/#breadcrumb\",\"itemListElement\":[{\"@type\":\"ListItem\",\"position\":1,\"name\":\"Home\",\"item\":\"https:\/\/nosesso.net\/fi\/\"},{\"@type\":\"ListItem\",\"position\":2,\"name\":\"Paikalliset kytkent\\u00e4paikat\"}]}]}<\/script>\n<!-- \/ Yoast SEO plugin. -->","yoast_head_json":{"title":"Paikalliset kytkent\u00e4paikat - No Sesso","robots":{"index":"index","follow":"follow","max-snippet":"max-snippet:-1","max-image-preview":"max-image-preview:large","max-video-preview":"max-video-preview:-1"},"canonical":"https:\/\/nosesso.net\/fi\/paikalliset-kytkentapaikat\/","og_locale":"fi_FI","og_type":"article","og_title":"Paikalliset kytkent\u00e4paikat - No Sesso","og_description":"Koukuttaminen on hauskaa, j\u00e4nnitt\u00e4v\u00e4\u00e4 ja joskus jopa romanttista. Mutta jos etsit paikallista kytkent\u00e4paikkaa, saatat olla pettynyt. T\u00e4m\u00e4 johtuu siit\u00e4, ett\u00e4 useimmat kytkent\u00e4sovellukset on suunniteltu yhdist\u00e4m\u00e4\u00e4n ihmisi\u00e4, jotka ovat kaukana toisistaan. Mutta on paljon paikkoja, joissa voit tavata jonkun l\u00e4hell\u00e4. Etsitp\u00e4 sitten rentoa seksi\u00e4 tai suhdetta, n\u00e4m\u00e4 paikat tarjoavat turvallisen ymp\u00e4rist\u00f6n, jossa voit nauttia olostasi ilman, ... Lue lis\u00e4\u00e4","og_url":"https:\/\/nosesso.net\/fi\/paikalliset-kytkentapaikat\/","og_site_name":"No Sesso","og_image":[{"url":"http:\/\/nosesso.net\/wp-content\/uploads\/2022\/06\/find-dates.jpeg"}],"twitter_card":"summary_large_image","twitter_misc":{"Arvioitu lukuaika":"2 minuuttia"},"schema":{"@context":"https:\/\/schema.org","@graph":[{"@type":"WebSite","@id":"https:\/\/nosesso.net\/#website","url":"https:\/\/nosesso.net\/","name":"No Sesso","description":"Real Dating Reviews","potentialAction":[{"@type":"SearchAction","target":{"@type":"EntryPoint","urlTemplate":"https:\/\/nosesso.net\/?s={search_term_string}"},"query-input":"required name=search_term_string"}],"inLanguage":"fi"},{"@type":"ImageObject","@id":"https:\/\/nosesso.net\/fi\/paikalliset-kytkentapaikat\/#primaryimage","inLanguage":"fi","url":"http:\/\/nosesso.net\/wp-content\/uploads\/2022\/06\/find-dates.jpeg","contentUrl":"http:\/\/nosesso.net\/wp-content\/uploads\/2022\/06\/find-dates.jpeg"},{"@type":"WebPage","@id":"https:\/\/nosesso.net\/fi\/paikalliset-kytkentapaikat\/#webpage","url":"https:\/\/nosesso.net\/fi\/paikalliset-kytkentapaikat\/","name":"Paikalliset kytkent\u00e4paikat - No Sesso","isPartOf":{"@id":"https:\/\/nosesso.net\/#website"},"primaryImageOfPage":{"@id":"https:\/\/nosesso.net\/fi\/paikalliset-kytkentapaikat\/#primaryimage"},"datePublished":"2022-06-23T10:51:14+00:00","dateModified":"2022-06-23T10:51:14+00:00","breadcrumb":{"@id":"https:\/\/nosesso.net\/fi\/paikalliset-kytkentapaikat\/#breadcrumb"},"inLanguage":"fi","potentialAction":[{"@type":"ReadAction","target":["https:\/\/nosesso.net\/fi\/paikalliset-kytkentapaikat\/"]}]},{"@type":"BreadcrumbList","@id":"https:\/\/nosesso.net\/fi\/paikalliset-kytkentapaikat\/#breadcrumb","itemListElement":[{"@type":"ListItem","position":1,"name":"Home","item":"https:\/\/nosesso.net\/fi\/"},{"@type":"ListItem","position":2,"name":"Paikalliset kytkent\u00e4paikat"}]}]}},"_links":{"self":[{"href":"https:\/\/nosesso.net\/fi\/wp-json\/wp\/v2\/pages\/232"}],"collection":[{"href":"https:\/\/nosesso.net\/fi\/wp-json\/wp\/v2\/pages"}],"about":[{"href":"https:\/\/nosesso.net\/fi\/wp-json\/wp\/v2\/types\/page"}],"author":[{"embeddable":true,"href":"https:\/\/nosesso.net\/fi\/wp-json\/wp\/v2\/users\/1"}],"replies":[{"embeddable":true,"href":"https:\/\/nosesso.net\/fi\/wp-json\/wp\/v2\/comments?post=232"}],"version-history":[{"count":0,"href":"https:\/\/nosesso.net\/fi\/wp-json\/wp\/v2\/pages\/232\/revisions"}],"wp:attachment":[{"href":"https:\/\/nosesso.net\/fi\/wp-json\/wp\/v2\/media?parent=232"}],"curies":[{"name":"wp","href":"https:\/\/api.w.org\/{rel}","templated":true}]}}