{"id":234,"date":"2022-06-23T11:46:19","date_gmt":"2022-06-23T10:46:19","guid":{"rendered":"http:\/\/nosesso.net\/ilmaiset-kytkentasivustot\/"},"modified":"2022-06-23T11:46:19","modified_gmt":"2022-06-23T10:46:19","slug":"ilmaiset-kytkentasivustot","status":"publish","type":"page","link":"https:\/\/nosesso.net\/fi\/ilmaiset-kytkentasivustot\/","title":{"rendered":"Ilmaiset kytkent\u00e4sivustot"},"content":{"rendered":"<p>Paikallisista chat-sovelluksista on tullut yh\u00e4 suositumpia viime vuosina, eik\u00e4 ole yll\u00e4tys miksi. Online-treffisivustojen nousun my\u00f6t\u00e4 paikallisista kytkenn\u00f6ist\u00e4 on tullut helpompia kuin koskaan.<\/p>\n<p>Jos kuitenkin haluat tavata jonkun, joka asuu l\u00e4hell\u00e4, on parasta yritt\u00e4\u00e4 tavata ihmisi\u00e4 kasvokkain. T\u00e4ll\u00e4 tavalla voit todella puhua heid\u00e4n kanssaan ja tutustua toisiinsa. Se on my\u00f6s paljon turvallisempaa kuin yritt\u00e4\u00e4 <a href=\"http:\/\/nosesso.net\/types-of-hookup-sites\/\">tavata joku verkossa<\/a>.<\/p>\n<p>On monia eri tapoja tavata ihmisi\u00e4 paikallisesti, mukaan lukien yst\u00e4v\u00e4t, klubit, baarit, kahvilat ja paljon muuta. T\u00e4rkeint\u00e4 on l\u00f6yt\u00e4\u00e4 henkil\u00f6, jonka haluat tavata. Jos olet esimerkiksi kiinnostunut rennosta seksist\u00e4, saatat haluta liitty\u00e4 swingers-klubiin. Jos kuitenkin etsit suhdetta, voit yritt\u00e4\u00e4 liitty\u00e4 sinkkuryhm\u00e4\u00e4n.<\/p>\n<p><img loading=\"lazy\" class=\"aligncenter size-full wp-image-51\" src=\"http:\/\/nosesso.net\/wp-content\/uploads\/2022\/06\/love-again.webp\" alt=\"\" width=\"500\" height=\"750\" srcset=\"https:\/\/nosesso.net\/wp-content\/uploads\/2022\/06\/love-again.webp 500w, https:\/\/nosesso.net\/wp-content\/uploads\/2022\/06\/love-again-200x300.webp 200w\" sizes=\"(max-width: 500px) 100vw, 500px\" \/><\/p>\n<h2>Ole varovainen<\/h2>\n<p>Riippumatta siit\u00e4, miss\u00e4 p\u00e4\u00e4t\u00e4t tavata ihmisi\u00e4, muista olla turvassa. Varmista, ett\u00e4 k\u00e4yt\u00e4t aina suojaa seksin aikana. \u00c4l\u00e4 my\u00f6sk\u00e4\u00e4n koskaan anna henkil\u00f6kohtaisia tietoja kenellek\u00e4\u00e4n, jonka tapaat verkossa tai offline-tilassa.<\/p>\n<p>Seksitreffisivustot ovat yh\u00e4 suositumpia sinkkujen keskuudessa, jotka etsiv\u00e4t rakkautta verkossa. N\u00e4iden sivustojen avulla j\u00e4senet voivat tavata muita ihmisi\u00e4 yhteisten kiinnostuksen kohteiden, sijainnin, i\u00e4n, sukupuolen jne. Parhaat seksitreffisivustot tarjoavat ominaisuuksia, kuten chat-huoneita, valokuvagallerioita, videokeskusteluja ja keskustelupalstoja, joissa j\u00e4senet voivat olla vuorovaikutuksessa kesken\u00e4\u00e4n.<\/p>\n<p>Monet n\u00e4ist\u00e4 sivustoista tarjoavat my\u00f6s lis\u00e4palveluja, kuten mobiilisovelluksia, ilmaista j\u00e4senyytt\u00e4 ja maksullisia tilauksia. Seksitreffit ovat loistava vaihtoehto kaikille, jotka haluavat kokeilla <a href=\"http:\/\/nosesso.net\/why-local-hookup-apps-could-be-right-for-you\/\">rentoa treffailua<\/a> ilman, ett\u00e4 heid\u00e4n tarvitsee huolehtia sitoutumisesta.<\/p>\n<h2>Treffisovellusten tyypit<\/h2>\n<p>Seksitreffisivustoja on monia erilaisia, joten valitse tarpeisiisi sopiva. Jos esimerkiksi etsit pitk\u00e4aikaista suhdetta, kristillinen sivusto voi olla ihanteellinen. Jos kuitenkin haluat vain kokeilla, rento seksisivusto voisi toimia paremmin.<\/p>\n<p>On t\u00e4rke\u00e4\u00e4 muistaa, ett\u00e4 seksitreffit eiv\u00e4t aina ole turvallisia paikkoja tavata ihmisi\u00e4. Muista lukea aiempien k\u00e4ytt\u00e4jien arvosteluja ennen rekister\u00f6itymist\u00e4. \u00c4l\u00e4 my\u00f6sk\u00e4\u00e4n koskaan anna henkil\u00f6kohtaisia tietoja, kuten luottokorttinumeroita tai pankkitilitietoja.<\/p>\n<p>Verkossa on nyky\u00e4\u00e4n saatavilla monia erityyppisi\u00e4 rentoja treffisivustoja. Jotkut ovat ilmaisia, kun taas toiset vaativat maksua. On my\u00f6s monia eri tapoja tavata joku n\u00e4iden sivustojen kautta. Etsitp\u00e4 sitten nopeaa heittoa tai pitk\u00e4aikaista suhdetta, oikean henkil\u00f6n l\u00f6yt\u00e4minen voi olla vaikeaa.<\/p>\n<h3>Rennosti seurustelu verkossa<\/h3>\n<p>Yksi parhaista paikoista etsi\u00e4 potentiaalisia kumppaneita on satunnaisen treffisivuston kautta. N\u00e4iden sivustojen avulla voit selata profiileja ja viesti\u00e4 sinua kiinnostavia j\u00e4senille. Monet n\u00e4ist\u00e4 sivustoista tarjoavat ominaisuuksia, kuten chat-huoneita, pikaviestej\u00e4, videokeskusteluja ja valokuvien jakamista.<\/p>\n<p>N\u00e4m\u00e4 sivustot ovat t\u00e4ydellisi\u00e4, jos haluat tavata jonkun rennosti ilman, ett\u00e4 sinun tarvitsee maksaa j\u00e4senmaksua. Sinun on kuitenkin oltava varovainen, kun rekister\u00f6idyt n\u00e4ihin palveluihin. Varmista, ett\u00e4 luet muiden k\u00e4ytt\u00e4jien arvosteluja, jotta saat lis\u00e4tietoja kuhunkin palveluun liittyvist\u00e4 turvallisuusongelmista. Varmista my\u00f6s, ett\u00e4 valitset hyv\u00e4maineisen yrityksen v\u00e4ltt\u00e4\u00e4ksesi huijauksen.<\/p>\n<p>Jotkut suosituimmista rentoista treffisivustoista ovat Match.com, OkCupid, PlentyOfFish ja Tinder. Jokaisella n\u00e4ist\u00e4 sivustoista on omat ainutlaatuiset ominaisuutensa, joiden avulla on helppo muodostaa yhteys l\u00e4hell\u00e4 oleviin ihmisiin. Esimerkiksi Match.com avulla voit luoda profiilin ja ladata valokuvia. Sitten voit etsi\u00e4 osumia sijainnin, i\u00e4n, sukupuolen, seksuaalisen suuntautumisen ja muun perusteella.<\/p>\n","protected":false},"excerpt":{"rendered":"<p>Paikallisista chat-sovelluksista on tullut yh\u00e4 suositumpia viime vuosina, eik\u00e4 ole yll\u00e4tys miksi. Online-treffisivustojen nousun my\u00f6t\u00e4 paikallisista kytkenn\u00f6ist\u00e4 on tullut helpompia kuin koskaan. Jos kuitenkin haluat tavata jonkun, joka asuu l\u00e4hell\u00e4, on parasta yritt\u00e4\u00e4 tavata ihmisi\u00e4 kasvokkain. T\u00e4ll\u00e4 tavalla voit todella puhua heid\u00e4n kanssaan ja tutustua toisiinsa. Se on my\u00f6s paljon turvallisempaa kuin yritt\u00e4\u00e4 tavata joku &#8230; <a title=\"Ilmaiset kytkent\u00e4sivustot\" class=\"read-more\" href=\"https:\/\/nosesso.net\/fi\/ilmaiset-kytkentasivustot\/\" aria-label=\"Lis\u00e4\u00e4 Ilmaiset kytkent\u00e4sivustot\">Lue lis\u00e4\u00e4<\/a><\/p>\n","protected":false},"author":1,"featured_media":0,"parent":0,"menu_order":0,"comment_status":"closed","ping_status":"closed","template":"","meta":[],"yoast_head":"<!-- This site is optimized with the Yoast SEO plugin v17.7.1 - https:\/\/yoast.com\/wordpress\/plugins\/seo\/ -->\n<title>Ilmaiset kytkent\u00e4sivustot - No Sesso<\/title>\n<meta name=\"robots\" content=\"index, follow, max-snippet:-1, max-image-preview:large, max-video-preview:-1\" \/>\n<link rel=\"canonical\" href=\"https:\/\/nosesso.net\/fi\/ilmaiset-kytkentasivustot\/\" \/>\n<meta property=\"og:locale\" content=\"fi_FI\" \/>\n<meta property=\"og:type\" content=\"article\" \/>\n<meta property=\"og:title\" content=\"Ilmaiset kytkent\u00e4sivustot - No Sesso\" \/>\n<meta property=\"og:description\" content=\"Paikallisista chat-sovelluksista on tullut yh\u00e4 suositumpia viime vuosina, eik\u00e4 ole yll\u00e4tys miksi. Online-treffisivustojen nousun my\u00f6t\u00e4 paikallisista kytkenn\u00f6ist\u00e4 on tullut helpompia kuin koskaan. Jos kuitenkin haluat tavata jonkun, joka asuu l\u00e4hell\u00e4, on parasta yritt\u00e4\u00e4 tavata ihmisi\u00e4 kasvokkain. T\u00e4ll\u00e4 tavalla voit todella puhua heid\u00e4n kanssaan ja tutustua toisiinsa. Se on my\u00f6s paljon turvallisempaa kuin yritt\u00e4\u00e4 tavata joku ... Lue lis\u00e4\u00e4\" \/>\n<meta property=\"og:url\" content=\"https:\/\/nosesso.net\/fi\/ilmaiset-kytkentasivustot\/\" \/>\n<meta property=\"og:site_name\" content=\"No Sesso\" \/>\n<meta property=\"og:image\" content=\"http:\/\/nosesso.net\/wp-content\/uploads\/2022\/06\/love-again.webp\" \/>\n<meta name=\"twitter:card\" content=\"summary_large_image\" \/>\n<meta name=\"twitter:label1\" content=\"Arvioitu lukuaika\" \/>\n\t<meta name=\"twitter:data1\" content=\"2 minuuttia\" \/>\n<script type=\"application\/ld+json\" class=\"yoast-schema-graph\">{\"@context\":\"https:\/\/schema.org\",\"@graph\":[{\"@type\":\"WebSite\",\"@id\":\"https:\/\/nosesso.net\/#website\",\"url\":\"https:\/\/nosesso.net\/\",\"name\":\"No Sesso\",\"description\":\"Real Dating Reviews\",\"potentialAction\":[{\"@type\":\"SearchAction\",\"target\":{\"@type\":\"EntryPoint\",\"urlTemplate\":\"https:\/\/nosesso.net\/?s={search_term_string}\"},\"query-input\":\"required name=search_term_string\"}],\"inLanguage\":\"fi\"},{\"@type\":\"ImageObject\",\"@id\":\"https:\/\/nosesso.net\/fi\/ilmaiset-kytkentasivustot\/#primaryimage\",\"inLanguage\":\"fi\",\"url\":\"http:\/\/nosesso.net\/wp-content\/uploads\/2022\/06\/love-again.webp\",\"contentUrl\":\"http:\/\/nosesso.net\/wp-content\/uploads\/2022\/06\/love-again.webp\"},{\"@type\":\"WebPage\",\"@id\":\"https:\/\/nosesso.net\/fi\/ilmaiset-kytkentasivustot\/#webpage\",\"url\":\"https:\/\/nosesso.net\/fi\/ilmaiset-kytkentasivustot\/\",\"name\":\"Ilmaiset kytkent\\u00e4sivustot - No Sesso\",\"isPartOf\":{\"@id\":\"https:\/\/nosesso.net\/#website\"},\"primaryImageOfPage\":{\"@id\":\"https:\/\/nosesso.net\/fi\/ilmaiset-kytkentasivustot\/#primaryimage\"},\"datePublished\":\"2022-06-23T10:46:19+00:00\",\"dateModified\":\"2022-06-23T10:46:19+00:00\",\"breadcrumb\":{\"@id\":\"https:\/\/nosesso.net\/fi\/ilmaiset-kytkentasivustot\/#breadcrumb\"},\"inLanguage\":\"fi\",\"potentialAction\":[{\"@type\":\"ReadAction\",\"target\":[\"https:\/\/nosesso.net\/fi\/ilmaiset-kytkentasivustot\/\"]}]},{\"@type\":\"BreadcrumbList\",\"@id\":\"https:\/\/nosesso.net\/fi\/ilmaiset-kytkentasivustot\/#breadcrumb\",\"itemListElement\":[{\"@type\":\"ListItem\",\"position\":1,\"name\":\"Home\",\"item\":\"http:\/\/nosesso.net\/fi\/\"},{\"@type\":\"ListItem\",\"position\":2,\"name\":\"Ilmaiset kytkent\\u00e4sivustot\"}]}]}<\/script>\n<!-- \/ Yoast SEO plugin. -->","yoast_head_json":{"title":"Ilmaiset kytkent\u00e4sivustot - No Sesso","robots":{"index":"index","follow":"follow","max-snippet":"max-snippet:-1","max-image-preview":"max-image-preview:large","max-video-preview":"max-video-preview:-1"},"canonical":"https:\/\/nosesso.net\/fi\/ilmaiset-kytkentasivustot\/","og_locale":"fi_FI","og_type":"article","og_title":"Ilmaiset kytkent\u00e4sivustot - No Sesso","og_description":"Paikallisista chat-sovelluksista on tullut yh\u00e4 suositumpia viime vuosina, eik\u00e4 ole yll\u00e4tys miksi. Online-treffisivustojen nousun my\u00f6t\u00e4 paikallisista kytkenn\u00f6ist\u00e4 on tullut helpompia kuin koskaan. Jos kuitenkin haluat tavata jonkun, joka asuu l\u00e4hell\u00e4, on parasta yritt\u00e4\u00e4 tavata ihmisi\u00e4 kasvokkain. T\u00e4ll\u00e4 tavalla voit todella puhua heid\u00e4n kanssaan ja tutustua toisiinsa. Se on my\u00f6s paljon turvallisempaa kuin yritt\u00e4\u00e4 tavata joku ... Lue lis\u00e4\u00e4","og_url":"https:\/\/nosesso.net\/fi\/ilmaiset-kytkentasivustot\/","og_site_name":"No Sesso","og_image":[{"url":"http:\/\/nosesso.net\/wp-content\/uploads\/2022\/06\/love-again.webp"}],"twitter_card":"summary_large_image","twitter_misc":{"Arvioitu lukuaika":"2 minuuttia"},"schema":{"@context":"https:\/\/schema.org","@graph":[{"@type":"WebSite","@id":"https:\/\/nosesso.net\/#website","url":"https:\/\/nosesso.net\/","name":"No Sesso","description":"Real Dating Reviews","potentialAction":[{"@type":"SearchAction","target":{"@type":"EntryPoint","urlTemplate":"https:\/\/nosesso.net\/?s={search_term_string}"},"query-input":"required name=search_term_string"}],"inLanguage":"fi"},{"@type":"ImageObject","@id":"https:\/\/nosesso.net\/fi\/ilmaiset-kytkentasivustot\/#primaryimage","inLanguage":"fi","url":"http:\/\/nosesso.net\/wp-content\/uploads\/2022\/06\/love-again.webp","contentUrl":"http:\/\/nosesso.net\/wp-content\/uploads\/2022\/06\/love-again.webp"},{"@type":"WebPage","@id":"https:\/\/nosesso.net\/fi\/ilmaiset-kytkentasivustot\/#webpage","url":"https:\/\/nosesso.net\/fi\/ilmaiset-kytkentasivustot\/","name":"Ilmaiset kytkent\u00e4sivustot - No Sesso","isPartOf":{"@id":"https:\/\/nosesso.net\/#website"},"primaryImageOfPage":{"@id":"https:\/\/nosesso.net\/fi\/ilmaiset-kytkentasivustot\/#primaryimage"},"datePublished":"2022-06-23T10:46:19+00:00","dateModified":"2022-06-23T10:46:19+00:00","breadcrumb":{"@id":"https:\/\/nosesso.net\/fi\/ilmaiset-kytkentasivustot\/#breadcrumb"},"inLanguage":"fi","potentialAction":[{"@type":"ReadAction","target":["https:\/\/nosesso.net\/fi\/ilmaiset-kytkentasivustot\/"]}]},{"@type":"BreadcrumbList","@id":"https:\/\/nosesso.net\/fi\/ilmaiset-kytkentasivustot\/#breadcrumb","itemListElement":[{"@type":"ListItem","position":1,"name":"Home","item":"http:\/\/nosesso.net\/fi\/"},{"@type":"ListItem","position":2,"name":"Ilmaiset kytkent\u00e4sivustot"}]}]}},"_links":{"self":[{"href":"https:\/\/nosesso.net\/fi\/wp-json\/wp\/v2\/pages\/234"}],"collection":[{"href":"https:\/\/nosesso.net\/fi\/wp-json\/wp\/v2\/pages"}],"about":[{"href":"https:\/\/nosesso.net\/fi\/wp-json\/wp\/v2\/types\/page"}],"author":[{"embeddable":true,"href":"https:\/\/nosesso.net\/fi\/wp-json\/wp\/v2\/users\/1"}],"replies":[{"embeddable":true,"href":"https:\/\/nosesso.net\/fi\/wp-json\/wp\/v2\/comments?post=234"}],"version-history":[{"count":0,"href":"https:\/\/nosesso.net\/fi\/wp-json\/wp\/v2\/pages\/234\/revisions"}],"wp:attachment":[{"href":"https:\/\/nosesso.net\/fi\/wp-json\/wp\/v2\/media?parent=234"}],"curies":[{"name":"wp","href":"https:\/\/api.w.org\/{rel}","templated":true}]}}