{"id":237,"date":"2022-06-23T11:47:57","date_gmt":"2022-06-23T10:47:57","guid":{"rendered":"http:\/\/nosesso.net\/ilmaiset-rento-seksitreffisivustot\/"},"modified":"2022-06-23T11:47:57","modified_gmt":"2022-06-23T10:47:57","slug":"ilmaiset-rento-seksitreffisivustot","status":"publish","type":"page","link":"https:\/\/nosesso.net\/fi\/ilmaiset-rento-seksitreffisivustot\/","title":{"rendered":"Ilmaiset rento seksitreffisivustot"},"content":{"rendered":"<p>OkCupidin avulla voit <a href=\"http:\/\/nosesso.net\/free-hookup-sites\/\">selata j\u00e4senprofiileja<\/a> ja l\u00e4hett\u00e4\u00e4 viestej\u00e4 kiinnostuneille osapuolille. Se tarjoaa my\u00f6s ominaisuuksia, kuten live-chatin, videokeskustelun ja ryhm\u00e4keskustelut. Lopuksi PlentyOfFish antaa sinulle mahdollisuuden selata tuhansia profiileja kerralla. Voit sitten lajitella ne i\u00e4n, sukupuolen, kiinnostuksen kohteiden ja muun mukaan.<\/p>\n<p>Tinder on toinen loistava paikka l\u00f6yt\u00e4\u00e4 rentoja treffej\u00e4. Se on <a href=\"http:\/\/nosesso.net\/types-of-hookup-sites\/\">mobiilisovellus<\/a> , joka yhdist\u00e4\u00e4 sinkut heid\u00e4n yhteisten etujensa perusteella. Kun olet ladannut sovelluksen, voit tarkastella profiileja pyyhk\u00e4isem\u00e4ll\u00e4 vasemmalle tai oikealle. Sen j\u00e4lkeen voit l\u00e4hett\u00e4\u00e4 viestej\u00e4 kiinnostuneille osapuolille ja j\u00e4rjest\u00e4\u00e4 tapaamisen tosiel\u00e4m\u00e4ss\u00e4.<\/p>\n<p>Vaikka jotkut n\u00e4ist\u00e4 sivustoista ovat olleet olemassa jo vuosia, toiset ovat suhteellisen uusia. Jos et tunne mit\u00e4\u00e4n n\u00e4ist\u00e4 sivustoista, sinun kannattaa tutustua oppaaseemme 10 parhaasta online-treffisivustosta. Olemme sis\u00e4llytt\u00e4neet tietoja kunkin sivuston ominaisuuksista, kustannuksista ja turvallisuusongelmista.<\/p>\n<p><img loading=\"lazy\" class=\"aligncenter wp-image-52\" src=\"http:\/\/nosesso.net\/wp-content\/uploads\/2022\/06\/online-sex-chat-1024x682.jpeg\" alt=\"\" width=\"675\" height=\"449\" srcset=\"https:\/\/nosesso.net\/wp-content\/uploads\/2022\/06\/online-sex-chat-1024x682.jpeg 1024w, https:\/\/nosesso.net\/wp-content\/uploads\/2022\/06\/online-sex-chat-300x200.jpeg 300w, https:\/\/nosesso.net\/wp-content\/uploads\/2022\/06\/online-sex-chat-768x511.jpeg 768w, https:\/\/nosesso.net\/wp-content\/uploads\/2022\/06\/online-sex-chat-1536x1022.jpeg 1536w, https:\/\/nosesso.net\/wp-content\/uploads\/2022\/06\/online-sex-chat.jpeg 1600w\" sizes=\"(max-width: 675px) 100vw, 675px\" \/><\/p>\n<h2>Kuinka keskustella verkossa<\/h2>\n<p>Kun olet l\u00f6yt\u00e4nyt muutamia hyvi\u00e4 vaihtoehtoja, rekister\u00f6idy johonkin niist\u00e4. Aloita sitten profiilien selaaminen ja viestien l\u00e4hett\u00e4minen kiinnostuneille osapuolille. Kun l\u00f6yd\u00e4t jonkun, josta pid\u00e4t, pyyd\u00e4 h\u00e4nt\u00e4 ulos tekstiviestill\u00e4 tai s\u00e4hk\u00f6postilla. Jos he hyv\u00e4ksyv\u00e4t, voit suunnitella treffit ja menn\u00e4 ensimm\u00e4isille treffeillesi yhdess\u00e4!<\/p>\n<p>Paikallisista kytkenn\u00f6ist\u00e4 on tulossa yh\u00e4 suositumpia sinkkujen keskuudessa, jotka haluavat tavata jonkun l\u00e4hell\u00e4. Profiilin luominen on helppoa craigslistin, plentyoffishin ja okcupidin kaltaisille sivustoille, joissa voit selata tuhansia paikallisia j\u00e4seni\u00e4 muutamassa minuutissa.<\/p>\n<p>On t\u00e4rke\u00e4\u00e4 muistaa, ett\u00e4 t\u00e4m\u00e4ntyyppiset online-treffisivustot eiv\u00e4t ole vain satunnaisia kohtaamisia varten. Ne on suunniteltu yhdist\u00e4m\u00e4\u00e4n ihmisi\u00e4, joilla on samanlaiset kiinnostuksen kohteet ja arvot. Joten jos etsit vakavaa suhdetta, sinun kannattaa ehk\u00e4 kokeilla toisen tyyppist\u00e4 sivustoa.<\/p>\n<p>Esimerkiksi Match.com on osio nimelt\u00e4 Singles Near Me, jonka avulla voit suodattaa osumasi sijainnin perusteella. Sama koskee eHarmonya, Zooskia ja muita sivustoja.<\/p>\n<h2>Neuvomme chat-huoneiden kokeilemiseen<\/h2>\n<p>Aikuisten chat-huoneet ovat loistava paikka tavata muita sinkkuja, joilla on samanlaisia kiinnostuksen kohteita. Aikuisten chat-huoneita on monia erilaisia, mukaan lukien videokeskusteluhuoneet, verkkokameran chat-huoneet ja tekstikeskusteluhuoneet. Chat-huoneet ovat hauska tapa olla yhteydess\u00e4 muihin ja oppia lis\u00e4\u00e4 itsest\u00e4si.<\/p>\n<p>Verkossa chattailulla on useita etuja. Voit esimerkiksi puhua jonkun kanssa mist\u00e4 p\u00e4in maailmaa tahansa, ja voit tehd\u00e4 sen maksamatta mit\u00e4\u00e4n. Lis\u00e4ksi voit valita, kommunikoitko \u00e4\u00e4nen vai videon kautta, ja voit asettaa omat asetuksesi.<\/p>\n<p>Yksi aikuisten chat-huoneiden parhaista osista on, ett\u00e4 voit tavata ihmisi\u00e4 ymp\u00e4ri maailmaa. Sill\u00e4 ei ole v\u00e4li\u00e4, oletko kiinnostunut tapaamaan ihmisi\u00e4 toisesta maasta vai haluatko vain tavata l\u00e4hell\u00e4 olevia ihmisi\u00e4. Aikuisten chat-huoneiden avulla voit olla vuorovaikutuksessa ihmisten kanssa kaikilta el\u00e4m\u00e4naloilta.<\/p>\n","protected":false},"excerpt":{"rendered":"<p>OkCupidin avulla voit selata j\u00e4senprofiileja ja l\u00e4hett\u00e4\u00e4 viestej\u00e4 kiinnostuneille osapuolille. Se tarjoaa my\u00f6s ominaisuuksia, kuten live-chatin, videokeskustelun ja ryhm\u00e4keskustelut. Lopuksi PlentyOfFish antaa sinulle mahdollisuuden selata tuhansia profiileja kerralla. Voit sitten lajitella ne i\u00e4n, sukupuolen, kiinnostuksen kohteiden ja muun mukaan. Tinder on toinen loistava paikka l\u00f6yt\u00e4\u00e4 rentoja treffej\u00e4. Se on mobiilisovellus , joka yhdist\u00e4\u00e4 sinkut heid\u00e4n &#8230; <a title=\"Ilmaiset rento seksitreffisivustot\" class=\"read-more\" href=\"https:\/\/nosesso.net\/fi\/ilmaiset-rento-seksitreffisivustot\/\" aria-label=\"Lis\u00e4\u00e4 Ilmaiset rento seksitreffisivustot\">Lue lis\u00e4\u00e4<\/a><\/p>\n","protected":false},"author":1,"featured_media":0,"parent":0,"menu_order":0,"comment_status":"closed","ping_status":"closed","template":"","meta":[],"yoast_head":"<!-- This site is optimized with the Yoast SEO plugin v17.7.1 - https:\/\/yoast.com\/wordpress\/plugins\/seo\/ -->\n<title>Ilmaiset rento seksitreffisivustot - No Sesso<\/title>\n<meta name=\"robots\" content=\"index, follow, max-snippet:-1, max-image-preview:large, max-video-preview:-1\" \/>\n<link rel=\"canonical\" href=\"https:\/\/nosesso.net\/fi\/ilmaiset-rento-seksitreffisivustot\/\" \/>\n<meta property=\"og:locale\" content=\"fi_FI\" \/>\n<meta property=\"og:type\" content=\"article\" \/>\n<meta property=\"og:title\" content=\"Ilmaiset rento seksitreffisivustot - No Sesso\" \/>\n<meta property=\"og:description\" content=\"OkCupidin avulla voit selata j\u00e4senprofiileja ja l\u00e4hett\u00e4\u00e4 viestej\u00e4 kiinnostuneille osapuolille. Se tarjoaa my\u00f6s ominaisuuksia, kuten live-chatin, videokeskustelun ja ryhm\u00e4keskustelut. Lopuksi PlentyOfFish antaa sinulle mahdollisuuden selata tuhansia profiileja kerralla. Voit sitten lajitella ne i\u00e4n, sukupuolen, kiinnostuksen kohteiden ja muun mukaan. Tinder on toinen loistava paikka l\u00f6yt\u00e4\u00e4 rentoja treffej\u00e4. Se on mobiilisovellus , joka yhdist\u00e4\u00e4 sinkut heid\u00e4n ... Lue lis\u00e4\u00e4\" \/>\n<meta property=\"og:url\" content=\"https:\/\/nosesso.net\/fi\/ilmaiset-rento-seksitreffisivustot\/\" \/>\n<meta property=\"og:site_name\" content=\"No Sesso\" \/>\n<meta property=\"og:image\" content=\"http:\/\/nosesso.net\/wp-content\/uploads\/2022\/06\/online-sex-chat-1024x682.jpeg\" \/>\n<meta name=\"twitter:card\" content=\"summary_large_image\" \/>\n<meta name=\"twitter:label1\" content=\"Arvioitu lukuaika\" \/>\n\t<meta name=\"twitter:data1\" content=\"2 minuuttia\" \/>\n<script type=\"application\/ld+json\" class=\"yoast-schema-graph\">{\"@context\":\"https:\/\/schema.org\",\"@graph\":[{\"@type\":\"WebSite\",\"@id\":\"https:\/\/nosesso.net\/#website\",\"url\":\"https:\/\/nosesso.net\/\",\"name\":\"No Sesso\",\"description\":\"Real Dating Reviews\",\"potentialAction\":[{\"@type\":\"SearchAction\",\"target\":{\"@type\":\"EntryPoint\",\"urlTemplate\":\"https:\/\/nosesso.net\/?s={search_term_string}\"},\"query-input\":\"required name=search_term_string\"}],\"inLanguage\":\"fi\"},{\"@type\":\"ImageObject\",\"@id\":\"https:\/\/nosesso.net\/fi\/ilmaiset-rento-seksitreffisivustot\/#primaryimage\",\"inLanguage\":\"fi\",\"url\":\"http:\/\/nosesso.net\/wp-content\/uploads\/2022\/06\/online-sex-chat-1024x682.jpeg\",\"contentUrl\":\"http:\/\/nosesso.net\/wp-content\/uploads\/2022\/06\/online-sex-chat-1024x682.jpeg\"},{\"@type\":\"WebPage\",\"@id\":\"https:\/\/nosesso.net\/fi\/ilmaiset-rento-seksitreffisivustot\/#webpage\",\"url\":\"https:\/\/nosesso.net\/fi\/ilmaiset-rento-seksitreffisivustot\/\",\"name\":\"Ilmaiset rento seksitreffisivustot - No Sesso\",\"isPartOf\":{\"@id\":\"https:\/\/nosesso.net\/#website\"},\"primaryImageOfPage\":{\"@id\":\"https:\/\/nosesso.net\/fi\/ilmaiset-rento-seksitreffisivustot\/#primaryimage\"},\"datePublished\":\"2022-06-23T10:47:57+00:00\",\"dateModified\":\"2022-06-23T10:47:57+00:00\",\"breadcrumb\":{\"@id\":\"https:\/\/nosesso.net\/fi\/ilmaiset-rento-seksitreffisivustot\/#breadcrumb\"},\"inLanguage\":\"fi\",\"potentialAction\":[{\"@type\":\"ReadAction\",\"target\":[\"https:\/\/nosesso.net\/fi\/ilmaiset-rento-seksitreffisivustot\/\"]}]},{\"@type\":\"BreadcrumbList\",\"@id\":\"https:\/\/nosesso.net\/fi\/ilmaiset-rento-seksitreffisivustot\/#breadcrumb\",\"itemListElement\":[{\"@type\":\"ListItem\",\"position\":1,\"name\":\"Home\",\"item\":\"https:\/\/nosesso.net\/fi\/\"},{\"@type\":\"ListItem\",\"position\":2,\"name\":\"Ilmaiset rento seksitreffisivustot\"}]}]}<\/script>\n<!-- \/ Yoast SEO plugin. -->","yoast_head_json":{"title":"Ilmaiset rento seksitreffisivustot - No Sesso","robots":{"index":"index","follow":"follow","max-snippet":"max-snippet:-1","max-image-preview":"max-image-preview:large","max-video-preview":"max-video-preview:-1"},"canonical":"https:\/\/nosesso.net\/fi\/ilmaiset-rento-seksitreffisivustot\/","og_locale":"fi_FI","og_type":"article","og_title":"Ilmaiset rento seksitreffisivustot - No Sesso","og_description":"OkCupidin avulla voit selata j\u00e4senprofiileja ja l\u00e4hett\u00e4\u00e4 viestej\u00e4 kiinnostuneille osapuolille. Se tarjoaa my\u00f6s ominaisuuksia, kuten live-chatin, videokeskustelun ja ryhm\u00e4keskustelut. Lopuksi PlentyOfFish antaa sinulle mahdollisuuden selata tuhansia profiileja kerralla. Voit sitten lajitella ne i\u00e4n, sukupuolen, kiinnostuksen kohteiden ja muun mukaan. Tinder on toinen loistava paikka l\u00f6yt\u00e4\u00e4 rentoja treffej\u00e4. Se on mobiilisovellus , joka yhdist\u00e4\u00e4 sinkut heid\u00e4n ... Lue lis\u00e4\u00e4","og_url":"https:\/\/nosesso.net\/fi\/ilmaiset-rento-seksitreffisivustot\/","og_site_name":"No Sesso","og_image":[{"url":"http:\/\/nosesso.net\/wp-content\/uploads\/2022\/06\/online-sex-chat-1024x682.jpeg"}],"twitter_card":"summary_large_image","twitter_misc":{"Arvioitu lukuaika":"2 minuuttia"},"schema":{"@context":"https:\/\/schema.org","@graph":[{"@type":"WebSite","@id":"https:\/\/nosesso.net\/#website","url":"https:\/\/nosesso.net\/","name":"No Sesso","description":"Real Dating Reviews","potentialAction":[{"@type":"SearchAction","target":{"@type":"EntryPoint","urlTemplate":"https:\/\/nosesso.net\/?s={search_term_string}"},"query-input":"required name=search_term_string"}],"inLanguage":"fi"},{"@type":"ImageObject","@id":"https:\/\/nosesso.net\/fi\/ilmaiset-rento-seksitreffisivustot\/#primaryimage","inLanguage":"fi","url":"http:\/\/nosesso.net\/wp-content\/uploads\/2022\/06\/online-sex-chat-1024x682.jpeg","contentUrl":"http:\/\/nosesso.net\/wp-content\/uploads\/2022\/06\/online-sex-chat-1024x682.jpeg"},{"@type":"WebPage","@id":"https:\/\/nosesso.net\/fi\/ilmaiset-rento-seksitreffisivustot\/#webpage","url":"https:\/\/nosesso.net\/fi\/ilmaiset-rento-seksitreffisivustot\/","name":"Ilmaiset rento seksitreffisivustot - No Sesso","isPartOf":{"@id":"https:\/\/nosesso.net\/#website"},"primaryImageOfPage":{"@id":"https:\/\/nosesso.net\/fi\/ilmaiset-rento-seksitreffisivustot\/#primaryimage"},"datePublished":"2022-06-23T10:47:57+00:00","dateModified":"2022-06-23T10:47:57+00:00","breadcrumb":{"@id":"https:\/\/nosesso.net\/fi\/ilmaiset-rento-seksitreffisivustot\/#breadcrumb"},"inLanguage":"fi","potentialAction":[{"@type":"ReadAction","target":["https:\/\/nosesso.net\/fi\/ilmaiset-rento-seksitreffisivustot\/"]}]},{"@type":"BreadcrumbList","@id":"https:\/\/nosesso.net\/fi\/ilmaiset-rento-seksitreffisivustot\/#breadcrumb","itemListElement":[{"@type":"ListItem","position":1,"name":"Home","item":"https:\/\/nosesso.net\/fi\/"},{"@type":"ListItem","position":2,"name":"Ilmaiset rento seksitreffisivustot"}]}]}},"_links":{"self":[{"href":"https:\/\/nosesso.net\/fi\/wp-json\/wp\/v2\/pages\/237"}],"collection":[{"href":"https:\/\/nosesso.net\/fi\/wp-json\/wp\/v2\/pages"}],"about":[{"href":"https:\/\/nosesso.net\/fi\/wp-json\/wp\/v2\/types\/page"}],"author":[{"embeddable":true,"href":"https:\/\/nosesso.net\/fi\/wp-json\/wp\/v2\/users\/1"}],"replies":[{"embeddable":true,"href":"https:\/\/nosesso.net\/fi\/wp-json\/wp\/v2\/comments?post=237"}],"version-history":[{"count":0,"href":"https:\/\/nosesso.net\/fi\/wp-json\/wp\/v2\/pages\/237\/revisions"}],"wp:attachment":[{"href":"https:\/\/nosesso.net\/fi\/wp-json\/wp\/v2\/media?parent=237"}],"curies":[{"name":"wp","href":"https:\/\/api.w.org\/{rel}","templated":true}]}}