{"id":244,"date":"2022-06-23T11:49:10","date_gmt":"2022-06-23T10:49:10","guid":{"rendered":"http:\/\/nosesso.net\/mista-loytaa-ihmisia-joilla-on-samanlaisia-kiinnostuksen-kohteita\/"},"modified":"2022-06-23T11:49:10","modified_gmt":"2022-06-23T10:49:10","slug":"mista-loytaa-ihmisia-joilla-on-samanlaisia-kiinnostuksen-kohteita","status":"publish","type":"page","link":"https:\/\/nosesso.net\/fi\/mista-loytaa-ihmisia-joilla-on-samanlaisia-kiinnostuksen-kohteita\/","title":{"rendered":"Mist\u00e4 l\u00f6yt\u00e4\u00e4 ihmisi\u00e4, joilla on samanlaisia kiinnostuksen kohteita"},"content":{"rendered":"<p>Voit my\u00f6s tavata ihmisi\u00e4, joilla on samanlaisia kiinnostuksen kohteita. Voit esimerkiksi liitty\u00e4 ryhm\u00e4keskusteluhuoneeseen, jossa kaikilla on samat harrastukset tai intohimot. N\u00e4m\u00e4 ryhm\u00e4t ovat loistava tapa tavata ihmisi\u00e4, jotka jakavat kiinnostuksen kohteesi, ja voit helposti selata aiheita l\u00f6yt\u00e4\u00e4ksesi juuri etsim\u00e4si.<\/p>\n<p>Sen lis\u00e4ksi, ett\u00e4 l\u00f6yd\u00e4t ihmisi\u00e4, joilla on yhteisi\u00e4 kiinnostuksen kohteita, voit my\u00f6s l\u00f6yt\u00e4\u00e4 ihmisi\u00e4, jotka etsiv\u00e4t yst\u00e4vi\u00e4. Monet sivustot tarjoavat ilmaisia chat-huoneita, ja n\u00e4m\u00e4 ovat loistava tapa l\u00f6yt\u00e4\u00e4 uusia yst\u00e4vi\u00e4. Voit my\u00f6s luoda oman yksityisen chat-huoneesi ja kutsua vain niit\u00e4 ihmisi\u00e4, joiden kanssa haluat viett\u00e4\u00e4 aikaa.<\/p>\n<p><img loading=\"lazy\" class=\"aligncenter wp-image-53\" src=\"http:\/\/nosesso.net\/wp-content\/uploads\/2022\/06\/love-image-online-1024x683.webp\" alt=\"\" width=\"653\" height=\"435\" srcset=\"https:\/\/nosesso.net\/wp-content\/uploads\/2022\/06\/love-image-online-1024x683.webp 1024w, https:\/\/nosesso.net\/wp-content\/uploads\/2022\/06\/love-image-online-300x200.webp 300w, https:\/\/nosesso.net\/wp-content\/uploads\/2022\/06\/love-image-online-768x512.webp 768w, https:\/\/nosesso.net\/wp-content\/uploads\/2022\/06\/love-image-online.webp 1125w\" sizes=\"(max-width: 653px) 100vw, 653px\" \/><\/p>\n<h2>Chat-huoneita tai treffisovelluksia?<\/h2>\n<p>Aikuisten chat-huoneeseen liittymisen suurin etu on, ett\u00e4 voit pit\u00e4\u00e4 hauskaa tehdess\u00e4si sit\u00e4. Kun menet chat-huoneeseen, voit joko kuunnella musiikkia tai katsella videoita. Voit my\u00f6s pelata pelej\u00e4 tai lukea kirjoja, ja voit jopa osallistua kyselyihin tai kyselyihin.<\/p>\n<p>Kun keskustelet, voit my\u00f6s l\u00e4hett\u00e4\u00e4 viestej\u00e4 muille j\u00e4senille. Voit kysy\u00e4 heilt\u00e4 kysymyksi\u00e4, kertoa heille itsest\u00e4si tai yksinkertaisesti tervehti\u00e4. Voit my\u00f6s lis\u00e4t\u00e4 yst\u00e4vi\u00e4 yhteystietoluetteloosi, mik\u00e4 tarkoittaa, ett\u00e4 voit pit\u00e4\u00e4 heihin yhteytt\u00e4 my\u00f6s sen j\u00e4lkeen, kun olet poistunut keskusteluhuoneesta.<\/p>\n<p>Yhteenvetona voidaan todeta, ett\u00e4 aikuisten chat-huoneet ovat loistava tapa saada uusia yst\u00e4vi\u00e4, tutkia uusia kiinnostuksen kohteita ja nauttia samalla itsest\u00e4si. Ne ovat my\u00f6s loistava tapa tavata uusia ihmisi\u00e4, ja voit aina l\u00f6yt\u00e4\u00e4 jotain tekemist\u00e4, kun vierailet chat-huoneessa.<\/p>\n<h2>Online-treffisovellukset voivat olla parhaita<\/h2>\n<p>Sex meet on termi, jota k\u00e4ytet\u00e4\u00e4n kuvaamaan online-treffisivustoja, joissa j\u00e4senet voivat olla yhteydess\u00e4 muihin, joilla on samanlaisia kiinnostuksen kohteita. Nyky\u00e4\u00e4n on saatavilla monia seksitapaamissivustoja, kuten AdultFriendFinder, Ashley Madison ja Match.com. N\u00e4iden sivustojen avulla j\u00e4senet voivat selata muiden j\u00e4senten profiileja, l\u00e4hett\u00e4\u00e4 viestej\u00e4 ja j\u00e4rjest\u00e4\u00e4 p\u00e4iv\u00e4m\u00e4\u00e4ri\u00e4.<\/p>\n<p>Vaikka t\u00e4m\u00e4ntyyppiset sivustot ovat ilmaisia, ne vaativat maksullisen tilauksen tiettyjen ominaisuuksien k\u00e4ytt\u00e4miseksi. Useimmat sivustot tarjoavat esimerkiksi premium-j\u00e4senyysvaihtoehtoja, jotka sis\u00e4lt\u00e4v\u00e4t lis\u00e4\u00e4 viestiominaisuuksia, tarkennettuja hakusuodattimia ja parannettuja profiilin\u00e4kymi\u00e4.<\/p>\n<p>Seksitapaamissivustolle rekister\u00f6itymisest\u00e4 on useita etuja. Ensinn\u00e4kin voit helposti l\u00f6yt\u00e4\u00e4 jonkun, joka jakaa seksuaaliset mieltymyksesi. Toiseksi voit <a href=\"http:\/\/nosesso.net\/free-hookup-sites\/\">kommunikoida potentiaalisten kumppaneiden kanssa<\/a> ilman, ett\u00e4 sinun tarvitsee maksaa kalliista puheluista tai tekstiviesteist\u00e4. Kolmanneksi voit s\u00e4\u00e4st\u00e4\u00e4 rahaa tapaamalla ihmisi\u00e4 yhteis\u00f6n kautta sen sijaan, ett\u00e4 maksaisit yksitt\u00e4isist\u00e4 palveluista.<\/p>\n<p>Seksitapaamissivustolle on my\u00f6s helppo liitty\u00e4. Luo vain profiili ja lataa valokuvia. Etsi sitten ihmisi\u00e4, jotka jakavat kiinnostuksen kohteesi, ja l\u00e4het\u00e4 heille viesti suoraan. Se on niin yksinkertaista!<\/p>\n<h2>Ent\u00e4 paikalliset kytkenn\u00e4t?<\/h2>\n<p>Paikalliset kytkenn\u00e4t ovat yh\u00e4 suositumpia sinkkujen keskuudessa, jotka ovat kyll\u00e4styneet samoihin vanhoihin online-treffisivustoihin. N\u00e4m\u00e4 sivustot eiv\u00e4t aina ole tehokkaita, ja ne voivat olla kalliita, jos maksat j\u00e4senmaksuista joka kuukausi.<\/p>\n<p>Kuukausimaksujen maksamisen sijaan kokeile sen sijaan <a href=\"http:\/\/nosesso.net\/free-casual-sex-dating-sites\/\">paikallisia kytkent\u00e4sovelluksia<\/a> . N\u00e4iden sovellusten avulla voit tavata muita l\u00e4hell\u00e4 olevia sinkkuja, ja voit yleens\u00e4 muodostaa yhteyden heihin muutamassa minuutissa. On paljon helpompaa tavata joku paikallisesti kuin sovelluksen kautta, joka vaatii sinua matkustamaan pitki\u00e4 matkoja.<\/p>\n<p>Saatavilla on monia erityyppisi\u00e4 paikallisia kytkent\u00e4sovelluksia, kuten Tinder, Bumble, Hinge ja Plenty of Fish. Jokaisella on omat ainutlaatuiset ominaisuutensa, joten valitse tarpeisiisi parhaiten sopiva. Tinderin avulla voit esimerkiksi pyyhk\u00e4ist\u00e4 vasemmalle tai oikealle p\u00e4\u00e4tt\u00e4\u00e4ksesi, haluatko puhua toisen k\u00e4ytt\u00e4j\u00e4n kanssa vai et.<\/p>\n<p>Kun olet l\u00f6yt\u00e4nyt sinulle sopivan paikallisen kytkent\u00e4sovelluksen, rekister\u00f6idy ja aloita uusien ihmisten tapaaminen jo t\u00e4n\u00e4\u00e4n!<\/p>\n","protected":false},"excerpt":{"rendered":"<p>Voit my\u00f6s tavata ihmisi\u00e4, joilla on samanlaisia kiinnostuksen kohteita. Voit esimerkiksi liitty\u00e4 ryhm\u00e4keskusteluhuoneeseen, jossa kaikilla on samat harrastukset tai intohimot. N\u00e4m\u00e4 ryhm\u00e4t ovat loistava tapa tavata ihmisi\u00e4, jotka jakavat kiinnostuksen kohteesi, ja voit helposti selata aiheita l\u00f6yt\u00e4\u00e4ksesi juuri etsim\u00e4si. Sen lis\u00e4ksi, ett\u00e4 l\u00f6yd\u00e4t ihmisi\u00e4, joilla on yhteisi\u00e4 kiinnostuksen kohteita, voit my\u00f6s l\u00f6yt\u00e4\u00e4 ihmisi\u00e4, jotka etsiv\u00e4t &#8230; <a title=\"Mist\u00e4 l\u00f6yt\u00e4\u00e4 ihmisi\u00e4, joilla on samanlaisia kiinnostuksen kohteita\" class=\"read-more\" href=\"https:\/\/nosesso.net\/fi\/mista-loytaa-ihmisia-joilla-on-samanlaisia-kiinnostuksen-kohteita\/\" aria-label=\"Lis\u00e4\u00e4 Mist\u00e4 l\u00f6yt\u00e4\u00e4 ihmisi\u00e4, joilla on samanlaisia kiinnostuksen kohteita\">Lue lis\u00e4\u00e4<\/a><\/p>\n","protected":false},"author":1,"featured_media":0,"parent":0,"menu_order":0,"comment_status":"closed","ping_status":"closed","template":"","meta":[],"yoast_head":"<!-- This site is optimized with the Yoast SEO plugin v17.7.1 - https:\/\/yoast.com\/wordpress\/plugins\/seo\/ -->\n<title>Mist\u00e4 l\u00f6yt\u00e4\u00e4 ihmisi\u00e4, joilla on samanlaisia kiinnostuksen kohteita - No Sesso<\/title>\n<meta name=\"robots\" content=\"index, follow, max-snippet:-1, max-image-preview:large, max-video-preview:-1\" \/>\n<link rel=\"canonical\" href=\"https:\/\/nosesso.net\/fi\/mista-loytaa-ihmisia-joilla-on-samanlaisia-kiinnostuksen-kohteita\/\" \/>\n<meta property=\"og:locale\" content=\"fi_FI\" \/>\n<meta property=\"og:type\" content=\"article\" \/>\n<meta property=\"og:title\" content=\"Mist\u00e4 l\u00f6yt\u00e4\u00e4 ihmisi\u00e4, joilla on samanlaisia kiinnostuksen kohteita - No Sesso\" \/>\n<meta property=\"og:description\" content=\"Voit my\u00f6s tavata ihmisi\u00e4, joilla on samanlaisia kiinnostuksen kohteita. Voit esimerkiksi liitty\u00e4 ryhm\u00e4keskusteluhuoneeseen, jossa kaikilla on samat harrastukset tai intohimot. N\u00e4m\u00e4 ryhm\u00e4t ovat loistava tapa tavata ihmisi\u00e4, jotka jakavat kiinnostuksen kohteesi, ja voit helposti selata aiheita l\u00f6yt\u00e4\u00e4ksesi juuri etsim\u00e4si. Sen lis\u00e4ksi, ett\u00e4 l\u00f6yd\u00e4t ihmisi\u00e4, joilla on yhteisi\u00e4 kiinnostuksen kohteita, voit my\u00f6s l\u00f6yt\u00e4\u00e4 ihmisi\u00e4, jotka etsiv\u00e4t ... Lue lis\u00e4\u00e4\" \/>\n<meta property=\"og:url\" content=\"https:\/\/nosesso.net\/fi\/mista-loytaa-ihmisia-joilla-on-samanlaisia-kiinnostuksen-kohteita\/\" \/>\n<meta property=\"og:site_name\" content=\"No Sesso\" \/>\n<meta property=\"og:image\" content=\"http:\/\/nosesso.net\/wp-content\/uploads\/2022\/06\/love-image-online-1024x683.webp\" \/>\n<meta name=\"twitter:card\" content=\"summary_large_image\" \/>\n<meta name=\"twitter:label1\" content=\"Arvioitu lukuaika\" \/>\n\t<meta name=\"twitter:data1\" content=\"3 minuuttia\" \/>\n<script type=\"application\/ld+json\" class=\"yoast-schema-graph\">{\"@context\":\"https:\/\/schema.org\",\"@graph\":[{\"@type\":\"WebSite\",\"@id\":\"https:\/\/nosesso.net\/#website\",\"url\":\"https:\/\/nosesso.net\/\",\"name\":\"No Sesso\",\"description\":\"Real Dating Reviews\",\"potentialAction\":[{\"@type\":\"SearchAction\",\"target\":{\"@type\":\"EntryPoint\",\"urlTemplate\":\"https:\/\/nosesso.net\/?s={search_term_string}\"},\"query-input\":\"required name=search_term_string\"}],\"inLanguage\":\"fi\"},{\"@type\":\"ImageObject\",\"@id\":\"https:\/\/nosesso.net\/fi\/mista-loytaa-ihmisia-joilla-on-samanlaisia-kiinnostuksen-kohteita\/#primaryimage\",\"inLanguage\":\"fi\",\"url\":\"http:\/\/nosesso.net\/wp-content\/uploads\/2022\/06\/love-image-online-1024x683.webp\",\"contentUrl\":\"http:\/\/nosesso.net\/wp-content\/uploads\/2022\/06\/love-image-online-1024x683.webp\"},{\"@type\":\"WebPage\",\"@id\":\"https:\/\/nosesso.net\/fi\/mista-loytaa-ihmisia-joilla-on-samanlaisia-kiinnostuksen-kohteita\/#webpage\",\"url\":\"https:\/\/nosesso.net\/fi\/mista-loytaa-ihmisia-joilla-on-samanlaisia-kiinnostuksen-kohteita\/\",\"name\":\"Mist\\u00e4 l\\u00f6yt\\u00e4\\u00e4 ihmisi\\u00e4, joilla on samanlaisia kiinnostuksen kohteita - No Sesso\",\"isPartOf\":{\"@id\":\"https:\/\/nosesso.net\/#website\"},\"primaryImageOfPage\":{\"@id\":\"https:\/\/nosesso.net\/fi\/mista-loytaa-ihmisia-joilla-on-samanlaisia-kiinnostuksen-kohteita\/#primaryimage\"},\"datePublished\":\"2022-06-23T10:49:10+00:00\",\"dateModified\":\"2022-06-23T10:49:10+00:00\",\"breadcrumb\":{\"@id\":\"https:\/\/nosesso.net\/fi\/mista-loytaa-ihmisia-joilla-on-samanlaisia-kiinnostuksen-kohteita\/#breadcrumb\"},\"inLanguage\":\"fi\",\"potentialAction\":[{\"@type\":\"ReadAction\",\"target\":[\"https:\/\/nosesso.net\/fi\/mista-loytaa-ihmisia-joilla-on-samanlaisia-kiinnostuksen-kohteita\/\"]}]},{\"@type\":\"BreadcrumbList\",\"@id\":\"https:\/\/nosesso.net\/fi\/mista-loytaa-ihmisia-joilla-on-samanlaisia-kiinnostuksen-kohteita\/#breadcrumb\",\"itemListElement\":[{\"@type\":\"ListItem\",\"position\":1,\"name\":\"Home\",\"item\":\"http:\/\/nosesso.net\/fi\/\"},{\"@type\":\"ListItem\",\"position\":2,\"name\":\"Mist\\u00e4 l\\u00f6yt\\u00e4\\u00e4 ihmisi\\u00e4, joilla on samanlaisia kiinnostuksen kohteita\"}]}]}<\/script>\n<!-- \/ Yoast SEO plugin. -->","yoast_head_json":{"title":"Mist\u00e4 l\u00f6yt\u00e4\u00e4 ihmisi\u00e4, joilla on samanlaisia kiinnostuksen kohteita - No Sesso","robots":{"index":"index","follow":"follow","max-snippet":"max-snippet:-1","max-image-preview":"max-image-preview:large","max-video-preview":"max-video-preview:-1"},"canonical":"https:\/\/nosesso.net\/fi\/mista-loytaa-ihmisia-joilla-on-samanlaisia-kiinnostuksen-kohteita\/","og_locale":"fi_FI","og_type":"article","og_title":"Mist\u00e4 l\u00f6yt\u00e4\u00e4 ihmisi\u00e4, joilla on samanlaisia kiinnostuksen kohteita - No Sesso","og_description":"Voit my\u00f6s tavata ihmisi\u00e4, joilla on samanlaisia kiinnostuksen kohteita. Voit esimerkiksi liitty\u00e4 ryhm\u00e4keskusteluhuoneeseen, jossa kaikilla on samat harrastukset tai intohimot. N\u00e4m\u00e4 ryhm\u00e4t ovat loistava tapa tavata ihmisi\u00e4, jotka jakavat kiinnostuksen kohteesi, ja voit helposti selata aiheita l\u00f6yt\u00e4\u00e4ksesi juuri etsim\u00e4si. Sen lis\u00e4ksi, ett\u00e4 l\u00f6yd\u00e4t ihmisi\u00e4, joilla on yhteisi\u00e4 kiinnostuksen kohteita, voit my\u00f6s l\u00f6yt\u00e4\u00e4 ihmisi\u00e4, jotka etsiv\u00e4t ... Lue lis\u00e4\u00e4","og_url":"https:\/\/nosesso.net\/fi\/mista-loytaa-ihmisia-joilla-on-samanlaisia-kiinnostuksen-kohteita\/","og_site_name":"No Sesso","og_image":[{"url":"http:\/\/nosesso.net\/wp-content\/uploads\/2022\/06\/love-image-online-1024x683.webp"}],"twitter_card":"summary_large_image","twitter_misc":{"Arvioitu lukuaika":"3 minuuttia"},"schema":{"@context":"https:\/\/schema.org","@graph":[{"@type":"WebSite","@id":"https:\/\/nosesso.net\/#website","url":"https:\/\/nosesso.net\/","name":"No Sesso","description":"Real Dating Reviews","potentialAction":[{"@type":"SearchAction","target":{"@type":"EntryPoint","urlTemplate":"https:\/\/nosesso.net\/?s={search_term_string}"},"query-input":"required name=search_term_string"}],"inLanguage":"fi"},{"@type":"ImageObject","@id":"https:\/\/nosesso.net\/fi\/mista-loytaa-ihmisia-joilla-on-samanlaisia-kiinnostuksen-kohteita\/#primaryimage","inLanguage":"fi","url":"http:\/\/nosesso.net\/wp-content\/uploads\/2022\/06\/love-image-online-1024x683.webp","contentUrl":"http:\/\/nosesso.net\/wp-content\/uploads\/2022\/06\/love-image-online-1024x683.webp"},{"@type":"WebPage","@id":"https:\/\/nosesso.net\/fi\/mista-loytaa-ihmisia-joilla-on-samanlaisia-kiinnostuksen-kohteita\/#webpage","url":"https:\/\/nosesso.net\/fi\/mista-loytaa-ihmisia-joilla-on-samanlaisia-kiinnostuksen-kohteita\/","name":"Mist\u00e4 l\u00f6yt\u00e4\u00e4 ihmisi\u00e4, joilla on samanlaisia kiinnostuksen kohteita - No Sesso","isPartOf":{"@id":"https:\/\/nosesso.net\/#website"},"primaryImageOfPage":{"@id":"https:\/\/nosesso.net\/fi\/mista-loytaa-ihmisia-joilla-on-samanlaisia-kiinnostuksen-kohteita\/#primaryimage"},"datePublished":"2022-06-23T10:49:10+00:00","dateModified":"2022-06-23T10:49:10+00:00","breadcrumb":{"@id":"https:\/\/nosesso.net\/fi\/mista-loytaa-ihmisia-joilla-on-samanlaisia-kiinnostuksen-kohteita\/#breadcrumb"},"inLanguage":"fi","potentialAction":[{"@type":"ReadAction","target":["https:\/\/nosesso.net\/fi\/mista-loytaa-ihmisia-joilla-on-samanlaisia-kiinnostuksen-kohteita\/"]}]},{"@type":"BreadcrumbList","@id":"https:\/\/nosesso.net\/fi\/mista-loytaa-ihmisia-joilla-on-samanlaisia-kiinnostuksen-kohteita\/#breadcrumb","itemListElement":[{"@type":"ListItem","position":1,"name":"Home","item":"http:\/\/nosesso.net\/fi\/"},{"@type":"ListItem","position":2,"name":"Mist\u00e4 l\u00f6yt\u00e4\u00e4 ihmisi\u00e4, joilla on samanlaisia kiinnostuksen kohteita"}]}]}},"_links":{"self":[{"href":"https:\/\/nosesso.net\/fi\/wp-json\/wp\/v2\/pages\/244"}],"collection":[{"href":"https:\/\/nosesso.net\/fi\/wp-json\/wp\/v2\/pages"}],"about":[{"href":"https:\/\/nosesso.net\/fi\/wp-json\/wp\/v2\/types\/page"}],"author":[{"embeddable":true,"href":"https:\/\/nosesso.net\/fi\/wp-json\/wp\/v2\/users\/1"}],"replies":[{"embeddable":true,"href":"https:\/\/nosesso.net\/fi\/wp-json\/wp\/v2\/comments?post=244"}],"version-history":[{"count":0,"href":"https:\/\/nosesso.net\/fi\/wp-json\/wp\/v2\/pages\/244\/revisions"}],"wp:attachment":[{"href":"https:\/\/nosesso.net\/fi\/wp-json\/wp\/v2\/media?parent=244"}],"curies":[{"name":"wp","href":"https:\/\/api.w.org\/{rel}","templated":true}]}}