{"id":246,"date":"2022-06-23T11:45:34","date_gmt":"2022-06-23T10:45:34","guid":{"rendered":"http:\/\/nosesso.net\/kytkentasivustojen-tyypit\/"},"modified":"2022-06-23T11:45:34","modified_gmt":"2022-06-23T10:45:34","slug":"kytkentasivustojen-tyypit","status":"publish","type":"page","link":"https:\/\/nosesso.net\/fi\/kytkentasivustojen-tyypit\/","title":{"rendered":"Kytkent\u00e4sivustojen tyypit"},"content":{"rendered":"<p>Verkossa on nyky\u00e4\u00e4n saatavilla monia erityyppisi\u00e4 ilmaisia kytkent\u00e4sivustoja. Jotkut keskittyv\u00e4t satunnaisiin kohtaamisiin, kun taas toiset palvelevat pitk\u00e4aikaisia suhteita. Ilmaiset <a href=\"http:\/\/nosesso.net\/why-local-hookup-apps-could-be-right-for-you\/\">kytkent\u00e4sivustot<\/a> tarjoavat laajan valikoiman ominaisuuksia, kuten chat-huoneita, videokeskusteluja, pikaviestipalveluja ja paljon muuta.<\/p>\n<p>Monet n\u00e4ist\u00e4 sivustoista antavat j\u00e4senille mahdollisuuden <a href=\"http:\/\/nosesso.net\/which-app-is-best-for-affiars\/\">luoda profiileja<\/a> , joihin he voivat ladata valokuvia, kirjoittaa lyhyit\u00e4 bioja ja jakaa kiinnostuksen kohteita. J\u00e4senet voivat sitten selata muita j\u00e4senprofiileja ja l\u00e4hett\u00e4\u00e4 viestej\u00e4 mahdollisiin otteluihin. Kun ottelu on tehty, j\u00e4senet voivat sopia tapaamisesta henkil\u00f6kohtaisesti.<\/p>\n<p><img loading=\"lazy\" class=\"aligncenter wp-image-50\" src=\"http:\/\/nosesso.net\/wp-content\/uploads\/2022\/06\/heart-dating-1024x658.jpeg\" alt=\"\" width=\"553\" height=\"355\" srcset=\"https:\/\/nosesso.net\/wp-content\/uploads\/2022\/06\/heart-dating-1024x658.jpeg 1024w, https:\/\/nosesso.net\/wp-content\/uploads\/2022\/06\/heart-dating-300x193.jpeg 300w, https:\/\/nosesso.net\/wp-content\/uploads\/2022\/06\/heart-dating-768x494.jpeg 768w, https:\/\/nosesso.net\/wp-content\/uploads\/2022\/06\/heart-dating.jpeg 1167w\" sizes=\"(max-width: 553px) 100vw, 553px\" \/><\/p>\n<h2>Kuinka liitty\u00e4 ilmaisiin kytkent\u00e4sivustoihin<\/h2>\n<p>Jotkut ilmaiset kytkent\u00e4sivustot vaativat j\u00e4seni\u00e4 maksamaan kuukausimaksun voidakseen k\u00e4ytt\u00e4\u00e4 lis\u00e4ominaisuuksia. N\u00e4it\u00e4 ovat premium-tilit, yksityisviestipalvelut ja mobiilisovellukset.<\/p>\n<p>Vaikka ilmaiset kytkent\u00e4sivustot ovat k\u00e4tevi\u00e4, ne eiv\u00e4t aina ole turvallisia. On parasta v\u00e4ltt\u00e4\u00e4 tapaamasta vieraita tosiel\u00e4m\u00e4ss\u00e4, jos mahdollista. Valitse sen sijaan luotettava treffisovellus tai -palvelu.<\/p>\n<h3>Mitk\u00e4 ovat parhaat sovellukset kokeilla?<\/h3>\n<p>Esimerkiksi <strong>Tinderin<\/strong> avulla j\u00e4senet voivat olla yhteydess\u00e4 toisiinsa yhteisen edun perusteella. Sovellus k\u00e4ytt\u00e4\u00e4 sijaintitietoja m\u00e4\u00e4ritt\u00e4\u00e4kseen, ovatko kaksi j\u00e4sent\u00e4 l\u00e4hell\u00e4. Jos he ovat, he voivat heti aloittaa keskustelun tekstin tai videon kautta.<\/p>\n<p>Tinder on ladattavissa ja k\u00e4ytett\u00e4viss\u00e4 ilmaiseksi, mutta j\u00e4senten on maksettava pieni maksu lis\u00e4ominaisuuksien avaamisesta. He voivat esimerkiksi p\u00e4ivitt\u00e4\u00e4 profiilinsa n\u00e4ytt\u00e4m\u00e4\u00e4n henkil\u00f6kohtaisempia tietoja, lis\u00e4t\u00e4 suodattimia hakuvaihtoehtoihinsa ja saada ilmoituksia, kun joku l\u00e4hett\u00e4\u00e4 h\u00e4nelle viestin.<\/p>\n<p>Muita suosittuja treffisovelluksia ovat <strong>Bumble<\/strong>, <strong>Happn<\/strong> ja <strong>OkCupid<\/strong>. Jokainen tarjoaa samanlaisia ominaisuuksia, vaikka joillakin on erityisi\u00e4 painopisteit\u00e4. Esimerkiksi Bumble on suunniteltu erityisesti naisille, jotka haluavat aloittaa yhteydenpidon.<\/p>\n<p>T\u00e4rkein takeaway t\u00e4ss\u00e4 on, ett\u00e4 ilmaiset kytkent\u00e4sivustot ovat loistava vaihtoehto niille, jotka haluavat pysy\u00e4 nimett\u00f6min\u00e4. Niit\u00e4 ei kuitenkaan pid\u00e4 k\u00e4ytt\u00e4\u00e4 korvaamaan perinteisi\u00e4 treffimenetelmi\u00e4.<\/p>\n<p>Online-treffit ovat tulleet yh\u00e4 suositummiksi viime vuosina. Ei ole yll\u00e4tys, ett\u00e4 yh\u00e4 useammat ihmiset k\u00e4\u00e4ntyv\u00e4t verkkoalustojen puoleen tavatakseen potentiaalisia kumppaneita. Monet ihmiset eiv\u00e4t kuitenkaan viel\u00e4k\u00e4\u00e4n ole tietoisia paikallisten kytkent\u00f6jen eduista.<\/p>\n<p>Paikalliset kytkenn\u00e4t ovat paljon halvempia kuin perinteiset treffisivustot, ja ne tarjoavat k\u00e4tev\u00e4n vaihtoehdon kiireisille sinkuille, joilla ei ole tarpeeksi aikaa omistautua rakkauden l\u00f6yt\u00e4miseen. Voit helposti m\u00e4\u00e4ritt\u00e4\u00e4 p\u00e4iv\u00e4m\u00e4\u00e4r\u00e4t muiden alueesi j\u00e4senten kanssa, eik\u00e4 sinun tarvitse huolehtia hylk\u00e4\u00e4misest\u00e4, jos et napsauta jonkun kanssa.<\/p>\n<p>Lis\u00e4ksi paikalliset kytkenn\u00e4t ovat loistava vaihtoehto pariskunnille, jotka yritt\u00e4v\u00e4t s\u00e4\u00e4st\u00e4\u00e4 rahaa s\u00e4ilytt\u00e4en samalla pitk\u00e4aikaisen suhteen. Monet ihmiset p\u00e4\u00e4tt\u00e4v\u00e4t maksaa j\u00e4senyydest\u00e4 treffisivustolla, mutta he harvoin p\u00e4\u00e4tyv\u00e4t tapaamaan ket\u00e4\u00e4n arvokasta. Sit\u00e4 vastoin paikallisten kytkent\u00f6jen avulla voit olla yhteydess\u00e4 muihin kuluttamatta penni\u00e4k\u00e4\u00e4n.<\/p>\n<p>On paljon syit\u00e4 kokeilla paikallisia kytkent\u00f6j\u00e4, ja voit oppia niist\u00e4 lis\u00e4\u00e4 t\u00e4\u00e4lt\u00e4.<\/p>\n","protected":false},"excerpt":{"rendered":"<p>Verkossa on nyky\u00e4\u00e4n saatavilla monia erityyppisi\u00e4 ilmaisia kytkent\u00e4sivustoja. Jotkut keskittyv\u00e4t satunnaisiin kohtaamisiin, kun taas toiset palvelevat pitk\u00e4aikaisia suhteita. Ilmaiset kytkent\u00e4sivustot tarjoavat laajan valikoiman ominaisuuksia, kuten chat-huoneita, videokeskusteluja, pikaviestipalveluja ja paljon muuta. Monet n\u00e4ist\u00e4 sivustoista antavat j\u00e4senille mahdollisuuden luoda profiileja , joihin he voivat ladata valokuvia, kirjoittaa lyhyit\u00e4 bioja ja jakaa kiinnostuksen kohteita. J\u00e4senet voivat sitten &#8230; <a title=\"Kytkent\u00e4sivustojen tyypit\" class=\"read-more\" href=\"https:\/\/nosesso.net\/fi\/kytkentasivustojen-tyypit\/\" aria-label=\"Lis\u00e4\u00e4 Kytkent\u00e4sivustojen tyypit\">Lue lis\u00e4\u00e4<\/a><\/p>\n","protected":false},"author":1,"featured_media":0,"parent":0,"menu_order":0,"comment_status":"closed","ping_status":"closed","template":"","meta":[],"yoast_head":"<!-- This site is optimized with the Yoast SEO plugin v17.7.1 - https:\/\/yoast.com\/wordpress\/plugins\/seo\/ -->\n<title>Kytkent\u00e4sivustojen tyypit - No Sesso<\/title>\n<meta name=\"robots\" content=\"index, follow, max-snippet:-1, max-image-preview:large, max-video-preview:-1\" \/>\n<link rel=\"canonical\" href=\"https:\/\/nosesso.net\/fi\/kytkentasivustojen-tyypit\/\" \/>\n<meta property=\"og:locale\" content=\"fi_FI\" \/>\n<meta property=\"og:type\" content=\"article\" \/>\n<meta property=\"og:title\" content=\"Kytkent\u00e4sivustojen tyypit - No Sesso\" \/>\n<meta property=\"og:description\" content=\"Verkossa on nyky\u00e4\u00e4n saatavilla monia erityyppisi\u00e4 ilmaisia kytkent\u00e4sivustoja. Jotkut keskittyv\u00e4t satunnaisiin kohtaamisiin, kun taas toiset palvelevat pitk\u00e4aikaisia suhteita. Ilmaiset kytkent\u00e4sivustot tarjoavat laajan valikoiman ominaisuuksia, kuten chat-huoneita, videokeskusteluja, pikaviestipalveluja ja paljon muuta. Monet n\u00e4ist\u00e4 sivustoista antavat j\u00e4senille mahdollisuuden luoda profiileja , joihin he voivat ladata valokuvia, kirjoittaa lyhyit\u00e4 bioja ja jakaa kiinnostuksen kohteita. J\u00e4senet voivat sitten ... Lue lis\u00e4\u00e4\" \/>\n<meta property=\"og:url\" content=\"https:\/\/nosesso.net\/fi\/kytkentasivustojen-tyypit\/\" \/>\n<meta property=\"og:site_name\" content=\"No Sesso\" \/>\n<meta property=\"og:image\" content=\"http:\/\/nosesso.net\/wp-content\/uploads\/2022\/06\/heart-dating-1024x658.jpeg\" \/>\n<meta name=\"twitter:card\" content=\"summary_large_image\" \/>\n<meta name=\"twitter:label1\" content=\"Arvioitu lukuaika\" \/>\n\t<meta name=\"twitter:data1\" content=\"2 minuuttia\" \/>\n<script type=\"application\/ld+json\" class=\"yoast-schema-graph\">{\"@context\":\"https:\/\/schema.org\",\"@graph\":[{\"@type\":\"WebSite\",\"@id\":\"https:\/\/nosesso.net\/#website\",\"url\":\"https:\/\/nosesso.net\/\",\"name\":\"No Sesso\",\"description\":\"Real Dating Reviews\",\"potentialAction\":[{\"@type\":\"SearchAction\",\"target\":{\"@type\":\"EntryPoint\",\"urlTemplate\":\"https:\/\/nosesso.net\/?s={search_term_string}\"},\"query-input\":\"required name=search_term_string\"}],\"inLanguage\":\"fi\"},{\"@type\":\"ImageObject\",\"@id\":\"https:\/\/nosesso.net\/fi\/kytkentasivustojen-tyypit\/#primaryimage\",\"inLanguage\":\"fi\",\"url\":\"http:\/\/nosesso.net\/wp-content\/uploads\/2022\/06\/heart-dating-1024x658.jpeg\",\"contentUrl\":\"http:\/\/nosesso.net\/wp-content\/uploads\/2022\/06\/heart-dating-1024x658.jpeg\"},{\"@type\":\"WebPage\",\"@id\":\"https:\/\/nosesso.net\/fi\/kytkentasivustojen-tyypit\/#webpage\",\"url\":\"https:\/\/nosesso.net\/fi\/kytkentasivustojen-tyypit\/\",\"name\":\"Kytkent\\u00e4sivustojen tyypit - No Sesso\",\"isPartOf\":{\"@id\":\"https:\/\/nosesso.net\/#website\"},\"primaryImageOfPage\":{\"@id\":\"https:\/\/nosesso.net\/fi\/kytkentasivustojen-tyypit\/#primaryimage\"},\"datePublished\":\"2022-06-23T10:45:34+00:00\",\"dateModified\":\"2022-06-23T10:45:34+00:00\",\"breadcrumb\":{\"@id\":\"https:\/\/nosesso.net\/fi\/kytkentasivustojen-tyypit\/#breadcrumb\"},\"inLanguage\":\"fi\",\"potentialAction\":[{\"@type\":\"ReadAction\",\"target\":[\"https:\/\/nosesso.net\/fi\/kytkentasivustojen-tyypit\/\"]}]},{\"@type\":\"BreadcrumbList\",\"@id\":\"https:\/\/nosesso.net\/fi\/kytkentasivustojen-tyypit\/#breadcrumb\",\"itemListElement\":[{\"@type\":\"ListItem\",\"position\":1,\"name\":\"Home\",\"item\":\"https:\/\/nosesso.net\/fi\/\"},{\"@type\":\"ListItem\",\"position\":2,\"name\":\"Kytkent\\u00e4sivustojen tyypit\"}]}]}<\/script>\n<!-- \/ Yoast SEO plugin. -->","yoast_head_json":{"title":"Kytkent\u00e4sivustojen tyypit - No Sesso","robots":{"index":"index","follow":"follow","max-snippet":"max-snippet:-1","max-image-preview":"max-image-preview:large","max-video-preview":"max-video-preview:-1"},"canonical":"https:\/\/nosesso.net\/fi\/kytkentasivustojen-tyypit\/","og_locale":"fi_FI","og_type":"article","og_title":"Kytkent\u00e4sivustojen tyypit - No Sesso","og_description":"Verkossa on nyky\u00e4\u00e4n saatavilla monia erityyppisi\u00e4 ilmaisia kytkent\u00e4sivustoja. Jotkut keskittyv\u00e4t satunnaisiin kohtaamisiin, kun taas toiset palvelevat pitk\u00e4aikaisia suhteita. Ilmaiset kytkent\u00e4sivustot tarjoavat laajan valikoiman ominaisuuksia, kuten chat-huoneita, videokeskusteluja, pikaviestipalveluja ja paljon muuta. Monet n\u00e4ist\u00e4 sivustoista antavat j\u00e4senille mahdollisuuden luoda profiileja , joihin he voivat ladata valokuvia, kirjoittaa lyhyit\u00e4 bioja ja jakaa kiinnostuksen kohteita. J\u00e4senet voivat sitten ... Lue lis\u00e4\u00e4","og_url":"https:\/\/nosesso.net\/fi\/kytkentasivustojen-tyypit\/","og_site_name":"No Sesso","og_image":[{"url":"http:\/\/nosesso.net\/wp-content\/uploads\/2022\/06\/heart-dating-1024x658.jpeg"}],"twitter_card":"summary_large_image","twitter_misc":{"Arvioitu lukuaika":"2 minuuttia"},"schema":{"@context":"https:\/\/schema.org","@graph":[{"@type":"WebSite","@id":"https:\/\/nosesso.net\/#website","url":"https:\/\/nosesso.net\/","name":"No Sesso","description":"Real Dating Reviews","potentialAction":[{"@type":"SearchAction","target":{"@type":"EntryPoint","urlTemplate":"https:\/\/nosesso.net\/?s={search_term_string}"},"query-input":"required name=search_term_string"}],"inLanguage":"fi"},{"@type":"ImageObject","@id":"https:\/\/nosesso.net\/fi\/kytkentasivustojen-tyypit\/#primaryimage","inLanguage":"fi","url":"http:\/\/nosesso.net\/wp-content\/uploads\/2022\/06\/heart-dating-1024x658.jpeg","contentUrl":"http:\/\/nosesso.net\/wp-content\/uploads\/2022\/06\/heart-dating-1024x658.jpeg"},{"@type":"WebPage","@id":"https:\/\/nosesso.net\/fi\/kytkentasivustojen-tyypit\/#webpage","url":"https:\/\/nosesso.net\/fi\/kytkentasivustojen-tyypit\/","name":"Kytkent\u00e4sivustojen tyypit - No Sesso","isPartOf":{"@id":"https:\/\/nosesso.net\/#website"},"primaryImageOfPage":{"@id":"https:\/\/nosesso.net\/fi\/kytkentasivustojen-tyypit\/#primaryimage"},"datePublished":"2022-06-23T10:45:34+00:00","dateModified":"2022-06-23T10:45:34+00:00","breadcrumb":{"@id":"https:\/\/nosesso.net\/fi\/kytkentasivustojen-tyypit\/#breadcrumb"},"inLanguage":"fi","potentialAction":[{"@type":"ReadAction","target":["https:\/\/nosesso.net\/fi\/kytkentasivustojen-tyypit\/"]}]},{"@type":"BreadcrumbList","@id":"https:\/\/nosesso.net\/fi\/kytkentasivustojen-tyypit\/#breadcrumb","itemListElement":[{"@type":"ListItem","position":1,"name":"Home","item":"https:\/\/nosesso.net\/fi\/"},{"@type":"ListItem","position":2,"name":"Kytkent\u00e4sivustojen tyypit"}]}]}},"_links":{"self":[{"href":"https:\/\/nosesso.net\/fi\/wp-json\/wp\/v2\/pages\/246"}],"collection":[{"href":"https:\/\/nosesso.net\/fi\/wp-json\/wp\/v2\/pages"}],"about":[{"href":"https:\/\/nosesso.net\/fi\/wp-json\/wp\/v2\/types\/page"}],"author":[{"embeddable":true,"href":"https:\/\/nosesso.net\/fi\/wp-json\/wp\/v2\/users\/1"}],"replies":[{"embeddable":true,"href":"https:\/\/nosesso.net\/fi\/wp-json\/wp\/v2\/comments?post=246"}],"version-history":[{"count":0,"href":"https:\/\/nosesso.net\/fi\/wp-json\/wp\/v2\/pages\/246\/revisions"}],"wp:attachment":[{"href":"https:\/\/nosesso.net\/fi\/wp-json\/wp\/v2\/media?parent=246"}],"curies":[{"name":"wp","href":"https:\/\/api.w.org\/{rel}","templated":true}]}}