{"id":256,"date":"2022-06-23T11:43:28","date_gmt":"2022-06-23T10:43:28","guid":{"rendered":"http:\/\/nosesso.net\/miksi-paikalliset-kytkentasovellukset-voivat-sopia-sinulle\/"},"modified":"2022-06-23T11:43:28","modified_gmt":"2022-06-23T10:43:28","slug":"miksi-paikalliset-kytkentasovellukset-voivat-sopia-sinulle","status":"publish","type":"page","link":"https:\/\/nosesso.net\/fi\/miksi-paikalliset-kytkentasovellukset-voivat-sopia-sinulle\/","title":{"rendered":"Miksi paikalliset kytkent\u00e4sovellukset voivat sopia sinulle"},"content":{"rendered":"<p>Paikallisesta seksist\u00e4 on tullut yh\u00e4 suositumpaa viime vuosina. Ei ole yll\u00e4tys, ett\u00e4 ihmiset k\u00e4\u00e4ntyv\u00e4t online-treffisivustojen puoleen tavatakseen paikallisia sinkkuja, joilla on samanlaisia kiinnostuksen kohteita ja toiveita. Monet ihmiset kuitenkin haluavat silti tavata jonkun kasvokkain kuin verkossa.<\/p>\n<p>T\u00e4ss\u00e4 <a href=\"http:\/\/nosesso.net\/which-app-is-best-for-affiars\/\">paikalliset kytkent\u00e4sovellukset<\/a> tulevat peliin. N\u00e4iden sovellusten avulla ihmiset voivat olla yhteydess\u00e4 muihin l\u00e4hell\u00e4 oleviin paikallisiin riippumatta siit\u00e4, ovatko he kiinnostuneita satunnaisista kohtaamisista tai pitk\u00e4aikaisista suhteista. Saatavilla on paljon ilmaisia treffisovelluksia, joten sinulle parhaan l\u00f6yt\u00e4misen ei pit\u00e4isi olla liian vaikeaa.<\/p>\n<p><img loading=\"lazy\" class=\"aligncenter wp-image-49\" src=\"http:\/\/nosesso.net\/wp-content\/uploads\/2022\/06\/love-hand-1024x626.webp\" alt=\"\" width=\"648\" height=\"396\" srcset=\"https:\/\/nosesso.net\/wp-content\/uploads\/2022\/06\/love-hand-1024x626.webp 1024w, https:\/\/nosesso.net\/wp-content\/uploads\/2022\/06\/love-hand-300x184.webp 300w, https:\/\/nosesso.net\/wp-content\/uploads\/2022\/06\/love-hand-768x470.webp 768w, https:\/\/nosesso.net\/wp-content\/uploads\/2022\/06\/love-hand.webp 1226w\" sizes=\"(max-width: 648px) 100vw, 648px\" \/><\/p>\n<h2>Mobiilit kytkent\u00e4sivustot<\/h2>\n<p>Aluksi sinun on ladattava sovellus App Storesta tai Google Playsta. Kun olet tehnyt sen, voit alkaa etsi\u00e4 mahdollisia osumia. Sovellus n\u00e4ytt\u00e4\u00e4 sitten luettelon l\u00e4hell\u00e4 olevista k\u00e4ytt\u00e4jist\u00e4 sijaintisi perusteella. T\u00e4\u00e4lt\u00e4 voit pyyhk\u00e4ist\u00e4 vasemmalle tai oikealle n\u00e4hd\u00e4ksesi profiilit ja l\u00e4hett\u00e4\u00e4ksesi viestej\u00e4 kaikille, jotka kiinnitt\u00e4v\u00e4t huomiosi.<\/p>\n<p>Voit my\u00f6s m\u00e4\u00e4ritt\u00e4\u00e4 h\u00e4lytyksi\u00e4 vastaanottamaan ilmoituksia aina, kun joku l\u00e4hett\u00e4\u00e4 sinulle viestin. N\u00e4in voit vastata v\u00e4litt\u00f6m\u00e4sti ilman, ett\u00e4 sinun tarvitsee avata sovellusta joka kerta, kun saat ilmoituksen.<\/p>\n<p>Saatavilla on useita erityyppisi\u00e4 paikallisia seksisovelluksia, mukaan lukien ne, jotka keskittyv\u00e4t rentoihin kohtaamisiin, parit, jotka etsiv\u00e4t kolmen kimppaa, ja swingerit. Jokainen <a href=\"http:\/\/nosesso.net\/local-hookup-spots\/\">sovellustyyppi<\/a> tarjoaa omat ainutlaatuiset ominaisuutensa, joten valitse se, joka toimii sinulle parhaiten.<\/p>\n<p>Kun olet l\u00f6yt\u00e4nyt t\u00e4ydellisen ottelun, voit j\u00e4rjest\u00e4\u00e4 treffit ja tavata henkil\u00f6kohtaisesti. T\u00e4m\u00e4 antaa sinulle mahdollisuuden tutustua toisiimme paremmin ja p\u00e4\u00e4tt\u00e4\u00e4, haluatko jatkaa toistesi n\u00e4kemist\u00e4 ensimm\u00e4isen kohtaamisen j\u00e4lkeen.<\/p>\n<h2>J\u00e4rjest\u00e4tk\u00f6 treffit?<\/h2>\n<p>Seksitreffisivustot ovat yh\u00e4 suositumpia sinkkujen keskuudessa, jotka etsiv\u00e4t rentoja seksikohtaamisia. T\u00e4m\u00e4ntyyppiset online-treffisivustot antavat ihmisille mahdollisuuden tavata muita alueellaan, joilla on samanlaisia kiinnostuksen kohteita.<\/p>\n<p>Nyky\u00e4\u00e4n on saatavilla monia erilaisia seksitreffisivustoja, mukaan lukien ne, jotka keskittyv\u00e4t tiettyihin ik\u00e4ryhmiin, etnisiin ryhmiin tai seksuaalisiin mieltymyksiin. Jotkut sivustot tarjoavat ilmaisia j\u00e4senyysvaihtoehtoja, kun taas toiset vaativat maksullisia j\u00e4senyyksi\u00e4.<\/p>\n<p>Riippumatta siit\u00e4, p\u00e4\u00e4t\u00e4tk\u00f6 maksaa j\u00e4senyydest\u00e4 vai et, seksitreffisivustot tarjoavat turvallisen ymp\u00e4rist\u00f6n, jossa ihmiset voivat olla yhteydess\u00e4 toisiinsa ilman, ett\u00e4 heid\u00e4n tarvitsee huolehtia siit\u00e4, ett\u00e4 heid\u00e4t tuomitaan tai hyl\u00e4t\u00e4\u00e4n. On helppoa luoda profiili n\u00e4ille sivustoille ja selata sitten profiileja, kunnes l\u00f6yd\u00e4t jonkun, jonka haluat tavata.<\/p>\n<p>Kun olet l\u00f6yt\u00e4nyt henkil\u00f6n, jonka kanssa haluat keskustella, voit l\u00e4hett\u00e4\u00e4 h\u00e4nelle viestej\u00e4 ja j\u00e4rjest\u00e4\u00e4 tapaamisen henkil\u00f6kohtaisesti. Seksitreffisivustot ovat loistava vaihtoehto, jos etsit nopeaa heittoa, mutta jos haluat jotain vakavampaa, voit harkita liittymist\u00e4 perinteiseen treffisivustoon.<\/p>\n","protected":false},"excerpt":{"rendered":"<p>Paikallisesta seksist\u00e4 on tullut yh\u00e4 suositumpaa viime vuosina. Ei ole yll\u00e4tys, ett\u00e4 ihmiset k\u00e4\u00e4ntyv\u00e4t online-treffisivustojen puoleen tavatakseen paikallisia sinkkuja, joilla on samanlaisia kiinnostuksen kohteita ja toiveita. Monet ihmiset kuitenkin haluavat silti tavata jonkun kasvokkain kuin verkossa. T\u00e4ss\u00e4 paikalliset kytkent\u00e4sovellukset tulevat peliin. N\u00e4iden sovellusten avulla ihmiset voivat olla yhteydess\u00e4 muihin l\u00e4hell\u00e4 oleviin paikallisiin riippumatta siit\u00e4, ovatko &#8230; <a title=\"Miksi paikalliset kytkent\u00e4sovellukset voivat sopia sinulle\" class=\"read-more\" href=\"https:\/\/nosesso.net\/fi\/miksi-paikalliset-kytkentasovellukset-voivat-sopia-sinulle\/\" aria-label=\"Lis\u00e4\u00e4 Miksi paikalliset kytkent\u00e4sovellukset voivat sopia sinulle\">Lue lis\u00e4\u00e4<\/a><\/p>\n","protected":false},"author":1,"featured_media":0,"parent":0,"menu_order":0,"comment_status":"closed","ping_status":"closed","template":"","meta":[],"yoast_head":"<!-- This site is optimized with the Yoast SEO plugin v17.7.1 - https:\/\/yoast.com\/wordpress\/plugins\/seo\/ -->\n<title>Miksi paikalliset kytkent\u00e4sovellukset voivat sopia sinulle - No Sesso<\/title>\n<meta name=\"robots\" content=\"index, follow, max-snippet:-1, max-image-preview:large, max-video-preview:-1\" \/>\n<link rel=\"canonical\" href=\"https:\/\/nosesso.net\/fi\/miksi-paikalliset-kytkentasovellukset-voivat-sopia-sinulle\/\" \/>\n<meta property=\"og:locale\" content=\"fi_FI\" \/>\n<meta property=\"og:type\" content=\"article\" \/>\n<meta property=\"og:title\" content=\"Miksi paikalliset kytkent\u00e4sovellukset voivat sopia sinulle - No Sesso\" \/>\n<meta property=\"og:description\" content=\"Paikallisesta seksist\u00e4 on tullut yh\u00e4 suositumpaa viime vuosina. Ei ole yll\u00e4tys, ett\u00e4 ihmiset k\u00e4\u00e4ntyv\u00e4t online-treffisivustojen puoleen tavatakseen paikallisia sinkkuja, joilla on samanlaisia kiinnostuksen kohteita ja toiveita. Monet ihmiset kuitenkin haluavat silti tavata jonkun kasvokkain kuin verkossa. T\u00e4ss\u00e4 paikalliset kytkent\u00e4sovellukset tulevat peliin. N\u00e4iden sovellusten avulla ihmiset voivat olla yhteydess\u00e4 muihin l\u00e4hell\u00e4 oleviin paikallisiin riippumatta siit\u00e4, ovatko ... Lue lis\u00e4\u00e4\" \/>\n<meta property=\"og:url\" content=\"https:\/\/nosesso.net\/fi\/miksi-paikalliset-kytkentasovellukset-voivat-sopia-sinulle\/\" \/>\n<meta property=\"og:site_name\" content=\"No Sesso\" \/>\n<meta property=\"og:image\" content=\"http:\/\/nosesso.net\/wp-content\/uploads\/2022\/06\/love-hand-1024x626.webp\" \/>\n<meta name=\"twitter:card\" content=\"summary_large_image\" \/>\n<meta name=\"twitter:label1\" content=\"Arvioitu lukuaika\" \/>\n\t<meta name=\"twitter:data1\" content=\"2 minuuttia\" \/>\n<script type=\"application\/ld+json\" class=\"yoast-schema-graph\">{\"@context\":\"https:\/\/schema.org\",\"@graph\":[{\"@type\":\"WebSite\",\"@id\":\"https:\/\/nosesso.net\/#website\",\"url\":\"https:\/\/nosesso.net\/\",\"name\":\"No Sesso\",\"description\":\"Real Dating Reviews\",\"potentialAction\":[{\"@type\":\"SearchAction\",\"target\":{\"@type\":\"EntryPoint\",\"urlTemplate\":\"https:\/\/nosesso.net\/?s={search_term_string}\"},\"query-input\":\"required name=search_term_string\"}],\"inLanguage\":\"fi\"},{\"@type\":\"ImageObject\",\"@id\":\"https:\/\/nosesso.net\/fi\/miksi-paikalliset-kytkentasovellukset-voivat-sopia-sinulle\/#primaryimage\",\"inLanguage\":\"fi\",\"url\":\"http:\/\/nosesso.net\/wp-content\/uploads\/2022\/06\/love-hand-1024x626.webp\",\"contentUrl\":\"http:\/\/nosesso.net\/wp-content\/uploads\/2022\/06\/love-hand-1024x626.webp\"},{\"@type\":\"WebPage\",\"@id\":\"https:\/\/nosesso.net\/fi\/miksi-paikalliset-kytkentasovellukset-voivat-sopia-sinulle\/#webpage\",\"url\":\"https:\/\/nosesso.net\/fi\/miksi-paikalliset-kytkentasovellukset-voivat-sopia-sinulle\/\",\"name\":\"Miksi paikalliset kytkent\\u00e4sovellukset voivat sopia sinulle - No Sesso\",\"isPartOf\":{\"@id\":\"https:\/\/nosesso.net\/#website\"},\"primaryImageOfPage\":{\"@id\":\"https:\/\/nosesso.net\/fi\/miksi-paikalliset-kytkentasovellukset-voivat-sopia-sinulle\/#primaryimage\"},\"datePublished\":\"2022-06-23T10:43:28+00:00\",\"dateModified\":\"2022-06-23T10:43:28+00:00\",\"breadcrumb\":{\"@id\":\"https:\/\/nosesso.net\/fi\/miksi-paikalliset-kytkentasovellukset-voivat-sopia-sinulle\/#breadcrumb\"},\"inLanguage\":\"fi\",\"potentialAction\":[{\"@type\":\"ReadAction\",\"target\":[\"https:\/\/nosesso.net\/fi\/miksi-paikalliset-kytkentasovellukset-voivat-sopia-sinulle\/\"]}]},{\"@type\":\"BreadcrumbList\",\"@id\":\"https:\/\/nosesso.net\/fi\/miksi-paikalliset-kytkentasovellukset-voivat-sopia-sinulle\/#breadcrumb\",\"itemListElement\":[{\"@type\":\"ListItem\",\"position\":1,\"name\":\"Home\",\"item\":\"https:\/\/nosesso.net\/fi\/\"},{\"@type\":\"ListItem\",\"position\":2,\"name\":\"Miksi paikalliset kytkent\\u00e4sovellukset voivat sopia sinulle\"}]}]}<\/script>\n<!-- \/ Yoast SEO plugin. -->","yoast_head_json":{"title":"Miksi paikalliset kytkent\u00e4sovellukset voivat sopia sinulle - No Sesso","robots":{"index":"index","follow":"follow","max-snippet":"max-snippet:-1","max-image-preview":"max-image-preview:large","max-video-preview":"max-video-preview:-1"},"canonical":"https:\/\/nosesso.net\/fi\/miksi-paikalliset-kytkentasovellukset-voivat-sopia-sinulle\/","og_locale":"fi_FI","og_type":"article","og_title":"Miksi paikalliset kytkent\u00e4sovellukset voivat sopia sinulle - No Sesso","og_description":"Paikallisesta seksist\u00e4 on tullut yh\u00e4 suositumpaa viime vuosina. Ei ole yll\u00e4tys, ett\u00e4 ihmiset k\u00e4\u00e4ntyv\u00e4t online-treffisivustojen puoleen tavatakseen paikallisia sinkkuja, joilla on samanlaisia kiinnostuksen kohteita ja toiveita. Monet ihmiset kuitenkin haluavat silti tavata jonkun kasvokkain kuin verkossa. T\u00e4ss\u00e4 paikalliset kytkent\u00e4sovellukset tulevat peliin. N\u00e4iden sovellusten avulla ihmiset voivat olla yhteydess\u00e4 muihin l\u00e4hell\u00e4 oleviin paikallisiin riippumatta siit\u00e4, ovatko ... Lue lis\u00e4\u00e4","og_url":"https:\/\/nosesso.net\/fi\/miksi-paikalliset-kytkentasovellukset-voivat-sopia-sinulle\/","og_site_name":"No Sesso","og_image":[{"url":"http:\/\/nosesso.net\/wp-content\/uploads\/2022\/06\/love-hand-1024x626.webp"}],"twitter_card":"summary_large_image","twitter_misc":{"Arvioitu lukuaika":"2 minuuttia"},"schema":{"@context":"https:\/\/schema.org","@graph":[{"@type":"WebSite","@id":"https:\/\/nosesso.net\/#website","url":"https:\/\/nosesso.net\/","name":"No Sesso","description":"Real Dating Reviews","potentialAction":[{"@type":"SearchAction","target":{"@type":"EntryPoint","urlTemplate":"https:\/\/nosesso.net\/?s={search_term_string}"},"query-input":"required name=search_term_string"}],"inLanguage":"fi"},{"@type":"ImageObject","@id":"https:\/\/nosesso.net\/fi\/miksi-paikalliset-kytkentasovellukset-voivat-sopia-sinulle\/#primaryimage","inLanguage":"fi","url":"http:\/\/nosesso.net\/wp-content\/uploads\/2022\/06\/love-hand-1024x626.webp","contentUrl":"http:\/\/nosesso.net\/wp-content\/uploads\/2022\/06\/love-hand-1024x626.webp"},{"@type":"WebPage","@id":"https:\/\/nosesso.net\/fi\/miksi-paikalliset-kytkentasovellukset-voivat-sopia-sinulle\/#webpage","url":"https:\/\/nosesso.net\/fi\/miksi-paikalliset-kytkentasovellukset-voivat-sopia-sinulle\/","name":"Miksi paikalliset kytkent\u00e4sovellukset voivat sopia sinulle - No Sesso","isPartOf":{"@id":"https:\/\/nosesso.net\/#website"},"primaryImageOfPage":{"@id":"https:\/\/nosesso.net\/fi\/miksi-paikalliset-kytkentasovellukset-voivat-sopia-sinulle\/#primaryimage"},"datePublished":"2022-06-23T10:43:28+00:00","dateModified":"2022-06-23T10:43:28+00:00","breadcrumb":{"@id":"https:\/\/nosesso.net\/fi\/miksi-paikalliset-kytkentasovellukset-voivat-sopia-sinulle\/#breadcrumb"},"inLanguage":"fi","potentialAction":[{"@type":"ReadAction","target":["https:\/\/nosesso.net\/fi\/miksi-paikalliset-kytkentasovellukset-voivat-sopia-sinulle\/"]}]},{"@type":"BreadcrumbList","@id":"https:\/\/nosesso.net\/fi\/miksi-paikalliset-kytkentasovellukset-voivat-sopia-sinulle\/#breadcrumb","itemListElement":[{"@type":"ListItem","position":1,"name":"Home","item":"https:\/\/nosesso.net\/fi\/"},{"@type":"ListItem","position":2,"name":"Miksi paikalliset kytkent\u00e4sovellukset voivat sopia sinulle"}]}]}},"_links":{"self":[{"href":"https:\/\/nosesso.net\/fi\/wp-json\/wp\/v2\/pages\/256"}],"collection":[{"href":"https:\/\/nosesso.net\/fi\/wp-json\/wp\/v2\/pages"}],"about":[{"href":"https:\/\/nosesso.net\/fi\/wp-json\/wp\/v2\/types\/page"}],"author":[{"embeddable":true,"href":"https:\/\/nosesso.net\/fi\/wp-json\/wp\/v2\/users\/1"}],"replies":[{"embeddable":true,"href":"https:\/\/nosesso.net\/fi\/wp-json\/wp\/v2\/comments?post=256"}],"version-history":[{"count":0,"href":"https:\/\/nosesso.net\/fi\/wp-json\/wp\/v2\/pages\/256\/revisions"}],"wp:attachment":[{"href":"https:\/\/nosesso.net\/fi\/wp-json\/wp\/v2\/media?parent=256"}],"curies":[{"name":"wp","href":"https:\/\/api.w.org\/{rel}","templated":true}]}}