{"id":260,"date":"2022-06-23T11:41:21","date_gmt":"2022-06-23T10:41:21","guid":{"rendered":"http:\/\/nosesso.net\/sex-hookup-opas\/"},"modified":"2022-07-05T13:00:07","modified_gmt":"2022-07-05T12:00:07","slug":"sex-hookup-opas","status":"publish","type":"page","link":"https:\/\/nosesso.net\/fi\/","title":{"rendered":"Sex Hookup -opas"},"content":{"rendered":"<p>Aikuisten treffit ovat loistava tapa tavata uusia yst\u00e4vi\u00e4, luoda uusia yhteyksi\u00e4 ja jopa l\u00f6yt\u00e4\u00e4 rakkautta. Mutta aloittaminen ei ole aina helppoa.<\/p>\n<p>T\u00e4m\u00e4 opas auttaa sinua oppimaan kaiken, mit\u00e4 sinun tarvitsee tiet\u00e4\u00e4 aikuisten treffeist\u00e4, mukaan lukien:<\/p>\n<p>Mit\u00e4 aikuisten treffisivustoja on saatavilla<\/p>\n<ul>\n<li>Kuinka valita sinulle sopiva sivusto<\/li>\n<li>Kuinka luoda profiili, joka huomataan<\/li>\n<li>Kuinka houkutella huomiota mahdollisista p\u00e4iv\u00e4m\u00e4\u00e4rist\u00e4<\/li>\n<li>Viesteihin vastaaminen<\/li>\n<li>Kuinka luoda ilmainen kokeilutili<\/li>\n<li>Ja paljon muuta<\/li>\n<\/ul>\n<p><img loading=\"lazy\" class=\"aligncenter size-full wp-image-57\" src=\"http:\/\/nosesso.net\/wp-content\/uploads\/2022\/06\/online-hookup-sites.jpeg\" alt=\"\" width=\"500\" height=\"750\" srcset=\"https:\/\/nosesso.net\/wp-content\/uploads\/2022\/06\/online-hookup-sites.jpeg 500w, https:\/\/nosesso.net\/wp-content\/uploads\/2022\/06\/online-hookup-sites-200x300.jpeg 200w\" sizes=\"(max-width: 500px) 100vw, 500px\" \/><\/p>\n<h2>Mit\u00e4 No Sesso merkitsee sinulle?<\/h2>\n<p>Yksi seksideittailun parhaista puolista on, ett\u00e4 se on t\u00e4ysin anonyymi kanssa. Rekister\u00f6itymiseen ei tarvita henkil\u00f6kohtaisia tietoja, eik\u00e4 kenenk\u00e4\u00e4n tarvitse tiet\u00e4\u00e4 sinusta mit\u00e4\u00e4n muuta kuin mieltymyksesi. T\u00e4m\u00e4 tarkoittaa, ett\u00e4 voit olla oma itsesi huolehtimatta kiusallisten salaisuuksien paljastamisesta.<\/p>\n<p>Kun olet l\u00f6yt\u00e4nyt henkil\u00f6n, jonka kanssa haluat seurustella, voit m\u00e4\u00e4ritt\u00e4\u00e4 kohtaamispaikan ja -ajan <a href=\"http:\/\/www.treffisivusto.com\">Treffisivusto.com<\/a>. Seksitreffisivustot tarjoavat yleens\u00e4 useita vaihtoehtoja p\u00e4iv\u00e4m\u00e4\u00e4rien j\u00e4rjest\u00e4miseen, mukaan lukien tekstiviestit, puhelut, videopuhelut ja henkil\u00f6kohtaiset tapaamiset.<\/p>\n<p>Viimeinen askel on todella harrastaa seksi\u00e4. Vaikka jotkut ihmiset nauttivat <a href=\"http:\/\/nosesso.net\/which-app-is-best-for-affiars\/\">seksist\u00e4 vieraiden kanssa<\/a>, toiset tuntevat olonsa ep\u00e4mukavaksi tehdess\u00e4\u00e4n niin. Suojautuaksesi valitse aina turvallinen ja yksityinen sijainti.<\/p>\n<p>Rento seksi on eritt\u00e4in suosittu aihe verkossa. N\u00e4ytt\u00e4\u00e4 silt\u00e4, ett\u00e4 kaikki haluavat puhua siit\u00e4, ja on helppo ymm\u00e4rt\u00e4\u00e4 miksi. On monia eri syit\u00e4, miksi ihmiset nauttivat rennosta seksist\u00e4, mukaan lukien se, ett\u00e4 se on hauskaa, j\u00e4nnitt\u00e4v\u00e4\u00e4 ja ilmaista.<\/p>\n<p>On paljon <a href=\"http:\/\/nosesso.net\/free-hookup-sites\/\">ilmaisia kytkent\u00e4sivustoja<\/a> , joissa voit tavata muita ihmisi\u00e4, jotka ovat kiinnostuneita rennosta seksist\u00e4. N\u00e4iden sivustojen avulla voit selata rennoa seksi\u00e4 etsivien ihmisten profiileja ja l\u00e4hett\u00e4\u00e4 heille viestin suoraan, jos haluat.<\/p>\n<h3>Kuinka voimme auttaa sinua l\u00f6yt\u00e4m\u00e4\u00e4n p\u00e4iv\u00e4m\u00e4\u00e4ri\u00e4 kytkent\u00e4sivustojen avulla<\/h3>\n<p>Paikallisesta seksist\u00e4 on tullut yh\u00e4 suositumpaa viime vuosina, tutustu vertailusivustoon saadaksesi luettelon seksikeskustelusovelluksista, joihin voit liitty\u00e4. Ei ole yll\u00e4tys, ett\u00e4 yh\u00e4 useammat ihmiset k\u00e4\u00e4ntyv\u00e4t online-resursseihin tavatakseen muita sinkkuja, joilla on samanlaisia kiinnostuksen kohteita.<\/p>\n<p>Olitpa kiinnostunut satunnaisista kytkenn\u00f6ist\u00e4 tai pitk\u00e4aikaisista suhteista, paikalliset seksisivustot tarjoavat k\u00e4tev\u00e4n tavan olla yhteydess\u00e4 muihin, jotka jakavat toiveesi. N\u00e4iden sivustojen avulla voit selata j\u00e4senten profiileja sijainnin, i\u00e4n ja seksuaalisten mieltymysten perusteella.<\/p>\n<p>Nyky\u00e4\u00e4n on saatavilla monia erilaisia paikallisia seksisivustoja. Jotkut keskittyv\u00e4t yksinomaan satunnaisiin kohtaamisiin, kun taas toiset palvelevat erityisesti pariskuntia, jotka haluavat tutkia seksuaalisuuttaan yhdess\u00e4. Parasta on, ett\u00e4 n\u00e4ihin sivustoihin voi liitty\u00e4 ilmaiseksi, mik\u00e4 tekee niist\u00e4 helppok\u00e4ytt\u00f6isi\u00e4 ja helppok\u00e4ytt\u00f6isi\u00e4.<\/p>\n<p>Koska vaihtoehtoja on niin paljon, on vaikea p\u00e4\u00e4tt\u00e4\u00e4, mist\u00e4 aloittaa. Aloita selaamalla 10 parhaan paikallisen seksisivuston kokoelmaamme saadaksesi lis\u00e4tietoja jokaisesta vaihtoehdosta. Lue sitten todellisten k\u00e4ytt\u00e4jien arvosteluja selvitt\u00e4\u00e4ksesi, kannattaako johonkin heist\u00e4 liitty\u00e4.<\/p>\n<h3>Toimiiko online-treffit todella?<\/h3>\n<p>Seksitreffit ovat er\u00e4\u00e4nlainen online-treffit, joissa ihmiset tapaavat keskin\u00e4isen kiinnostuksen kautta seksiin. Se eroaa muun tyyppisist\u00e4 online-treffailuista, kuten,\u00a0koska se ei vaadi kahden ihmisen v\u00e4list\u00e4 suhdetta. Sen sijaan se antaa ihmisille, jotka ovat kiinnostuneita satunnaisista seksuaalisista kohtaamisista, olla yhteydess\u00e4 toisiinsa.<\/p>\n<p>Useimmissa tapauksissa useimpiin seksitreffisivustoihin voi liitty\u00e4 ilmaiseksi, jos katsot n\u00e4et luettelot parhaista vaihtoehdoistasi. Jos kuitenkin haluat maksaa premium-j\u00e4senyydest\u00e4, voit yleens\u00e4 rekister\u00f6ity\u00e4 kuukausittaiseen tilausmaksuun. Kun olet luonut profiilin, voit selata muiden j\u00e4senten profiileja ja l\u00e4hett\u00e4\u00e4 viestej\u00e4 mahdollisille kumppaneille.<\/p>\n<p>Vaikka monien seksitreffisivustojen avulla voit luoda profiilin, toiset vaativat sinua t\u00e4ytt\u00e4m\u00e4\u00e4n kyselylomakkeen ennen kuin voit rekister\u00f6ity\u00e4. Jotkut sivustot esitt\u00e4v\u00e4t kysymyksi\u00e4 i\u00e4st\u00e4si, sukupuolestasi, etnisest\u00e4 alkuper\u00e4st\u00e4si, uskonnostasi, siviilis\u00e4\u00e4dyst\u00e4si, ammatistasi, harrastuksistasi ja kiinnostuksen kohteistasi.<\/p>\n<p>Kun olet t\u00e4ytt\u00e4nyt n\u00e4m\u00e4 lomakkeet, saat vahvistuss\u00e4hk\u00f6postin, jossa kerrotaan, onnistuiko rekister\u00f6intisi. Jos sinut hyv\u00e4ksyttiin yhteis\u00f6\u00f6n, sinulle annetaan p\u00e4\u00e4sy sivuston ominaisuuksiin.<\/p>\n<h3>Mit\u00e4 sinun pit\u00e4isi olla varovainen?<\/h3>\n<p>On t\u00e4rke\u00e4\u00e4 muistaa, ett\u00e4 t\u00e4m\u00e4ntyyppiset sivustot eiv\u00e4t aina ole turvallisia. Varmista, ett\u00e4 luet arvosteluja ja esit\u00e4t kysymyksi\u00e4 ennen rekister\u00f6itymist\u00e4 mink\u00e4\u00e4nlaiseen treffipalveluun. \u00c4l\u00e4 anna henkil\u00f6kohtaisia tietoja ennen kuin olet t\u00e4ysin varma, ett\u00e4 luotat henkil\u00f6\u00f6n, jonka kanssa puhut.<\/p>\n<p>Ole my\u00f6s varovainen, ettet jaa liikaa henkil\u00f6kohtaisia tietoja. Jotkut ihmiset saattavat yritt\u00e4\u00e4 huijata sinua rahasta tai varastaa henkil\u00f6llisyytesi. Pid\u00e4 varuillasi ja suojaudu huijareilta.<\/p>\n<p>\u00c4l\u00e4 unohda jakaa omia kokemuksiasi rennosta seksist\u00e4. Kerro meille parhaista paikoista tavata ihmisi\u00e4 rentoa seksi\u00e4 varten ja kerro muille, mit\u00e4 olet oppinut.<\/p>\n<p><a href=\"http:\/\/nosesso.net\/why-local-hookup-apps-could-be-right-for-you\/\">Paikallisista kytkenn\u00f6ist\u00e4<\/a> on tulossa yh\u00e4 suositumpia sinkkujen keskuudessa, jotka ovat kyll\u00e4styneet pitk\u00e4n matkan suhdepeliin. On helppo tavata joku paikallinen, jos olet valmis n\u00e4kem\u00e4\u00e4n vaivaa.<\/p>\n<p>Aluksi sinun on luotava profiili treffisovelluksessa, kuten Tinder tai Bumble. Kun olet tehnyt sen, voit selata profiileja, kunnes l\u00f6yd\u00e4t jonkun, joka kiinnitt\u00e4\u00e4 huomiosi. Sitten voit l\u00e4hett\u00e4\u00e4 heille viestin ja pyyt\u00e4\u00e4 heit\u00e4 treffeille.<\/p>\n<p>On t\u00e4rke\u00e4\u00e4 muistaa, ett\u00e4 online-treffisovellukset eiv\u00e4t ole tarkoitettu vain vieraiden tapaamiseen; ne ovat my\u00f6s loistava paikka olla yhteydess\u00e4 yst\u00e4viin ja perheenj\u00e4seniin. Joten jos etsit rentoa yhteytt\u00e4, yrit\u00e4 etsi\u00e4 otteluita puhelimestasi sen sijaan, ett\u00e4 menisit suoraan baariin tai klubiin.<\/p>\n<p>Kun olet l\u00f6yt\u00e4nyt jonkun, joka n\u00e4ytt\u00e4\u00e4 olevan kiinnostunut sinusta, voit p\u00e4\u00e4tt\u00e4\u00e4, haluatko jatkaa puhumista h\u00e4nen kanssaan. Jos p\u00e4\u00e4dyt keskustelemaan, muista noudattaa n\u00e4it\u00e4 vinkkej\u00e4 v\u00e4ltt\u00e4\u00e4ksesi huijauksen.<\/p>\n","protected":false},"excerpt":{"rendered":"<p>Aikuisten treffit ovat loistava tapa tavata uusia yst\u00e4vi\u00e4, luoda uusia yhteyksi\u00e4 ja jopa l\u00f6yt\u00e4\u00e4 rakkautta. Mutta aloittaminen ei ole aina helppoa. T\u00e4m\u00e4 opas auttaa sinua oppimaan kaiken, mit\u00e4 sinun tarvitsee tiet\u00e4\u00e4 aikuisten treffeist\u00e4, mukaan lukien: Mit\u00e4 aikuisten treffisivustoja on saatavilla Kuinka valita sinulle sopiva sivusto Kuinka luoda profiili, joka huomataan Kuinka houkutella huomiota mahdollisista p\u00e4iv\u00e4m\u00e4\u00e4rist\u00e4 &#8230; <a title=\"Sex Hookup -opas\" class=\"read-more\" href=\"https:\/\/nosesso.net\/fi\/\" aria-label=\"Lis\u00e4\u00e4 Sex Hookup -opas\">Lue lis\u00e4\u00e4<\/a><\/p>\n","protected":false},"author":1,"featured_media":0,"parent":0,"menu_order":0,"comment_status":"closed","ping_status":"closed","template":"","meta":[],"yoast_head":"<!-- This site is optimized with the Yoast SEO plugin v17.7.1 - https:\/\/yoast.com\/wordpress\/plugins\/seo\/ -->\n<title>Sex Hookup -opas - No Sesso<\/title>\n<meta name=\"robots\" content=\"index, follow, max-snippet:-1, max-image-preview:large, max-video-preview:-1\" \/>\n<link rel=\"canonical\" href=\"https:\/\/nosesso.net\/fi\/\" \/>\n<meta property=\"og:locale\" content=\"fi_FI\" \/>\n<meta property=\"og:type\" content=\"article\" \/>\n<meta property=\"og:title\" content=\"Sex Hookup -opas - No Sesso\" \/>\n<meta property=\"og:description\" content=\"Aikuisten treffit ovat loistava tapa tavata uusia yst\u00e4vi\u00e4, luoda uusia yhteyksi\u00e4 ja jopa l\u00f6yt\u00e4\u00e4 rakkautta. Mutta aloittaminen ei ole aina helppoa. T\u00e4m\u00e4 opas auttaa sinua oppimaan kaiken, mit\u00e4 sinun tarvitsee tiet\u00e4\u00e4 aikuisten treffeist\u00e4, mukaan lukien: Mit\u00e4 aikuisten treffisivustoja on saatavilla Kuinka valita sinulle sopiva sivusto Kuinka luoda profiili, joka huomataan Kuinka houkutella huomiota mahdollisista p\u00e4iv\u00e4m\u00e4\u00e4rist\u00e4 ... Lue lis\u00e4\u00e4\" \/>\n<meta property=\"og:url\" content=\"https:\/\/nosesso.net\/fi\/\" \/>\n<meta property=\"og:site_name\" content=\"No Sesso\" \/>\n<meta property=\"article:modified_time\" content=\"2022-07-05T12:00:07+00:00\" \/>\n<meta property=\"og:image\" content=\"http:\/\/nosesso.net\/wp-content\/uploads\/2022\/06\/online-hookup-sites.jpeg\" \/>\n<meta name=\"twitter:card\" content=\"summary_large_image\" \/>\n<meta name=\"twitter:label1\" content=\"Arvioitu lukuaika\" \/>\n\t<meta name=\"twitter:data1\" content=\"4 minuuttia\" \/>\n<script type=\"application\/ld+json\" class=\"yoast-schema-graph\">{\"@context\":\"https:\/\/schema.org\",\"@graph\":[{\"@type\":\"WebSite\",\"@id\":\"https:\/\/nosesso.net\/#website\",\"url\":\"https:\/\/nosesso.net\/\",\"name\":\"No Sesso\",\"description\":\"Real Dating Reviews\",\"potentialAction\":[{\"@type\":\"SearchAction\",\"target\":{\"@type\":\"EntryPoint\",\"urlTemplate\":\"https:\/\/nosesso.net\/?s={search_term_string}\"},\"query-input\":\"required name=search_term_string\"}],\"inLanguage\":\"fi\"},{\"@type\":\"ImageObject\",\"@id\":\"https:\/\/nosesso.net\/fi\/#primaryimage\",\"inLanguage\":\"fi\",\"url\":\"http:\/\/nosesso.net\/wp-content\/uploads\/2022\/06\/online-hookup-sites.jpeg\",\"contentUrl\":\"http:\/\/nosesso.net\/wp-content\/uploads\/2022\/06\/online-hookup-sites.jpeg\"},{\"@type\":\"WebPage\",\"@id\":\"https:\/\/nosesso.net\/fi\/#webpage\",\"url\":\"https:\/\/nosesso.net\/fi\/\",\"name\":\"Sex Hookup -opas - No Sesso\",\"isPartOf\":{\"@id\":\"https:\/\/nosesso.net\/#website\"},\"primaryImageOfPage\":{\"@id\":\"https:\/\/nosesso.net\/fi\/#primaryimage\"},\"datePublished\":\"2022-06-23T10:41:21+00:00\",\"dateModified\":\"2022-07-05T12:00:07+00:00\",\"breadcrumb\":{\"@id\":\"https:\/\/nosesso.net\/fi\/#breadcrumb\"},\"inLanguage\":\"fi\",\"potentialAction\":[{\"@type\":\"ReadAction\",\"target\":[\"https:\/\/nosesso.net\/fi\/\"]}]},{\"@type\":\"BreadcrumbList\",\"@id\":\"https:\/\/nosesso.net\/fi\/#breadcrumb\",\"itemListElement\":[{\"@type\":\"ListItem\",\"position\":1,\"name\":\"Home\",\"item\":\"https:\/\/nosesso.net\/fi\/\"},{\"@type\":\"ListItem\",\"position\":2,\"name\":\"Sex Hookup -opas\"}]}]}<\/script>\n<!-- \/ Yoast SEO plugin. -->","yoast_head_json":{"title":"Sex Hookup -opas - No Sesso","robots":{"index":"index","follow":"follow","max-snippet":"max-snippet:-1","max-image-preview":"max-image-preview:large","max-video-preview":"max-video-preview:-1"},"canonical":"https:\/\/nosesso.net\/fi\/","og_locale":"fi_FI","og_type":"article","og_title":"Sex Hookup -opas - No Sesso","og_description":"Aikuisten treffit ovat loistava tapa tavata uusia yst\u00e4vi\u00e4, luoda uusia yhteyksi\u00e4 ja jopa l\u00f6yt\u00e4\u00e4 rakkautta. Mutta aloittaminen ei ole aina helppoa. T\u00e4m\u00e4 opas auttaa sinua oppimaan kaiken, mit\u00e4 sinun tarvitsee tiet\u00e4\u00e4 aikuisten treffeist\u00e4, mukaan lukien: Mit\u00e4 aikuisten treffisivustoja on saatavilla Kuinka valita sinulle sopiva sivusto Kuinka luoda profiili, joka huomataan Kuinka houkutella huomiota mahdollisista p\u00e4iv\u00e4m\u00e4\u00e4rist\u00e4 ... Lue lis\u00e4\u00e4","og_url":"https:\/\/nosesso.net\/fi\/","og_site_name":"No Sesso","article_modified_time":"2022-07-05T12:00:07+00:00","og_image":[{"url":"http:\/\/nosesso.net\/wp-content\/uploads\/2022\/06\/online-hookup-sites.jpeg"}],"twitter_card":"summary_large_image","twitter_misc":{"Arvioitu lukuaika":"4 minuuttia"},"schema":{"@context":"https:\/\/schema.org","@graph":[{"@type":"WebSite","@id":"https:\/\/nosesso.net\/#website","url":"https:\/\/nosesso.net\/","name":"No Sesso","description":"Real Dating Reviews","potentialAction":[{"@type":"SearchAction","target":{"@type":"EntryPoint","urlTemplate":"https:\/\/nosesso.net\/?s={search_term_string}"},"query-input":"required name=search_term_string"}],"inLanguage":"fi"},{"@type":"ImageObject","@id":"https:\/\/nosesso.net\/fi\/#primaryimage","inLanguage":"fi","url":"http:\/\/nosesso.net\/wp-content\/uploads\/2022\/06\/online-hookup-sites.jpeg","contentUrl":"http:\/\/nosesso.net\/wp-content\/uploads\/2022\/06\/online-hookup-sites.jpeg"},{"@type":"WebPage","@id":"https:\/\/nosesso.net\/fi\/#webpage","url":"https:\/\/nosesso.net\/fi\/","name":"Sex Hookup -opas - No Sesso","isPartOf":{"@id":"https:\/\/nosesso.net\/#website"},"primaryImageOfPage":{"@id":"https:\/\/nosesso.net\/fi\/#primaryimage"},"datePublished":"2022-06-23T10:41:21+00:00","dateModified":"2022-07-05T12:00:07+00:00","breadcrumb":{"@id":"https:\/\/nosesso.net\/fi\/#breadcrumb"},"inLanguage":"fi","potentialAction":[{"@type":"ReadAction","target":["https:\/\/nosesso.net\/fi\/"]}]},{"@type":"BreadcrumbList","@id":"https:\/\/nosesso.net\/fi\/#breadcrumb","itemListElement":[{"@type":"ListItem","position":1,"name":"Home","item":"https:\/\/nosesso.net\/fi\/"},{"@type":"ListItem","position":2,"name":"Sex Hookup -opas"}]}]}},"_links":{"self":[{"href":"https:\/\/nosesso.net\/fi\/wp-json\/wp\/v2\/pages\/260"}],"collection":[{"href":"https:\/\/nosesso.net\/fi\/wp-json\/wp\/v2\/pages"}],"about":[{"href":"https:\/\/nosesso.net\/fi\/wp-json\/wp\/v2\/types\/page"}],"author":[{"embeddable":true,"href":"https:\/\/nosesso.net\/fi\/wp-json\/wp\/v2\/users\/1"}],"replies":[{"embeddable":true,"href":"https:\/\/nosesso.net\/fi\/wp-json\/wp\/v2\/comments?post=260"}],"version-history":[{"count":3,"href":"https:\/\/nosesso.net\/fi\/wp-json\/wp\/v2\/pages\/260\/revisions"}],"predecessor-version":[{"id":287,"href":"https:\/\/nosesso.net\/fi\/wp-json\/wp\/v2\/pages\/260\/revisions\/287"}],"wp:attachment":[{"href":"https:\/\/nosesso.net\/fi\/wp-json\/wp\/v2\/media?parent=260"}],"curies":[{"name":"wp","href":"https:\/\/api.w.org\/{rel}","templated":true}]}}