{"id":151,"date":"2022-06-23T11:51:14","date_gmt":"2022-06-23T10:51:14","guid":{"rendered":"http:\/\/nosesso.net\/lieux-de-connexion-locaux\/"},"modified":"2022-06-23T11:51:14","modified_gmt":"2022-06-23T10:51:14","slug":"lieux-de-connexion-locaux","status":"publish","type":"page","link":"https:\/\/nosesso.net\/fr\/lieux-de-connexion-locaux\/","title":{"rendered":"Lieux de connexion locaux"},"content":{"rendered":"<p>Se connecter est amusant, excitant et parfois m\u00eame romantique. Mais si vous cherchez un lieu de rencontre local, vous pourriez \u00eatre d\u00e9\u00e7u. C\u2019est parce que <a href=\"http:\/\/nosesso.net\/fr\/sites-de-rencontres-sexuelles-occasionnelles-gratuits\/\">la plupart des applications de connexion<\/a> sont con\u00e7ues pour connecter des personnes qui sont \u00e9loign\u00e9es les unes des autres.<\/p>\n<p>Mais il y a beaucoup d\u2019endroits o\u00f9 vous pouvez rencontrer quelqu\u2019un \u00e0 proximit\u00e9. Que vous recherchiez des relations sexuelles occasionnelles ou une relation, ces endroits offrent un environnement s\u00fbr o\u00f9 vous pouvez vous amuser sans avoir \u00e0 vous soucier d\u2019\u00eatre jug\u00e9 ou rejet\u00e9.<\/p>\n<p><img loading=\"lazy\" class=\"aligncenter size-full wp-image-54\" src=\"http:\/\/nosesso.net\/wp-content\/uploads\/2022\/06\/find-dates.jpeg\" alt=\"\" width=\"500\" height=\"750\" srcset=\"https:\/\/nosesso.net\/wp-content\/uploads\/2022\/06\/find-dates.jpeg 500w, https:\/\/nosesso.net\/wp-content\/uploads\/2022\/06\/find-dates-200x300.jpeg 200w\" sizes=\"(max-width: 500px) 100vw, 500px\" \/><\/p>\n<p>Voici cinq lieux de connexion populaires pr\u00e8s de chez vous:<\/p>\n<h3>1. Parcs publics<\/h3>\n<p>Les parcs publics sont parfaits pour rencontrer des c\u00e9libataires. Il n\u2019y a pas de r\u00e8gles ou d\u2019attentes, vous pouvez donc simplement vous d\u00e9tendre et vous amuser. De plus, vous rencontrerez probablement beaucoup d\u2019autres personnes qui font la m\u00eame chose.<\/p>\n<h3>2. Barres<\/h3>\n<p>Les bars sont un autre endroit id\u00e9al pour rencontrer des gens. Les gens ont tendance \u00e0 tra\u00eener dans les bars apr\u00e8s le travail, il est donc facile d\u2019entamer des conversations avec des \u00e9trangers.<\/p>\n<h3>3. Caf\u00e9s<\/h3>\n<p>Les caf\u00e9s sont un endroit id\u00e9al pour rencontrer des gens, surtout si vous cherchez quelque chose de s\u00e9rieux. C\u2019est un r\u00e9glage \u00e0 basse pression, vous pouvez donc parler librement et ouvertement de n\u2019importe quoi.<\/p>\n<h3>4. Biblioth\u00e8ques<\/h3>\n<p>Les biblioth\u00e8ques sont un endroit id\u00e9al pour <a href=\"http:\/\/nosesso.net\/fr\/ou-trouver-des-personnes-ayant-des-interets-similaires\/\">trouver l\u2019amour<\/a>. Non seulement ils sont gratuits, mais ils sont aussi calmes et relaxants. Et comme vous \u00eates entour\u00e9 de livres, vous vous sentirez plus \u00e0 l\u2019aise de parler de sujets personnels.<\/p>\n<h3>5. H\u00f4tels<\/h3>\n<p>Les h\u00f4tels sont un endroit id\u00e9al o\u00f9 aller si vous cherchez du temps seul. Vous pouvez avoir de l\u2019intimit\u00e9 tout en \u00e9tant assez proche des autres personnes pour rencontrer facilement de nouveaux amis.<\/p>\n<p>Donc, que vous recherchiez une aventure d\u2019un soir ou une relation \u00e0 long terme, ces endroits sont une excellente option.<\/p>\n<h3>6. Applications de rencontres sexuelles<\/h3>\n<p>Il existe de nombreux types de sites de rencontres sexuelles disponibles aujourd\u2019hui, y compris ceux ax\u00e9s sur des groupes d\u2019\u00e2ge, des ethnies et des lieux sp\u00e9cifiques. Certains sites se concentrent exclusivement sur les relations avec les adultes tandis que d\u2019autres s\u2019adressent \u00e0 tout le monde, des adolescents aux personnes \u00e2g\u00e9es.<\/p>\n<p>Quel que soit l\u2019endroit o\u00f9 vous d\u00e9cidez de vous inscrire, assurez-vous de choisir un service de bonne r\u00e9putation. V\u00e9rifiez les avis et les \u00e9valuations pour d\u00e9terminer si un site particulier a la r\u00e9putation d\u2019\u00eatre digne de confiance. Consid\u00e9rez \u00e9galement le co\u00fbt de l\u2019adh\u00e9sion; si vous allez payer pour un abonnement, vous pourriez aussi bien en avoir pour votre argent.<\/p>\n<p>Apr\u00e8s vous \u00eatre inscrit, vous recevrez des e-mails du site vous demandant de remplir des questions de profil et de t\u00e9l\u00e9charger des photos. Une fois ces t\u00e2ches effectu\u00e9es, vous pourrez parcourir les profils des autres membres. Vous pouvez ensuite envoyer un message \u00e0 toute personne que vous souhaitez rencontrer.<\/p>\n<p>Une fois que vous avez trouv\u00e9 quelqu\u2019un \u00e0 qui vous aimeriez parler, vous pouvez vous organiser pour vous rencontrer en personne. Les sites de rencontres sexuelles offrent g\u00e9n\u00e9ralement une vari\u00e9t\u00e9 de fa\u00e7ons pour les membres de communiquer entre eux, y compris la messagerie texte, les appels t\u00e9l\u00e9phoniques, les chats vid\u00e9o et les messages instantan\u00e9s.<\/p>\n<p>La m\u00e9thode de communication la plus courante est la messagerie texte. Cependant, certains sites permettent \u00e9galement aux membres d\u2019envoyer des messages vocaux ou d\u2019utiliser des applications pour enregistrer des messages audio. Plus vous avez d\u2019options, plus il sera facile de fixer des dates avec d\u2019autres membres.<\/p>\n","protected":false},"excerpt":{"rendered":"<p>Se connecter est amusant, excitant et parfois m\u00eame romantique. Mais si vous cherchez un lieu de rencontre local, vous pourriez \u00eatre d\u00e9\u00e7u. C\u2019est parce que la plupart des applications de connexion sont con\u00e7ues pour connecter des personnes qui sont \u00e9loign\u00e9es les unes des autres. Mais il y a beaucoup d\u2019endroits o\u00f9 vous pouvez rencontrer quelqu\u2019un &#8230; <a title=\"Lieux de connexion locaux\" class=\"read-more\" href=\"https:\/\/nosesso.net\/fr\/lieux-de-connexion-locaux\/\" aria-label=\"En savoir plus sur Lieux de connexion locaux\">Lire la suite<\/a><\/p>\n","protected":false},"author":1,"featured_media":0,"parent":0,"menu_order":0,"comment_status":"closed","ping_status":"closed","template":"","meta":[],"yoast_head":"<!-- This site is optimized with the Yoast SEO plugin v17.7.1 - https:\/\/yoast.com\/wordpress\/plugins\/seo\/ -->\n<title>Lieux de connexion locaux - No Sesso<\/title>\n<meta name=\"robots\" content=\"index, follow, max-snippet:-1, max-image-preview:large, max-video-preview:-1\" \/>\n<link rel=\"canonical\" href=\"https:\/\/nosesso.net\/fr\/lieux-de-connexion-locaux\/\" \/>\n<meta property=\"og:locale\" content=\"fr_FR\" \/>\n<meta property=\"og:type\" content=\"article\" \/>\n<meta property=\"og:title\" content=\"Lieux de connexion locaux - No Sesso\" \/>\n<meta property=\"og:description\" content=\"Se connecter est amusant, excitant et parfois m\u00eame romantique. Mais si vous cherchez un lieu de rencontre local, vous pourriez \u00eatre d\u00e9\u00e7u. C\u2019est parce que la plupart des applications de connexion sont con\u00e7ues pour connecter des personnes qui sont \u00e9loign\u00e9es les unes des autres. Mais il y a beaucoup d\u2019endroits o\u00f9 vous pouvez rencontrer quelqu\u2019un ... Lire la suite\" \/>\n<meta property=\"og:url\" content=\"https:\/\/nosesso.net\/fr\/lieux-de-connexion-locaux\/\" \/>\n<meta property=\"og:site_name\" content=\"No Sesso\" \/>\n<meta property=\"og:image\" content=\"http:\/\/nosesso.net\/wp-content\/uploads\/2022\/06\/find-dates.jpeg\" \/>\n<meta name=\"twitter:card\" content=\"summary_large_image\" \/>\n<meta name=\"twitter:label1\" content=\"Dur\u00e9e de lecture estim\u00e9e\" \/>\n\t<meta name=\"twitter:data1\" content=\"3 minutes\" \/>\n<script type=\"application\/ld+json\" class=\"yoast-schema-graph\">{\"@context\":\"https:\/\/schema.org\",\"@graph\":[{\"@type\":\"WebSite\",\"@id\":\"https:\/\/nosesso.net\/#website\",\"url\":\"https:\/\/nosesso.net\/\",\"name\":\"No Sesso\",\"description\":\"Real Dating Reviews\",\"potentialAction\":[{\"@type\":\"SearchAction\",\"target\":{\"@type\":\"EntryPoint\",\"urlTemplate\":\"https:\/\/nosesso.net\/?s={search_term_string}\"},\"query-input\":\"required name=search_term_string\"}],\"inLanguage\":\"fr-FR\"},{\"@type\":\"ImageObject\",\"@id\":\"https:\/\/nosesso.net\/fr\/lieux-de-connexion-locaux\/#primaryimage\",\"inLanguage\":\"fr-FR\",\"url\":\"http:\/\/nosesso.net\/wp-content\/uploads\/2022\/06\/find-dates.jpeg\",\"contentUrl\":\"http:\/\/nosesso.net\/wp-content\/uploads\/2022\/06\/find-dates.jpeg\"},{\"@type\":\"WebPage\",\"@id\":\"https:\/\/nosesso.net\/fr\/lieux-de-connexion-locaux\/#webpage\",\"url\":\"https:\/\/nosesso.net\/fr\/lieux-de-connexion-locaux\/\",\"name\":\"Lieux de connexion locaux - No Sesso\",\"isPartOf\":{\"@id\":\"https:\/\/nosesso.net\/#website\"},\"primaryImageOfPage\":{\"@id\":\"https:\/\/nosesso.net\/fr\/lieux-de-connexion-locaux\/#primaryimage\"},\"datePublished\":\"2022-06-23T10:51:14+00:00\",\"dateModified\":\"2022-06-23T10:51:14+00:00\",\"breadcrumb\":{\"@id\":\"https:\/\/nosesso.net\/fr\/lieux-de-connexion-locaux\/#breadcrumb\"},\"inLanguage\":\"fr-FR\",\"potentialAction\":[{\"@type\":\"ReadAction\",\"target\":[\"https:\/\/nosesso.net\/fr\/lieux-de-connexion-locaux\/\"]}]},{\"@type\":\"BreadcrumbList\",\"@id\":\"https:\/\/nosesso.net\/fr\/lieux-de-connexion-locaux\/#breadcrumb\",\"itemListElement\":[{\"@type\":\"ListItem\",\"position\":1,\"name\":\"Home\",\"item\":\"https:\/\/nosesso.net\/fr\/\"},{\"@type\":\"ListItem\",\"position\":2,\"name\":\"Lieux de connexion locaux\"}]}]}<\/script>\n<!-- \/ Yoast SEO plugin. -->","yoast_head_json":{"title":"Lieux de connexion locaux - No Sesso","robots":{"index":"index","follow":"follow","max-snippet":"max-snippet:-1","max-image-preview":"max-image-preview:large","max-video-preview":"max-video-preview:-1"},"canonical":"https:\/\/nosesso.net\/fr\/lieux-de-connexion-locaux\/","og_locale":"fr_FR","og_type":"article","og_title":"Lieux de connexion locaux - No Sesso","og_description":"Se connecter est amusant, excitant et parfois m\u00eame romantique. Mais si vous cherchez un lieu de rencontre local, vous pourriez \u00eatre d\u00e9\u00e7u. C\u2019est parce que la plupart des applications de connexion sont con\u00e7ues pour connecter des personnes qui sont \u00e9loign\u00e9es les unes des autres. Mais il y a beaucoup d\u2019endroits o\u00f9 vous pouvez rencontrer quelqu\u2019un ... Lire la suite","og_url":"https:\/\/nosesso.net\/fr\/lieux-de-connexion-locaux\/","og_site_name":"No Sesso","og_image":[{"url":"http:\/\/nosesso.net\/wp-content\/uploads\/2022\/06\/find-dates.jpeg"}],"twitter_card":"summary_large_image","twitter_misc":{"Dur\u00e9e de lecture estim\u00e9e":"3 minutes"},"schema":{"@context":"https:\/\/schema.org","@graph":[{"@type":"WebSite","@id":"https:\/\/nosesso.net\/#website","url":"https:\/\/nosesso.net\/","name":"No Sesso","description":"Real Dating Reviews","potentialAction":[{"@type":"SearchAction","target":{"@type":"EntryPoint","urlTemplate":"https:\/\/nosesso.net\/?s={search_term_string}"},"query-input":"required name=search_term_string"}],"inLanguage":"fr-FR"},{"@type":"ImageObject","@id":"https:\/\/nosesso.net\/fr\/lieux-de-connexion-locaux\/#primaryimage","inLanguage":"fr-FR","url":"http:\/\/nosesso.net\/wp-content\/uploads\/2022\/06\/find-dates.jpeg","contentUrl":"http:\/\/nosesso.net\/wp-content\/uploads\/2022\/06\/find-dates.jpeg"},{"@type":"WebPage","@id":"https:\/\/nosesso.net\/fr\/lieux-de-connexion-locaux\/#webpage","url":"https:\/\/nosesso.net\/fr\/lieux-de-connexion-locaux\/","name":"Lieux de connexion locaux - No Sesso","isPartOf":{"@id":"https:\/\/nosesso.net\/#website"},"primaryImageOfPage":{"@id":"https:\/\/nosesso.net\/fr\/lieux-de-connexion-locaux\/#primaryimage"},"datePublished":"2022-06-23T10:51:14+00:00","dateModified":"2022-06-23T10:51:14+00:00","breadcrumb":{"@id":"https:\/\/nosesso.net\/fr\/lieux-de-connexion-locaux\/#breadcrumb"},"inLanguage":"fr-FR","potentialAction":[{"@type":"ReadAction","target":["https:\/\/nosesso.net\/fr\/lieux-de-connexion-locaux\/"]}]},{"@type":"BreadcrumbList","@id":"https:\/\/nosesso.net\/fr\/lieux-de-connexion-locaux\/#breadcrumb","itemListElement":[{"@type":"ListItem","position":1,"name":"Home","item":"https:\/\/nosesso.net\/fr\/"},{"@type":"ListItem","position":2,"name":"Lieux de connexion locaux"}]}]}},"_links":{"self":[{"href":"https:\/\/nosesso.net\/fr\/wp-json\/wp\/v2\/pages\/151"}],"collection":[{"href":"https:\/\/nosesso.net\/fr\/wp-json\/wp\/v2\/pages"}],"about":[{"href":"https:\/\/nosesso.net\/fr\/wp-json\/wp\/v2\/types\/page"}],"author":[{"embeddable":true,"href":"https:\/\/nosesso.net\/fr\/wp-json\/wp\/v2\/users\/1"}],"replies":[{"embeddable":true,"href":"https:\/\/nosesso.net\/fr\/wp-json\/wp\/v2\/comments?post=151"}],"version-history":[{"count":0,"href":"https:\/\/nosesso.net\/fr\/wp-json\/wp\/v2\/pages\/151\/revisions"}],"wp:attachment":[{"href":"https:\/\/nosesso.net\/fr\/wp-json\/wp\/v2\/media?parent=151"}],"curies":[{"name":"wp","href":"https:\/\/api.w.org\/{rel}","templated":true}]}}