{"id":168,"date":"2022-06-23T11:47:57","date_gmt":"2022-06-23T10:47:57","guid":{"rendered":"http:\/\/nosesso.net\/sites-de-rencontres-sexuelles-occasionnelles-gratuits\/"},"modified":"2022-06-23T11:47:57","modified_gmt":"2022-06-23T10:47:57","slug":"sites-de-rencontres-sexuelles-occasionnelles-gratuits","status":"publish","type":"page","link":"https:\/\/nosesso.net\/fr\/sites-de-rencontres-sexuelles-occasionnelles-gratuits\/","title":{"rendered":"Sites de rencontres sexuelles occasionnelles gratuits"},"content":{"rendered":"<p>OkCupid vous permet de <a href=\"http:\/\/nosesso.net\/fr\/sites-de-connexion-gratuits\/\">parcourir les profils des membres<\/a> et d\u2019envoyer des messages aux parties int\u00e9ress\u00e9es. Il offre \u00e9galement des fonctionnalit\u00e9s telles que le chat en direct, le chat vid\u00e9o et les chats de groupe. Enfin, PlentyOfFish vous donne la possibilit\u00e9 de parcourir des milliers de profils \u00e0 la fois. Vous pouvez ensuite les trier par \u00e2ge, sexe, int\u00e9r\u00eats, etc.<\/p>\n<p>Tinder est un autre endroit id\u00e9al pour trouver des rendez-vous d\u00e9contract\u00e9s. C\u2019est une <a href=\"http:\/\/nosesso.net\/fr\/types-de-sites-de-connexion\/\">application mobile<\/a> qui connecte les c\u00e9libataires en fonction de leurs int\u00e9r\u00eats mutuels. Une fois que vous avez t\u00e9l\u00e9charg\u00e9 l\u2019application, vous pouvez balayer vers la gauche ou la droite pour afficher les profils. Apr\u00e8s cela, vous pouvez envoyer des messages aux parties int\u00e9ress\u00e9es et organiser une rencontre dans la vie r\u00e9elle.<\/p>\n<p>Alors que certains de ces sites existent depuis des ann\u00e9es, d\u2019autres sont relativement nouveaux. Si vous n\u2019\u00eates pas familier avec l\u2019un de ces sites, vous voudrez peut-\u00eatre consulter notre guide des 10 meilleurs sites de rencontres en ligne. Nous avons inclus des informations sur les fonctionnalit\u00e9s, les co\u00fbts et les probl\u00e8mes de s\u00e9curit\u00e9 de chaque site.<\/p>\n<p><img loading=\"lazy\" class=\"aligncenter wp-image-52\" src=\"http:\/\/nosesso.net\/wp-content\/uploads\/2022\/06\/online-sex-chat-1024x682.jpeg\" alt=\"\" width=\"675\" height=\"449\" srcset=\"https:\/\/nosesso.net\/wp-content\/uploads\/2022\/06\/online-sex-chat-1024x682.jpeg 1024w, https:\/\/nosesso.net\/wp-content\/uploads\/2022\/06\/online-sex-chat-300x200.jpeg 300w, https:\/\/nosesso.net\/wp-content\/uploads\/2022\/06\/online-sex-chat-768x511.jpeg 768w, https:\/\/nosesso.net\/wp-content\/uploads\/2022\/06\/online-sex-chat-1536x1022.jpeg 1536w, https:\/\/nosesso.net\/wp-content\/uploads\/2022\/06\/online-sex-chat.jpeg 1600w\" sizes=\"(max-width: 675px) 100vw, 675px\" \/><\/p>\n<h2>Comment discuter en ligne<\/h2>\n<p>Une fois que vous avez trouv\u00e9 quelques bonnes options, inscrivez-vous \u00e0 l\u2019une d\u2019entre elles. Ensuite, commencez \u00e0 parcourir les profils et \u00e0 envoyer des messages aux parties int\u00e9ress\u00e9es. Lorsque vous trouvez quelqu\u2019un que vous aimez, demandez-lui par SMS ou par e-mail. S\u2019ils acceptent, vous pouvez planifier un rendez-vous et aller \u00e0 votre premier rendez-vous ensemble!<\/p>\n<p>Les rencontres locales sont de plus en plus populaires parmi les c\u00e9libataires qui veulent rencontrer quelqu\u2019un \u00e0 proximit\u00e9. Il est facile de cr\u00e9er un profil sur des sites comme Craigslist, PlentyOfFish et OkCupid, o\u00f9 vous pouvez parcourir des milliers de membres locaux en quelques minutes.<\/p>\n<p>Il est important de se rappeler que ces types de sites de rencontres en ligne ne sont pas seulement pour les rencontres occasionnelles. Ils sont con\u00e7us pour connecter des personnes qui partagent des int\u00e9r\u00eats et des valeurs similaires. Donc, si vous recherchez une relation s\u00e9rieuse, vous voudrez peut-\u00eatre essayer un autre type de site.<\/p>\n<p>Par exemple, Match.com a une section appel\u00e9e Singles Near Me qui vous permet de filtrer vos correspondances en fonction de l\u2019emplacement. Il en va de m\u00eame pour eHarmony, Zoosk et d\u2019autres sites.<\/p>\n<h2>Nos conseils pour essayer les salons de discussion<\/h2>\n<p>Les salles de discussion pour adultes sont un endroit id\u00e9al pour rencontrer d\u2019autres c\u00e9libataires qui partagent des int\u00e9r\u00eats similaires. Il existe de nombreux types de salles de conversation pour adultes, notamment des salles de conversation vid\u00e9o, des salles de conversation par webcam et des salles de conversation textuelle. Les salles de chat sont un moyen amusant de se connecter avec les autres et d\u2019en apprendre davantage sur vous-m\u00eame.<\/p>\n<p>Il y a plusieurs avantages \u00e0 discuter en ligne. Par exemple, vous pouvez parler \u00e0 quelqu\u2019un de n\u2019importe o\u00f9 dans le monde, et vous pouvez le faire sans avoir \u00e0 payer quoi que ce soit. En outre, vous pouvez choisir de communiquer via audio ou vid\u00e9o, et vous pouvez d\u00e9finir vos propres pr\u00e9f\u00e9rences.<\/p>\n<p>L\u2019une des meilleures parties des salles de discussion pour adultes est que vous pouvez rencontrer des gens de partout dans le monde. Peu importe si vous \u00eates int\u00e9ress\u00e9 \u00e0 rencontrer des gens d\u2019un autre pays ou si vous voulez simplement rencontrer des gens \u00e0 proximit\u00e9. Les salles de discussion pour adultes vous permettent d\u2019interagir avec des personnes de tous les horizons.<\/p>\n","protected":false},"excerpt":{"rendered":"<p>OkCupid vous permet de parcourir les profils des membres et d\u2019envoyer des messages aux parties int\u00e9ress\u00e9es. Il offre \u00e9galement des fonctionnalit\u00e9s telles que le chat en direct, le chat vid\u00e9o et les chats de groupe. Enfin, PlentyOfFish vous donne la possibilit\u00e9 de parcourir des milliers de profils \u00e0 la fois. Vous pouvez ensuite les trier &#8230; <a title=\"Sites de rencontres sexuelles occasionnelles gratuits\" class=\"read-more\" href=\"https:\/\/nosesso.net\/fr\/sites-de-rencontres-sexuelles-occasionnelles-gratuits\/\" aria-label=\"En savoir plus sur Sites de rencontres sexuelles occasionnelles gratuits\">Lire la suite<\/a><\/p>\n","protected":false},"author":1,"featured_media":0,"parent":0,"menu_order":0,"comment_status":"closed","ping_status":"closed","template":"","meta":[],"yoast_head":"<!-- This site is optimized with the Yoast SEO plugin v17.7.1 - https:\/\/yoast.com\/wordpress\/plugins\/seo\/ -->\n<title>Sites de rencontres sexuelles occasionnelles gratuits - No Sesso<\/title>\n<meta name=\"robots\" content=\"index, follow, max-snippet:-1, max-image-preview:large, max-video-preview:-1\" \/>\n<link rel=\"canonical\" href=\"https:\/\/nosesso.net\/fr\/sites-de-rencontres-sexuelles-occasionnelles-gratuits\/\" \/>\n<meta property=\"og:locale\" content=\"fr_FR\" \/>\n<meta property=\"og:type\" content=\"article\" \/>\n<meta property=\"og:title\" content=\"Sites de rencontres sexuelles occasionnelles gratuits - No Sesso\" \/>\n<meta property=\"og:description\" content=\"OkCupid vous permet de parcourir les profils des membres et d\u2019envoyer des messages aux parties int\u00e9ress\u00e9es. Il offre \u00e9galement des fonctionnalit\u00e9s telles que le chat en direct, le chat vid\u00e9o et les chats de groupe. Enfin, PlentyOfFish vous donne la possibilit\u00e9 de parcourir des milliers de profils \u00e0 la fois. Vous pouvez ensuite les trier ... Lire la suite\" \/>\n<meta property=\"og:url\" content=\"https:\/\/nosesso.net\/fr\/sites-de-rencontres-sexuelles-occasionnelles-gratuits\/\" \/>\n<meta property=\"og:site_name\" content=\"No Sesso\" \/>\n<meta property=\"og:image\" content=\"http:\/\/nosesso.net\/wp-content\/uploads\/2022\/06\/online-sex-chat-1024x682.jpeg\" \/>\n<meta name=\"twitter:card\" content=\"summary_large_image\" \/>\n<meta name=\"twitter:label1\" content=\"Dur\u00e9e de lecture estim\u00e9e\" \/>\n\t<meta name=\"twitter:data1\" content=\"3 minutes\" \/>\n<script type=\"application\/ld+json\" class=\"yoast-schema-graph\">{\"@context\":\"https:\/\/schema.org\",\"@graph\":[{\"@type\":\"WebSite\",\"@id\":\"https:\/\/nosesso.net\/#website\",\"url\":\"https:\/\/nosesso.net\/\",\"name\":\"No Sesso\",\"description\":\"Real Dating Reviews\",\"potentialAction\":[{\"@type\":\"SearchAction\",\"target\":{\"@type\":\"EntryPoint\",\"urlTemplate\":\"https:\/\/nosesso.net\/?s={search_term_string}\"},\"query-input\":\"required name=search_term_string\"}],\"inLanguage\":\"fr-FR\"},{\"@type\":\"ImageObject\",\"@id\":\"https:\/\/nosesso.net\/fr\/sites-de-rencontres-sexuelles-occasionnelles-gratuits\/#primaryimage\",\"inLanguage\":\"fr-FR\",\"url\":\"http:\/\/nosesso.net\/wp-content\/uploads\/2022\/06\/online-sex-chat-1024x682.jpeg\",\"contentUrl\":\"http:\/\/nosesso.net\/wp-content\/uploads\/2022\/06\/online-sex-chat-1024x682.jpeg\"},{\"@type\":\"WebPage\",\"@id\":\"https:\/\/nosesso.net\/fr\/sites-de-rencontres-sexuelles-occasionnelles-gratuits\/#webpage\",\"url\":\"https:\/\/nosesso.net\/fr\/sites-de-rencontres-sexuelles-occasionnelles-gratuits\/\",\"name\":\"Sites de rencontres sexuelles occasionnelles gratuits - No Sesso\",\"isPartOf\":{\"@id\":\"https:\/\/nosesso.net\/#website\"},\"primaryImageOfPage\":{\"@id\":\"https:\/\/nosesso.net\/fr\/sites-de-rencontres-sexuelles-occasionnelles-gratuits\/#primaryimage\"},\"datePublished\":\"2022-06-23T10:47:57+00:00\",\"dateModified\":\"2022-06-23T10:47:57+00:00\",\"breadcrumb\":{\"@id\":\"https:\/\/nosesso.net\/fr\/sites-de-rencontres-sexuelles-occasionnelles-gratuits\/#breadcrumb\"},\"inLanguage\":\"fr-FR\",\"potentialAction\":[{\"@type\":\"ReadAction\",\"target\":[\"https:\/\/nosesso.net\/fr\/sites-de-rencontres-sexuelles-occasionnelles-gratuits\/\"]}]},{\"@type\":\"BreadcrumbList\",\"@id\":\"https:\/\/nosesso.net\/fr\/sites-de-rencontres-sexuelles-occasionnelles-gratuits\/#breadcrumb\",\"itemListElement\":[{\"@type\":\"ListItem\",\"position\":1,\"name\":\"Home\",\"item\":\"http:\/\/nosesso.net\/fr\/\"},{\"@type\":\"ListItem\",\"position\":2,\"name\":\"Sites de rencontres sexuelles occasionnelles gratuits\"}]}]}<\/script>\n<!-- \/ Yoast SEO plugin. -->","yoast_head_json":{"title":"Sites de rencontres sexuelles occasionnelles gratuits - No Sesso","robots":{"index":"index","follow":"follow","max-snippet":"max-snippet:-1","max-image-preview":"max-image-preview:large","max-video-preview":"max-video-preview:-1"},"canonical":"https:\/\/nosesso.net\/fr\/sites-de-rencontres-sexuelles-occasionnelles-gratuits\/","og_locale":"fr_FR","og_type":"article","og_title":"Sites de rencontres sexuelles occasionnelles gratuits - No Sesso","og_description":"OkCupid vous permet de parcourir les profils des membres et d\u2019envoyer des messages aux parties int\u00e9ress\u00e9es. Il offre \u00e9galement des fonctionnalit\u00e9s telles que le chat en direct, le chat vid\u00e9o et les chats de groupe. Enfin, PlentyOfFish vous donne la possibilit\u00e9 de parcourir des milliers de profils \u00e0 la fois. Vous pouvez ensuite les trier ... Lire la suite","og_url":"https:\/\/nosesso.net\/fr\/sites-de-rencontres-sexuelles-occasionnelles-gratuits\/","og_site_name":"No Sesso","og_image":[{"url":"http:\/\/nosesso.net\/wp-content\/uploads\/2022\/06\/online-sex-chat-1024x682.jpeg"}],"twitter_card":"summary_large_image","twitter_misc":{"Dur\u00e9e de lecture estim\u00e9e":"3 minutes"},"schema":{"@context":"https:\/\/schema.org","@graph":[{"@type":"WebSite","@id":"https:\/\/nosesso.net\/#website","url":"https:\/\/nosesso.net\/","name":"No Sesso","description":"Real Dating Reviews","potentialAction":[{"@type":"SearchAction","target":{"@type":"EntryPoint","urlTemplate":"https:\/\/nosesso.net\/?s={search_term_string}"},"query-input":"required name=search_term_string"}],"inLanguage":"fr-FR"},{"@type":"ImageObject","@id":"https:\/\/nosesso.net\/fr\/sites-de-rencontres-sexuelles-occasionnelles-gratuits\/#primaryimage","inLanguage":"fr-FR","url":"http:\/\/nosesso.net\/wp-content\/uploads\/2022\/06\/online-sex-chat-1024x682.jpeg","contentUrl":"http:\/\/nosesso.net\/wp-content\/uploads\/2022\/06\/online-sex-chat-1024x682.jpeg"},{"@type":"WebPage","@id":"https:\/\/nosesso.net\/fr\/sites-de-rencontres-sexuelles-occasionnelles-gratuits\/#webpage","url":"https:\/\/nosesso.net\/fr\/sites-de-rencontres-sexuelles-occasionnelles-gratuits\/","name":"Sites de rencontres sexuelles occasionnelles gratuits - No Sesso","isPartOf":{"@id":"https:\/\/nosesso.net\/#website"},"primaryImageOfPage":{"@id":"https:\/\/nosesso.net\/fr\/sites-de-rencontres-sexuelles-occasionnelles-gratuits\/#primaryimage"},"datePublished":"2022-06-23T10:47:57+00:00","dateModified":"2022-06-23T10:47:57+00:00","breadcrumb":{"@id":"https:\/\/nosesso.net\/fr\/sites-de-rencontres-sexuelles-occasionnelles-gratuits\/#breadcrumb"},"inLanguage":"fr-FR","potentialAction":[{"@type":"ReadAction","target":["https:\/\/nosesso.net\/fr\/sites-de-rencontres-sexuelles-occasionnelles-gratuits\/"]}]},{"@type":"BreadcrumbList","@id":"https:\/\/nosesso.net\/fr\/sites-de-rencontres-sexuelles-occasionnelles-gratuits\/#breadcrumb","itemListElement":[{"@type":"ListItem","position":1,"name":"Home","item":"http:\/\/nosesso.net\/fr\/"},{"@type":"ListItem","position":2,"name":"Sites de rencontres sexuelles occasionnelles gratuits"}]}]}},"_links":{"self":[{"href":"https:\/\/nosesso.net\/fr\/wp-json\/wp\/v2\/pages\/168"}],"collection":[{"href":"https:\/\/nosesso.net\/fr\/wp-json\/wp\/v2\/pages"}],"about":[{"href":"https:\/\/nosesso.net\/fr\/wp-json\/wp\/v2\/types\/page"}],"author":[{"embeddable":true,"href":"https:\/\/nosesso.net\/fr\/wp-json\/wp\/v2\/users\/1"}],"replies":[{"embeddable":true,"href":"https:\/\/nosesso.net\/fr\/wp-json\/wp\/v2\/comments?post=168"}],"version-history":[{"count":0,"href":"https:\/\/nosesso.net\/fr\/wp-json\/wp\/v2\/pages\/168\/revisions"}],"wp:attachment":[{"href":"https:\/\/nosesso.net\/fr\/wp-json\/wp\/v2\/media?parent=168"}],"curies":[{"name":"wp","href":"https:\/\/api.w.org\/{rel}","templated":true}]}}