{"id":173,"date":"2022-06-23T11:41:21","date_gmt":"2022-06-23T10:41:21","guid":{"rendered":"http:\/\/nosesso.net\/guide-de-connexion-sexuelle\/"},"modified":"2022-06-28T14:30:03","modified_gmt":"2022-06-28T13:30:03","slug":"guide-de-connexion-sexuelle","status":"publish","type":"page","link":"https:\/\/nosesso.net\/fr\/","title":{"rendered":"Guide de connexion sexuelle"},"content":{"rendered":"<p>Les rencontres pour adultes sont un excellent moyen de rencontrer de nouveaux amis, d\u2019\u00e9tablir de nouvelles connexions et m\u00eame de trouver l\u2019amour. Mais ce n\u2019est pas toujours facile de commencer.<\/p>\n<p>Ce guide vous aidera \u00e0 apprendre tout ce que vous devez savoir sur les rencontres pour adultes, y compris:<\/p>\n<p>Quels sites de rencontres pour adultes sont disponibles<\/p>\n<ul>\n<li>Comment choisir le bon site pour vous<\/li>\n<li>Comment cr\u00e9er un profil qui se fait remarquer<\/li>\n<li>Comment attirer l\u2019attention \u00e0 partir de dates potentielles<\/li>\n<li>Comment r\u00e9pondre aux messages<\/li>\n<li>Comment configurer un compte d\u2019essai gratuit<\/li>\n<li>Et bien plus encore<\/li>\n<\/ul>\n<p><img loading=\"lazy\" class=\"aligncenter size-full wp-image-57\" src=\"http:\/\/nosesso.net\/wp-content\/uploads\/2022\/06\/online-hookup-sites.jpeg\" alt=\"\" width=\"500\" height=\"750\" srcset=\"https:\/\/nosesso.net\/wp-content\/uploads\/2022\/06\/online-hookup-sites.jpeg 500w, https:\/\/nosesso.net\/wp-content\/uploads\/2022\/06\/online-hookup-sites-200x300.jpeg 200w\" sizes=\"(max-width: 500px) 100vw, 500px\" \/><\/p>\n<h2>Qu\u2019est-ce que No Sesso signifie pour vous?<\/h2>\n<p>L\u2019une des meilleures parties des rencontres sexuelles est qu\u2019elles sont compl\u00e8tement anonymes. Aucune donn\u00e9e <a href=\"http:\/\/www.rencontre-pour-sexe.com\/site-plan-cul-totalement-gratuit\/\">plan cul totalement gratuit<\/a> n\u2019est requise pour s\u2019inscrire, et personne n\u2019a besoin de savoir quoi que ce soit d\u2019autre sur vous que vos pr\u00e9f\u00e9rences. Cela signifie que vous pouvez \u00eatre vous-m\u00eame sans vous soucier de r\u00e9v\u00e9ler des secrets embarrassants.<\/p>\n<p>Une fois que vous avez trouv\u00e9 quelqu\u2019un avec qui vous aimeriez sortir, vous pouvez configurer un lieu et une heure de r\u00e9union. Les sites de rencontres sexuelles offrent g\u00e9n\u00e9ralement plusieurs options pour organiser des rendez-vous, notamment la messagerie texte, les appels t\u00e9l\u00e9phoniques, les chats vid\u00e9o et les r\u00e9unions en face \u00e0 face.<\/p>\n<p>La derni\u00e8re \u00e9tape consiste \u00e0 avoir des relations sexuelles <a href=\"http:\/\/www.rencontre-sexe-gratuit.com\/tchat-sexe-en-ligne\/\">chat sexe gratuit<\/a>. Alors que certaines personnes aiment avoir des <a href=\"http:\/\/nosesso.net\/fr\/quelle-application-est-la-meilleure-pour-affiars\/\">relations sexuelles avec des \u00e9trangers<\/a>, d\u2019autres se sentent mal \u00e0 l\u2019aise de le faire. Afin de vous prot\u00e9ger, choisissez toujours un endroit s\u00fbr et priv\u00e9.<\/p>\n<p>Le sexe occasionnel est un sujet tr\u00e8s populaire en ligne. Il semble que tout le monde veuille en parler, et il est facile de comprendre pourquoi. Il existe de nombreuses raisons diff\u00e9rentes pour lesquelles les gens aiment le sexe occasionnel, y compris le fait que c\u2019est amusant, excitant et gratuit.<\/p>\n<p>Il existe de nombreux <a href=\"http:\/\/nosesso.net\/fr\/sites-de-connexion-gratuits\/\">sites de rencontre<\/a> o\u00f9 vous pouvez rencontrer d\u2019autres personnes int\u00e9ress\u00e9es par le sexe occasionnel. Ces sites vous permettent de parcourir les profils de personnes qui recherchent des relations sexuelles occasionnelles, et vous pouvez leur envoyer un message directement si vous le souhaitez.<\/p>\n<h3>Comment pouvons-nous vous aider \u00e0 trouver des dates avec des sites de connexion<\/h3>\n<p>Le sexe local est devenu de plus en plus populaire au cours des derni\u00e8res ann\u00e9es <a href=\"http:\/\/www.rencontresexuelle.net\/\">site rencontre sexe gratuit<\/a>. Il n\u2019est pas surprenant que de plus en plus de gens se tournent vers les ressources en ligne pour rencontrer d\u2019autres c\u00e9libataires qui partagent des int\u00e9r\u00eats similaires.<\/p>\n<p>Que vous soyez int\u00e9ress\u00e9 par des rencontres <a href=\"http:\/\/www.site-de-rencontre-sexe.com\/petites-annonces-gratuites-rencontres\/\">annonces sexe gratuites<\/a> occasionnelles ou des relations \u00e0 long terme, les sites sexuels locaux offrent un moyen pratique de vous connecter avec d\u2019autres personnes qui partagent vos d\u00e9sirs. Ces sites vous permettent de parcourir les profils des membres en fonction de l\u2019emplacement, de l\u2019\u00e2ge et des pr\u00e9f\u00e9rences sexuelles.<\/p>\n<p>Il existe de nombreux types de sites sexuels locaux disponibles aujourd\u2019hui. Certains se concentrent uniquement sur des rencontres occasionnelles tandis que d\u2019autres s\u2019adressent sp\u00e9cifiquement aux couples qui veulent explorer leur sexualit\u00e9 ensemble. La meilleure partie est que ces sites sont gratuits \u00e0 rejoindre, ce qui les rend faciles d\u2019acc\u00e8s et d\u2019utilisation.<\/p>\n<p>Avec autant d\u2019options disponibles, il est difficile de d\u00e9cider par o\u00f9 commencer. Commencez par parcourir notre collection des 10 meilleurs sites de sexe locaux pour en savoir plus sur chaque option. Ensuite, lisez les commentaires de vrais utilisateurs pour d\u00e9terminer si l\u2019un d\u2019entre eux vaut la peine d\u2019\u00eatre rejoint.<\/p>\n<h3>Les rencontres en ligne fonctionnent-elles r\u00e9ellement?<\/h3>\n<p>Les rencontres sexuelles sont un type de rencontres en ligne o\u00f9 les gens se rencontrent par int\u00e9r\u00eat mutuel pour le sexe. C\u2019est diff\u00e9rent des autres types de rencontres en ligne car cela ne n\u00e9cessite pas de relation entre deux personnes. Au lieu de cela, il permet aux personnes int\u00e9ress\u00e9es par des rencontres sexuelles occasionnelles de se connecter les unes aux autres.<\/p>\n<p>Dans la plupart des cas, les sites de rencontres sexuelles sont gratuits. Cependant, si vous pr\u00e9f\u00e9rez payer pour un abonnement premium, vous pouvez g\u00e9n\u00e9ralement vous inscrire \u00e0 des frais d\u2019abonnement mensuels. Une fois que vous avez cr\u00e9\u00e9 un profil, vous pourrez parcourir les profils d\u2019autres membres et envoyer des messages \u00e0 des partenaires potentiels.<\/p>\n<p>Alors que de nombreux sites de rencontres sexuelles vous permettent de cr\u00e9er un profil, d\u2019autres vous obligent \u00e0 remplir un questionnaire avant d\u2019\u00eatre autoris\u00e9 \u00e0 vous inscrire. Certains sites posent des questions sur votre \u00e2ge, votre sexe, votre origine ethnique, votre religion, votre \u00e9tat matrimonial, votre profession, vos passe-temps et vos int\u00e9r\u00eats.<\/p>\n<p>Apr\u00e8s avoir rempli ces formulaires, vous recevrez un e-mail de confirmation vous informant si votre inscription a r\u00e9ussi. Si vous avez \u00e9t\u00e9 accept\u00e9 dans la communaut\u00e9, vous aurez alors acc\u00e8s aux fonctionnalit\u00e9s du site.<\/p>\n<h3>\u00c0 quoi devez-vous faire attention?<\/h3>\n<p>Il est important de se rappeler que ces types de sites ne sont pas toujours s\u00fbrs. Assurez-vous de lire les critiques et de poser des questions avant de vous inscrire \u00e0 tout type de service de rencontres. Ne donnez pas d\u2019informations personnelles tant que vous n\u2019\u00eates pas absolument certain de faire confiance \u00e0 la personne \u00e0 qui vous parlez.<\/p>\n<p>Faites \u00e9galement attention \u00e0 ne pas partager trop d\u2019informations personnelles. Certaines personnes pourraient essayer de vous escroquer de l\u2019argent ou de voler votre identit\u00e9. Restez sur vos gardes et prot\u00e9gez-vous des escrocs.<\/p>\n<p>N\u2019oubliez pas de partager vos propres exp\u00e9riences avec le sexe occasionnel. Parlez-nous des meilleurs endroits pour rencontrer des gens pour des relations sexuelles occasionnelles et faites savoir aux autres ce que vous avez appris.<\/p>\n<p><a href=\"http:\/\/nosesso.net\/fr\/pourquoi-les-applications-de-connexion-locales-pourraient-vous-convenir\/\">Les rencontres locales<\/a> sont de plus en plus populaires parmi les c\u00e9libataires qui en ont assez du jeu des relations \u00e0 distance. Il est facile de rencontrer quelqu\u2019un de la r\u00e9gion si vous \u00eates pr\u00eat \u00e0 faire l\u2019effort.<\/p>\n<p>Pour commencer, vous devrez cr\u00e9er un profil sur une application de rencontres comme Tinder ou <a href=\"http:\/\/www.site-de-rencontre-sexe.com\/plan-cul-gratuit\/\">rencontre sexe gratuite<\/a>. Une fois que vous avez fait cela, vous pouvez parcourir les profils jusqu\u2019\u00e0 ce que vous trouviez quelqu\u2019un qui attire votre attention. Ensuite, vous pouvez leur envoyer un message et leur demander un rendez-vous.<\/p>\n<p>Il est important de se rappeler que les applications de rencontres en ligne ne sont pas seulement pour rencontrer des \u00e9trangers; c\u2019est aussi un endroit id\u00e9al pour communiquer avec des amis et des membres de la famille. Donc, si vous recherchez une connexion occasionnelle, essayez de rechercher des correspondances \u00e0 partir de votre t\u00e9l\u00e9phone au lieu d\u2019aller directement dans un bar ou un club.<\/p>\n<p>Une fois que vous avez trouv\u00e9 quelqu\u2019un qui semble s\u2019int\u00e9resser \u00e0 vous, vous pouvez d\u00e9cider si vous souhaitez continuer \u00e0 lui parler. Si vous finissez par avoir une conversation, assurez-vous de suivre ces conseils pour \u00e9viter de vous faire arnaquer.<\/p>\n","protected":false},"excerpt":{"rendered":"<p>Les rencontres pour adultes sont un excellent moyen de rencontrer de nouveaux amis, d\u2019\u00e9tablir de nouvelles connexions et m\u00eame de trouver l\u2019amour. Mais ce n\u2019est pas toujours facile de commencer. Ce guide vous aidera \u00e0 apprendre tout ce que vous devez savoir sur les rencontres pour adultes, y compris: Quels sites de rencontres pour adultes &#8230; <a title=\"Guide de connexion sexuelle\" class=\"read-more\" href=\"https:\/\/nosesso.net\/fr\/\" aria-label=\"En savoir plus sur Guide de connexion sexuelle\">Lire la suite<\/a><\/p>\n","protected":false},"author":1,"featured_media":0,"parent":0,"menu_order":0,"comment_status":"closed","ping_status":"closed","template":"","meta":[],"yoast_head":"<!-- This site is optimized with the Yoast SEO plugin v17.7.1 - https:\/\/yoast.com\/wordpress\/plugins\/seo\/ -->\n<title>Guide de connexion sexuelle - No Sesso<\/title>\n<meta name=\"robots\" content=\"index, follow, max-snippet:-1, max-image-preview:large, max-video-preview:-1\" \/>\n<link rel=\"canonical\" href=\"https:\/\/nosesso.net\/fr\/\" \/>\n<meta property=\"og:locale\" content=\"fr_FR\" \/>\n<meta property=\"og:type\" content=\"article\" \/>\n<meta property=\"og:title\" content=\"Guide de connexion sexuelle - No Sesso\" \/>\n<meta property=\"og:description\" content=\"Les rencontres pour adultes sont un excellent moyen de rencontrer de nouveaux amis, d\u2019\u00e9tablir de nouvelles connexions et m\u00eame de trouver l\u2019amour. Mais ce n\u2019est pas toujours facile de commencer. Ce guide vous aidera \u00e0 apprendre tout ce que vous devez savoir sur les rencontres pour adultes, y compris: Quels sites de rencontres pour adultes ... Lire la suite\" \/>\n<meta property=\"og:url\" content=\"https:\/\/nosesso.net\/fr\/\" \/>\n<meta property=\"og:site_name\" content=\"No Sesso\" \/>\n<meta property=\"article:modified_time\" content=\"2022-06-28T13:30:03+00:00\" \/>\n<meta property=\"og:image\" content=\"http:\/\/nosesso.net\/wp-content\/uploads\/2022\/06\/online-hookup-sites.jpeg\" \/>\n<meta name=\"twitter:card\" content=\"summary_large_image\" \/>\n<meta name=\"twitter:label1\" content=\"Dur\u00e9e de lecture estim\u00e9e\" \/>\n\t<meta name=\"twitter:data1\" content=\"6 minutes\" \/>\n<script type=\"application\/ld+json\" class=\"yoast-schema-graph\">{\"@context\":\"https:\/\/schema.org\",\"@graph\":[{\"@type\":\"WebSite\",\"@id\":\"https:\/\/nosesso.net\/#website\",\"url\":\"https:\/\/nosesso.net\/\",\"name\":\"No Sesso\",\"description\":\"Real Dating Reviews\",\"potentialAction\":[{\"@type\":\"SearchAction\",\"target\":{\"@type\":\"EntryPoint\",\"urlTemplate\":\"https:\/\/nosesso.net\/?s={search_term_string}\"},\"query-input\":\"required name=search_term_string\"}],\"inLanguage\":\"fr-FR\"},{\"@type\":\"ImageObject\",\"@id\":\"https:\/\/nosesso.net\/fr\/#primaryimage\",\"inLanguage\":\"fr-FR\",\"url\":\"http:\/\/nosesso.net\/wp-content\/uploads\/2022\/06\/online-hookup-sites.jpeg\",\"contentUrl\":\"http:\/\/nosesso.net\/wp-content\/uploads\/2022\/06\/online-hookup-sites.jpeg\"},{\"@type\":\"WebPage\",\"@id\":\"https:\/\/nosesso.net\/fr\/#webpage\",\"url\":\"https:\/\/nosesso.net\/fr\/\",\"name\":\"Guide de connexion sexuelle - No Sesso\",\"isPartOf\":{\"@id\":\"https:\/\/nosesso.net\/#website\"},\"primaryImageOfPage\":{\"@id\":\"https:\/\/nosesso.net\/fr\/#primaryimage\"},\"datePublished\":\"2022-06-23T10:41:21+00:00\",\"dateModified\":\"2022-06-28T13:30:03+00:00\",\"breadcrumb\":{\"@id\":\"https:\/\/nosesso.net\/fr\/#breadcrumb\"},\"inLanguage\":\"fr-FR\",\"potentialAction\":[{\"@type\":\"ReadAction\",\"target\":[\"https:\/\/nosesso.net\/fr\/\"]}]},{\"@type\":\"BreadcrumbList\",\"@id\":\"https:\/\/nosesso.net\/fr\/#breadcrumb\",\"itemListElement\":[{\"@type\":\"ListItem\",\"position\":1,\"name\":\"Home\",\"item\":\"https:\/\/nosesso.net\/fr\/\"},{\"@type\":\"ListItem\",\"position\":2,\"name\":\"Guide de connexion sexuelle\"}]}]}<\/script>\n<!-- \/ Yoast SEO plugin. -->","yoast_head_json":{"title":"Guide de connexion sexuelle - No Sesso","robots":{"index":"index","follow":"follow","max-snippet":"max-snippet:-1","max-image-preview":"max-image-preview:large","max-video-preview":"max-video-preview:-1"},"canonical":"https:\/\/nosesso.net\/fr\/","og_locale":"fr_FR","og_type":"article","og_title":"Guide de connexion sexuelle - No Sesso","og_description":"Les rencontres pour adultes sont un excellent moyen de rencontrer de nouveaux amis, d\u2019\u00e9tablir de nouvelles connexions et m\u00eame de trouver l\u2019amour. Mais ce n\u2019est pas toujours facile de commencer. Ce guide vous aidera \u00e0 apprendre tout ce que vous devez savoir sur les rencontres pour adultes, y compris: Quels sites de rencontres pour adultes ... Lire la suite","og_url":"https:\/\/nosesso.net\/fr\/","og_site_name":"No Sesso","article_modified_time":"2022-06-28T13:30:03+00:00","og_image":[{"url":"http:\/\/nosesso.net\/wp-content\/uploads\/2022\/06\/online-hookup-sites.jpeg"}],"twitter_card":"summary_large_image","twitter_misc":{"Dur\u00e9e de lecture estim\u00e9e":"6 minutes"},"schema":{"@context":"https:\/\/schema.org","@graph":[{"@type":"WebSite","@id":"https:\/\/nosesso.net\/#website","url":"https:\/\/nosesso.net\/","name":"No Sesso","description":"Real Dating Reviews","potentialAction":[{"@type":"SearchAction","target":{"@type":"EntryPoint","urlTemplate":"https:\/\/nosesso.net\/?s={search_term_string}"},"query-input":"required name=search_term_string"}],"inLanguage":"fr-FR"},{"@type":"ImageObject","@id":"https:\/\/nosesso.net\/fr\/#primaryimage","inLanguage":"fr-FR","url":"http:\/\/nosesso.net\/wp-content\/uploads\/2022\/06\/online-hookup-sites.jpeg","contentUrl":"http:\/\/nosesso.net\/wp-content\/uploads\/2022\/06\/online-hookup-sites.jpeg"},{"@type":"WebPage","@id":"https:\/\/nosesso.net\/fr\/#webpage","url":"https:\/\/nosesso.net\/fr\/","name":"Guide de connexion sexuelle - No Sesso","isPartOf":{"@id":"https:\/\/nosesso.net\/#website"},"primaryImageOfPage":{"@id":"https:\/\/nosesso.net\/fr\/#primaryimage"},"datePublished":"2022-06-23T10:41:21+00:00","dateModified":"2022-06-28T13:30:03+00:00","breadcrumb":{"@id":"https:\/\/nosesso.net\/fr\/#breadcrumb"},"inLanguage":"fr-FR","potentialAction":[{"@type":"ReadAction","target":["https:\/\/nosesso.net\/fr\/"]}]},{"@type":"BreadcrumbList","@id":"https:\/\/nosesso.net\/fr\/#breadcrumb","itemListElement":[{"@type":"ListItem","position":1,"name":"Home","item":"https:\/\/nosesso.net\/fr\/"},{"@type":"ListItem","position":2,"name":"Guide de connexion sexuelle"}]}]}},"_links":{"self":[{"href":"https:\/\/nosesso.net\/fr\/wp-json\/wp\/v2\/pages\/173"}],"collection":[{"href":"https:\/\/nosesso.net\/fr\/wp-json\/wp\/v2\/pages"}],"about":[{"href":"https:\/\/nosesso.net\/fr\/wp-json\/wp\/v2\/types\/page"}],"author":[{"embeddable":true,"href":"https:\/\/nosesso.net\/fr\/wp-json\/wp\/v2\/users\/1"}],"replies":[{"embeddable":true,"href":"https:\/\/nosesso.net\/fr\/wp-json\/wp\/v2\/comments?post=173"}],"version-history":[{"count":1,"href":"https:\/\/nosesso.net\/fr\/wp-json\/wp\/v2\/pages\/173\/revisions"}],"predecessor-version":[{"id":191,"href":"https:\/\/nosesso.net\/fr\/wp-json\/wp\/v2\/pages\/173\/revisions\/191"}],"wp:attachment":[{"href":"https:\/\/nosesso.net\/fr\/wp-json\/wp\/v2\/media?parent=173"}],"curies":[{"name":"wp","href":"https:\/\/api.w.org\/{rel}","templated":true}]}}