{"id":176,"date":"2022-06-23T11:46:19","date_gmt":"2022-06-23T10:46:19","guid":{"rendered":"http:\/\/nosesso.net\/sites-de-connexion-gratuits\/"},"modified":"2022-06-23T11:46:19","modified_gmt":"2022-06-23T10:46:19","slug":"sites-de-connexion-gratuits","status":"publish","type":"page","link":"https:\/\/nosesso.net\/fr\/sites-de-connexion-gratuits\/","title":{"rendered":"Sites de connexion gratuits"},"content":{"rendered":"<p>Les applications de chat locales sont devenues de plus en plus populaires au cours des derni\u00e8res ann\u00e9es, et il n\u2019est pas surprenant de savoir pourquoi. Avec l\u2019essor des sites de rencontres en ligne, les rencontres locales sont devenues plus faciles que jamais.<\/p>\n<p>Cependant, si vous voulez rencontrer quelqu\u2019un qui vit \u00e0 proximit\u00e9, il est pr\u00e9f\u00e9rable d\u2019essayer de rencontrer des gens en face \u00e0 face. De cette fa\u00e7on, vous pouvez r\u00e9ellement leur parler et apprendre \u00e0 vous conna\u00eetre. C\u2019est aussi beaucoup plus s\u00fbr que d\u2019essayer de <a href=\"http:\/\/nosesso.net\/fr\/types-de-sites-de-connexion\/\">rencontrer quelqu\u2019un en ligne<\/a>.<\/p>\n<p>Il existe de nombreuses fa\u00e7ons de rencontrer des gens localement, y compris par le biais d\u2019amis, de clubs, de bars, de caf\u00e9s, etc. La cl\u00e9 est de trouver le type de personne que vous aimeriez rencontrer. Par exemple, si vous \u00eates int\u00e9ress\u00e9 par le sexe occasionnel, vous voudrez peut-\u00eatre rejoindre un club \u00e9changiste. Cependant, si vous recherchez une relation, vous pouvez essayer de rejoindre un groupe de c\u00e9libataires.<\/p>\n<p><img loading=\"lazy\" class=\"aligncenter size-full wp-image-51\" src=\"http:\/\/nosesso.net\/wp-content\/uploads\/2022\/06\/love-again.webp\" alt=\"\" width=\"500\" height=\"750\" srcset=\"https:\/\/nosesso.net\/wp-content\/uploads\/2022\/06\/love-again.webp 500w, https:\/\/nosesso.net\/wp-content\/uploads\/2022\/06\/love-again-200x300.webp 200w\" sizes=\"(max-width: 500px) 100vw, 500px\" \/><\/p>\n<h2>Fais attention<\/h2>\n<p>Peu importe o\u00f9 vous d\u00e9cidez de rencontrer des gens, n\u2019oubliez pas d\u2019\u00eatre en s\u00e9curit\u00e9. Assurez-vous de toujours utiliser une protection lorsque vous avez des relations sexuelles. De plus, ne donnez jamais d\u2019informations personnelles \u00e0 une personne que vous rencontrez en ligne ou hors ligne.<\/p>\n<p>Les sites de rencontres sexuelles deviennent de plus en plus populaires parmi les c\u00e9libataires qui recherchent l\u2019amour en ligne. Ces sites permettent aux membres de rencontrer d\u2019autres personnes en fonction d\u2019int\u00e9r\u00eats communs, de l\u2019emplacement, de l\u2019\u00e2ge, du sexe, etc., puis d\u2019organiser des dates. Les meilleurs sites de rencontres sexuelles offrent des fonctionnalit\u00e9s telles que des salles de discussion, des galeries de photos, des chats vid\u00e9o et des babillards \u00e9lectroniques o\u00f9 les membres peuvent interagir les uns avec les autres.<\/p>\n<p>Beaucoup de ces sites fournissent \u00e9galement des services suppl\u00e9mentaires, y compris des applications mobiles, un abonnement gratuit et des abonnements payants. Les sites de rencontres sexuelles sont une excellente option pour tous ceux qui veulent essayer <a href=\"http:\/\/nosesso.net\/fr\/pourquoi-les-applications-de-connexion-locales-pourraient-vous-convenir\/\">des rencontres occasionnelles<\/a> sans avoir \u00e0 se soucier de l\u2019engagement.<\/p>\n<h2>Types d\u2019applications de rencontres<\/h2>\n<p>Il existe de nombreux types de sites de rencontres sexuelles, alors choisissez-en un qui correspond \u00e0 vos besoins. Par exemple, si vous recherchez une relation \u00e0 long terme, un site chr\u00e9tien pourrait \u00eatre id\u00e9al. Cependant, si vous voulez juste exp\u00e9rimenter, un site de sexe occasionnel pourrait mieux fonctionner.<\/p>\n<p>Il est important de se rappeler que les sites de rencontres sexuelles ne sont pas toujours des endroits s\u00fbrs pour rencontrer des gens. Assurez-vous de lire les commentaires des utilisateurs pr\u00e9c\u00e9dents avant de vous inscrire. De plus, ne donnez jamais d\u2019informations personnelles telles que des num\u00e9ros de carte de cr\u00e9dit ou des d\u00e9tails de compte bancaire.<\/p>\n<p>Il existe de nombreux types de sites de rencontres occasionnels disponibles en ligne aujourd\u2019hui. Certains sont gratuits tandis que d\u2019autres n\u00e9cessitent un paiement. Il existe \u00e9galement de nombreuses fa\u00e7ons de rencontrer quelqu\u2019un \u00e0 travers ces sites. Que vous recherchiez une aventure rapide ou une relation \u00e0 long terme, trouver la bonne personne peut \u00eatre difficile.<\/p>\n<h3>Rencontres en ligne avec d\u00e9sinvolture<\/h3>\n<p>L\u2019un des meilleurs endroits pour rechercher des partenaires potentiels est \u00e0 travers un site de rencontre occasionnel. Ces sites vous permettent de parcourir les profils et d\u2019envoyer des messages aux membres qui vous int\u00e9ressent. Beaucoup de ces sites offrent des fonctionnalit\u00e9s telles que les salles de chat, la messagerie instantan\u00e9e, le chat vid\u00e9o et le partage de photos.<\/p>\n<p>Ces sites sont parfaits si vous cherchez \u00e0 rencontrer quelqu\u2019un avec d\u00e9sinvolture sans avoir \u00e0 payer de frais d\u2019adh\u00e9sion. Cependant, vous devez toujours \u00eatre prudent lors de l\u2019inscription \u00e0 ces services. Assurez-vous de lire les avis d\u2019autres utilisateurs pour en savoir plus sur les probl\u00e8mes de s\u00e9curit\u00e9 associ\u00e9s \u00e0 chaque service. Assurez-vous \u00e9galement de choisir une entreprise r\u00e9put\u00e9e pour \u00e9viter de vous faire arnaquer.<\/p>\n<p>Certains des sites de rencontres occasionnels les plus populaires incluent Match.com, OkCupid, PlentyOfFish et Tinder. Chacun de ces sites a son propre ensemble unique de fonctionnalit\u00e9s qui facilitent la connexion avec les personnes \u00e0 proximit\u00e9. Par exemple, Match.com vous permet de cr\u00e9er un profil et de t\u00e9l\u00e9charger des photos. Ensuite, vous pouvez rechercher des correspondances en fonction de l\u2019emplacement, de l\u2019\u00e2ge, du sexe, de l\u2019orientation sexuelle, etc.<\/p>\n","protected":false},"excerpt":{"rendered":"<p>Les applications de chat locales sont devenues de plus en plus populaires au cours des derni\u00e8res ann\u00e9es, et il n\u2019est pas surprenant de savoir pourquoi. Avec l\u2019essor des sites de rencontres en ligne, les rencontres locales sont devenues plus faciles que jamais. Cependant, si vous voulez rencontrer quelqu\u2019un qui vit \u00e0 proximit\u00e9, il est pr\u00e9f\u00e9rable &#8230; <a title=\"Sites de connexion gratuits\" class=\"read-more\" href=\"https:\/\/nosesso.net\/fr\/sites-de-connexion-gratuits\/\" aria-label=\"En savoir plus sur Sites de connexion gratuits\">Lire la suite<\/a><\/p>\n","protected":false},"author":1,"featured_media":0,"parent":0,"menu_order":0,"comment_status":"closed","ping_status":"closed","template":"","meta":[],"yoast_head":"<!-- This site is optimized with the Yoast SEO plugin v17.7.1 - https:\/\/yoast.com\/wordpress\/plugins\/seo\/ -->\n<title>Sites de connexion gratuits - No Sesso<\/title>\n<meta name=\"robots\" content=\"index, follow, max-snippet:-1, max-image-preview:large, max-video-preview:-1\" \/>\n<link rel=\"canonical\" href=\"https:\/\/nosesso.net\/fr\/sites-de-connexion-gratuits\/\" \/>\n<meta property=\"og:locale\" content=\"fr_FR\" \/>\n<meta property=\"og:type\" content=\"article\" \/>\n<meta property=\"og:title\" content=\"Sites de connexion gratuits - No Sesso\" \/>\n<meta property=\"og:description\" content=\"Les applications de chat locales sont devenues de plus en plus populaires au cours des derni\u00e8res ann\u00e9es, et il n\u2019est pas surprenant de savoir pourquoi. Avec l\u2019essor des sites de rencontres en ligne, les rencontres locales sont devenues plus faciles que jamais. Cependant, si vous voulez rencontrer quelqu\u2019un qui vit \u00e0 proximit\u00e9, il est pr\u00e9f\u00e9rable ... Lire la suite\" \/>\n<meta property=\"og:url\" content=\"https:\/\/nosesso.net\/fr\/sites-de-connexion-gratuits\/\" \/>\n<meta property=\"og:site_name\" content=\"No Sesso\" \/>\n<meta property=\"og:image\" content=\"http:\/\/nosesso.net\/wp-content\/uploads\/2022\/06\/love-again.webp\" \/>\n<meta name=\"twitter:card\" content=\"summary_large_image\" \/>\n<meta name=\"twitter:label1\" content=\"Dur\u00e9e de lecture estim\u00e9e\" \/>\n\t<meta name=\"twitter:data1\" content=\"4 minutes\" \/>\n<script type=\"application\/ld+json\" class=\"yoast-schema-graph\">{\"@context\":\"https:\/\/schema.org\",\"@graph\":[{\"@type\":\"WebSite\",\"@id\":\"https:\/\/nosesso.net\/#website\",\"url\":\"https:\/\/nosesso.net\/\",\"name\":\"No Sesso\",\"description\":\"Real Dating Reviews\",\"potentialAction\":[{\"@type\":\"SearchAction\",\"target\":{\"@type\":\"EntryPoint\",\"urlTemplate\":\"https:\/\/nosesso.net\/?s={search_term_string}\"},\"query-input\":\"required name=search_term_string\"}],\"inLanguage\":\"fr-FR\"},{\"@type\":\"ImageObject\",\"@id\":\"https:\/\/nosesso.net\/fr\/sites-de-connexion-gratuits\/#primaryimage\",\"inLanguage\":\"fr-FR\",\"url\":\"http:\/\/nosesso.net\/wp-content\/uploads\/2022\/06\/love-again.webp\",\"contentUrl\":\"http:\/\/nosesso.net\/wp-content\/uploads\/2022\/06\/love-again.webp\"},{\"@type\":\"WebPage\",\"@id\":\"https:\/\/nosesso.net\/fr\/sites-de-connexion-gratuits\/#webpage\",\"url\":\"https:\/\/nosesso.net\/fr\/sites-de-connexion-gratuits\/\",\"name\":\"Sites de connexion gratuits - No Sesso\",\"isPartOf\":{\"@id\":\"https:\/\/nosesso.net\/#website\"},\"primaryImageOfPage\":{\"@id\":\"https:\/\/nosesso.net\/fr\/sites-de-connexion-gratuits\/#primaryimage\"},\"datePublished\":\"2022-06-23T10:46:19+00:00\",\"dateModified\":\"2022-06-23T10:46:19+00:00\",\"breadcrumb\":{\"@id\":\"https:\/\/nosesso.net\/fr\/sites-de-connexion-gratuits\/#breadcrumb\"},\"inLanguage\":\"fr-FR\",\"potentialAction\":[{\"@type\":\"ReadAction\",\"target\":[\"https:\/\/nosesso.net\/fr\/sites-de-connexion-gratuits\/\"]}]},{\"@type\":\"BreadcrumbList\",\"@id\":\"https:\/\/nosesso.net\/fr\/sites-de-connexion-gratuits\/#breadcrumb\",\"itemListElement\":[{\"@type\":\"ListItem\",\"position\":1,\"name\":\"Home\",\"item\":\"https:\/\/nosesso.net\/fr\/\"},{\"@type\":\"ListItem\",\"position\":2,\"name\":\"Sites de connexion gratuits\"}]}]}<\/script>\n<!-- \/ Yoast SEO plugin. -->","yoast_head_json":{"title":"Sites de connexion gratuits - No Sesso","robots":{"index":"index","follow":"follow","max-snippet":"max-snippet:-1","max-image-preview":"max-image-preview:large","max-video-preview":"max-video-preview:-1"},"canonical":"https:\/\/nosesso.net\/fr\/sites-de-connexion-gratuits\/","og_locale":"fr_FR","og_type":"article","og_title":"Sites de connexion gratuits - No Sesso","og_description":"Les applications de chat locales sont devenues de plus en plus populaires au cours des derni\u00e8res ann\u00e9es, et il n\u2019est pas surprenant de savoir pourquoi. Avec l\u2019essor des sites de rencontres en ligne, les rencontres locales sont devenues plus faciles que jamais. Cependant, si vous voulez rencontrer quelqu\u2019un qui vit \u00e0 proximit\u00e9, il est pr\u00e9f\u00e9rable ... Lire la suite","og_url":"https:\/\/nosesso.net\/fr\/sites-de-connexion-gratuits\/","og_site_name":"No Sesso","og_image":[{"url":"http:\/\/nosesso.net\/wp-content\/uploads\/2022\/06\/love-again.webp"}],"twitter_card":"summary_large_image","twitter_misc":{"Dur\u00e9e de lecture estim\u00e9e":"4 minutes"},"schema":{"@context":"https:\/\/schema.org","@graph":[{"@type":"WebSite","@id":"https:\/\/nosesso.net\/#website","url":"https:\/\/nosesso.net\/","name":"No Sesso","description":"Real Dating Reviews","potentialAction":[{"@type":"SearchAction","target":{"@type":"EntryPoint","urlTemplate":"https:\/\/nosesso.net\/?s={search_term_string}"},"query-input":"required name=search_term_string"}],"inLanguage":"fr-FR"},{"@type":"ImageObject","@id":"https:\/\/nosesso.net\/fr\/sites-de-connexion-gratuits\/#primaryimage","inLanguage":"fr-FR","url":"http:\/\/nosesso.net\/wp-content\/uploads\/2022\/06\/love-again.webp","contentUrl":"http:\/\/nosesso.net\/wp-content\/uploads\/2022\/06\/love-again.webp"},{"@type":"WebPage","@id":"https:\/\/nosesso.net\/fr\/sites-de-connexion-gratuits\/#webpage","url":"https:\/\/nosesso.net\/fr\/sites-de-connexion-gratuits\/","name":"Sites de connexion gratuits - No Sesso","isPartOf":{"@id":"https:\/\/nosesso.net\/#website"},"primaryImageOfPage":{"@id":"https:\/\/nosesso.net\/fr\/sites-de-connexion-gratuits\/#primaryimage"},"datePublished":"2022-06-23T10:46:19+00:00","dateModified":"2022-06-23T10:46:19+00:00","breadcrumb":{"@id":"https:\/\/nosesso.net\/fr\/sites-de-connexion-gratuits\/#breadcrumb"},"inLanguage":"fr-FR","potentialAction":[{"@type":"ReadAction","target":["https:\/\/nosesso.net\/fr\/sites-de-connexion-gratuits\/"]}]},{"@type":"BreadcrumbList","@id":"https:\/\/nosesso.net\/fr\/sites-de-connexion-gratuits\/#breadcrumb","itemListElement":[{"@type":"ListItem","position":1,"name":"Home","item":"https:\/\/nosesso.net\/fr\/"},{"@type":"ListItem","position":2,"name":"Sites de connexion gratuits"}]}]}},"_links":{"self":[{"href":"https:\/\/nosesso.net\/fr\/wp-json\/wp\/v2\/pages\/176"}],"collection":[{"href":"https:\/\/nosesso.net\/fr\/wp-json\/wp\/v2\/pages"}],"about":[{"href":"https:\/\/nosesso.net\/fr\/wp-json\/wp\/v2\/types\/page"}],"author":[{"embeddable":true,"href":"https:\/\/nosesso.net\/fr\/wp-json\/wp\/v2\/users\/1"}],"replies":[{"embeddable":true,"href":"https:\/\/nosesso.net\/fr\/wp-json\/wp\/v2\/comments?post=176"}],"version-history":[{"count":0,"href":"https:\/\/nosesso.net\/fr\/wp-json\/wp\/v2\/pages\/176\/revisions"}],"wp:attachment":[{"href":"https:\/\/nosesso.net\/fr\/wp-json\/wp\/v2\/media?parent=176"}],"curies":[{"name":"wp","href":"https:\/\/api.w.org\/{rel}","templated":true}]}}