{"id":142,"date":"2022-06-23T11:51:14","date_gmt":"2022-06-23T10:51:14","guid":{"rendered":"http:\/\/nosesso.net\/punti-di-collegamento-locali\/"},"modified":"2022-07-01T16:38:42","modified_gmt":"2022-07-01T15:38:42","slug":"punti-di-collegamento-locali","status":"publish","type":"page","link":"https:\/\/nosesso.net\/it\/punti-di-collegamento-locali\/","title":{"rendered":"Punti di collegamento locali"},"content":{"rendered":"<p>Il collegamento \u00e8 divertente, eccitante e talvolta anche romantico. Ma se stai cercando un punto di collegamento locale, potresti rimanere deluso. Questo perch\u00e9 <a href=\"http:\/\/nosesso.net\/it\/siti-di-incontri-di-sesso-occasionale-gratuiti\/\">la maggior parte delle app di collegamento<\/a> sono progettate per connettere persone che sono lontane l&#8217;una dall&#8217;altra.<\/p>\n<p>Ma ci sono molti posti dove puoi incontrare qualcuno nelle vicinanze. Sia che tu stia cercando sesso occasionale o una relazione, questi luoghi offrono un ambiente sicuro in cui puoi divertirti senza doverti preoccupare di essere giudicato o rifiutato.<\/p>\n<p><img loading=\"lazy\" class=\"aligncenter size-full wp-image-54\" src=\"http:\/\/nosesso.net\/wp-content\/uploads\/2022\/06\/find-dates.jpeg\" alt=\"\" width=\"500\" height=\"750\" srcset=\"https:\/\/nosesso.net\/wp-content\/uploads\/2022\/06\/find-dates.jpeg 500w, https:\/\/nosesso.net\/wp-content\/uploads\/2022\/06\/find-dates-200x300.jpeg 200w\" sizes=\"(max-width: 500px) 100vw, 500px\" \/><\/p>\n<p>Ecco cinque punti di collegamento popolari vicino a te:<\/p>\n<h3>1. Parchi pubblici<\/h3>\n<p>I parchi pubblici sono <a href=\"https:\/\/www.fuck-buddies.net\/it\/giochi-porno-gratuiti-nessuna-registrazione-e-nessuna-registrazione\/\">giochiporno gratis<\/a> single. Non ci sono regole o aspettative, quindi puoi semplicemente rilassarti e divertirti. Inoltre, probabilmente incontrerai molte altre persone che fanno la stessa cosa.<\/p>\n<h3>2. Barre<\/h3>\n<p>I bar sono un altro ottimo posto per incontrare persone. Le persone tendono a uscire nei bar dopo il lavoro, quindi \u00e8 facile avviare conversazioni con estranei.<\/p>\n<h3>3. Caffetterie<\/h3>\n<p>Le caffetterie sono un ottimo posto per incontrare persone, soprattutto se stai cercando qualcosa di serio. \u00c8 un&#8217;impostazione a bassa pressione, quindi puoi parlare liberamente e apertamente di qualsiasi cosa.<\/p>\n<h3>4. Biblioteche<\/h3>\n<p>Le biblioteche sono un ottimo posto per <a href=\"http:\/\/nosesso.net\/it\/dove-trovare-persone-di-interessi-simili\/\">trovare l&#8217;amore<\/a>. Non solo sono gratuiti, ma sono anche tranquilli e rilassanti. E dal momento che sei circondato da libri, ti sentirai pi\u00f9 a tuo agio a parlare di argomenti personali.<\/p>\n<h3>5. Alberghi<\/h3>\n<p>Gli hotel sono un ottimo posto dove andare se stai cercando <a href=\"https:\/\/www.find-sex.net\/it\/nessuna-registrazione-a-giochi-porno\/\">giochi porno senza accesso<\/a> un po &#8216;di tempo da solo. Puoi avere privacy ed essere ancora abbastanza vicino ad altre persone per incontrare facilmente nuovi amici.<\/p>\n<p>Quindi, sia che tu stia cercando un&#8217;avventura di una notte o una relazione a lungo termine, questi posti sono un&#8217;ottima opzione.<\/p>\n<h3>6. App di appuntamenti sessuali<\/h3>\n<p>Ci sono molti diversi tipi di siti di incontri sessuali disponibili oggi, compresi quelli incentrati su specifici gruppi di et\u00e0, etnie e luoghi. Alcuni siti si concentrano esclusivamente sulle relazioni adulte, mentre altri si rivolgono a tutti, dagli adolescenti agli anziani.<\/p>\n<p>Indipendentemente da dove decidi di iscriverti, assicurati di scegliere un servizio affidabile. Controlla recensioni e valutazioni per determinare se un particolare sito ha o meno la reputazione di essere affidabile. Considera anche il costo dell&#8217;iscrizione; se hai intenzione di pagare per un abbonamento, potresti anche ottenere un buon rapporto qualit\u00e0-prezzo.<\/p>\n<p>Dopo esserti registrato, riceverai e-mail dal sito che ti chiedono di compilare le domande del profilo <a href=\"https:\/\/www.local-fuck.net\/it\/giochi-porno-senza-iscrizione\/\">giochi porno gratis senza registrazione<\/a> e caricare foto. Una volta eseguite queste attivit\u00e0, sarai in grado di sfogliare i profili di altri membri. Puoi quindi inviare messaggi a chiunque desideri incontrare.<\/p>\n<p>Una volta trovato qualcuno con cui vorresti parlare, puoi organizzare un incontro di persona. I siti di incontri sessuali in genere offrono una variet\u00e0 di modi per i membri di comunicare tra loro, tra cui messaggi di testo, telefonate, chat video e messaggi istantanei.<\/p>\n<p>Il metodo pi\u00f9 comune di comunicazione \u00e8 tramite messaggi di testo. Tuttavia, alcuni siti consentono anche ai membri di inviare messaggi vocali o utilizzare app per registrare messaggi audio. Pi\u00f9 opzioni hai, pi\u00f9 facile sar\u00e0 impostare le date con altri membri.<\/p>\n","protected":false},"excerpt":{"rendered":"<p>Il collegamento \u00e8 divertente, eccitante e talvolta anche romantico. Ma se stai cercando un punto di collegamento locale, potresti rimanere deluso. Questo perch\u00e9 la maggior parte delle app di collegamento sono progettate per connettere persone che sono lontane l&#8217;una dall&#8217;altra. Ma ci sono molti posti dove puoi incontrare qualcuno nelle vicinanze. Sia che tu stia &#8230; <a title=\"Punti di collegamento locali\" class=\"read-more\" href=\"https:\/\/nosesso.net\/it\/punti-di-collegamento-locali\/\" aria-label=\"Leggi di pi\u00f9 su Punti di collegamento locali\">Leggi tutto<\/a><\/p>\n","protected":false},"author":1,"featured_media":0,"parent":0,"menu_order":0,"comment_status":"closed","ping_status":"closed","template":"","meta":[],"yoast_head":"<!-- This site is optimized with the Yoast SEO plugin v17.7.1 - https:\/\/yoast.com\/wordpress\/plugins\/seo\/ -->\n<title>Punti di collegamento locali - No Sesso<\/title>\n<meta name=\"robots\" content=\"index, follow, max-snippet:-1, max-image-preview:large, max-video-preview:-1\" \/>\n<link rel=\"canonical\" href=\"https:\/\/nosesso.net\/it\/punti-di-collegamento-locali\/\" \/>\n<meta property=\"og:locale\" content=\"it_IT\" \/>\n<meta property=\"og:type\" content=\"article\" \/>\n<meta property=\"og:title\" content=\"Punti di collegamento locali - No Sesso\" \/>\n<meta property=\"og:description\" content=\"Il collegamento \u00e8 divertente, eccitante e talvolta anche romantico. Ma se stai cercando un punto di collegamento locale, potresti rimanere deluso. Questo perch\u00e9 la maggior parte delle app di collegamento sono progettate per connettere persone che sono lontane l&#8217;una dall&#8217;altra. Ma ci sono molti posti dove puoi incontrare qualcuno nelle vicinanze. Sia che tu stia ... Leggi tutto\" \/>\n<meta property=\"og:url\" content=\"https:\/\/nosesso.net\/it\/punti-di-collegamento-locali\/\" \/>\n<meta property=\"og:site_name\" content=\"No Sesso\" \/>\n<meta property=\"article:modified_time\" content=\"2022-07-01T15:38:42+00:00\" \/>\n<meta property=\"og:image\" content=\"http:\/\/nosesso.net\/wp-content\/uploads\/2022\/06\/find-dates.jpeg\" \/>\n<meta name=\"twitter:card\" content=\"summary_large_image\" \/>\n<meta name=\"twitter:label1\" content=\"Tempo di lettura stimato\" \/>\n\t<meta name=\"twitter:data1\" content=\"3 minuti\" \/>\n<script type=\"application\/ld+json\" class=\"yoast-schema-graph\">{\"@context\":\"https:\/\/schema.org\",\"@graph\":[{\"@type\":\"WebSite\",\"@id\":\"https:\/\/nosesso.net\/#website\",\"url\":\"https:\/\/nosesso.net\/\",\"name\":\"No Sesso\",\"description\":\"Real Dating Reviews\",\"potentialAction\":[{\"@type\":\"SearchAction\",\"target\":{\"@type\":\"EntryPoint\",\"urlTemplate\":\"https:\/\/nosesso.net\/?s={search_term_string}\"},\"query-input\":\"required name=search_term_string\"}],\"inLanguage\":\"it-IT\"},{\"@type\":\"ImageObject\",\"@id\":\"https:\/\/nosesso.net\/it\/punti-di-collegamento-locali\/#primaryimage\",\"inLanguage\":\"it-IT\",\"url\":\"http:\/\/nosesso.net\/wp-content\/uploads\/2022\/06\/find-dates.jpeg\",\"contentUrl\":\"http:\/\/nosesso.net\/wp-content\/uploads\/2022\/06\/find-dates.jpeg\"},{\"@type\":\"WebPage\",\"@id\":\"https:\/\/nosesso.net\/it\/punti-di-collegamento-locali\/#webpage\",\"url\":\"https:\/\/nosesso.net\/it\/punti-di-collegamento-locali\/\",\"name\":\"Punti di collegamento locali - No Sesso\",\"isPartOf\":{\"@id\":\"https:\/\/nosesso.net\/#website\"},\"primaryImageOfPage\":{\"@id\":\"https:\/\/nosesso.net\/it\/punti-di-collegamento-locali\/#primaryimage\"},\"datePublished\":\"2022-06-23T10:51:14+00:00\",\"dateModified\":\"2022-07-01T15:38:42+00:00\",\"breadcrumb\":{\"@id\":\"https:\/\/nosesso.net\/it\/punti-di-collegamento-locali\/#breadcrumb\"},\"inLanguage\":\"it-IT\",\"potentialAction\":[{\"@type\":\"ReadAction\",\"target\":[\"https:\/\/nosesso.net\/it\/punti-di-collegamento-locali\/\"]}]},{\"@type\":\"BreadcrumbList\",\"@id\":\"https:\/\/nosesso.net\/it\/punti-di-collegamento-locali\/#breadcrumb\",\"itemListElement\":[{\"@type\":\"ListItem\",\"position\":1,\"name\":\"Home\",\"item\":\"https:\/\/nosesso.net\/it\/\"},{\"@type\":\"ListItem\",\"position\":2,\"name\":\"Punti di collegamento locali\"}]}]}<\/script>\n<!-- \/ Yoast SEO plugin. -->","yoast_head_json":{"title":"Punti di collegamento locali - No Sesso","robots":{"index":"index","follow":"follow","max-snippet":"max-snippet:-1","max-image-preview":"max-image-preview:large","max-video-preview":"max-video-preview:-1"},"canonical":"https:\/\/nosesso.net\/it\/punti-di-collegamento-locali\/","og_locale":"it_IT","og_type":"article","og_title":"Punti di collegamento locali - No Sesso","og_description":"Il collegamento \u00e8 divertente, eccitante e talvolta anche romantico. Ma se stai cercando un punto di collegamento locale, potresti rimanere deluso. Questo perch\u00e9 la maggior parte delle app di collegamento sono progettate per connettere persone che sono lontane l&#8217;una dall&#8217;altra. Ma ci sono molti posti dove puoi incontrare qualcuno nelle vicinanze. Sia che tu stia ... Leggi tutto","og_url":"https:\/\/nosesso.net\/it\/punti-di-collegamento-locali\/","og_site_name":"No Sesso","article_modified_time":"2022-07-01T15:38:42+00:00","og_image":[{"url":"http:\/\/nosesso.net\/wp-content\/uploads\/2022\/06\/find-dates.jpeg"}],"twitter_card":"summary_large_image","twitter_misc":{"Tempo di lettura stimato":"3 minuti"},"schema":{"@context":"https:\/\/schema.org","@graph":[{"@type":"WebSite","@id":"https:\/\/nosesso.net\/#website","url":"https:\/\/nosesso.net\/","name":"No Sesso","description":"Real Dating Reviews","potentialAction":[{"@type":"SearchAction","target":{"@type":"EntryPoint","urlTemplate":"https:\/\/nosesso.net\/?s={search_term_string}"},"query-input":"required name=search_term_string"}],"inLanguage":"it-IT"},{"@type":"ImageObject","@id":"https:\/\/nosesso.net\/it\/punti-di-collegamento-locali\/#primaryimage","inLanguage":"it-IT","url":"http:\/\/nosesso.net\/wp-content\/uploads\/2022\/06\/find-dates.jpeg","contentUrl":"http:\/\/nosesso.net\/wp-content\/uploads\/2022\/06\/find-dates.jpeg"},{"@type":"WebPage","@id":"https:\/\/nosesso.net\/it\/punti-di-collegamento-locali\/#webpage","url":"https:\/\/nosesso.net\/it\/punti-di-collegamento-locali\/","name":"Punti di collegamento locali - No Sesso","isPartOf":{"@id":"https:\/\/nosesso.net\/#website"},"primaryImageOfPage":{"@id":"https:\/\/nosesso.net\/it\/punti-di-collegamento-locali\/#primaryimage"},"datePublished":"2022-06-23T10:51:14+00:00","dateModified":"2022-07-01T15:38:42+00:00","breadcrumb":{"@id":"https:\/\/nosesso.net\/it\/punti-di-collegamento-locali\/#breadcrumb"},"inLanguage":"it-IT","potentialAction":[{"@type":"ReadAction","target":["https:\/\/nosesso.net\/it\/punti-di-collegamento-locali\/"]}]},{"@type":"BreadcrumbList","@id":"https:\/\/nosesso.net\/it\/punti-di-collegamento-locali\/#breadcrumb","itemListElement":[{"@type":"ListItem","position":1,"name":"Home","item":"https:\/\/nosesso.net\/it\/"},{"@type":"ListItem","position":2,"name":"Punti di collegamento locali"}]}]}},"_links":{"self":[{"href":"https:\/\/nosesso.net\/it\/wp-json\/wp\/v2\/pages\/142"}],"collection":[{"href":"https:\/\/nosesso.net\/it\/wp-json\/wp\/v2\/pages"}],"about":[{"href":"https:\/\/nosesso.net\/it\/wp-json\/wp\/v2\/types\/page"}],"author":[{"embeddable":true,"href":"https:\/\/nosesso.net\/it\/wp-json\/wp\/v2\/users\/1"}],"replies":[{"embeddable":true,"href":"https:\/\/nosesso.net\/it\/wp-json\/wp\/v2\/comments?post=142"}],"version-history":[{"count":1,"href":"https:\/\/nosesso.net\/it\/wp-json\/wp\/v2\/pages\/142\/revisions"}],"predecessor-version":[{"id":277,"href":"https:\/\/nosesso.net\/it\/wp-json\/wp\/v2\/pages\/142\/revisions\/277"}],"wp:attachment":[{"href":"https:\/\/nosesso.net\/it\/wp-json\/wp\/v2\/media?parent=142"}],"curies":[{"name":"wp","href":"https:\/\/api.w.org\/{rel}","templated":true}]}}