{"id":172,"date":"2022-06-23T11:46:19","date_gmt":"2022-06-23T10:46:19","guid":{"rendered":"http:\/\/nosesso.net\/siti-di-collegamento-gratuiti\/"},"modified":"2022-07-20T16:46:59","modified_gmt":"2022-07-20T15:46:59","slug":"siti-di-collegamento-gratuiti","status":"publish","type":"page","link":"https:\/\/nosesso.net\/it\/siti-di-collegamento-gratuiti\/","title":{"rendered":"Siti di collegamento gratuiti"},"content":{"rendered":"<p>Le app di chat locali sono diventate sempre pi\u00f9 popolari negli ultimi anni e non sorprende il perch\u00e9. Con l&#8217;ascesa dei siti di incontri online, i collegamenti locali sono diventati pi\u00f9 facili che mai.<\/p>\n<p>Tuttavia, se vuoi incontrare qualcuno che vive nelle vicinanze, \u00e8 meglio provare a incontrare <a href=\"https:\/\/www.sextchat.net\/it\/giochi-hentai-gratis-eroge\/\">giochi hentai<\/a> le persone faccia a faccia. In questo modo, puoi effettivamente parlare con loro e conoscerti. \u00c8 anche molto pi\u00f9 sicuro che cercare di <a href=\"http:\/\/nosesso.net\/it\/tipi-di-siti-di-collegamento\/\">incontrare qualcuno online<\/a>.<\/p>\n<p>Ci sono molti modi diversi per incontrare persone a livello locale, anche attraverso amici, club, bar, caffetterie e altro ancora. La chiave \u00e8 trovare il tipo di persona che vorresti incontrare. Ad esempio, se sei interessato al sesso occasionale, potresti voler unirti a un club di scambisti. Tuttavia, se stai cercando una relazione, potresti provare a unirti a un gruppo di single.<\/p>\n<p><img loading=\"lazy\" class=\"aligncenter size-full wp-image-51\" src=\"http:\/\/nosesso.net\/wp-content\/uploads\/2022\/06\/love-again.webp\" alt=\"\" width=\"500\" height=\"750\" srcset=\"https:\/\/nosesso.net\/wp-content\/uploads\/2022\/06\/love-again.webp 500w, https:\/\/nosesso.net\/wp-content\/uploads\/2022\/06\/love-again-200x300.webp 200w\" sizes=\"(max-width: 500px) 100vw, 500px\" \/><\/p>\n<h2>Stai attento<\/h2>\n<p>Indipendentemente da dove decidi di incontrare persone, ricorda di essere al sicuro. Assicurati di usare sempre la protezione quando fai sesso. Inoltre, non fornire mai informazioni personali a nessuno che incontri online o offline.<\/p>\n<p>I siti di incontri sessuali stanno diventando sempre pi\u00f9 popolari tra i single che cercano l&#8217;amore online. Questi siti consentono ai membri di incontrare altre persone in base a interessi comuni, posizione, et\u00e0, sesso, ecc. E quindi organizzare le date. I migliori siti di incontri sessuali offrono funzionalit\u00e0 come chat room, gallerie fotografiche <a href=\"https:\/\/www.free-adult-cams.com\/it\/cam2cam-gratis\/\">cam2cam<\/a>, chat video e bacheche in cui i membri possono interagire tra loro.<\/p>\n<p>Molti di questi siti forniscono anche servizi aggiuntivi, tra cui app mobili, abbonamento gratuito e abbonamenti a pagamento. I siti di incontri sessuali sono un&#8217;ottima opzione per chiunque voglia provare <a href=\"http:\/\/nosesso.net\/it\/perche-le-app-di-collegamento-locali-potrebbero-essere-giuste-per-te\/\">appuntamenti casuali<\/a> senza doversi preoccupare dell&#8217;impegno.<\/p>\n<h2>Tipi di app di appuntamenti<\/h2>\n<p>Esistono molti tipi diversi di siti di incontri sessuali, quindi scegline uno che corrisponda alle tue esigenze. Ad esempio, se stai cercando una relazione a lungo termine, un sito cristiano potrebbe essere l&#8217;ideale. Tuttavia, se vuoi solo sperimentare, un sito di sesso occasionale potrebbe funzionare meglio.<\/p>\n<p>\u00c8 importante ricordare che i siti di incontri sessuali non sono sempre luoghi sicuri per incontrare persone. Assicurati di leggere le recensioni degli utenti precedenti prima di registrarti. Inoltre, non fornire mai informazioni personali come numeri di carta di credito o dettagli del conto bancario.<\/p>\n<p>Ci sono molti diversi tipi di siti di incontri casuali disponibili online oggi. Alcuni sono gratuiti mentre altri richiedono il pagamento. Ci sono anche molti modi diversi per incontrare qualcuno attraverso questi siti. Sia che tu stia cercando una fuga veloce o una relazione a lungo termine, trovare la persona giusta pu\u00f2 essere difficile.<\/p>\n<h3>Incontri casuali online<\/h3>\n<p>Uno dei posti migliori per cercare potenziali partner \u00e8 attraverso un sito di incontri casuali. Questi siti ti consentono di sfogliare i profili e inviare messaggi ai membri che ti interessano. Molti di questi siti offrono funzionalit\u00e0 come chat room, messaggistica istantanea, chat video e condivisione di foto.<\/p>\n<p>Questi siti sono perfetti se stai cercando di incontrare qualcuno casualmente senza dover pagare una quota associativa. Tuttavia, devi comunque fare attenzione quando ti iscrivi a questi servizi. Assicurati di leggere le recensioni di altri utenti per conoscere i problemi di sicurezza associati a ciascun servizio. Inoltre, assicurati di scegliere <a href=\"https:\/\/www.sextchat.net\/it\/jerk-off-con-estranei\/\">masturbazione online<\/a> un&#8217;azienda rispettabile per evitare di essere truffato.<\/p>\n<p>Alcuni dei siti di incontri casuali pi\u00f9 popolari includono Match.com, OkCupid, PlentyOfFish e Tinder. Ognuno di questi siti ha il proprio set unico di funzionalit\u00e0 che semplificano la connessione con le persone nelle vicinanze. Ad esempio, Match.com consente di creare un profilo e caricare foto. Quindi, puoi cercare corrispondenze in base a posizione, et\u00e0, sesso, orientamento sessuale e altro ancora.<\/p>\n","protected":false},"excerpt":{"rendered":"<p>Le app di chat locali sono diventate sempre pi\u00f9 popolari negli ultimi anni e non sorprende il perch\u00e9. Con l&#8217;ascesa dei siti di incontri online, i collegamenti locali sono diventati pi\u00f9 facili che mai. Tuttavia, se vuoi incontrare qualcuno che vive nelle vicinanze, \u00e8 meglio provare a incontrare giochi hentai le persone faccia a faccia. &#8230; <a title=\"Siti di collegamento gratuiti\" class=\"read-more\" href=\"https:\/\/nosesso.net\/it\/siti-di-collegamento-gratuiti\/\" aria-label=\"Leggi di pi\u00f9 su Siti di collegamento gratuiti\">Leggi tutto<\/a><\/p>\n","protected":false},"author":1,"featured_media":0,"parent":0,"menu_order":0,"comment_status":"closed","ping_status":"closed","template":"","meta":[],"yoast_head":"<!-- This site is optimized with the Yoast SEO plugin v17.7.1 - https:\/\/yoast.com\/wordpress\/plugins\/seo\/ -->\n<title>Siti di collegamento gratuiti - No Sesso<\/title>\n<meta name=\"robots\" content=\"index, follow, max-snippet:-1, max-image-preview:large, max-video-preview:-1\" \/>\n<link rel=\"canonical\" href=\"https:\/\/nosesso.net\/it\/siti-di-collegamento-gratuiti\/\" \/>\n<meta property=\"og:locale\" content=\"it_IT\" \/>\n<meta property=\"og:type\" content=\"article\" \/>\n<meta property=\"og:title\" content=\"Siti di collegamento gratuiti - No Sesso\" \/>\n<meta property=\"og:description\" content=\"Le app di chat locali sono diventate sempre pi\u00f9 popolari negli ultimi anni e non sorprende il perch\u00e9. Con l&#8217;ascesa dei siti di incontri online, i collegamenti locali sono diventati pi\u00f9 facili che mai. Tuttavia, se vuoi incontrare qualcuno che vive nelle vicinanze, \u00e8 meglio provare a incontrare giochi hentai le persone faccia a faccia. ... Leggi tutto\" \/>\n<meta property=\"og:url\" content=\"https:\/\/nosesso.net\/it\/siti-di-collegamento-gratuiti\/\" \/>\n<meta property=\"og:site_name\" content=\"No Sesso\" \/>\n<meta property=\"article:modified_time\" content=\"2022-07-20T15:46:59+00:00\" \/>\n<meta property=\"og:image\" content=\"http:\/\/nosesso.net\/wp-content\/uploads\/2022\/06\/love-again.webp\" \/>\n<meta name=\"twitter:card\" content=\"summary_large_image\" \/>\n<meta name=\"twitter:label1\" content=\"Tempo di lettura stimato\" \/>\n\t<meta name=\"twitter:data1\" content=\"3 minuti\" \/>\n<script type=\"application\/ld+json\" class=\"yoast-schema-graph\">{\"@context\":\"https:\/\/schema.org\",\"@graph\":[{\"@type\":\"WebSite\",\"@id\":\"https:\/\/nosesso.net\/#website\",\"url\":\"https:\/\/nosesso.net\/\",\"name\":\"No Sesso\",\"description\":\"Real Dating Reviews\",\"potentialAction\":[{\"@type\":\"SearchAction\",\"target\":{\"@type\":\"EntryPoint\",\"urlTemplate\":\"https:\/\/nosesso.net\/?s={search_term_string}\"},\"query-input\":\"required name=search_term_string\"}],\"inLanguage\":\"it-IT\"},{\"@type\":\"ImageObject\",\"@id\":\"https:\/\/nosesso.net\/it\/siti-di-collegamento-gratuiti\/#primaryimage\",\"inLanguage\":\"it-IT\",\"url\":\"http:\/\/nosesso.net\/wp-content\/uploads\/2022\/06\/love-again.webp\",\"contentUrl\":\"http:\/\/nosesso.net\/wp-content\/uploads\/2022\/06\/love-again.webp\"},{\"@type\":\"WebPage\",\"@id\":\"https:\/\/nosesso.net\/it\/siti-di-collegamento-gratuiti\/#webpage\",\"url\":\"https:\/\/nosesso.net\/it\/siti-di-collegamento-gratuiti\/\",\"name\":\"Siti di collegamento gratuiti - No Sesso\",\"isPartOf\":{\"@id\":\"https:\/\/nosesso.net\/#website\"},\"primaryImageOfPage\":{\"@id\":\"https:\/\/nosesso.net\/it\/siti-di-collegamento-gratuiti\/#primaryimage\"},\"datePublished\":\"2022-06-23T10:46:19+00:00\",\"dateModified\":\"2022-07-20T15:46:59+00:00\",\"breadcrumb\":{\"@id\":\"https:\/\/nosesso.net\/it\/siti-di-collegamento-gratuiti\/#breadcrumb\"},\"inLanguage\":\"it-IT\",\"potentialAction\":[{\"@type\":\"ReadAction\",\"target\":[\"https:\/\/nosesso.net\/it\/siti-di-collegamento-gratuiti\/\"]}]},{\"@type\":\"BreadcrumbList\",\"@id\":\"https:\/\/nosesso.net\/it\/siti-di-collegamento-gratuiti\/#breadcrumb\",\"itemListElement\":[{\"@type\":\"ListItem\",\"position\":1,\"name\":\"Home\",\"item\":\"http:\/\/nosesso.net\/it\/\"},{\"@type\":\"ListItem\",\"position\":2,\"name\":\"Siti di collegamento gratuiti\"}]}]}<\/script>\n<!-- \/ Yoast SEO plugin. -->","yoast_head_json":{"title":"Siti di collegamento gratuiti - No Sesso","robots":{"index":"index","follow":"follow","max-snippet":"max-snippet:-1","max-image-preview":"max-image-preview:large","max-video-preview":"max-video-preview:-1"},"canonical":"https:\/\/nosesso.net\/it\/siti-di-collegamento-gratuiti\/","og_locale":"it_IT","og_type":"article","og_title":"Siti di collegamento gratuiti - No Sesso","og_description":"Le app di chat locali sono diventate sempre pi\u00f9 popolari negli ultimi anni e non sorprende il perch\u00e9. Con l&#8217;ascesa dei siti di incontri online, i collegamenti locali sono diventati pi\u00f9 facili che mai. Tuttavia, se vuoi incontrare qualcuno che vive nelle vicinanze, \u00e8 meglio provare a incontrare giochi hentai le persone faccia a faccia. ... Leggi tutto","og_url":"https:\/\/nosesso.net\/it\/siti-di-collegamento-gratuiti\/","og_site_name":"No Sesso","article_modified_time":"2022-07-20T15:46:59+00:00","og_image":[{"url":"http:\/\/nosesso.net\/wp-content\/uploads\/2022\/06\/love-again.webp"}],"twitter_card":"summary_large_image","twitter_misc":{"Tempo di lettura stimato":"3 minuti"},"schema":{"@context":"https:\/\/schema.org","@graph":[{"@type":"WebSite","@id":"https:\/\/nosesso.net\/#website","url":"https:\/\/nosesso.net\/","name":"No Sesso","description":"Real Dating Reviews","potentialAction":[{"@type":"SearchAction","target":{"@type":"EntryPoint","urlTemplate":"https:\/\/nosesso.net\/?s={search_term_string}"},"query-input":"required name=search_term_string"}],"inLanguage":"it-IT"},{"@type":"ImageObject","@id":"https:\/\/nosesso.net\/it\/siti-di-collegamento-gratuiti\/#primaryimage","inLanguage":"it-IT","url":"http:\/\/nosesso.net\/wp-content\/uploads\/2022\/06\/love-again.webp","contentUrl":"http:\/\/nosesso.net\/wp-content\/uploads\/2022\/06\/love-again.webp"},{"@type":"WebPage","@id":"https:\/\/nosesso.net\/it\/siti-di-collegamento-gratuiti\/#webpage","url":"https:\/\/nosesso.net\/it\/siti-di-collegamento-gratuiti\/","name":"Siti di collegamento gratuiti - No Sesso","isPartOf":{"@id":"https:\/\/nosesso.net\/#website"},"primaryImageOfPage":{"@id":"https:\/\/nosesso.net\/it\/siti-di-collegamento-gratuiti\/#primaryimage"},"datePublished":"2022-06-23T10:46:19+00:00","dateModified":"2022-07-20T15:46:59+00:00","breadcrumb":{"@id":"https:\/\/nosesso.net\/it\/siti-di-collegamento-gratuiti\/#breadcrumb"},"inLanguage":"it-IT","potentialAction":[{"@type":"ReadAction","target":["https:\/\/nosesso.net\/it\/siti-di-collegamento-gratuiti\/"]}]},{"@type":"BreadcrumbList","@id":"https:\/\/nosesso.net\/it\/siti-di-collegamento-gratuiti\/#breadcrumb","itemListElement":[{"@type":"ListItem","position":1,"name":"Home","item":"http:\/\/nosesso.net\/it\/"},{"@type":"ListItem","position":2,"name":"Siti di collegamento gratuiti"}]}]}},"_links":{"self":[{"href":"https:\/\/nosesso.net\/it\/wp-json\/wp\/v2\/pages\/172"}],"collection":[{"href":"https:\/\/nosesso.net\/it\/wp-json\/wp\/v2\/pages"}],"about":[{"href":"https:\/\/nosesso.net\/it\/wp-json\/wp\/v2\/types\/page"}],"author":[{"embeddable":true,"href":"https:\/\/nosesso.net\/it\/wp-json\/wp\/v2\/users\/1"}],"replies":[{"embeddable":true,"href":"https:\/\/nosesso.net\/it\/wp-json\/wp\/v2\/comments?post=172"}],"version-history":[{"count":2,"href":"https:\/\/nosesso.net\/it\/wp-json\/wp\/v2\/pages\/172\/revisions"}],"predecessor-version":[{"id":301,"href":"https:\/\/nosesso.net\/it\/wp-json\/wp\/v2\/pages\/172\/revisions\/301"}],"wp:attachment":[{"href":"https:\/\/nosesso.net\/it\/wp-json\/wp\/v2\/media?parent=172"}],"curies":[{"name":"wp","href":"https:\/\/api.w.org\/{rel}","templated":true}]}}