{"id":184,"date":"2022-06-23T11:41:21","date_gmt":"2022-06-23T10:41:21","guid":{"rendered":"http:\/\/nosesso.net\/guida-al-collegamento-sessuale\/"},"modified":"2022-07-01T16:37:50","modified_gmt":"2022-07-01T15:37:50","slug":"guida-al-collegamento-sessuale","status":"publish","type":"page","link":"https:\/\/nosesso.net\/it\/","title":{"rendered":"Guida al collegamento sessuale"},"content":{"rendered":"<p>Adult Dating \u00e8 un ottimo modo per incontrare nuovi amici, creare nuove connessioni e persino trovare l&#8217;amore. Ma non \u00e8 sempre facile iniziare.<\/p>\n<p>Questa guida ti aiuter\u00e0 a imparare tutto ci\u00f2 che devi sapere sugli appuntamenti per adulti, tra cui:<\/p>\n<p>Quali siti di incontri per adulti sono disponibili<\/p>\n<ul>\n<li>Come scegliere il sito giusto per te<\/li>\n<li>Come creare un profilo che viene notato<\/li>\n<li>Come attirare l&#8217;attenzione da potenziali appuntamenti<\/li>\n<li>Come rispondere ai messaggi<\/li>\n<li>Come impostare un account di prova gratuito<\/li>\n<li>E molto altro ancora<\/li>\n<\/ul>\n<p><img loading=\"lazy\" class=\"aligncenter size-full wp-image-57\" src=\"http:\/\/nosesso.net\/wp-content\/uploads\/2022\/06\/online-hookup-sites.jpeg\" alt=\"\" width=\"500\" height=\"750\" srcset=\"https:\/\/nosesso.net\/wp-content\/uploads\/2022\/06\/online-hookup-sites.jpeg 500w, https:\/\/nosesso.net\/wp-content\/uploads\/2022\/06\/online-hookup-sites-200x300.jpeg 200w\" sizes=\"(max-width: 500px) 100vw, 500px\" \/><\/p>\n<h2>Cosa significa per te nessun sesso?<\/h2>\n<p>Una delle parti migliori degli appuntamenti sessuali \u00e8 che \u00e8 completamente anonimo. Non sono richiesti dati <a href=\"https:\/\/www.fuck-buddies.net\/it\/giochi-di-sesso-android-gratuiti\/\">giochi porno android<\/a> e nessuno ha bisogno di sapere nient&#8217;altro su di te oltre alle tue preferenze. Ci\u00f2 significa che puoi essere te stesso senza preoccuparti di rivelare segreti imbarazzanti.<\/p>\n<p>Una volta trovato qualcuno con cui vorresti uscire, puoi impostare un luogo e un orario di incontro. I siti di incontri sessuali in genere offrono diverse opzioni per organizzare appuntamenti, tra cui messaggi di testo, telefonate, chat video e incontri faccia a faccia.<\/p>\n<p>L&#8217;ultimo passo \u00e8 fare sesso. Mentre ad alcune persone piace fare <a href=\"http:\/\/nosesso.net\/it\/quale-app-e-la-migliore-per-gli-affiars\/\">sesso con estranei<\/a>, altri si sentono a disagio nel farlo. Per proteggerti, scegli sempre un luogo sicuro e privato.<\/p>\n<p>Il sesso occasionale \u00e8 un argomento molto popolare online. Sembra che tutti vogliano parlarne, ed \u00e8 facile capire perch\u00e9. Ci sono molte ragioni diverse per cui le persone amano il sesso occasionale, incluso il fatto che \u00e8 divertente, eccitante e gratuito.<\/p>\n<p>Ci sono molti siti di<a href=\"http:\/\/nosesso.net\/it\/siti-di-collegamento-gratuiti\/\">collegamento f ree dove puoi incontrare<\/a> altre persone interessate al sesso occasionale. Questi siti ti consentono di sfogliare i profili di persone che sono alla ricerca di sesso occasionale e puoi inviare loro messaggi direttamente se lo desideri.<\/p>\n<h3>Come possiamo aiutarti a trovare le date con i siti di collegamento<\/h3>\n<p>Il sesso locale \u00e8 diventato sempre pi\u00f9 popolare negli ultimi anni. Non sorprende che sempre pi\u00f9 persone si rivolgano alle risorse online per incontrare altri single che condividono interessi simili.<\/p>\n<p>Che tu sia interessato a incontri casuali o relazioni a lungo termine <a href=\"https:\/\/www.adultsexsites.org\/it\/siti-di-collegamento-gratuiti-nessuna-carta-di-credito\/\">AdultSexSites.org<\/a>, i siti di sesso locale offrono un modo conveniente per connettersi con altri che condividono i tuoi desideri. Questi siti ti consentono di navigare tra i profili dei membri in base alla posizione, all&#8217;et\u00e0 e alle preferenze sessuali.<\/p>\n<p>Ci sono molti diversi tipi di siti di sesso locale disponibili oggi. Alcuni si concentrano esclusivamente su incontri casuali, mentre altri si rivolgono specificamente alle coppie che vogliono esplorare la loro sessualit\u00e0 insieme. La parte migliore \u00e8 che questi siti sono gratuiti, rendendoli facili da accedere e utilizzare.<\/p>\n<p>Con cos\u00ec tante opzioni disponibili, \u00e8 difficile decidere da dove cominciare. Inizia sfogliando la nostra raccolta dei 10 migliori siti di sesso locale per saperne di pi\u00f9 su ciascuna opzione. Quindi, leggi le recensioni di utenti reali per determinare se vale la pena partecipare a qualcuno di loro.<\/p>\n<h3>Gli appuntamenti online funzionano davvero?<\/h3>\n<p>Gli appuntamenti sessuali sono un tipo di appuntamenti online in cui le persone si incontrano attraverso l&#8217;interesse reciproco per il sesso. \u00c8 diverso da altri tipi di appuntamenti online perch\u00e9 non richiede una relazione tra due persone. Invece, consente alle persone che sono interessate a incontri sessuali casuali di connettersi tra loro.<\/p>\n<p>Nella maggior parte dei casi, i <a href=\"https:\/\/www.fucklocals.org\/it\/siti-jerk-off-masturbarsi-con-estranei\/\">chat per masturbarsi<\/a> sono liberi di aderire. Tuttavia, se preferisci pagare per l&#8217;abbonamento premium, di solito puoi iscriverti a una quota di abbonamento mensile. Una volta creato un profilo, sarai in grado di sfogliare i profili di altri membri e inviare messaggi a potenziali partner.<\/p>\n<p>Mentre molti siti di incontri sessuali ti consentono di creare un profilo, altri richiedono di compilare un questionario prima di poterti registrare. Alcuni siti fanno domande su et\u00e0, sesso, etnia, religione, stato civile, occupazione, hobby e interessi.<\/p>\n<p>Dopo aver compilato questi moduli, riceverai un&#8217;e-mail di conferma che ti informa <a href=\"https:\/\/www.find-sex.net\/it\/sito-di-sesso-online-gratuito-al-100\/\">sito sesso gratuito<\/a> se la tua registrazione \u00e8 andata a buon fine. Se sei stato accettato nella community, ti verr\u00e0 dato accesso alle funzionalit\u00e0 del sito.<\/p>\n<h3>A cosa dovresti stare attento?<\/h3>\n<p>\u00c8 importante ricordare che questi tipi di siti non sono sempre sicuri. Assicurati di leggere le recensioni e porre domande prima di iscriverti a qualsiasi tipo di servizio di appuntamenti. Non fornire informazioni personali fino a quando non sei assolutamente certo di fidarti della persona con cui stai parlando.<\/p>\n<p>Inoltre, fai attenzione a non condividere troppe informazioni personali. Alcune persone potrebbero provare a truffarti con denaro o rubare la tua identit\u00e0. Tieni alta la guardia e proteggiti dai truffatori.<\/p>\n<p>Non dimenticare di condividere le tue esperienze con il sesso occasionale. Parlaci dei posti migliori per incontrare persone per il sesso occasionale e fai sapere agli altri cosa hai imparato.<\/p>\n<p><a href=\"http:\/\/nosesso.net\/it\/perche-le-app-di-collegamento-locali-potrebbero-essere-giuste-per-te\/\">I collegamenti locali<\/a> stanno diventando sempre pi\u00f9 popolari tra i single che sono stanchi del gioco delle relazioni a distanza. \u00c8 facile incontrare qualcuno del posto se sei disposto a impegnarti.<\/p>\n<p>Per iniziare, dovrai creare un profilo su un&#8217;app di appuntamenti come Tinder o Bumble. Una volta fatto, puoi sfogliare i profili fino a trovare qualcuno che attira la tua attenzione. Quindi, puoi inviare loro un messaggio e chiedere loro di uscire per un appuntamento.<\/p>\n<p>\u00c8 importante ricordare che le app di appuntamenti online non sono solo per incontrare estranei; sono anche un ottimo posto per connettersi con amici e familiari. Quindi, se stai cercando un collegamento casuale, prova a cercare corrispondenze dal tuo telefono invece di andare direttamente in un bar o in un club.<\/p>\n<p>Una volta trovato qualcuno che sembra interessato a te, puoi decidere se vuoi continuare a parlare con loro. Se finisci per avere una conversazione, assicurati di seguire questi suggerimenti per evitare di essere truffato.<\/p>\n","protected":false},"excerpt":{"rendered":"<p>Adult Dating \u00e8 un ottimo modo per incontrare nuovi amici, creare nuove connessioni e persino trovare l&#8217;amore. Ma non \u00e8 sempre facile iniziare. Questa guida ti aiuter\u00e0 a imparare tutto ci\u00f2 che devi sapere sugli appuntamenti per adulti, tra cui: Quali siti di incontri per adulti sono disponibili Come scegliere il sito giusto per te &#8230; <a title=\"Guida al collegamento sessuale\" class=\"read-more\" href=\"https:\/\/nosesso.net\/it\/\" aria-label=\"Leggi di pi\u00f9 su Guida al collegamento sessuale\">Leggi tutto<\/a><\/p>\n","protected":false},"author":1,"featured_media":0,"parent":0,"menu_order":0,"comment_status":"closed","ping_status":"closed","template":"","meta":[],"yoast_head":"<!-- This site is optimized with the Yoast SEO plugin v17.7.1 - https:\/\/yoast.com\/wordpress\/plugins\/seo\/ -->\n<title>Guida al collegamento sessuale - No Sesso<\/title>\n<meta name=\"robots\" content=\"index, follow, max-snippet:-1, max-image-preview:large, max-video-preview:-1\" \/>\n<link rel=\"canonical\" href=\"https:\/\/nosesso.net\/it\/\" \/>\n<meta property=\"og:locale\" content=\"it_IT\" \/>\n<meta property=\"og:type\" content=\"article\" \/>\n<meta property=\"og:title\" content=\"Guida al collegamento sessuale - No Sesso\" \/>\n<meta property=\"og:description\" content=\"Adult Dating \u00e8 un ottimo modo per incontrare nuovi amici, creare nuove connessioni e persino trovare l&#8217;amore. Ma non \u00e8 sempre facile iniziare. Questa guida ti aiuter\u00e0 a imparare tutto ci\u00f2 che devi sapere sugli appuntamenti per adulti, tra cui: Quali siti di incontri per adulti sono disponibili Come scegliere il sito giusto per te ... Leggi tutto\" \/>\n<meta property=\"og:url\" content=\"https:\/\/nosesso.net\/it\/\" \/>\n<meta property=\"og:site_name\" content=\"No Sesso\" \/>\n<meta property=\"article:modified_time\" content=\"2022-07-01T15:37:50+00:00\" \/>\n<meta property=\"og:image\" content=\"http:\/\/nosesso.net\/wp-content\/uploads\/2022\/06\/online-hookup-sites.jpeg\" \/>\n<meta name=\"twitter:card\" content=\"summary_large_image\" \/>\n<meta name=\"twitter:label1\" content=\"Tempo di lettura stimato\" \/>\n\t<meta name=\"twitter:data1\" content=\"5 minuti\" \/>\n<script type=\"application\/ld+json\" class=\"yoast-schema-graph\">{\"@context\":\"https:\/\/schema.org\",\"@graph\":[{\"@type\":\"WebSite\",\"@id\":\"https:\/\/nosesso.net\/#website\",\"url\":\"https:\/\/nosesso.net\/\",\"name\":\"No Sesso\",\"description\":\"Real Dating Reviews\",\"potentialAction\":[{\"@type\":\"SearchAction\",\"target\":{\"@type\":\"EntryPoint\",\"urlTemplate\":\"https:\/\/nosesso.net\/?s={search_term_string}\"},\"query-input\":\"required name=search_term_string\"}],\"inLanguage\":\"it-IT\"},{\"@type\":\"ImageObject\",\"@id\":\"https:\/\/nosesso.net\/it\/#primaryimage\",\"inLanguage\":\"it-IT\",\"url\":\"http:\/\/nosesso.net\/wp-content\/uploads\/2022\/06\/online-hookup-sites.jpeg\",\"contentUrl\":\"http:\/\/nosesso.net\/wp-content\/uploads\/2022\/06\/online-hookup-sites.jpeg\"},{\"@type\":\"WebPage\",\"@id\":\"https:\/\/nosesso.net\/it\/#webpage\",\"url\":\"https:\/\/nosesso.net\/it\/\",\"name\":\"Guida al collegamento sessuale - No Sesso\",\"isPartOf\":{\"@id\":\"https:\/\/nosesso.net\/#website\"},\"primaryImageOfPage\":{\"@id\":\"https:\/\/nosesso.net\/it\/#primaryimage\"},\"datePublished\":\"2022-06-23T10:41:21+00:00\",\"dateModified\":\"2022-07-01T15:37:50+00:00\",\"breadcrumb\":{\"@id\":\"https:\/\/nosesso.net\/it\/#breadcrumb\"},\"inLanguage\":\"it-IT\",\"potentialAction\":[{\"@type\":\"ReadAction\",\"target\":[\"https:\/\/nosesso.net\/it\/\"]}]},{\"@type\":\"BreadcrumbList\",\"@id\":\"https:\/\/nosesso.net\/it\/#breadcrumb\",\"itemListElement\":[{\"@type\":\"ListItem\",\"position\":1,\"name\":\"Home\",\"item\":\"http:\/\/nosesso.net\/it\/\"},{\"@type\":\"ListItem\",\"position\":2,\"name\":\"Guida al collegamento sessuale\"}]}]}<\/script>\n<!-- \/ Yoast SEO plugin. -->","yoast_head_json":{"title":"Guida al collegamento sessuale - No Sesso","robots":{"index":"index","follow":"follow","max-snippet":"max-snippet:-1","max-image-preview":"max-image-preview:large","max-video-preview":"max-video-preview:-1"},"canonical":"https:\/\/nosesso.net\/it\/","og_locale":"it_IT","og_type":"article","og_title":"Guida al collegamento sessuale - No Sesso","og_description":"Adult Dating \u00e8 un ottimo modo per incontrare nuovi amici, creare nuove connessioni e persino trovare l&#8217;amore. Ma non \u00e8 sempre facile iniziare. Questa guida ti aiuter\u00e0 a imparare tutto ci\u00f2 che devi sapere sugli appuntamenti per adulti, tra cui: Quali siti di incontri per adulti sono disponibili Come scegliere il sito giusto per te ... Leggi tutto","og_url":"https:\/\/nosesso.net\/it\/","og_site_name":"No Sesso","article_modified_time":"2022-07-01T15:37:50+00:00","og_image":[{"url":"http:\/\/nosesso.net\/wp-content\/uploads\/2022\/06\/online-hookup-sites.jpeg"}],"twitter_card":"summary_large_image","twitter_misc":{"Tempo di lettura stimato":"5 minuti"},"schema":{"@context":"https:\/\/schema.org","@graph":[{"@type":"WebSite","@id":"https:\/\/nosesso.net\/#website","url":"https:\/\/nosesso.net\/","name":"No Sesso","description":"Real Dating Reviews","potentialAction":[{"@type":"SearchAction","target":{"@type":"EntryPoint","urlTemplate":"https:\/\/nosesso.net\/?s={search_term_string}"},"query-input":"required name=search_term_string"}],"inLanguage":"it-IT"},{"@type":"ImageObject","@id":"https:\/\/nosesso.net\/it\/#primaryimage","inLanguage":"it-IT","url":"http:\/\/nosesso.net\/wp-content\/uploads\/2022\/06\/online-hookup-sites.jpeg","contentUrl":"http:\/\/nosesso.net\/wp-content\/uploads\/2022\/06\/online-hookup-sites.jpeg"},{"@type":"WebPage","@id":"https:\/\/nosesso.net\/it\/#webpage","url":"https:\/\/nosesso.net\/it\/","name":"Guida al collegamento sessuale - No Sesso","isPartOf":{"@id":"https:\/\/nosesso.net\/#website"},"primaryImageOfPage":{"@id":"https:\/\/nosesso.net\/it\/#primaryimage"},"datePublished":"2022-06-23T10:41:21+00:00","dateModified":"2022-07-01T15:37:50+00:00","breadcrumb":{"@id":"https:\/\/nosesso.net\/it\/#breadcrumb"},"inLanguage":"it-IT","potentialAction":[{"@type":"ReadAction","target":["https:\/\/nosesso.net\/it\/"]}]},{"@type":"BreadcrumbList","@id":"https:\/\/nosesso.net\/it\/#breadcrumb","itemListElement":[{"@type":"ListItem","position":1,"name":"Home","item":"http:\/\/nosesso.net\/it\/"},{"@type":"ListItem","position":2,"name":"Guida al collegamento sessuale"}]}]}},"_links":{"self":[{"href":"https:\/\/nosesso.net\/it\/wp-json\/wp\/v2\/pages\/184"}],"collection":[{"href":"https:\/\/nosesso.net\/it\/wp-json\/wp\/v2\/pages"}],"about":[{"href":"https:\/\/nosesso.net\/it\/wp-json\/wp\/v2\/types\/page"}],"author":[{"embeddable":true,"href":"https:\/\/nosesso.net\/it\/wp-json\/wp\/v2\/users\/1"}],"replies":[{"embeddable":true,"href":"https:\/\/nosesso.net\/it\/wp-json\/wp\/v2\/comments?post=184"}],"version-history":[{"count":1,"href":"https:\/\/nosesso.net\/it\/wp-json\/wp\/v2\/pages\/184\/revisions"}],"predecessor-version":[{"id":276,"href":"https:\/\/nosesso.net\/it\/wp-json\/wp\/v2\/pages\/184\/revisions\/276"}],"wp:attachment":[{"href":"https:\/\/nosesso.net\/it\/wp-json\/wp\/v2\/media?parent=184"}],"curies":[{"name":"wp","href":"https:\/\/api.w.org\/{rel}","templated":true}]}}