{"id":236,"date":"2022-06-23T11:49:10","date_gmt":"2022-06-23T10:49:10","guid":{"rendered":"http:\/\/nosesso.net\/hvor-finner-du-personer-med-lignende-interesser\/"},"modified":"2022-06-23T11:49:10","modified_gmt":"2022-06-23T10:49:10","slug":"hvor-finner-du-personer-med-lignende-interesser","status":"publish","type":"page","link":"https:\/\/nosesso.net\/no\/hvor-finner-du-personer-med-lignende-interesser\/","title":{"rendered":"Hvor finner du personer med lignende interesser"},"content":{"rendered":"<p>Du kan ogs\u00e5 m\u00f8te mennesker som deler lignende interesser. Du kan for eksempel bli med i et gruppechatterom der alle deler de samme hobbyene eller lidenskapene. Disse gruppene er en fin m\u00e5te \u00e5 m\u00f8te folk som deler dine interesser, og du kan enkelt bla gjennom emnene for \u00e5 finne akkurat det du leter etter.<\/p>\n<p>I tillegg til \u00e5 finne personer med felles interesser, kan du ogs\u00e5 finne personer som leter etter venner. Mange nettsteder tilbyr gratis chatterom, og disse er en fin m\u00e5te \u00e5 finne nye venner p\u00e5. Du kan ogs\u00e5 opprette ditt eget private chatterom, og invitere bare de personene du vil tilbringe tid med.<\/p>\n<p><img loading=\"lazy\" class=\"aligncenter wp-image-53\" src=\"http:\/\/nosesso.net\/wp-content\/uploads\/2022\/06\/love-image-online-1024x683.webp\" alt=\"\" width=\"653\" height=\"435\" srcset=\"https:\/\/nosesso.net\/wp-content\/uploads\/2022\/06\/love-image-online-1024x683.webp 1024w, https:\/\/nosesso.net\/wp-content\/uploads\/2022\/06\/love-image-online-300x200.webp 300w, https:\/\/nosesso.net\/wp-content\/uploads\/2022\/06\/love-image-online-768x512.webp 768w, https:\/\/nosesso.net\/wp-content\/uploads\/2022\/06\/love-image-online.webp 1125w\" sizes=\"(max-width: 653px) 100vw, 653px\" \/><\/p>\n<h2>Chatrom eller datingapper?<\/h2>\n<p>Den st\u00f8rste fordelen med \u00e5 bli med i et chatterom for voksne er at du kan ha det g\u00f8y mens du gj\u00f8r det. N\u00e5r du g\u00e5r inn i et chatterom, kan du velge \u00e5 enten lytte til musikk eller se videoer. Du kan ogs\u00e5 spille spill eller lese b\u00f8ker, og du kan til og med delta i avstemninger eller unders\u00f8kelser.<\/p>\n<p>Mens du chatter, kan du ogs\u00e5 sende meldinger til andre medlemmer. Du kan stille dem sp\u00f8rsm\u00e5l, fortelle dem om deg selv, eller bare si hei. Du kan ogs\u00e5 legge til venner i listen over kontakter, noe som betyr at du kan holde kontakten med dem selv etter at du har forlatt chatterommet.<\/p>\n<p>For \u00e5 oppsummere, er chatterom for voksne en fin m\u00e5te \u00e5 f\u00e5 nye venner p\u00e5, utforske nye interesser og kose deg p\u00e5 samme tid. De er ogs\u00e5 en fin m\u00e5te \u00e5 m\u00f8te nye mennesker p\u00e5, og du kan alltid finne noe \u00e5 gj\u00f8re n\u00e5r du bes\u00f8ker et chatterom.<\/p>\n<h2>Online dating-apper kan v\u00e6re best<\/h2>\n<p>Sextreff er et begrep som brukes for \u00e5 beskrive online datingsider der medlemmer kan komme i kontakt med andre som deler lignende interesser. Det er mange nettsteder for sextreff tilgjengelig i dag, inkludert AdultFriendFinder, Ashley Madison og Match.com. Disse nettstedene lar medlemmer bla gjennom profiler til andre medlemmer, sende meldinger og avtale datoer.<\/p>\n<p>Selv om disse typer nettsteder er gratis, krever de et betalt abonnement for \u00e5 f\u00e5 tilgang til visse funksjoner. De fleste nettsteder tilbyr for eksempel premium-medlemskapsalternativer som inkluderer ekstra meldingsfunksjoner, avanserte s\u00f8kefiltre og forbedrede profilvisninger.<\/p>\n<p>Det er flere fordeler med \u00e5 registrere seg for en sextreffside. For det f\u00f8rste kan du enkelt finne noen som deler dine seksuelle preferanser. For det andre kan du <a href=\"http:\/\/nosesso.net\/free-hookup-sites\/\">kommunisere med potensielle partnere<\/a> uten \u00e5 m\u00e5tte betale for dyre telefonsamtaler eller tekstmeldinger. For det tredje kan du spare penger ved \u00e5 m\u00f8te mennesker gjennom et fellesskap i stedet for \u00e5 betale for individuelle tjenester.<\/p>\n<p>Det er enkelt \u00e5 bli med p\u00e5 en sextreffside ogs\u00e5. Bare opprett en profil og last opp bilder. Se deretter etter folk som deler interessene dine og send dem direkte meldinger. S\u00e5 enkelt er det!<\/p>\n<h2>Hva med lokale tilkoblinger?<\/h2>\n<p>Lokale oppkoblinger blir stadig mer popul\u00e6re blant single som er lei av de samme gamle datingsidene p\u00e5 nett. Disse sidene er ikke alltid effektive, og de kan v\u00e6re dyre hvis du betaler for medlemsavgift hver m\u00e5ned.<\/p>\n<p>I stedet for \u00e5 betale m\u00e5nedlige avgifter, pr\u00f8v <a href=\"http:\/\/nosesso.net\/free-casual-sex-dating-sites\/\">lokale oppkoblingsapper<\/a> i stedet. Disse appene lar deg m\u00f8te andre single i n\u00e6rheten, og du kan vanligvis koble deg til dem i l\u00f8pet av minutter. Det er mye lettere \u00e5 m\u00f8te noen lokalt enn gjennom en app som krever at du reiser lange avstander.<\/p>\n<p>Det er mange forskjellige typer lokale oppkoblingsapper tilgjengelig, inkludert Tinder, Bumble, Hinge og Plenty of Fish. Hver har sine egne unike funksjoner, s\u00e5 velg den som passer best for dine behov. For eksempel lar Tinder deg sveipe til venstre eller h\u00f8yre for \u00e5 bestemme om du vil snakke med en annen bruker eller ikke.<\/p>\n<p>N\u00e5r du har funnet en lokal oppkoblingsapp som fungerer for deg, registrer deg og begynn \u00e5 m\u00f8te nye mennesker i dag!<\/p>\n","protected":false},"excerpt":{"rendered":"<p>Du kan ogs\u00e5 m\u00f8te mennesker som deler lignende interesser. Du kan for eksempel bli med i et gruppechatterom der alle deler de samme hobbyene eller lidenskapene. Disse gruppene er en fin m\u00e5te \u00e5 m\u00f8te folk som deler dine interesser, og du kan enkelt bla gjennom emnene for \u00e5 finne akkurat det du leter etter. I &#8230; <a title=\"Hvor finner du personer med lignende interesser\" class=\"read-more\" href=\"https:\/\/nosesso.net\/no\/hvor-finner-du-personer-med-lignende-interesser\/\" aria-label=\"Mer p\u00e5 Hvor finner du personer med lignende interesser\">Les mer<\/a><\/p>\n","protected":false},"author":1,"featured_media":0,"parent":0,"menu_order":0,"comment_status":"closed","ping_status":"closed","template":"","meta":[],"yoast_head":"<!-- This site is optimized with the Yoast SEO plugin v17.7.1 - https:\/\/yoast.com\/wordpress\/plugins\/seo\/ -->\n<title>Hvor finner du personer med lignende interesser - No Sesso<\/title>\n<meta name=\"robots\" content=\"index, follow, max-snippet:-1, max-image-preview:large, max-video-preview:-1\" \/>\n<link rel=\"canonical\" href=\"https:\/\/nosesso.net\/no\/hvor-finner-du-personer-med-lignende-interesser\/\" \/>\n<meta property=\"og:locale\" content=\"nb_NO\" \/>\n<meta property=\"og:type\" content=\"article\" \/>\n<meta property=\"og:title\" content=\"Hvor finner du personer med lignende interesser - No Sesso\" \/>\n<meta property=\"og:description\" content=\"Du kan ogs\u00e5 m\u00f8te mennesker som deler lignende interesser. Du kan for eksempel bli med i et gruppechatterom der alle deler de samme hobbyene eller lidenskapene. Disse gruppene er en fin m\u00e5te \u00e5 m\u00f8te folk som deler dine interesser, og du kan enkelt bla gjennom emnene for \u00e5 finne akkurat det du leter etter. I ... Les mer\" \/>\n<meta property=\"og:url\" content=\"https:\/\/nosesso.net\/no\/hvor-finner-du-personer-med-lignende-interesser\/\" \/>\n<meta property=\"og:site_name\" content=\"No Sesso\" \/>\n<meta property=\"og:image\" content=\"http:\/\/nosesso.net\/wp-content\/uploads\/2022\/06\/love-image-online-1024x683.webp\" \/>\n<meta name=\"twitter:card\" content=\"summary_large_image\" \/>\n<meta name=\"twitter:label1\" content=\"Ansl. lesetid\" \/>\n\t<meta name=\"twitter:data1\" content=\"3 minutter\" \/>\n<script type=\"application\/ld+json\" class=\"yoast-schema-graph\">{\"@context\":\"https:\/\/schema.org\",\"@graph\":[{\"@type\":\"WebSite\",\"@id\":\"https:\/\/nosesso.net\/#website\",\"url\":\"https:\/\/nosesso.net\/\",\"name\":\"No Sesso\",\"description\":\"Real Dating Reviews\",\"potentialAction\":[{\"@type\":\"SearchAction\",\"target\":{\"@type\":\"EntryPoint\",\"urlTemplate\":\"https:\/\/nosesso.net\/?s={search_term_string}\"},\"query-input\":\"required name=search_term_string\"}],\"inLanguage\":\"nb-NO\"},{\"@type\":\"ImageObject\",\"@id\":\"https:\/\/nosesso.net\/no\/hvor-finner-du-personer-med-lignende-interesser\/#primaryimage\",\"inLanguage\":\"nb-NO\",\"url\":\"http:\/\/nosesso.net\/wp-content\/uploads\/2022\/06\/love-image-online-1024x683.webp\",\"contentUrl\":\"http:\/\/nosesso.net\/wp-content\/uploads\/2022\/06\/love-image-online-1024x683.webp\"},{\"@type\":\"WebPage\",\"@id\":\"https:\/\/nosesso.net\/no\/hvor-finner-du-personer-med-lignende-interesser\/#webpage\",\"url\":\"https:\/\/nosesso.net\/no\/hvor-finner-du-personer-med-lignende-interesser\/\",\"name\":\"Hvor finner du personer med lignende interesser - No Sesso\",\"isPartOf\":{\"@id\":\"https:\/\/nosesso.net\/#website\"},\"primaryImageOfPage\":{\"@id\":\"https:\/\/nosesso.net\/no\/hvor-finner-du-personer-med-lignende-interesser\/#primaryimage\"},\"datePublished\":\"2022-06-23T10:49:10+00:00\",\"dateModified\":\"2022-06-23T10:49:10+00:00\",\"breadcrumb\":{\"@id\":\"https:\/\/nosesso.net\/no\/hvor-finner-du-personer-med-lignende-interesser\/#breadcrumb\"},\"inLanguage\":\"nb-NO\",\"potentialAction\":[{\"@type\":\"ReadAction\",\"target\":[\"https:\/\/nosesso.net\/no\/hvor-finner-du-personer-med-lignende-interesser\/\"]}]},{\"@type\":\"BreadcrumbList\",\"@id\":\"https:\/\/nosesso.net\/no\/hvor-finner-du-personer-med-lignende-interesser\/#breadcrumb\",\"itemListElement\":[{\"@type\":\"ListItem\",\"position\":1,\"name\":\"Home\",\"item\":\"https:\/\/nosesso.net\/no\/\"},{\"@type\":\"ListItem\",\"position\":2,\"name\":\"Hvor finner du personer med lignende interesser\"}]}]}<\/script>\n<!-- \/ Yoast SEO plugin. -->","yoast_head_json":{"title":"Hvor finner du personer med lignende interesser - No Sesso","robots":{"index":"index","follow":"follow","max-snippet":"max-snippet:-1","max-image-preview":"max-image-preview:large","max-video-preview":"max-video-preview:-1"},"canonical":"https:\/\/nosesso.net\/no\/hvor-finner-du-personer-med-lignende-interesser\/","og_locale":"nb_NO","og_type":"article","og_title":"Hvor finner du personer med lignende interesser - No Sesso","og_description":"Du kan ogs\u00e5 m\u00f8te mennesker som deler lignende interesser. Du kan for eksempel bli med i et gruppechatterom der alle deler de samme hobbyene eller lidenskapene. Disse gruppene er en fin m\u00e5te \u00e5 m\u00f8te folk som deler dine interesser, og du kan enkelt bla gjennom emnene for \u00e5 finne akkurat det du leter etter. I ... Les mer","og_url":"https:\/\/nosesso.net\/no\/hvor-finner-du-personer-med-lignende-interesser\/","og_site_name":"No Sesso","og_image":[{"url":"http:\/\/nosesso.net\/wp-content\/uploads\/2022\/06\/love-image-online-1024x683.webp"}],"twitter_card":"summary_large_image","twitter_misc":{"Ansl. lesetid":"3 minutter"},"schema":{"@context":"https:\/\/schema.org","@graph":[{"@type":"WebSite","@id":"https:\/\/nosesso.net\/#website","url":"https:\/\/nosesso.net\/","name":"No Sesso","description":"Real Dating Reviews","potentialAction":[{"@type":"SearchAction","target":{"@type":"EntryPoint","urlTemplate":"https:\/\/nosesso.net\/?s={search_term_string}"},"query-input":"required name=search_term_string"}],"inLanguage":"nb-NO"},{"@type":"ImageObject","@id":"https:\/\/nosesso.net\/no\/hvor-finner-du-personer-med-lignende-interesser\/#primaryimage","inLanguage":"nb-NO","url":"http:\/\/nosesso.net\/wp-content\/uploads\/2022\/06\/love-image-online-1024x683.webp","contentUrl":"http:\/\/nosesso.net\/wp-content\/uploads\/2022\/06\/love-image-online-1024x683.webp"},{"@type":"WebPage","@id":"https:\/\/nosesso.net\/no\/hvor-finner-du-personer-med-lignende-interesser\/#webpage","url":"https:\/\/nosesso.net\/no\/hvor-finner-du-personer-med-lignende-interesser\/","name":"Hvor finner du personer med lignende interesser - No Sesso","isPartOf":{"@id":"https:\/\/nosesso.net\/#website"},"primaryImageOfPage":{"@id":"https:\/\/nosesso.net\/no\/hvor-finner-du-personer-med-lignende-interesser\/#primaryimage"},"datePublished":"2022-06-23T10:49:10+00:00","dateModified":"2022-06-23T10:49:10+00:00","breadcrumb":{"@id":"https:\/\/nosesso.net\/no\/hvor-finner-du-personer-med-lignende-interesser\/#breadcrumb"},"inLanguage":"nb-NO","potentialAction":[{"@type":"ReadAction","target":["https:\/\/nosesso.net\/no\/hvor-finner-du-personer-med-lignende-interesser\/"]}]},{"@type":"BreadcrumbList","@id":"https:\/\/nosesso.net\/no\/hvor-finner-du-personer-med-lignende-interesser\/#breadcrumb","itemListElement":[{"@type":"ListItem","position":1,"name":"Home","item":"https:\/\/nosesso.net\/no\/"},{"@type":"ListItem","position":2,"name":"Hvor finner du personer med lignende interesser"}]}]}},"_links":{"self":[{"href":"https:\/\/nosesso.net\/no\/wp-json\/wp\/v2\/pages\/236"}],"collection":[{"href":"https:\/\/nosesso.net\/no\/wp-json\/wp\/v2\/pages"}],"about":[{"href":"https:\/\/nosesso.net\/no\/wp-json\/wp\/v2\/types\/page"}],"author":[{"embeddable":true,"href":"https:\/\/nosesso.net\/no\/wp-json\/wp\/v2\/users\/1"}],"replies":[{"embeddable":true,"href":"https:\/\/nosesso.net\/no\/wp-json\/wp\/v2\/comments?post=236"}],"version-history":[{"count":0,"href":"https:\/\/nosesso.net\/no\/wp-json\/wp\/v2\/pages\/236\/revisions"}],"wp:attachment":[{"href":"https:\/\/nosesso.net\/no\/wp-json\/wp\/v2\/media?parent=236"}],"curies":[{"name":"wp","href":"https:\/\/api.w.org\/{rel}","templated":true}]}}