{"id":248,"date":"2022-06-23T11:47:57","date_gmt":"2022-06-23T10:47:57","guid":{"rendered":"http:\/\/nosesso.net\/gratis-datingsider-for-uformelle-sex\/"},"modified":"2022-06-23T11:47:57","modified_gmt":"2022-06-23T10:47:57","slug":"gratis-datingsider-for-uformelle-sex","status":"publish","type":"page","link":"https:\/\/nosesso.net\/no\/gratis-datingsider-for-uformelle-sex\/","title":{"rendered":"Gratis datingsider for uformelle sex"},"content":{"rendered":"<p>OkCupid lar deg <a href=\"http:\/\/nosesso.net\/free-hookup-sites\/\">bla gjennom<\/a> medlemsprofiler og sende meldinger til interesserte parter. Den tilbyr ogs\u00e5 funksjoner som live chat, videochat og gruppechatter. Til slutt gir PlentyOfFish deg muligheten til \u00e5 bla gjennom tusenvis av profiler samtidig. Du kan deretter sortere dem etter alder, kj\u00f8nn, interesser og mer.<\/p>\n<p>Tinder er et annet flott sted \u00e5 finne uformelle dater. Det er en <a href=\"http:\/\/nosesso.net\/types-of-hookup-sites\/\">mobilapp<\/a> som kobler sammen single basert p\u00e5 deres felles interesser. N\u00e5r du har lastet ned appen, kan du sveipe til venstre eller h\u00f8yre for \u00e5 se profiler. Etter det kan du sende meldinger til interesserte og avtale \u00e5 m\u00f8tes i det virkelige liv.<\/p>\n<p>Mens noen av disse sidene har eksistert i \u00e5revis, er andre relativt nye. Hvis du ikke er kjent med noen av disse sidene, kan det v\u00e6re lurt \u00e5 sjekke ut v\u00e5r guide til de 10 beste datingnettstedene. Vi har inkludert informasjon om hvert nettsteds funksjoner, kostnader og sikkerhetsproblemer.<\/p>\n<p><img loading=\"lazy\" class=\"aligncenter wp-image-52\" src=\"http:\/\/nosesso.net\/wp-content\/uploads\/2022\/06\/online-sex-chat-1024x682.jpeg\" alt=\"\" width=\"675\" height=\"449\" srcset=\"https:\/\/nosesso.net\/wp-content\/uploads\/2022\/06\/online-sex-chat-1024x682.jpeg 1024w, https:\/\/nosesso.net\/wp-content\/uploads\/2022\/06\/online-sex-chat-300x200.jpeg 300w, https:\/\/nosesso.net\/wp-content\/uploads\/2022\/06\/online-sex-chat-768x511.jpeg 768w, https:\/\/nosesso.net\/wp-content\/uploads\/2022\/06\/online-sex-chat-1536x1022.jpeg 1536w, https:\/\/nosesso.net\/wp-content\/uploads\/2022\/06\/online-sex-chat.jpeg 1600w\" sizes=\"(max-width: 675px) 100vw, 675px\" \/><\/p>\n<h2>Hvordan chatte p\u00e5 nett<\/h2>\n<p>N\u00e5r du har funnet noen gode alternativer, kan du registrere deg for en av dem. Deretter kan du begynne \u00e5 bla gjennom profiler og sende meldinger til interesserte parter. N\u00e5r du finner noen du liker, sp\u00f8r dem ut via tekstmelding eller e-post. Hvis de godtar, kan dere planlegge en date og dra p\u00e5 deres f\u00f8rste date sammen!<\/p>\n<p>Lokale hookups blir stadig mer popul\u00e6rt blant single som \u00f8nsker \u00e5 m\u00f8te noen i n\u00e6rheten. Det er enkelt \u00e5 sette opp en profil p\u00e5 nettsteder som Craigslist, PlentyOfFish og OkCupid, hvor du kan bla gjennom tusenvis av lokale medlemmer i l\u00f8pet av f\u00e5 minutter.<\/p>\n<p>Det er viktig \u00e5 huske at denne typen online datingsider ikke bare er for tilfeldige m\u00f8ter. De er designet for \u00e5 koble sammen mennesker som deler lignende interesser og verdier. S\u00e5 hvis du leter etter et seri\u00f8st forhold, kan det v\u00e6re lurt \u00e5 pr\u00f8ve en annen type nettsted.<\/p>\n<p>For eksempel har Match.com en seksjon kalt Singles Near Me som lar deg filtrere kampene dine basert p\u00e5 plassering. Det samme gjelder eHarmony, Zoosk og andre nettsteder.<\/p>\n<h2>V\u00e5re r\u00e5d om \u00e5 pr\u00f8ve chatterom<\/h2>\n<p>Chatterom for voksne er et flott sted \u00e5 m\u00f8te andre single som deler lignende interesser. Det finnes mange forskjellige typer chatterom for voksne, inkludert videochatterom, chatterom med webkamera og tekstchatterom. Chatterom er en morsom m\u00e5te \u00e5 f\u00e5 kontakt med andre og l\u00e6re mer om deg selv.<\/p>\n<p>Det er flere fordeler med \u00e5 chatte p\u00e5 nettet. Du kan for eksempel snakke med noen fra hvor som helst i verden, og du kan gj\u00f8re det uten \u00e5 m\u00e5tte betale noe. I tillegg kan du velge om du vil kommunisere via lyd eller video, og du kan angi dine egne preferanser.<\/p>\n<p>En av de beste delene av chatterom for voksne er at du kan m\u00f8te mennesker fra hele verden. Det spiller ingen rolle om du er interessert i \u00e5 m\u00f8te folk fra et annet land eller bare \u00f8nsker \u00e5 m\u00f8te folk i n\u00e6rheten. Chatterom for voksne lar deg samhandle med mennesker fra alle samfunnslag.<\/p>\n","protected":false},"excerpt":{"rendered":"<p>OkCupid lar deg bla gjennom medlemsprofiler og sende meldinger til interesserte parter. Den tilbyr ogs\u00e5 funksjoner som live chat, videochat og gruppechatter. Til slutt gir PlentyOfFish deg muligheten til \u00e5 bla gjennom tusenvis av profiler samtidig. Du kan deretter sortere dem etter alder, kj\u00f8nn, interesser og mer. Tinder er et annet flott sted \u00e5 finne &#8230; <a title=\"Gratis datingsider for uformelle sex\" class=\"read-more\" href=\"https:\/\/nosesso.net\/no\/gratis-datingsider-for-uformelle-sex\/\" aria-label=\"Mer p\u00e5 Gratis datingsider for uformelle sex\">Les mer<\/a><\/p>\n","protected":false},"author":1,"featured_media":0,"parent":0,"menu_order":0,"comment_status":"closed","ping_status":"closed","template":"","meta":[],"yoast_head":"<!-- This site is optimized with the Yoast SEO plugin v17.7.1 - https:\/\/yoast.com\/wordpress\/plugins\/seo\/ -->\n<title>Gratis datingsider for uformelle sex - No Sesso<\/title>\n<meta name=\"robots\" content=\"index, follow, max-snippet:-1, max-image-preview:large, max-video-preview:-1\" \/>\n<link rel=\"canonical\" href=\"https:\/\/nosesso.net\/no\/gratis-datingsider-for-uformelle-sex\/\" \/>\n<meta property=\"og:locale\" content=\"nb_NO\" \/>\n<meta property=\"og:type\" content=\"article\" \/>\n<meta property=\"og:title\" content=\"Gratis datingsider for uformelle sex - No Sesso\" \/>\n<meta property=\"og:description\" content=\"OkCupid lar deg bla gjennom medlemsprofiler og sende meldinger til interesserte parter. Den tilbyr ogs\u00e5 funksjoner som live chat, videochat og gruppechatter. Til slutt gir PlentyOfFish deg muligheten til \u00e5 bla gjennom tusenvis av profiler samtidig. Du kan deretter sortere dem etter alder, kj\u00f8nn, interesser og mer. Tinder er et annet flott sted \u00e5 finne ... Les mer\" \/>\n<meta property=\"og:url\" content=\"https:\/\/nosesso.net\/no\/gratis-datingsider-for-uformelle-sex\/\" \/>\n<meta property=\"og:site_name\" content=\"No Sesso\" \/>\n<meta property=\"og:image\" content=\"http:\/\/nosesso.net\/wp-content\/uploads\/2022\/06\/online-sex-chat-1024x682.jpeg\" \/>\n<meta name=\"twitter:card\" content=\"summary_large_image\" \/>\n<meta name=\"twitter:label1\" content=\"Ansl. lesetid\" \/>\n\t<meta name=\"twitter:data1\" content=\"3 minutter\" \/>\n<script type=\"application\/ld+json\" class=\"yoast-schema-graph\">{\"@context\":\"https:\/\/schema.org\",\"@graph\":[{\"@type\":\"WebSite\",\"@id\":\"https:\/\/nosesso.net\/#website\",\"url\":\"https:\/\/nosesso.net\/\",\"name\":\"No Sesso\",\"description\":\"Real Dating Reviews\",\"potentialAction\":[{\"@type\":\"SearchAction\",\"target\":{\"@type\":\"EntryPoint\",\"urlTemplate\":\"https:\/\/nosesso.net\/?s={search_term_string}\"},\"query-input\":\"required name=search_term_string\"}],\"inLanguage\":\"nb-NO\"},{\"@type\":\"ImageObject\",\"@id\":\"https:\/\/nosesso.net\/no\/gratis-datingsider-for-uformelle-sex\/#primaryimage\",\"inLanguage\":\"nb-NO\",\"url\":\"http:\/\/nosesso.net\/wp-content\/uploads\/2022\/06\/online-sex-chat-1024x682.jpeg\",\"contentUrl\":\"http:\/\/nosesso.net\/wp-content\/uploads\/2022\/06\/online-sex-chat-1024x682.jpeg\"},{\"@type\":\"WebPage\",\"@id\":\"https:\/\/nosesso.net\/no\/gratis-datingsider-for-uformelle-sex\/#webpage\",\"url\":\"https:\/\/nosesso.net\/no\/gratis-datingsider-for-uformelle-sex\/\",\"name\":\"Gratis datingsider for uformelle sex - No Sesso\",\"isPartOf\":{\"@id\":\"https:\/\/nosesso.net\/#website\"},\"primaryImageOfPage\":{\"@id\":\"https:\/\/nosesso.net\/no\/gratis-datingsider-for-uformelle-sex\/#primaryimage\"},\"datePublished\":\"2022-06-23T10:47:57+00:00\",\"dateModified\":\"2022-06-23T10:47:57+00:00\",\"breadcrumb\":{\"@id\":\"https:\/\/nosesso.net\/no\/gratis-datingsider-for-uformelle-sex\/#breadcrumb\"},\"inLanguage\":\"nb-NO\",\"potentialAction\":[{\"@type\":\"ReadAction\",\"target\":[\"https:\/\/nosesso.net\/no\/gratis-datingsider-for-uformelle-sex\/\"]}]},{\"@type\":\"BreadcrumbList\",\"@id\":\"https:\/\/nosesso.net\/no\/gratis-datingsider-for-uformelle-sex\/#breadcrumb\",\"itemListElement\":[{\"@type\":\"ListItem\",\"position\":1,\"name\":\"Home\",\"item\":\"https:\/\/nosesso.net\/no\/\"},{\"@type\":\"ListItem\",\"position\":2,\"name\":\"Gratis datingsider for uformelle sex\"}]}]}<\/script>\n<!-- \/ Yoast SEO plugin. -->","yoast_head_json":{"title":"Gratis datingsider for uformelle sex - No Sesso","robots":{"index":"index","follow":"follow","max-snippet":"max-snippet:-1","max-image-preview":"max-image-preview:large","max-video-preview":"max-video-preview:-1"},"canonical":"https:\/\/nosesso.net\/no\/gratis-datingsider-for-uformelle-sex\/","og_locale":"nb_NO","og_type":"article","og_title":"Gratis datingsider for uformelle sex - No Sesso","og_description":"OkCupid lar deg bla gjennom medlemsprofiler og sende meldinger til interesserte parter. Den tilbyr ogs\u00e5 funksjoner som live chat, videochat og gruppechatter. Til slutt gir PlentyOfFish deg muligheten til \u00e5 bla gjennom tusenvis av profiler samtidig. Du kan deretter sortere dem etter alder, kj\u00f8nn, interesser og mer. Tinder er et annet flott sted \u00e5 finne ... Les mer","og_url":"https:\/\/nosesso.net\/no\/gratis-datingsider-for-uformelle-sex\/","og_site_name":"No Sesso","og_image":[{"url":"http:\/\/nosesso.net\/wp-content\/uploads\/2022\/06\/online-sex-chat-1024x682.jpeg"}],"twitter_card":"summary_large_image","twitter_misc":{"Ansl. lesetid":"3 minutter"},"schema":{"@context":"https:\/\/schema.org","@graph":[{"@type":"WebSite","@id":"https:\/\/nosesso.net\/#website","url":"https:\/\/nosesso.net\/","name":"No Sesso","description":"Real Dating Reviews","potentialAction":[{"@type":"SearchAction","target":{"@type":"EntryPoint","urlTemplate":"https:\/\/nosesso.net\/?s={search_term_string}"},"query-input":"required name=search_term_string"}],"inLanguage":"nb-NO"},{"@type":"ImageObject","@id":"https:\/\/nosesso.net\/no\/gratis-datingsider-for-uformelle-sex\/#primaryimage","inLanguage":"nb-NO","url":"http:\/\/nosesso.net\/wp-content\/uploads\/2022\/06\/online-sex-chat-1024x682.jpeg","contentUrl":"http:\/\/nosesso.net\/wp-content\/uploads\/2022\/06\/online-sex-chat-1024x682.jpeg"},{"@type":"WebPage","@id":"https:\/\/nosesso.net\/no\/gratis-datingsider-for-uformelle-sex\/#webpage","url":"https:\/\/nosesso.net\/no\/gratis-datingsider-for-uformelle-sex\/","name":"Gratis datingsider for uformelle sex - No Sesso","isPartOf":{"@id":"https:\/\/nosesso.net\/#website"},"primaryImageOfPage":{"@id":"https:\/\/nosesso.net\/no\/gratis-datingsider-for-uformelle-sex\/#primaryimage"},"datePublished":"2022-06-23T10:47:57+00:00","dateModified":"2022-06-23T10:47:57+00:00","breadcrumb":{"@id":"https:\/\/nosesso.net\/no\/gratis-datingsider-for-uformelle-sex\/#breadcrumb"},"inLanguage":"nb-NO","potentialAction":[{"@type":"ReadAction","target":["https:\/\/nosesso.net\/no\/gratis-datingsider-for-uformelle-sex\/"]}]},{"@type":"BreadcrumbList","@id":"https:\/\/nosesso.net\/no\/gratis-datingsider-for-uformelle-sex\/#breadcrumb","itemListElement":[{"@type":"ListItem","position":1,"name":"Home","item":"https:\/\/nosesso.net\/no\/"},{"@type":"ListItem","position":2,"name":"Gratis datingsider for uformelle sex"}]}]}},"_links":{"self":[{"href":"https:\/\/nosesso.net\/no\/wp-json\/wp\/v2\/pages\/248"}],"collection":[{"href":"https:\/\/nosesso.net\/no\/wp-json\/wp\/v2\/pages"}],"about":[{"href":"https:\/\/nosesso.net\/no\/wp-json\/wp\/v2\/types\/page"}],"author":[{"embeddable":true,"href":"https:\/\/nosesso.net\/no\/wp-json\/wp\/v2\/users\/1"}],"replies":[{"embeddable":true,"href":"https:\/\/nosesso.net\/no\/wp-json\/wp\/v2\/comments?post=248"}],"version-history":[{"count":0,"href":"https:\/\/nosesso.net\/no\/wp-json\/wp\/v2\/pages\/248\/revisions"}],"wp:attachment":[{"href":"https:\/\/nosesso.net\/no\/wp-json\/wp\/v2\/media?parent=248"}],"curies":[{"name":"wp","href":"https:\/\/api.w.org\/{rel}","templated":true}]}}