{"id":249,"date":"2022-06-23T11:51:14","date_gmt":"2022-06-23T10:51:14","guid":{"rendered":"http:\/\/nosesso.net\/lokale-oppkoblingssteder\/"},"modified":"2022-06-23T11:51:14","modified_gmt":"2022-06-23T10:51:14","slug":"lokale-oppkoblingssteder","status":"publish","type":"page","link":"https:\/\/nosesso.net\/no\/lokale-oppkoblingssteder\/","title":{"rendered":"Lokale oppkoblingssteder"},"content":{"rendered":"<p>\u00c5 koble til er morsomt, spennende og noen ganger til og med romantisk. Men hvis du leter etter et lokalt oppkoblingssted, kan du bli skuffet. Det er fordi <a href=\"http:\/\/nosesso.net\/free-casual-sex-dating-sites\/\">de fleste oppkoblingsapper<\/a> er laget for \u00e5 koble sammen mennesker som er langt fra hverandre.<\/p>\n<p>Men det er mange steder hvor du kan m\u00f8te noen i n\u00e6rheten. Enten du leter etter uformell sex eller et forhold, tilbyr disse stedene et trygt milj\u00f8 hvor du kan kose deg uten \u00e5 m\u00e5tte bekymre deg for \u00e5 bli d\u00f8mt eller avvist.<\/p>\n<p><img loading=\"lazy\" class=\"aligncenter size-full wp-image-54\" src=\"http:\/\/nosesso.net\/wp-content\/uploads\/2022\/06\/find-dates.jpeg\" alt=\"\" width=\"500\" height=\"750\" srcset=\"https:\/\/nosesso.net\/wp-content\/uploads\/2022\/06\/find-dates.jpeg 500w, https:\/\/nosesso.net\/wp-content\/uploads\/2022\/06\/find-dates-200x300.jpeg 200w\" sizes=\"(max-width: 500px) 100vw, 500px\" \/><\/p>\n<p>Her er fem popul\u00e6re oppkoblingssteder n\u00e6r deg:<\/p>\n<h3>1. Offentlige parker<\/h3>\n<p>Offentlige parker er perfekte for \u00e5 m\u00f8te single. Det er ingen regler eller forventninger, s\u00e5 du kan bare slappe av og kose deg. I tillegg vil du sannsynligvis m\u00f8te mange andre som gj\u00f8r det samme.<\/p>\n<h3>2. Barer<\/h3>\n<p>Barer er et annet flott sted \u00e5 m\u00f8te mennesker. Folk har en tendens til \u00e5 henge p\u00e5 barer etter jobb, s\u00e5 det er lett \u00e5 innlede samtaler med fremmede.<\/p>\n<h3>3. Kaffebarer<\/h3>\n<p>Kaffebarer er et flott sted \u00e5 m\u00f8te folk, spesielt hvis du leter etter noe seri\u00f8st. Det er en lavtrykksinnstilling, slik at du kan snakke fritt og \u00e5pent om hva som helst.<\/p>\n<h3>4. Biblioteker<\/h3>\n<p>Biblioteker er et flott sted \u00e5 <a href=\"http:\/\/nosesso.net\/where-to-find-people-of-similar-interests\/\">finne kj\u00e6rligheten<\/a> . Ikke bare er de gratis, men de er ogs\u00e5 stille og avslappende. Og siden du er omgitt av b\u00f8ker, vil du f\u00f8le deg mer komfortabel med \u00e5 snakke om personlige emner.<\/p>\n<h3>5. Hoteller<\/h3>\n<p>Hoteller er et flott sted \u00e5 g\u00e5 hvis du er ute etter litt alenetid. Du kan ha privatliv og fortsatt v\u00e6re n\u00e6r nok andre mennesker til \u00e5 enkelt m\u00f8te nye venner.<\/p>\n<p>S\u00e5 enten du leter etter en one night stand eller et langsiktig forhold, er disse stedene et godt alternativ.<\/p>\n<h3>6. Sexdating-apper<\/h3>\n<p>Det er mange forskjellige typer sexdatingsider tilgjengelig i dag, inkludert de som er fokusert p\u00e5 spesifikke aldersgrupper, etnisiteter og steder. Noen nettsteder fokuserer utelukkende p\u00e5 voksne forhold, mens andre henvender seg til alle fra ten\u00e5ringer til seniorer.<\/p>\n<p>Uansett hvor du bestemmer deg for \u00e5 registrere deg, s\u00f8rg for at du velger en anerkjent tjeneste. Sjekk anmeldelser og vurderinger for \u00e5 finne ut om et bestemt nettsted har et rykte for \u00e5 v\u00e6re p\u00e5litelig eller ikke. Vurder ogs\u00e5 kostnadene ved medlemskap; hvis du skal betale for et abonnement, kan du like godt f\u00e5 valuta for pengene.<\/p>\n<p>Etter at du har registrert deg, vil du motta e-poster fra nettstedet som ber deg fylle ut profilsp\u00f8rsm\u00e5l og laste opp bilder. N\u00e5r du har gjort disse oppgavene, vil du kunne bla gjennom profiler til andre medlemmer. Du kan deretter sende meldinger til hvem du vil m\u00f8te.<\/p>\n<p>N\u00e5r du har funnet noen du vil snakke med, kan du avtale \u00e5 m\u00f8te opp personlig. Sexdatingsider tilbyr vanligvis en rekke m\u00e5ter for medlemmer \u00e5 kommunisere med hverandre, inkludert tekstmeldinger, telefonsamtaler, videochatter og direktemeldinger.<\/p>\n<p>Den vanligste kommunikasjonsm\u00e5ten er via tekstmeldinger. Noen nettsteder tillater imidlertid ogs\u00e5 medlemmer \u00e5 sende talemeldinger eller bruke apper til \u00e5 spille inn lydmeldinger. Jo flere alternativer du har, jo lettere blir det \u00e5 sette opp datoer med andre medlemmer.<\/p>\n","protected":false},"excerpt":{"rendered":"<p>\u00c5 koble til er morsomt, spennende og noen ganger til og med romantisk. Men hvis du leter etter et lokalt oppkoblingssted, kan du bli skuffet. Det er fordi de fleste oppkoblingsapper er laget for \u00e5 koble sammen mennesker som er langt fra hverandre. Men det er mange steder hvor du kan m\u00f8te noen i n\u00e6rheten. &#8230; <a title=\"Lokale oppkoblingssteder\" class=\"read-more\" href=\"https:\/\/nosesso.net\/no\/lokale-oppkoblingssteder\/\" aria-label=\"Mer p\u00e5 Lokale oppkoblingssteder\">Les mer<\/a><\/p>\n","protected":false},"author":1,"featured_media":0,"parent":0,"menu_order":0,"comment_status":"closed","ping_status":"closed","template":"","meta":[],"yoast_head":"<!-- This site is optimized with the Yoast SEO plugin v17.7.1 - https:\/\/yoast.com\/wordpress\/plugins\/seo\/ -->\n<title>Lokale oppkoblingssteder - No Sesso<\/title>\n<meta name=\"robots\" content=\"index, follow, max-snippet:-1, max-image-preview:large, max-video-preview:-1\" \/>\n<link rel=\"canonical\" href=\"https:\/\/nosesso.net\/no\/lokale-oppkoblingssteder\/\" \/>\n<meta property=\"og:locale\" content=\"nb_NO\" \/>\n<meta property=\"og:type\" content=\"article\" \/>\n<meta property=\"og:title\" content=\"Lokale oppkoblingssteder - No Sesso\" \/>\n<meta property=\"og:description\" content=\"\u00c5 koble til er morsomt, spennende og noen ganger til og med romantisk. Men hvis du leter etter et lokalt oppkoblingssted, kan du bli skuffet. Det er fordi de fleste oppkoblingsapper er laget for \u00e5 koble sammen mennesker som er langt fra hverandre. Men det er mange steder hvor du kan m\u00f8te noen i n\u00e6rheten. ... Les mer\" \/>\n<meta property=\"og:url\" content=\"https:\/\/nosesso.net\/no\/lokale-oppkoblingssteder\/\" \/>\n<meta property=\"og:site_name\" content=\"No Sesso\" \/>\n<meta property=\"og:image\" content=\"http:\/\/nosesso.net\/wp-content\/uploads\/2022\/06\/find-dates.jpeg\" \/>\n<meta name=\"twitter:card\" content=\"summary_large_image\" \/>\n<meta name=\"twitter:label1\" content=\"Ansl. lesetid\" \/>\n\t<meta name=\"twitter:data1\" content=\"3 minutter\" \/>\n<script type=\"application\/ld+json\" class=\"yoast-schema-graph\">{\"@context\":\"https:\/\/schema.org\",\"@graph\":[{\"@type\":\"WebSite\",\"@id\":\"https:\/\/nosesso.net\/#website\",\"url\":\"https:\/\/nosesso.net\/\",\"name\":\"No Sesso\",\"description\":\"Real Dating Reviews\",\"potentialAction\":[{\"@type\":\"SearchAction\",\"target\":{\"@type\":\"EntryPoint\",\"urlTemplate\":\"https:\/\/nosesso.net\/?s={search_term_string}\"},\"query-input\":\"required name=search_term_string\"}],\"inLanguage\":\"nb-NO\"},{\"@type\":\"ImageObject\",\"@id\":\"https:\/\/nosesso.net\/no\/lokale-oppkoblingssteder\/#primaryimage\",\"inLanguage\":\"nb-NO\",\"url\":\"http:\/\/nosesso.net\/wp-content\/uploads\/2022\/06\/find-dates.jpeg\",\"contentUrl\":\"http:\/\/nosesso.net\/wp-content\/uploads\/2022\/06\/find-dates.jpeg\"},{\"@type\":\"WebPage\",\"@id\":\"https:\/\/nosesso.net\/no\/lokale-oppkoblingssteder\/#webpage\",\"url\":\"https:\/\/nosesso.net\/no\/lokale-oppkoblingssteder\/\",\"name\":\"Lokale oppkoblingssteder - No Sesso\",\"isPartOf\":{\"@id\":\"https:\/\/nosesso.net\/#website\"},\"primaryImageOfPage\":{\"@id\":\"https:\/\/nosesso.net\/no\/lokale-oppkoblingssteder\/#primaryimage\"},\"datePublished\":\"2022-06-23T10:51:14+00:00\",\"dateModified\":\"2022-06-23T10:51:14+00:00\",\"breadcrumb\":{\"@id\":\"https:\/\/nosesso.net\/no\/lokale-oppkoblingssteder\/#breadcrumb\"},\"inLanguage\":\"nb-NO\",\"potentialAction\":[{\"@type\":\"ReadAction\",\"target\":[\"https:\/\/nosesso.net\/no\/lokale-oppkoblingssteder\/\"]}]},{\"@type\":\"BreadcrumbList\",\"@id\":\"https:\/\/nosesso.net\/no\/lokale-oppkoblingssteder\/#breadcrumb\",\"itemListElement\":[{\"@type\":\"ListItem\",\"position\":1,\"name\":\"Home\",\"item\":\"https:\/\/nosesso.net\/no\/\"},{\"@type\":\"ListItem\",\"position\":2,\"name\":\"Lokale oppkoblingssteder\"}]}]}<\/script>\n<!-- \/ Yoast SEO plugin. -->","yoast_head_json":{"title":"Lokale oppkoblingssteder - No Sesso","robots":{"index":"index","follow":"follow","max-snippet":"max-snippet:-1","max-image-preview":"max-image-preview:large","max-video-preview":"max-video-preview:-1"},"canonical":"https:\/\/nosesso.net\/no\/lokale-oppkoblingssteder\/","og_locale":"nb_NO","og_type":"article","og_title":"Lokale oppkoblingssteder - No Sesso","og_description":"\u00c5 koble til er morsomt, spennende og noen ganger til og med romantisk. Men hvis du leter etter et lokalt oppkoblingssted, kan du bli skuffet. Det er fordi de fleste oppkoblingsapper er laget for \u00e5 koble sammen mennesker som er langt fra hverandre. Men det er mange steder hvor du kan m\u00f8te noen i n\u00e6rheten. ... Les mer","og_url":"https:\/\/nosesso.net\/no\/lokale-oppkoblingssteder\/","og_site_name":"No Sesso","og_image":[{"url":"http:\/\/nosesso.net\/wp-content\/uploads\/2022\/06\/find-dates.jpeg"}],"twitter_card":"summary_large_image","twitter_misc":{"Ansl. lesetid":"3 minutter"},"schema":{"@context":"https:\/\/schema.org","@graph":[{"@type":"WebSite","@id":"https:\/\/nosesso.net\/#website","url":"https:\/\/nosesso.net\/","name":"No Sesso","description":"Real Dating Reviews","potentialAction":[{"@type":"SearchAction","target":{"@type":"EntryPoint","urlTemplate":"https:\/\/nosesso.net\/?s={search_term_string}"},"query-input":"required name=search_term_string"}],"inLanguage":"nb-NO"},{"@type":"ImageObject","@id":"https:\/\/nosesso.net\/no\/lokale-oppkoblingssteder\/#primaryimage","inLanguage":"nb-NO","url":"http:\/\/nosesso.net\/wp-content\/uploads\/2022\/06\/find-dates.jpeg","contentUrl":"http:\/\/nosesso.net\/wp-content\/uploads\/2022\/06\/find-dates.jpeg"},{"@type":"WebPage","@id":"https:\/\/nosesso.net\/no\/lokale-oppkoblingssteder\/#webpage","url":"https:\/\/nosesso.net\/no\/lokale-oppkoblingssteder\/","name":"Lokale oppkoblingssteder - No Sesso","isPartOf":{"@id":"https:\/\/nosesso.net\/#website"},"primaryImageOfPage":{"@id":"https:\/\/nosesso.net\/no\/lokale-oppkoblingssteder\/#primaryimage"},"datePublished":"2022-06-23T10:51:14+00:00","dateModified":"2022-06-23T10:51:14+00:00","breadcrumb":{"@id":"https:\/\/nosesso.net\/no\/lokale-oppkoblingssteder\/#breadcrumb"},"inLanguage":"nb-NO","potentialAction":[{"@type":"ReadAction","target":["https:\/\/nosesso.net\/no\/lokale-oppkoblingssteder\/"]}]},{"@type":"BreadcrumbList","@id":"https:\/\/nosesso.net\/no\/lokale-oppkoblingssteder\/#breadcrumb","itemListElement":[{"@type":"ListItem","position":1,"name":"Home","item":"https:\/\/nosesso.net\/no\/"},{"@type":"ListItem","position":2,"name":"Lokale oppkoblingssteder"}]}]}},"_links":{"self":[{"href":"https:\/\/nosesso.net\/no\/wp-json\/wp\/v2\/pages\/249"}],"collection":[{"href":"https:\/\/nosesso.net\/no\/wp-json\/wp\/v2\/pages"}],"about":[{"href":"https:\/\/nosesso.net\/no\/wp-json\/wp\/v2\/types\/page"}],"author":[{"embeddable":true,"href":"https:\/\/nosesso.net\/no\/wp-json\/wp\/v2\/users\/1"}],"replies":[{"embeddable":true,"href":"https:\/\/nosesso.net\/no\/wp-json\/wp\/v2\/comments?post=249"}],"version-history":[{"count":0,"href":"https:\/\/nosesso.net\/no\/wp-json\/wp\/v2\/pages\/249\/revisions"}],"wp:attachment":[{"href":"https:\/\/nosesso.net\/no\/wp-json\/wp\/v2\/media?parent=249"}],"curies":[{"name":"wp","href":"https:\/\/api.w.org\/{rel}","templated":true}]}}