{"id":250,"date":"2022-06-23T11:45:34","date_gmt":"2022-06-23T10:45:34","guid":{"rendered":"http:\/\/nosesso.net\/typer-oppkoblingssider\/"},"modified":"2022-06-23T11:45:34","modified_gmt":"2022-06-23T10:45:34","slug":"typer-oppkoblingssider","status":"publish","type":"page","link":"https:\/\/nosesso.net\/no\/typer-oppkoblingssider\/","title":{"rendered":"Typer oppkoblingssider"},"content":{"rendered":"<p>Det er mange forskjellige typer gratis oppkoblingssider tilgjengelig p\u00e5 nettet i dag. Noen er fokusert p\u00e5 tilfeldige m\u00f8ter mens andre im\u00f8tekommer langsiktige forhold. Gratis <a href=\"http:\/\/nosesso.net\/why-local-hookup-apps-could-be-right-for-you\/\">oppkoblingssider<\/a> tilbyr et bredt utvalg av funksjoner, inkludert chatterom, videochatter, direktemeldingstjenester og mye mer.<\/p>\n<p>Mange av disse nettstedene lar medlemmer <a href=\"http:\/\/nosesso.net\/which-app-is-best-for-affiars\/\">opprette profiler<\/a> der de kan laste opp bilder, skrive korte bios og dele interesser. Medlemmer kan deretter bla gjennom andre medlemsprofiler og sende meldinger til potensielle treff. N\u00e5r en kamp er gjort, kan medlemmene avtale \u00e5 m\u00f8te opp personlig.<\/p>\n<p><img loading=\"lazy\" class=\"aligncenter wp-image-50\" src=\"http:\/\/nosesso.net\/wp-content\/uploads\/2022\/06\/heart-dating-1024x658.jpeg\" alt=\"\" width=\"553\" height=\"355\" srcset=\"https:\/\/nosesso.net\/wp-content\/uploads\/2022\/06\/heart-dating-1024x658.jpeg 1024w, https:\/\/nosesso.net\/wp-content\/uploads\/2022\/06\/heart-dating-300x193.jpeg 300w, https:\/\/nosesso.net\/wp-content\/uploads\/2022\/06\/heart-dating-768x494.jpeg 768w, https:\/\/nosesso.net\/wp-content\/uploads\/2022\/06\/heart-dating.jpeg 1167w\" sizes=\"(max-width: 553px) 100vw, 553px\" \/><\/p>\n<h2>Hvordan bli med p\u00e5 gratis oppkoblingssider<\/h2>\n<p>Noen gratis oppkoblingssider krever at medlemmer betaler en m\u00e5nedlig avgift for \u00e5 f\u00e5 tilgang til tilleggsfunksjoner. Disse inkluderer premium-kontoer, private meldingstjenester og mobilapper.<\/p>\n<p>Selv om gratis oppkoblingssider er praktiske, er de ikke alltid trygge. Det er best \u00e5 unng\u00e5 \u00e5 m\u00f8te fremmede i det virkelige liv hvis det er mulig. Velg heller en p\u00e5litelig datingapp eller -tjeneste i stedet.<\/p>\n<h3>Hvilke apper er best \u00e5 pr\u00f8ve?<\/h3>\n<p>For eksempel lar <strong>Tinder<\/strong> medlemmer f\u00e5 kontakt med hverandre basert p\u00e5 gjensidig interesse. Appen bruker plasseringsdata for \u00e5 finne ut om to medlemmer er i n\u00e6rheten. Hvis de er det, kan de umiddelbart begynne \u00e5 chatte via tekst eller video.<\/p>\n<p>Tinder er gratis \u00e5 laste ned og bruke, men medlemmer m\u00e5 betale en liten avgift for \u00e5 l\u00e5se opp tilleggsfunksjoner. For eksempel kan de oppgradere profilen sin for \u00e5 vise mer personlige detaljer, legge til filtre i s\u00f8kealternativene og motta varsler n\u00e5r noen sender dem en melding.<\/p>\n<p>Andre popul\u00e6re datingapper inkluderer <strong>Bumble<\/strong> , <strong>Happn<\/strong> og <strong>OkCupid<\/strong> . Hver tilbyr lignende funksjoner, selv om noen har spesifikke fokus. For eksempel er Bumble designet spesielt for kvinner som \u00f8nsker \u00e5 ta kontakt.<\/p>\n<p>Det viktigste her er at gratis oppkoblingssider er et flott alternativ for de som foretrekker \u00e5 v\u00e6re anonyme. Imidlertid b\u00f8r de ikke brukes som en erstatning for tradisjonelle datingmetoder.<\/p>\n<p>Nettdating har blitt stadig mer popul\u00e6rt de siste \u00e5rene. Det er ingen overraskelse at flere og flere mennesker henvender seg til nettplattformer for \u00e5 m\u00f8te potensielle partnere. Imidlertid er mange fortsatt ikke klar over fordelene med lokale oppkoblinger.<\/p>\n<p>Lokale oppkoblinger er mye rimeligere enn tradisjonelle datingsider, og de tilbyr et praktisk alternativ for travle single som ikke har nok tid til \u00e5 bruke p\u00e5 \u00e5 finne kj\u00e6rligheten. Du kan enkelt sette opp datoer med andre medlemmer i ditt omr\u00e5de, og du trenger ikke \u00e5 bekymre deg for \u00e5 bli avvist hvis du ikke klikker med noen.<\/p>\n<p>I tillegg er lokale hookups et flott alternativ for par som pr\u00f8ver \u00e5 spare penger samtidig som de opprettholder et langsiktig forhold. Mange velger \u00e5 betale for et medlemskap p\u00e5 en datingside, men de ender sjelden opp med \u00e5 m\u00f8te noen som er verdt det. Derimot lar lokale oppkoblinger deg f\u00e5 kontakt med andre uten \u00e5 bruke en krone.<\/p>\n<p>Det er mange grunner til \u00e5 pr\u00f8ve lokale tilkoblinger, og du kan l\u00e6re mer om dem her.<\/p>\n","protected":false},"excerpt":{"rendered":"<p>Det er mange forskjellige typer gratis oppkoblingssider tilgjengelig p\u00e5 nettet i dag. Noen er fokusert p\u00e5 tilfeldige m\u00f8ter mens andre im\u00f8tekommer langsiktige forhold. Gratis oppkoblingssider tilbyr et bredt utvalg av funksjoner, inkludert chatterom, videochatter, direktemeldingstjenester og mye mer. Mange av disse nettstedene lar medlemmer opprette profiler der de kan laste opp bilder, skrive korte bios &#8230; <a title=\"Typer oppkoblingssider\" class=\"read-more\" href=\"https:\/\/nosesso.net\/no\/typer-oppkoblingssider\/\" aria-label=\"Mer p\u00e5 Typer oppkoblingssider\">Les mer<\/a><\/p>\n","protected":false},"author":1,"featured_media":0,"parent":0,"menu_order":0,"comment_status":"closed","ping_status":"closed","template":"","meta":[],"yoast_head":"<!-- This site is optimized with the Yoast SEO plugin v17.7.1 - https:\/\/yoast.com\/wordpress\/plugins\/seo\/ -->\n<title>Typer oppkoblingssider - No Sesso<\/title>\n<meta name=\"robots\" content=\"index, follow, max-snippet:-1, max-image-preview:large, max-video-preview:-1\" \/>\n<link rel=\"canonical\" href=\"https:\/\/nosesso.net\/no\/typer-oppkoblingssider\/\" \/>\n<meta property=\"og:locale\" content=\"nb_NO\" \/>\n<meta property=\"og:type\" content=\"article\" \/>\n<meta property=\"og:title\" content=\"Typer oppkoblingssider - No Sesso\" \/>\n<meta property=\"og:description\" content=\"Det er mange forskjellige typer gratis oppkoblingssider tilgjengelig p\u00e5 nettet i dag. Noen er fokusert p\u00e5 tilfeldige m\u00f8ter mens andre im\u00f8tekommer langsiktige forhold. Gratis oppkoblingssider tilbyr et bredt utvalg av funksjoner, inkludert chatterom, videochatter, direktemeldingstjenester og mye mer. Mange av disse nettstedene lar medlemmer opprette profiler der de kan laste opp bilder, skrive korte bios ... Les mer\" \/>\n<meta property=\"og:url\" content=\"https:\/\/nosesso.net\/no\/typer-oppkoblingssider\/\" \/>\n<meta property=\"og:site_name\" content=\"No Sesso\" \/>\n<meta property=\"og:image\" content=\"http:\/\/nosesso.net\/wp-content\/uploads\/2022\/06\/heart-dating-1024x658.jpeg\" \/>\n<meta name=\"twitter:card\" content=\"summary_large_image\" \/>\n<meta name=\"twitter:label1\" content=\"Ansl. lesetid\" \/>\n\t<meta name=\"twitter:data1\" content=\"2 minutter\" \/>\n<script type=\"application\/ld+json\" class=\"yoast-schema-graph\">{\"@context\":\"https:\/\/schema.org\",\"@graph\":[{\"@type\":\"WebSite\",\"@id\":\"https:\/\/nosesso.net\/#website\",\"url\":\"https:\/\/nosesso.net\/\",\"name\":\"No Sesso\",\"description\":\"Real Dating Reviews\",\"potentialAction\":[{\"@type\":\"SearchAction\",\"target\":{\"@type\":\"EntryPoint\",\"urlTemplate\":\"https:\/\/nosesso.net\/?s={search_term_string}\"},\"query-input\":\"required name=search_term_string\"}],\"inLanguage\":\"nb-NO\"},{\"@type\":\"ImageObject\",\"@id\":\"https:\/\/nosesso.net\/no\/typer-oppkoblingssider\/#primaryimage\",\"inLanguage\":\"nb-NO\",\"url\":\"http:\/\/nosesso.net\/wp-content\/uploads\/2022\/06\/heart-dating-1024x658.jpeg\",\"contentUrl\":\"http:\/\/nosesso.net\/wp-content\/uploads\/2022\/06\/heart-dating-1024x658.jpeg\"},{\"@type\":\"WebPage\",\"@id\":\"https:\/\/nosesso.net\/no\/typer-oppkoblingssider\/#webpage\",\"url\":\"https:\/\/nosesso.net\/no\/typer-oppkoblingssider\/\",\"name\":\"Typer oppkoblingssider - No Sesso\",\"isPartOf\":{\"@id\":\"https:\/\/nosesso.net\/#website\"},\"primaryImageOfPage\":{\"@id\":\"https:\/\/nosesso.net\/no\/typer-oppkoblingssider\/#primaryimage\"},\"datePublished\":\"2022-06-23T10:45:34+00:00\",\"dateModified\":\"2022-06-23T10:45:34+00:00\",\"breadcrumb\":{\"@id\":\"https:\/\/nosesso.net\/no\/typer-oppkoblingssider\/#breadcrumb\"},\"inLanguage\":\"nb-NO\",\"potentialAction\":[{\"@type\":\"ReadAction\",\"target\":[\"https:\/\/nosesso.net\/no\/typer-oppkoblingssider\/\"]}]},{\"@type\":\"BreadcrumbList\",\"@id\":\"https:\/\/nosesso.net\/no\/typer-oppkoblingssider\/#breadcrumb\",\"itemListElement\":[{\"@type\":\"ListItem\",\"position\":1,\"name\":\"Home\",\"item\":\"https:\/\/nosesso.net\/no\/\"},{\"@type\":\"ListItem\",\"position\":2,\"name\":\"Typer oppkoblingssider\"}]}]}<\/script>\n<!-- \/ Yoast SEO plugin. -->","yoast_head_json":{"title":"Typer oppkoblingssider - No Sesso","robots":{"index":"index","follow":"follow","max-snippet":"max-snippet:-1","max-image-preview":"max-image-preview:large","max-video-preview":"max-video-preview:-1"},"canonical":"https:\/\/nosesso.net\/no\/typer-oppkoblingssider\/","og_locale":"nb_NO","og_type":"article","og_title":"Typer oppkoblingssider - No Sesso","og_description":"Det er mange forskjellige typer gratis oppkoblingssider tilgjengelig p\u00e5 nettet i dag. Noen er fokusert p\u00e5 tilfeldige m\u00f8ter mens andre im\u00f8tekommer langsiktige forhold. Gratis oppkoblingssider tilbyr et bredt utvalg av funksjoner, inkludert chatterom, videochatter, direktemeldingstjenester og mye mer. Mange av disse nettstedene lar medlemmer opprette profiler der de kan laste opp bilder, skrive korte bios ... Les mer","og_url":"https:\/\/nosesso.net\/no\/typer-oppkoblingssider\/","og_site_name":"No Sesso","og_image":[{"url":"http:\/\/nosesso.net\/wp-content\/uploads\/2022\/06\/heart-dating-1024x658.jpeg"}],"twitter_card":"summary_large_image","twitter_misc":{"Ansl. lesetid":"2 minutter"},"schema":{"@context":"https:\/\/schema.org","@graph":[{"@type":"WebSite","@id":"https:\/\/nosesso.net\/#website","url":"https:\/\/nosesso.net\/","name":"No Sesso","description":"Real Dating Reviews","potentialAction":[{"@type":"SearchAction","target":{"@type":"EntryPoint","urlTemplate":"https:\/\/nosesso.net\/?s={search_term_string}"},"query-input":"required name=search_term_string"}],"inLanguage":"nb-NO"},{"@type":"ImageObject","@id":"https:\/\/nosesso.net\/no\/typer-oppkoblingssider\/#primaryimage","inLanguage":"nb-NO","url":"http:\/\/nosesso.net\/wp-content\/uploads\/2022\/06\/heart-dating-1024x658.jpeg","contentUrl":"http:\/\/nosesso.net\/wp-content\/uploads\/2022\/06\/heart-dating-1024x658.jpeg"},{"@type":"WebPage","@id":"https:\/\/nosesso.net\/no\/typer-oppkoblingssider\/#webpage","url":"https:\/\/nosesso.net\/no\/typer-oppkoblingssider\/","name":"Typer oppkoblingssider - No Sesso","isPartOf":{"@id":"https:\/\/nosesso.net\/#website"},"primaryImageOfPage":{"@id":"https:\/\/nosesso.net\/no\/typer-oppkoblingssider\/#primaryimage"},"datePublished":"2022-06-23T10:45:34+00:00","dateModified":"2022-06-23T10:45:34+00:00","breadcrumb":{"@id":"https:\/\/nosesso.net\/no\/typer-oppkoblingssider\/#breadcrumb"},"inLanguage":"nb-NO","potentialAction":[{"@type":"ReadAction","target":["https:\/\/nosesso.net\/no\/typer-oppkoblingssider\/"]}]},{"@type":"BreadcrumbList","@id":"https:\/\/nosesso.net\/no\/typer-oppkoblingssider\/#breadcrumb","itemListElement":[{"@type":"ListItem","position":1,"name":"Home","item":"https:\/\/nosesso.net\/no\/"},{"@type":"ListItem","position":2,"name":"Typer oppkoblingssider"}]}]}},"_links":{"self":[{"href":"https:\/\/nosesso.net\/no\/wp-json\/wp\/v2\/pages\/250"}],"collection":[{"href":"https:\/\/nosesso.net\/no\/wp-json\/wp\/v2\/pages"}],"about":[{"href":"https:\/\/nosesso.net\/no\/wp-json\/wp\/v2\/types\/page"}],"author":[{"embeddable":true,"href":"https:\/\/nosesso.net\/no\/wp-json\/wp\/v2\/users\/1"}],"replies":[{"embeddable":true,"href":"https:\/\/nosesso.net\/no\/wp-json\/wp\/v2\/comments?post=250"}],"version-history":[{"count":0,"href":"https:\/\/nosesso.net\/no\/wp-json\/wp\/v2\/pages\/250\/revisions"}],"wp:attachment":[{"href":"https:\/\/nosesso.net\/no\/wp-json\/wp\/v2\/media?parent=250"}],"curies":[{"name":"wp","href":"https:\/\/api.w.org\/{rel}","templated":true}]}}