{"id":253,"date":"2022-06-23T11:46:19","date_gmt":"2022-06-23T10:46:19","guid":{"rendered":"http:\/\/nosesso.net\/gratis-oppkoblingssider\/"},"modified":"2022-06-23T11:46:19","modified_gmt":"2022-06-23T10:46:19","slug":"gratis-oppkoblingssider","status":"publish","type":"page","link":"https:\/\/nosesso.net\/no\/gratis-oppkoblingssider\/","title":{"rendered":"Gratis oppkoblingssider"},"content":{"rendered":"<p>Lokale chat-apper har blitt stadig mer popul\u00e6re de siste \u00e5rene, og det er ingen overraskelse hvorfor. Med fremveksten av online dating-nettsteder, har lokale hookups blitt enklere enn noen gang.<\/p>\n<p>Men hvis du \u00f8nsker \u00e5 m\u00f8te noen som bor i n\u00e6rheten, er det best \u00e5 pr\u00f8ve \u00e5 m\u00f8te folk ansikt til ansikt. P\u00e5 den m\u00e5ten kan du faktisk snakke med dem og bli kjent med hverandre. Det er ogs\u00e5 mye tryggere enn \u00e5 pr\u00f8ve \u00e5 <a href=\"http:\/\/nosesso.net\/types-of-hookup-sites\/\">m\u00f8te noen p\u00e5 nettet<\/a> .<\/p>\n<p>Det er mange forskjellige m\u00e5ter \u00e5 m\u00f8te folk lokalt, inkludert gjennom venner, klubber, barer, kaffebarer og mer. N\u00f8kkelen er \u00e5 finne den typen person du \u00f8nsker \u00e5 m\u00f8te. Hvis du for eksempel er interessert i uformell sex, kan det v\u00e6re lurt \u00e5 bli med i en swingerklubb. Men hvis du leter etter et forhold, kan du pr\u00f8ve \u00e5 bli med i en singelgruppe.<\/p>\n<p><img loading=\"lazy\" class=\"aligncenter size-full wp-image-51\" src=\"http:\/\/nosesso.net\/wp-content\/uploads\/2022\/06\/love-again.webp\" alt=\"\" width=\"500\" height=\"750\" srcset=\"https:\/\/nosesso.net\/wp-content\/uploads\/2022\/06\/love-again.webp 500w, https:\/\/nosesso.net\/wp-content\/uploads\/2022\/06\/love-again-200x300.webp 200w\" sizes=\"(max-width: 500px) 100vw, 500px\" \/><\/p>\n<h2>V\u00e6r forsiktig<\/h2>\n<p>Uansett hvor du bestemmer deg for \u00e5 m\u00f8te mennesker, husk \u00e5 v\u00e6re trygg. Pass p\u00e5 at du alltid bruker beskyttelse n\u00e5r du har sex. Gi heller aldri ut personlig informasjon til noen du m\u00f8ter online eller offline.<\/p>\n<p>Sexdatingsider blir stadig mer popul\u00e6re blant single som leter etter kj\u00e6rlighet p\u00e5 nettet. Disse nettstedene lar medlemmer m\u00f8te andre mennesker basert p\u00e5 felles interesser, plassering, alder, kj\u00f8nn, etc., og deretter arrangere datoer. De beste sexdatingsidene tilbyr funksjoner som chatterom, fotogallerier, videochatter og oppslagstavler der medlemmer kan samhandle med hverandre.<\/p>\n<p>Mange av disse nettstedene tilbyr ogs\u00e5 tilleggstjenester, inkludert mobilapper, gratis medlemskap og betalte abonnementer. Sexdatingsider er et flott alternativ for alle som \u00f8nsker \u00e5 pr\u00f8ve <a href=\"http:\/\/nosesso.net\/why-local-hookup-apps-could-be-right-for-you\/\">uformell dating<\/a> uten \u00e5 m\u00e5tte bekymre seg for engasjement.<\/p>\n<h2>Typer datingapper<\/h2>\n<p>Det finnes mange forskjellige typer sexdatingsider, s\u00e5 velg en som passer dine behov. For eksempel, hvis du leter etter et langsiktig forhold, kan et kristent nettsted v\u00e6re ideelt. Men hvis du bare vil eksperimentere, kan en tilfeldig sexside fungere bedre.<\/p>\n<p>Det er viktig \u00e5 huske at sexdatingsider ikke alltid er trygge steder \u00e5 m\u00f8te mennesker. S\u00f8rg for \u00e5 lese anmeldelser fra tidligere brukere f\u00f8r du registrerer deg. Gi heller aldri ut personlig informasjon som kredittkortnummer eller bankkontodetaljer.<\/p>\n<p>Det er mange forskjellige typer uformelle datingsider tilgjengelig p\u00e5 nettet i dag. Noen er gratis mens andre krever betaling. Det er ogs\u00e5 mange forskjellige m\u00e5ter \u00e5 m\u00f8te noen p\u00e5 gjennom disse nettstedene. Enten du leter etter en rask sleng eller et langsiktig forhold, kan det v\u00e6re vanskelig \u00e5 finne den rette personen.<\/p>\n<h3>Tilfeldig dating p\u00e5 nettet<\/h3>\n<p>Et av de beste stedene \u00e5 se etter potensielle partnere er gjennom en uformell datingside. Disse nettstedene lar deg bla gjennom profiler og sende meldinger til medlemmer som interesserer deg. Mange av disse nettstedene tilbyr funksjoner som chatterom, direktemeldinger, videochatting og bildedeling.<\/p>\n<p>Disse sidene er perfekte hvis du \u00f8nsker \u00e5 m\u00f8te noen tilfeldig uten \u00e5 m\u00e5tte betale for en medlemsavgift. Du m\u00e5 imidlertid fortsatt v\u00e6re forsiktig n\u00e5r du registrerer deg for disse tjenestene. S\u00f8rg for at du leser anmeldelser fra andre brukere for \u00e5 l\u00e6re om sikkerhetsproblemene knyttet til hver tjeneste. Pass ogs\u00e5 p\u00e5 at du velger et anerkjent selskap for \u00e5 unng\u00e5 \u00e5 bli svindlet.<\/p>\n<p>Noen av de mest popul\u00e6re casual datingsidene inkluderer Match.com, OkCupid, PlentyOfFish og Tinder. Hver av disse sidene har sitt eget unike sett med funksjoner som gj\u00f8r det enkelt \u00e5 f\u00e5 kontakt med folk i n\u00e6rheten. For eksempel lar Match.com deg opprette en profil og laste opp bilder. Deretter kan du s\u00f8ke etter treff basert p\u00e5 plassering, alder, kj\u00f8nn, seksuell legning og mer.<\/p>\n","protected":false},"excerpt":{"rendered":"<p>Lokale chat-apper har blitt stadig mer popul\u00e6re de siste \u00e5rene, og det er ingen overraskelse hvorfor. Med fremveksten av online dating-nettsteder, har lokale hookups blitt enklere enn noen gang. Men hvis du \u00f8nsker \u00e5 m\u00f8te noen som bor i n\u00e6rheten, er det best \u00e5 pr\u00f8ve \u00e5 m\u00f8te folk ansikt til ansikt. P\u00e5 den m\u00e5ten kan &#8230; <a title=\"Gratis oppkoblingssider\" class=\"read-more\" href=\"https:\/\/nosesso.net\/no\/gratis-oppkoblingssider\/\" aria-label=\"Mer p\u00e5 Gratis oppkoblingssider\">Les mer<\/a><\/p>\n","protected":false},"author":1,"featured_media":0,"parent":0,"menu_order":0,"comment_status":"closed","ping_status":"closed","template":"","meta":[],"yoast_head":"<!-- This site is optimized with the Yoast SEO plugin v17.7.1 - https:\/\/yoast.com\/wordpress\/plugins\/seo\/ -->\n<title>Gratis oppkoblingssider - No Sesso<\/title>\n<meta name=\"robots\" content=\"index, follow, max-snippet:-1, max-image-preview:large, max-video-preview:-1\" \/>\n<link rel=\"canonical\" href=\"https:\/\/nosesso.net\/no\/gratis-oppkoblingssider\/\" \/>\n<meta property=\"og:locale\" content=\"nb_NO\" \/>\n<meta property=\"og:type\" content=\"article\" \/>\n<meta property=\"og:title\" content=\"Gratis oppkoblingssider - No Sesso\" \/>\n<meta property=\"og:description\" content=\"Lokale chat-apper har blitt stadig mer popul\u00e6re de siste \u00e5rene, og det er ingen overraskelse hvorfor. Med fremveksten av online dating-nettsteder, har lokale hookups blitt enklere enn noen gang. Men hvis du \u00f8nsker \u00e5 m\u00f8te noen som bor i n\u00e6rheten, er det best \u00e5 pr\u00f8ve \u00e5 m\u00f8te folk ansikt til ansikt. P\u00e5 den m\u00e5ten kan ... Les mer\" \/>\n<meta property=\"og:url\" content=\"https:\/\/nosesso.net\/no\/gratis-oppkoblingssider\/\" \/>\n<meta property=\"og:site_name\" content=\"No Sesso\" \/>\n<meta property=\"og:image\" content=\"http:\/\/nosesso.net\/wp-content\/uploads\/2022\/06\/love-again.webp\" \/>\n<meta name=\"twitter:card\" content=\"summary_large_image\" \/>\n<meta name=\"twitter:label1\" content=\"Ansl. lesetid\" \/>\n\t<meta name=\"twitter:data1\" content=\"3 minutter\" \/>\n<script type=\"application\/ld+json\" class=\"yoast-schema-graph\">{\"@context\":\"https:\/\/schema.org\",\"@graph\":[{\"@type\":\"WebSite\",\"@id\":\"https:\/\/nosesso.net\/#website\",\"url\":\"https:\/\/nosesso.net\/\",\"name\":\"No Sesso\",\"description\":\"Real Dating Reviews\",\"potentialAction\":[{\"@type\":\"SearchAction\",\"target\":{\"@type\":\"EntryPoint\",\"urlTemplate\":\"https:\/\/nosesso.net\/?s={search_term_string}\"},\"query-input\":\"required name=search_term_string\"}],\"inLanguage\":\"nb-NO\"},{\"@type\":\"ImageObject\",\"@id\":\"https:\/\/nosesso.net\/no\/gratis-oppkoblingssider\/#primaryimage\",\"inLanguage\":\"nb-NO\",\"url\":\"http:\/\/nosesso.net\/wp-content\/uploads\/2022\/06\/love-again.webp\",\"contentUrl\":\"http:\/\/nosesso.net\/wp-content\/uploads\/2022\/06\/love-again.webp\"},{\"@type\":\"WebPage\",\"@id\":\"https:\/\/nosesso.net\/no\/gratis-oppkoblingssider\/#webpage\",\"url\":\"https:\/\/nosesso.net\/no\/gratis-oppkoblingssider\/\",\"name\":\"Gratis oppkoblingssider - No Sesso\",\"isPartOf\":{\"@id\":\"https:\/\/nosesso.net\/#website\"},\"primaryImageOfPage\":{\"@id\":\"https:\/\/nosesso.net\/no\/gratis-oppkoblingssider\/#primaryimage\"},\"datePublished\":\"2022-06-23T10:46:19+00:00\",\"dateModified\":\"2022-06-23T10:46:19+00:00\",\"breadcrumb\":{\"@id\":\"https:\/\/nosesso.net\/no\/gratis-oppkoblingssider\/#breadcrumb\"},\"inLanguage\":\"nb-NO\",\"potentialAction\":[{\"@type\":\"ReadAction\",\"target\":[\"https:\/\/nosesso.net\/no\/gratis-oppkoblingssider\/\"]}]},{\"@type\":\"BreadcrumbList\",\"@id\":\"https:\/\/nosesso.net\/no\/gratis-oppkoblingssider\/#breadcrumb\",\"itemListElement\":[{\"@type\":\"ListItem\",\"position\":1,\"name\":\"Home\",\"item\":\"https:\/\/nosesso.net\/no\/\"},{\"@type\":\"ListItem\",\"position\":2,\"name\":\"Gratis oppkoblingssider\"}]}]}<\/script>\n<!-- \/ Yoast SEO plugin. -->","yoast_head_json":{"title":"Gratis oppkoblingssider - No Sesso","robots":{"index":"index","follow":"follow","max-snippet":"max-snippet:-1","max-image-preview":"max-image-preview:large","max-video-preview":"max-video-preview:-1"},"canonical":"https:\/\/nosesso.net\/no\/gratis-oppkoblingssider\/","og_locale":"nb_NO","og_type":"article","og_title":"Gratis oppkoblingssider - No Sesso","og_description":"Lokale chat-apper har blitt stadig mer popul\u00e6re de siste \u00e5rene, og det er ingen overraskelse hvorfor. Med fremveksten av online dating-nettsteder, har lokale hookups blitt enklere enn noen gang. Men hvis du \u00f8nsker \u00e5 m\u00f8te noen som bor i n\u00e6rheten, er det best \u00e5 pr\u00f8ve \u00e5 m\u00f8te folk ansikt til ansikt. P\u00e5 den m\u00e5ten kan ... Les mer","og_url":"https:\/\/nosesso.net\/no\/gratis-oppkoblingssider\/","og_site_name":"No Sesso","og_image":[{"url":"http:\/\/nosesso.net\/wp-content\/uploads\/2022\/06\/love-again.webp"}],"twitter_card":"summary_large_image","twitter_misc":{"Ansl. lesetid":"3 minutter"},"schema":{"@context":"https:\/\/schema.org","@graph":[{"@type":"WebSite","@id":"https:\/\/nosesso.net\/#website","url":"https:\/\/nosesso.net\/","name":"No Sesso","description":"Real Dating Reviews","potentialAction":[{"@type":"SearchAction","target":{"@type":"EntryPoint","urlTemplate":"https:\/\/nosesso.net\/?s={search_term_string}"},"query-input":"required name=search_term_string"}],"inLanguage":"nb-NO"},{"@type":"ImageObject","@id":"https:\/\/nosesso.net\/no\/gratis-oppkoblingssider\/#primaryimage","inLanguage":"nb-NO","url":"http:\/\/nosesso.net\/wp-content\/uploads\/2022\/06\/love-again.webp","contentUrl":"http:\/\/nosesso.net\/wp-content\/uploads\/2022\/06\/love-again.webp"},{"@type":"WebPage","@id":"https:\/\/nosesso.net\/no\/gratis-oppkoblingssider\/#webpage","url":"https:\/\/nosesso.net\/no\/gratis-oppkoblingssider\/","name":"Gratis oppkoblingssider - No Sesso","isPartOf":{"@id":"https:\/\/nosesso.net\/#website"},"primaryImageOfPage":{"@id":"https:\/\/nosesso.net\/no\/gratis-oppkoblingssider\/#primaryimage"},"datePublished":"2022-06-23T10:46:19+00:00","dateModified":"2022-06-23T10:46:19+00:00","breadcrumb":{"@id":"https:\/\/nosesso.net\/no\/gratis-oppkoblingssider\/#breadcrumb"},"inLanguage":"nb-NO","potentialAction":[{"@type":"ReadAction","target":["https:\/\/nosesso.net\/no\/gratis-oppkoblingssider\/"]}]},{"@type":"BreadcrumbList","@id":"https:\/\/nosesso.net\/no\/gratis-oppkoblingssider\/#breadcrumb","itemListElement":[{"@type":"ListItem","position":1,"name":"Home","item":"https:\/\/nosesso.net\/no\/"},{"@type":"ListItem","position":2,"name":"Gratis oppkoblingssider"}]}]}},"_links":{"self":[{"href":"https:\/\/nosesso.net\/no\/wp-json\/wp\/v2\/pages\/253"}],"collection":[{"href":"https:\/\/nosesso.net\/no\/wp-json\/wp\/v2\/pages"}],"about":[{"href":"https:\/\/nosesso.net\/no\/wp-json\/wp\/v2\/types\/page"}],"author":[{"embeddable":true,"href":"https:\/\/nosesso.net\/no\/wp-json\/wp\/v2\/users\/1"}],"replies":[{"embeddable":true,"href":"https:\/\/nosesso.net\/no\/wp-json\/wp\/v2\/comments?post=253"}],"version-history":[{"count":0,"href":"https:\/\/nosesso.net\/no\/wp-json\/wp\/v2\/pages\/253\/revisions"}],"wp:attachment":[{"href":"https:\/\/nosesso.net\/no\/wp-json\/wp\/v2\/media?parent=253"}],"curies":[{"name":"wp","href":"https:\/\/api.w.org\/{rel}","templated":true}]}}