{"id":259,"date":"2022-06-23T11:41:21","date_gmt":"2022-06-23T10:41:21","guid":{"rendered":"http:\/\/nosesso.net\/sexoppkoblingsguide\/"},"modified":"2022-06-30T20:22:18","modified_gmt":"2022-06-30T19:22:18","slug":"sexoppkoblingsguide","status":"publish","type":"page","link":"https:\/\/nosesso.net\/no\/","title":{"rendered":"Sexoppkoblingsguide"},"content":{"rendered":"<p>Voksendating er en fin m\u00e5te \u00e5 m\u00f8te nye venner, knytte nye forbindelser og til og med finne kj\u00e6rligheten. Men det er ikke alltid lett \u00e5 komme i gang.<\/p>\n<p>Denne guiden vil hjelpe deg \u00e5 l\u00e6re alt du trenger \u00e5 vite om dating for voksne, inkludert:<\/p>\n<p>Hvilke datingsider for voksne er tilgjengelige<\/p>\n<ul>\n<li>Hvordan velge riktig nettsted for deg<\/li>\n<li>Hvordan lage en profil som blir lagt merke til<\/li>\n<li>Hvordan tiltrekke oppmerksomhet fra potensielle datoer<\/li>\n<li>Hvordan svare p\u00e5 meldinger<\/li>\n<li>Hvordan sette opp en gratis pr\u00f8vekonto<\/li>\n<li>Og mye mer<\/li>\n<\/ul>\n<p><img loading=\"lazy\" class=\"aligncenter size-full wp-image-57\" src=\"http:\/\/nosesso.net\/wp-content\/uploads\/2022\/06\/online-hookup-sites.jpeg\" alt=\"\" width=\"500\" height=\"750\" srcset=\"https:\/\/nosesso.net\/wp-content\/uploads\/2022\/06\/online-hookup-sites.jpeg 500w, https:\/\/nosesso.net\/wp-content\/uploads\/2022\/06\/online-hookup-sites-200x300.jpeg 200w\" sizes=\"(max-width: 500px) 100vw, 500px\" \/><\/p>\n<h2>Hva betyr No Sesso for deg?<\/h2>\n<p>En av de beste delene av sexdating er at det er helt anonymt med.\u00a0Ingen personopplysninger kreves for \u00e5 registrere deg, og ingen trenger \u00e5 vite noe annet om deg enn dine preferanser. Dette betyr at du kan v\u00e6re deg selv uten \u00e5 bekymre deg for \u00e5 avsl\u00f8re noen pinlige hemmeligheter.<\/p>\n<p>N\u00e5r du har funnet noen du vil date, kan du sette opp et m\u00f8tested og tidspunkt. Sexdatingsider tilbyr vanligvis flere alternativer for \u00e5 arrangere datoer, inkludert tekstmeldinger, telefonsamtaler, videochatter og ansikt-til-ansikt-m\u00f8ter.<\/p>\n<p>Det siste trinnet er \u00e5 faktisk ha sex. Mens noen liker \u00e5 ha <a href=\"http:\/\/nosesso.net\/which-app-is-best-for-affiars\/\">sex med fremmede<\/a> , f\u00f8ler andre seg ukomfortable med \u00e5 gj\u00f8re det. For \u00e5 beskytte deg selv, velg alltid et sted som er trygt og privat.<\/p>\n<p>Tilfeldig sex er et veldig popul\u00e6rt tema p\u00e5 nettet. Det virker som om alle vil snakke om det, og det er lett \u00e5 forst\u00e5 hvorfor. Det er mange forskjellige grunner til at folk liker tilfeldig sex, inkludert det faktum at det er morsomt, spennende og gratis.<\/p>\n<p>Det er mange <a href=\"http:\/\/nosesso.net\/free-hookup-sites\/\">gratis hookup-sider<\/a> hvor du kan m\u00f8te andre mennesker som er interessert i uformell sex. Disse nettstedene lar deg bla gjennom profiler til personer som leter etter tilfeldig sex, og du kan sende meldinger direkte til dem hvis du vil.<\/p>\n<h3>Hvordan kan vi hjelpe deg med \u00e5 finne datoer med oppkoblingssider<\/h3>\n<p>Lokal sex har blitt stadig mer popul\u00e6rt de siste \u00e5rene, sjekk ut\u00a0sammenligningssiden for en liste over sexchat-apper du kan bli med. Det er ingen overraskelse at flere og flere mennesker henvender seg til nettressurser for \u00e5 m\u00f8te andre single som deler lignende interesser.<\/p>\n<p>Enten du er interessert i tilfeldige tilkoblinger eller langsiktige forhold, tilbyr lokale sexsider en praktisk m\u00e5te \u00e5 f\u00e5 kontakt med andre som deler dine \u00f8nsker. Disse nettstedene lar deg bla gjennom profiler til medlemmer basert p\u00e5 plassering, alder og seksuelle preferanser.<\/p>\n<p>Det finnes mange forskjellige typer lokale sexsider tilgjengelig i dag. Noen fokuserer utelukkende p\u00e5 tilfeldige m\u00f8ter, mens andre henvender seg spesielt til par som \u00f8nsker \u00e5 utforske seksualiteten deres sammen. Det beste er at disse sidene er gratis \u00e5 bli med, noe som gj\u00f8r dem enkle \u00e5 f\u00e5 tilgang til og bruke.<\/p>\n<p>Med s\u00e5 mange tilgjengelige alternativer er det vanskelig \u00e5 bestemme hvor du skal begynne. Start med \u00e5 bla gjennom samlingen v\u00e5r av de 10 beste lokale sexsidene for \u00e5 l\u00e6re mer om hvert alternativ. Les deretter anmeldelser fra ekte brukere for \u00e5 finne ut om noen av dem er verdt \u00e5 bli med.<\/p>\n<h3>Fungerer online dating faktisk?<\/h3>\n<p>Sexdating er en type nettdating der folk m\u00f8tes gjennom gjensidig interesse for sex. Det er forskjellig fra andre typer nettdating som fordi det ikke krever et forhold mellom to personer. I stedet lar det folk som er interessert i tilfeldige seksuelle m\u00f8ter f\u00e5 kontakt med hverandre.<\/p>\n<p>I de fleste tilfeller er de fleste sexdatingsider gratis \u00e5 bli med hvis du tar en titt p\u00e5, du kan se lister over de beste alternativene dine. Men hvis du foretrekker \u00e5 betale for premium-medlemskap, kan du vanligvis registrere deg for en m\u00e5nedlig abonnementsavgift. N\u00e5r du har opprettet en profil, vil du kunne bla gjennom profiler til andre medlemmer og sende meldinger til potensielle partnere.<\/p>\n<p>Mens mange sexdatingsider lar deg opprette en profil, krever andre at du fyller ut et sp\u00f8rreskjema f\u00f8r du f\u00e5r lov til \u00e5 registrere deg. Noen nettsteder stiller sp\u00f8rsm\u00e5l om din alder, kj\u00f8nn, etnisitet, religion, sivilstatus, yrke, hobbyer og interesser.<\/p>\n<p>Etter at du har fylt ut disse skjemaene, mottar du en e-postbekreftelse som forteller deg om registreringen var vellykket. Hvis du ble akseptert i fellesskapet, vil du f\u00e5 tilgang til nettstedets funksjoner.<\/p>\n<h3>Hva b\u00f8r du passe p\u00e5?<\/h3>\n<p>Det er viktig \u00e5 huske at denne typen nettsteder ikke alltid er trygge. S\u00f8rg for at du leser anmeldelser og stiller sp\u00f8rsm\u00e5l f\u00f8r du registrerer deg for en hvilken som helst type datingtjeneste. Ikke gi ut personlig informasjon f\u00f8r du er helt sikker p\u00e5 at du stoler p\u00e5 personen du snakker med.<\/p>\n<p>V\u00e6r ogs\u00e5 forsiktig med \u00e5 dele for mye personlig informasjon. Noen mennesker kan pr\u00f8ve \u00e5 lure deg for penger eller stjele identiteten din. Hold deg p\u00e5 vakt og beskytt deg mot svindlere.<\/p>\n<p>Ikke glem \u00e5 dele dine egne erfaringer med tilfeldig sex. Fortell oss om de beste stedene \u00e5 m\u00f8te mennesker for tilfeldig sex, og la andre f\u00e5 vite hva du har l\u00e6rt.<\/p>\n<p><a href=\"http:\/\/nosesso.net\/why-local-hookup-apps-could-be-right-for-you\/\">Lokale oppkoblinger<\/a> blir stadig mer popul\u00e6re blant singler som er lei av langdistanseforholdsspillet. Det er lett \u00e5 m\u00f8te noen lokale hvis du er villig til \u00e5 anstrenge deg.<\/p>\n<p>For \u00e5 begynne, m\u00e5 du opprette en profil p\u00e5 en datingapp som Tinder eller Bumble. N\u00e5r du har gjort det, kan du bla gjennom profiler til du finner noen som fanger oppmerksomheten din. Deretter kan du sende dem en melding og be dem ut p\u00e5 en date.<\/p>\n<p>Det er viktig \u00e5 huske at online dating-apper ikke bare er for \u00e5 m\u00f8te fremmede; de er ogs\u00e5 et flott sted \u00e5 komme i kontakt med venner og familiemedlemmer. S\u00e5 hvis du leter etter en uformell tilkobling, pr\u00f8v \u00e5 s\u00f8ke etter treff fra telefonen din i stedet for \u00e5 g\u00e5 rett til en bar eller klubb.<\/p>\n<p>N\u00e5r du har funnet noen som virker interessert i deg, kan du bestemme om du vil fortsette \u00e5 snakke med dem. Hvis du ender opp med \u00e5 ha en samtale, s\u00f8rg for \u00e5 f\u00f8lge disse tipsene for \u00e5 unng\u00e5 \u00e5 bli lurt.<\/p>\n","protected":false},"excerpt":{"rendered":"<p>Voksendating er en fin m\u00e5te \u00e5 m\u00f8te nye venner, knytte nye forbindelser og til og med finne kj\u00e6rligheten. Men det er ikke alltid lett \u00e5 komme i gang. Denne guiden vil hjelpe deg \u00e5 l\u00e6re alt du trenger \u00e5 vite om dating for voksne, inkludert: Hvilke datingsider for voksne er tilgjengelige Hvordan velge riktig nettsted &#8230; <a title=\"Sexoppkoblingsguide\" class=\"read-more\" href=\"https:\/\/nosesso.net\/no\/\" aria-label=\"Mer p\u00e5 Sexoppkoblingsguide\">Les mer<\/a><\/p>\n","protected":false},"author":1,"featured_media":0,"parent":0,"menu_order":0,"comment_status":"closed","ping_status":"closed","template":"","meta":[],"yoast_head":"<!-- This site is optimized with the Yoast SEO plugin v17.7.1 - https:\/\/yoast.com\/wordpress\/plugins\/seo\/ -->\n<title>Sexoppkoblingsguide - No Sesso<\/title>\n<meta name=\"robots\" content=\"index, follow, max-snippet:-1, max-image-preview:large, max-video-preview:-1\" \/>\n<link rel=\"canonical\" href=\"https:\/\/nosesso.net\/no\/\" \/>\n<meta property=\"og:locale\" content=\"nb_NO\" \/>\n<meta property=\"og:type\" content=\"article\" \/>\n<meta property=\"og:title\" content=\"Sexoppkoblingsguide - No Sesso\" \/>\n<meta property=\"og:description\" content=\"Voksendating er en fin m\u00e5te \u00e5 m\u00f8te nye venner, knytte nye forbindelser og til og med finne kj\u00e6rligheten. Men det er ikke alltid lett \u00e5 komme i gang. Denne guiden vil hjelpe deg \u00e5 l\u00e6re alt du trenger \u00e5 vite om dating for voksne, inkludert: Hvilke datingsider for voksne er tilgjengelige Hvordan velge riktig nettsted ... Les mer\" \/>\n<meta property=\"og:url\" content=\"https:\/\/nosesso.net\/no\/\" \/>\n<meta property=\"og:site_name\" content=\"No Sesso\" \/>\n<meta property=\"article:modified_time\" content=\"2022-06-30T19:22:18+00:00\" \/>\n<meta property=\"og:image\" content=\"http:\/\/nosesso.net\/wp-content\/uploads\/2022\/06\/online-hookup-sites.jpeg\" \/>\n<meta name=\"twitter:card\" content=\"summary_large_image\" \/>\n<meta name=\"twitter:label1\" content=\"Ansl. lesetid\" \/>\n\t<meta name=\"twitter:data1\" content=\"5 minutter\" \/>\n<script type=\"application\/ld+json\" class=\"yoast-schema-graph\">{\"@context\":\"https:\/\/schema.org\",\"@graph\":[{\"@type\":\"WebSite\",\"@id\":\"https:\/\/nosesso.net\/#website\",\"url\":\"https:\/\/nosesso.net\/\",\"name\":\"No Sesso\",\"description\":\"Real Dating Reviews\",\"potentialAction\":[{\"@type\":\"SearchAction\",\"target\":{\"@type\":\"EntryPoint\",\"urlTemplate\":\"https:\/\/nosesso.net\/?s={search_term_string}\"},\"query-input\":\"required name=search_term_string\"}],\"inLanguage\":\"nb-NO\"},{\"@type\":\"ImageObject\",\"@id\":\"https:\/\/nosesso.net\/no\/#primaryimage\",\"inLanguage\":\"nb-NO\",\"url\":\"http:\/\/nosesso.net\/wp-content\/uploads\/2022\/06\/online-hookup-sites.jpeg\",\"contentUrl\":\"http:\/\/nosesso.net\/wp-content\/uploads\/2022\/06\/online-hookup-sites.jpeg\"},{\"@type\":\"WebPage\",\"@id\":\"https:\/\/nosesso.net\/no\/#webpage\",\"url\":\"https:\/\/nosesso.net\/no\/\",\"name\":\"Sexoppkoblingsguide - No Sesso\",\"isPartOf\":{\"@id\":\"https:\/\/nosesso.net\/#website\"},\"primaryImageOfPage\":{\"@id\":\"https:\/\/nosesso.net\/no\/#primaryimage\"},\"datePublished\":\"2022-06-23T10:41:21+00:00\",\"dateModified\":\"2022-06-30T19:22:18+00:00\",\"breadcrumb\":{\"@id\":\"https:\/\/nosesso.net\/no\/#breadcrumb\"},\"inLanguage\":\"nb-NO\",\"potentialAction\":[{\"@type\":\"ReadAction\",\"target\":[\"https:\/\/nosesso.net\/no\/\"]}]},{\"@type\":\"BreadcrumbList\",\"@id\":\"https:\/\/nosesso.net\/no\/#breadcrumb\",\"itemListElement\":[{\"@type\":\"ListItem\",\"position\":1,\"name\":\"Home\",\"item\":\"https:\/\/nosesso.net\/no\/\"},{\"@type\":\"ListItem\",\"position\":2,\"name\":\"Sexoppkoblingsguide\"}]}]}<\/script>\n<!-- \/ Yoast SEO plugin. -->","yoast_head_json":{"title":"Sexoppkoblingsguide - No Sesso","robots":{"index":"index","follow":"follow","max-snippet":"max-snippet:-1","max-image-preview":"max-image-preview:large","max-video-preview":"max-video-preview:-1"},"canonical":"https:\/\/nosesso.net\/no\/","og_locale":"nb_NO","og_type":"article","og_title":"Sexoppkoblingsguide - No Sesso","og_description":"Voksendating er en fin m\u00e5te \u00e5 m\u00f8te nye venner, knytte nye forbindelser og til og med finne kj\u00e6rligheten. Men det er ikke alltid lett \u00e5 komme i gang. Denne guiden vil hjelpe deg \u00e5 l\u00e6re alt du trenger \u00e5 vite om dating for voksne, inkludert: Hvilke datingsider for voksne er tilgjengelige Hvordan velge riktig nettsted ... Les mer","og_url":"https:\/\/nosesso.net\/no\/","og_site_name":"No Sesso","article_modified_time":"2022-06-30T19:22:18+00:00","og_image":[{"url":"http:\/\/nosesso.net\/wp-content\/uploads\/2022\/06\/online-hookup-sites.jpeg"}],"twitter_card":"summary_large_image","twitter_misc":{"Ansl. lesetid":"5 minutter"},"schema":{"@context":"https:\/\/schema.org","@graph":[{"@type":"WebSite","@id":"https:\/\/nosesso.net\/#website","url":"https:\/\/nosesso.net\/","name":"No Sesso","description":"Real Dating Reviews","potentialAction":[{"@type":"SearchAction","target":{"@type":"EntryPoint","urlTemplate":"https:\/\/nosesso.net\/?s={search_term_string}"},"query-input":"required name=search_term_string"}],"inLanguage":"nb-NO"},{"@type":"ImageObject","@id":"https:\/\/nosesso.net\/no\/#primaryimage","inLanguage":"nb-NO","url":"http:\/\/nosesso.net\/wp-content\/uploads\/2022\/06\/online-hookup-sites.jpeg","contentUrl":"http:\/\/nosesso.net\/wp-content\/uploads\/2022\/06\/online-hookup-sites.jpeg"},{"@type":"WebPage","@id":"https:\/\/nosesso.net\/no\/#webpage","url":"https:\/\/nosesso.net\/no\/","name":"Sexoppkoblingsguide - No Sesso","isPartOf":{"@id":"https:\/\/nosesso.net\/#website"},"primaryImageOfPage":{"@id":"https:\/\/nosesso.net\/no\/#primaryimage"},"datePublished":"2022-06-23T10:41:21+00:00","dateModified":"2022-06-30T19:22:18+00:00","breadcrumb":{"@id":"https:\/\/nosesso.net\/no\/#breadcrumb"},"inLanguage":"nb-NO","potentialAction":[{"@type":"ReadAction","target":["https:\/\/nosesso.net\/no\/"]}]},{"@type":"BreadcrumbList","@id":"https:\/\/nosesso.net\/no\/#breadcrumb","itemListElement":[{"@type":"ListItem","position":1,"name":"Home","item":"https:\/\/nosesso.net\/no\/"},{"@type":"ListItem","position":2,"name":"Sexoppkoblingsguide"}]}]}},"_links":{"self":[{"href":"https:\/\/nosesso.net\/no\/wp-json\/wp\/v2\/pages\/259"}],"collection":[{"href":"https:\/\/nosesso.net\/no\/wp-json\/wp\/v2\/pages"}],"about":[{"href":"https:\/\/nosesso.net\/no\/wp-json\/wp\/v2\/types\/page"}],"author":[{"embeddable":true,"href":"https:\/\/nosesso.net\/no\/wp-json\/wp\/v2\/users\/1"}],"replies":[{"embeddable":true,"href":"https:\/\/nosesso.net\/no\/wp-json\/wp\/v2\/comments?post=259"}],"version-history":[{"count":1,"href":"https:\/\/nosesso.net\/no\/wp-json\/wp\/v2\/pages\/259\/revisions"}],"predecessor-version":[{"id":264,"href":"https:\/\/nosesso.net\/no\/wp-json\/wp\/v2\/pages\/259\/revisions\/264"}],"wp:attachment":[{"href":"https:\/\/nosesso.net\/no\/wp-json\/wp\/v2\/media?parent=259"}],"curies":[{"name":"wp","href":"https:\/\/api.w.org\/{rel}","templated":true}]}}