{"id":229,"date":"2022-06-23T11:51:14","date_gmt":"2022-06-23T10:51:14","guid":{"rendered":"http:\/\/nosesso.net\/lokalne-punkty-zaczepienia\/"},"modified":"2022-06-23T11:51:14","modified_gmt":"2022-06-23T10:51:14","slug":"lokalne-punkty-zaczepienia","status":"publish","type":"page","link":"https:\/\/nosesso.net\/pl\/lokalne-punkty-zaczepienia\/","title":{"rendered":"Lokalne punkty zaczepienia"},"content":{"rendered":"<p>Pod\u0142\u0105czanie si\u0119 jest zabawne, ekscytuj\u0105ce, a czasem nawet romantyczne. Ale je\u015bli szukasz lokalnego miejsca do pod\u0142\u0105czenia, mo\u017cesz by\u0107 rozczarowany. To dlatego, \u017ce <a href=\"http:\/\/nosesso.net\/free-casual-sex-dating-sites\/\">wi\u0119kszo\u015b\u0107 aplikacji do pod\u0142\u0105czania<\/a> ma na celu \u0142\u0105czenie os\u00f3b, kt\u00f3re s\u0105 daleko od siebie.<\/p>\n<p>Ale jest wiele miejsc, w kt\u00f3rych mo\u017cna spotka\u0107 kogo\u015b w pobli\u017cu. Niezale\u017cnie od tego, czy szukasz przypadkowego seksu, czy zwi\u0105zku, te lokalizacje oferuj\u0105 bezpieczne \u015brodowisko, w kt\u00f3rym mo\u017cesz cieszy\u0107 si\u0119 sob\u0105 bez martwienia si\u0119 o os\u0105d lub odrzucenie.<\/p>\n<p><img loading=\"lazy\" class=\"aligncenter size-full wp-image-54\" src=\"http:\/\/nosesso.net\/wp-content\/uploads\/2022\/06\/find-dates.jpeg\" alt=\"\" width=\"500\" height=\"750\" srcset=\"https:\/\/nosesso.net\/wp-content\/uploads\/2022\/06\/find-dates.jpeg 500w, https:\/\/nosesso.net\/wp-content\/uploads\/2022\/06\/find-dates-200x300.jpeg 200w\" sizes=\"(max-width: 500px) 100vw, 500px\" \/><\/p>\n<p>Oto pi\u0119\u0107 popularnych miejsc do pod\u0142\u0105czenia w pobli\u017cu:<\/p>\n<h3>1. Parki publiczne<\/h3>\n<p>Parki publiczne s\u0105 idealne na spotkania z singlami. Nie ma \u017cadnych zasad ani oczekiwa\u0144, wi\u0119c mo\u017cesz po prostu odpocz\u0105\u0107 i dobrze si\u0119 bawi\u0107. Dodatkowo, prawdopodobnie natkniesz si\u0119 na wielu innych ludzi robi\u0105cych to samo.<\/p>\n<h3>2. Bary<\/h3>\n<p>Bary to kolejne \u015bwietne miejsce na poznawanie ludzi. Ludzie maj\u0105 tendencj\u0119 do sp\u0119dzania czasu w barach po pracy, wi\u0119c \u0142atwo jest nawi\u0105za\u0107 rozmowy z nieznajomymi.<\/p>\n<h3>3. Kawiarnie<\/h3>\n<p>Kawiarnie to \u015bwietne miejsce na poznanie ludzi, zw\u0142aszcza je\u015bli szukasz czego\u015b powa\u017cnego. Jest to ustawienie niskiego ci\u015bnienia, wi\u0119c mo\u017cesz swobodnie i otwarcie rozmawia\u0107 o wszystkim.<\/p>\n<h3>4. Biblioteki<\/h3>\n<p>Biblioteki s\u0105 doskona\u0142ym miejscem do <a href=\"http:\/\/nosesso.net\/where-to-find-people-of-similar-interests\/\">znalezienia mi\u0142o\u015bci<\/a>. S\u0105 nie tylko bezp\u0142atne, ale tak\u017ce ciche i relaksuj\u0105ce. A poniewa\u017c jeste\u015b otoczony ksi\u0105\u017ckami, poczujesz si\u0119 bardziej komfortowo rozmawiaj\u0105c o osobistych tematach.<\/p>\n<h3>5. Hotele<\/h3>\n<p>Hotele s\u0105 doskona\u0142ym miejscem, je\u015bli szukasz samotnego czasu. Mo\u017cesz mie\u0107 prywatno\u015b\u0107 i nadal by\u0107 wystarczaj\u0105co blisko innych ludzi, aby \u0142atwo pozna\u0107 nowych przyjaci\u00f3\u0142.<\/p>\n<p>Niezale\u017cnie od tego, czy szukasz jednej nocy, czy d\u0142ugoterminowego zwi\u0105zku, te miejsca s\u0105 \u015bwietn\u0105 opcj\u0105.<\/p>\n<h3>6. Aplikacje randkowe<\/h3>\n<p>Obecnie dost\u0119pnych jest wiele r\u00f3\u017cnych rodzaj\u00f3w serwis\u00f3w randkowych, w tym te, kt\u00f3re koncentruj\u0105 si\u0119 na okre\u015blonych grupach wiekowych, grupach etnicznych i lokalizacjach. Niekt\u00f3re witryny koncentruj\u0105 si\u0119 wy\u0142\u0105cznie na relacjach z doros\u0142ymi, podczas gdy inne zaspokajaj\u0105 potrzeby wszystkich, od nastolatk\u00f3w po senior\u00f3w.<\/p>\n<p>Niezale\u017cnie od tego, gdzie zdecydujesz si\u0119 zarejestrowa\u0107, upewnij si\u0119, \u017ce wybierasz renomowan\u0105 us\u0142ug\u0119. Sprawd\u017a recenzje i oceny, aby ustali\u0107, czy dana witryna ma reputacj\u0119 godnej zaufania. We\u017a r\u00f3wnie\u017c pod uwag\u0119 koszt cz\u0142onkostwa; je\u015bli zamierzasz zap\u0142aci\u0107 za subskrypcj\u0119, r\u00f3wnie dobrze mo\u017cesz uzyska\u0107 warto\u015b\u0107 za swoje pieni\u0105dze.<\/p>\n<p>Po zarejestrowaniu si\u0119 otrzymasz e-maile z witryny z pro\u015bb\u0105 o wype\u0142nienie pyta\u0144 profilowych i przes\u0142anie zdj\u0119\u0107. Po wykonaniu tych zada\u0144 b\u0119dziesz m\u00f3g\u0142 przegl\u0105da\u0107 profile innych cz\u0142onk\u00f3w. Nast\u0119pnie mo\u017cesz wys\u0142a\u0107 wiadomo\u015b\u0107 do dowolnej osoby, z kt\u00f3r\u0105 chcesz si\u0119 spotka\u0107.<\/p>\n<p>Po znalezieniu kogo\u015b, z kim chcesz porozmawia\u0107, mo\u017cesz um\u00f3wi\u0107 si\u0119 na osobiste spotkanie. Serwisy randkowe zazwyczaj oferuj\u0105 cz\u0142onkom r\u00f3\u017cne sposoby komunikowania si\u0119 ze sob\u0105, w tym wiadomo\u015bci tekstowe, rozmowy telefoniczne, czaty wideo i wiadomo\u015bci b\u0142yskawiczne.<\/p>\n<p>Najcz\u0119stsz\u0105 metod\u0105 komunikacji jest komunikacja za po\u015brednictwem wiadomo\u015bci tekstowych. Jednak niekt\u00f3re witryny umo\u017cliwiaj\u0105 r\u00f3wnie\u017c cz\u0142onkom wysy\u0142anie wiadomo\u015bci g\u0142osowych lub u\u017cywanie aplikacji do nagrywania wiadomo\u015bci audio. Im wi\u0119cej masz opcji, tym \u0142atwiej b\u0119dzie ustali\u0107 daty z innymi cz\u0142onkami.<\/p>\n","protected":false},"excerpt":{"rendered":"<p>Pod\u0142\u0105czanie si\u0119 jest zabawne, ekscytuj\u0105ce, a czasem nawet romantyczne. Ale je\u015bli szukasz lokalnego miejsca do pod\u0142\u0105czenia, mo\u017cesz by\u0107 rozczarowany. To dlatego, \u017ce wi\u0119kszo\u015b\u0107 aplikacji do pod\u0142\u0105czania ma na celu \u0142\u0105czenie os\u00f3b, kt\u00f3re s\u0105 daleko od siebie. Ale jest wiele miejsc, w kt\u00f3rych mo\u017cna spotka\u0107 kogo\u015b w pobli\u017cu. Niezale\u017cnie od tego, czy szukasz przypadkowego seksu, czy &#8230; <a title=\"Lokalne punkty zaczepienia\" class=\"read-more\" href=\"https:\/\/nosesso.net\/pl\/lokalne-punkty-zaczepienia\/\" aria-label=\"More on Lokalne punkty zaczepienia\">Czytaj dalej<\/a><\/p>\n","protected":false},"author":1,"featured_media":0,"parent":0,"menu_order":0,"comment_status":"closed","ping_status":"closed","template":"","meta":[],"yoast_head":"<!-- This site is optimized with the Yoast SEO plugin v17.7.1 - https:\/\/yoast.com\/wordpress\/plugins\/seo\/ -->\n<title>Lokalne punkty zaczepienia - No Sesso<\/title>\n<meta name=\"robots\" content=\"index, follow, max-snippet:-1, max-image-preview:large, max-video-preview:-1\" \/>\n<link rel=\"canonical\" href=\"https:\/\/nosesso.net\/pl\/lokalne-punkty-zaczepienia\/\" \/>\n<meta property=\"og:locale\" content=\"pl_PL\" \/>\n<meta property=\"og:type\" content=\"article\" \/>\n<meta property=\"og:title\" content=\"Lokalne punkty zaczepienia - No Sesso\" \/>\n<meta property=\"og:description\" content=\"Pod\u0142\u0105czanie si\u0119 jest zabawne, ekscytuj\u0105ce, a czasem nawet romantyczne. Ale je\u015bli szukasz lokalnego miejsca do pod\u0142\u0105czenia, mo\u017cesz by\u0107 rozczarowany. To dlatego, \u017ce wi\u0119kszo\u015b\u0107 aplikacji do pod\u0142\u0105czania ma na celu \u0142\u0105czenie os\u00f3b, kt\u00f3re s\u0105 daleko od siebie. Ale jest wiele miejsc, w kt\u00f3rych mo\u017cna spotka\u0107 kogo\u015b w pobli\u017cu. Niezale\u017cnie od tego, czy szukasz przypadkowego seksu, czy ... Czytaj dalej\" \/>\n<meta property=\"og:url\" content=\"https:\/\/nosesso.net\/pl\/lokalne-punkty-zaczepienia\/\" \/>\n<meta property=\"og:site_name\" content=\"No Sesso\" \/>\n<meta property=\"og:image\" content=\"http:\/\/nosesso.net\/wp-content\/uploads\/2022\/06\/find-dates.jpeg\" \/>\n<meta name=\"twitter:card\" content=\"summary_large_image\" \/>\n<meta name=\"twitter:label1\" content=\"Szacowany czas czytania\" \/>\n\t<meta name=\"twitter:data1\" content=\"3 minuty\" \/>\n<script type=\"application\/ld+json\" class=\"yoast-schema-graph\">{\"@context\":\"https:\/\/schema.org\",\"@graph\":[{\"@type\":\"WebSite\",\"@id\":\"https:\/\/nosesso.net\/#website\",\"url\":\"https:\/\/nosesso.net\/\",\"name\":\"No Sesso\",\"description\":\"Real Dating Reviews\",\"potentialAction\":[{\"@type\":\"SearchAction\",\"target\":{\"@type\":\"EntryPoint\",\"urlTemplate\":\"https:\/\/nosesso.net\/?s={search_term_string}\"},\"query-input\":\"required name=search_term_string\"}],\"inLanguage\":\"pl-PL\"},{\"@type\":\"ImageObject\",\"@id\":\"https:\/\/nosesso.net\/pl\/lokalne-punkty-zaczepienia\/#primaryimage\",\"inLanguage\":\"pl-PL\",\"url\":\"http:\/\/nosesso.net\/wp-content\/uploads\/2022\/06\/find-dates.jpeg\",\"contentUrl\":\"http:\/\/nosesso.net\/wp-content\/uploads\/2022\/06\/find-dates.jpeg\"},{\"@type\":\"WebPage\",\"@id\":\"https:\/\/nosesso.net\/pl\/lokalne-punkty-zaczepienia\/#webpage\",\"url\":\"https:\/\/nosesso.net\/pl\/lokalne-punkty-zaczepienia\/\",\"name\":\"Lokalne punkty zaczepienia - No Sesso\",\"isPartOf\":{\"@id\":\"https:\/\/nosesso.net\/#website\"},\"primaryImageOfPage\":{\"@id\":\"https:\/\/nosesso.net\/pl\/lokalne-punkty-zaczepienia\/#primaryimage\"},\"datePublished\":\"2022-06-23T10:51:14+00:00\",\"dateModified\":\"2022-06-23T10:51:14+00:00\",\"breadcrumb\":{\"@id\":\"https:\/\/nosesso.net\/pl\/lokalne-punkty-zaczepienia\/#breadcrumb\"},\"inLanguage\":\"pl-PL\",\"potentialAction\":[{\"@type\":\"ReadAction\",\"target\":[\"https:\/\/nosesso.net\/pl\/lokalne-punkty-zaczepienia\/\"]}]},{\"@type\":\"BreadcrumbList\",\"@id\":\"https:\/\/nosesso.net\/pl\/lokalne-punkty-zaczepienia\/#breadcrumb\",\"itemListElement\":[{\"@type\":\"ListItem\",\"position\":1,\"name\":\"Home\",\"item\":\"http:\/\/nosesso.net\/pl\/\"},{\"@type\":\"ListItem\",\"position\":2,\"name\":\"Lokalne punkty zaczepienia\"}]}]}<\/script>\n<!-- \/ Yoast SEO plugin. -->","yoast_head_json":{"title":"Lokalne punkty zaczepienia - No Sesso","robots":{"index":"index","follow":"follow","max-snippet":"max-snippet:-1","max-image-preview":"max-image-preview:large","max-video-preview":"max-video-preview:-1"},"canonical":"https:\/\/nosesso.net\/pl\/lokalne-punkty-zaczepienia\/","og_locale":"pl_PL","og_type":"article","og_title":"Lokalne punkty zaczepienia - No Sesso","og_description":"Pod\u0142\u0105czanie si\u0119 jest zabawne, ekscytuj\u0105ce, a czasem nawet romantyczne. Ale je\u015bli szukasz lokalnego miejsca do pod\u0142\u0105czenia, mo\u017cesz by\u0107 rozczarowany. To dlatego, \u017ce wi\u0119kszo\u015b\u0107 aplikacji do pod\u0142\u0105czania ma na celu \u0142\u0105czenie os\u00f3b, kt\u00f3re s\u0105 daleko od siebie. Ale jest wiele miejsc, w kt\u00f3rych mo\u017cna spotka\u0107 kogo\u015b w pobli\u017cu. Niezale\u017cnie od tego, czy szukasz przypadkowego seksu, czy ... Czytaj dalej","og_url":"https:\/\/nosesso.net\/pl\/lokalne-punkty-zaczepienia\/","og_site_name":"No Sesso","og_image":[{"url":"http:\/\/nosesso.net\/wp-content\/uploads\/2022\/06\/find-dates.jpeg"}],"twitter_card":"summary_large_image","twitter_misc":{"Szacowany czas czytania":"3 minuty"},"schema":{"@context":"https:\/\/schema.org","@graph":[{"@type":"WebSite","@id":"https:\/\/nosesso.net\/#website","url":"https:\/\/nosesso.net\/","name":"No Sesso","description":"Real Dating Reviews","potentialAction":[{"@type":"SearchAction","target":{"@type":"EntryPoint","urlTemplate":"https:\/\/nosesso.net\/?s={search_term_string}"},"query-input":"required name=search_term_string"}],"inLanguage":"pl-PL"},{"@type":"ImageObject","@id":"https:\/\/nosesso.net\/pl\/lokalne-punkty-zaczepienia\/#primaryimage","inLanguage":"pl-PL","url":"http:\/\/nosesso.net\/wp-content\/uploads\/2022\/06\/find-dates.jpeg","contentUrl":"http:\/\/nosesso.net\/wp-content\/uploads\/2022\/06\/find-dates.jpeg"},{"@type":"WebPage","@id":"https:\/\/nosesso.net\/pl\/lokalne-punkty-zaczepienia\/#webpage","url":"https:\/\/nosesso.net\/pl\/lokalne-punkty-zaczepienia\/","name":"Lokalne punkty zaczepienia - No Sesso","isPartOf":{"@id":"https:\/\/nosesso.net\/#website"},"primaryImageOfPage":{"@id":"https:\/\/nosesso.net\/pl\/lokalne-punkty-zaczepienia\/#primaryimage"},"datePublished":"2022-06-23T10:51:14+00:00","dateModified":"2022-06-23T10:51:14+00:00","breadcrumb":{"@id":"https:\/\/nosesso.net\/pl\/lokalne-punkty-zaczepienia\/#breadcrumb"},"inLanguage":"pl-PL","potentialAction":[{"@type":"ReadAction","target":["https:\/\/nosesso.net\/pl\/lokalne-punkty-zaczepienia\/"]}]},{"@type":"BreadcrumbList","@id":"https:\/\/nosesso.net\/pl\/lokalne-punkty-zaczepienia\/#breadcrumb","itemListElement":[{"@type":"ListItem","position":1,"name":"Home","item":"http:\/\/nosesso.net\/pl\/"},{"@type":"ListItem","position":2,"name":"Lokalne punkty zaczepienia"}]}]}},"_links":{"self":[{"href":"https:\/\/nosesso.net\/pl\/wp-json\/wp\/v2\/pages\/229"}],"collection":[{"href":"https:\/\/nosesso.net\/pl\/wp-json\/wp\/v2\/pages"}],"about":[{"href":"https:\/\/nosesso.net\/pl\/wp-json\/wp\/v2\/types\/page"}],"author":[{"embeddable":true,"href":"https:\/\/nosesso.net\/pl\/wp-json\/wp\/v2\/users\/1"}],"replies":[{"embeddable":true,"href":"https:\/\/nosesso.net\/pl\/wp-json\/wp\/v2\/comments?post=229"}],"version-history":[{"count":0,"href":"https:\/\/nosesso.net\/pl\/wp-json\/wp\/v2\/pages\/229\/revisions"}],"wp:attachment":[{"href":"https:\/\/nosesso.net\/pl\/wp-json\/wp\/v2\/media?parent=229"}],"curies":[{"name":"wp","href":"https:\/\/api.w.org\/{rel}","templated":true}]}}