{"id":230,"date":"2022-06-23T11:49:10","date_gmt":"2022-06-23T10:49:10","guid":{"rendered":"http:\/\/nosesso.net\/gdzie-znalezc-osoby-o-podobnych-zainteresowaniach\/"},"modified":"2022-06-23T11:49:10","modified_gmt":"2022-06-23T10:49:10","slug":"gdzie-znalezc-osoby-o-podobnych-zainteresowaniach","status":"publish","type":"page","link":"https:\/\/nosesso.net\/pl\/gdzie-znalezc-osoby-o-podobnych-zainteresowaniach\/","title":{"rendered":"Gdzie znale\u017a\u0107 osoby o podobnych zainteresowaniach"},"content":{"rendered":"<p>Mo\u017cesz tak\u017ce spotka\u0107 osoby, kt\u00f3re maj\u0105 podobne zainteresowania. Na przyk\u0142ad mo\u017cesz do\u0142\u0105czy\u0107 do czatu grupowego, w kt\u00f3rym wszyscy maj\u0105 te same hobby lub pasje. Te grupy to \u015bwietny spos\u00f3b na poznanie os\u00f3b, kt\u00f3re podzielaj\u0105 Twoje zainteresowania, i mo\u017cesz \u0142atwo przegl\u0105da\u0107 tematy, aby znale\u017a\u0107 dok\u0142adnie to, czego szukasz.<\/p>\n<p>Opr\u00f3cz znajdowania os\u00f3b o wsp\u00f3lnych zainteresowaniach, mo\u017cesz tak\u017ce znale\u017a\u0107 osoby, kt\u00f3re szukaj\u0105 przyjaci\u00f3\u0142. Wiele witryn oferuje bezp\u0142atne pokoje rozm\u00f3w, a to \u015bwietny spos\u00f3b na znalezienie nowych przyjaci\u00f3\u0142. Mo\u017cesz tak\u017ce utworzy\u0107 w\u0142asny prywatny pok\u00f3j rozm\u00f3w i zaprosi\u0107 tylko te osoby, z kt\u00f3rymi chcesz sp\u0119dzi\u0107 czas.<\/p>\n<p><img loading=\"lazy\" class=\"aligncenter wp-image-53\" src=\"http:\/\/nosesso.net\/wp-content\/uploads\/2022\/06\/love-image-online-1024x683.webp\" alt=\"\" width=\"653\" height=\"435\" srcset=\"https:\/\/nosesso.net\/wp-content\/uploads\/2022\/06\/love-image-online-1024x683.webp 1024w, https:\/\/nosesso.net\/wp-content\/uploads\/2022\/06\/love-image-online-300x200.webp 300w, https:\/\/nosesso.net\/wp-content\/uploads\/2022\/06\/love-image-online-768x512.webp 768w, https:\/\/nosesso.net\/wp-content\/uploads\/2022\/06\/love-image-online.webp 1125w\" sizes=\"(max-width: 653px) 100vw, 653px\" \/><\/p>\n<h2>Czaty czy aplikacje randkowe?<\/h2>\n<p>Najwi\u0119ksz\u0105 zalet\u0105 do\u0142\u0105czenia do pokoju rozm\u00f3w dla doros\u0142ych jest to, \u017ce mo\u017cesz si\u0119 przy tym dobrze bawi\u0107. Gdy wchodzisz do pokoju rozm\u00f3w, mo\u017cesz s\u0142ucha\u0107 muzyki lub ogl\u0105da\u0107 filmy. Mo\u017cesz tak\u017ce gra\u0107 w gry lub czyta\u0107 ksi\u0105\u017cki, a nawet bra\u0107 udzia\u0142 w ankietach lub ankietach.<\/p>\n<p>Podczas rozmowy mo\u017cesz tak\u017ce wysy\u0142a\u0107 wiadomo\u015bci do innych cz\u0142onk\u00f3w. Mo\u017cesz zadawa\u0107 im pytania, opowiada\u0107 im o sobie lub po prostu si\u0119 przywita\u0107. Mo\u017cesz tak\u017ce doda\u0107 znajomych do listy kontakt\u00f3w, co oznacza, \u017ce mo\u017cesz pozosta\u0107 z nimi w kontakcie nawet po opuszczeniu pokoju rozm\u00f3w.<\/p>\n<p>Podsumowuj\u0105c, pokoje rozm\u00f3w dla doros\u0142ych to \u015bwietny spos\u00f3b na poznanie nowych przyjaci\u00f3\u0142, odkrywanie nowych zainteresowa\u0144 i jednoczesn\u0105 dobr\u0105 zabaw\u0119. S\u0105 r\u00f3wnie\u017c \u015bwietnym sposobem na poznanie nowych ludzi i zawsze mo\u017cesz znale\u017a\u0107 co\u015b do zrobienia, gdy odwiedzasz pok\u00f3j rozm\u00f3w.<\/p>\n<h2>Aplikacje randkowe online mog\u0105 by\u0107 najlepsze<\/h2>\n<p>Sex meet to termin u\u017cywany do opisania internetowych serwis\u00f3w randkowych, w kt\u00f3rych cz\u0142onkowie mog\u0105 \u0142\u0105czy\u0107 si\u0119 z innymi, kt\u00f3rzy maj\u0105 podobne zainteresowania. Obecnie dost\u0119pnych jest wiele witryn spotka\u0144 seksualnych, w tym AdultFriendFinder, Ashley Madison i Match.com. Witryny te umo\u017cliwiaj\u0105 cz\u0142onkom przegl\u0105danie profili innych cz\u0142onk\u00f3w, wysy\u0142anie wiadomo\u015bci i ustalanie dat.<\/p>\n<p>Chocia\u017c tego typu witryny s\u0105 bezp\u0142atne, wymagaj\u0105 p\u0142atnej subskrypcji, aby uzyska\u0107 dost\u0119p do niekt\u00f3rych funkcji. Na przyk\u0142ad wi\u0119kszo\u015b\u0107 witryn oferuje opcje cz\u0142onkostwa premium, kt\u00f3re obejmuj\u0105 dodatkowe funkcje przesy\u0142ania wiadomo\u015bci, zaawansowane filtry wyszukiwania i ulepszone widoki profilu.<\/p>\n<p>Istnieje kilka korzy\u015bci z rejestracji na stronie spotka\u0144 seksualnych. Po pierwsze, mo\u017cesz \u0142atwo znale\u017a\u0107 kogo\u015b, kto podziela twoje preferencje seksualne. Po drugie, mo\u017cesz <a href=\"http:\/\/nosesso.net\/free-hookup-sites\/\">komunikowa\u0107 si\u0119 z potencjalnymi partnerami<\/a> bez konieczno\u015bci p\u0142acenia za drogie po\u0142\u0105czenia telefoniczne lub wiadomo\u015bci tekstowe. Po trzecie, mo\u017cesz zaoszcz\u0119dzi\u0107 pieni\u0105dze, spotykaj\u0105c ludzi za po\u015brednictwem spo\u0142eczno\u015bci, zamiast p\u0142aci\u0107 za poszczeg\u00f3lne us\u0142ugi.<\/p>\n<p>\u0141atwo jest r\u00f3wnie\u017c do\u0142\u0105czy\u0107 do strony spotka\u0144 seksualnych. Wystarczy utworzy\u0107 profil i przes\u0142a\u0107 zdj\u0119cia. Nast\u0119pnie poszukaj os\u00f3b, kt\u00f3re podzielaj\u0105 Twoje zainteresowania i wysy\u0142aj im wiadomo\u015bci bezpo\u015brednio. To takie proste!<\/p>\n<h2>A co z lokalnymi pod\u0142\u0105czeniami?<\/h2>\n<p>Lokalne po\u0142\u0105czenia staj\u0105 si\u0119 coraz bardziej popularne w\u015br\u00f3d singli, kt\u00f3rzy s\u0105 zm\u0119czeni tymi samymi starymi internetowymi serwisami randkowymi. Te witryny nie zawsze s\u0105 skuteczne i mog\u0105 by\u0107 drogie, je\u015bli p\u0142acisz za sk\u0142adki cz\u0142onkowskie co miesi\u0105c.<\/p>\n<p>Zamiast p\u0142aci\u0107 miesi\u0119czne op\u0142aty, wypr\u00f3buj <a href=\"http:\/\/nosesso.net\/free-casual-sex-dating-sites\/\">lokalne aplikacje do pod\u0142\u0105czania<\/a> . Te aplikacje pozwalaj\u0105 spotka\u0107 innych singli w pobli\u017cu i zwykle mo\u017cna si\u0119 z nimi po\u0142\u0105czy\u0107 w ci\u0105gu kilku minut. O wiele \u0142atwiej jest spotka\u0107 kogo\u015b lokalnie ni\u017c za po\u015brednictwem aplikacji, kt\u00f3ra wymaga podr\u00f3\u017cowania na du\u017ce odleg\u0142o\u015bci.<\/p>\n<p>Dost\u0119pnych jest wiele r\u00f3\u017cnych rodzaj\u00f3w lokalnych aplikacji do pod\u0142\u0105czania, w tym Tinder, Bumble, Hinge i Plenty of Fish. Ka\u017cdy z nich ma swoje unikalne cechy, wi\u0119c wybierz ten, kt\u00f3ry najlepiej odpowiada Twoim potrzebom. Na przyk\u0142ad Tinder pozwala przesuwa\u0107 palcem w lewo lub w prawo, aby zdecydowa\u0107, czy chcesz porozmawia\u0107 z innym u\u017cytkownikiem.<\/p>\n<p>Po znalezieniu lokalnej aplikacji do pod\u0142\u0105czania, kt\u00f3ra dzia\u0142a dla Ciebie, zarejestruj si\u0119 i zacznij poznawa\u0107 nowych ludzi ju\u017c dzi\u015b!<\/p>\n","protected":false},"excerpt":{"rendered":"<p>Mo\u017cesz tak\u017ce spotka\u0107 osoby, kt\u00f3re maj\u0105 podobne zainteresowania. Na przyk\u0142ad mo\u017cesz do\u0142\u0105czy\u0107 do czatu grupowego, w kt\u00f3rym wszyscy maj\u0105 te same hobby lub pasje. Te grupy to \u015bwietny spos\u00f3b na poznanie os\u00f3b, kt\u00f3re podzielaj\u0105 Twoje zainteresowania, i mo\u017cesz \u0142atwo przegl\u0105da\u0107 tematy, aby znale\u017a\u0107 dok\u0142adnie to, czego szukasz. Opr\u00f3cz znajdowania os\u00f3b o wsp\u00f3lnych zainteresowaniach, mo\u017cesz tak\u017ce &#8230; <a title=\"Gdzie znale\u017a\u0107 osoby o podobnych zainteresowaniach\" class=\"read-more\" href=\"https:\/\/nosesso.net\/pl\/gdzie-znalezc-osoby-o-podobnych-zainteresowaniach\/\" aria-label=\"More on Gdzie znale\u017a\u0107 osoby o podobnych zainteresowaniach\">Czytaj dalej<\/a><\/p>\n","protected":false},"author":1,"featured_media":0,"parent":0,"menu_order":0,"comment_status":"closed","ping_status":"closed","template":"","meta":[],"yoast_head":"<!-- This site is optimized with the Yoast SEO plugin v17.7.1 - https:\/\/yoast.com\/wordpress\/plugins\/seo\/ -->\n<title>Gdzie znale\u017a\u0107 osoby o podobnych zainteresowaniach - No Sesso<\/title>\n<meta name=\"robots\" content=\"index, follow, max-snippet:-1, max-image-preview:large, max-video-preview:-1\" \/>\n<link rel=\"canonical\" href=\"https:\/\/nosesso.net\/pl\/gdzie-znalezc-osoby-o-podobnych-zainteresowaniach\/\" \/>\n<meta property=\"og:locale\" content=\"pl_PL\" \/>\n<meta property=\"og:type\" content=\"article\" \/>\n<meta property=\"og:title\" content=\"Gdzie znale\u017a\u0107 osoby o podobnych zainteresowaniach - No Sesso\" \/>\n<meta property=\"og:description\" content=\"Mo\u017cesz tak\u017ce spotka\u0107 osoby, kt\u00f3re maj\u0105 podobne zainteresowania. Na przyk\u0142ad mo\u017cesz do\u0142\u0105czy\u0107 do czatu grupowego, w kt\u00f3rym wszyscy maj\u0105 te same hobby lub pasje. Te grupy to \u015bwietny spos\u00f3b na poznanie os\u00f3b, kt\u00f3re podzielaj\u0105 Twoje zainteresowania, i mo\u017cesz \u0142atwo przegl\u0105da\u0107 tematy, aby znale\u017a\u0107 dok\u0142adnie to, czego szukasz. Opr\u00f3cz znajdowania os\u00f3b o wsp\u00f3lnych zainteresowaniach, mo\u017cesz tak\u017ce ... Czytaj dalej\" \/>\n<meta property=\"og:url\" content=\"https:\/\/nosesso.net\/pl\/gdzie-znalezc-osoby-o-podobnych-zainteresowaniach\/\" \/>\n<meta property=\"og:site_name\" content=\"No Sesso\" \/>\n<meta property=\"og:image\" content=\"http:\/\/nosesso.net\/wp-content\/uploads\/2022\/06\/love-image-online-1024x683.webp\" \/>\n<meta name=\"twitter:card\" content=\"summary_large_image\" \/>\n<meta name=\"twitter:label1\" content=\"Szacowany czas czytania\" \/>\n\t<meta name=\"twitter:data1\" content=\"3 minuty\" \/>\n<script type=\"application\/ld+json\" class=\"yoast-schema-graph\">{\"@context\":\"https:\/\/schema.org\",\"@graph\":[{\"@type\":\"WebSite\",\"@id\":\"https:\/\/nosesso.net\/#website\",\"url\":\"https:\/\/nosesso.net\/\",\"name\":\"No Sesso\",\"description\":\"Real Dating Reviews\",\"potentialAction\":[{\"@type\":\"SearchAction\",\"target\":{\"@type\":\"EntryPoint\",\"urlTemplate\":\"https:\/\/nosesso.net\/?s={search_term_string}\"},\"query-input\":\"required name=search_term_string\"}],\"inLanguage\":\"pl-PL\"},{\"@type\":\"ImageObject\",\"@id\":\"https:\/\/nosesso.net\/pl\/gdzie-znalezc-osoby-o-podobnych-zainteresowaniach\/#primaryimage\",\"inLanguage\":\"pl-PL\",\"url\":\"http:\/\/nosesso.net\/wp-content\/uploads\/2022\/06\/love-image-online-1024x683.webp\",\"contentUrl\":\"http:\/\/nosesso.net\/wp-content\/uploads\/2022\/06\/love-image-online-1024x683.webp\"},{\"@type\":\"WebPage\",\"@id\":\"https:\/\/nosesso.net\/pl\/gdzie-znalezc-osoby-o-podobnych-zainteresowaniach\/#webpage\",\"url\":\"https:\/\/nosesso.net\/pl\/gdzie-znalezc-osoby-o-podobnych-zainteresowaniach\/\",\"name\":\"Gdzie znale\\u017a\\u0107 osoby o podobnych zainteresowaniach - No Sesso\",\"isPartOf\":{\"@id\":\"https:\/\/nosesso.net\/#website\"},\"primaryImageOfPage\":{\"@id\":\"https:\/\/nosesso.net\/pl\/gdzie-znalezc-osoby-o-podobnych-zainteresowaniach\/#primaryimage\"},\"datePublished\":\"2022-06-23T10:49:10+00:00\",\"dateModified\":\"2022-06-23T10:49:10+00:00\",\"breadcrumb\":{\"@id\":\"https:\/\/nosesso.net\/pl\/gdzie-znalezc-osoby-o-podobnych-zainteresowaniach\/#breadcrumb\"},\"inLanguage\":\"pl-PL\",\"potentialAction\":[{\"@type\":\"ReadAction\",\"target\":[\"https:\/\/nosesso.net\/pl\/gdzie-znalezc-osoby-o-podobnych-zainteresowaniach\/\"]}]},{\"@type\":\"BreadcrumbList\",\"@id\":\"https:\/\/nosesso.net\/pl\/gdzie-znalezc-osoby-o-podobnych-zainteresowaniach\/#breadcrumb\",\"itemListElement\":[{\"@type\":\"ListItem\",\"position\":1,\"name\":\"Home\",\"item\":\"http:\/\/nosesso.net\/pl\/\"},{\"@type\":\"ListItem\",\"position\":2,\"name\":\"Gdzie znale\\u017a\\u0107 osoby o podobnych zainteresowaniach\"}]}]}<\/script>\n<!-- \/ Yoast SEO plugin. -->","yoast_head_json":{"title":"Gdzie znale\u017a\u0107 osoby o podobnych zainteresowaniach - No Sesso","robots":{"index":"index","follow":"follow","max-snippet":"max-snippet:-1","max-image-preview":"max-image-preview:large","max-video-preview":"max-video-preview:-1"},"canonical":"https:\/\/nosesso.net\/pl\/gdzie-znalezc-osoby-o-podobnych-zainteresowaniach\/","og_locale":"pl_PL","og_type":"article","og_title":"Gdzie znale\u017a\u0107 osoby o podobnych zainteresowaniach - No Sesso","og_description":"Mo\u017cesz tak\u017ce spotka\u0107 osoby, kt\u00f3re maj\u0105 podobne zainteresowania. Na przyk\u0142ad mo\u017cesz do\u0142\u0105czy\u0107 do czatu grupowego, w kt\u00f3rym wszyscy maj\u0105 te same hobby lub pasje. Te grupy to \u015bwietny spos\u00f3b na poznanie os\u00f3b, kt\u00f3re podzielaj\u0105 Twoje zainteresowania, i mo\u017cesz \u0142atwo przegl\u0105da\u0107 tematy, aby znale\u017a\u0107 dok\u0142adnie to, czego szukasz. Opr\u00f3cz znajdowania os\u00f3b o wsp\u00f3lnych zainteresowaniach, mo\u017cesz tak\u017ce ... Czytaj dalej","og_url":"https:\/\/nosesso.net\/pl\/gdzie-znalezc-osoby-o-podobnych-zainteresowaniach\/","og_site_name":"No Sesso","og_image":[{"url":"http:\/\/nosesso.net\/wp-content\/uploads\/2022\/06\/love-image-online-1024x683.webp"}],"twitter_card":"summary_large_image","twitter_misc":{"Szacowany czas czytania":"3 minuty"},"schema":{"@context":"https:\/\/schema.org","@graph":[{"@type":"WebSite","@id":"https:\/\/nosesso.net\/#website","url":"https:\/\/nosesso.net\/","name":"No Sesso","description":"Real Dating Reviews","potentialAction":[{"@type":"SearchAction","target":{"@type":"EntryPoint","urlTemplate":"https:\/\/nosesso.net\/?s={search_term_string}"},"query-input":"required name=search_term_string"}],"inLanguage":"pl-PL"},{"@type":"ImageObject","@id":"https:\/\/nosesso.net\/pl\/gdzie-znalezc-osoby-o-podobnych-zainteresowaniach\/#primaryimage","inLanguage":"pl-PL","url":"http:\/\/nosesso.net\/wp-content\/uploads\/2022\/06\/love-image-online-1024x683.webp","contentUrl":"http:\/\/nosesso.net\/wp-content\/uploads\/2022\/06\/love-image-online-1024x683.webp"},{"@type":"WebPage","@id":"https:\/\/nosesso.net\/pl\/gdzie-znalezc-osoby-o-podobnych-zainteresowaniach\/#webpage","url":"https:\/\/nosesso.net\/pl\/gdzie-znalezc-osoby-o-podobnych-zainteresowaniach\/","name":"Gdzie znale\u017a\u0107 osoby o podobnych zainteresowaniach - No Sesso","isPartOf":{"@id":"https:\/\/nosesso.net\/#website"},"primaryImageOfPage":{"@id":"https:\/\/nosesso.net\/pl\/gdzie-znalezc-osoby-o-podobnych-zainteresowaniach\/#primaryimage"},"datePublished":"2022-06-23T10:49:10+00:00","dateModified":"2022-06-23T10:49:10+00:00","breadcrumb":{"@id":"https:\/\/nosesso.net\/pl\/gdzie-znalezc-osoby-o-podobnych-zainteresowaniach\/#breadcrumb"},"inLanguage":"pl-PL","potentialAction":[{"@type":"ReadAction","target":["https:\/\/nosesso.net\/pl\/gdzie-znalezc-osoby-o-podobnych-zainteresowaniach\/"]}]},{"@type":"BreadcrumbList","@id":"https:\/\/nosesso.net\/pl\/gdzie-znalezc-osoby-o-podobnych-zainteresowaniach\/#breadcrumb","itemListElement":[{"@type":"ListItem","position":1,"name":"Home","item":"http:\/\/nosesso.net\/pl\/"},{"@type":"ListItem","position":2,"name":"Gdzie znale\u017a\u0107 osoby o podobnych zainteresowaniach"}]}]}},"_links":{"self":[{"href":"https:\/\/nosesso.net\/pl\/wp-json\/wp\/v2\/pages\/230"}],"collection":[{"href":"https:\/\/nosesso.net\/pl\/wp-json\/wp\/v2\/pages"}],"about":[{"href":"https:\/\/nosesso.net\/pl\/wp-json\/wp\/v2\/types\/page"}],"author":[{"embeddable":true,"href":"https:\/\/nosesso.net\/pl\/wp-json\/wp\/v2\/users\/1"}],"replies":[{"embeddable":true,"href":"https:\/\/nosesso.net\/pl\/wp-json\/wp\/v2\/comments?post=230"}],"version-history":[{"count":0,"href":"https:\/\/nosesso.net\/pl\/wp-json\/wp\/v2\/pages\/230\/revisions"}],"wp:attachment":[{"href":"https:\/\/nosesso.net\/pl\/wp-json\/wp\/v2\/media?parent=230"}],"curies":[{"name":"wp","href":"https:\/\/api.w.org\/{rel}","templated":true}]}}