{"id":231,"date":"2022-06-23T11:46:19","date_gmt":"2022-06-23T10:46:19","guid":{"rendered":"http:\/\/nosesso.net\/darmowe-strony-z-podlaczeniami\/"},"modified":"2022-06-23T11:46:19","modified_gmt":"2022-06-23T10:46:19","slug":"darmowe-strony-z-podlaczeniami","status":"publish","type":"page","link":"https:\/\/nosesso.net\/pl\/darmowe-strony-z-podlaczeniami\/","title":{"rendered":"Darmowe strony z pod\u0142\u0105czeniami"},"content":{"rendered":"<p>Lokalne aplikacje do czatu sta\u0142y si\u0119 coraz bardziej popularne w ci\u0105gu ostatnich kilku lat i nie jest zaskoczeniem, dlaczego. Wraz z rozwojem internetowych serwis\u00f3w randkowych lokalne po\u0142\u0105czenia sta\u0142y si\u0119 \u0142atwiejsze ni\u017c kiedykolwiek.<\/p>\n<p>Je\u015bli jednak chcesz pozna\u0107 kogo\u015b, kto mieszka w pobli\u017cu, najlepiej spr\u00f3bowa\u0107 spotka\u0107 si\u0119 z lud\u017ami twarz\u0105 w twarz. W ten spos\u00f3b mo\u017cesz z nimi porozmawia\u0107 i pozna\u0107 si\u0119 nawzajem. Jest to r\u00f3wnie\u017c o wiele bezpieczniejsze ni\u017c pr\u00f3ba <a href=\"http:\/\/nosesso.net\/types-of-hookup-sites\/\">poznania kogo\u015b online<\/a>.<\/p>\n<p>Istnieje wiele r\u00f3\u017cnych sposob\u00f3w na poznanie ludzi lokalnie, w tym poprzez przyjaci\u00f3\u0142, kluby, bary, kawiarnie i wiele innych. Kluczem jest znalezienie typu osoby, kt\u00f3r\u0105 chcesz pozna\u0107. Na przyk\u0142ad, je\u015bli interesuje Ci\u0119 przygodny seks, mo\u017cesz do\u0142\u0105czy\u0107 do klubu swingers\u00f3w. Je\u015bli jednak szukasz zwi\u0105zku, mo\u017cesz spr\u00f3bowa\u0107 do\u0142\u0105czy\u0107 do grupy singli.<\/p>\n<p><img loading=\"lazy\" class=\"aligncenter size-full wp-image-51\" src=\"http:\/\/nosesso.net\/wp-content\/uploads\/2022\/06\/love-again.webp\" alt=\"\" width=\"500\" height=\"750\" srcset=\"https:\/\/nosesso.net\/wp-content\/uploads\/2022\/06\/love-again.webp 500w, https:\/\/nosesso.net\/wp-content\/uploads\/2022\/06\/love-again-200x300.webp 200w\" sizes=\"(max-width: 500px) 100vw, 500px\" \/><\/p>\n<h2>Ostro\u017cnie<\/h2>\n<p>Niezale\u017cnie od tego, gdzie zdecydujesz si\u0119 spotka\u0107 ludzi, pami\u0119taj o bezpiecze\u0144stwie. Upewnij si\u0119, \u017ce zawsze korzystasz z ochrony podczas uprawiania seksu. Nigdy te\u017c nie podawaj danych osobowych nikomu, kogo spotkasz online lub offline.<\/p>\n<p>Serwisy randkowe staj\u0105 si\u0119 coraz bardziej popularne w\u015br\u00f3d singli, kt\u00f3rzy szukaj\u0105 mi\u0142o\u015bci w Internecie. Witryny te umo\u017cliwiaj\u0105 cz\u0142onkom spotykanie si\u0119 z innymi osobami na podstawie wsp\u00f3lnych zainteresowa\u0144, lokalizacji, wieku, p\u0142ci itp., A nast\u0119pnie ustalanie dat. Najlepsze serwisy randkowe oferuj\u0105 takie funkcje, jak czaty, galerie zdj\u0119\u0107, czaty wideo i fora dyskusyjne, na kt\u00f3rych cz\u0142onkowie mog\u0105 wchodzi\u0107 ze sob\u0105 w interakcje.<\/p>\n<p>Wiele z tych witryn zapewnia r\u00f3wnie\u017c dodatkowe us\u0142ugi, w tym aplikacje mobilne, bezp\u0142atne cz\u0142onkostwo i p\u0142atne subskrypcje. Serwisy randkowe to \u015bwietna opcja dla ka\u017cdego, kto chce spr\u00f3bowa\u0107 <a href=\"http:\/\/nosesso.net\/why-local-hookup-apps-could-be-right-for-you\/\">przypadkowych randek<\/a> bez martwienia si\u0119 o zaanga\u017cowanie.<\/p>\n<h2>Rodzaje aplikacji randkowych<\/h2>\n<p>Istnieje wiele r\u00f3\u017cnych rodzaj\u00f3w serwis\u00f3w randkowych, wi\u0119c wybierz taki, kt\u00f3ry odpowiada Twoim potrzebom. Na przyk\u0142ad, je\u015bli szukasz d\u0142ugoterminowego zwi\u0105zku, strona chrze\u015bcija\u0144ska mo\u017ce by\u0107 idealna. Je\u015bli jednak chcesz tylko eksperymentowa\u0107, przypadkowa strona erotyczna mo\u017ce dzia\u0142a\u0107 lepiej.<\/p>\n<p>Wa\u017cne jest, aby pami\u0119ta\u0107, \u017ce serwisy randkowe nie zawsze s\u0105 bezpiecznymi miejscami do poznawania ludzi. Pami\u0119taj, aby przeczyta\u0107 recenzje poprzednich u\u017cytkownik\u00f3w przed rejestracj\u0105. Nigdy nie podawaj danych osobowych, takich jak numery kart kredytowych lub dane konta bankowego.<\/p>\n<p>Istnieje wiele r\u00f3\u017cnych rodzaj\u00f3w przypadkowych serwis\u00f3w randkowych dost\u0119pnych obecnie online. Niekt\u00f3re s\u0105 bezp\u0142atne, podczas gdy inne wymagaj\u0105 zap\u0142aty. Istnieje r\u00f3wnie\u017c wiele r\u00f3\u017cnych sposob\u00f3w na poznanie kogo\u015b za po\u015brednictwem tych stron. Niezale\u017cnie od tego, czy szukasz szybkiego flirtu, czy d\u0142ugoterminowego zwi\u0105zku, znalezienie odpowiedniej osoby mo\u017ce by\u0107 trudne.<\/p>\n<h3>Przypadkowe randki online<\/h3>\n<p>Jednym z najlepszych miejsc do szukania potencjalnych partner\u00f3w jest zwyk\u0142y serwis randkowy. Witryny te umo\u017cliwiaj\u0105 przegl\u0105danie profili i wysy\u0142anie wiadomo\u015bci do cz\u0142onk\u00f3w, kt\u00f3rzy Ci\u0119 interesuj\u0105. Wiele z tych witryn oferuje takie funkcje, jak pokoje rozm\u00f3w, wiadomo\u015bci b\u0142yskawiczne, rozmowy wideo i udost\u0119pnianie zdj\u0119\u0107.<\/p>\n<p>Te strony s\u0105 idealne, je\u015bli chcesz spotka\u0107 kogo\u015b od niechcenia bez konieczno\u015bci p\u0142acenia za op\u0142at\u0119 cz\u0142onkowsk\u0105. Jednak nadal musisz zachowa\u0107 ostro\u017cno\u015b\u0107 podczas rejestracji w tych us\u0142ugach. Upewnij si\u0119, \u017ce czytasz recenzje innych u\u017cytkownik\u00f3w, aby dowiedzie\u0107 si\u0119 o problemach zwi\u0105zanych z bezpiecze\u0144stwem zwi\u0105zanych z ka\u017cd\u0105 us\u0142ug\u0105. Upewnij si\u0119 r\u00f3wnie\u017c, \u017ce wybierasz renomowan\u0105 firm\u0119, aby unikn\u0105\u0107 oszustwa.<\/p>\n<p>Niekt\u00f3re z najpopularniejszych serwis\u00f3w randkowych to Match.com, OkCupid, PlentyOfFish i Tinder. Ka\u017cda z tych witryn ma sw\u00f3j unikalny zestaw funkcji, kt\u00f3re u\u0142atwiaj\u0105 \u0142\u0105czenie si\u0119 z lud\u017ami w pobli\u017cu. Na przyk\u0142ad Match.com umo\u017cliwia utworzenie profilu i przes\u0142anie zdj\u0119\u0107. Nast\u0119pnie mo\u017cesz wyszukiwa\u0107 dopasowania na podstawie lokalizacji, wieku, p\u0142ci, orientacji seksualnej i innych.<\/p>\n","protected":false},"excerpt":{"rendered":"<p>Lokalne aplikacje do czatu sta\u0142y si\u0119 coraz bardziej popularne w ci\u0105gu ostatnich kilku lat i nie jest zaskoczeniem, dlaczego. Wraz z rozwojem internetowych serwis\u00f3w randkowych lokalne po\u0142\u0105czenia sta\u0142y si\u0119 \u0142atwiejsze ni\u017c kiedykolwiek. Je\u015bli jednak chcesz pozna\u0107 kogo\u015b, kto mieszka w pobli\u017cu, najlepiej spr\u00f3bowa\u0107 spotka\u0107 si\u0119 z lud\u017ami twarz\u0105 w twarz. W ten spos\u00f3b mo\u017cesz z &#8230; <a title=\"Darmowe strony z pod\u0142\u0105czeniami\" class=\"read-more\" href=\"https:\/\/nosesso.net\/pl\/darmowe-strony-z-podlaczeniami\/\" aria-label=\"More on Darmowe strony z pod\u0142\u0105czeniami\">Czytaj dalej<\/a><\/p>\n","protected":false},"author":1,"featured_media":0,"parent":0,"menu_order":0,"comment_status":"closed","ping_status":"closed","template":"","meta":[],"yoast_head":"<!-- This site is optimized with the Yoast SEO plugin v17.7.1 - https:\/\/yoast.com\/wordpress\/plugins\/seo\/ -->\n<title>Darmowe strony z pod\u0142\u0105czeniami - No Sesso<\/title>\n<meta name=\"robots\" content=\"index, follow, max-snippet:-1, max-image-preview:large, max-video-preview:-1\" \/>\n<link rel=\"canonical\" href=\"https:\/\/nosesso.net\/pl\/darmowe-strony-z-podlaczeniami\/\" \/>\n<meta property=\"og:locale\" content=\"pl_PL\" \/>\n<meta property=\"og:type\" content=\"article\" \/>\n<meta property=\"og:title\" content=\"Darmowe strony z pod\u0142\u0105czeniami - No Sesso\" \/>\n<meta property=\"og:description\" content=\"Lokalne aplikacje do czatu sta\u0142y si\u0119 coraz bardziej popularne w ci\u0105gu ostatnich kilku lat i nie jest zaskoczeniem, dlaczego. Wraz z rozwojem internetowych serwis\u00f3w randkowych lokalne po\u0142\u0105czenia sta\u0142y si\u0119 \u0142atwiejsze ni\u017c kiedykolwiek. Je\u015bli jednak chcesz pozna\u0107 kogo\u015b, kto mieszka w pobli\u017cu, najlepiej spr\u00f3bowa\u0107 spotka\u0107 si\u0119 z lud\u017ami twarz\u0105 w twarz. W ten spos\u00f3b mo\u017cesz z ... Czytaj dalej\" \/>\n<meta property=\"og:url\" content=\"https:\/\/nosesso.net\/pl\/darmowe-strony-z-podlaczeniami\/\" \/>\n<meta property=\"og:site_name\" content=\"No Sesso\" \/>\n<meta property=\"og:image\" content=\"http:\/\/nosesso.net\/wp-content\/uploads\/2022\/06\/love-again.webp\" \/>\n<meta name=\"twitter:card\" content=\"summary_large_image\" \/>\n<meta name=\"twitter:label1\" content=\"Szacowany czas czytania\" \/>\n\t<meta name=\"twitter:data1\" content=\"3 minuty\" \/>\n<script type=\"application\/ld+json\" class=\"yoast-schema-graph\">{\"@context\":\"https:\/\/schema.org\",\"@graph\":[{\"@type\":\"WebSite\",\"@id\":\"https:\/\/nosesso.net\/#website\",\"url\":\"https:\/\/nosesso.net\/\",\"name\":\"No Sesso\",\"description\":\"Real Dating Reviews\",\"potentialAction\":[{\"@type\":\"SearchAction\",\"target\":{\"@type\":\"EntryPoint\",\"urlTemplate\":\"https:\/\/nosesso.net\/?s={search_term_string}\"},\"query-input\":\"required name=search_term_string\"}],\"inLanguage\":\"pl-PL\"},{\"@type\":\"ImageObject\",\"@id\":\"https:\/\/nosesso.net\/pl\/darmowe-strony-z-podlaczeniami\/#primaryimage\",\"inLanguage\":\"pl-PL\",\"url\":\"http:\/\/nosesso.net\/wp-content\/uploads\/2022\/06\/love-again.webp\",\"contentUrl\":\"http:\/\/nosesso.net\/wp-content\/uploads\/2022\/06\/love-again.webp\"},{\"@type\":\"WebPage\",\"@id\":\"https:\/\/nosesso.net\/pl\/darmowe-strony-z-podlaczeniami\/#webpage\",\"url\":\"https:\/\/nosesso.net\/pl\/darmowe-strony-z-podlaczeniami\/\",\"name\":\"Darmowe strony z pod\\u0142\\u0105czeniami - No Sesso\",\"isPartOf\":{\"@id\":\"https:\/\/nosesso.net\/#website\"},\"primaryImageOfPage\":{\"@id\":\"https:\/\/nosesso.net\/pl\/darmowe-strony-z-podlaczeniami\/#primaryimage\"},\"datePublished\":\"2022-06-23T10:46:19+00:00\",\"dateModified\":\"2022-06-23T10:46:19+00:00\",\"breadcrumb\":{\"@id\":\"https:\/\/nosesso.net\/pl\/darmowe-strony-z-podlaczeniami\/#breadcrumb\"},\"inLanguage\":\"pl-PL\",\"potentialAction\":[{\"@type\":\"ReadAction\",\"target\":[\"https:\/\/nosesso.net\/pl\/darmowe-strony-z-podlaczeniami\/\"]}]},{\"@type\":\"BreadcrumbList\",\"@id\":\"https:\/\/nosesso.net\/pl\/darmowe-strony-z-podlaczeniami\/#breadcrumb\",\"itemListElement\":[{\"@type\":\"ListItem\",\"position\":1,\"name\":\"Home\",\"item\":\"http:\/\/nosesso.net\/pl\/\"},{\"@type\":\"ListItem\",\"position\":2,\"name\":\"Darmowe strony z pod\\u0142\\u0105czeniami\"}]}]}<\/script>\n<!-- \/ Yoast SEO plugin. -->","yoast_head_json":{"title":"Darmowe strony z pod\u0142\u0105czeniami - No Sesso","robots":{"index":"index","follow":"follow","max-snippet":"max-snippet:-1","max-image-preview":"max-image-preview:large","max-video-preview":"max-video-preview:-1"},"canonical":"https:\/\/nosesso.net\/pl\/darmowe-strony-z-podlaczeniami\/","og_locale":"pl_PL","og_type":"article","og_title":"Darmowe strony z pod\u0142\u0105czeniami - No Sesso","og_description":"Lokalne aplikacje do czatu sta\u0142y si\u0119 coraz bardziej popularne w ci\u0105gu ostatnich kilku lat i nie jest zaskoczeniem, dlaczego. Wraz z rozwojem internetowych serwis\u00f3w randkowych lokalne po\u0142\u0105czenia sta\u0142y si\u0119 \u0142atwiejsze ni\u017c kiedykolwiek. Je\u015bli jednak chcesz pozna\u0107 kogo\u015b, kto mieszka w pobli\u017cu, najlepiej spr\u00f3bowa\u0107 spotka\u0107 si\u0119 z lud\u017ami twarz\u0105 w twarz. W ten spos\u00f3b mo\u017cesz z ... Czytaj dalej","og_url":"https:\/\/nosesso.net\/pl\/darmowe-strony-z-podlaczeniami\/","og_site_name":"No Sesso","og_image":[{"url":"http:\/\/nosesso.net\/wp-content\/uploads\/2022\/06\/love-again.webp"}],"twitter_card":"summary_large_image","twitter_misc":{"Szacowany czas czytania":"3 minuty"},"schema":{"@context":"https:\/\/schema.org","@graph":[{"@type":"WebSite","@id":"https:\/\/nosesso.net\/#website","url":"https:\/\/nosesso.net\/","name":"No Sesso","description":"Real Dating Reviews","potentialAction":[{"@type":"SearchAction","target":{"@type":"EntryPoint","urlTemplate":"https:\/\/nosesso.net\/?s={search_term_string}"},"query-input":"required name=search_term_string"}],"inLanguage":"pl-PL"},{"@type":"ImageObject","@id":"https:\/\/nosesso.net\/pl\/darmowe-strony-z-podlaczeniami\/#primaryimage","inLanguage":"pl-PL","url":"http:\/\/nosesso.net\/wp-content\/uploads\/2022\/06\/love-again.webp","contentUrl":"http:\/\/nosesso.net\/wp-content\/uploads\/2022\/06\/love-again.webp"},{"@type":"WebPage","@id":"https:\/\/nosesso.net\/pl\/darmowe-strony-z-podlaczeniami\/#webpage","url":"https:\/\/nosesso.net\/pl\/darmowe-strony-z-podlaczeniami\/","name":"Darmowe strony z pod\u0142\u0105czeniami - No Sesso","isPartOf":{"@id":"https:\/\/nosesso.net\/#website"},"primaryImageOfPage":{"@id":"https:\/\/nosesso.net\/pl\/darmowe-strony-z-podlaczeniami\/#primaryimage"},"datePublished":"2022-06-23T10:46:19+00:00","dateModified":"2022-06-23T10:46:19+00:00","breadcrumb":{"@id":"https:\/\/nosesso.net\/pl\/darmowe-strony-z-podlaczeniami\/#breadcrumb"},"inLanguage":"pl-PL","potentialAction":[{"@type":"ReadAction","target":["https:\/\/nosesso.net\/pl\/darmowe-strony-z-podlaczeniami\/"]}]},{"@type":"BreadcrumbList","@id":"https:\/\/nosesso.net\/pl\/darmowe-strony-z-podlaczeniami\/#breadcrumb","itemListElement":[{"@type":"ListItem","position":1,"name":"Home","item":"http:\/\/nosesso.net\/pl\/"},{"@type":"ListItem","position":2,"name":"Darmowe strony z pod\u0142\u0105czeniami"}]}]}},"_links":{"self":[{"href":"https:\/\/nosesso.net\/pl\/wp-json\/wp\/v2\/pages\/231"}],"collection":[{"href":"https:\/\/nosesso.net\/pl\/wp-json\/wp\/v2\/pages"}],"about":[{"href":"https:\/\/nosesso.net\/pl\/wp-json\/wp\/v2\/types\/page"}],"author":[{"embeddable":true,"href":"https:\/\/nosesso.net\/pl\/wp-json\/wp\/v2\/users\/1"}],"replies":[{"embeddable":true,"href":"https:\/\/nosesso.net\/pl\/wp-json\/wp\/v2\/comments?post=231"}],"version-history":[{"count":0,"href":"https:\/\/nosesso.net\/pl\/wp-json\/wp\/v2\/pages\/231\/revisions"}],"wp:attachment":[{"href":"https:\/\/nosesso.net\/pl\/wp-json\/wp\/v2\/media?parent=231"}],"curies":[{"name":"wp","href":"https:\/\/api.w.org\/{rel}","templated":true}]}}