{"id":240,"date":"2022-06-23T11:47:57","date_gmt":"2022-06-23T10:47:57","guid":{"rendered":"http:\/\/nosesso.net\/darmowe-casual-sex-dating-sites\/"},"modified":"2022-06-23T11:47:57","modified_gmt":"2022-06-23T10:47:57","slug":"darmowe-casual-sex-dating-sites","status":"publish","type":"page","link":"https:\/\/nosesso.net\/pl\/darmowe-casual-sex-dating-sites\/","title":{"rendered":"Darmowe casual Sex Dating Sites"},"content":{"rendered":"<p>OkCupid umo\u017cliwia <a href=\"http:\/\/nosesso.net\/free-hookup-sites\/\">przegl\u0105danie profili cz\u0142onk\u00f3w<\/a> i wysy\u0142anie wiadomo\u015bci do zainteresowanych stron. Oferuje r\u00f3wnie\u017c takie funkcje, jak czat na \u017cywo, czat wideo i czaty grupowe. Wreszcie, PlentyOfFish daje mo\u017cliwo\u015b\u0107 przegl\u0105dania tysi\u0119cy profili jednocze\u015bnie. Nast\u0119pnie mo\u017cesz sortowa\u0107 je wed\u0142ug wieku, p\u0142ci, zainteresowa\u0144 i nie tylko.<\/p>\n<p>Tinder to kolejne \u015bwietne miejsce na nieformalne randki. Jest to <a href=\"http:\/\/nosesso.net\/types-of-hookup-sites\/\">aplikacja mobilna<\/a> , kt\u00f3ra \u0142\u0105czy singli w oparciu o ich wsp\u00f3lne zainteresowania. Po pobraniu aplikacji mo\u017cesz przesun\u0105\u0107 palcem w lewo lub w prawo, aby wy\u015bwietli\u0107 profile. Nast\u0119pnie mo\u017cesz wysy\u0142a\u0107 wiadomo\u015bci do zainteresowanych stron i umawia\u0107 si\u0119 na spotkanie w prawdziwym \u017cyciu.<\/p>\n<p>Podczas gdy niekt\u00f3re z tych stron istniej\u0105 od lat, inne s\u0105 stosunkowo nowe. Je\u015bli nie znasz \u017cadnej z tych stron, mo\u017cesz zapozna\u0107 si\u0119 z naszym przewodnikiem po 10 najlepszych internetowych serwisach randkowych 10. Zamie\u015bcili\u015bmy informacje o funkcjach, kosztach i obawach zwi\u0105zanych z bezpiecze\u0144stwem ka\u017cdej witryny.<\/p>\n<p><img loading=\"lazy\" class=\"aligncenter wp-image-52\" src=\"http:\/\/nosesso.net\/wp-content\/uploads\/2022\/06\/online-sex-chat-1024x682.jpeg\" alt=\"\" width=\"675\" height=\"449\" srcset=\"https:\/\/nosesso.net\/wp-content\/uploads\/2022\/06\/online-sex-chat-1024x682.jpeg 1024w, https:\/\/nosesso.net\/wp-content\/uploads\/2022\/06\/online-sex-chat-300x200.jpeg 300w, https:\/\/nosesso.net\/wp-content\/uploads\/2022\/06\/online-sex-chat-768x511.jpeg 768w, https:\/\/nosesso.net\/wp-content\/uploads\/2022\/06\/online-sex-chat-1536x1022.jpeg 1536w, https:\/\/nosesso.net\/wp-content\/uploads\/2022\/06\/online-sex-chat.jpeg 1600w\" sizes=\"(max-width: 675px) 100vw, 675px\" \/><\/p>\n<h2>Jak rozmawia\u0107 online<\/h2>\n<p>Po znalezieniu kilku dobrych opcji zarejestruj si\u0119 w jednej z nich. Nast\u0119pnie zacznij przegl\u0105da\u0107 profile i wysy\u0142a\u0107 wiadomo\u015bci do zainteresowanych stron. Kiedy znajdziesz kogo\u015b, kogo lubisz, zapytaj go SMS-em lub e-mailem. Je\u015bli zaakceptuj\u0105, mo\u017cesz zaplanowa\u0107 randk\u0119 i p\u00f3j\u015b\u0107 na pierwsz\u0105 randk\u0119 razem!<\/p>\n<p>Lokalne po\u0142\u0105czenia staj\u0105 si\u0119 coraz bardziej popularne w\u015br\u00f3d singli, kt\u00f3rzy chc\u0105 spotka\u0107 kogo\u015b w pobli\u017cu. \u0141atwo jest skonfigurowa\u0107 profil na stronach takich jak Craigslist, PlentyOfFish i OkCupid, gdzie mo\u017cesz przegl\u0105da\u0107 tysi\u0105ce lokalnych cz\u0142onk\u00f3w w ci\u0105gu kilku minut.<\/p>\n<p>Wa\u017cne jest, aby pami\u0119ta\u0107, \u017ce tego typu internetowe serwisy randkowe nie s\u0105 przeznaczone tylko do przypadkowych spotka\u0144. Maj\u0105 na celu \u0142\u0105czenie os\u00f3b o podobnych zainteresowaniach i warto\u015bciach. Wi\u0119c je\u015bli szukasz powa\u017cnego zwi\u0105zku, mo\u017cesz wypr\u00f3bowa\u0107 inny rodzaj witryny.<\/p>\n<p>Na przyk\u0142ad Match.com ma sekcj\u0119 o nazwie Singles Near Me, kt\u00f3ra umo\u017cliwia filtrowanie mecz\u00f3w na podstawie lokalizacji. To samo dotyczy eHarmony, Zoosk i innych stron.<\/p>\n<h2>Nasze porady dotycz\u0105ce wypr\u00f3bowywania czat\u00f3w<\/h2>\n<p>Czaty dla doros\u0142ych to \u015bwietne miejsce na spotkanie z innymi singlami, kt\u00f3rzy maj\u0105 podobne zainteresowania. Istnieje wiele r\u00f3\u017cnych typ\u00f3w czat\u00f3w dla doros\u0142ych, w tym pokoje rozm\u00f3w wideo, pokoje rozm\u00f3w z kamer\u0105 internetow\u0105 i pokoje czat\u00f3w tekstowych. Pokoje rozm\u00f3w to \u015bwietny spos\u00f3b na nawi\u0105zanie kontaktu z innymi i dowiedzenie si\u0119 wi\u0119cej o sobie.<\/p>\n<p>Istnieje kilka korzy\u015bci z czatowania online. Na przyk\u0142ad mo\u017cesz porozmawia\u0107 z kim\u015b z dowolnego miejsca na \u015bwiecie i mo\u017cesz to zrobi\u0107 bez konieczno\u015bci p\u0142acenia czegokolwiek. Ponadto mo\u017cesz wybra\u0107, czy chcesz komunikowa\u0107 si\u0119 za po\u015brednictwem audio, czy wideo, i mo\u017cesz ustawi\u0107 w\u0142asne preferencje.<\/p>\n<p>Jedn\u0105 z najlepszych cz\u0119\u015bci czat\u00f3w dla doros\u0142ych jest to, \u017ce mo\u017cesz pozna\u0107 ludzi z ca\u0142ego \u015bwiata. Nie ma znaczenia, czy jeste\u015b zainteresowany spotkaniem z lud\u017ami z innego kraju, czy po prostu chcesz pozna\u0107 ludzi w pobli\u017cu. Pokoje rozm\u00f3w dla doros\u0142ych umo\u017cliwiaj\u0105 interakcj\u0119 z lud\u017ami ze wszystkich \u015brodowisk.<\/p>\n","protected":false},"excerpt":{"rendered":"<p>OkCupid umo\u017cliwia przegl\u0105danie profili cz\u0142onk\u00f3w i wysy\u0142anie wiadomo\u015bci do zainteresowanych stron. Oferuje r\u00f3wnie\u017c takie funkcje, jak czat na \u017cywo, czat wideo i czaty grupowe. Wreszcie, PlentyOfFish daje mo\u017cliwo\u015b\u0107 przegl\u0105dania tysi\u0119cy profili jednocze\u015bnie. Nast\u0119pnie mo\u017cesz sortowa\u0107 je wed\u0142ug wieku, p\u0142ci, zainteresowa\u0144 i nie tylko. Tinder to kolejne \u015bwietne miejsce na nieformalne randki. Jest to aplikacja mobilna &#8230; <a title=\"Darmowe casual Sex Dating Sites\" class=\"read-more\" href=\"https:\/\/nosesso.net\/pl\/darmowe-casual-sex-dating-sites\/\" aria-label=\"More on Darmowe casual Sex Dating Sites\">Czytaj dalej<\/a><\/p>\n","protected":false},"author":1,"featured_media":0,"parent":0,"menu_order":0,"comment_status":"closed","ping_status":"closed","template":"","meta":[],"yoast_head":"<!-- This site is optimized with the Yoast SEO plugin v17.7.1 - https:\/\/yoast.com\/wordpress\/plugins\/seo\/ -->\n<title>Darmowe casual Sex Dating Sites - No Sesso<\/title>\n<meta name=\"robots\" content=\"index, follow, max-snippet:-1, max-image-preview:large, max-video-preview:-1\" \/>\n<link rel=\"canonical\" href=\"https:\/\/nosesso.net\/pl\/darmowe-casual-sex-dating-sites\/\" \/>\n<meta property=\"og:locale\" content=\"pl_PL\" \/>\n<meta property=\"og:type\" content=\"article\" \/>\n<meta property=\"og:title\" content=\"Darmowe casual Sex Dating Sites - No Sesso\" \/>\n<meta property=\"og:description\" content=\"OkCupid umo\u017cliwia przegl\u0105danie profili cz\u0142onk\u00f3w i wysy\u0142anie wiadomo\u015bci do zainteresowanych stron. Oferuje r\u00f3wnie\u017c takie funkcje, jak czat na \u017cywo, czat wideo i czaty grupowe. Wreszcie, PlentyOfFish daje mo\u017cliwo\u015b\u0107 przegl\u0105dania tysi\u0119cy profili jednocze\u015bnie. Nast\u0119pnie mo\u017cesz sortowa\u0107 je wed\u0142ug wieku, p\u0142ci, zainteresowa\u0144 i nie tylko. Tinder to kolejne \u015bwietne miejsce na nieformalne randki. Jest to aplikacja mobilna ... Czytaj dalej\" \/>\n<meta property=\"og:url\" content=\"https:\/\/nosesso.net\/pl\/darmowe-casual-sex-dating-sites\/\" \/>\n<meta property=\"og:site_name\" content=\"No Sesso\" \/>\n<meta property=\"og:image\" content=\"http:\/\/nosesso.net\/wp-content\/uploads\/2022\/06\/online-sex-chat-1024x682.jpeg\" \/>\n<meta name=\"twitter:card\" content=\"summary_large_image\" \/>\n<meta name=\"twitter:label1\" content=\"Szacowany czas czytania\" \/>\n\t<meta name=\"twitter:data1\" content=\"3 minuty\" \/>\n<script type=\"application\/ld+json\" class=\"yoast-schema-graph\">{\"@context\":\"https:\/\/schema.org\",\"@graph\":[{\"@type\":\"WebSite\",\"@id\":\"https:\/\/nosesso.net\/#website\",\"url\":\"https:\/\/nosesso.net\/\",\"name\":\"No Sesso\",\"description\":\"Real Dating Reviews\",\"potentialAction\":[{\"@type\":\"SearchAction\",\"target\":{\"@type\":\"EntryPoint\",\"urlTemplate\":\"https:\/\/nosesso.net\/?s={search_term_string}\"},\"query-input\":\"required name=search_term_string\"}],\"inLanguage\":\"pl-PL\"},{\"@type\":\"ImageObject\",\"@id\":\"https:\/\/nosesso.net\/pl\/darmowe-casual-sex-dating-sites\/#primaryimage\",\"inLanguage\":\"pl-PL\",\"url\":\"http:\/\/nosesso.net\/wp-content\/uploads\/2022\/06\/online-sex-chat-1024x682.jpeg\",\"contentUrl\":\"http:\/\/nosesso.net\/wp-content\/uploads\/2022\/06\/online-sex-chat-1024x682.jpeg\"},{\"@type\":\"WebPage\",\"@id\":\"https:\/\/nosesso.net\/pl\/darmowe-casual-sex-dating-sites\/#webpage\",\"url\":\"https:\/\/nosesso.net\/pl\/darmowe-casual-sex-dating-sites\/\",\"name\":\"Darmowe casual Sex Dating Sites - No Sesso\",\"isPartOf\":{\"@id\":\"https:\/\/nosesso.net\/#website\"},\"primaryImageOfPage\":{\"@id\":\"https:\/\/nosesso.net\/pl\/darmowe-casual-sex-dating-sites\/#primaryimage\"},\"datePublished\":\"2022-06-23T10:47:57+00:00\",\"dateModified\":\"2022-06-23T10:47:57+00:00\",\"breadcrumb\":{\"@id\":\"https:\/\/nosesso.net\/pl\/darmowe-casual-sex-dating-sites\/#breadcrumb\"},\"inLanguage\":\"pl-PL\",\"potentialAction\":[{\"@type\":\"ReadAction\",\"target\":[\"https:\/\/nosesso.net\/pl\/darmowe-casual-sex-dating-sites\/\"]}]},{\"@type\":\"BreadcrumbList\",\"@id\":\"https:\/\/nosesso.net\/pl\/darmowe-casual-sex-dating-sites\/#breadcrumb\",\"itemListElement\":[{\"@type\":\"ListItem\",\"position\":1,\"name\":\"Home\",\"item\":\"https:\/\/nosesso.net\/pl\/\"},{\"@type\":\"ListItem\",\"position\":2,\"name\":\"Darmowe casual Sex Dating Sites\"}]}]}<\/script>\n<!-- \/ Yoast SEO plugin. -->","yoast_head_json":{"title":"Darmowe casual Sex Dating Sites - No Sesso","robots":{"index":"index","follow":"follow","max-snippet":"max-snippet:-1","max-image-preview":"max-image-preview:large","max-video-preview":"max-video-preview:-1"},"canonical":"https:\/\/nosesso.net\/pl\/darmowe-casual-sex-dating-sites\/","og_locale":"pl_PL","og_type":"article","og_title":"Darmowe casual Sex Dating Sites - No Sesso","og_description":"OkCupid umo\u017cliwia przegl\u0105danie profili cz\u0142onk\u00f3w i wysy\u0142anie wiadomo\u015bci do zainteresowanych stron. Oferuje r\u00f3wnie\u017c takie funkcje, jak czat na \u017cywo, czat wideo i czaty grupowe. Wreszcie, PlentyOfFish daje mo\u017cliwo\u015b\u0107 przegl\u0105dania tysi\u0119cy profili jednocze\u015bnie. Nast\u0119pnie mo\u017cesz sortowa\u0107 je wed\u0142ug wieku, p\u0142ci, zainteresowa\u0144 i nie tylko. Tinder to kolejne \u015bwietne miejsce na nieformalne randki. Jest to aplikacja mobilna ... Czytaj dalej","og_url":"https:\/\/nosesso.net\/pl\/darmowe-casual-sex-dating-sites\/","og_site_name":"No Sesso","og_image":[{"url":"http:\/\/nosesso.net\/wp-content\/uploads\/2022\/06\/online-sex-chat-1024x682.jpeg"}],"twitter_card":"summary_large_image","twitter_misc":{"Szacowany czas czytania":"3 minuty"},"schema":{"@context":"https:\/\/schema.org","@graph":[{"@type":"WebSite","@id":"https:\/\/nosesso.net\/#website","url":"https:\/\/nosesso.net\/","name":"No Sesso","description":"Real Dating Reviews","potentialAction":[{"@type":"SearchAction","target":{"@type":"EntryPoint","urlTemplate":"https:\/\/nosesso.net\/?s={search_term_string}"},"query-input":"required name=search_term_string"}],"inLanguage":"pl-PL"},{"@type":"ImageObject","@id":"https:\/\/nosesso.net\/pl\/darmowe-casual-sex-dating-sites\/#primaryimage","inLanguage":"pl-PL","url":"http:\/\/nosesso.net\/wp-content\/uploads\/2022\/06\/online-sex-chat-1024x682.jpeg","contentUrl":"http:\/\/nosesso.net\/wp-content\/uploads\/2022\/06\/online-sex-chat-1024x682.jpeg"},{"@type":"WebPage","@id":"https:\/\/nosesso.net\/pl\/darmowe-casual-sex-dating-sites\/#webpage","url":"https:\/\/nosesso.net\/pl\/darmowe-casual-sex-dating-sites\/","name":"Darmowe casual Sex Dating Sites - No Sesso","isPartOf":{"@id":"https:\/\/nosesso.net\/#website"},"primaryImageOfPage":{"@id":"https:\/\/nosesso.net\/pl\/darmowe-casual-sex-dating-sites\/#primaryimage"},"datePublished":"2022-06-23T10:47:57+00:00","dateModified":"2022-06-23T10:47:57+00:00","breadcrumb":{"@id":"https:\/\/nosesso.net\/pl\/darmowe-casual-sex-dating-sites\/#breadcrumb"},"inLanguage":"pl-PL","potentialAction":[{"@type":"ReadAction","target":["https:\/\/nosesso.net\/pl\/darmowe-casual-sex-dating-sites\/"]}]},{"@type":"BreadcrumbList","@id":"https:\/\/nosesso.net\/pl\/darmowe-casual-sex-dating-sites\/#breadcrumb","itemListElement":[{"@type":"ListItem","position":1,"name":"Home","item":"https:\/\/nosesso.net\/pl\/"},{"@type":"ListItem","position":2,"name":"Darmowe casual Sex Dating Sites"}]}]}},"_links":{"self":[{"href":"https:\/\/nosesso.net\/pl\/wp-json\/wp\/v2\/pages\/240"}],"collection":[{"href":"https:\/\/nosesso.net\/pl\/wp-json\/wp\/v2\/pages"}],"about":[{"href":"https:\/\/nosesso.net\/pl\/wp-json\/wp\/v2\/types\/page"}],"author":[{"embeddable":true,"href":"https:\/\/nosesso.net\/pl\/wp-json\/wp\/v2\/users\/1"}],"replies":[{"embeddable":true,"href":"https:\/\/nosesso.net\/pl\/wp-json\/wp\/v2\/comments?post=240"}],"version-history":[{"count":0,"href":"https:\/\/nosesso.net\/pl\/wp-json\/wp\/v2\/pages\/240\/revisions"}],"wp:attachment":[{"href":"https:\/\/nosesso.net\/pl\/wp-json\/wp\/v2\/media?parent=240"}],"curies":[{"name":"wp","href":"https:\/\/api.w.org\/{rel}","templated":true}]}}