{"id":245,"date":"2022-06-23T11:45:34","date_gmt":"2022-06-23T10:45:34","guid":{"rendered":"http:\/\/nosesso.net\/rodzaje-stron-z-podlaczeniami\/"},"modified":"2022-06-23T11:45:34","modified_gmt":"2022-06-23T10:45:34","slug":"rodzaje-stron-z-podlaczeniami","status":"publish","type":"page","link":"https:\/\/nosesso.net\/pl\/rodzaje-stron-z-podlaczeniami\/","title":{"rendered":"Rodzaje stron z pod\u0142\u0105czeniami"},"content":{"rendered":"<p>Istnieje wiele r\u00f3\u017cnych rodzaj\u00f3w darmowych stron z pod\u0142\u0105czeniami dost\u0119pnych obecnie online. Niekt\u00f3re koncentruj\u0105 si\u0119 na przypadkowych spotkaniach, podczas gdy inne zaspokajaj\u0105 d\u0142ugoterminowe relacje. Bezp\u0142atne <a href=\"http:\/\/nosesso.net\/why-local-hookup-apps-could-be-right-for-you\/\">witryny oferuj\u0105ce<\/a> szerok\u0105 gam\u0119 funkcji, w tym pokoje rozm\u00f3w, czaty wideo, komunikatory internetowe i wiele innych.<\/p>\n<p>Wiele z tych witryn umo\u017cliwia cz\u0142onkom <a href=\"http:\/\/nosesso.net\/which-app-is-best-for-affiars\/\">tworzenie profili<\/a> , w kt\u00f3rych mog\u0105 przesy\u0142a\u0107 zdj\u0119cia, pisa\u0107 kr\u00f3tkie biografie i dzieli\u0107 si\u0119 zainteresowaniami. Cz\u0142onkowie mog\u0105 nast\u0119pnie przegl\u0105da\u0107 profile innych cz\u0142onk\u00f3w i wysy\u0142a\u0107 wiadomo\u015bci do potencjalnych dopasowa\u0144. Po dopasowaniu cz\u0142onkowie mog\u0105 um\u00f3wi\u0107 si\u0119 na osobiste spotkanie.<\/p>\n<p><img loading=\"lazy\" class=\"aligncenter wp-image-50\" src=\"http:\/\/nosesso.net\/wp-content\/uploads\/2022\/06\/heart-dating-1024x658.jpeg\" alt=\"\" width=\"553\" height=\"355\" srcset=\"https:\/\/nosesso.net\/wp-content\/uploads\/2022\/06\/heart-dating-1024x658.jpeg 1024w, https:\/\/nosesso.net\/wp-content\/uploads\/2022\/06\/heart-dating-300x193.jpeg 300w, https:\/\/nosesso.net\/wp-content\/uploads\/2022\/06\/heart-dating-768x494.jpeg 768w, https:\/\/nosesso.net\/wp-content\/uploads\/2022\/06\/heart-dating.jpeg 1167w\" sizes=\"(max-width: 553px) 100vw, 553px\" \/><\/p>\n<h2>Jak do\u0142\u0105czy\u0107 do darmowych stron z pod\u0142\u0105czeniami<\/h2>\n<p>Niekt\u00f3re bezp\u0142atne witryny z po\u0142\u0105czeniami wymagaj\u0105 od cz\u0142onk\u00f3w uiszczenia miesi\u0119cznej op\u0142aty w celu uzyskania dost\u0119pu do dodatkowych funkcji. Nale\u017c\u0105 do nich konta premium, prywatne us\u0142ugi wiadomo\u015bci i aplikacje mobilne.<\/p>\n<p>Chocia\u017c bezp\u0142atne witryny do pod\u0142\u0105czania s\u0105 wygodne, nie zawsze s\u0105 bezpieczne. Najlepiej unika\u0107 spotka\u0144 z nieznajomymi w prawdziwym \u017cyciu, je\u015bli to mo\u017cliwe. Zamiast tego wybierz zaufan\u0105 aplikacj\u0119 lub us\u0142ug\u0119 randkow\u0105.<\/p>\n<h3>Jakie s\u0105 najlepsze aplikacje do wypr\u00f3bowania?<\/h3>\n<p>Na przyk\u0142ad <strong>Tinder<\/strong> pozwala cz\u0142onkom \u0142\u0105czy\u0107 si\u0119 ze sob\u0105 w oparciu o wzajemne zainteresowania. Aplikacja u\u017cywa danych lokalizacji do okre\u015blenia, czy w pobli\u017cu znajduje si\u0119 dw\u00f3ch cz\u0142onk\u00f3w. Je\u015bli tak, mog\u0105 natychmiast rozpocz\u0105\u0107 rozmow\u0119 za pomoc\u0105 tekstu lub wideo.<\/p>\n<p>Tinder mo\u017cna pobra\u0107 i u\u017cywa\u0107 za darmo, ale cz\u0142onkowie musz\u0105 ui\u015bci\u0107 niewielk\u0105 op\u0142at\u0119, aby odblokowa\u0107 dodatkowe funkcje. Na przyk\u0142ad mog\u0105 uaktualni\u0107 sw\u00f3j profil, aby wy\u015bwietla\u0107 wi\u0119cej danych osobowych, dodawa\u0107 filtry do opcji wyszukiwania i otrzymywa\u0107 powiadomienia, gdy kto\u015b wy\u015ble im wiadomo\u015b\u0107.<\/p>\n<p>Inne popularne aplikacje randkowe to <strong>Bumble<\/strong>, <strong>Happn<\/strong> i <strong>OkCupid<\/strong>. Ka\u017cdy z nich oferuje podobne funkcje, cho\u0107 niekt\u00f3re maj\u0105 okre\u015blone cele. Na przyk\u0142ad Bumble jest przeznaczony specjalnie dla kobiet, kt\u00f3re chc\u0105 zainicjowa\u0107 kontakt.<\/p>\n<p>Kluczowym wnioskiem jest to, \u017ce bezp\u0142atne witryny z pod\u0142\u0105czeniami s\u0105 \u015bwietn\u0105 opcj\u0105 dla tych, kt\u00f3rzy wol\u0105 pozosta\u0107 anonimowi. Nie nale\u017cy ich jednak stosowa\u0107 jako zamiennika tradycyjnych metod datowania.<\/p>\n<p>Randki online sta\u0142y si\u0119 coraz bardziej popularne w ci\u0105gu ostatnich kilku lat. Nic dziwnego, \u017ce coraz wi\u0119cej os\u00f3b zwraca si\u0119 do platform internetowych, aby pozna\u0107 potencjalnych partner\u00f3w. Jednak wiele os\u00f3b nadal nie zdaje sobie sprawy z korzy\u015bci p\u0142yn\u0105cych z lokalnych po\u0142\u0105cze\u0144.<\/p>\n<p>Lokalne po\u0142\u0105czenia s\u0105 znacznie ta\u0144sze ni\u017c tradycyjne serwisy randkowe i oferuj\u0105 wygodn\u0105 alternatyw\u0119 dla zapracowanych singli, kt\u00f3rzy nie maj\u0105 wystarczaj\u0105co du\u017co czasu, aby po\u015bwi\u0119ci\u0107 si\u0119 znalezieniu mi\u0142o\u015bci. Mo\u017cesz \u0142atwo ustawi\u0107 daty z innymi cz\u0142onkami w swoim regionie i nie musisz si\u0119 martwi\u0107, \u017ce zostaniesz odrzucony, je\u015bli nie klikniesz z kim\u015b.<\/p>\n<p>Ponadto lokalne po\u0142\u0105czenia s\u0105 \u015bwietn\u0105 opcj\u0105 dla par, kt\u00f3re staraj\u0105 si\u0119 zaoszcz\u0119dzi\u0107 pieni\u0105dze, utrzymuj\u0105c d\u0142ugotrwa\u0142y zwi\u0105zek. Wiele os\u00f3b decyduje si\u0119 zap\u0142aci\u0107 za cz\u0142onkostwo na portalu randkowym, ale rzadko spotykaj\u0105 kogo\u015b warto\u015bciowego. Natomiast lokalne po\u0142\u0105czenia pozwalaj\u0105 \u0142\u0105czy\u0107 si\u0119 z innymi bez wydawania ani grosza.<\/p>\n<p>Istnieje wiele powod\u00f3w, aby wypr\u00f3bowa\u0107 lokalne po\u0142\u0105czenia i mo\u017cesz dowiedzie\u0107 si\u0119 wi\u0119cej o nich tutaj.<\/p>\n","protected":false},"excerpt":{"rendered":"<p>Istnieje wiele r\u00f3\u017cnych rodzaj\u00f3w darmowych stron z pod\u0142\u0105czeniami dost\u0119pnych obecnie online. Niekt\u00f3re koncentruj\u0105 si\u0119 na przypadkowych spotkaniach, podczas gdy inne zaspokajaj\u0105 d\u0142ugoterminowe relacje. Bezp\u0142atne witryny oferuj\u0105ce szerok\u0105 gam\u0119 funkcji, w tym pokoje rozm\u00f3w, czaty wideo, komunikatory internetowe i wiele innych. Wiele z tych witryn umo\u017cliwia cz\u0142onkom tworzenie profili , w kt\u00f3rych mog\u0105 przesy\u0142a\u0107 zdj\u0119cia, pisa\u0107 &#8230; <a title=\"Rodzaje stron z pod\u0142\u0105czeniami\" class=\"read-more\" href=\"https:\/\/nosesso.net\/pl\/rodzaje-stron-z-podlaczeniami\/\" aria-label=\"More on Rodzaje stron z pod\u0142\u0105czeniami\">Czytaj dalej<\/a><\/p>\n","protected":false},"author":1,"featured_media":0,"parent":0,"menu_order":0,"comment_status":"closed","ping_status":"closed","template":"","meta":[],"yoast_head":"<!-- This site is optimized with the Yoast SEO plugin v17.7.1 - https:\/\/yoast.com\/wordpress\/plugins\/seo\/ -->\n<title>Rodzaje stron z pod\u0142\u0105czeniami - No Sesso<\/title>\n<meta name=\"robots\" content=\"index, follow, max-snippet:-1, max-image-preview:large, max-video-preview:-1\" \/>\n<link rel=\"canonical\" href=\"https:\/\/nosesso.net\/pl\/rodzaje-stron-z-podlaczeniami\/\" \/>\n<meta property=\"og:locale\" content=\"pl_PL\" \/>\n<meta property=\"og:type\" content=\"article\" \/>\n<meta property=\"og:title\" content=\"Rodzaje stron z pod\u0142\u0105czeniami - No Sesso\" \/>\n<meta property=\"og:description\" content=\"Istnieje wiele r\u00f3\u017cnych rodzaj\u00f3w darmowych stron z pod\u0142\u0105czeniami dost\u0119pnych obecnie online. Niekt\u00f3re koncentruj\u0105 si\u0119 na przypadkowych spotkaniach, podczas gdy inne zaspokajaj\u0105 d\u0142ugoterminowe relacje. Bezp\u0142atne witryny oferuj\u0105ce szerok\u0105 gam\u0119 funkcji, w tym pokoje rozm\u00f3w, czaty wideo, komunikatory internetowe i wiele innych. Wiele z tych witryn umo\u017cliwia cz\u0142onkom tworzenie profili , w kt\u00f3rych mog\u0105 przesy\u0142a\u0107 zdj\u0119cia, pisa\u0107 ... Czytaj dalej\" \/>\n<meta property=\"og:url\" content=\"https:\/\/nosesso.net\/pl\/rodzaje-stron-z-podlaczeniami\/\" \/>\n<meta property=\"og:site_name\" content=\"No Sesso\" \/>\n<meta property=\"og:image\" content=\"http:\/\/nosesso.net\/wp-content\/uploads\/2022\/06\/heart-dating-1024x658.jpeg\" \/>\n<meta name=\"twitter:card\" content=\"summary_large_image\" \/>\n<meta name=\"twitter:label1\" content=\"Szacowany czas czytania\" \/>\n\t<meta name=\"twitter:data1\" content=\"3 minuty\" \/>\n<script type=\"application\/ld+json\" class=\"yoast-schema-graph\">{\"@context\":\"https:\/\/schema.org\",\"@graph\":[{\"@type\":\"WebSite\",\"@id\":\"https:\/\/nosesso.net\/#website\",\"url\":\"https:\/\/nosesso.net\/\",\"name\":\"No Sesso\",\"description\":\"Real Dating Reviews\",\"potentialAction\":[{\"@type\":\"SearchAction\",\"target\":{\"@type\":\"EntryPoint\",\"urlTemplate\":\"https:\/\/nosesso.net\/?s={search_term_string}\"},\"query-input\":\"required name=search_term_string\"}],\"inLanguage\":\"pl-PL\"},{\"@type\":\"ImageObject\",\"@id\":\"https:\/\/nosesso.net\/pl\/rodzaje-stron-z-podlaczeniami\/#primaryimage\",\"inLanguage\":\"pl-PL\",\"url\":\"http:\/\/nosesso.net\/wp-content\/uploads\/2022\/06\/heart-dating-1024x658.jpeg\",\"contentUrl\":\"http:\/\/nosesso.net\/wp-content\/uploads\/2022\/06\/heart-dating-1024x658.jpeg\"},{\"@type\":\"WebPage\",\"@id\":\"https:\/\/nosesso.net\/pl\/rodzaje-stron-z-podlaczeniami\/#webpage\",\"url\":\"https:\/\/nosesso.net\/pl\/rodzaje-stron-z-podlaczeniami\/\",\"name\":\"Rodzaje stron z pod\\u0142\\u0105czeniami - No Sesso\",\"isPartOf\":{\"@id\":\"https:\/\/nosesso.net\/#website\"},\"primaryImageOfPage\":{\"@id\":\"https:\/\/nosesso.net\/pl\/rodzaje-stron-z-podlaczeniami\/#primaryimage\"},\"datePublished\":\"2022-06-23T10:45:34+00:00\",\"dateModified\":\"2022-06-23T10:45:34+00:00\",\"breadcrumb\":{\"@id\":\"https:\/\/nosesso.net\/pl\/rodzaje-stron-z-podlaczeniami\/#breadcrumb\"},\"inLanguage\":\"pl-PL\",\"potentialAction\":[{\"@type\":\"ReadAction\",\"target\":[\"https:\/\/nosesso.net\/pl\/rodzaje-stron-z-podlaczeniami\/\"]}]},{\"@type\":\"BreadcrumbList\",\"@id\":\"https:\/\/nosesso.net\/pl\/rodzaje-stron-z-podlaczeniami\/#breadcrumb\",\"itemListElement\":[{\"@type\":\"ListItem\",\"position\":1,\"name\":\"Home\",\"item\":\"https:\/\/nosesso.net\/pl\/\"},{\"@type\":\"ListItem\",\"position\":2,\"name\":\"Rodzaje stron z pod\\u0142\\u0105czeniami\"}]}]}<\/script>\n<!-- \/ Yoast SEO plugin. -->","yoast_head_json":{"title":"Rodzaje stron z pod\u0142\u0105czeniami - No Sesso","robots":{"index":"index","follow":"follow","max-snippet":"max-snippet:-1","max-image-preview":"max-image-preview:large","max-video-preview":"max-video-preview:-1"},"canonical":"https:\/\/nosesso.net\/pl\/rodzaje-stron-z-podlaczeniami\/","og_locale":"pl_PL","og_type":"article","og_title":"Rodzaje stron z pod\u0142\u0105czeniami - No Sesso","og_description":"Istnieje wiele r\u00f3\u017cnych rodzaj\u00f3w darmowych stron z pod\u0142\u0105czeniami dost\u0119pnych obecnie online. Niekt\u00f3re koncentruj\u0105 si\u0119 na przypadkowych spotkaniach, podczas gdy inne zaspokajaj\u0105 d\u0142ugoterminowe relacje. Bezp\u0142atne witryny oferuj\u0105ce szerok\u0105 gam\u0119 funkcji, w tym pokoje rozm\u00f3w, czaty wideo, komunikatory internetowe i wiele innych. Wiele z tych witryn umo\u017cliwia cz\u0142onkom tworzenie profili , w kt\u00f3rych mog\u0105 przesy\u0142a\u0107 zdj\u0119cia, pisa\u0107 ... Czytaj dalej","og_url":"https:\/\/nosesso.net\/pl\/rodzaje-stron-z-podlaczeniami\/","og_site_name":"No Sesso","og_image":[{"url":"http:\/\/nosesso.net\/wp-content\/uploads\/2022\/06\/heart-dating-1024x658.jpeg"}],"twitter_card":"summary_large_image","twitter_misc":{"Szacowany czas czytania":"3 minuty"},"schema":{"@context":"https:\/\/schema.org","@graph":[{"@type":"WebSite","@id":"https:\/\/nosesso.net\/#website","url":"https:\/\/nosesso.net\/","name":"No Sesso","description":"Real Dating Reviews","potentialAction":[{"@type":"SearchAction","target":{"@type":"EntryPoint","urlTemplate":"https:\/\/nosesso.net\/?s={search_term_string}"},"query-input":"required name=search_term_string"}],"inLanguage":"pl-PL"},{"@type":"ImageObject","@id":"https:\/\/nosesso.net\/pl\/rodzaje-stron-z-podlaczeniami\/#primaryimage","inLanguage":"pl-PL","url":"http:\/\/nosesso.net\/wp-content\/uploads\/2022\/06\/heart-dating-1024x658.jpeg","contentUrl":"http:\/\/nosesso.net\/wp-content\/uploads\/2022\/06\/heart-dating-1024x658.jpeg"},{"@type":"WebPage","@id":"https:\/\/nosesso.net\/pl\/rodzaje-stron-z-podlaczeniami\/#webpage","url":"https:\/\/nosesso.net\/pl\/rodzaje-stron-z-podlaczeniami\/","name":"Rodzaje stron z pod\u0142\u0105czeniami - No Sesso","isPartOf":{"@id":"https:\/\/nosesso.net\/#website"},"primaryImageOfPage":{"@id":"https:\/\/nosesso.net\/pl\/rodzaje-stron-z-podlaczeniami\/#primaryimage"},"datePublished":"2022-06-23T10:45:34+00:00","dateModified":"2022-06-23T10:45:34+00:00","breadcrumb":{"@id":"https:\/\/nosesso.net\/pl\/rodzaje-stron-z-podlaczeniami\/#breadcrumb"},"inLanguage":"pl-PL","potentialAction":[{"@type":"ReadAction","target":["https:\/\/nosesso.net\/pl\/rodzaje-stron-z-podlaczeniami\/"]}]},{"@type":"BreadcrumbList","@id":"https:\/\/nosesso.net\/pl\/rodzaje-stron-z-podlaczeniami\/#breadcrumb","itemListElement":[{"@type":"ListItem","position":1,"name":"Home","item":"https:\/\/nosesso.net\/pl\/"},{"@type":"ListItem","position":2,"name":"Rodzaje stron z pod\u0142\u0105czeniami"}]}]}},"_links":{"self":[{"href":"https:\/\/nosesso.net\/pl\/wp-json\/wp\/v2\/pages\/245"}],"collection":[{"href":"https:\/\/nosesso.net\/pl\/wp-json\/wp\/v2\/pages"}],"about":[{"href":"https:\/\/nosesso.net\/pl\/wp-json\/wp\/v2\/types\/page"}],"author":[{"embeddable":true,"href":"https:\/\/nosesso.net\/pl\/wp-json\/wp\/v2\/users\/1"}],"replies":[{"embeddable":true,"href":"https:\/\/nosesso.net\/pl\/wp-json\/wp\/v2\/comments?post=245"}],"version-history":[{"count":0,"href":"https:\/\/nosesso.net\/pl\/wp-json\/wp\/v2\/pages\/245\/revisions"}],"wp:attachment":[{"href":"https:\/\/nosesso.net\/pl\/wp-json\/wp\/v2\/media?parent=245"}],"curies":[{"name":"wp","href":"https:\/\/api.w.org\/{rel}","templated":true}]}}