{"id":252,"date":"2022-06-23T11:41:21","date_gmt":"2022-06-23T10:41:21","guid":{"rendered":"http:\/\/nosesso.net\/sex-hookup-przewodnik\/"},"modified":"2022-06-30T20:23:00","modified_gmt":"2022-06-30T19:23:00","slug":"sex-hookup-przewodnik","status":"publish","type":"page","link":"https:\/\/nosesso.net\/pl\/","title":{"rendered":"Sex Hookup Przewodnik"},"content":{"rendered":"<p>Randki dla doros\u0142ych to \u015bwietny spos\u00f3b na poznanie nowych przyjaci\u00f3\u0142, nawi\u0105zanie nowych kontakt\u00f3w, a nawet znalezienie mi\u0142o\u015bci. Ale nie zawsze \u0142atwo jest zacz\u0105\u0107.<\/p>\n<p>Ten przewodnik pomo\u017ce Ci dowiedzie\u0107 si\u0119 wszystkiego, co musisz wiedzie\u0107 o randkach dla doros\u0142ych, w tym:<\/p>\n<p>Jakie serwisy randkowe dla doros\u0142ych s\u0105 dost\u0119pne<\/p>\n<ul>\n<li>Jak wybra\u0107 odpowiedni\u0105 witryn\u0119 dla siebie<\/li>\n<li>Jak utworzy\u0107 profil, kt\u00f3ry zostanie zauwa\u017cony<\/li>\n<li>Jak przyci\u0105gn\u0105\u0107 uwag\u0119 potencjalnych dat<\/li>\n<li>Jak odpowiada\u0107 na wiadomo\u015bci<\/li>\n<li>Jak za\u0142o\u017cy\u0107 bezp\u0142atne konto pr\u00f3bne<\/li>\n<li>I wiele wi\u0119cej<\/li>\n<\/ul>\n<p><img loading=\"lazy\" class=\"aligncenter size-full wp-image-57\" src=\"http:\/\/nosesso.net\/wp-content\/uploads\/2022\/06\/online-hookup-sites.jpeg\" alt=\"\" width=\"500\" height=\"750\" srcset=\"https:\/\/nosesso.net\/wp-content\/uploads\/2022\/06\/online-hookup-sites.jpeg 500w, https:\/\/nosesso.net\/wp-content\/uploads\/2022\/06\/online-hookup-sites-200x300.jpeg 200w\" sizes=\"(max-width: 500px) 100vw, 500px\" \/><\/p>\n<h2>Czym jest dla Ciebie No Sesso?<\/h2>\n<p>Jedn\u0105 z najlepszych cz\u0119\u015bci randek seksualnych jest to, \u017ce jest ca\u0142kowicie anonimowa. Do rejestracji nie s\u0105 wymagane \u017cadne dane osobowe i nikt nie musi wiedzie\u0107 nic wi\u0119cej o Tobie poza Twoimi preferencjami. Oznacza to, \u017ce mo\u017cesz by\u0107 sob\u0105, nie martwi\u0105c si\u0119 o ujawnienie jakichkolwiek wstydliwych tajemnic.<\/p>\n<p>Po znalezieniu osoby, z kt\u00f3r\u0105 chcesz si\u0119 um\u00f3wi\u0107, mo\u017cesz skonfigurowa\u0107 miejsce i godzin\u0119 spotkania. Serwisy randkowe zazwyczaj oferuj\u0105 kilka opcji organizowania randek, w tym wiadomo\u015bci tekstowe, rozmowy telefoniczne, czaty wideo i spotkania twarz\u0105 w twarz.<\/p>\n<p>Ostatnim krokiem jest uprawianie seksu. Podczas gdy niekt\u00f3rzy ludzie lubi\u0105 <a href=\"http:\/\/nosesso.net\/which-app-is-best-for-affiars\/\">uprawia\u0107 seks z nieznajomymi<\/a>, inni czuj\u0105 si\u0119 nieswojo. Aby si\u0119 chroni\u0107, zawsze wybieraj lokalizacj\u0119, kt\u00f3ra jest bezpieczna i prywatna.<\/p>\n<p>Przygodny seks to bardzo popularny temat w Internecie. Wygl\u0105da na to, \u017ce ka\u017cdy chce o tym rozmawia\u0107 i \u0142atwo zrozumie\u0107, dlaczego. Istnieje wiele r\u00f3\u017cnych powod\u00f3w, dla kt\u00f3rych ludzie lubi\u0105 przygodny seks, w tym fakt, \u017ce jest zabawny, ekscytuj\u0105cy i darmowy.<\/p>\n<p>Istnieje wiele <a href=\"http:\/\/nosesso.net\/free-hookup-sites\/\">darmowych stron z pod\u0142\u0105czeniami<\/a> , na kt\u00f3rych mo\u017cna spotka\u0107 innych ludzi, kt\u00f3rzy s\u0105 zainteresowani przygodnym seksem. Witryny te umo\u017cliwiaj\u0105 przegl\u0105danie profili os\u00f3b, kt\u00f3re szukaj\u0105 przypadkowego seksu, i mo\u017cesz wysy\u0142a\u0107 im wiadomo\u015bci bezpo\u015brednio, je\u015bli chcesz.<\/p>\n<h3>Jak mo\u017cemy pom\u00f3c Ci znale\u017a\u0107 daty z witrynami do pod\u0142\u0105czania<\/h3>\n<p>Lokalny seks sta\u0142 si\u0119 coraz bardziej popularny w ci\u0105gu ostatnich kilku lat, sprawd\u017a\u00a0por\u00f3wnywark\u0119, aby uzyska\u0107 list\u0119 aplikacji do czatu seksualnego, do kt\u00f3rych mo\u017cesz do\u0142\u0105czy\u0107. Nic dziwnego, \u017ce coraz wi\u0119cej os\u00f3b korzysta z zasob\u00f3w internetowych, aby spotka\u0107 innych singli, kt\u00f3rzy maj\u0105 podobne zainteresowania.<\/p>\n<p>Niezale\u017cnie od tego, czy interesuj\u0105 Ci\u0119 przypadkowe po\u0142\u0105czenia, czy d\u0142ugoterminowe relacje, lokalne witryny erotyczne oferuj\u0105 wygodny spos\u00f3b \u0142\u0105czenia si\u0119 z innymi, kt\u00f3rzy podzielaj\u0105 Twoje pragnienia. Witryny te umo\u017cliwiaj\u0105 przegl\u0105danie profili cz\u0142onk\u00f3w na podstawie lokalizacji, wieku i preferencji seksualnych.<\/p>\n<p>Obecnie dost\u0119pnych jest wiele r\u00f3\u017cnych rodzaj\u00f3w lokalnych witryn erotycznych. Niekt\u00f3re koncentruj\u0105 si\u0119 wy\u0142\u0105cznie na przypadkowych spotkaniach, podczas gdy inne zaspokajaj\u0105 potrzeby par, kt\u00f3re chc\u0105 wsp\u00f3lnie odkrywa\u0107 swoj\u0105 seksualno\u015b\u0107. Najlepsze jest to, \u017ce te witryny mo\u017cna do\u0142\u0105cza\u0107 bezp\u0142atnie, dzi\u0119ki czemu s\u0105 \u0142atwo dost\u0119pne i u\u017cywane.<\/p>\n<p>Przy tak wielu dost\u0119pnych opcjach trudno jest zdecydowa\u0107, od czego zacz\u0105\u0107. Zacznij od przejrzenia naszej kolekcji 10 najlepszych lokalnych witryn erotycznych, aby dowiedzie\u0107 si\u0119 wi\u0119cej o ka\u017cdej opcji. Nast\u0119pnie przeczytaj recenzje od prawdziwych u\u017cytkownik\u00f3w, aby ustali\u0107, czy kt\u00f3ry\u015b z nich jest wart do\u0142\u0105czenia.<\/p>\n<h3>Czy randki online faktycznie dzia\u0142aj\u0105?<\/h3>\n<p>Randki seksualne to rodzaj randek internetowych, w kt\u00f3rych ludzie spotykaj\u0105 si\u0119 poprzez wzajemne zainteresowanie seksem. R\u00f3\u017cni si\u0119 od innych rodzaj\u00f3w randek internetowych, takich jak, poniewa\u017c nie wymaga relacji mi\u0119dzy dwojgiem ludzi. Zamiast tego pozwala ludziom, kt\u00f3rzy s\u0105 zainteresowani przypadkowymi spotkaniami seksualnymi, po\u0142\u0105czy\u0107 si\u0119 ze sob\u0105.<\/p>\n<p>W wi\u0119kszo\u015bci przypadk\u00f3w wi\u0119kszo\u015b\u0107 serwis\u00f3w randkowych z seksem mo\u017ce do\u0142\u0105czy\u0107, je\u015bli spojrzysz, mo\u017cesz zobaczy\u0107 listy najlepszych opcji. Je\u015bli jednak wolisz p\u0142aci\u0107 za cz\u0142onkostwo premium, zazwyczaj mo\u017cesz zarejestrowa\u0107 si\u0119 na miesi\u0119czn\u0105 op\u0142at\u0119 subskrypcyjn\u0105. Po utworzeniu profilu b\u0119dziesz m\u00f3g\u0142 przegl\u0105da\u0107 profile innych cz\u0142onk\u00f3w i wysy\u0142a\u0107 wiadomo\u015bci do potencjalnych partner\u00f3w.<\/p>\n<p>Podczas gdy wiele serwis\u00f3w randkowych pozwala na utworzenie profilu, inne wymagaj\u0105 wype\u0142nienia kwestionariusza przed uzyskaniem pozwolenia na rejestracj\u0119. Niekt\u00f3re witryny zadaj\u0105 pytania dotycz\u0105ce wieku, p\u0142ci, pochodzenia etnicznego, religii, stanu cywilnego, zawodu, hobby i zainteresowa\u0144.<\/p>\n<p>Po wype\u0142nieniu tych formularzy otrzymasz wiadomo\u015b\u0107 e-mail z potwierdzeniem, \u017ce rejestracja zako\u0144czy\u0142a si\u0119 pomy\u015blnie. Je\u015bli zosta\u0142e\u015b przyj\u0119ty do spo\u0142eczno\u015bci, otrzymasz dost\u0119p do funkcji witryny.<\/p>\n<h3>Na co nale\u017cy uwa\u017ca\u0107?<\/h3>\n<p>Wa\u017cne jest, aby pami\u0119ta\u0107, \u017ce tego typu witryny nie zawsze s\u0105 bezpieczne. Upewnij si\u0119, \u017ce czytasz recenzje i zadajesz pytania przed zarejestrowaniem si\u0119 w jakimkolwiek serwisie randkowym. Nie podawaj danych osobowych, dop\u00f3ki nie b\u0119dziesz absolutnie pewien, \u017ce ufasz osobie, z kt\u00f3r\u0105 rozmawiasz.<\/p>\n<p>Uwa\u017caj r\u00f3wnie\u017c na udost\u0119pnianie zbyt du\u017cej ilo\u015bci danych osobowych. Niekt\u00f3rzy ludzie mog\u0105 pr\u00f3bowa\u0107 oszuka\u0107 Ci\u0119 z pieni\u0119dzy lub ukra\u015b\u0107 Twoj\u0105 to\u017csamo\u015b\u0107. Zachowaj czujno\u015b\u0107 i chro\u0144 si\u0119 przed oszustami.<\/p>\n<p>Nie zapomnij podzieli\u0107 si\u0119 w\u0142asnymi do\u015bwiadczeniami z przygodnym seksem. Opowiedz nam o najlepszych miejscach do poznawania ludzi na przygodny seks i daj innym zna\u0107, czego si\u0119 nauczy\u0142e\u015b.<\/p>\n<p><a href=\"http:\/\/nosesso.net\/why-local-hookup-apps-could-be-right-for-you\/\">Lokalne po\u0142\u0105czenia staj\u0105 si\u0119<\/a> coraz bardziej popularne w\u015br\u00f3d singli, kt\u00f3rzy s\u0105 zm\u0119czeni gr\u0105 w zwi\u0105zki na odleg\u0142o\u015b\u0107. \u0141atwo jest spotka\u0107 kogo\u015b lokalnego, je\u015bli chcesz w\u0142o\u017cy\u0107 wysi\u0142ek.<\/p>\n<p>Aby rozpocz\u0105\u0107, musisz utworzy\u0107 profil w aplikacji randkowej, takiej jak Tinder lub Bumble. Gdy to zrobisz, mo\u017cesz przegl\u0105da\u0107 profile, a\u017c znajdziesz kogo\u015b, kto wpadnie Ci w oko. Nast\u0119pnie mo\u017cesz wys\u0142a\u0107 im wiadomo\u015b\u0107 i zaprosi\u0107 ich na randk\u0119.<\/p>\n<p>Wa\u017cne jest, aby pami\u0119ta\u0107, \u017ce aplikacje randkowe online nie s\u0142u\u017c\u0105 tylko do spotka\u0144 z nieznajomymi; S\u0105 r\u00f3wnie\u017c doskona\u0142ym miejscem do \u0142\u0105czenia si\u0119 z przyjaci\u00f3\u0142mi i cz\u0142onkami rodziny. Tak wi\u0119c, je\u015bli szukasz przypadkowego po\u0142\u0105czenia, spr\u00f3buj wyszuka\u0107 mecze z telefonu, zamiast i\u015b\u0107 prosto do baru lub klubu.<\/p>\n<p>Po znalezieniu kogo\u015b, kto wydaje si\u0119 by\u0107 tob\u0105 zainteresowany, mo\u017cesz zdecydowa\u0107, czy chcesz kontynuowa\u0107 rozmow\u0119 z nim. Je\u015bli sko\u0144czysz rozmow\u0119, post\u0119puj zgodnie z tymi wskaz\u00f3wkami, aby unikn\u0105\u0107 oszustwa.<\/p>\n","protected":false},"excerpt":{"rendered":"<p>Randki dla doros\u0142ych to \u015bwietny spos\u00f3b na poznanie nowych przyjaci\u00f3\u0142, nawi\u0105zanie nowych kontakt\u00f3w, a nawet znalezienie mi\u0142o\u015bci. Ale nie zawsze \u0142atwo jest zacz\u0105\u0107. Ten przewodnik pomo\u017ce Ci dowiedzie\u0107 si\u0119 wszystkiego, co musisz wiedzie\u0107 o randkach dla doros\u0142ych, w tym: Jakie serwisy randkowe dla doros\u0142ych s\u0105 dost\u0119pne Jak wybra\u0107 odpowiedni\u0105 witryn\u0119 dla siebie Jak utworzy\u0107 profil, &#8230; <a title=\"Sex Hookup Przewodnik\" class=\"read-more\" href=\"https:\/\/nosesso.net\/pl\/\" aria-label=\"More on Sex Hookup Przewodnik\">Czytaj dalej<\/a><\/p>\n","protected":false},"author":1,"featured_media":0,"parent":0,"menu_order":0,"comment_status":"closed","ping_status":"closed","template":"","meta":[],"yoast_head":"<!-- This site is optimized with the Yoast SEO plugin v17.7.1 - https:\/\/yoast.com\/wordpress\/plugins\/seo\/ -->\n<title>Sex Hookup Przewodnik - No Sesso<\/title>\n<meta name=\"robots\" content=\"index, follow, max-snippet:-1, max-image-preview:large, max-video-preview:-1\" \/>\n<link rel=\"canonical\" href=\"https:\/\/nosesso.net\/pl\/\" \/>\n<meta property=\"og:locale\" content=\"pl_PL\" \/>\n<meta property=\"og:type\" content=\"article\" \/>\n<meta property=\"og:title\" content=\"Sex Hookup Przewodnik - No Sesso\" \/>\n<meta property=\"og:description\" content=\"Randki dla doros\u0142ych to \u015bwietny spos\u00f3b na poznanie nowych przyjaci\u00f3\u0142, nawi\u0105zanie nowych kontakt\u00f3w, a nawet znalezienie mi\u0142o\u015bci. Ale nie zawsze \u0142atwo jest zacz\u0105\u0107. Ten przewodnik pomo\u017ce Ci dowiedzie\u0107 si\u0119 wszystkiego, co musisz wiedzie\u0107 o randkach dla doros\u0142ych, w tym: Jakie serwisy randkowe dla doros\u0142ych s\u0105 dost\u0119pne Jak wybra\u0107 odpowiedni\u0105 witryn\u0119 dla siebie Jak utworzy\u0107 profil, ... Czytaj dalej\" \/>\n<meta property=\"og:url\" content=\"https:\/\/nosesso.net\/pl\/\" \/>\n<meta property=\"og:site_name\" content=\"No Sesso\" \/>\n<meta property=\"article:modified_time\" content=\"2022-06-30T19:23:00+00:00\" \/>\n<meta property=\"og:image\" content=\"http:\/\/nosesso.net\/wp-content\/uploads\/2022\/06\/online-hookup-sites.jpeg\" \/>\n<meta name=\"twitter:card\" content=\"summary_large_image\" \/>\n<meta name=\"twitter:label1\" content=\"Szacowany czas czytania\" \/>\n\t<meta name=\"twitter:data1\" content=\"5 minut\" \/>\n<script type=\"application\/ld+json\" class=\"yoast-schema-graph\">{\"@context\":\"https:\/\/schema.org\",\"@graph\":[{\"@type\":\"WebSite\",\"@id\":\"https:\/\/nosesso.net\/#website\",\"url\":\"https:\/\/nosesso.net\/\",\"name\":\"No Sesso\",\"description\":\"Real Dating Reviews\",\"potentialAction\":[{\"@type\":\"SearchAction\",\"target\":{\"@type\":\"EntryPoint\",\"urlTemplate\":\"https:\/\/nosesso.net\/?s={search_term_string}\"},\"query-input\":\"required name=search_term_string\"}],\"inLanguage\":\"pl-PL\"},{\"@type\":\"ImageObject\",\"@id\":\"https:\/\/nosesso.net\/pl\/#primaryimage\",\"inLanguage\":\"pl-PL\",\"url\":\"http:\/\/nosesso.net\/wp-content\/uploads\/2022\/06\/online-hookup-sites.jpeg\",\"contentUrl\":\"http:\/\/nosesso.net\/wp-content\/uploads\/2022\/06\/online-hookup-sites.jpeg\"},{\"@type\":\"WebPage\",\"@id\":\"https:\/\/nosesso.net\/pl\/#webpage\",\"url\":\"https:\/\/nosesso.net\/pl\/\",\"name\":\"Sex Hookup Przewodnik - No Sesso\",\"isPartOf\":{\"@id\":\"https:\/\/nosesso.net\/#website\"},\"primaryImageOfPage\":{\"@id\":\"https:\/\/nosesso.net\/pl\/#primaryimage\"},\"datePublished\":\"2022-06-23T10:41:21+00:00\",\"dateModified\":\"2022-06-30T19:23:00+00:00\",\"breadcrumb\":{\"@id\":\"https:\/\/nosesso.net\/pl\/#breadcrumb\"},\"inLanguage\":\"pl-PL\",\"potentialAction\":[{\"@type\":\"ReadAction\",\"target\":[\"https:\/\/nosesso.net\/pl\/\"]}]},{\"@type\":\"BreadcrumbList\",\"@id\":\"https:\/\/nosesso.net\/pl\/#breadcrumb\",\"itemListElement\":[{\"@type\":\"ListItem\",\"position\":1,\"name\":\"Home\",\"item\":\"http:\/\/nosesso.net\/pl\/\"},{\"@type\":\"ListItem\",\"position\":2,\"name\":\"Sex Hookup Przewodnik\"}]}]}<\/script>\n<!-- \/ Yoast SEO plugin. -->","yoast_head_json":{"title":"Sex Hookup Przewodnik - No Sesso","robots":{"index":"index","follow":"follow","max-snippet":"max-snippet:-1","max-image-preview":"max-image-preview:large","max-video-preview":"max-video-preview:-1"},"canonical":"https:\/\/nosesso.net\/pl\/","og_locale":"pl_PL","og_type":"article","og_title":"Sex Hookup Przewodnik - No Sesso","og_description":"Randki dla doros\u0142ych to \u015bwietny spos\u00f3b na poznanie nowych przyjaci\u00f3\u0142, nawi\u0105zanie nowych kontakt\u00f3w, a nawet znalezienie mi\u0142o\u015bci. Ale nie zawsze \u0142atwo jest zacz\u0105\u0107. Ten przewodnik pomo\u017ce Ci dowiedzie\u0107 si\u0119 wszystkiego, co musisz wiedzie\u0107 o randkach dla doros\u0142ych, w tym: Jakie serwisy randkowe dla doros\u0142ych s\u0105 dost\u0119pne Jak wybra\u0107 odpowiedni\u0105 witryn\u0119 dla siebie Jak utworzy\u0107 profil, ... Czytaj dalej","og_url":"https:\/\/nosesso.net\/pl\/","og_site_name":"No Sesso","article_modified_time":"2022-06-30T19:23:00+00:00","og_image":[{"url":"http:\/\/nosesso.net\/wp-content\/uploads\/2022\/06\/online-hookup-sites.jpeg"}],"twitter_card":"summary_large_image","twitter_misc":{"Szacowany czas czytania":"5 minut"},"schema":{"@context":"https:\/\/schema.org","@graph":[{"@type":"WebSite","@id":"https:\/\/nosesso.net\/#website","url":"https:\/\/nosesso.net\/","name":"No Sesso","description":"Real Dating Reviews","potentialAction":[{"@type":"SearchAction","target":{"@type":"EntryPoint","urlTemplate":"https:\/\/nosesso.net\/?s={search_term_string}"},"query-input":"required name=search_term_string"}],"inLanguage":"pl-PL"},{"@type":"ImageObject","@id":"https:\/\/nosesso.net\/pl\/#primaryimage","inLanguage":"pl-PL","url":"http:\/\/nosesso.net\/wp-content\/uploads\/2022\/06\/online-hookup-sites.jpeg","contentUrl":"http:\/\/nosesso.net\/wp-content\/uploads\/2022\/06\/online-hookup-sites.jpeg"},{"@type":"WebPage","@id":"https:\/\/nosesso.net\/pl\/#webpage","url":"https:\/\/nosesso.net\/pl\/","name":"Sex Hookup Przewodnik - No Sesso","isPartOf":{"@id":"https:\/\/nosesso.net\/#website"},"primaryImageOfPage":{"@id":"https:\/\/nosesso.net\/pl\/#primaryimage"},"datePublished":"2022-06-23T10:41:21+00:00","dateModified":"2022-06-30T19:23:00+00:00","breadcrumb":{"@id":"https:\/\/nosesso.net\/pl\/#breadcrumb"},"inLanguage":"pl-PL","potentialAction":[{"@type":"ReadAction","target":["https:\/\/nosesso.net\/pl\/"]}]},{"@type":"BreadcrumbList","@id":"https:\/\/nosesso.net\/pl\/#breadcrumb","itemListElement":[{"@type":"ListItem","position":1,"name":"Home","item":"http:\/\/nosesso.net\/pl\/"},{"@type":"ListItem","position":2,"name":"Sex Hookup Przewodnik"}]}]}},"_links":{"self":[{"href":"https:\/\/nosesso.net\/pl\/wp-json\/wp\/v2\/pages\/252"}],"collection":[{"href":"https:\/\/nosesso.net\/pl\/wp-json\/wp\/v2\/pages"}],"about":[{"href":"https:\/\/nosesso.net\/pl\/wp-json\/wp\/v2\/types\/page"}],"author":[{"embeddable":true,"href":"https:\/\/nosesso.net\/pl\/wp-json\/wp\/v2\/users\/1"}],"replies":[{"embeddable":true,"href":"https:\/\/nosesso.net\/pl\/wp-json\/wp\/v2\/comments?post=252"}],"version-history":[{"count":1,"href":"https:\/\/nosesso.net\/pl\/wp-json\/wp\/v2\/pages\/252\/revisions"}],"predecessor-version":[{"id":265,"href":"https:\/\/nosesso.net\/pl\/wp-json\/wp\/v2\/pages\/252\/revisions\/265"}],"wp:attachment":[{"href":"https:\/\/nosesso.net\/pl\/wp-json\/wp\/v2\/media?parent=252"}],"curies":[{"name":"wp","href":"https:\/\/api.w.org\/{rel}","templated":true}]}}