{"id":144,"date":"2022-06-23T11:49:10","date_gmt":"2022-06-23T10:49:10","guid":{"rendered":"http:\/\/nosesso.net\/var-hittar-man-manniskor-med-liknande-intressen\/"},"modified":"2022-06-23T11:49:10","modified_gmt":"2022-06-23T10:49:10","slug":"var-hittar-man-manniskor-med-liknande-intressen","status":"publish","type":"page","link":"https:\/\/nosesso.net\/sv\/var-hittar-man-manniskor-med-liknande-intressen\/","title":{"rendered":"Var hittar man m\u00e4nniskor med liknande intressen"},"content":{"rendered":"<p>Du kan ocks\u00e5 tr\u00e4ffa m\u00e4nniskor som delar liknande intressen. Du kan till exempel g\u00e5 med i ett gruppchattrum d\u00e4r alla delar samma hobbyer eller passioner. Dessa grupper \u00e4r ett bra s\u00e4tt att tr\u00e4ffa m\u00e4nniskor som delar dina intressen, och du kan enkelt bl\u00e4ddra igenom \u00e4mnena f\u00f6r att hitta exakt vad du letar efter.<\/p>\n<p>F\u00f6rutom att hitta personer med gemensamma intressen kan du ocks\u00e5 hitta personer som letar efter v\u00e4nner. M\u00e5nga webbplatser erbjuder gratis chattrum, och det h\u00e4r \u00e4r ett utm\u00e4rkt s\u00e4tt att hitta nya v\u00e4nner. Du kan ocks\u00e5 skapa ditt eget privata chattrum och bara bjuda in de personer som du vill spendera tid med.<\/p>\n<p><img loading=\"lazy\" class=\"aligncenter wp-image-53\" src=\"http:\/\/nosesso.net\/wp-content\/uploads\/2022\/06\/love-image-online-1024x683.webp\" alt=\"\" width=\"653\" height=\"435\" srcset=\"https:\/\/nosesso.net\/wp-content\/uploads\/2022\/06\/love-image-online-1024x683.webp 1024w, https:\/\/nosesso.net\/wp-content\/uploads\/2022\/06\/love-image-online-300x200.webp 300w, https:\/\/nosesso.net\/wp-content\/uploads\/2022\/06\/love-image-online-768x512.webp 768w, https:\/\/nosesso.net\/wp-content\/uploads\/2022\/06\/love-image-online.webp 1125w\" sizes=\"(max-width: 653px) 100vw, 653px\" \/><\/p>\n<h2>Chattrum eller dejtingappar?<\/h2>\n<p>Den st\u00f6rsta f\u00f6rdelen med att g\u00e5 med i ett chattrum f\u00f6r vuxna \u00e4r att du kan ha kul medan du g\u00f6r det. N\u00e4r du g\u00e5r in i ett chattrum kan du v\u00e4lja att antingen lyssna p\u00e5 musik eller titta p\u00e5 videor. Du kan ocks\u00e5 spela spel eller l\u00e4sa b\u00f6cker, och du kan till och med delta i omr\u00f6stningar eller unders\u00f6kningar.<\/p>\n<p>Medan du chattar kan du ocks\u00e5 skicka meddelanden till andra medlemmar. Du kan st\u00e4lla fr\u00e5gor till dem, ber\u00e4tta om dig sj\u00e4lv eller helt enkelt s\u00e4ga hej. Du kan ocks\u00e5 l\u00e4gga till v\u00e4nner i din kontaktlista, vilket inneb\u00e4r att du kan h\u00e5lla kontakten med dem \u00e4ven efter att du har l\u00e4mnat chattrummet.<\/p>\n<p>Sammanfattningsvis \u00e4r chattrum f\u00f6r vuxna ett utm\u00e4rkt s\u00e4tt att f\u00e5 nya v\u00e4nner, utforska nya intressen och njuta av dig sj\u00e4lv samtidigt. De \u00e4r ocks\u00e5 ett bra s\u00e4tt att tr\u00e4ffa nya m\u00e4nniskor, och du kan alltid hitta n\u00e5got att g\u00f6ra n\u00e4r du bes\u00f6ker ett chattrum.<\/p>\n<h2>Online Dating Apps kan vara b\u00e4st<\/h2>\n<p>Sex meet \u00e4r en term som anv\u00e4nds f\u00f6r att beskriva online dating webbplatser d\u00e4r medlemmar kan ansluta till andra som delar liknande intressen. Det finns m\u00e5nga sexm\u00f6tessajter tillg\u00e4ngliga idag, inklusive AdultFriendFinder, Ashley Madison och Match.com. Dessa webbplatser till\u00e5ter medlemmar att bl\u00e4ddra bland andra medlemmars profiler, skicka meddelanden och ordna datum.<\/p>\n<p>\u00c4ven om dessa typer av webbplatser \u00e4r gratis kr\u00e4ver de en betald prenumeration f\u00f6r att f\u00e5 tillg\u00e5ng till vissa funktioner. Till exempel erbjuder de flesta webbplatser premiummedlemskapsalternativ som inkluderar ytterligare meddelandefunktioner, avancerade s\u00f6kfilter och f\u00f6rb\u00e4ttrade profilvyer.<\/p>\n<p>Det finns flera f\u00f6rdelar med att registrera sig f\u00f6r en sex meet-webbplats. F\u00f6rst kan du enkelt hitta n\u00e5gon som delar dina sexuella preferenser. F\u00f6r det andra kan du <a href=\"http:\/\/nosesso.net\/sv\/gratis-anslutningswebbplatser\/\">kommunicera med potentiella partners<\/a> utan att beh\u00f6va betala f\u00f6r dyra telefonsamtal eller textmeddelanden. F\u00f6r det tredje kan du spara pengar genom att tr\u00e4ffa m\u00e4nniskor genom ett samh\u00e4lle ist\u00e4llet f\u00f6r att betala f\u00f6r enskilda tj\u00e4nster.<\/p>\n<p>Det \u00e4r ocks\u00e5 l\u00e4tt att g\u00e5 med p\u00e5 en sexm\u00f6tessida. Skapa bara en profil och ladda upp foton. Leta sedan efter personer som delar dina intressen och meddela dem direkt. S\u00e5 enkelt \u00e4r det!<\/p>\n<h2>Vad s\u00e4gs om lokala anslutningar?<\/h2>\n<p>Lokala anslutningar blir alltmer popul\u00e4ra bland singlar som \u00e4r tr\u00f6tta p\u00e5 samma gamla online-datingsidor. Dessa webbplatser \u00e4r inte alltid effektiva, och de kan vara dyra om du betalar f\u00f6r medlemsavgifter varje m\u00e5nad.<\/p>\n<p>Ist\u00e4llet f\u00f6r att betala m\u00e5nadsavgifter, prova <a href=\"http:\/\/nosesso.net\/sv\/gratis-casual-sex-dating-webbplatser\/\">lokala anslutningsappar<\/a> ist\u00e4llet. Med dessa appar kan du tr\u00e4ffa andra singlar i n\u00e4rheten, och du kan vanligtvis ansluta till dem inom n\u00e5gra minuter. Det \u00e4r mycket l\u00e4ttare att tr\u00e4ffa n\u00e5gon lokalt \u00e4n via en app som kr\u00e4ver att du reser l\u00e5nga str\u00e4ckor.<\/p>\n<p>Det finns m\u00e5nga olika typer av lokala anslutningsappar tillg\u00e4ngliga, inklusive Tinder, Bumble, Hinge och Plenty of Fish. Var och en har sina egna unika funktioner, s\u00e5 v\u00e4lj den som b\u00e4st passar dina behov. Tinder l\u00e5ter dig till exempel svepa \u00e5t v\u00e4nster eller h\u00f6ger f\u00f6r att best\u00e4mma om du vill prata med en annan anv\u00e4ndare eller inte.<\/p>\n<p>N\u00e4r du har hittat en lokal anslutningsapp som fungerar f\u00f6r dig, registrera dig och b\u00f6rja tr\u00e4ffa nya m\u00e4nniskor idag!<\/p>\n","protected":false},"excerpt":{"rendered":"<p>Du kan ocks\u00e5 tr\u00e4ffa m\u00e4nniskor som delar liknande intressen. Du kan till exempel g\u00e5 med i ett gruppchattrum d\u00e4r alla delar samma hobbyer eller passioner. Dessa grupper \u00e4r ett bra s\u00e4tt att tr\u00e4ffa m\u00e4nniskor som delar dina intressen, och du kan enkelt bl\u00e4ddra igenom \u00e4mnena f\u00f6r att hitta exakt vad du letar efter. F\u00f6rutom att &#8230; <a title=\"Var hittar man m\u00e4nniskor med liknande intressen\" class=\"read-more\" href=\"https:\/\/nosesso.net\/sv\/var-hittar-man-manniskor-med-liknande-intressen\/\" aria-label=\"Mer p\u00e5 Var hittar man m\u00e4nniskor med liknande intressen\">L\u00e4s mer<\/a><\/p>\n","protected":false},"author":1,"featured_media":0,"parent":0,"menu_order":0,"comment_status":"closed","ping_status":"closed","template":"","meta":[],"yoast_head":"<!-- This site is optimized with the Yoast SEO plugin v17.7.1 - https:\/\/yoast.com\/wordpress\/plugins\/seo\/ -->\n<title>Var hittar man m\u00e4nniskor med liknande intressen - No Sesso<\/title>\n<meta name=\"robots\" content=\"index, follow, max-snippet:-1, max-image-preview:large, max-video-preview:-1\" \/>\n<link rel=\"canonical\" href=\"https:\/\/nosesso.net\/sv\/var-hittar-man-manniskor-med-liknande-intressen\/\" \/>\n<meta property=\"og:locale\" content=\"sv_SE\" \/>\n<meta property=\"og:type\" content=\"article\" \/>\n<meta property=\"og:title\" content=\"Var hittar man m\u00e4nniskor med liknande intressen - No Sesso\" \/>\n<meta property=\"og:description\" content=\"Du kan ocks\u00e5 tr\u00e4ffa m\u00e4nniskor som delar liknande intressen. Du kan till exempel g\u00e5 med i ett gruppchattrum d\u00e4r alla delar samma hobbyer eller passioner. Dessa grupper \u00e4r ett bra s\u00e4tt att tr\u00e4ffa m\u00e4nniskor som delar dina intressen, och du kan enkelt bl\u00e4ddra igenom \u00e4mnena f\u00f6r att hitta exakt vad du letar efter. F\u00f6rutom att ... L\u00e4s mer\" \/>\n<meta property=\"og:url\" content=\"https:\/\/nosesso.net\/sv\/var-hittar-man-manniskor-med-liknande-intressen\/\" \/>\n<meta property=\"og:site_name\" content=\"No Sesso\" \/>\n<meta property=\"og:image\" content=\"http:\/\/nosesso.net\/wp-content\/uploads\/2022\/06\/love-image-online-1024x683.webp\" \/>\n<meta name=\"twitter:card\" content=\"summary_large_image\" \/>\n<meta name=\"twitter:label1\" content=\"Ber\u00e4knad l\u00e4stid\" \/>\n\t<meta name=\"twitter:data1\" content=\"4 minuter\" \/>\n<script type=\"application\/ld+json\" class=\"yoast-schema-graph\">{\"@context\":\"https:\/\/schema.org\",\"@graph\":[{\"@type\":\"WebSite\",\"@id\":\"https:\/\/nosesso.net\/#website\",\"url\":\"https:\/\/nosesso.net\/\",\"name\":\"No Sesso\",\"description\":\"Real Dating Reviews\",\"potentialAction\":[{\"@type\":\"SearchAction\",\"target\":{\"@type\":\"EntryPoint\",\"urlTemplate\":\"https:\/\/nosesso.net\/?s={search_term_string}\"},\"query-input\":\"required name=search_term_string\"}],\"inLanguage\":\"sv-SE\"},{\"@type\":\"ImageObject\",\"@id\":\"https:\/\/nosesso.net\/sv\/var-hittar-man-manniskor-med-liknande-intressen\/#primaryimage\",\"inLanguage\":\"sv-SE\",\"url\":\"http:\/\/nosesso.net\/wp-content\/uploads\/2022\/06\/love-image-online-1024x683.webp\",\"contentUrl\":\"http:\/\/nosesso.net\/wp-content\/uploads\/2022\/06\/love-image-online-1024x683.webp\"},{\"@type\":\"WebPage\",\"@id\":\"https:\/\/nosesso.net\/sv\/var-hittar-man-manniskor-med-liknande-intressen\/#webpage\",\"url\":\"https:\/\/nosesso.net\/sv\/var-hittar-man-manniskor-med-liknande-intressen\/\",\"name\":\"Var hittar man m\\u00e4nniskor med liknande intressen - No Sesso\",\"isPartOf\":{\"@id\":\"https:\/\/nosesso.net\/#website\"},\"primaryImageOfPage\":{\"@id\":\"https:\/\/nosesso.net\/sv\/var-hittar-man-manniskor-med-liknande-intressen\/#primaryimage\"},\"datePublished\":\"2022-06-23T10:49:10+00:00\",\"dateModified\":\"2022-06-23T10:49:10+00:00\",\"breadcrumb\":{\"@id\":\"https:\/\/nosesso.net\/sv\/var-hittar-man-manniskor-med-liknande-intressen\/#breadcrumb\"},\"inLanguage\":\"sv-SE\",\"potentialAction\":[{\"@type\":\"ReadAction\",\"target\":[\"https:\/\/nosesso.net\/sv\/var-hittar-man-manniskor-med-liknande-intressen\/\"]}]},{\"@type\":\"BreadcrumbList\",\"@id\":\"https:\/\/nosesso.net\/sv\/var-hittar-man-manniskor-med-liknande-intressen\/#breadcrumb\",\"itemListElement\":[{\"@type\":\"ListItem\",\"position\":1,\"name\":\"Home\",\"item\":\"http:\/\/nosesso.net\/sv\/\"},{\"@type\":\"ListItem\",\"position\":2,\"name\":\"Var hittar man m\\u00e4nniskor med liknande intressen\"}]}]}<\/script>\n<!-- \/ Yoast SEO plugin. -->","yoast_head_json":{"title":"Var hittar man m\u00e4nniskor med liknande intressen - No Sesso","robots":{"index":"index","follow":"follow","max-snippet":"max-snippet:-1","max-image-preview":"max-image-preview:large","max-video-preview":"max-video-preview:-1"},"canonical":"https:\/\/nosesso.net\/sv\/var-hittar-man-manniskor-med-liknande-intressen\/","og_locale":"sv_SE","og_type":"article","og_title":"Var hittar man m\u00e4nniskor med liknande intressen - No Sesso","og_description":"Du kan ocks\u00e5 tr\u00e4ffa m\u00e4nniskor som delar liknande intressen. Du kan till exempel g\u00e5 med i ett gruppchattrum d\u00e4r alla delar samma hobbyer eller passioner. Dessa grupper \u00e4r ett bra s\u00e4tt att tr\u00e4ffa m\u00e4nniskor som delar dina intressen, och du kan enkelt bl\u00e4ddra igenom \u00e4mnena f\u00f6r att hitta exakt vad du letar efter. F\u00f6rutom att ... L\u00e4s mer","og_url":"https:\/\/nosesso.net\/sv\/var-hittar-man-manniskor-med-liknande-intressen\/","og_site_name":"No Sesso","og_image":[{"url":"http:\/\/nosesso.net\/wp-content\/uploads\/2022\/06\/love-image-online-1024x683.webp"}],"twitter_card":"summary_large_image","twitter_misc":{"Ber\u00e4knad l\u00e4stid":"4 minuter"},"schema":{"@context":"https:\/\/schema.org","@graph":[{"@type":"WebSite","@id":"https:\/\/nosesso.net\/#website","url":"https:\/\/nosesso.net\/","name":"No Sesso","description":"Real Dating Reviews","potentialAction":[{"@type":"SearchAction","target":{"@type":"EntryPoint","urlTemplate":"https:\/\/nosesso.net\/?s={search_term_string}"},"query-input":"required name=search_term_string"}],"inLanguage":"sv-SE"},{"@type":"ImageObject","@id":"https:\/\/nosesso.net\/sv\/var-hittar-man-manniskor-med-liknande-intressen\/#primaryimage","inLanguage":"sv-SE","url":"http:\/\/nosesso.net\/wp-content\/uploads\/2022\/06\/love-image-online-1024x683.webp","contentUrl":"http:\/\/nosesso.net\/wp-content\/uploads\/2022\/06\/love-image-online-1024x683.webp"},{"@type":"WebPage","@id":"https:\/\/nosesso.net\/sv\/var-hittar-man-manniskor-med-liknande-intressen\/#webpage","url":"https:\/\/nosesso.net\/sv\/var-hittar-man-manniskor-med-liknande-intressen\/","name":"Var hittar man m\u00e4nniskor med liknande intressen - No Sesso","isPartOf":{"@id":"https:\/\/nosesso.net\/#website"},"primaryImageOfPage":{"@id":"https:\/\/nosesso.net\/sv\/var-hittar-man-manniskor-med-liknande-intressen\/#primaryimage"},"datePublished":"2022-06-23T10:49:10+00:00","dateModified":"2022-06-23T10:49:10+00:00","breadcrumb":{"@id":"https:\/\/nosesso.net\/sv\/var-hittar-man-manniskor-med-liknande-intressen\/#breadcrumb"},"inLanguage":"sv-SE","potentialAction":[{"@type":"ReadAction","target":["https:\/\/nosesso.net\/sv\/var-hittar-man-manniskor-med-liknande-intressen\/"]}]},{"@type":"BreadcrumbList","@id":"https:\/\/nosesso.net\/sv\/var-hittar-man-manniskor-med-liknande-intressen\/#breadcrumb","itemListElement":[{"@type":"ListItem","position":1,"name":"Home","item":"http:\/\/nosesso.net\/sv\/"},{"@type":"ListItem","position":2,"name":"Var hittar man m\u00e4nniskor med liknande intressen"}]}]}},"_links":{"self":[{"href":"https:\/\/nosesso.net\/sv\/wp-json\/wp\/v2\/pages\/144"}],"collection":[{"href":"https:\/\/nosesso.net\/sv\/wp-json\/wp\/v2\/pages"}],"about":[{"href":"https:\/\/nosesso.net\/sv\/wp-json\/wp\/v2\/types\/page"}],"author":[{"embeddable":true,"href":"https:\/\/nosesso.net\/sv\/wp-json\/wp\/v2\/users\/1"}],"replies":[{"embeddable":true,"href":"https:\/\/nosesso.net\/sv\/wp-json\/wp\/v2\/comments?post=144"}],"version-history":[{"count":0,"href":"https:\/\/nosesso.net\/sv\/wp-json\/wp\/v2\/pages\/144\/revisions"}],"wp:attachment":[{"href":"https:\/\/nosesso.net\/sv\/wp-json\/wp\/v2\/media?parent=144"}],"curies":[{"name":"wp","href":"https:\/\/api.w.org\/{rel}","templated":true}]}}