{"id":154,"date":"2022-06-23T11:51:14","date_gmt":"2022-06-23T10:51:14","guid":{"rendered":"http:\/\/nosesso.net\/lokala-anslutningsplatser\/"},"modified":"2022-06-23T11:51:14","modified_gmt":"2022-06-23T10:51:14","slug":"lokala-anslutningsplatser","status":"publish","type":"page","link":"https:\/\/nosesso.net\/sv\/lokala-anslutningsplatser\/","title":{"rendered":"Lokala anslutningsplatser"},"content":{"rendered":"<p>Att ansluta \u00e4r roligt, sp\u00e4nnande och ibland till och med romantiskt. Men om du letar efter en lokal anslutningsplats kan du bli besviken. Det beror p\u00e5 att <a href=\"http:\/\/nosesso.net\/sv\/gratis-casual-sex-dating-webbplatser\/\">de flesta anslutningsappar<\/a> \u00e4r utformade f\u00f6r att ansluta m\u00e4nniskor som \u00e4r l\u00e5ngt ifr\u00e5n varandra.<\/p>\n<p>Men det finns gott om platser d\u00e4r du kan tr\u00e4ffa n\u00e5gon i n\u00e4rheten. Oavsett om du letar efter tillf\u00e4lligt sex eller ett f\u00f6rh\u00e5llande, erbjuder dessa platser en s\u00e4ker milj\u00f6 d\u00e4r du kan njuta av dig sj\u00e4lv utan att beh\u00f6va oroa dig f\u00f6r att bli d\u00f6md eller avvisad.<\/p>\n<p><img loading=\"lazy\" class=\"aligncenter size-full wp-image-54\" src=\"http:\/\/nosesso.net\/wp-content\/uploads\/2022\/06\/find-dates.jpeg\" alt=\"\" width=\"500\" height=\"750\" srcset=\"https:\/\/nosesso.net\/wp-content\/uploads\/2022\/06\/find-dates.jpeg 500w, https:\/\/nosesso.net\/wp-content\/uploads\/2022\/06\/find-dates-200x300.jpeg 200w\" sizes=\"(max-width: 500px) 100vw, 500px\" \/><\/p>\n<p>H\u00e4r \u00e4r fem popul\u00e4ra anslutningsplatser n\u00e4ra dig:<\/p>\n<h3>1. Offentliga parker<\/h3>\n<p>Offentliga parker \u00e4r perfekta f\u00f6r att tr\u00e4ffa singlar. Det finns inga regler eller f\u00f6rv\u00e4ntningar, s\u00e5 du kan bara koppla av och njuta av dig sj\u00e4lv. Dessutom kommer du f\u00f6rmodligen att st\u00f6ta p\u00e5 m\u00e5nga andra m\u00e4nniskor som g\u00f6r samma sak.<\/p>\n<h3>2. Barer<\/h3>\n<p>Barer \u00e4r ett annat bra st\u00e4lle att tr\u00e4ffa m\u00e4nniskor. M\u00e4nniskor tenderar att umg\u00e5s i barer efter jobbet, s\u00e5 det \u00e4r l\u00e4tt att inleda konversationer med fr\u00e4mlingar.<\/p>\n<h3>3. Kaf\u00e9er<\/h3>\n<p>Kaf\u00e9er \u00e4r ett bra st\u00e4lle att tr\u00e4ffa m\u00e4nniskor, s\u00e4rskilt om du letar efter n\u00e5got seri\u00f6st. Det \u00e4r en l\u00e5gtrycksinst\u00e4llning, s\u00e5 du kan prata fritt och \u00f6ppet om vad som helst.<\/p>\n<h3>4. Bibliotek<\/h3>\n<p>Bibliotek \u00e4r ett bra st\u00e4lle att <a href=\"http:\/\/nosesso.net\/sv\/var-hittar-man-manniskor-med-liknande-intressen\/\">hitta k\u00e4rleken<\/a>. De \u00e4r inte bara gratis, utan de \u00e4r ocks\u00e5 tysta och avkopplande. Och eftersom du \u00e4r omgiven av b\u00f6cker kommer du att k\u00e4nna dig mer bekv\u00e4m att prata om personliga \u00e4mnen.<\/p>\n<h3>5. Hotell<\/h3>\n<p>Hotell \u00e4r ett bra st\u00e4lle att g\u00e5 om du letar efter lite ensam tid. Du kan ha integritet och \u00e4nd\u00e5 vara tillr\u00e4ckligt n\u00e4ra andra m\u00e4nniskor f\u00f6r att enkelt tr\u00e4ffa nya v\u00e4nner.<\/p>\n<p>S\u00e5 oavsett om du letar efter ett one night stand eller ett l\u00e5ngsiktigt f\u00f6rh\u00e5llande, \u00e4r dessa platser ett bra alternativ.<\/p>\n<h3>6. Sex dating apps<\/h3>\n<p>Det finns m\u00e5nga olika typer av sexdejtingsajter tillg\u00e4ngliga idag, inklusive de som fokuserar p\u00e5 specifika \u00e5ldersgrupper, etniciteter och platser. Vissa webbplatser fokuserar uteslutande p\u00e5 vuxna relationer medan andra tillgodoser alla fr\u00e5n ton\u00e5ringar till seniorer.<\/p>\n<p>Oavsett var du v\u00e4ljer att registrera dig, se till att du v\u00e4ljer en ansedd tj\u00e4nst. Kontrollera recensioner och betyg f\u00f6r att avg\u00f6ra om en viss webbplats har rykte om sig att vara p\u00e5litlig eller inte. T\u00e4nk ocks\u00e5 p\u00e5 kostnaden f\u00f6r medlemskap; om du ska betala f\u00f6r en prenumeration kan du lika g\u00e4rna f\u00e5 valuta f\u00f6r pengarna.<\/p>\n<p>N\u00e4r du har registrerat dig f\u00e5r du e-postmeddelanden fr\u00e5n webbplatsen som ber dig fylla i profilfr\u00e5gor och ladda upp foton. N\u00e4r du har gjort dessa uppgifter kan du bl\u00e4ddra igenom profiler f\u00f6r andra medlemmar. Du kan sedan skicka meddelanden till vem som helst som du vill tr\u00e4ffa.<\/p>\n<p>N\u00e4r du har hittat n\u00e5gon du vill prata med kan du ordna att tr\u00e4ffas personligen. Sexdejtingsajter erbjuder vanligtvis en m\u00e4ngd olika s\u00e4tt f\u00f6r medlemmar att kommunicera med varandra, inklusive textmeddelanden, telefonsamtal, videochattar och snabbmeddelanden.<\/p>\n<p>Den vanligaste kommunikationsmetoden \u00e4r via textmeddelanden. Vissa webbplatser till\u00e5ter dock ocks\u00e5 medlemmar att skicka r\u00f6stmeddelanden eller anv\u00e4nda appar f\u00f6r att spela in ljudmeddelanden. Ju fler alternativ du har, desto l\u00e4ttare blir det att st\u00e4lla in datum med andra medlemmar.<\/p>\n","protected":false},"excerpt":{"rendered":"<p>Att ansluta \u00e4r roligt, sp\u00e4nnande och ibland till och med romantiskt. Men om du letar efter en lokal anslutningsplats kan du bli besviken. Det beror p\u00e5 att de flesta anslutningsappar \u00e4r utformade f\u00f6r att ansluta m\u00e4nniskor som \u00e4r l\u00e5ngt ifr\u00e5n varandra. Men det finns gott om platser d\u00e4r du kan tr\u00e4ffa n\u00e5gon i n\u00e4rheten. Oavsett &#8230; <a title=\"Lokala anslutningsplatser\" class=\"read-more\" href=\"https:\/\/nosesso.net\/sv\/lokala-anslutningsplatser\/\" aria-label=\"Mer p\u00e5 Lokala anslutningsplatser\">L\u00e4s mer<\/a><\/p>\n","protected":false},"author":1,"featured_media":0,"parent":0,"menu_order":0,"comment_status":"closed","ping_status":"closed","template":"","meta":[],"yoast_head":"<!-- This site is optimized with the Yoast SEO plugin v17.7.1 - https:\/\/yoast.com\/wordpress\/plugins\/seo\/ -->\n<title>Lokala anslutningsplatser - No Sesso<\/title>\n<meta name=\"robots\" content=\"index, follow, max-snippet:-1, max-image-preview:large, max-video-preview:-1\" \/>\n<link rel=\"canonical\" href=\"https:\/\/nosesso.net\/sv\/lokala-anslutningsplatser\/\" \/>\n<meta property=\"og:locale\" content=\"sv_SE\" \/>\n<meta property=\"og:type\" content=\"article\" \/>\n<meta property=\"og:title\" content=\"Lokala anslutningsplatser - No Sesso\" \/>\n<meta property=\"og:description\" content=\"Att ansluta \u00e4r roligt, sp\u00e4nnande och ibland till och med romantiskt. Men om du letar efter en lokal anslutningsplats kan du bli besviken. Det beror p\u00e5 att de flesta anslutningsappar \u00e4r utformade f\u00f6r att ansluta m\u00e4nniskor som \u00e4r l\u00e5ngt ifr\u00e5n varandra. Men det finns gott om platser d\u00e4r du kan tr\u00e4ffa n\u00e5gon i n\u00e4rheten. Oavsett ... L\u00e4s mer\" \/>\n<meta property=\"og:url\" content=\"https:\/\/nosesso.net\/sv\/lokala-anslutningsplatser\/\" \/>\n<meta property=\"og:site_name\" content=\"No Sesso\" \/>\n<meta property=\"og:image\" content=\"http:\/\/nosesso.net\/wp-content\/uploads\/2022\/06\/find-dates.jpeg\" \/>\n<meta name=\"twitter:card\" content=\"summary_large_image\" \/>\n<meta name=\"twitter:label1\" content=\"Ber\u00e4knad l\u00e4stid\" \/>\n\t<meta name=\"twitter:data1\" content=\"3 minuter\" \/>\n<script type=\"application\/ld+json\" class=\"yoast-schema-graph\">{\"@context\":\"https:\/\/schema.org\",\"@graph\":[{\"@type\":\"WebSite\",\"@id\":\"https:\/\/nosesso.net\/#website\",\"url\":\"https:\/\/nosesso.net\/\",\"name\":\"No Sesso\",\"description\":\"Real Dating Reviews\",\"potentialAction\":[{\"@type\":\"SearchAction\",\"target\":{\"@type\":\"EntryPoint\",\"urlTemplate\":\"https:\/\/nosesso.net\/?s={search_term_string}\"},\"query-input\":\"required name=search_term_string\"}],\"inLanguage\":\"sv-SE\"},{\"@type\":\"ImageObject\",\"@id\":\"https:\/\/nosesso.net\/sv\/lokala-anslutningsplatser\/#primaryimage\",\"inLanguage\":\"sv-SE\",\"url\":\"http:\/\/nosesso.net\/wp-content\/uploads\/2022\/06\/find-dates.jpeg\",\"contentUrl\":\"http:\/\/nosesso.net\/wp-content\/uploads\/2022\/06\/find-dates.jpeg\"},{\"@type\":\"WebPage\",\"@id\":\"https:\/\/nosesso.net\/sv\/lokala-anslutningsplatser\/#webpage\",\"url\":\"https:\/\/nosesso.net\/sv\/lokala-anslutningsplatser\/\",\"name\":\"Lokala anslutningsplatser - No Sesso\",\"isPartOf\":{\"@id\":\"https:\/\/nosesso.net\/#website\"},\"primaryImageOfPage\":{\"@id\":\"https:\/\/nosesso.net\/sv\/lokala-anslutningsplatser\/#primaryimage\"},\"datePublished\":\"2022-06-23T10:51:14+00:00\",\"dateModified\":\"2022-06-23T10:51:14+00:00\",\"breadcrumb\":{\"@id\":\"https:\/\/nosesso.net\/sv\/lokala-anslutningsplatser\/#breadcrumb\"},\"inLanguage\":\"sv-SE\",\"potentialAction\":[{\"@type\":\"ReadAction\",\"target\":[\"https:\/\/nosesso.net\/sv\/lokala-anslutningsplatser\/\"]}]},{\"@type\":\"BreadcrumbList\",\"@id\":\"https:\/\/nosesso.net\/sv\/lokala-anslutningsplatser\/#breadcrumb\",\"itemListElement\":[{\"@type\":\"ListItem\",\"position\":1,\"name\":\"Home\",\"item\":\"http:\/\/nosesso.net\/sv\/\"},{\"@type\":\"ListItem\",\"position\":2,\"name\":\"Lokala anslutningsplatser\"}]}]}<\/script>\n<!-- \/ Yoast SEO plugin. -->","yoast_head_json":{"title":"Lokala anslutningsplatser - No Sesso","robots":{"index":"index","follow":"follow","max-snippet":"max-snippet:-1","max-image-preview":"max-image-preview:large","max-video-preview":"max-video-preview:-1"},"canonical":"https:\/\/nosesso.net\/sv\/lokala-anslutningsplatser\/","og_locale":"sv_SE","og_type":"article","og_title":"Lokala anslutningsplatser - No Sesso","og_description":"Att ansluta \u00e4r roligt, sp\u00e4nnande och ibland till och med romantiskt. Men om du letar efter en lokal anslutningsplats kan du bli besviken. Det beror p\u00e5 att de flesta anslutningsappar \u00e4r utformade f\u00f6r att ansluta m\u00e4nniskor som \u00e4r l\u00e5ngt ifr\u00e5n varandra. Men det finns gott om platser d\u00e4r du kan tr\u00e4ffa n\u00e5gon i n\u00e4rheten. Oavsett ... L\u00e4s mer","og_url":"https:\/\/nosesso.net\/sv\/lokala-anslutningsplatser\/","og_site_name":"No Sesso","og_image":[{"url":"http:\/\/nosesso.net\/wp-content\/uploads\/2022\/06\/find-dates.jpeg"}],"twitter_card":"summary_large_image","twitter_misc":{"Ber\u00e4knad l\u00e4stid":"3 minuter"},"schema":{"@context":"https:\/\/schema.org","@graph":[{"@type":"WebSite","@id":"https:\/\/nosesso.net\/#website","url":"https:\/\/nosesso.net\/","name":"No Sesso","description":"Real Dating Reviews","potentialAction":[{"@type":"SearchAction","target":{"@type":"EntryPoint","urlTemplate":"https:\/\/nosesso.net\/?s={search_term_string}"},"query-input":"required name=search_term_string"}],"inLanguage":"sv-SE"},{"@type":"ImageObject","@id":"https:\/\/nosesso.net\/sv\/lokala-anslutningsplatser\/#primaryimage","inLanguage":"sv-SE","url":"http:\/\/nosesso.net\/wp-content\/uploads\/2022\/06\/find-dates.jpeg","contentUrl":"http:\/\/nosesso.net\/wp-content\/uploads\/2022\/06\/find-dates.jpeg"},{"@type":"WebPage","@id":"https:\/\/nosesso.net\/sv\/lokala-anslutningsplatser\/#webpage","url":"https:\/\/nosesso.net\/sv\/lokala-anslutningsplatser\/","name":"Lokala anslutningsplatser - No Sesso","isPartOf":{"@id":"https:\/\/nosesso.net\/#website"},"primaryImageOfPage":{"@id":"https:\/\/nosesso.net\/sv\/lokala-anslutningsplatser\/#primaryimage"},"datePublished":"2022-06-23T10:51:14+00:00","dateModified":"2022-06-23T10:51:14+00:00","breadcrumb":{"@id":"https:\/\/nosesso.net\/sv\/lokala-anslutningsplatser\/#breadcrumb"},"inLanguage":"sv-SE","potentialAction":[{"@type":"ReadAction","target":["https:\/\/nosesso.net\/sv\/lokala-anslutningsplatser\/"]}]},{"@type":"BreadcrumbList","@id":"https:\/\/nosesso.net\/sv\/lokala-anslutningsplatser\/#breadcrumb","itemListElement":[{"@type":"ListItem","position":1,"name":"Home","item":"http:\/\/nosesso.net\/sv\/"},{"@type":"ListItem","position":2,"name":"Lokala anslutningsplatser"}]}]}},"_links":{"self":[{"href":"https:\/\/nosesso.net\/sv\/wp-json\/wp\/v2\/pages\/154"}],"collection":[{"href":"https:\/\/nosesso.net\/sv\/wp-json\/wp\/v2\/pages"}],"about":[{"href":"https:\/\/nosesso.net\/sv\/wp-json\/wp\/v2\/types\/page"}],"author":[{"embeddable":true,"href":"https:\/\/nosesso.net\/sv\/wp-json\/wp\/v2\/users\/1"}],"replies":[{"embeddable":true,"href":"https:\/\/nosesso.net\/sv\/wp-json\/wp\/v2\/comments?post=154"}],"version-history":[{"count":0,"href":"https:\/\/nosesso.net\/sv\/wp-json\/wp\/v2\/pages\/154\/revisions"}],"wp:attachment":[{"href":"https:\/\/nosesso.net\/sv\/wp-json\/wp\/v2\/media?parent=154"}],"curies":[{"name":"wp","href":"https:\/\/api.w.org\/{rel}","templated":true}]}}