{"id":159,"date":"2022-06-23T11:47:57","date_gmt":"2022-06-23T10:47:57","guid":{"rendered":"http:\/\/nosesso.net\/gratis-casual-sex-dating-webbplatser\/"},"modified":"2022-06-23T11:47:57","modified_gmt":"2022-06-23T10:47:57","slug":"gratis-casual-sex-dating-webbplatser","status":"publish","type":"page","link":"https:\/\/nosesso.net\/sv\/gratis-casual-sex-dating-webbplatser\/","title":{"rendered":"Gratis Casual Sex Dating Webbplatser"},"content":{"rendered":"<p>OkCupid l\u00e5ter dig <a href=\"http:\/\/nosesso.net\/sv\/gratis-anslutningswebbplatser\/\">bl\u00e4ddra bland medlemsprofiler<\/a> och skicka meddelanden till intresserade parter. Det erbjuder ocks\u00e5 funktioner som livechatt, videochatt och gruppchattar. Slutligen ger PlentyOfFish dig m\u00f6jlighet att bl\u00e4ddra bland tusentals profiler samtidigt. Du kan sedan sortera dem efter \u00e5lder, k\u00f6n, intressen och mer.<\/p>\n<p>Tinder \u00e4r ett annat bra st\u00e4lle att hitta avslappnade datum. Det \u00e4r en <a href=\"http:\/\/nosesso.net\/sv\/typer-av-anslutningswebbplatser\/\">mobilapp<\/a> som f\u00f6rbinder singlar baserat p\u00e5 deras \u00f6msesidiga intressen. N\u00e4r du har laddat ner appen kan du svepa \u00e5t v\u00e4nster eller h\u00f6ger f\u00f6r att visa profiler. D\u00e4refter kan du skicka meddelanden till intresserade parter och ordna att tr\u00e4ffas i verkligheten.<\/p>\n<p>Medan vissa av dessa webbplatser har funnits i flera \u00e5r, \u00e4r andra relativt nya. Om du inte \u00e4r bekant med n\u00e5gon av dessa webbplatser, kanske du vill kolla in v\u00e5r guide till de 10 b\u00e4sta online dating webbplatser. Vi har inkluderat information om varje webbplats funktioner, kostnader och s\u00e4kerhetsproblem.<\/p>\n<p><img loading=\"lazy\" class=\"aligncenter wp-image-52\" src=\"http:\/\/nosesso.net\/wp-content\/uploads\/2022\/06\/online-sex-chat-1024x682.jpeg\" alt=\"\" width=\"675\" height=\"449\" srcset=\"https:\/\/nosesso.net\/wp-content\/uploads\/2022\/06\/online-sex-chat-1024x682.jpeg 1024w, https:\/\/nosesso.net\/wp-content\/uploads\/2022\/06\/online-sex-chat-300x200.jpeg 300w, https:\/\/nosesso.net\/wp-content\/uploads\/2022\/06\/online-sex-chat-768x511.jpeg 768w, https:\/\/nosesso.net\/wp-content\/uploads\/2022\/06\/online-sex-chat-1536x1022.jpeg 1536w, https:\/\/nosesso.net\/wp-content\/uploads\/2022\/06\/online-sex-chat.jpeg 1600w\" sizes=\"(max-width: 675px) 100vw, 675px\" \/><\/p>\n<h2>Hur man chattar online<\/h2>\n<p>N\u00e4r du har hittat n\u00e5gra bra alternativ, registrera dig f\u00f6r ett av dem. B\u00f6rja sedan bl\u00e4ddra bland profiler och skicka meddelanden till intresserade parter. N\u00e4r du hittar n\u00e5gon du gillar, fr\u00e5ga dem via sms eller e-post. Om de accepterar kan du planera ett datum och g\u00e5 p\u00e5 din f\u00f6rsta dejt tillsammans!<\/p>\n<p>Lokala anslutningar blir alltmer popul\u00e4ra bland singlar som vill tr\u00e4ffa n\u00e5gon i n\u00e4rheten. Det \u00e4r enkelt att skapa en profil p\u00e5 webbplatser som Craigslist, PlentyOfFish och OkCupid, d\u00e4r du kan bl\u00e4ddra igenom tusentals lokala medlemmar inom n\u00e5gra minuter.<\/p>\n<p>Det \u00e4r viktigt att komma ih\u00e5g att dessa typer av online dating webbplatser \u00e4r inte bara f\u00f6r tillf\u00e4lliga m\u00f6ten. De \u00e4r utformade f\u00f6r att ansluta m\u00e4nniskor som delar liknande intressen och v\u00e4rderingar. S\u00e5 om du letar efter ett seri\u00f6st f\u00f6rh\u00e5llande kanske du vill prova en annan typ av webbplats.<\/p>\n<p>Till exempel har Match.com ett avsnitt som heter Singles Near Me som l\u00e5ter dig filtrera dina matchningar baserat p\u00e5 plats. Detsamma g\u00e4ller f\u00f6r eHarmony, Zoosk och andra webbplatser.<\/p>\n<h2>V\u00e5rt r\u00e5d om att prova chattrum<\/h2>\n<p>Chattrum f\u00f6r vuxna \u00e4r ett bra st\u00e4lle att tr\u00e4ffa andra singlar som delar liknande intressen. Det finns m\u00e5nga olika typer av chattrum f\u00f6r vuxna, inklusive videochattrum, webbkamerachattrum och textchattrum. Chattrum \u00e4r ett roligt s\u00e4tt att f\u00e5 kontakt med andra och l\u00e4ra sig mer om dig sj\u00e4lv.<\/p>\n<p>Det finns flera f\u00f6rdelar med att chatta online. Till exempel kan du prata med n\u00e5gon fr\u00e5n var som helst i v\u00e4rlden, och du kan g\u00f6ra det utan att beh\u00f6va betala n\u00e5gonting. Dessutom kan du v\u00e4lja om du vill kommunicera via ljud eller video, och du kan st\u00e4lla in dina egna preferenser.<\/p>\n<p>En av de b\u00e4sta delarna av chattrum f\u00f6r vuxna \u00e4r att du kan tr\u00e4ffa m\u00e4nniskor fr\u00e5n hela v\u00e4rlden. Det spelar ingen roll om du \u00e4r intresserad av att tr\u00e4ffa m\u00e4nniskor fr\u00e5n ett annat land eller bara vill tr\u00e4ffa m\u00e4nniskor i n\u00e4rheten. Chattrum f\u00f6r vuxna l\u00e5ter dig interagera med m\u00e4nniskor fr\u00e5n alla samh\u00e4llsskikt.<\/p>\n","protected":false},"excerpt":{"rendered":"<p>OkCupid l\u00e5ter dig bl\u00e4ddra bland medlemsprofiler och skicka meddelanden till intresserade parter. Det erbjuder ocks\u00e5 funktioner som livechatt, videochatt och gruppchattar. Slutligen ger PlentyOfFish dig m\u00f6jlighet att bl\u00e4ddra bland tusentals profiler samtidigt. Du kan sedan sortera dem efter \u00e5lder, k\u00f6n, intressen och mer. Tinder \u00e4r ett annat bra st\u00e4lle att hitta avslappnade datum. Det \u00e4r &#8230; <a title=\"Gratis Casual Sex Dating Webbplatser\" class=\"read-more\" href=\"https:\/\/nosesso.net\/sv\/gratis-casual-sex-dating-webbplatser\/\" aria-label=\"Mer p\u00e5 Gratis Casual Sex Dating Webbplatser\">L\u00e4s mer<\/a><\/p>\n","protected":false},"author":1,"featured_media":0,"parent":0,"menu_order":0,"comment_status":"closed","ping_status":"closed","template":"","meta":[],"yoast_head":"<!-- This site is optimized with the Yoast SEO plugin v17.7.1 - https:\/\/yoast.com\/wordpress\/plugins\/seo\/ -->\n<title>Gratis Casual Sex Dating Webbplatser - No Sesso<\/title>\n<meta name=\"robots\" content=\"index, follow, max-snippet:-1, max-image-preview:large, max-video-preview:-1\" \/>\n<link rel=\"canonical\" href=\"https:\/\/nosesso.net\/sv\/gratis-casual-sex-dating-webbplatser\/\" \/>\n<meta property=\"og:locale\" content=\"sv_SE\" \/>\n<meta property=\"og:type\" content=\"article\" \/>\n<meta property=\"og:title\" content=\"Gratis Casual Sex Dating Webbplatser - No Sesso\" \/>\n<meta property=\"og:description\" content=\"OkCupid l\u00e5ter dig bl\u00e4ddra bland medlemsprofiler och skicka meddelanden till intresserade parter. Det erbjuder ocks\u00e5 funktioner som livechatt, videochatt och gruppchattar. Slutligen ger PlentyOfFish dig m\u00f6jlighet att bl\u00e4ddra bland tusentals profiler samtidigt. Du kan sedan sortera dem efter \u00e5lder, k\u00f6n, intressen och mer. Tinder \u00e4r ett annat bra st\u00e4lle att hitta avslappnade datum. Det \u00e4r ... L\u00e4s mer\" \/>\n<meta property=\"og:url\" content=\"https:\/\/nosesso.net\/sv\/gratis-casual-sex-dating-webbplatser\/\" \/>\n<meta property=\"og:site_name\" content=\"No Sesso\" \/>\n<meta property=\"og:image\" content=\"http:\/\/nosesso.net\/wp-content\/uploads\/2022\/06\/online-sex-chat-1024x682.jpeg\" \/>\n<meta name=\"twitter:card\" content=\"summary_large_image\" \/>\n<meta name=\"twitter:label1\" content=\"Ber\u00e4knad l\u00e4stid\" \/>\n\t<meta name=\"twitter:data1\" content=\"3 minuter\" \/>\n<script type=\"application\/ld+json\" class=\"yoast-schema-graph\">{\"@context\":\"https:\/\/schema.org\",\"@graph\":[{\"@type\":\"WebSite\",\"@id\":\"https:\/\/nosesso.net\/#website\",\"url\":\"https:\/\/nosesso.net\/\",\"name\":\"No Sesso\",\"description\":\"Real Dating Reviews\",\"potentialAction\":[{\"@type\":\"SearchAction\",\"target\":{\"@type\":\"EntryPoint\",\"urlTemplate\":\"https:\/\/nosesso.net\/?s={search_term_string}\"},\"query-input\":\"required name=search_term_string\"}],\"inLanguage\":\"sv-SE\"},{\"@type\":\"ImageObject\",\"@id\":\"https:\/\/nosesso.net\/sv\/gratis-casual-sex-dating-webbplatser\/#primaryimage\",\"inLanguage\":\"sv-SE\",\"url\":\"http:\/\/nosesso.net\/wp-content\/uploads\/2022\/06\/online-sex-chat-1024x682.jpeg\",\"contentUrl\":\"http:\/\/nosesso.net\/wp-content\/uploads\/2022\/06\/online-sex-chat-1024x682.jpeg\"},{\"@type\":\"WebPage\",\"@id\":\"https:\/\/nosesso.net\/sv\/gratis-casual-sex-dating-webbplatser\/#webpage\",\"url\":\"https:\/\/nosesso.net\/sv\/gratis-casual-sex-dating-webbplatser\/\",\"name\":\"Gratis Casual Sex Dating Webbplatser - No Sesso\",\"isPartOf\":{\"@id\":\"https:\/\/nosesso.net\/#website\"},\"primaryImageOfPage\":{\"@id\":\"https:\/\/nosesso.net\/sv\/gratis-casual-sex-dating-webbplatser\/#primaryimage\"},\"datePublished\":\"2022-06-23T10:47:57+00:00\",\"dateModified\":\"2022-06-23T10:47:57+00:00\",\"breadcrumb\":{\"@id\":\"https:\/\/nosesso.net\/sv\/gratis-casual-sex-dating-webbplatser\/#breadcrumb\"},\"inLanguage\":\"sv-SE\",\"potentialAction\":[{\"@type\":\"ReadAction\",\"target\":[\"https:\/\/nosesso.net\/sv\/gratis-casual-sex-dating-webbplatser\/\"]}]},{\"@type\":\"BreadcrumbList\",\"@id\":\"https:\/\/nosesso.net\/sv\/gratis-casual-sex-dating-webbplatser\/#breadcrumb\",\"itemListElement\":[{\"@type\":\"ListItem\",\"position\":1,\"name\":\"Home\",\"item\":\"http:\/\/nosesso.net\/sv\/\"},{\"@type\":\"ListItem\",\"position\":2,\"name\":\"Gratis Casual Sex Dating Webbplatser\"}]}]}<\/script>\n<!-- \/ Yoast SEO plugin. -->","yoast_head_json":{"title":"Gratis Casual Sex Dating Webbplatser - No Sesso","robots":{"index":"index","follow":"follow","max-snippet":"max-snippet:-1","max-image-preview":"max-image-preview:large","max-video-preview":"max-video-preview:-1"},"canonical":"https:\/\/nosesso.net\/sv\/gratis-casual-sex-dating-webbplatser\/","og_locale":"sv_SE","og_type":"article","og_title":"Gratis Casual Sex Dating Webbplatser - No Sesso","og_description":"OkCupid l\u00e5ter dig bl\u00e4ddra bland medlemsprofiler och skicka meddelanden till intresserade parter. Det erbjuder ocks\u00e5 funktioner som livechatt, videochatt och gruppchattar. Slutligen ger PlentyOfFish dig m\u00f6jlighet att bl\u00e4ddra bland tusentals profiler samtidigt. Du kan sedan sortera dem efter \u00e5lder, k\u00f6n, intressen och mer. Tinder \u00e4r ett annat bra st\u00e4lle att hitta avslappnade datum. Det \u00e4r ... L\u00e4s mer","og_url":"https:\/\/nosesso.net\/sv\/gratis-casual-sex-dating-webbplatser\/","og_site_name":"No Sesso","og_image":[{"url":"http:\/\/nosesso.net\/wp-content\/uploads\/2022\/06\/online-sex-chat-1024x682.jpeg"}],"twitter_card":"summary_large_image","twitter_misc":{"Ber\u00e4knad l\u00e4stid":"3 minuter"},"schema":{"@context":"https:\/\/schema.org","@graph":[{"@type":"WebSite","@id":"https:\/\/nosesso.net\/#website","url":"https:\/\/nosesso.net\/","name":"No Sesso","description":"Real Dating Reviews","potentialAction":[{"@type":"SearchAction","target":{"@type":"EntryPoint","urlTemplate":"https:\/\/nosesso.net\/?s={search_term_string}"},"query-input":"required name=search_term_string"}],"inLanguage":"sv-SE"},{"@type":"ImageObject","@id":"https:\/\/nosesso.net\/sv\/gratis-casual-sex-dating-webbplatser\/#primaryimage","inLanguage":"sv-SE","url":"http:\/\/nosesso.net\/wp-content\/uploads\/2022\/06\/online-sex-chat-1024x682.jpeg","contentUrl":"http:\/\/nosesso.net\/wp-content\/uploads\/2022\/06\/online-sex-chat-1024x682.jpeg"},{"@type":"WebPage","@id":"https:\/\/nosesso.net\/sv\/gratis-casual-sex-dating-webbplatser\/#webpage","url":"https:\/\/nosesso.net\/sv\/gratis-casual-sex-dating-webbplatser\/","name":"Gratis Casual Sex Dating Webbplatser - No Sesso","isPartOf":{"@id":"https:\/\/nosesso.net\/#website"},"primaryImageOfPage":{"@id":"https:\/\/nosesso.net\/sv\/gratis-casual-sex-dating-webbplatser\/#primaryimage"},"datePublished":"2022-06-23T10:47:57+00:00","dateModified":"2022-06-23T10:47:57+00:00","breadcrumb":{"@id":"https:\/\/nosesso.net\/sv\/gratis-casual-sex-dating-webbplatser\/#breadcrumb"},"inLanguage":"sv-SE","potentialAction":[{"@type":"ReadAction","target":["https:\/\/nosesso.net\/sv\/gratis-casual-sex-dating-webbplatser\/"]}]},{"@type":"BreadcrumbList","@id":"https:\/\/nosesso.net\/sv\/gratis-casual-sex-dating-webbplatser\/#breadcrumb","itemListElement":[{"@type":"ListItem","position":1,"name":"Home","item":"http:\/\/nosesso.net\/sv\/"},{"@type":"ListItem","position":2,"name":"Gratis Casual Sex Dating Webbplatser"}]}]}},"_links":{"self":[{"href":"https:\/\/nosesso.net\/sv\/wp-json\/wp\/v2\/pages\/159"}],"collection":[{"href":"https:\/\/nosesso.net\/sv\/wp-json\/wp\/v2\/pages"}],"about":[{"href":"https:\/\/nosesso.net\/sv\/wp-json\/wp\/v2\/types\/page"}],"author":[{"embeddable":true,"href":"https:\/\/nosesso.net\/sv\/wp-json\/wp\/v2\/users\/1"}],"replies":[{"embeddable":true,"href":"https:\/\/nosesso.net\/sv\/wp-json\/wp\/v2\/comments?post=159"}],"version-history":[{"count":0,"href":"https:\/\/nosesso.net\/sv\/wp-json\/wp\/v2\/pages\/159\/revisions"}],"wp:attachment":[{"href":"https:\/\/nosesso.net\/sv\/wp-json\/wp\/v2\/media?parent=159"}],"curies":[{"name":"wp","href":"https:\/\/api.w.org\/{rel}","templated":true}]}}