{"id":178,"date":"2022-06-23T11:41:21","date_gmt":"2022-06-23T10:41:21","guid":{"rendered":"http:\/\/nosesso.net\/sex-hookup-guide\/"},"modified":"2022-07-05T12:55:47","modified_gmt":"2022-07-05T11:55:47","slug":"sex-hookup-guide","status":"publish","type":"page","link":"https:\/\/nosesso.net\/sv\/","title":{"rendered":"Sex Hookup Guide"},"content":{"rendered":"<p>Adult Dating \u00e4r ett bra s\u00e4tt att tr\u00e4ffa nya v\u00e4nner, skapa nya kontakter och till och med hitta k\u00e4rleken. Men det \u00e4r inte alltid l\u00e4tt att komma ig\u00e5ng.<\/p>\n<p>Den h\u00e4r guiden hj\u00e4lper dig att l\u00e4ra dig allt du beh\u00f6ver veta om dejting f\u00f6r vuxna, inklusive:<\/p>\n<p>Vilka dejtingsajter f\u00f6r vuxna finns tillg\u00e4ngliga<\/p>\n<ul>\n<li>Hur man v\u00e4ljer r\u00e4tt webbplats f\u00f6r dig<\/li>\n<li>Hur man skapar en profil som m\u00e4rks<\/li>\n<li>Hur man lockar uppm\u00e4rksamhet fr\u00e5n potentiella datum<\/li>\n<li>Hur man svarar p\u00e5 meddelanden<\/li>\n<li>S\u00e5 h\u00e4r st\u00e4ller du in ett gratis provkonto<\/li>\n<li>Och mycket mer<\/li>\n<\/ul>\n<p><img loading=\"lazy\" class=\"aligncenter size-full wp-image-57\" src=\"http:\/\/nosesso.net\/wp-content\/uploads\/2022\/06\/online-hookup-sites.jpeg\" alt=\"\" width=\"500\" height=\"750\" srcset=\"https:\/\/nosesso.net\/wp-content\/uploads\/2022\/06\/online-hookup-sites.jpeg 500w, https:\/\/nosesso.net\/wp-content\/uploads\/2022\/06\/online-hookup-sites-200x300.jpeg 200w\" sizes=\"(max-width: 500px) 100vw, 500px\" \/><\/p>\n<h2>Vad betyder No Sesso f\u00f6r dig?<\/h2>\n<p>En av de b\u00e4sta delarna av sexdejting \u00e4r att det \u00e4r helt anonymt. Inga personuppgifter kr\u00e4vs f\u00f6r att registrera sig, och ingen beh\u00f6ver veta n\u00e5got annat om dig f\u00f6rutom dina preferenser. Det betyder att du kan vara dig sj\u00e4lv utan att oroa dig f\u00f6r att avsl\u00f6ja n\u00e5gra pinsamma hemligheter.<\/p>\n<p>N\u00e4r du har hittat n\u00e5gon du vill dejta kan du skapa en m\u00f6tesplats <a href=\"http:\/\/www.dejtagratis.com\">DejtaGratis.com<\/a> och tid. Sexdejtingsajter erbjuder vanligtvis flera alternativ f\u00f6r att ordna datum, inklusive textmeddelanden, telefonsamtal, videochattar och m\u00f6ten ansikte mot ansikte.<\/p>\n<p>Det sista steget \u00e4r att faktiskt ha sex. Medan vissa m\u00e4nniskor tycker om att ha <a href=\"http:\/\/nosesso.net\/sv\/vilken-app-ar-bast-for-affiars\/\">sex med fr\u00e4mlingar<\/a>, k\u00e4nner andra sig obekv\u00e4ma att g\u00f6ra det. F\u00f6r att skydda dig sj\u00e4lv, v\u00e4lj alltid en plats som \u00e4r s\u00e4ker och privat.<\/p>\n<p>Casual sex \u00e4r ett mycket popul\u00e4rt \u00e4mne online. Det verkar som om alla vill prata om det, och det \u00e4r l\u00e4tt att f\u00f6rst\u00e5 varf\u00f6r. Det finns m\u00e5nga olika anledningar till varf\u00f6r m\u00e4nniskor tycker om avslappnad sex, inklusive det faktum att det \u00e4r roligt, sp\u00e4nnande och gratis.<\/p>\n<p>Det finns gott om f<a href=\"http:\/\/nosesso.net\/sv\/gratis-anslutningswebbplatser\/\">ree-anslutningssajter<\/a> d\u00e4r du kan tr\u00e4ffa andra m\u00e4nniskor som \u00e4r intresserade av avslappnad sex. Dessa webbplatser l\u00e5ter dig bl\u00e4ddra igenom profiler av personer som letar efter avslappnad sex, och du kan meddela dem direkt om du vill.<\/p>\n<h3>Hur kan vi hj\u00e4lpa dig att hitta datum med anslutningswebbplatser<\/h3>\n<p>Lokalt sex har blivit allt popul\u00e4rare under de senaste \u00e5ren. Det \u00e4r ingen \u00f6verraskning att fler och fler m\u00e4nniskor v\u00e4nder sig till online-resurser f\u00f6r att tr\u00e4ffa andra singlar som delar liknande intressen.<\/p>\n<p>Oavsett om du \u00e4r intresserad av avslappnade anslutningar eller l\u00e5ngsiktiga relationer, erbjuder lokala sexsajter ett bekv\u00e4mt s\u00e4tt att f\u00e5 kontakt med andra som delar dina \u00f6nskningar. Dessa webbplatser l\u00e5ter dig bl\u00e4ddra igenom profiler av medlemmar baserat p\u00e5 plats, \u00e5lder och sexuella preferenser.<\/p>\n<p>Det finns m\u00e5nga olika typer av lokala sexsajter tillg\u00e4ngliga idag <a href=\"http:\/\/www.datingdanmark.net\">Dating Danmark<\/a>. Vissa fokuserar enbart p\u00e5 tillf\u00e4lliga m\u00f6ten medan andra tillgodoser specifikt par som vill utforska sin sexualitet tillsammans. Det b\u00e4sta \u00e4r att dessa webbplatser \u00e4r gratis att g\u00e5 med, vilket g\u00f6r dem l\u00e4tta att komma \u00e5t och anv\u00e4nda.<\/p>\n<p>Med s\u00e5 m\u00e5nga tillg\u00e4ngliga alternativ \u00e4r det sv\u00e5rt att best\u00e4mma var man ska b\u00f6rja. B\u00f6rja med att bl\u00e4ddra i v\u00e5r samling av de 10 b\u00e4sta lokala sexsidorna f\u00f6r att l\u00e4ra dig mer om varje alternativ. L\u00e4s sedan recensioner fr\u00e5n riktiga anv\u00e4ndare f\u00f6r att avg\u00f6ra om n\u00e5gon av dem \u00e4r v\u00e4rda att g\u00e5 med.<\/p>\n<h3>Fungerar online dating faktiskt?<\/h3>\n<p>Sexdejting \u00e4r en typ av n\u00e4tdejting d\u00e4r m\u00e4nniskor m\u00f6ts genom \u00f6msesidigt intresse f\u00f6r sex. Det skiljer sig fr\u00e5n andra typer av online-dating eftersom det inte kr\u00e4ver en relation mellan tv\u00e5 personer. Ist\u00e4llet till\u00e5ter det m\u00e4nniskor som \u00e4r intresserade av tillf\u00e4lliga sexuella m\u00f6ten att ansluta sig till varandra.<\/p>\n<p>I de flesta fall \u00e4r sexdejtingsajter gratis att g\u00e5 med. Men om du f\u00f6redrar att betala f\u00f6r premiummedlemskap kan du vanligtvis registrera dig f\u00f6r en m\u00e5natlig prenumerationsavgift. N\u00e4r du har skapat en profil kan du bl\u00e4ddra bland andra medlemmars profiler och skicka meddelanden till potentiella partner.<\/p>\n<p>Medan m\u00e5nga sexdejtingsajter till\u00e5ter dig att skapa en profil, kr\u00e4ver andra att du fyller i ett fr\u00e5geformul\u00e4r innan du f\u00e5r registrera dig. Vissa webbplatser st\u00e4ller fr\u00e5gor om din \u00e5lder, k\u00f6n, etnicitet, religion, civilst\u00e5nd, yrke, hobbyer och intressen.<\/p>\n<p>N\u00e4r du har fyllt i dessa formul\u00e4r f\u00e5r du ett bekr\u00e4ftelsemail som visar om din registrering lyckades. Om du accepterades i samh\u00e4llet f\u00e5r du sedan tillg\u00e5ng till webbplatsens funktioner.<\/p>\n<h3>Vad ska du vara f\u00f6rsiktig med?<\/h3>\n<p>Det \u00e4r viktigt att komma ih\u00e5g att dessa typer av webbplatser inte alltid \u00e4r s\u00e4kra. Se till att du l\u00e4ser recensioner och st\u00e4ller fr\u00e5gor innan du registrerar dig f\u00f6r n\u00e5gon typ av dejtingstj\u00e4nst. Ge inte ut personlig information f\u00f6rr\u00e4n du \u00e4r helt s\u00e4ker p\u00e5 att du litar p\u00e5 personen du pratar med.<\/p>\n<p>Var ocks\u00e5 f\u00f6rsiktig med att dela f\u00f6r mycket personlig information. Vissa m\u00e4nniskor kan f\u00f6rs\u00f6ka lura dig p\u00e5 pengar eller stj\u00e4la din identitet. H\u00e5ll garden uppe och skydda dig mot bedragare.<\/p>\n<p>Gl\u00f6m inte att dela dina egna erfarenheter av avslappnad sex. Ber\u00e4tta om de b\u00e4sta st\u00e4llena att tr\u00e4ffa m\u00e4nniskor f\u00f6r avslappnad sex och l\u00e5t andra veta vad du l\u00e4rde dig.<\/p>\n<p><a href=\"http:\/\/nosesso.net\/sv\/varfor-lokala-anslutningsappar-kan-vara-ratt-for-dig\/\">Lokala anslutningar<\/a> blir alltmer popul\u00e4ra bland singlar som \u00e4r tr\u00f6tta p\u00e5 l\u00e5ngdistansf\u00f6rh\u00e5llandespelet. Det \u00e4r l\u00e4tt att tr\u00e4ffa n\u00e5gon lokal om du \u00e4r villig att anstr\u00e4nga dig.<\/p>\n<p>Till att b\u00f6rja med m\u00e5ste du skapa en profil p\u00e5 en dejtingsapp som Tinder eller Bumble. N\u00e4r du har gjort det kan du bl\u00e4ddra igenom profiler tills du hittar n\u00e5gon som f\u00e5ngar ditt \u00f6ga. Sedan kan du skicka dem ett meddelande och fr\u00e5ga dem ut p\u00e5 ett datum.<\/p>\n<p>Det \u00e4r viktigt att komma ih\u00e5g att online dating apps \u00e4r inte bara f\u00f6r att tr\u00e4ffa fr\u00e4mlingar; de \u00e4r ocks\u00e5 ett bra st\u00e4lle att f\u00e5 kontakt med v\u00e4nner och familjemedlemmar. S\u00e5 om du letar efter en avslappnad anslutning, f\u00f6rs\u00f6k att s\u00f6ka efter matchningar fr\u00e5n din telefon ist\u00e4llet f\u00f6r att g\u00e5 direkt till en bar eller klubb.<\/p>\n<p>N\u00e4r du har hittat n\u00e5gon som verkar intresserad av dig kan du best\u00e4mma om du vill forts\u00e4tta prata med dem. Om du slutar ha en konversation, se till att f\u00f6lja dessa tips f\u00f6r att undvika att bli lurad.<\/p>\n","protected":false},"excerpt":{"rendered":"<p>Adult Dating \u00e4r ett bra s\u00e4tt att tr\u00e4ffa nya v\u00e4nner, skapa nya kontakter och till och med hitta k\u00e4rleken. Men det \u00e4r inte alltid l\u00e4tt att komma ig\u00e5ng. Den h\u00e4r guiden hj\u00e4lper dig att l\u00e4ra dig allt du beh\u00f6ver veta om dejting f\u00f6r vuxna, inklusive: Vilka dejtingsajter f\u00f6r vuxna finns tillg\u00e4ngliga Hur man v\u00e4ljer r\u00e4tt &#8230; <a title=\"Sex Hookup Guide\" class=\"read-more\" href=\"https:\/\/nosesso.net\/sv\/\" aria-label=\"Mer p\u00e5 Sex Hookup Guide\">L\u00e4s mer<\/a><\/p>\n","protected":false},"author":1,"featured_media":0,"parent":0,"menu_order":0,"comment_status":"closed","ping_status":"closed","template":"","meta":[],"yoast_head":"<!-- This site is optimized with the Yoast SEO plugin v17.7.1 - https:\/\/yoast.com\/wordpress\/plugins\/seo\/ -->\n<title>Sex Hookup Guide - No Sesso<\/title>\n<meta name=\"robots\" content=\"index, follow, max-snippet:-1, max-image-preview:large, max-video-preview:-1\" \/>\n<link rel=\"canonical\" href=\"https:\/\/nosesso.net\/sv\/\" \/>\n<meta property=\"og:locale\" content=\"sv_SE\" \/>\n<meta property=\"og:type\" content=\"article\" \/>\n<meta property=\"og:title\" content=\"Sex Hookup Guide - No Sesso\" \/>\n<meta property=\"og:description\" content=\"Adult Dating \u00e4r ett bra s\u00e4tt att tr\u00e4ffa nya v\u00e4nner, skapa nya kontakter och till och med hitta k\u00e4rleken. Men det \u00e4r inte alltid l\u00e4tt att komma ig\u00e5ng. Den h\u00e4r guiden hj\u00e4lper dig att l\u00e4ra dig allt du beh\u00f6ver veta om dejting f\u00f6r vuxna, inklusive: Vilka dejtingsajter f\u00f6r vuxna finns tillg\u00e4ngliga Hur man v\u00e4ljer r\u00e4tt ... L\u00e4s mer\" \/>\n<meta property=\"og:url\" content=\"https:\/\/nosesso.net\/sv\/\" \/>\n<meta property=\"og:site_name\" content=\"No Sesso\" \/>\n<meta property=\"article:modified_time\" content=\"2022-07-05T11:55:47+00:00\" \/>\n<meta property=\"og:image\" content=\"http:\/\/nosesso.net\/wp-content\/uploads\/2022\/06\/online-hookup-sites.jpeg\" \/>\n<meta name=\"twitter:card\" content=\"summary_large_image\" \/>\n<meta name=\"twitter:label1\" content=\"Ber\u00e4knad l\u00e4stid\" \/>\n\t<meta name=\"twitter:data1\" content=\"6 minuter\" \/>\n<script type=\"application\/ld+json\" class=\"yoast-schema-graph\">{\"@context\":\"https:\/\/schema.org\",\"@graph\":[{\"@type\":\"WebSite\",\"@id\":\"https:\/\/nosesso.net\/#website\",\"url\":\"https:\/\/nosesso.net\/\",\"name\":\"No Sesso\",\"description\":\"Real Dating Reviews\",\"potentialAction\":[{\"@type\":\"SearchAction\",\"target\":{\"@type\":\"EntryPoint\",\"urlTemplate\":\"https:\/\/nosesso.net\/?s={search_term_string}\"},\"query-input\":\"required name=search_term_string\"}],\"inLanguage\":\"sv-SE\"},{\"@type\":\"ImageObject\",\"@id\":\"https:\/\/nosesso.net\/sv\/#primaryimage\",\"inLanguage\":\"sv-SE\",\"url\":\"http:\/\/nosesso.net\/wp-content\/uploads\/2022\/06\/online-hookup-sites.jpeg\",\"contentUrl\":\"http:\/\/nosesso.net\/wp-content\/uploads\/2022\/06\/online-hookup-sites.jpeg\"},{\"@type\":\"WebPage\",\"@id\":\"https:\/\/nosesso.net\/sv\/#webpage\",\"url\":\"https:\/\/nosesso.net\/sv\/\",\"name\":\"Sex Hookup Guide - No Sesso\",\"isPartOf\":{\"@id\":\"https:\/\/nosesso.net\/#website\"},\"primaryImageOfPage\":{\"@id\":\"https:\/\/nosesso.net\/sv\/#primaryimage\"},\"datePublished\":\"2022-06-23T10:41:21+00:00\",\"dateModified\":\"2022-07-05T11:55:47+00:00\",\"breadcrumb\":{\"@id\":\"https:\/\/nosesso.net\/sv\/#breadcrumb\"},\"inLanguage\":\"sv-SE\",\"potentialAction\":[{\"@type\":\"ReadAction\",\"target\":[\"https:\/\/nosesso.net\/sv\/\"]}]},{\"@type\":\"BreadcrumbList\",\"@id\":\"https:\/\/nosesso.net\/sv\/#breadcrumb\",\"itemListElement\":[{\"@type\":\"ListItem\",\"position\":1,\"name\":\"Home\",\"item\":\"https:\/\/nosesso.net\/sv\/\"},{\"@type\":\"ListItem\",\"position\":2,\"name\":\"Sex Hookup Guide\"}]}]}<\/script>\n<!-- \/ Yoast SEO plugin. -->","yoast_head_json":{"title":"Sex Hookup Guide - No Sesso","robots":{"index":"index","follow":"follow","max-snippet":"max-snippet:-1","max-image-preview":"max-image-preview:large","max-video-preview":"max-video-preview:-1"},"canonical":"https:\/\/nosesso.net\/sv\/","og_locale":"sv_SE","og_type":"article","og_title":"Sex Hookup Guide - No Sesso","og_description":"Adult Dating \u00e4r ett bra s\u00e4tt att tr\u00e4ffa nya v\u00e4nner, skapa nya kontakter och till och med hitta k\u00e4rleken. Men det \u00e4r inte alltid l\u00e4tt att komma ig\u00e5ng. Den h\u00e4r guiden hj\u00e4lper dig att l\u00e4ra dig allt du beh\u00f6ver veta om dejting f\u00f6r vuxna, inklusive: Vilka dejtingsajter f\u00f6r vuxna finns tillg\u00e4ngliga Hur man v\u00e4ljer r\u00e4tt ... L\u00e4s mer","og_url":"https:\/\/nosesso.net\/sv\/","og_site_name":"No Sesso","article_modified_time":"2022-07-05T11:55:47+00:00","og_image":[{"url":"http:\/\/nosesso.net\/wp-content\/uploads\/2022\/06\/online-hookup-sites.jpeg"}],"twitter_card":"summary_large_image","twitter_misc":{"Ber\u00e4knad l\u00e4stid":"6 minuter"},"schema":{"@context":"https:\/\/schema.org","@graph":[{"@type":"WebSite","@id":"https:\/\/nosesso.net\/#website","url":"https:\/\/nosesso.net\/","name":"No Sesso","description":"Real Dating Reviews","potentialAction":[{"@type":"SearchAction","target":{"@type":"EntryPoint","urlTemplate":"https:\/\/nosesso.net\/?s={search_term_string}"},"query-input":"required name=search_term_string"}],"inLanguage":"sv-SE"},{"@type":"ImageObject","@id":"https:\/\/nosesso.net\/sv\/#primaryimage","inLanguage":"sv-SE","url":"http:\/\/nosesso.net\/wp-content\/uploads\/2022\/06\/online-hookup-sites.jpeg","contentUrl":"http:\/\/nosesso.net\/wp-content\/uploads\/2022\/06\/online-hookup-sites.jpeg"},{"@type":"WebPage","@id":"https:\/\/nosesso.net\/sv\/#webpage","url":"https:\/\/nosesso.net\/sv\/","name":"Sex Hookup Guide - No Sesso","isPartOf":{"@id":"https:\/\/nosesso.net\/#website"},"primaryImageOfPage":{"@id":"https:\/\/nosesso.net\/sv\/#primaryimage"},"datePublished":"2022-06-23T10:41:21+00:00","dateModified":"2022-07-05T11:55:47+00:00","breadcrumb":{"@id":"https:\/\/nosesso.net\/sv\/#breadcrumb"},"inLanguage":"sv-SE","potentialAction":[{"@type":"ReadAction","target":["https:\/\/nosesso.net\/sv\/"]}]},{"@type":"BreadcrumbList","@id":"https:\/\/nosesso.net\/sv\/#breadcrumb","itemListElement":[{"@type":"ListItem","position":1,"name":"Home","item":"https:\/\/nosesso.net\/sv\/"},{"@type":"ListItem","position":2,"name":"Sex Hookup Guide"}]}]}},"_links":{"self":[{"href":"https:\/\/nosesso.net\/sv\/wp-json\/wp\/v2\/pages\/178"}],"collection":[{"href":"https:\/\/nosesso.net\/sv\/wp-json\/wp\/v2\/pages"}],"about":[{"href":"https:\/\/nosesso.net\/sv\/wp-json\/wp\/v2\/types\/page"}],"author":[{"embeddable":true,"href":"https:\/\/nosesso.net\/sv\/wp-json\/wp\/v2\/users\/1"}],"replies":[{"embeddable":true,"href":"https:\/\/nosesso.net\/sv\/wp-json\/wp\/v2\/comments?post=178"}],"version-history":[{"count":1,"href":"https:\/\/nosesso.net\/sv\/wp-json\/wp\/v2\/pages\/178\/revisions"}],"predecessor-version":[{"id":284,"href":"https:\/\/nosesso.net\/sv\/wp-json\/wp\/v2\/pages\/178\/revisions\/284"}],"wp:attachment":[{"href":"https:\/\/nosesso.net\/sv\/wp-json\/wp\/v2\/media?parent=178"}],"curies":[{"name":"wp","href":"https:\/\/api.w.org\/{rel}","templated":true}]}}